{"id":5708,"date":"2005-11-14T17:17:13","date_gmt":"2005-11-14T18:17:13","guid":{"rendered":"https:\/\/www.allgeier.com\/de\/?page_id=5708"},"modified":"2023-01-22T17:10:12","modified_gmt":"2023-01-22T17:10:12","slug":"allgeier-setzt-positive-geschaeftsentwicklung-im-3-quartal-fort","status":"publish","type":"page","link":"https:\/\/www.allgeier.com\/de\/investor-relations\/adhoc-announcements\/allgeier-setzt-positive-geschaeftsentwicklung-im-3-quartal-fort\/","title":{"rendered":"Allgeier setzt positive Gesch\u00e4ftsentwicklung im 3. Quartal fort"},"content":{"rendered":"<p><b>Allgeier Holding AG \/ Quartalsergebnis<\/b>Ad-hoc-Meldung nach \u00a7 15 WpHG \u00fcbermittelt durch die EquityStory AG.F\u00fcr den Inhalt der Mitteilung ist der Emittent verantwortlich.&#8212;&#8212;&#8212;&#8212;&#8212;&#8212;&#8212;&#8212;&#8212;&#8212;&#8212;&#8212;&#8212;&#8212;&#8212;&#8212;&#8212;&#8212;&#8212;&#8212;&#8212;&#8212;&#8212;&#8212;&#8212;M\u00fcnchen, 14. November 2005Allgeier Holding AG setzt die positive Gesch\u00e4ftsentwicklung auch im 3.Quartal fort.Die Allgeier Holding AG ist in dem 9-Monatszeitraum 2005 erheblichgewachsen und legte sowohl im Umsatz als auch im Ergebnis zu.Der Konzernumsatz lag in den ersten neun Monaten bei EUR 43,9 Mio., waseiner Steigerung von 50% gegen\u00fcber dem entsprechenden Vorjahreszeitraum(EUR 29,3 Mio.) entspricht. Das Betriebsergebnis vor Abschreibungen(EBITDA) erh\u00f6hte sich gegen\u00fcber Vorjahr (EUR 3,3 Mio.) um 28% auf EUR 4,2Mio. und das Ergebnis vor Steuern (EBT) lag bei EUR 2,3 Mio. (Vorjahr EUR1,4 Mio.). Zu dieser positiven Gesch\u00e4ftsentwicklung trug insbesondere derGesch\u00e4ftsbereich IT sowie der im September erstmalig konsolidierteGesch\u00e4ftsbereich Personaldienstleistungen bei.Kontakt:Georg D\u00fcrschmidtVorstandTel. 089-998421-0Fax  089-998421-11EquityStory AG 14.11.2005 &#8212;&#8212;&#8212;&#8212;&#8212;&#8212;&#8212;&#8212;&#8212;&#8212;&#8212;&#8212;&#8212;&#8212;&#8212;&#8212;&#8212;&#8212;&#8212;&#8212;&#8212;&#8212;&#8212;&#8212;&#8212; Sprache:      DeutschEmittent:     Allgeier Holding AG              Wehrlestrasse 12              81679 M\u00fcnchen DeutschlandTelefon:      +49 (0)89 998 421-0Fax:          +49 (0)89 998 421-11Email:        info@allgeier.comWWW:          www.allgeier-holding.comISIN:         DE0005086300WKN:          508630Indizes:      CDAXB\u00f6rsen:       Geregelter Markt in Frankfurt; Freiverkehr in Berlin-Bremen,              Hannover, D\u00fcsseldorf, Hamburg, Stuttgart Ende der Mitteilung                             EQS News-Service &#8212;&#8212;&#8212;&#8212;&#8212;&#8212;&#8212;&#8212;&#8212;&#8212;&#8212;&#8212;&#8212;&#8212;&#8212;&#8212;&#8212;&#8212;&#8212;&#8212;&#8212;&#8212;&#8212;&#8212;&#8212;<\/p>\n","protected":false},"excerpt":{"rendered":"<p>M\u00fcnchen, 14. November 2005 Allgeier Holding AG setzt die positive Gesch\u00e4ftsentwicklung auch im 3. Quartal fort. Die Allgeier Holding AG ist in dem 9-Monatszeitraum 2005 erheblich gewachsen und legte sowohl im Umsatz als auch im Ergebnis zu. Der Konzernumsatz lag in den ersten neun Monaten bei EUR<\/p>\n","protected":false},"author":4,"featured_media":0,"parent":1155,"menu_order":0,"comment_status":"close","ping_status":"closed","template":"","meta":{"_acf_changed":false,"footnotes":""},"categories":[],"tags":[],"class_list":["post-5708","page","type-page","status-publish","hentry"],"acf":[],"yoast_head":"<!-- This site is optimized with the Yoast SEO plugin v27.4 - https:\/\/yoast.com\/product\/yoast-seo-wordpress\/ -->\n<title>Allgeier setzt positive Gesch\u00e4ftsentwicklung im 3. Quartal fort - Allgeier SE<\/title>\n<meta name=\"robots\" content=\"index, follow, max-snippet:-1, max-image-preview:large, max-video-preview:-1\" \/>\n<link rel=\"canonical\" href=\"https:\/\/www.allgeier.com\/de\/investor-relations\/adhoc-announcements\/allgeier-setzt-positive-geschaeftsentwicklung-im-3-quartal-fort\/\" \/>\n<meta property=\"og:locale\" content=\"de_DE\" \/>\n<meta property=\"og:type\" content=\"article\" \/>\n<meta property=\"og:title\" content=\"Allgeier setzt positive Gesch\u00e4ftsentwicklung im 3. Quartal fort - Allgeier SE\" \/>\n<meta property=\"og:description\" content=\"M\u00fcnchen, 14. November 2005 Allgeier Holding AG setzt die positive Gesch\u00e4ftsentwicklung auch im 3. Quartal fort. Die Allgeier Holding AG ist in dem 9-Monatszeitraum 2005 erheblich gewachsen und legte sowohl im Umsatz als auch im Ergebnis zu. Der Konzernumsatz lag in den ersten neun Monaten bei EUR\" \/>\n<meta property=\"og:url\" content=\"https:\/\/www.allgeier.com\/de\/investor-relations\/adhoc-announcements\/allgeier-setzt-positive-geschaeftsentwicklung-im-3-quartal-fort\/\" \/>\n<meta property=\"og:site_name\" content=\"Allgeier SE\" \/>\n<meta property=\"article:modified_time\" content=\"2023-01-22T17:10:12+00:00\" \/>\n<meta name=\"twitter:card\" content=\"summary_large_image\" \/>\n<meta name=\"twitter:label1\" content=\"Gesch\u00e4tzte Lesezeit\" \/>\n\t<meta name=\"twitter:data1\" content=\"1\u00a0Minute\" \/>\n<script type=\"application\/ld+json\" class=\"yoast-schema-graph\">{\"@context\":\"https:\\\/\\\/schema.org\",\"@graph\":[{\"@type\":\"WebPage\",\"@id\":\"https:\\\/\\\/www.allgeier.com\\\/de\\\/investor-relations\\\/adhoc-announcements\\\/allgeier-setzt-positive-geschaeftsentwicklung-im-3-quartal-fort\\\/\",\"url\":\"https:\\\/\\\/www.allgeier.com\\\/de\\\/investor-relations\\\/adhoc-announcements\\\/allgeier-setzt-positive-geschaeftsentwicklung-im-3-quartal-fort\\\/\",\"name\":\"Allgeier setzt positive Gesch\u00e4ftsentwicklung im 3. Quartal fort - Allgeier SE\",\"isPartOf\":{\"@id\":\"https:\\\/\\\/www.allgeier.com\\\/de\\\/#website\"},\"datePublished\":\"2005-11-14T18:17:13+00:00\",\"dateModified\":\"2023-01-22T17:10:12+00:00\",\"breadcrumb\":{\"@id\":\"https:\\\/\\\/www.allgeier.com\\\/de\\\/investor-relations\\\/adhoc-announcements\\\/allgeier-setzt-positive-geschaeftsentwicklung-im-3-quartal-fort\\\/#breadcrumb\"},\"inLanguage\":\"de\",\"potentialAction\":[{\"@type\":\"ReadAction\",\"target\":[\"https:\\\/\\\/www.allgeier.com\\\/de\\\/investor-relations\\\/adhoc-announcements\\\/allgeier-setzt-positive-geschaeftsentwicklung-im-3-quartal-fort\\\/\"]}]},{\"@type\":\"BreadcrumbList\",\"@id\":\"https:\\\/\\\/www.allgeier.com\\\/de\\\/investor-relations\\\/adhoc-announcements\\\/allgeier-setzt-positive-geschaeftsentwicklung-im-3-quartal-fort\\\/#breadcrumb\",\"itemListElement\":[{\"@type\":\"ListItem\",\"position\":1,\"name\":\"Home\",\"item\":\"https:\\\/\\\/www.allgeier.com\\\/de\\\/\"},{\"@type\":\"ListItem\",\"position\":2,\"name\":\"Investor Relations\",\"item\":\"https:\\\/\\\/www.allgeier.com\\\/de\\\/investor-relations\\\/\"},{\"@type\":\"ListItem\",\"position\":3,\"name\":\"Ad hoc-Mitteilungen\",\"item\":\"https:\\\/\\\/www.allgeier.com\\\/de\\\/investor-relations\\\/adhoc-announcements\\\/\"},{\"@type\":\"ListItem\",\"position\":4,\"name\":\"Allgeier setzt positive Gesch\u00e4ftsentwicklung im 3. Quartal fort\"}]},{\"@type\":\"WebSite\",\"@id\":\"https:\\\/\\\/www.allgeier.com\\\/de\\\/#website\",\"url\":\"https:\\\/\\\/www.allgeier.com\\\/de\\\/\",\"name\":\"Allgeier SE\",\"description\":\"Software &amp; IT Services for digital transformation\",\"potentialAction\":[{\"@type\":\"SearchAction\",\"target\":{\"@type\":\"EntryPoint\",\"urlTemplate\":\"https:\\\/\\\/www.allgeier.com\\\/de\\\/?s={search_term_string}\"},\"query-input\":{\"@type\":\"PropertyValueSpecification\",\"valueRequired\":true,\"valueName\":\"search_term_string\"}}],\"inLanguage\":\"de\"}]}<\/script>\n<!-- \/ Yoast SEO plugin. -->","yoast_head_json":{"title":"Allgeier setzt positive Gesch\u00e4ftsentwicklung im 3. Quartal fort - Allgeier SE","robots":{"index":"index","follow":"follow","max-snippet":"max-snippet:-1","max-image-preview":"max-image-preview:large","max-video-preview":"max-video-preview:-1"},"canonical":"https:\/\/www.allgeier.com\/de\/investor-relations\/adhoc-announcements\/allgeier-setzt-positive-geschaeftsentwicklung-im-3-quartal-fort\/","og_locale":"de_DE","og_type":"article","og_title":"Allgeier setzt positive Gesch\u00e4ftsentwicklung im 3. Quartal fort - Allgeier SE","og_description":"M\u00fcnchen, 14. November 2005 Allgeier Holding AG setzt die positive Gesch\u00e4ftsentwicklung auch im 3. Quartal fort. Die Allgeier Holding AG ist in dem 9-Monatszeitraum 2005 erheblich gewachsen und legte sowohl im Umsatz als auch im Ergebnis zu. Der Konzernumsatz lag in den ersten neun Monaten bei EUR","og_url":"https:\/\/www.allgeier.com\/de\/investor-relations\/adhoc-announcements\/allgeier-setzt-positive-geschaeftsentwicklung-im-3-quartal-fort\/","og_site_name":"Allgeier SE","article_modified_time":"2023-01-22T17:10:12+00:00","twitter_card":"summary_large_image","twitter_misc":{"Gesch\u00e4tzte Lesezeit":"1\u00a0Minute"},"schema":{"@context":"https:\/\/schema.org","@graph":[{"@type":"WebPage","@id":"https:\/\/www.allgeier.com\/de\/investor-relations\/adhoc-announcements\/allgeier-setzt-positive-geschaeftsentwicklung-im-3-quartal-fort\/","url":"https:\/\/www.allgeier.com\/de\/investor-relations\/adhoc-announcements\/allgeier-setzt-positive-geschaeftsentwicklung-im-3-quartal-fort\/","name":"Allgeier setzt positive Gesch\u00e4ftsentwicklung im 3. Quartal fort - Allgeier SE","isPartOf":{"@id":"https:\/\/www.allgeier.com\/de\/#website"},"datePublished":"2005-11-14T18:17:13+00:00","dateModified":"2023-01-22T17:10:12+00:00","breadcrumb":{"@id":"https:\/\/www.allgeier.com\/de\/investor-relations\/adhoc-announcements\/allgeier-setzt-positive-geschaeftsentwicklung-im-3-quartal-fort\/#breadcrumb"},"inLanguage":"de","potentialAction":[{"@type":"ReadAction","target":["https:\/\/www.allgeier.com\/de\/investor-relations\/adhoc-announcements\/allgeier-setzt-positive-geschaeftsentwicklung-im-3-quartal-fort\/"]}]},{"@type":"BreadcrumbList","@id":"https:\/\/www.allgeier.com\/de\/investor-relations\/adhoc-announcements\/allgeier-setzt-positive-geschaeftsentwicklung-im-3-quartal-fort\/#breadcrumb","itemListElement":[{"@type":"ListItem","position":1,"name":"Home","item":"https:\/\/www.allgeier.com\/de\/"},{"@type":"ListItem","position":2,"name":"Investor Relations","item":"https:\/\/www.allgeier.com\/de\/investor-relations\/"},{"@type":"ListItem","position":3,"name":"Ad hoc-Mitteilungen","item":"https:\/\/www.allgeier.com\/de\/investor-relations\/adhoc-announcements\/"},{"@type":"ListItem","position":4,"name":"Allgeier setzt positive Gesch\u00e4ftsentwicklung im 3. Quartal fort"}]},{"@type":"WebSite","@id":"https:\/\/www.allgeier.com\/de\/#website","url":"https:\/\/www.allgeier.com\/de\/","name":"Allgeier SE","description":"Software &amp; IT Services for digital transformation","potentialAction":[{"@type":"SearchAction","target":{"@type":"EntryPoint","urlTemplate":"https:\/\/www.allgeier.com\/de\/?s={search_term_string}"},"query-input":{"@type":"PropertyValueSpecification","valueRequired":true,"valueName":"search_term_string"}}],"inLanguage":"de"}]}},"_links":{"self":[{"href":"https:\/\/www.allgeier.com\/de\/wp-json\/wp\/v2\/pages\/5708","targetHints":{"allow":["GET"]}}],"collection":[{"href":"https:\/\/www.allgeier.com\/de\/wp-json\/wp\/v2\/pages"}],"about":[{"href":"https:\/\/www.allgeier.com\/de\/wp-json\/wp\/v2\/types\/page"}],"author":[{"embeddable":true,"href":"https:\/\/www.allgeier.com\/de\/wp-json\/wp\/v2\/users\/4"}],"replies":[{"embeddable":true,"href":"https:\/\/www.allgeier.com\/de\/wp-json\/wp\/v2\/comments?post=5708"}],"version-history":[{"count":1,"href":"https:\/\/www.allgeier.com\/de\/wp-json\/wp\/v2\/pages\/5708\/revisions"}],"predecessor-version":[{"id":5709,"href":"https:\/\/www.allgeier.com\/de\/wp-json\/wp\/v2\/pages\/5708\/revisions\/5709"}],"up":[{"embeddable":true,"href":"https:\/\/www.allgeier.com\/de\/wp-json\/wp\/v2\/pages\/1155"}],"wp:attachment":[{"href":"https:\/\/www.allgeier.com\/de\/wp-json\/wp\/v2\/media?parent=5708"}],"wp:term":[{"taxonomy":"category","embeddable":true,"href":"https:\/\/www.allgeier.com\/de\/wp-json\/wp\/v2\/categories?post=5708"},{"taxonomy":"post_tag","embeddable":true,"href":"https:\/\/www.allgeier.com\/de\/wp-json\/wp\/v2\/tags?post=5708"}],"curies":[{"name":"wp","href":"https:\/\/api.w.org\/{rel}","templated":true}]}}