{"id":5710,"date":"2005-10-13T10:05:46","date_gmt":"2005-10-13T10:05:46","guid":{"rendered":"https:\/\/www.allgeier.com\/de\/?page_id=5710"},"modified":"2023-01-22T17:10:13","modified_gmt":"2023-01-22T17:10:13","slug":"teilnahme-am-finanzierungsprogramm-preps-2005-2","status":"publish","type":"page","link":"https:\/\/www.allgeier.com\/de\/investor-relations\/adhoc-announcements\/teilnahme-am-finanzierungsprogramm-preps-2005-2\/","title":{"rendered":"Teilnahme am Finanzierungsprogramm PREPS 2005\u20132"},"content":{"rendered":"<p><b>Allgeier Holding AG \/ Diverses<\/b>Ad-hoc-Meldung nach \u00a7 15 WpHG \u00fcbermittelt durch die EquityStory AG.F\u00fcr den Inhalt der Mitteilung ist der Emittent verantwortlich.&#8212;&#8212;&#8212;&#8212;&#8212;&#8212;&#8212;&#8212;&#8212;&#8212;&#8212;&#8212;&#8212;&#8212;&#8212;&#8212;&#8212;&#8212;&#8212;&#8212;&#8212;&#8212;&#8212;&#8212;&#8212;Teilnahme am Finanzierungsprogramm f\u00fcr mittelst\u00e4ndische Unternehmen PREPS2005\u20132Vor dem Hintergrund des weiteren Unternehmenswachstums beabsichtigtAllgeier Holding AG wie bereits im Jahr 2004 an dem im Jahr 2005 neuaufgelegten Finanzierungsprogramm f\u00fcr mittelst\u00e4ndische Unternehmen PREPS2005\u20132 teilzunehmen und hat eine entsprechende Mandatsvereinbarung mit denInitiatoren des Finanzierungsprogramms unterzeichnet. DieMandatsvereinbarung enth\u00e4lt zun\u00e4chst das Angebot zum Abschluss einerVereinbarung \u00fcber ein Nachrangdarlehen in H\u00f6he von EUR 6,0 Mio. NachErteilung einer entsprechenden Erm\u00e4chtigung durch die Hauptversammlung derAllgeier Holding AG kann das Nachrangdarlehen in Genussrechte der AllgeierHolding AG gewandelt werden. Die Teilnahme an dem Finanzierungsprogrammsteht unter dem Vorbehalt des Zustandekommens des gesamtenFinanzierungsprogramms PREPS 2005\u20132.Kontakt:Georg D\u00fcrschmidtVorstandTel. 089-998421-0Fax  089-998421-11EquityStory AG 13.10.2005 &#8212;&#8212;&#8212;&#8212;&#8212;&#8212;&#8212;&#8212;&#8212;&#8212;&#8212;&#8212;&#8212;&#8212;&#8212;&#8212;&#8212;&#8212;&#8212;&#8212;&#8212;&#8212;&#8212;&#8212;&#8212; Sprache:      DeutschEmittent:     Allgeier Holding AG              Wehrlestrasse 12              81679 M\u00fcnchen DeutschlandTelefon:      +49 (0)89 998 421-0Fax:          +49 (0)89 998 421-11Email:        info@allgeier.comWWW:          www.allgeier-holding.comISIN:         DE0005086300WKN:          508630Indizes:      CDAXB\u00f6rsen:       Geregelter Markt in Frankfurt; Freiverkehr in Berlin-Bremen,              Hannover, D\u00fcsseldorf, Hamburg, Stuttgart Ende der Mitteilung                             EQS News-Service &#8212;&#8212;&#8212;&#8212;&#8212;&#8212;&#8212;&#8212;&#8212;&#8212;&#8212;&#8212;&#8212;&#8212;&#8212;&#8212;&#8212;&#8212;&#8212;&#8212;&#8212;&#8212;&#8212;&#8212;&#8212;<\/p>\n","protected":false},"excerpt":{"rendered":"<p>Teilnahme am Finanzierungsprogramm f\u00fcr mittelst\u00e4ndische Unternehmen PREPS 2005\u20132 Vor dem Hintergrund des weiteren Unternehmenswachstums beabsichtigt Allgeier Holding AG wie bereits im Jahr 2004 an dem im Jahr 2005 neu aufgelegten Finanzierungsprogramm f\u00fcr mittelst\u00e4ndische Unternehmen PREPS 2005\u20132 teilzunehmen<\/p>\n","protected":false},"author":4,"featured_media":0,"parent":1155,"menu_order":0,"comment_status":"close","ping_status":"closed","template":"","meta":{"_acf_changed":false,"footnotes":""},"categories":[],"tags":[],"class_list":["post-5710","page","type-page","status-publish","hentry"],"acf":[],"yoast_head":"<!-- This site is optimized with the Yoast SEO plugin v27.4 - https:\/\/yoast.com\/product\/yoast-seo-wordpress\/ -->\n<title>Teilnahme am Finanzierungsprogramm PREPS 2005\u20132 - Allgeier SE<\/title>\n<meta name=\"robots\" content=\"index, follow, max-snippet:-1, max-image-preview:large, max-video-preview:-1\" \/>\n<link rel=\"canonical\" href=\"https:\/\/www.allgeier.com\/de\/investor-relations\/adhoc-announcements\/teilnahme-am-finanzierungsprogramm-preps-2005-2\/\" \/>\n<meta property=\"og:locale\" content=\"de_DE\" \/>\n<meta property=\"og:type\" content=\"article\" \/>\n<meta property=\"og:title\" content=\"Teilnahme am Finanzierungsprogramm PREPS 2005\u20132 - Allgeier SE\" \/>\n<meta property=\"og:description\" content=\"Teilnahme am Finanzierungsprogramm f\u00fcr mittelst\u00e4ndische Unternehmen PREPS 2005\u20132 Vor dem Hintergrund des weiteren Unternehmenswachstums beabsichtigt Allgeier Holding AG wie bereits im Jahr 2004 an dem im Jahr 2005 neu aufgelegten Finanzierungsprogramm f\u00fcr mittelst\u00e4ndische Unternehmen PREPS 2005\u20132 teilzunehmen\" \/>\n<meta property=\"og:url\" content=\"https:\/\/www.allgeier.com\/de\/investor-relations\/adhoc-announcements\/teilnahme-am-finanzierungsprogramm-preps-2005-2\/\" \/>\n<meta property=\"og:site_name\" content=\"Allgeier SE\" \/>\n<meta property=\"article:modified_time\" content=\"2023-01-22T17:10:13+00:00\" \/>\n<meta name=\"twitter:card\" content=\"summary_large_image\" \/>\n<meta name=\"twitter:label1\" content=\"Gesch\u00e4tzte Lesezeit\" \/>\n\t<meta name=\"twitter:data1\" content=\"1\u00a0Minute\" \/>\n<script type=\"application\/ld+json\" class=\"yoast-schema-graph\">{\"@context\":\"https:\\\/\\\/schema.org\",\"@graph\":[{\"@type\":\"WebPage\",\"@id\":\"https:\\\/\\\/www.allgeier.com\\\/de\\\/investor-relations\\\/adhoc-announcements\\\/teilnahme-am-finanzierungsprogramm-preps-2005-2\\\/\",\"url\":\"https:\\\/\\\/www.allgeier.com\\\/de\\\/investor-relations\\\/adhoc-announcements\\\/teilnahme-am-finanzierungsprogramm-preps-2005-2\\\/\",\"name\":\"Teilnahme am Finanzierungsprogramm PREPS 2005\u20132 - Allgeier SE\",\"isPartOf\":{\"@id\":\"https:\\\/\\\/www.allgeier.com\\\/de\\\/#website\"},\"datePublished\":\"2005-10-13T10:05:46+00:00\",\"dateModified\":\"2023-01-22T17:10:13+00:00\",\"breadcrumb\":{\"@id\":\"https:\\\/\\\/www.allgeier.com\\\/de\\\/investor-relations\\\/adhoc-announcements\\\/teilnahme-am-finanzierungsprogramm-preps-2005-2\\\/#breadcrumb\"},\"inLanguage\":\"de\",\"potentialAction\":[{\"@type\":\"ReadAction\",\"target\":[\"https:\\\/\\\/www.allgeier.com\\\/de\\\/investor-relations\\\/adhoc-announcements\\\/teilnahme-am-finanzierungsprogramm-preps-2005-2\\\/\"]}]},{\"@type\":\"BreadcrumbList\",\"@id\":\"https:\\\/\\\/www.allgeier.com\\\/de\\\/investor-relations\\\/adhoc-announcements\\\/teilnahme-am-finanzierungsprogramm-preps-2005-2\\\/#breadcrumb\",\"itemListElement\":[{\"@type\":\"ListItem\",\"position\":1,\"name\":\"Home\",\"item\":\"https:\\\/\\\/www.allgeier.com\\\/de\\\/\"},{\"@type\":\"ListItem\",\"position\":2,\"name\":\"Investor Relations\",\"item\":\"https:\\\/\\\/www.allgeier.com\\\/de\\\/investor-relations\\\/\"},{\"@type\":\"ListItem\",\"position\":3,\"name\":\"Ad hoc-Mitteilungen\",\"item\":\"https:\\\/\\\/www.allgeier.com\\\/de\\\/investor-relations\\\/adhoc-announcements\\\/\"},{\"@type\":\"ListItem\",\"position\":4,\"name\":\"Teilnahme am Finanzierungsprogramm PREPS 2005\u20132\"}]},{\"@type\":\"WebSite\",\"@id\":\"https:\\\/\\\/www.allgeier.com\\\/de\\\/#website\",\"url\":\"https:\\\/\\\/www.allgeier.com\\\/de\\\/\",\"name\":\"Allgeier SE\",\"description\":\"Software &amp; IT Services for digital transformation\",\"potentialAction\":[{\"@type\":\"SearchAction\",\"target\":{\"@type\":\"EntryPoint\",\"urlTemplate\":\"https:\\\/\\\/www.allgeier.com\\\/de\\\/?s={search_term_string}\"},\"query-input\":{\"@type\":\"PropertyValueSpecification\",\"valueRequired\":true,\"valueName\":\"search_term_string\"}}],\"inLanguage\":\"de\"}]}<\/script>\n<!-- \/ Yoast SEO plugin. -->","yoast_head_json":{"title":"Teilnahme am Finanzierungsprogramm PREPS 2005\u20132 - Allgeier SE","robots":{"index":"index","follow":"follow","max-snippet":"max-snippet:-1","max-image-preview":"max-image-preview:large","max-video-preview":"max-video-preview:-1"},"canonical":"https:\/\/www.allgeier.com\/de\/investor-relations\/adhoc-announcements\/teilnahme-am-finanzierungsprogramm-preps-2005-2\/","og_locale":"de_DE","og_type":"article","og_title":"Teilnahme am Finanzierungsprogramm PREPS 2005\u20132 - Allgeier SE","og_description":"Teilnahme am Finanzierungsprogramm f\u00fcr mittelst\u00e4ndische Unternehmen PREPS 2005\u20132 Vor dem Hintergrund des weiteren Unternehmenswachstums beabsichtigt Allgeier Holding AG wie bereits im Jahr 2004 an dem im Jahr 2005 neu aufgelegten Finanzierungsprogramm f\u00fcr mittelst\u00e4ndische Unternehmen PREPS 2005\u20132 teilzunehmen","og_url":"https:\/\/www.allgeier.com\/de\/investor-relations\/adhoc-announcements\/teilnahme-am-finanzierungsprogramm-preps-2005-2\/","og_site_name":"Allgeier SE","article_modified_time":"2023-01-22T17:10:13+00:00","twitter_card":"summary_large_image","twitter_misc":{"Gesch\u00e4tzte Lesezeit":"1\u00a0Minute"},"schema":{"@context":"https:\/\/schema.org","@graph":[{"@type":"WebPage","@id":"https:\/\/www.allgeier.com\/de\/investor-relations\/adhoc-announcements\/teilnahme-am-finanzierungsprogramm-preps-2005-2\/","url":"https:\/\/www.allgeier.com\/de\/investor-relations\/adhoc-announcements\/teilnahme-am-finanzierungsprogramm-preps-2005-2\/","name":"Teilnahme am Finanzierungsprogramm PREPS 2005\u20132 - Allgeier SE","isPartOf":{"@id":"https:\/\/www.allgeier.com\/de\/#website"},"datePublished":"2005-10-13T10:05:46+00:00","dateModified":"2023-01-22T17:10:13+00:00","breadcrumb":{"@id":"https:\/\/www.allgeier.com\/de\/investor-relations\/adhoc-announcements\/teilnahme-am-finanzierungsprogramm-preps-2005-2\/#breadcrumb"},"inLanguage":"de","potentialAction":[{"@type":"ReadAction","target":["https:\/\/www.allgeier.com\/de\/investor-relations\/adhoc-announcements\/teilnahme-am-finanzierungsprogramm-preps-2005-2\/"]}]},{"@type":"BreadcrumbList","@id":"https:\/\/www.allgeier.com\/de\/investor-relations\/adhoc-announcements\/teilnahme-am-finanzierungsprogramm-preps-2005-2\/#breadcrumb","itemListElement":[{"@type":"ListItem","position":1,"name":"Home","item":"https:\/\/www.allgeier.com\/de\/"},{"@type":"ListItem","position":2,"name":"Investor Relations","item":"https:\/\/www.allgeier.com\/de\/investor-relations\/"},{"@type":"ListItem","position":3,"name":"Ad hoc-Mitteilungen","item":"https:\/\/www.allgeier.com\/de\/investor-relations\/adhoc-announcements\/"},{"@type":"ListItem","position":4,"name":"Teilnahme am Finanzierungsprogramm PREPS 2005\u20132"}]},{"@type":"WebSite","@id":"https:\/\/www.allgeier.com\/de\/#website","url":"https:\/\/www.allgeier.com\/de\/","name":"Allgeier SE","description":"Software &amp; IT Services for digital transformation","potentialAction":[{"@type":"SearchAction","target":{"@type":"EntryPoint","urlTemplate":"https:\/\/www.allgeier.com\/de\/?s={search_term_string}"},"query-input":{"@type":"PropertyValueSpecification","valueRequired":true,"valueName":"search_term_string"}}],"inLanguage":"de"}]}},"_links":{"self":[{"href":"https:\/\/www.allgeier.com\/de\/wp-json\/wp\/v2\/pages\/5710","targetHints":{"allow":["GET"]}}],"collection":[{"href":"https:\/\/www.allgeier.com\/de\/wp-json\/wp\/v2\/pages"}],"about":[{"href":"https:\/\/www.allgeier.com\/de\/wp-json\/wp\/v2\/types\/page"}],"author":[{"embeddable":true,"href":"https:\/\/www.allgeier.com\/de\/wp-json\/wp\/v2\/users\/4"}],"replies":[{"embeddable":true,"href":"https:\/\/www.allgeier.com\/de\/wp-json\/wp\/v2\/comments?post=5710"}],"version-history":[{"count":1,"href":"https:\/\/www.allgeier.com\/de\/wp-json\/wp\/v2\/pages\/5710\/revisions"}],"predecessor-version":[{"id":5711,"href":"https:\/\/www.allgeier.com\/de\/wp-json\/wp\/v2\/pages\/5710\/revisions\/5711"}],"up":[{"embeddable":true,"href":"https:\/\/www.allgeier.com\/de\/wp-json\/wp\/v2\/pages\/1155"}],"wp:attachment":[{"href":"https:\/\/www.allgeier.com\/de\/wp-json\/wp\/v2\/media?parent=5710"}],"wp:term":[{"taxonomy":"category","embeddable":true,"href":"https:\/\/www.allgeier.com\/de\/wp-json\/wp\/v2\/categories?post=5710"},{"taxonomy":"post_tag","embeddable":true,"href":"https:\/\/www.allgeier.com\/de\/wp-json\/wp\/v2\/tags?post=5710"}],"curies":[{"name":"wp","href":"https:\/\/api.w.org\/{rel}","templated":true}]}}