{"id":5714,"date":"2005-09-08T17:21:23","date_gmt":"2005-09-08T17:21:23","guid":{"rendered":"https:\/\/www.allgeier.com\/de\/?page_id=5714"},"modified":"2023-01-22T17:10:13","modified_gmt":"2023-01-22T17:10:13","slug":"allgeier-baut-dienstleistungsgeschaeft-aus","status":"publish","type":"page","link":"https:\/\/www.allgeier.com\/de\/investor-relations\/adhoc-announcements\/allgeier-baut-dienstleistungsgeschaeft-aus\/","title":{"rendered":"Allgeier baut Dienstleistungsgesch\u00e4ft aus"},"content":{"rendered":"<p><b>Allgeier Holding AG \/ Firmen\u00fcbernahme<\/b>Ad-hoc-Meldung nach \u00a7 15 WpHG \u00fcbermittelt durch die EquityStory AG.F\u00fcr den Inhalt der Mitteilung ist der Emittent verantwortlich.&#8212;&#8212;&#8212;&#8212;&#8212;&#8212;&#8212;&#8212;&#8212;&#8212;&#8212;&#8212;&#8212;&#8212;&#8212;&#8212;&#8212;&#8212;&#8212;&#8212;&#8212;&#8212;&#8212;&#8212;&#8212;Allgeier baut Dienstleistungsgesch\u00e4ft aus Umsatz und Ergebnis werden deutlich gesteigertM\u00fcnchen, 8. September 2005. Die Allgeier Gruppe hat sich am heutigen Tagmit den Gesellschaftern der Unternehmensgruppen MR Wirtschaftsberatung mitSitz in Mannheim, den Herren Michael Restefaniuk und Roland Brohm, sowieder Interim-Plan Gruppe ebenfalls mit Sitz in Mannheim, Herrn Roland Brohm,\u00fcber den Erwerb dieser Unternehmensgruppen geeinigt und wird entsprechendeVertr\u00e4ge zur Durchf\u00fchrung der Transaktion abschlie\u00dfen. Im Rahmen derTransaktion wird Allgeier DL GmbH, ein Unternehmen der Allgeier Gruppe,s\u00e4mtliche Gesch\u00e4ftsanteile der MR Wirtschaftsberatung GmbH Holding,Mannheim und der Interim-Plan Holding GmbH, Mannheim erwerben. Herr RolandBrohm wird sich im Zuge der Transaktion in H\u00f6he von 10 % an der Allgeier DLGmbH beteiligen und s\u00e4mtliche Unternehmen der erworbenenUnternehmensgruppen k\u00fcnftig als Gesch\u00e4ftsf\u00fchrer f\u00fchren.Die Unternehmensgruppen MR und Interim-Plan erbringen mit ca. 1.500Mitarbeitern hochwertige Personaldienstleistungen. Im Gesch\u00e4ftsjahr 2004haben die beiden Unternehmensgruppen MR und Interim-Plan insgesamt einenUmsatz von ca. EUR 40 Mio. erzielt.Allgeier legt mit dieser Akquisition die Basis f\u00fcr die weitere Entwicklungdes Sektors Dienstleistungen \u00fcber den Bereich IT-Dienstleistungen hinaus.Insgesamt wird mit dem neuen Gesch\u00e4ftsbereich Personaldienstleistungen einKonzernumsatz von \u00fcber EUR 100 Mio. bei ebenfalls deutlicherErtragssteigerung gerechnet.Allgeier Holding AG Der VorstandKontakt:Christian EggenbergerVorstandTel. 089-998421-0Fax  089-998421-11EquityStory AG 08.09.2005 &#8212;&#8212;&#8212;&#8212;&#8212;&#8212;&#8212;&#8212;&#8212;&#8212;&#8212;&#8212;&#8212;&#8212;&#8212;&#8212;&#8212;&#8212;&#8212;&#8212;&#8212;&#8212;&#8212;&#8212;&#8212; Sprache:      DeutschEmittent:     Allgeier Holding AG              Wehrlestrasse 12              81679 M\u00fcnchen DeutschlandTelefon:      +49 (0)89 998 421-0Fax:          +49 (0)89 998 421-11Email:        info@allgeier.comWWW:          www.allgeier-holding.comISIN:         DE0005086300WKN:          508630Indizes:      CDAXB\u00f6rsen:       Geregelter Markt in Frankfurt; Freiverkehr in Berlin-Bremen,              Hannover, Hamburg, D\u00fcsseldorf, Stuttgart Ende der Mitteilung                             EQS News-Service &#8212;&#8212;&#8212;&#8212;&#8212;&#8212;&#8212;&#8212;&#8212;&#8212;&#8212;&#8212;&#8212;&#8212;&#8212;&#8212;&#8212;&#8212;&#8212;&#8212;&#8212;&#8212;&#8212;&#8212;&#8212;<\/p>\n","protected":false},"excerpt":{"rendered":"<p>Allgeier baut Dienstleistungsgesch\u00e4ft aus Umsatz und Ergebnis werden deutlich gesteigert  M\u00fcnchen, 8. September 2005. Die Allgeier Gruppe hat sich am heutigen Tag mit den Gesellschaftern der Unternehmensgruppen MR Wirtschaftsberatung mit Sitz in Mannheim, den Herren Michael Restefaniuk und Roland Brohm,<\/p>\n","protected":false},"author":4,"featured_media":0,"parent":1155,"menu_order":0,"comment_status":"close","ping_status":"closed","template":"","meta":{"_acf_changed":false,"footnotes":""},"categories":[],"tags":[],"class_list":["post-5714","page","type-page","status-publish","hentry"],"acf":[],"yoast_head":"<!-- This site is optimized with the Yoast SEO plugin v27.4 - https:\/\/yoast.com\/product\/yoast-seo-wordpress\/ -->\n<title>Allgeier baut Dienstleistungsgesch\u00e4ft aus - Allgeier SE<\/title>\n<meta name=\"robots\" content=\"index, follow, max-snippet:-1, max-image-preview:large, max-video-preview:-1\" \/>\n<link rel=\"canonical\" href=\"https:\/\/www.allgeier.com\/de\/investor-relations\/adhoc-announcements\/allgeier-baut-dienstleistungsgeschaeft-aus\/\" \/>\n<meta property=\"og:locale\" content=\"de_DE\" \/>\n<meta property=\"og:type\" content=\"article\" \/>\n<meta property=\"og:title\" content=\"Allgeier baut Dienstleistungsgesch\u00e4ft aus - Allgeier SE\" \/>\n<meta property=\"og:description\" content=\"Allgeier baut Dienstleistungsgesch\u00e4ft aus Umsatz und Ergebnis werden deutlich gesteigert M\u00fcnchen, 8. September 2005. Die Allgeier Gruppe hat sich am heutigen Tag mit den Gesellschaftern der Unternehmensgruppen MR Wirtschaftsberatung mit Sitz in Mannheim, den Herren Michael Restefaniuk und Roland Brohm,\" \/>\n<meta property=\"og:url\" content=\"https:\/\/www.allgeier.com\/de\/investor-relations\/adhoc-announcements\/allgeier-baut-dienstleistungsgeschaeft-aus\/\" \/>\n<meta property=\"og:site_name\" content=\"Allgeier SE\" \/>\n<meta property=\"article:modified_time\" content=\"2023-01-22T17:10:13+00:00\" \/>\n<meta name=\"twitter:card\" content=\"summary_large_image\" \/>\n<meta name=\"twitter:label1\" content=\"Gesch\u00e4tzte Lesezeit\" \/>\n\t<meta name=\"twitter:data1\" content=\"1\u00a0Minute\" \/>\n<script type=\"application\/ld+json\" class=\"yoast-schema-graph\">{\"@context\":\"https:\\\/\\\/schema.org\",\"@graph\":[{\"@type\":\"WebPage\",\"@id\":\"https:\\\/\\\/www.allgeier.com\\\/de\\\/investor-relations\\\/adhoc-announcements\\\/allgeier-baut-dienstleistungsgeschaeft-aus\\\/\",\"url\":\"https:\\\/\\\/www.allgeier.com\\\/de\\\/investor-relations\\\/adhoc-announcements\\\/allgeier-baut-dienstleistungsgeschaeft-aus\\\/\",\"name\":\"Allgeier baut Dienstleistungsgesch\u00e4ft aus - Allgeier SE\",\"isPartOf\":{\"@id\":\"https:\\\/\\\/www.allgeier.com\\\/de\\\/#website\"},\"datePublished\":\"2005-09-08T17:21:23+00:00\",\"dateModified\":\"2023-01-22T17:10:13+00:00\",\"breadcrumb\":{\"@id\":\"https:\\\/\\\/www.allgeier.com\\\/de\\\/investor-relations\\\/adhoc-announcements\\\/allgeier-baut-dienstleistungsgeschaeft-aus\\\/#breadcrumb\"},\"inLanguage\":\"de\",\"potentialAction\":[{\"@type\":\"ReadAction\",\"target\":[\"https:\\\/\\\/www.allgeier.com\\\/de\\\/investor-relations\\\/adhoc-announcements\\\/allgeier-baut-dienstleistungsgeschaeft-aus\\\/\"]}]},{\"@type\":\"BreadcrumbList\",\"@id\":\"https:\\\/\\\/www.allgeier.com\\\/de\\\/investor-relations\\\/adhoc-announcements\\\/allgeier-baut-dienstleistungsgeschaeft-aus\\\/#breadcrumb\",\"itemListElement\":[{\"@type\":\"ListItem\",\"position\":1,\"name\":\"Home\",\"item\":\"https:\\\/\\\/www.allgeier.com\\\/de\\\/\"},{\"@type\":\"ListItem\",\"position\":2,\"name\":\"Investor Relations\",\"item\":\"https:\\\/\\\/www.allgeier.com\\\/de\\\/investor-relations\\\/\"},{\"@type\":\"ListItem\",\"position\":3,\"name\":\"Ad hoc-Mitteilungen\",\"item\":\"https:\\\/\\\/www.allgeier.com\\\/de\\\/investor-relations\\\/adhoc-announcements\\\/\"},{\"@type\":\"ListItem\",\"position\":4,\"name\":\"Allgeier baut Dienstleistungsgesch\u00e4ft aus\"}]},{\"@type\":\"WebSite\",\"@id\":\"https:\\\/\\\/www.allgeier.com\\\/de\\\/#website\",\"url\":\"https:\\\/\\\/www.allgeier.com\\\/de\\\/\",\"name\":\"Allgeier SE\",\"description\":\"Software &amp; IT Services for digital transformation\",\"potentialAction\":[{\"@type\":\"SearchAction\",\"target\":{\"@type\":\"EntryPoint\",\"urlTemplate\":\"https:\\\/\\\/www.allgeier.com\\\/de\\\/?s={search_term_string}\"},\"query-input\":{\"@type\":\"PropertyValueSpecification\",\"valueRequired\":true,\"valueName\":\"search_term_string\"}}],\"inLanguage\":\"de\"}]}<\/script>\n<!-- \/ Yoast SEO plugin. -->","yoast_head_json":{"title":"Allgeier baut Dienstleistungsgesch\u00e4ft aus - Allgeier SE","robots":{"index":"index","follow":"follow","max-snippet":"max-snippet:-1","max-image-preview":"max-image-preview:large","max-video-preview":"max-video-preview:-1"},"canonical":"https:\/\/www.allgeier.com\/de\/investor-relations\/adhoc-announcements\/allgeier-baut-dienstleistungsgeschaeft-aus\/","og_locale":"de_DE","og_type":"article","og_title":"Allgeier baut Dienstleistungsgesch\u00e4ft aus - Allgeier SE","og_description":"Allgeier baut Dienstleistungsgesch\u00e4ft aus Umsatz und Ergebnis werden deutlich gesteigert M\u00fcnchen, 8. September 2005. Die Allgeier Gruppe hat sich am heutigen Tag mit den Gesellschaftern der Unternehmensgruppen MR Wirtschaftsberatung mit Sitz in Mannheim, den Herren Michael Restefaniuk und Roland Brohm,","og_url":"https:\/\/www.allgeier.com\/de\/investor-relations\/adhoc-announcements\/allgeier-baut-dienstleistungsgeschaeft-aus\/","og_site_name":"Allgeier SE","article_modified_time":"2023-01-22T17:10:13+00:00","twitter_card":"summary_large_image","twitter_misc":{"Gesch\u00e4tzte Lesezeit":"1\u00a0Minute"},"schema":{"@context":"https:\/\/schema.org","@graph":[{"@type":"WebPage","@id":"https:\/\/www.allgeier.com\/de\/investor-relations\/adhoc-announcements\/allgeier-baut-dienstleistungsgeschaeft-aus\/","url":"https:\/\/www.allgeier.com\/de\/investor-relations\/adhoc-announcements\/allgeier-baut-dienstleistungsgeschaeft-aus\/","name":"Allgeier baut Dienstleistungsgesch\u00e4ft aus - Allgeier SE","isPartOf":{"@id":"https:\/\/www.allgeier.com\/de\/#website"},"datePublished":"2005-09-08T17:21:23+00:00","dateModified":"2023-01-22T17:10:13+00:00","breadcrumb":{"@id":"https:\/\/www.allgeier.com\/de\/investor-relations\/adhoc-announcements\/allgeier-baut-dienstleistungsgeschaeft-aus\/#breadcrumb"},"inLanguage":"de","potentialAction":[{"@type":"ReadAction","target":["https:\/\/www.allgeier.com\/de\/investor-relations\/adhoc-announcements\/allgeier-baut-dienstleistungsgeschaeft-aus\/"]}]},{"@type":"BreadcrumbList","@id":"https:\/\/www.allgeier.com\/de\/investor-relations\/adhoc-announcements\/allgeier-baut-dienstleistungsgeschaeft-aus\/#breadcrumb","itemListElement":[{"@type":"ListItem","position":1,"name":"Home","item":"https:\/\/www.allgeier.com\/de\/"},{"@type":"ListItem","position":2,"name":"Investor Relations","item":"https:\/\/www.allgeier.com\/de\/investor-relations\/"},{"@type":"ListItem","position":3,"name":"Ad hoc-Mitteilungen","item":"https:\/\/www.allgeier.com\/de\/investor-relations\/adhoc-announcements\/"},{"@type":"ListItem","position":4,"name":"Allgeier baut Dienstleistungsgesch\u00e4ft aus"}]},{"@type":"WebSite","@id":"https:\/\/www.allgeier.com\/de\/#website","url":"https:\/\/www.allgeier.com\/de\/","name":"Allgeier SE","description":"Software &amp; IT Services for digital transformation","potentialAction":[{"@type":"SearchAction","target":{"@type":"EntryPoint","urlTemplate":"https:\/\/www.allgeier.com\/de\/?s={search_term_string}"},"query-input":{"@type":"PropertyValueSpecification","valueRequired":true,"valueName":"search_term_string"}}],"inLanguage":"de"}]}},"_links":{"self":[{"href":"https:\/\/www.allgeier.com\/de\/wp-json\/wp\/v2\/pages\/5714","targetHints":{"allow":["GET"]}}],"collection":[{"href":"https:\/\/www.allgeier.com\/de\/wp-json\/wp\/v2\/pages"}],"about":[{"href":"https:\/\/www.allgeier.com\/de\/wp-json\/wp\/v2\/types\/page"}],"author":[{"embeddable":true,"href":"https:\/\/www.allgeier.com\/de\/wp-json\/wp\/v2\/users\/4"}],"replies":[{"embeddable":true,"href":"https:\/\/www.allgeier.com\/de\/wp-json\/wp\/v2\/comments?post=5714"}],"version-history":[{"count":1,"href":"https:\/\/www.allgeier.com\/de\/wp-json\/wp\/v2\/pages\/5714\/revisions"}],"predecessor-version":[{"id":5715,"href":"https:\/\/www.allgeier.com\/de\/wp-json\/wp\/v2\/pages\/5714\/revisions\/5715"}],"up":[{"embeddable":true,"href":"https:\/\/www.allgeier.com\/de\/wp-json\/wp\/v2\/pages\/1155"}],"wp:attachment":[{"href":"https:\/\/www.allgeier.com\/de\/wp-json\/wp\/v2\/media?parent=5714"}],"wp:term":[{"taxonomy":"category","embeddable":true,"href":"https:\/\/www.allgeier.com\/de\/wp-json\/wp\/v2\/categories?post=5714"},{"taxonomy":"post_tag","embeddable":true,"href":"https:\/\/www.allgeier.com\/de\/wp-json\/wp\/v2\/tags?post=5714"}],"curies":[{"name":"wp","href":"https:\/\/api.w.org\/{rel}","templated":true}]}}