{"id":5718,"date":"2005-08-02T10:31:15","date_gmt":"2005-08-02T10:31:15","guid":{"rendered":"https:\/\/www.allgeier.com\/de\/?page_id=5718"},"modified":"2023-01-22T17:10:13","modified_gmt":"2023-01-22T17:10:13","slug":"aktienrueckkauf","status":"publish","type":"page","link":"https:\/\/www.allgeier.com\/de\/investor-relations\/adhoc-announcements\/aktienrueckkauf\/","title":{"rendered":"Aktienr\u00fcckkauf"},"content":{"rendered":"<p><b>Allgeier Holding AG \/ Transaktion eigene Aktien<\/b>Ad-hoc-Meldung nach \u00a7 15 WpHG \u00fcbermittelt durch die EquityStory AG.F\u00fcr den Inhalt der Mitteilung ist der Emittent verantwortlich.&#8212;&#8212;&#8212;&#8212;&#8212;&#8212;&#8212;&#8212;&#8212;&#8212;&#8212;&#8212;&#8212;&#8212;&#8212;&#8212;&#8212;&#8212;&#8212;&#8212;&#8212;&#8212;&#8212;&#8212;&#8212;Mitteilung gem. \u00a7 15 WpHGAllgeier Holding AG (WKN 508 630)Vorstand der Allgeier Holding AG beabsichtigt Erwerb eigener AktienM\u00fcnchen, 02.08.2005. Der Vorstand der Allgeier Holding AG hat beschlossen,von der Erm\u00e4chtigung der Hauptversammlung vom 21. Juni 2005 zum Erwerbeigener Aktien der Gesellschaft gem\u00e4\u00df \u00a7 71 Abs. 1 Nr.8 AktG Gebrauch zumachen. Die Erm\u00e4chtigung ist auf den Zeitraum bis zum 20. Dezember 2006 undauf einen Umfang bis zu 10% des Grundkapitals beschr\u00e4nkt. Der Beschluss desVorstands sieht vor in dem von der Erm\u00e4chtigung vorgegebenen Rahmenentsprechend den Marktgegebenheiten einmalig oder mehrmalig eigene Aktiender Gesellschaft zu erwerben. Die eigenen Aktien sollen der Gesellschaftinsbesondere zur teilweisen Finanzierung weiterer Akquisitionen dienen.Kontakt:Georg D\u00fcrschmidtVorstandTel. 089-998421-0Fax  089-998421-11info@allgeier-holding.deEquityStory AG 02.08.2005 &#8212;&#8212;&#8212;&#8212;&#8212;&#8212;&#8212;&#8212;&#8212;&#8212;&#8212;&#8212;&#8212;&#8212;&#8212;&#8212;&#8212;&#8212;&#8212;&#8212;&#8212;&#8212;&#8212;&#8212;&#8212; Sprache:      DeutschEmittent:     Allgeier Holding AG              Wehrlestrasse 12              81679 M\u00fcnchen DeutschlandTelefon:      +49 (0)89 998 421-0Fax:          +49 (0)89 998 421-11Email:        info@allgeier.comWWW:          www.allgeier-holding.comISIN:         DE0005086300WKN:          508630Indizes:      CDAXB\u00f6rsen:       Geregelter Markt in Frankfurt; Freiverkehr in Berlin-Bremen,              Hannover, Hamburg, D\u00fcsseldorf, Stuttgart Ende der Mitteilung                             EQS News-Service &#8212;&#8212;&#8212;&#8212;&#8212;&#8212;&#8212;&#8212;&#8212;&#8212;&#8212;&#8212;&#8212;&#8212;&#8212;&#8212;&#8212;&#8212;&#8212;&#8212;&#8212;&#8212;&#8212;&#8212;&#8212;<\/p>\n","protected":false},"excerpt":{"rendered":"<p>Mitteilung gem. \u00a7 15 WpHG Allgeier Holding AG (WKN 508 630) Vorstand der Allgeier Holding AG beabsichtigt Erwerb eigener Aktien M\u00fcnchen, 02.08.2005. Der Vorstand der Allgeier Holding AG hat beschlossen, von der Erm\u00e4chtigung der Hauptversammlung vom 21. Juni 2005 zum Erwerb eigener Aktien der Gesellschaft<\/p>\n","protected":false},"author":4,"featured_media":0,"parent":1155,"menu_order":0,"comment_status":"close","ping_status":"closed","template":"","meta":{"_acf_changed":false,"footnotes":""},"categories":[],"tags":[],"class_list":["post-5718","page","type-page","status-publish","hentry"],"acf":[],"yoast_head":"<!-- This site is optimized with the Yoast SEO plugin v27.4 - https:\/\/yoast.com\/product\/yoast-seo-wordpress\/ -->\n<title>Aktienr\u00fcckkauf - Allgeier SE<\/title>\n<meta name=\"robots\" content=\"index, follow, max-snippet:-1, max-image-preview:large, max-video-preview:-1\" \/>\n<link rel=\"canonical\" href=\"https:\/\/www.allgeier.com\/de\/investor-relations\/adhoc-announcements\/aktienrueckkauf\/\" \/>\n<meta property=\"og:locale\" content=\"de_DE\" \/>\n<meta property=\"og:type\" content=\"article\" \/>\n<meta property=\"og:title\" content=\"Aktienr\u00fcckkauf - Allgeier SE\" \/>\n<meta property=\"og:description\" content=\"Mitteilung gem. \u00a7 15 WpHG Allgeier Holding AG (WKN 508 630) Vorstand der Allgeier Holding AG beabsichtigt Erwerb eigener Aktien M\u00fcnchen, 02.08.2005. Der Vorstand der Allgeier Holding AG hat beschlossen, von der Erm\u00e4chtigung der Hauptversammlung vom 21. Juni 2005 zum Erwerb eigener Aktien der Gesellschaft\" \/>\n<meta property=\"og:url\" content=\"https:\/\/www.allgeier.com\/de\/investor-relations\/adhoc-announcements\/aktienrueckkauf\/\" \/>\n<meta property=\"og:site_name\" content=\"Allgeier SE\" \/>\n<meta property=\"article:modified_time\" content=\"2023-01-22T17:10:13+00:00\" \/>\n<meta name=\"twitter:card\" content=\"summary_large_image\" \/>\n<meta name=\"twitter:label1\" content=\"Gesch\u00e4tzte Lesezeit\" \/>\n\t<meta name=\"twitter:data1\" content=\"1\u00a0Minute\" \/>\n<script type=\"application\/ld+json\" class=\"yoast-schema-graph\">{\"@context\":\"https:\\\/\\\/schema.org\",\"@graph\":[{\"@type\":\"WebPage\",\"@id\":\"https:\\\/\\\/www.allgeier.com\\\/de\\\/investor-relations\\\/adhoc-announcements\\\/aktienrueckkauf\\\/\",\"url\":\"https:\\\/\\\/www.allgeier.com\\\/de\\\/investor-relations\\\/adhoc-announcements\\\/aktienrueckkauf\\\/\",\"name\":\"Aktienr\u00fcckkauf - Allgeier SE\",\"isPartOf\":{\"@id\":\"https:\\\/\\\/www.allgeier.com\\\/de\\\/#website\"},\"datePublished\":\"2005-08-02T10:31:15+00:00\",\"dateModified\":\"2023-01-22T17:10:13+00:00\",\"breadcrumb\":{\"@id\":\"https:\\\/\\\/www.allgeier.com\\\/de\\\/investor-relations\\\/adhoc-announcements\\\/aktienrueckkauf\\\/#breadcrumb\"},\"inLanguage\":\"de\",\"potentialAction\":[{\"@type\":\"ReadAction\",\"target\":[\"https:\\\/\\\/www.allgeier.com\\\/de\\\/investor-relations\\\/adhoc-announcements\\\/aktienrueckkauf\\\/\"]}]},{\"@type\":\"BreadcrumbList\",\"@id\":\"https:\\\/\\\/www.allgeier.com\\\/de\\\/investor-relations\\\/adhoc-announcements\\\/aktienrueckkauf\\\/#breadcrumb\",\"itemListElement\":[{\"@type\":\"ListItem\",\"position\":1,\"name\":\"Home\",\"item\":\"https:\\\/\\\/www.allgeier.com\\\/de\\\/\"},{\"@type\":\"ListItem\",\"position\":2,\"name\":\"Investor Relations\",\"item\":\"https:\\\/\\\/www.allgeier.com\\\/de\\\/investor-relations\\\/\"},{\"@type\":\"ListItem\",\"position\":3,\"name\":\"Ad hoc-Mitteilungen\",\"item\":\"https:\\\/\\\/www.allgeier.com\\\/de\\\/investor-relations\\\/adhoc-announcements\\\/\"},{\"@type\":\"ListItem\",\"position\":4,\"name\":\"Aktienr\u00fcckkauf\"}]},{\"@type\":\"WebSite\",\"@id\":\"https:\\\/\\\/www.allgeier.com\\\/de\\\/#website\",\"url\":\"https:\\\/\\\/www.allgeier.com\\\/de\\\/\",\"name\":\"Allgeier SE\",\"description\":\"Software &amp; IT Services for digital transformation\",\"potentialAction\":[{\"@type\":\"SearchAction\",\"target\":{\"@type\":\"EntryPoint\",\"urlTemplate\":\"https:\\\/\\\/www.allgeier.com\\\/de\\\/?s={search_term_string}\"},\"query-input\":{\"@type\":\"PropertyValueSpecification\",\"valueRequired\":true,\"valueName\":\"search_term_string\"}}],\"inLanguage\":\"de\"}]}<\/script>\n<!-- \/ Yoast SEO plugin. -->","yoast_head_json":{"title":"Aktienr\u00fcckkauf - Allgeier SE","robots":{"index":"index","follow":"follow","max-snippet":"max-snippet:-1","max-image-preview":"max-image-preview:large","max-video-preview":"max-video-preview:-1"},"canonical":"https:\/\/www.allgeier.com\/de\/investor-relations\/adhoc-announcements\/aktienrueckkauf\/","og_locale":"de_DE","og_type":"article","og_title":"Aktienr\u00fcckkauf - Allgeier SE","og_description":"Mitteilung gem. \u00a7 15 WpHG Allgeier Holding AG (WKN 508 630) Vorstand der Allgeier Holding AG beabsichtigt Erwerb eigener Aktien M\u00fcnchen, 02.08.2005. Der Vorstand der Allgeier Holding AG hat beschlossen, von der Erm\u00e4chtigung der Hauptversammlung vom 21. Juni 2005 zum Erwerb eigener Aktien der Gesellschaft","og_url":"https:\/\/www.allgeier.com\/de\/investor-relations\/adhoc-announcements\/aktienrueckkauf\/","og_site_name":"Allgeier SE","article_modified_time":"2023-01-22T17:10:13+00:00","twitter_card":"summary_large_image","twitter_misc":{"Gesch\u00e4tzte Lesezeit":"1\u00a0Minute"},"schema":{"@context":"https:\/\/schema.org","@graph":[{"@type":"WebPage","@id":"https:\/\/www.allgeier.com\/de\/investor-relations\/adhoc-announcements\/aktienrueckkauf\/","url":"https:\/\/www.allgeier.com\/de\/investor-relations\/adhoc-announcements\/aktienrueckkauf\/","name":"Aktienr\u00fcckkauf - Allgeier SE","isPartOf":{"@id":"https:\/\/www.allgeier.com\/de\/#website"},"datePublished":"2005-08-02T10:31:15+00:00","dateModified":"2023-01-22T17:10:13+00:00","breadcrumb":{"@id":"https:\/\/www.allgeier.com\/de\/investor-relations\/adhoc-announcements\/aktienrueckkauf\/#breadcrumb"},"inLanguage":"de","potentialAction":[{"@type":"ReadAction","target":["https:\/\/www.allgeier.com\/de\/investor-relations\/adhoc-announcements\/aktienrueckkauf\/"]}]},{"@type":"BreadcrumbList","@id":"https:\/\/www.allgeier.com\/de\/investor-relations\/adhoc-announcements\/aktienrueckkauf\/#breadcrumb","itemListElement":[{"@type":"ListItem","position":1,"name":"Home","item":"https:\/\/www.allgeier.com\/de\/"},{"@type":"ListItem","position":2,"name":"Investor Relations","item":"https:\/\/www.allgeier.com\/de\/investor-relations\/"},{"@type":"ListItem","position":3,"name":"Ad hoc-Mitteilungen","item":"https:\/\/www.allgeier.com\/de\/investor-relations\/adhoc-announcements\/"},{"@type":"ListItem","position":4,"name":"Aktienr\u00fcckkauf"}]},{"@type":"WebSite","@id":"https:\/\/www.allgeier.com\/de\/#website","url":"https:\/\/www.allgeier.com\/de\/","name":"Allgeier SE","description":"Software &amp; IT Services for digital transformation","potentialAction":[{"@type":"SearchAction","target":{"@type":"EntryPoint","urlTemplate":"https:\/\/www.allgeier.com\/de\/?s={search_term_string}"},"query-input":{"@type":"PropertyValueSpecification","valueRequired":true,"valueName":"search_term_string"}}],"inLanguage":"de"}]}},"_links":{"self":[{"href":"https:\/\/www.allgeier.com\/de\/wp-json\/wp\/v2\/pages\/5718","targetHints":{"allow":["GET"]}}],"collection":[{"href":"https:\/\/www.allgeier.com\/de\/wp-json\/wp\/v2\/pages"}],"about":[{"href":"https:\/\/www.allgeier.com\/de\/wp-json\/wp\/v2\/types\/page"}],"author":[{"embeddable":true,"href":"https:\/\/www.allgeier.com\/de\/wp-json\/wp\/v2\/users\/4"}],"replies":[{"embeddable":true,"href":"https:\/\/www.allgeier.com\/de\/wp-json\/wp\/v2\/comments?post=5718"}],"version-history":[{"count":1,"href":"https:\/\/www.allgeier.com\/de\/wp-json\/wp\/v2\/pages\/5718\/revisions"}],"predecessor-version":[{"id":5719,"href":"https:\/\/www.allgeier.com\/de\/wp-json\/wp\/v2\/pages\/5718\/revisions\/5719"}],"up":[{"embeddable":true,"href":"https:\/\/www.allgeier.com\/de\/wp-json\/wp\/v2\/pages\/1155"}],"wp:attachment":[{"href":"https:\/\/www.allgeier.com\/de\/wp-json\/wp\/v2\/media?parent=5718"}],"wp:term":[{"taxonomy":"category","embeddable":true,"href":"https:\/\/www.allgeier.com\/de\/wp-json\/wp\/v2\/categories?post=5718"},{"taxonomy":"post_tag","embeddable":true,"href":"https:\/\/www.allgeier.com\/de\/wp-json\/wp\/v2\/tags?post=5718"}],"curies":[{"name":"wp","href":"https:\/\/api.w.org\/{rel}","templated":true}]}}