{"id":5722,"date":"2005-06-02T16:00:57","date_gmt":"2005-06-02T16:00:57","guid":{"rendered":"https:\/\/www.allgeier.com\/de\/?page_id=5722"},"modified":"2023-01-22T17:10:13","modified_gmt":"2023-01-22T17:10:13","slug":"neues-vorstandsmitglied-bei-der-allgeier-holding-ag","status":"publish","type":"page","link":"https:\/\/www.allgeier.com\/de\/investor-relations\/adhoc-announcements\/neues-vorstandsmitglied-bei-der-allgeier-holding-ag\/","title":{"rendered":"Neues Vorstandsmitglied bei der Allgeier Holding AG"},"content":{"rendered":"<p><SPAN class=\"fontstyle\">Mit Beschluss des Aufsichtsrats vom 02.06.2005 wurde Herr Christian Eggenberger zum Vorstand der Allgeier Holding AG bestellt. <BR \/><BR \/>Allgeier Holding AG <BR \/>Vorstand <BR \/>Wehrlestra\u00dfe 12 <BR \/>81679 M\u00fcnchen <BR \/><BR \/>Kontakt: <BR \/>Georg D\u00fcrschmidt <BR \/>Vorstand <BR \/>Tel. 089-998421-0 <BR \/>Fax 089-998421-11 <BR \/><BR \/><\/SPAN><\/p>\n","protected":false},"excerpt":{"rendered":"<p>Mit Beschluss des Aufsichtsrats vom 02.06.2005 wurde Herr Christian Eggenberger zum Vorstand der Allgeier Holding AG bestellt. Allgeier Holding AG Vorstand Wehrlestra\u00dfe 12 81679 M\u00fcnchen Kontakt: Georg D\u00fcrschmidt<\/p>\n","protected":false},"author":4,"featured_media":0,"parent":1155,"menu_order":0,"comment_status":"close","ping_status":"closed","template":"","meta":{"_acf_changed":false,"footnotes":""},"categories":[],"tags":[],"class_list":["post-5722","page","type-page","status-publish","hentry"],"acf":[],"yoast_head":"<!-- This site is optimized with the Yoast SEO plugin v27.4 - https:\/\/yoast.com\/product\/yoast-seo-wordpress\/ -->\n<title>Neues Vorstandsmitglied bei der Allgeier Holding AG - Allgeier SE<\/title>\n<meta name=\"robots\" content=\"index, follow, max-snippet:-1, max-image-preview:large, max-video-preview:-1\" \/>\n<link rel=\"canonical\" href=\"https:\/\/www.allgeier.com\/de\/investor-relations\/adhoc-announcements\/neues-vorstandsmitglied-bei-der-allgeier-holding-ag\/\" \/>\n<meta property=\"og:locale\" content=\"de_DE\" \/>\n<meta property=\"og:type\" content=\"article\" \/>\n<meta property=\"og:title\" content=\"Neues Vorstandsmitglied bei der Allgeier Holding AG - Allgeier SE\" \/>\n<meta property=\"og:description\" content=\"Mit Beschluss des Aufsichtsrats vom 02.06.2005 wurde Herr Christian Eggenberger zum Vorstand der Allgeier Holding AG bestellt. Allgeier Holding AG Vorstand Wehrlestra\u00dfe 12 81679 M\u00fcnchen Kontakt: Georg D\u00fcrschmidt\" \/>\n<meta property=\"og:url\" content=\"https:\/\/www.allgeier.com\/de\/investor-relations\/adhoc-announcements\/neues-vorstandsmitglied-bei-der-allgeier-holding-ag\/\" \/>\n<meta property=\"og:site_name\" content=\"Allgeier SE\" \/>\n<meta property=\"article:modified_time\" content=\"2023-01-22T17:10:13+00:00\" \/>\n<meta name=\"twitter:card\" content=\"summary_large_image\" \/>\n<script type=\"application\/ld+json\" class=\"yoast-schema-graph\">{\"@context\":\"https:\\\/\\\/schema.org\",\"@graph\":[{\"@type\":\"WebPage\",\"@id\":\"https:\\\/\\\/www.allgeier.com\\\/de\\\/investor-relations\\\/adhoc-announcements\\\/neues-vorstandsmitglied-bei-der-allgeier-holding-ag\\\/\",\"url\":\"https:\\\/\\\/www.allgeier.com\\\/de\\\/investor-relations\\\/adhoc-announcements\\\/neues-vorstandsmitglied-bei-der-allgeier-holding-ag\\\/\",\"name\":\"Neues Vorstandsmitglied bei der Allgeier Holding AG - Allgeier SE\",\"isPartOf\":{\"@id\":\"https:\\\/\\\/www.allgeier.com\\\/de\\\/#website\"},\"datePublished\":\"2005-06-02T16:00:57+00:00\",\"dateModified\":\"2023-01-22T17:10:13+00:00\",\"breadcrumb\":{\"@id\":\"https:\\\/\\\/www.allgeier.com\\\/de\\\/investor-relations\\\/adhoc-announcements\\\/neues-vorstandsmitglied-bei-der-allgeier-holding-ag\\\/#breadcrumb\"},\"inLanguage\":\"de\",\"potentialAction\":[{\"@type\":\"ReadAction\",\"target\":[\"https:\\\/\\\/www.allgeier.com\\\/de\\\/investor-relations\\\/adhoc-announcements\\\/neues-vorstandsmitglied-bei-der-allgeier-holding-ag\\\/\"]}]},{\"@type\":\"BreadcrumbList\",\"@id\":\"https:\\\/\\\/www.allgeier.com\\\/de\\\/investor-relations\\\/adhoc-announcements\\\/neues-vorstandsmitglied-bei-der-allgeier-holding-ag\\\/#breadcrumb\",\"itemListElement\":[{\"@type\":\"ListItem\",\"position\":1,\"name\":\"Home\",\"item\":\"https:\\\/\\\/www.allgeier.com\\\/de\\\/\"},{\"@type\":\"ListItem\",\"position\":2,\"name\":\"Investor Relations\",\"item\":\"https:\\\/\\\/www.allgeier.com\\\/de\\\/investor-relations\\\/\"},{\"@type\":\"ListItem\",\"position\":3,\"name\":\"Ad hoc-Mitteilungen\",\"item\":\"https:\\\/\\\/www.allgeier.com\\\/de\\\/investor-relations\\\/adhoc-announcements\\\/\"},{\"@type\":\"ListItem\",\"position\":4,\"name\":\"Neues Vorstandsmitglied bei der Allgeier Holding AG\"}]},{\"@type\":\"WebSite\",\"@id\":\"https:\\\/\\\/www.allgeier.com\\\/de\\\/#website\",\"url\":\"https:\\\/\\\/www.allgeier.com\\\/de\\\/\",\"name\":\"Allgeier SE\",\"description\":\"Software &amp; IT Services for digital transformation\",\"potentialAction\":[{\"@type\":\"SearchAction\",\"target\":{\"@type\":\"EntryPoint\",\"urlTemplate\":\"https:\\\/\\\/www.allgeier.com\\\/de\\\/?s={search_term_string}\"},\"query-input\":{\"@type\":\"PropertyValueSpecification\",\"valueRequired\":true,\"valueName\":\"search_term_string\"}}],\"inLanguage\":\"de\"}]}<\/script>\n<!-- \/ Yoast SEO plugin. -->","yoast_head_json":{"title":"Neues Vorstandsmitglied bei der Allgeier Holding AG - Allgeier SE","robots":{"index":"index","follow":"follow","max-snippet":"max-snippet:-1","max-image-preview":"max-image-preview:large","max-video-preview":"max-video-preview:-1"},"canonical":"https:\/\/www.allgeier.com\/de\/investor-relations\/adhoc-announcements\/neues-vorstandsmitglied-bei-der-allgeier-holding-ag\/","og_locale":"de_DE","og_type":"article","og_title":"Neues Vorstandsmitglied bei der Allgeier Holding AG - Allgeier SE","og_description":"Mit Beschluss des Aufsichtsrats vom 02.06.2005 wurde Herr Christian Eggenberger zum Vorstand der Allgeier Holding AG bestellt. Allgeier Holding AG Vorstand Wehrlestra\u00dfe 12 81679 M\u00fcnchen Kontakt: Georg D\u00fcrschmidt","og_url":"https:\/\/www.allgeier.com\/de\/investor-relations\/adhoc-announcements\/neues-vorstandsmitglied-bei-der-allgeier-holding-ag\/","og_site_name":"Allgeier SE","article_modified_time":"2023-01-22T17:10:13+00:00","twitter_card":"summary_large_image","schema":{"@context":"https:\/\/schema.org","@graph":[{"@type":"WebPage","@id":"https:\/\/www.allgeier.com\/de\/investor-relations\/adhoc-announcements\/neues-vorstandsmitglied-bei-der-allgeier-holding-ag\/","url":"https:\/\/www.allgeier.com\/de\/investor-relations\/adhoc-announcements\/neues-vorstandsmitglied-bei-der-allgeier-holding-ag\/","name":"Neues Vorstandsmitglied bei der Allgeier Holding AG - Allgeier SE","isPartOf":{"@id":"https:\/\/www.allgeier.com\/de\/#website"},"datePublished":"2005-06-02T16:00:57+00:00","dateModified":"2023-01-22T17:10:13+00:00","breadcrumb":{"@id":"https:\/\/www.allgeier.com\/de\/investor-relations\/adhoc-announcements\/neues-vorstandsmitglied-bei-der-allgeier-holding-ag\/#breadcrumb"},"inLanguage":"de","potentialAction":[{"@type":"ReadAction","target":["https:\/\/www.allgeier.com\/de\/investor-relations\/adhoc-announcements\/neues-vorstandsmitglied-bei-der-allgeier-holding-ag\/"]}]},{"@type":"BreadcrumbList","@id":"https:\/\/www.allgeier.com\/de\/investor-relations\/adhoc-announcements\/neues-vorstandsmitglied-bei-der-allgeier-holding-ag\/#breadcrumb","itemListElement":[{"@type":"ListItem","position":1,"name":"Home","item":"https:\/\/www.allgeier.com\/de\/"},{"@type":"ListItem","position":2,"name":"Investor Relations","item":"https:\/\/www.allgeier.com\/de\/investor-relations\/"},{"@type":"ListItem","position":3,"name":"Ad hoc-Mitteilungen","item":"https:\/\/www.allgeier.com\/de\/investor-relations\/adhoc-announcements\/"},{"@type":"ListItem","position":4,"name":"Neues Vorstandsmitglied bei der Allgeier Holding AG"}]},{"@type":"WebSite","@id":"https:\/\/www.allgeier.com\/de\/#website","url":"https:\/\/www.allgeier.com\/de\/","name":"Allgeier SE","description":"Software &amp; IT Services for digital transformation","potentialAction":[{"@type":"SearchAction","target":{"@type":"EntryPoint","urlTemplate":"https:\/\/www.allgeier.com\/de\/?s={search_term_string}"},"query-input":{"@type":"PropertyValueSpecification","valueRequired":true,"valueName":"search_term_string"}}],"inLanguage":"de"}]}},"_links":{"self":[{"href":"https:\/\/www.allgeier.com\/de\/wp-json\/wp\/v2\/pages\/5722","targetHints":{"allow":["GET"]}}],"collection":[{"href":"https:\/\/www.allgeier.com\/de\/wp-json\/wp\/v2\/pages"}],"about":[{"href":"https:\/\/www.allgeier.com\/de\/wp-json\/wp\/v2\/types\/page"}],"author":[{"embeddable":true,"href":"https:\/\/www.allgeier.com\/de\/wp-json\/wp\/v2\/users\/4"}],"replies":[{"embeddable":true,"href":"https:\/\/www.allgeier.com\/de\/wp-json\/wp\/v2\/comments?post=5722"}],"version-history":[{"count":1,"href":"https:\/\/www.allgeier.com\/de\/wp-json\/wp\/v2\/pages\/5722\/revisions"}],"predecessor-version":[{"id":5723,"href":"https:\/\/www.allgeier.com\/de\/wp-json\/wp\/v2\/pages\/5722\/revisions\/5723"}],"up":[{"embeddable":true,"href":"https:\/\/www.allgeier.com\/de\/wp-json\/wp\/v2\/pages\/1155"}],"wp:attachment":[{"href":"https:\/\/www.allgeier.com\/de\/wp-json\/wp\/v2\/media?parent=5722"}],"wp:term":[{"taxonomy":"category","embeddable":true,"href":"https:\/\/www.allgeier.com\/de\/wp-json\/wp\/v2\/categories?post=5722"},{"taxonomy":"post_tag","embeddable":true,"href":"https:\/\/www.allgeier.com\/de\/wp-json\/wp\/v2\/tags?post=5722"}],"curies":[{"name":"wp","href":"https:\/\/api.w.org\/{rel}","templated":true}]}}