{"id":5728,"date":"2005-05-02T17:45:56","date_gmt":"2005-05-02T17:45:56","guid":{"rendered":"https:\/\/www.allgeier.com\/de\/?page_id=5728"},"modified":"2023-01-22T17:10:13","modified_gmt":"2023-01-22T17:10:13","slug":"konzernabschluss-der-allgeier-gruppe-zum-31-12-2004","status":"publish","type":"page","link":"https:\/\/www.allgeier.com\/de\/investor-relations\/adhoc-announcements\/konzernabschluss-der-allgeier-gruppe-zum-31-12-2004\/","title":{"rendered":"Konzernabschluss der Allgeier Gruppe zum 31.12.2004"},"content":{"rendered":"<p><P><SPAN class=\"fontstyle\">Allgeier Holding AG, M\u00fcnchen 02.05.2005 <BR \/><BR \/>Der Aufsichtsrat hat in seiner Sitzung vom 26.04.2005 den Konzernabschluss gebilligt. Die in der Ad-hoc-Mitteilung vom 11.03.2005 gemeldeten vorl\u00e4ufigen Konzernzahlen f\u00fcr das Jahr 2004 entsprechen der tats\u00e4chlichen Ergebnislage. Bei einem Konzernumsatz von EUR 39,6 Mio. (VJ EUR 39,1 Mio.) wurde mit einem EBIT von EUR -2,6 Mio. (VJ EUR -6,6 Mio.) und einem Konzernverlust von EUR 1,1 Mio. (VJ EUR 3,0 Mio.) abgeschlossen. <BR \/><BR \/>Die Konzernabschlusszahlen werden durch folgende Zahlen der einzelnen Gesch\u00e4ftsbereiche beeinflusst: Der Bereich Basistechnologie verzeichnete einen Umsatzr\u00fcckgang um EUR 8,7 Mio. auf EUR 22,8 Mio. (VJ EUR 31,5 Mio.) und schloss mit einem Segmentergebnis vor Abschreibungen (EBITDA) in H\u00f6he von EUR 1,3 Mio. ab (VJ EUR -1,4 Mio.). Der IT-Bereich steigerte den Umsatz auf EUR 16,8 Mio. (VJ EUR 7,6 Mio.) und trug mit einem Segmentergebnis vor Abschreibungen (EBITDA) in H\u00f6he von EUR 2,9 Mio. bei. Nach Kosten der Holding und Konzerneliminierungen verbleibt ein Konzernergebnis vor Abschreibungen (EBITDA) von EUR 3,0 Mio. <BR \/><BR \/>Der Konzernabschluss 2004 zeigt auch eine verbesserte Liquidit\u00e4tslage: Der operative Cash Flow in H\u00f6he von EUR 3,1 Mio. zusammen mit Ver\u00e4nderungen im Nettoumlaufverm\u00f6gen von EUR 3,9 Mio. haben die aus laufender Gesch\u00e4ftst\u00e4tigkeit erwirtschafteten Zahlungsmittel auf EUR 7,0 Mio. verbessert. Ferner sind der Gesellschaft EUR 7,0 Mio. aus der Emission von Genussrechten zugeflossen. Die Investitionen beliefen sich in 2004 auf EUR 9,1 Mio. Die vorhandenen Nettozahlungsmittel per 31.12.2004 konnten auf EUR 4,1 Mio. gesteigert werden. Damit zeigt der Konzernabschluss insgesamt EUR 11,1 Mio. liquide Mittel. <BR \/><BR \/>F\u00fcr das Gesch\u00e4ftsjahr 2005 zeichnen sich folgende Entwicklungen ab: Der Umsatz des Gesch\u00e4ftsbereichs IT wird nochmals deutlich auf eine Gr\u00f6\u00dfenordnung von EUR 36 Mio. wachsen und zu einem EBITDA von etwa EUR 4 Mio. und einem EBIT von etwa EUR 3,4 Mio. f\u00fchren. Dagegen wird sich der Umsatz des Gesch\u00e4ftsbereichs Basistechnologie weiter deutlich auf eine Gr\u00f6\u00dfenordnung von EUR 13 Mio. bei einem EBITDA von etwa EUR 1,4 Mio. und positivem EBIT reduzieren. Im Konzern wird dies zu einem Gesamtumsatz in der Gr\u00f6\u00dfenordnung von EUR 50 Mio. und einem EBITDA von etwa in der Gr\u00f6\u00dfenordnung von EUR 4 Mio. und einem EBIT in der Gr\u00f6\u00dfenordnung von EUR 2,2 Mio. f\u00fchren. Der Vorstand erwartet f\u00fcr 2005 ein positives Konzernergebnis. Die Planung wird gegebenenfalls ferner durch weitere Akquisitionen beeinflusst werden. <\/SPAN><\/P><P><SPAN class=\"fontstyle\"><BR \/>Allgeier Holding AG <BR \/>Vorstand <BR \/>Wehrlestra\u00dfe 12 <BR \/>81679 M\u00fcnchen <BR \/><BR \/><BR \/>Kontakt: <BR \/>Georg D\u00fcrschmidt <BR \/>Vorstand <BR \/>Tel. 089-998421-0 <BR \/>Fax 089-998421-11 <BR \/><BR \/><\/SPAN><\/P><\/p>\n","protected":false},"excerpt":{"rendered":"<p>Allgeier Holding AG, M\u00fcnchen 02.05.2005 Der Aufsichtsrat hat in seiner Sitzung vom 26.04.2005 den Konzernabschluss gebilligt. Die in der Ad-hoc-Mitteilung vom 11.03.2005 gemeldeten vorl\u00e4ufigen Konzernzahlen f\u00fcr das Jahr 2004 entsprechen der tats\u00e4chlichen Ergebnislage. Bei einem Konzernumsatz von EUR<\/p>\n","protected":false},"author":4,"featured_media":0,"parent":1155,"menu_order":0,"comment_status":"close","ping_status":"closed","template":"","meta":{"_acf_changed":false,"footnotes":""},"categories":[],"tags":[],"class_list":["post-5728","page","type-page","status-publish","hentry"],"acf":[],"yoast_head":"<!-- This site is optimized with the Yoast SEO plugin v27.4 - https:\/\/yoast.com\/product\/yoast-seo-wordpress\/ -->\n<title>Konzernabschluss der Allgeier Gruppe zum 31.12.2004 - Allgeier SE<\/title>\n<meta name=\"robots\" content=\"index, follow, max-snippet:-1, max-image-preview:large, max-video-preview:-1\" \/>\n<link rel=\"canonical\" href=\"https:\/\/www.allgeier.com\/de\/investor-relations\/adhoc-announcements\/konzernabschluss-der-allgeier-gruppe-zum-31-12-2004\/\" \/>\n<meta property=\"og:locale\" content=\"de_DE\" \/>\n<meta property=\"og:type\" content=\"article\" \/>\n<meta property=\"og:title\" content=\"Konzernabschluss der Allgeier Gruppe zum 31.12.2004 - Allgeier SE\" \/>\n<meta property=\"og:description\" content=\"Allgeier Holding AG, M\u00fcnchen 02.05.2005 Der Aufsichtsrat hat in seiner Sitzung vom 26.04.2005 den Konzernabschluss gebilligt. Die in der Ad-hoc-Mitteilung vom 11.03.2005 gemeldeten vorl\u00e4ufigen Konzernzahlen f\u00fcr das Jahr 2004 entsprechen der tats\u00e4chlichen Ergebnislage. Bei einem Konzernumsatz von EUR\" \/>\n<meta property=\"og:url\" content=\"https:\/\/www.allgeier.com\/de\/investor-relations\/adhoc-announcements\/konzernabschluss-der-allgeier-gruppe-zum-31-12-2004\/\" \/>\n<meta property=\"og:site_name\" content=\"Allgeier SE\" \/>\n<meta property=\"article:modified_time\" content=\"2023-01-22T17:10:13+00:00\" \/>\n<meta name=\"twitter:card\" content=\"summary_large_image\" \/>\n<meta name=\"twitter:label1\" content=\"Gesch\u00e4tzte Lesezeit\" \/>\n\t<meta name=\"twitter:data1\" content=\"2\u00a0Minuten\" \/>\n<script type=\"application\/ld+json\" class=\"yoast-schema-graph\">{\"@context\":\"https:\\\/\\\/schema.org\",\"@graph\":[{\"@type\":\"WebPage\",\"@id\":\"https:\\\/\\\/www.allgeier.com\\\/de\\\/investor-relations\\\/adhoc-announcements\\\/konzernabschluss-der-allgeier-gruppe-zum-31-12-2004\\\/\",\"url\":\"https:\\\/\\\/www.allgeier.com\\\/de\\\/investor-relations\\\/adhoc-announcements\\\/konzernabschluss-der-allgeier-gruppe-zum-31-12-2004\\\/\",\"name\":\"Konzernabschluss der Allgeier Gruppe zum 31.12.2004 - Allgeier SE\",\"isPartOf\":{\"@id\":\"https:\\\/\\\/www.allgeier.com\\\/de\\\/#website\"},\"datePublished\":\"2005-05-02T17:45:56+00:00\",\"dateModified\":\"2023-01-22T17:10:13+00:00\",\"breadcrumb\":{\"@id\":\"https:\\\/\\\/www.allgeier.com\\\/de\\\/investor-relations\\\/adhoc-announcements\\\/konzernabschluss-der-allgeier-gruppe-zum-31-12-2004\\\/#breadcrumb\"},\"inLanguage\":\"de\",\"potentialAction\":[{\"@type\":\"ReadAction\",\"target\":[\"https:\\\/\\\/www.allgeier.com\\\/de\\\/investor-relations\\\/adhoc-announcements\\\/konzernabschluss-der-allgeier-gruppe-zum-31-12-2004\\\/\"]}]},{\"@type\":\"BreadcrumbList\",\"@id\":\"https:\\\/\\\/www.allgeier.com\\\/de\\\/investor-relations\\\/adhoc-announcements\\\/konzernabschluss-der-allgeier-gruppe-zum-31-12-2004\\\/#breadcrumb\",\"itemListElement\":[{\"@type\":\"ListItem\",\"position\":1,\"name\":\"Home\",\"item\":\"https:\\\/\\\/www.allgeier.com\\\/de\\\/\"},{\"@type\":\"ListItem\",\"position\":2,\"name\":\"Investor Relations\",\"item\":\"https:\\\/\\\/www.allgeier.com\\\/de\\\/investor-relations\\\/\"},{\"@type\":\"ListItem\",\"position\":3,\"name\":\"Ad hoc-Mitteilungen\",\"item\":\"https:\\\/\\\/www.allgeier.com\\\/de\\\/investor-relations\\\/adhoc-announcements\\\/\"},{\"@type\":\"ListItem\",\"position\":4,\"name\":\"Konzernabschluss der Allgeier Gruppe zum 31.12.2004\"}]},{\"@type\":\"WebSite\",\"@id\":\"https:\\\/\\\/www.allgeier.com\\\/de\\\/#website\",\"url\":\"https:\\\/\\\/www.allgeier.com\\\/de\\\/\",\"name\":\"Allgeier SE\",\"description\":\"Software &amp; IT Services for digital transformation\",\"potentialAction\":[{\"@type\":\"SearchAction\",\"target\":{\"@type\":\"EntryPoint\",\"urlTemplate\":\"https:\\\/\\\/www.allgeier.com\\\/de\\\/?s={search_term_string}\"},\"query-input\":{\"@type\":\"PropertyValueSpecification\",\"valueRequired\":true,\"valueName\":\"search_term_string\"}}],\"inLanguage\":\"de\"}]}<\/script>\n<!-- \/ Yoast SEO plugin. -->","yoast_head_json":{"title":"Konzernabschluss der Allgeier Gruppe zum 31.12.2004 - Allgeier SE","robots":{"index":"index","follow":"follow","max-snippet":"max-snippet:-1","max-image-preview":"max-image-preview:large","max-video-preview":"max-video-preview:-1"},"canonical":"https:\/\/www.allgeier.com\/de\/investor-relations\/adhoc-announcements\/konzernabschluss-der-allgeier-gruppe-zum-31-12-2004\/","og_locale":"de_DE","og_type":"article","og_title":"Konzernabschluss der Allgeier Gruppe zum 31.12.2004 - Allgeier SE","og_description":"Allgeier Holding AG, M\u00fcnchen 02.05.2005 Der Aufsichtsrat hat in seiner Sitzung vom 26.04.2005 den Konzernabschluss gebilligt. Die in der Ad-hoc-Mitteilung vom 11.03.2005 gemeldeten vorl\u00e4ufigen Konzernzahlen f\u00fcr das Jahr 2004 entsprechen der tats\u00e4chlichen Ergebnislage. Bei einem Konzernumsatz von EUR","og_url":"https:\/\/www.allgeier.com\/de\/investor-relations\/adhoc-announcements\/konzernabschluss-der-allgeier-gruppe-zum-31-12-2004\/","og_site_name":"Allgeier SE","article_modified_time":"2023-01-22T17:10:13+00:00","twitter_card":"summary_large_image","twitter_misc":{"Gesch\u00e4tzte Lesezeit":"2\u00a0Minuten"},"schema":{"@context":"https:\/\/schema.org","@graph":[{"@type":"WebPage","@id":"https:\/\/www.allgeier.com\/de\/investor-relations\/adhoc-announcements\/konzernabschluss-der-allgeier-gruppe-zum-31-12-2004\/","url":"https:\/\/www.allgeier.com\/de\/investor-relations\/adhoc-announcements\/konzernabschluss-der-allgeier-gruppe-zum-31-12-2004\/","name":"Konzernabschluss der Allgeier Gruppe zum 31.12.2004 - Allgeier SE","isPartOf":{"@id":"https:\/\/www.allgeier.com\/de\/#website"},"datePublished":"2005-05-02T17:45:56+00:00","dateModified":"2023-01-22T17:10:13+00:00","breadcrumb":{"@id":"https:\/\/www.allgeier.com\/de\/investor-relations\/adhoc-announcements\/konzernabschluss-der-allgeier-gruppe-zum-31-12-2004\/#breadcrumb"},"inLanguage":"de","potentialAction":[{"@type":"ReadAction","target":["https:\/\/www.allgeier.com\/de\/investor-relations\/adhoc-announcements\/konzernabschluss-der-allgeier-gruppe-zum-31-12-2004\/"]}]},{"@type":"BreadcrumbList","@id":"https:\/\/www.allgeier.com\/de\/investor-relations\/adhoc-announcements\/konzernabschluss-der-allgeier-gruppe-zum-31-12-2004\/#breadcrumb","itemListElement":[{"@type":"ListItem","position":1,"name":"Home","item":"https:\/\/www.allgeier.com\/de\/"},{"@type":"ListItem","position":2,"name":"Investor Relations","item":"https:\/\/www.allgeier.com\/de\/investor-relations\/"},{"@type":"ListItem","position":3,"name":"Ad hoc-Mitteilungen","item":"https:\/\/www.allgeier.com\/de\/investor-relations\/adhoc-announcements\/"},{"@type":"ListItem","position":4,"name":"Konzernabschluss der Allgeier Gruppe zum 31.12.2004"}]},{"@type":"WebSite","@id":"https:\/\/www.allgeier.com\/de\/#website","url":"https:\/\/www.allgeier.com\/de\/","name":"Allgeier SE","description":"Software &amp; IT Services for digital transformation","potentialAction":[{"@type":"SearchAction","target":{"@type":"EntryPoint","urlTemplate":"https:\/\/www.allgeier.com\/de\/?s={search_term_string}"},"query-input":{"@type":"PropertyValueSpecification","valueRequired":true,"valueName":"search_term_string"}}],"inLanguage":"de"}]}},"_links":{"self":[{"href":"https:\/\/www.allgeier.com\/de\/wp-json\/wp\/v2\/pages\/5728","targetHints":{"allow":["GET"]}}],"collection":[{"href":"https:\/\/www.allgeier.com\/de\/wp-json\/wp\/v2\/pages"}],"about":[{"href":"https:\/\/www.allgeier.com\/de\/wp-json\/wp\/v2\/types\/page"}],"author":[{"embeddable":true,"href":"https:\/\/www.allgeier.com\/de\/wp-json\/wp\/v2\/users\/4"}],"replies":[{"embeddable":true,"href":"https:\/\/www.allgeier.com\/de\/wp-json\/wp\/v2\/comments?post=5728"}],"version-history":[{"count":1,"href":"https:\/\/www.allgeier.com\/de\/wp-json\/wp\/v2\/pages\/5728\/revisions"}],"predecessor-version":[{"id":5729,"href":"https:\/\/www.allgeier.com\/de\/wp-json\/wp\/v2\/pages\/5728\/revisions\/5729"}],"up":[{"embeddable":true,"href":"https:\/\/www.allgeier.com\/de\/wp-json\/wp\/v2\/pages\/1155"}],"wp:attachment":[{"href":"https:\/\/www.allgeier.com\/de\/wp-json\/wp\/v2\/media?parent=5728"}],"wp:term":[{"taxonomy":"category","embeddable":true,"href":"https:\/\/www.allgeier.com\/de\/wp-json\/wp\/v2\/categories?post=5728"},{"taxonomy":"post_tag","embeddable":true,"href":"https:\/\/www.allgeier.com\/de\/wp-json\/wp\/v2\/tags?post=5728"}],"curies":[{"name":"wp","href":"https:\/\/api.w.org\/{rel}","templated":true}]}}