{"id":5730,"date":"2005-04-29T10:46:27","date_gmt":"2005-04-29T10:46:27","guid":{"rendered":"https:\/\/www.allgeier.com\/de\/?page_id=5730"},"modified":"2023-01-22T17:10:13","modified_gmt":"2023-01-22T17:10:13","slug":"allgeier-holding-ag-plant-kapitalerhoehung-aus-gesellschaftsmitteln","status":"publish","type":"page","link":"https:\/\/www.allgeier.com\/de\/investor-relations\/adhoc-announcements\/allgeier-holding-ag-plant-kapitalerhoehung-aus-gesellschaftsmitteln\/","title":{"rendered":"Allgeier Holding AG plant Kapitalerh\u00f6hung aus Gesellschaftsmitteln"},"content":{"rendered":"<p><SPAN class=\"fontstyle\">Allgeier Holding AG, M\u00fcnchen, 29.04.2005 <BR \/><BR \/>Vorstand und Aufsichtsrat der Allgeier Holding AG werden der am 21. Juni 2005 in M\u00fcnchen stattfindenden Hauptversammlung der Gesellschaft neben einer erneuten Erm\u00e4chtigung des Vorstands zum Erwerb eigener Aktien sowie einer Erm\u00e4chtigung des Vorstands zur Ausgabe von Aktienoptionen an Arbeitnehmer und F\u00fchrungskr\u00e4fte der Gesellschaft und der mit ihr verbundenen Unternehmen unter anderem vorschlagen, das Grundkapital aus Gesellschaftsmitteln im Verh\u00e4ltnis 4:1 zu erh\u00f6hen. Durch einen entsprechenden Beschluss soll das nach der unl\u00e4ngst durchgef\u00fchrten Kapitalerh\u00f6hung aus genehmigten Kapital auf Euro 3.299.000,00 erh\u00f6hte Grundkapital durch Umwandlung von Kapitalr\u00fccklagen um weitere Euro 824.750,00 auf Euro 4.123.750,00 erh\u00f6ht werden. Eine Zustimmung der Hauptversammlung zu diesem Vorschlag vorausgesetzt, w\u00fcrde nach Eintragung des entsprechenden Beschlusses jeder Aktion\u00e4r auf jeweils vier alte Aktien eine neue Aktie der Allgeier Holding AG erhalten. <BR \/><BR \/>Allgeier Holding AG <BR \/>Vorstand <BR \/>Wehrlestra\u00dfe 12 <BR \/>81679 M\u00fcnchen <BR \/><BR \/><BR \/>Kontakt: <BR \/>Georg D\u00fcrschmidt <BR \/>Vorstand <BR \/>Tel. 089-998421-0 <BR \/>Fax 089-998421-11 <BR \/><BR \/><BR \/><\/SPAN><\/p>\n","protected":false},"excerpt":{"rendered":"<p>Allgeier Holding AG, M\u00fcnchen, 29.04.2005 Vorstand und Aufsichtsrat der Allgeier Holding AG werden der am 21. Juni 2005 in M\u00fcnchen stattfindenden Hauptversammlung der Gesellschaft neben einer erneuten Erm\u00e4chtigung des Vorstands zum Erwerb eigener Aktien sowie einer Erm\u00e4chtigung des Vorstands zur Ausgabe<\/p>\n","protected":false},"author":4,"featured_media":0,"parent":1155,"menu_order":0,"comment_status":"close","ping_status":"closed","template":"","meta":{"_acf_changed":false,"footnotes":""},"categories":[],"tags":[],"class_list":["post-5730","page","type-page","status-publish","hentry"],"acf":[],"yoast_head":"<!-- This site is optimized with the Yoast SEO plugin v27.4 - https:\/\/yoast.com\/product\/yoast-seo-wordpress\/ -->\n<title>Allgeier Holding AG plant Kapitalerh\u00f6hung aus Gesellschaftsmitteln - Allgeier SE<\/title>\n<meta name=\"robots\" content=\"index, follow, max-snippet:-1, max-image-preview:large, max-video-preview:-1\" \/>\n<link rel=\"canonical\" href=\"https:\/\/www.allgeier.com\/de\/investor-relations\/adhoc-announcements\/allgeier-holding-ag-plant-kapitalerhoehung-aus-gesellschaftsmitteln\/\" \/>\n<meta property=\"og:locale\" content=\"de_DE\" \/>\n<meta property=\"og:type\" content=\"article\" \/>\n<meta property=\"og:title\" content=\"Allgeier Holding AG plant Kapitalerh\u00f6hung aus Gesellschaftsmitteln - Allgeier SE\" \/>\n<meta property=\"og:description\" content=\"Allgeier Holding AG, M\u00fcnchen, 29.04.2005 Vorstand und Aufsichtsrat der Allgeier Holding AG werden der am 21. Juni 2005 in M\u00fcnchen stattfindenden Hauptversammlung der Gesellschaft neben einer erneuten Erm\u00e4chtigung des Vorstands zum Erwerb eigener Aktien sowie einer Erm\u00e4chtigung des Vorstands zur Ausgabe\" \/>\n<meta property=\"og:url\" content=\"https:\/\/www.allgeier.com\/de\/investor-relations\/adhoc-announcements\/allgeier-holding-ag-plant-kapitalerhoehung-aus-gesellschaftsmitteln\/\" \/>\n<meta property=\"og:site_name\" content=\"Allgeier SE\" \/>\n<meta property=\"article:modified_time\" content=\"2023-01-22T17:10:13+00:00\" \/>\n<meta name=\"twitter:card\" content=\"summary_large_image\" \/>\n<meta name=\"twitter:label1\" content=\"Gesch\u00e4tzte Lesezeit\" \/>\n\t<meta name=\"twitter:data1\" content=\"1\u00a0Minute\" \/>\n<script type=\"application\/ld+json\" class=\"yoast-schema-graph\">{\"@context\":\"https:\\\/\\\/schema.org\",\"@graph\":[{\"@type\":\"WebPage\",\"@id\":\"https:\\\/\\\/www.allgeier.com\\\/de\\\/investor-relations\\\/adhoc-announcements\\\/allgeier-holding-ag-plant-kapitalerhoehung-aus-gesellschaftsmitteln\\\/\",\"url\":\"https:\\\/\\\/www.allgeier.com\\\/de\\\/investor-relations\\\/adhoc-announcements\\\/allgeier-holding-ag-plant-kapitalerhoehung-aus-gesellschaftsmitteln\\\/\",\"name\":\"Allgeier Holding AG plant Kapitalerh\u00f6hung aus Gesellschaftsmitteln - Allgeier SE\",\"isPartOf\":{\"@id\":\"https:\\\/\\\/www.allgeier.com\\\/de\\\/#website\"},\"datePublished\":\"2005-04-29T10:46:27+00:00\",\"dateModified\":\"2023-01-22T17:10:13+00:00\",\"breadcrumb\":{\"@id\":\"https:\\\/\\\/www.allgeier.com\\\/de\\\/investor-relations\\\/adhoc-announcements\\\/allgeier-holding-ag-plant-kapitalerhoehung-aus-gesellschaftsmitteln\\\/#breadcrumb\"},\"inLanguage\":\"de\",\"potentialAction\":[{\"@type\":\"ReadAction\",\"target\":[\"https:\\\/\\\/www.allgeier.com\\\/de\\\/investor-relations\\\/adhoc-announcements\\\/allgeier-holding-ag-plant-kapitalerhoehung-aus-gesellschaftsmitteln\\\/\"]}]},{\"@type\":\"BreadcrumbList\",\"@id\":\"https:\\\/\\\/www.allgeier.com\\\/de\\\/investor-relations\\\/adhoc-announcements\\\/allgeier-holding-ag-plant-kapitalerhoehung-aus-gesellschaftsmitteln\\\/#breadcrumb\",\"itemListElement\":[{\"@type\":\"ListItem\",\"position\":1,\"name\":\"Home\",\"item\":\"https:\\\/\\\/www.allgeier.com\\\/de\\\/\"},{\"@type\":\"ListItem\",\"position\":2,\"name\":\"Investor Relations\",\"item\":\"https:\\\/\\\/www.allgeier.com\\\/de\\\/investor-relations\\\/\"},{\"@type\":\"ListItem\",\"position\":3,\"name\":\"Ad hoc-Mitteilungen\",\"item\":\"https:\\\/\\\/www.allgeier.com\\\/de\\\/investor-relations\\\/adhoc-announcements\\\/\"},{\"@type\":\"ListItem\",\"position\":4,\"name\":\"Allgeier Holding AG plant Kapitalerh\u00f6hung aus Gesellschaftsmitteln\"}]},{\"@type\":\"WebSite\",\"@id\":\"https:\\\/\\\/www.allgeier.com\\\/de\\\/#website\",\"url\":\"https:\\\/\\\/www.allgeier.com\\\/de\\\/\",\"name\":\"Allgeier SE\",\"description\":\"Software &amp; IT Services for digital transformation\",\"potentialAction\":[{\"@type\":\"SearchAction\",\"target\":{\"@type\":\"EntryPoint\",\"urlTemplate\":\"https:\\\/\\\/www.allgeier.com\\\/de\\\/?s={search_term_string}\"},\"query-input\":{\"@type\":\"PropertyValueSpecification\",\"valueRequired\":true,\"valueName\":\"search_term_string\"}}],\"inLanguage\":\"de\"}]}<\/script>\n<!-- \/ Yoast SEO plugin. -->","yoast_head_json":{"title":"Allgeier Holding AG plant Kapitalerh\u00f6hung aus Gesellschaftsmitteln - Allgeier SE","robots":{"index":"index","follow":"follow","max-snippet":"max-snippet:-1","max-image-preview":"max-image-preview:large","max-video-preview":"max-video-preview:-1"},"canonical":"https:\/\/www.allgeier.com\/de\/investor-relations\/adhoc-announcements\/allgeier-holding-ag-plant-kapitalerhoehung-aus-gesellschaftsmitteln\/","og_locale":"de_DE","og_type":"article","og_title":"Allgeier Holding AG plant Kapitalerh\u00f6hung aus Gesellschaftsmitteln - Allgeier SE","og_description":"Allgeier Holding AG, M\u00fcnchen, 29.04.2005 Vorstand und Aufsichtsrat der Allgeier Holding AG werden der am 21. Juni 2005 in M\u00fcnchen stattfindenden Hauptversammlung der Gesellschaft neben einer erneuten Erm\u00e4chtigung des Vorstands zum Erwerb eigener Aktien sowie einer Erm\u00e4chtigung des Vorstands zur Ausgabe","og_url":"https:\/\/www.allgeier.com\/de\/investor-relations\/adhoc-announcements\/allgeier-holding-ag-plant-kapitalerhoehung-aus-gesellschaftsmitteln\/","og_site_name":"Allgeier SE","article_modified_time":"2023-01-22T17:10:13+00:00","twitter_card":"summary_large_image","twitter_misc":{"Gesch\u00e4tzte Lesezeit":"1\u00a0Minute"},"schema":{"@context":"https:\/\/schema.org","@graph":[{"@type":"WebPage","@id":"https:\/\/www.allgeier.com\/de\/investor-relations\/adhoc-announcements\/allgeier-holding-ag-plant-kapitalerhoehung-aus-gesellschaftsmitteln\/","url":"https:\/\/www.allgeier.com\/de\/investor-relations\/adhoc-announcements\/allgeier-holding-ag-plant-kapitalerhoehung-aus-gesellschaftsmitteln\/","name":"Allgeier Holding AG plant Kapitalerh\u00f6hung aus Gesellschaftsmitteln - Allgeier SE","isPartOf":{"@id":"https:\/\/www.allgeier.com\/de\/#website"},"datePublished":"2005-04-29T10:46:27+00:00","dateModified":"2023-01-22T17:10:13+00:00","breadcrumb":{"@id":"https:\/\/www.allgeier.com\/de\/investor-relations\/adhoc-announcements\/allgeier-holding-ag-plant-kapitalerhoehung-aus-gesellschaftsmitteln\/#breadcrumb"},"inLanguage":"de","potentialAction":[{"@type":"ReadAction","target":["https:\/\/www.allgeier.com\/de\/investor-relations\/adhoc-announcements\/allgeier-holding-ag-plant-kapitalerhoehung-aus-gesellschaftsmitteln\/"]}]},{"@type":"BreadcrumbList","@id":"https:\/\/www.allgeier.com\/de\/investor-relations\/adhoc-announcements\/allgeier-holding-ag-plant-kapitalerhoehung-aus-gesellschaftsmitteln\/#breadcrumb","itemListElement":[{"@type":"ListItem","position":1,"name":"Home","item":"https:\/\/www.allgeier.com\/de\/"},{"@type":"ListItem","position":2,"name":"Investor Relations","item":"https:\/\/www.allgeier.com\/de\/investor-relations\/"},{"@type":"ListItem","position":3,"name":"Ad hoc-Mitteilungen","item":"https:\/\/www.allgeier.com\/de\/investor-relations\/adhoc-announcements\/"},{"@type":"ListItem","position":4,"name":"Allgeier Holding AG plant Kapitalerh\u00f6hung aus Gesellschaftsmitteln"}]},{"@type":"WebSite","@id":"https:\/\/www.allgeier.com\/de\/#website","url":"https:\/\/www.allgeier.com\/de\/","name":"Allgeier SE","description":"Software &amp; IT Services for digital transformation","potentialAction":[{"@type":"SearchAction","target":{"@type":"EntryPoint","urlTemplate":"https:\/\/www.allgeier.com\/de\/?s={search_term_string}"},"query-input":{"@type":"PropertyValueSpecification","valueRequired":true,"valueName":"search_term_string"}}],"inLanguage":"de"}]}},"_links":{"self":[{"href":"https:\/\/www.allgeier.com\/de\/wp-json\/wp\/v2\/pages\/5730","targetHints":{"allow":["GET"]}}],"collection":[{"href":"https:\/\/www.allgeier.com\/de\/wp-json\/wp\/v2\/pages"}],"about":[{"href":"https:\/\/www.allgeier.com\/de\/wp-json\/wp\/v2\/types\/page"}],"author":[{"embeddable":true,"href":"https:\/\/www.allgeier.com\/de\/wp-json\/wp\/v2\/users\/4"}],"replies":[{"embeddable":true,"href":"https:\/\/www.allgeier.com\/de\/wp-json\/wp\/v2\/comments?post=5730"}],"version-history":[{"count":1,"href":"https:\/\/www.allgeier.com\/de\/wp-json\/wp\/v2\/pages\/5730\/revisions"}],"predecessor-version":[{"id":5731,"href":"https:\/\/www.allgeier.com\/de\/wp-json\/wp\/v2\/pages\/5730\/revisions\/5731"}],"up":[{"embeddable":true,"href":"https:\/\/www.allgeier.com\/de\/wp-json\/wp\/v2\/pages\/1155"}],"wp:attachment":[{"href":"https:\/\/www.allgeier.com\/de\/wp-json\/wp\/v2\/media?parent=5730"}],"wp:term":[{"taxonomy":"category","embeddable":true,"href":"https:\/\/www.allgeier.com\/de\/wp-json\/wp\/v2\/categories?post=5730"},{"taxonomy":"post_tag","embeddable":true,"href":"https:\/\/www.allgeier.com\/de\/wp-json\/wp\/v2\/tags?post=5730"}],"curies":[{"name":"wp","href":"https:\/\/api.w.org\/{rel}","templated":true}]}}