{"id":5740,"date":"2004-12-30T15:01:19","date_gmt":"2004-12-30T16:01:19","guid":{"rendered":"https:\/\/www.allgeier.com\/de\/?page_id=5740"},"modified":"2023-01-22T17:10:14","modified_gmt":"2023-01-22T17:10:14","slug":"allgeier-holding-ag-erwirbt-it-unternehmen","status":"publish","type":"page","link":"https:\/\/www.allgeier.com\/de\/investor-relations\/adhoc-announcements\/allgeier-holding-ag-erwirbt-it-unternehmen\/","title":{"rendered":"Allgeier Holding AG erwirbt IT-Unternehmen"},"content":{"rendered":"<p><b>Allgeier Holding AG \/ Firmen\u00fcbernahme<\/b><\/p>\n<p>Ad-hoc-Meldung nach \u00a7 15 WpHG \u00fcbermittelt durch die EquityStory AG.<br \/>F\u00fcr den Inhalt der Mitteilung ist der Emittent verantwortlich.<br \/>&#8212;&#8212;&#8212;&#8212;&#8212;&#8212;&#8212;&#8212;&#8212;&#8212;&#8212;&#8212;&#8212;&#8212;&#8212;&#8212;&#8212;&#8212;&#8212;&#8212;&#8212;&#8212;&#8212;&#8212;&#8212;&#8212;&#8211;<\/p>\n<p>Die Allgeier Holding AG hat am heutigen Tag einen notariellen Kaufvertrag \u00fcber den Erwerb s\u00e4mtlicher GmbH Anteile der ICC InfoTeSys Computer Consulting GmbH  mit Sitz in K\u00f6ln geschlossen. Die ICC erbringt mit  \u00fcber 80  freiberuflichen und fest angestellten Mitarbeitern Dienstleistungen und Entwicklungen im Bereich komplexer IT-Anwendungen. Im Gesch\u00e4ftsjahr 2004 hat die ICC Ums\u00e4tze \u00fcber EUR 11 Mio. erzielt. Die Gesellschaft arbeitet seit Jahren profitabel. Die ICC verst\u00e4rkt das IT Dienstleistungsgesch\u00e4ft von Allgeier.<\/p>\n<p>Kontakt: Georg D\u00fcrschmidt Vorstand Tel. 089-998421-0 Fax  089-998421-11<\/p>\n<p>EquityStory AG 30.12.2004 <br \/>&#8212;&#8212;&#8212;&#8212;&#8212;&#8212;&#8212;&#8212;&#8212;&#8212;&#8212;&#8212;&#8212;&#8212;&#8212;&#8212;&#8212;&#8212;&#8212;&#8212;&#8212;&#8212;&#8212;&#8212;&#8212;&#8212;&#8211;<\/p>\n<p>Sprache:      Deutsch<br \/>Emittent:     Allgeier Holding AG<br \/>              Wehrlestrasse 12<br \/>              81679 M\u00fcnchen Deutschland<br \/>Telefon:      +49 (0)89 998 421-0<br \/>Fax:          +49 (0)89 998 421-11<br \/>Email:        info@allgeier.com<br \/>WWW:          www.allgeier-holding.com<br \/>ISIN:         DE0005086300<br \/>WKN:          508630<br \/>Indizes:      CDAX<br \/>B\u00f6rsen:       Geregelter Markt in Frankfurt; Freiverkehr in Berlin-Bremen,<br \/>              Hannover, Hamburg, D\u00fcsseldorf, Stuttgart<\/p>\n<p>Ende der Mitteilung                             EQS News-Service<\/p>\n<p>&#8212;&#8212;&#8212;&#8212;&#8212;&#8212;&#8212;&#8212;&#8212;&#8212;&#8212;&#8212;&#8212;&#8212;&#8212;&#8212;&#8212;&#8212;&#8212;&#8212;&#8212;&#8212;&#8212;&#8212;&#8212; <\/p>\n","protected":false},"excerpt":{"rendered":"<p>Die Allgeier Holding AG hat am heutigen Tag einen notariellen Kaufvertrag \u00fcber den Erwerb s\u00e4mtlicher GmbH Anteile der ICC InfoTeSys Computer Consulting GmbH mit Sitz in K\u00f6ln geschlossen. Die ICC erbringt mit \u00fcber 80 freiberuflichen und fest angestellten Mitarbeitern Dienstleistungen und Entwicklungen<\/p>\n","protected":false},"author":4,"featured_media":0,"parent":1155,"menu_order":0,"comment_status":"close","ping_status":"closed","template":"","meta":{"_acf_changed":false,"footnotes":""},"categories":[],"tags":[],"class_list":["post-5740","page","type-page","status-publish","hentry"],"acf":[],"yoast_head":"<!-- This site is optimized with the Yoast SEO plugin v27.4 - https:\/\/yoast.com\/product\/yoast-seo-wordpress\/ -->\n<title>Allgeier Holding AG erwirbt IT-Unternehmen - Allgeier SE<\/title>\n<meta name=\"robots\" content=\"index, follow, max-snippet:-1, max-image-preview:large, max-video-preview:-1\" \/>\n<link rel=\"canonical\" href=\"https:\/\/www.allgeier.com\/de\/investor-relations\/adhoc-announcements\/allgeier-holding-ag-erwirbt-it-unternehmen\/\" \/>\n<meta property=\"og:locale\" content=\"de_DE\" \/>\n<meta property=\"og:type\" content=\"article\" \/>\n<meta property=\"og:title\" content=\"Allgeier Holding AG erwirbt IT-Unternehmen - Allgeier SE\" \/>\n<meta property=\"og:description\" content=\"Die Allgeier Holding AG hat am heutigen Tag einen notariellen Kaufvertrag \u00fcber den Erwerb s\u00e4mtlicher GmbH Anteile der ICC InfoTeSys Computer Consulting GmbH mit Sitz in K\u00f6ln geschlossen. Die ICC erbringt mit \u00fcber 80 freiberuflichen und fest angestellten Mitarbeitern Dienstleistungen und Entwicklungen\" \/>\n<meta property=\"og:url\" content=\"https:\/\/www.allgeier.com\/de\/investor-relations\/adhoc-announcements\/allgeier-holding-ag-erwirbt-it-unternehmen\/\" \/>\n<meta property=\"og:site_name\" content=\"Allgeier SE\" \/>\n<meta property=\"article:modified_time\" content=\"2023-01-22T17:10:14+00:00\" \/>\n<meta name=\"twitter:card\" content=\"summary_large_image\" \/>\n<meta name=\"twitter:label1\" content=\"Gesch\u00e4tzte Lesezeit\" \/>\n\t<meta name=\"twitter:data1\" content=\"1\u00a0Minute\" \/>\n<script type=\"application\/ld+json\" class=\"yoast-schema-graph\">{\"@context\":\"https:\\\/\\\/schema.org\",\"@graph\":[{\"@type\":\"WebPage\",\"@id\":\"https:\\\/\\\/www.allgeier.com\\\/de\\\/investor-relations\\\/adhoc-announcements\\\/allgeier-holding-ag-erwirbt-it-unternehmen\\\/\",\"url\":\"https:\\\/\\\/www.allgeier.com\\\/de\\\/investor-relations\\\/adhoc-announcements\\\/allgeier-holding-ag-erwirbt-it-unternehmen\\\/\",\"name\":\"Allgeier Holding AG erwirbt IT-Unternehmen - Allgeier SE\",\"isPartOf\":{\"@id\":\"https:\\\/\\\/www.allgeier.com\\\/de\\\/#website\"},\"datePublished\":\"2004-12-30T16:01:19+00:00\",\"dateModified\":\"2023-01-22T17:10:14+00:00\",\"breadcrumb\":{\"@id\":\"https:\\\/\\\/www.allgeier.com\\\/de\\\/investor-relations\\\/adhoc-announcements\\\/allgeier-holding-ag-erwirbt-it-unternehmen\\\/#breadcrumb\"},\"inLanguage\":\"de\",\"potentialAction\":[{\"@type\":\"ReadAction\",\"target\":[\"https:\\\/\\\/www.allgeier.com\\\/de\\\/investor-relations\\\/adhoc-announcements\\\/allgeier-holding-ag-erwirbt-it-unternehmen\\\/\"]}]},{\"@type\":\"BreadcrumbList\",\"@id\":\"https:\\\/\\\/www.allgeier.com\\\/de\\\/investor-relations\\\/adhoc-announcements\\\/allgeier-holding-ag-erwirbt-it-unternehmen\\\/#breadcrumb\",\"itemListElement\":[{\"@type\":\"ListItem\",\"position\":1,\"name\":\"Home\",\"item\":\"https:\\\/\\\/www.allgeier.com\\\/de\\\/\"},{\"@type\":\"ListItem\",\"position\":2,\"name\":\"Investor Relations\",\"item\":\"https:\\\/\\\/www.allgeier.com\\\/de\\\/investor-relations\\\/\"},{\"@type\":\"ListItem\",\"position\":3,\"name\":\"Ad hoc-Mitteilungen\",\"item\":\"https:\\\/\\\/www.allgeier.com\\\/de\\\/investor-relations\\\/adhoc-announcements\\\/\"},{\"@type\":\"ListItem\",\"position\":4,\"name\":\"Allgeier Holding AG erwirbt IT-Unternehmen\"}]},{\"@type\":\"WebSite\",\"@id\":\"https:\\\/\\\/www.allgeier.com\\\/de\\\/#website\",\"url\":\"https:\\\/\\\/www.allgeier.com\\\/de\\\/\",\"name\":\"Allgeier SE\",\"description\":\"Software &amp; IT Services for digital transformation\",\"potentialAction\":[{\"@type\":\"SearchAction\",\"target\":{\"@type\":\"EntryPoint\",\"urlTemplate\":\"https:\\\/\\\/www.allgeier.com\\\/de\\\/?s={search_term_string}\"},\"query-input\":{\"@type\":\"PropertyValueSpecification\",\"valueRequired\":true,\"valueName\":\"search_term_string\"}}],\"inLanguage\":\"de\"}]}<\/script>\n<!-- \/ Yoast SEO plugin. -->","yoast_head_json":{"title":"Allgeier Holding AG erwirbt IT-Unternehmen - Allgeier SE","robots":{"index":"index","follow":"follow","max-snippet":"max-snippet:-1","max-image-preview":"max-image-preview:large","max-video-preview":"max-video-preview:-1"},"canonical":"https:\/\/www.allgeier.com\/de\/investor-relations\/adhoc-announcements\/allgeier-holding-ag-erwirbt-it-unternehmen\/","og_locale":"de_DE","og_type":"article","og_title":"Allgeier Holding AG erwirbt IT-Unternehmen - Allgeier SE","og_description":"Die Allgeier Holding AG hat am heutigen Tag einen notariellen Kaufvertrag \u00fcber den Erwerb s\u00e4mtlicher GmbH Anteile der ICC InfoTeSys Computer Consulting GmbH mit Sitz in K\u00f6ln geschlossen. Die ICC erbringt mit \u00fcber 80 freiberuflichen und fest angestellten Mitarbeitern Dienstleistungen und Entwicklungen","og_url":"https:\/\/www.allgeier.com\/de\/investor-relations\/adhoc-announcements\/allgeier-holding-ag-erwirbt-it-unternehmen\/","og_site_name":"Allgeier SE","article_modified_time":"2023-01-22T17:10:14+00:00","twitter_card":"summary_large_image","twitter_misc":{"Gesch\u00e4tzte Lesezeit":"1\u00a0Minute"},"schema":{"@context":"https:\/\/schema.org","@graph":[{"@type":"WebPage","@id":"https:\/\/www.allgeier.com\/de\/investor-relations\/adhoc-announcements\/allgeier-holding-ag-erwirbt-it-unternehmen\/","url":"https:\/\/www.allgeier.com\/de\/investor-relations\/adhoc-announcements\/allgeier-holding-ag-erwirbt-it-unternehmen\/","name":"Allgeier Holding AG erwirbt IT-Unternehmen - Allgeier SE","isPartOf":{"@id":"https:\/\/www.allgeier.com\/de\/#website"},"datePublished":"2004-12-30T16:01:19+00:00","dateModified":"2023-01-22T17:10:14+00:00","breadcrumb":{"@id":"https:\/\/www.allgeier.com\/de\/investor-relations\/adhoc-announcements\/allgeier-holding-ag-erwirbt-it-unternehmen\/#breadcrumb"},"inLanguage":"de","potentialAction":[{"@type":"ReadAction","target":["https:\/\/www.allgeier.com\/de\/investor-relations\/adhoc-announcements\/allgeier-holding-ag-erwirbt-it-unternehmen\/"]}]},{"@type":"BreadcrumbList","@id":"https:\/\/www.allgeier.com\/de\/investor-relations\/adhoc-announcements\/allgeier-holding-ag-erwirbt-it-unternehmen\/#breadcrumb","itemListElement":[{"@type":"ListItem","position":1,"name":"Home","item":"https:\/\/www.allgeier.com\/de\/"},{"@type":"ListItem","position":2,"name":"Investor Relations","item":"https:\/\/www.allgeier.com\/de\/investor-relations\/"},{"@type":"ListItem","position":3,"name":"Ad hoc-Mitteilungen","item":"https:\/\/www.allgeier.com\/de\/investor-relations\/adhoc-announcements\/"},{"@type":"ListItem","position":4,"name":"Allgeier Holding AG erwirbt IT-Unternehmen"}]},{"@type":"WebSite","@id":"https:\/\/www.allgeier.com\/de\/#website","url":"https:\/\/www.allgeier.com\/de\/","name":"Allgeier SE","description":"Software &amp; IT Services for digital transformation","potentialAction":[{"@type":"SearchAction","target":{"@type":"EntryPoint","urlTemplate":"https:\/\/www.allgeier.com\/de\/?s={search_term_string}"},"query-input":{"@type":"PropertyValueSpecification","valueRequired":true,"valueName":"search_term_string"}}],"inLanguage":"de"}]}},"_links":{"self":[{"href":"https:\/\/www.allgeier.com\/de\/wp-json\/wp\/v2\/pages\/5740","targetHints":{"allow":["GET"]}}],"collection":[{"href":"https:\/\/www.allgeier.com\/de\/wp-json\/wp\/v2\/pages"}],"about":[{"href":"https:\/\/www.allgeier.com\/de\/wp-json\/wp\/v2\/types\/page"}],"author":[{"embeddable":true,"href":"https:\/\/www.allgeier.com\/de\/wp-json\/wp\/v2\/users\/4"}],"replies":[{"embeddable":true,"href":"https:\/\/www.allgeier.com\/de\/wp-json\/wp\/v2\/comments?post=5740"}],"version-history":[{"count":1,"href":"https:\/\/www.allgeier.com\/de\/wp-json\/wp\/v2\/pages\/5740\/revisions"}],"predecessor-version":[{"id":5741,"href":"https:\/\/www.allgeier.com\/de\/wp-json\/wp\/v2\/pages\/5740\/revisions\/5741"}],"up":[{"embeddable":true,"href":"https:\/\/www.allgeier.com\/de\/wp-json\/wp\/v2\/pages\/1155"}],"wp:attachment":[{"href":"https:\/\/www.allgeier.com\/de\/wp-json\/wp\/v2\/media?parent=5740"}],"wp:term":[{"taxonomy":"category","embeddable":true,"href":"https:\/\/www.allgeier.com\/de\/wp-json\/wp\/v2\/categories?post=5740"},{"taxonomy":"post_tag","embeddable":true,"href":"https:\/\/www.allgeier.com\/de\/wp-json\/wp\/v2\/tags?post=5740"}],"curies":[{"name":"wp","href":"https:\/\/api.w.org\/{rel}","templated":true}]}}