{"id":5752,"date":"2004-04-29T07:00:00","date_gmt":"2004-04-29T07:00:00","guid":{"rendered":"https:\/\/www.allgeier.com\/de\/?page_id=5752"},"modified":"2023-01-22T17:10:14","modified_gmt":"2023-01-22T17:10:14","slug":"allgeier-holding-ag-erwirbt-it-unternehmen-2","status":"publish","type":"page","link":"https:\/\/www.allgeier.com\/de\/investor-relations\/adhoc-announcements\/allgeier-holding-ag-erwirbt-it-unternehmen-2\/","title":{"rendered":"Allgeier Holding AG erwirbt IT-Unternehmen"},"content":{"rendered":"<p>Die GFU Management GmbH i.Gr., eine Tochtergesellschaft der Allgeier Holding AG, hat am heutigen Tag einen notariellen Kaufvertrag \u00fcber den Erwerb s\u00e4mtlicher Kommanditanteile an der GFU Kiefer + Partner GmbH &amp; Co. KG mit Sitz in Pullach i. Isartal sowie s\u00e4mtlicher Gesch\u00e4ftsanteile an deren Komplement\u00e4rin, Kiefer GmbH, geschlossen. Die bisherigen Gesch\u00e4ftsf\u00fchrer, die Herren Joachim Himmer und Hartmuth Rampitsch beteiligen sich im Zuge der Transaktion mit 10% an der GFU Management GmbH i.Gr. Die GFU Kiefer + Partner GmbH &amp; Co. KG erbringt mit \u00fcber 100 freiberuflichen und fest angestellten Mitarbeitern Dienstleistungen und Entwicklungen im Bereich komplexer IT-Anwendungen. Im Gesch\u00e4ftsjahr 2003 hat die GFU Ums\u00e4tze \u00fcber EUR 11 Mio. erzielt. Die Gesellschaft arbeitet seit Jahren profitabel. <BR \/><\/p>\n","protected":false},"excerpt":{"rendered":"<p>Die GFU Management GmbH i.Gr., eine Tochtergesellschaft der Allgeier Holding AG, hat am heutigen Tag einen notariellen Kaufvertrag \u00fcber den Erwerb s\u00e4mtlicher Kommanditanteile an der GFU Kiefer + Partner GmbH &#038; Co. KG mit Sitz in Pullach i. Isartal sowie s\u00e4mtlicher Gesch\u00e4ftsanteile an deren Komplement\u00e4rin,<\/p>\n","protected":false},"author":4,"featured_media":0,"parent":1155,"menu_order":0,"comment_status":"close","ping_status":"closed","template":"","meta":{"_acf_changed":false,"footnotes":""},"categories":[],"tags":[],"class_list":["post-5752","page","type-page","status-publish","hentry"],"acf":[],"yoast_head":"<!-- This site is optimized with the Yoast SEO plugin v27.4 - https:\/\/yoast.com\/product\/yoast-seo-wordpress\/ -->\n<title>Allgeier Holding AG erwirbt IT-Unternehmen - Allgeier SE<\/title>\n<meta name=\"robots\" content=\"index, follow, max-snippet:-1, max-image-preview:large, max-video-preview:-1\" \/>\n<link rel=\"canonical\" href=\"https:\/\/www.allgeier.com\/de\/investor-relations\/adhoc-announcements\/allgeier-holding-ag-erwirbt-it-unternehmen-2\/\" \/>\n<meta property=\"og:locale\" content=\"de_DE\" \/>\n<meta property=\"og:type\" content=\"article\" \/>\n<meta property=\"og:title\" content=\"Allgeier Holding AG erwirbt IT-Unternehmen - Allgeier SE\" \/>\n<meta property=\"og:description\" content=\"Die GFU Management GmbH i.Gr., eine Tochtergesellschaft der Allgeier Holding AG, hat am heutigen Tag einen notariellen Kaufvertrag \u00fcber den Erwerb s\u00e4mtlicher Kommanditanteile an der GFU Kiefer + Partner GmbH &amp; Co. KG mit Sitz in Pullach i. Isartal sowie s\u00e4mtlicher Gesch\u00e4ftsanteile an deren Komplement\u00e4rin,\" \/>\n<meta property=\"og:url\" content=\"https:\/\/www.allgeier.com\/de\/investor-relations\/adhoc-announcements\/allgeier-holding-ag-erwirbt-it-unternehmen-2\/\" \/>\n<meta property=\"og:site_name\" content=\"Allgeier SE\" \/>\n<meta property=\"article:modified_time\" content=\"2023-01-22T17:10:14+00:00\" \/>\n<meta name=\"twitter:card\" content=\"summary_large_image\" \/>\n<meta name=\"twitter:label1\" content=\"Gesch\u00e4tzte Lesezeit\" \/>\n\t<meta name=\"twitter:data1\" content=\"1\u00a0Minute\" \/>\n<script type=\"application\/ld+json\" class=\"yoast-schema-graph\">{\"@context\":\"https:\\\/\\\/schema.org\",\"@graph\":[{\"@type\":\"WebPage\",\"@id\":\"https:\\\/\\\/www.allgeier.com\\\/de\\\/investor-relations\\\/adhoc-announcements\\\/allgeier-holding-ag-erwirbt-it-unternehmen-2\\\/\",\"url\":\"https:\\\/\\\/www.allgeier.com\\\/de\\\/investor-relations\\\/adhoc-announcements\\\/allgeier-holding-ag-erwirbt-it-unternehmen-2\\\/\",\"name\":\"Allgeier Holding AG erwirbt IT-Unternehmen - Allgeier SE\",\"isPartOf\":{\"@id\":\"https:\\\/\\\/www.allgeier.com\\\/de\\\/#website\"},\"datePublished\":\"2004-04-29T07:00:00+00:00\",\"dateModified\":\"2023-01-22T17:10:14+00:00\",\"breadcrumb\":{\"@id\":\"https:\\\/\\\/www.allgeier.com\\\/de\\\/investor-relations\\\/adhoc-announcements\\\/allgeier-holding-ag-erwirbt-it-unternehmen-2\\\/#breadcrumb\"},\"inLanguage\":\"de\",\"potentialAction\":[{\"@type\":\"ReadAction\",\"target\":[\"https:\\\/\\\/www.allgeier.com\\\/de\\\/investor-relations\\\/adhoc-announcements\\\/allgeier-holding-ag-erwirbt-it-unternehmen-2\\\/\"]}]},{\"@type\":\"BreadcrumbList\",\"@id\":\"https:\\\/\\\/www.allgeier.com\\\/de\\\/investor-relations\\\/adhoc-announcements\\\/allgeier-holding-ag-erwirbt-it-unternehmen-2\\\/#breadcrumb\",\"itemListElement\":[{\"@type\":\"ListItem\",\"position\":1,\"name\":\"Home\",\"item\":\"https:\\\/\\\/www.allgeier.com\\\/de\\\/\"},{\"@type\":\"ListItem\",\"position\":2,\"name\":\"Investor Relations\",\"item\":\"https:\\\/\\\/www.allgeier.com\\\/de\\\/investor-relations\\\/\"},{\"@type\":\"ListItem\",\"position\":3,\"name\":\"Ad hoc-Mitteilungen\",\"item\":\"https:\\\/\\\/www.allgeier.com\\\/de\\\/investor-relations\\\/adhoc-announcements\\\/\"},{\"@type\":\"ListItem\",\"position\":4,\"name\":\"Allgeier Holding AG erwirbt IT-Unternehmen\"}]},{\"@type\":\"WebSite\",\"@id\":\"https:\\\/\\\/www.allgeier.com\\\/de\\\/#website\",\"url\":\"https:\\\/\\\/www.allgeier.com\\\/de\\\/\",\"name\":\"Allgeier SE\",\"description\":\"Software &amp; IT Services for digital transformation\",\"potentialAction\":[{\"@type\":\"SearchAction\",\"target\":{\"@type\":\"EntryPoint\",\"urlTemplate\":\"https:\\\/\\\/www.allgeier.com\\\/de\\\/?s={search_term_string}\"},\"query-input\":{\"@type\":\"PropertyValueSpecification\",\"valueRequired\":true,\"valueName\":\"search_term_string\"}}],\"inLanguage\":\"de\"}]}<\/script>\n<!-- \/ Yoast SEO plugin. -->","yoast_head_json":{"title":"Allgeier Holding AG erwirbt IT-Unternehmen - Allgeier SE","robots":{"index":"index","follow":"follow","max-snippet":"max-snippet:-1","max-image-preview":"max-image-preview:large","max-video-preview":"max-video-preview:-1"},"canonical":"https:\/\/www.allgeier.com\/de\/investor-relations\/adhoc-announcements\/allgeier-holding-ag-erwirbt-it-unternehmen-2\/","og_locale":"de_DE","og_type":"article","og_title":"Allgeier Holding AG erwirbt IT-Unternehmen - Allgeier SE","og_description":"Die GFU Management GmbH i.Gr., eine Tochtergesellschaft der Allgeier Holding AG, hat am heutigen Tag einen notariellen Kaufvertrag \u00fcber den Erwerb s\u00e4mtlicher Kommanditanteile an der GFU Kiefer + Partner GmbH & Co. KG mit Sitz in Pullach i. Isartal sowie s\u00e4mtlicher Gesch\u00e4ftsanteile an deren Komplement\u00e4rin,","og_url":"https:\/\/www.allgeier.com\/de\/investor-relations\/adhoc-announcements\/allgeier-holding-ag-erwirbt-it-unternehmen-2\/","og_site_name":"Allgeier SE","article_modified_time":"2023-01-22T17:10:14+00:00","twitter_card":"summary_large_image","twitter_misc":{"Gesch\u00e4tzte Lesezeit":"1\u00a0Minute"},"schema":{"@context":"https:\/\/schema.org","@graph":[{"@type":"WebPage","@id":"https:\/\/www.allgeier.com\/de\/investor-relations\/adhoc-announcements\/allgeier-holding-ag-erwirbt-it-unternehmen-2\/","url":"https:\/\/www.allgeier.com\/de\/investor-relations\/adhoc-announcements\/allgeier-holding-ag-erwirbt-it-unternehmen-2\/","name":"Allgeier Holding AG erwirbt IT-Unternehmen - Allgeier SE","isPartOf":{"@id":"https:\/\/www.allgeier.com\/de\/#website"},"datePublished":"2004-04-29T07:00:00+00:00","dateModified":"2023-01-22T17:10:14+00:00","breadcrumb":{"@id":"https:\/\/www.allgeier.com\/de\/investor-relations\/adhoc-announcements\/allgeier-holding-ag-erwirbt-it-unternehmen-2\/#breadcrumb"},"inLanguage":"de","potentialAction":[{"@type":"ReadAction","target":["https:\/\/www.allgeier.com\/de\/investor-relations\/adhoc-announcements\/allgeier-holding-ag-erwirbt-it-unternehmen-2\/"]}]},{"@type":"BreadcrumbList","@id":"https:\/\/www.allgeier.com\/de\/investor-relations\/adhoc-announcements\/allgeier-holding-ag-erwirbt-it-unternehmen-2\/#breadcrumb","itemListElement":[{"@type":"ListItem","position":1,"name":"Home","item":"https:\/\/www.allgeier.com\/de\/"},{"@type":"ListItem","position":2,"name":"Investor Relations","item":"https:\/\/www.allgeier.com\/de\/investor-relations\/"},{"@type":"ListItem","position":3,"name":"Ad hoc-Mitteilungen","item":"https:\/\/www.allgeier.com\/de\/investor-relations\/adhoc-announcements\/"},{"@type":"ListItem","position":4,"name":"Allgeier Holding AG erwirbt IT-Unternehmen"}]},{"@type":"WebSite","@id":"https:\/\/www.allgeier.com\/de\/#website","url":"https:\/\/www.allgeier.com\/de\/","name":"Allgeier SE","description":"Software &amp; IT Services for digital transformation","potentialAction":[{"@type":"SearchAction","target":{"@type":"EntryPoint","urlTemplate":"https:\/\/www.allgeier.com\/de\/?s={search_term_string}"},"query-input":{"@type":"PropertyValueSpecification","valueRequired":true,"valueName":"search_term_string"}}],"inLanguage":"de"}]}},"_links":{"self":[{"href":"https:\/\/www.allgeier.com\/de\/wp-json\/wp\/v2\/pages\/5752","targetHints":{"allow":["GET"]}}],"collection":[{"href":"https:\/\/www.allgeier.com\/de\/wp-json\/wp\/v2\/pages"}],"about":[{"href":"https:\/\/www.allgeier.com\/de\/wp-json\/wp\/v2\/types\/page"}],"author":[{"embeddable":true,"href":"https:\/\/www.allgeier.com\/de\/wp-json\/wp\/v2\/users\/4"}],"replies":[{"embeddable":true,"href":"https:\/\/www.allgeier.com\/de\/wp-json\/wp\/v2\/comments?post=5752"}],"version-history":[{"count":1,"href":"https:\/\/www.allgeier.com\/de\/wp-json\/wp\/v2\/pages\/5752\/revisions"}],"predecessor-version":[{"id":5753,"href":"https:\/\/www.allgeier.com\/de\/wp-json\/wp\/v2\/pages\/5752\/revisions\/5753"}],"up":[{"embeddable":true,"href":"https:\/\/www.allgeier.com\/de\/wp-json\/wp\/v2\/pages\/1155"}],"wp:attachment":[{"href":"https:\/\/www.allgeier.com\/de\/wp-json\/wp\/v2\/media?parent=5752"}],"wp:term":[{"taxonomy":"category","embeddable":true,"href":"https:\/\/www.allgeier.com\/de\/wp-json\/wp\/v2\/categories?post=5752"},{"taxonomy":"post_tag","embeddable":true,"href":"https:\/\/www.allgeier.com\/de\/wp-json\/wp\/v2\/tags?post=5752"}],"curies":[{"name":"wp","href":"https:\/\/api.w.org\/{rel}","templated":true}]}}