{"id":5754,"date":"2004-04-07T07:00:00","date_gmt":"2004-04-07T07:00:00","guid":{"rendered":"https:\/\/www.allgeier.com\/de\/?page_id=5754"},"modified":"2023-01-22T17:10:14","modified_gmt":"2023-01-22T17:10:14","slug":"vorlaeufige-geschaeftszahlen-2003","status":"publish","type":"page","link":"https:\/\/www.allgeier.com\/de\/investor-relations\/adhoc-announcements\/vorlaeufige-geschaeftszahlen-2003\/","title":{"rendered":"Vorl\u00e4ufige Gesch\u00e4ftszahlen 2003"},"content":{"rendered":"<p>Allgeier Holding AG gibt vorl\u00e4ufige Konzerngesch\u00e4ftszahlen f\u00fcr das Gesch\u00e4ftsjahr 2003 bekannt.<BR \/><BR \/>Der vorl\u00e4ufige, noch nicht gepr\u00fcfte Konzernabschluss weist f\u00fcr das Gesch\u00e4ftsjahr 2003 Umsatzerl\u00f6se des Konzerns in H\u00f6he von 41 Mio \u20ac (im Vergleich zu 22 Mio \u20ac in 2002) aus. Das f\u00fcr das Gesch\u00e4ftsjahr 2003 erwartete Ergebnis vor Zinsen und Steuern (EBIT) betr\u00e4gt -4 Mio \u20ac (im Vergleich zu -1 Mio \u20ac in 2002). Das erwartete Ergebnis vor Steuern (EBT) bel\u00e4uft sich auf \u20ac &#8211; 4 Mio (im Vergleich zu -1 Mio \u20ac in 2002). Der Konzernverlust ist u.a. durch eine nennenswerte Abschreibung auf Beteiligungsbuchwerte bestimmt.<BR \/><\/p>\n","protected":false},"excerpt":{"rendered":"<p>Allgeier Holding AG gibt vorl\u00e4ufige Konzerngesch\u00e4ftszahlen f\u00fcr das Gesch\u00e4ftsjahr 2003 bekannt.Der vorl\u00e4ufige, noch nicht gepr\u00fcfte Konzernabschluss weist f\u00fcr das Gesch\u00e4ftsjahr 2003 Umsatzerl\u00f6se des Konzerns in H\u00f6he von 41 Mio \u20ac (im Vergleich zu 22 Mio \u20ac in 2002) aus. Das f\u00fcr das Gesch\u00e4ftsjahr 2003 erwartete<\/p>\n","protected":false},"author":4,"featured_media":0,"parent":1155,"menu_order":0,"comment_status":"close","ping_status":"closed","template":"","meta":{"_acf_changed":false,"footnotes":""},"categories":[],"tags":[],"class_list":["post-5754","page","type-page","status-publish","hentry"],"acf":[],"yoast_head":"<!-- This site is optimized with the Yoast SEO plugin v27.4 - https:\/\/yoast.com\/product\/yoast-seo-wordpress\/ -->\n<title>Vorl\u00e4ufige Gesch\u00e4ftszahlen 2003 - Allgeier SE<\/title>\n<meta name=\"robots\" content=\"index, follow, max-snippet:-1, max-image-preview:large, max-video-preview:-1\" \/>\n<link rel=\"canonical\" href=\"https:\/\/www.allgeier.com\/de\/investor-relations\/adhoc-announcements\/vorlaeufige-geschaeftszahlen-2003\/\" \/>\n<meta property=\"og:locale\" content=\"de_DE\" \/>\n<meta property=\"og:type\" content=\"article\" \/>\n<meta property=\"og:title\" content=\"Vorl\u00e4ufige Gesch\u00e4ftszahlen 2003 - Allgeier SE\" \/>\n<meta property=\"og:description\" content=\"Allgeier Holding AG gibt vorl\u00e4ufige Konzerngesch\u00e4ftszahlen f\u00fcr das Gesch\u00e4ftsjahr 2003 bekannt.Der vorl\u00e4ufige, noch nicht gepr\u00fcfte Konzernabschluss weist f\u00fcr das Gesch\u00e4ftsjahr 2003 Umsatzerl\u00f6se des Konzerns in H\u00f6he von 41 Mio \u20ac (im Vergleich zu 22 Mio \u20ac in 2002) aus. Das f\u00fcr das Gesch\u00e4ftsjahr 2003 erwartete\" \/>\n<meta property=\"og:url\" content=\"https:\/\/www.allgeier.com\/de\/investor-relations\/adhoc-announcements\/vorlaeufige-geschaeftszahlen-2003\/\" \/>\n<meta property=\"og:site_name\" content=\"Allgeier SE\" \/>\n<meta property=\"article:modified_time\" content=\"2023-01-22T17:10:14+00:00\" \/>\n<meta name=\"twitter:card\" content=\"summary_large_image\" \/>\n<script type=\"application\/ld+json\" class=\"yoast-schema-graph\">{\"@context\":\"https:\\\/\\\/schema.org\",\"@graph\":[{\"@type\":\"WebPage\",\"@id\":\"https:\\\/\\\/www.allgeier.com\\\/de\\\/investor-relations\\\/adhoc-announcements\\\/vorlaeufige-geschaeftszahlen-2003\\\/\",\"url\":\"https:\\\/\\\/www.allgeier.com\\\/de\\\/investor-relations\\\/adhoc-announcements\\\/vorlaeufige-geschaeftszahlen-2003\\\/\",\"name\":\"Vorl\u00e4ufige Gesch\u00e4ftszahlen 2003 - Allgeier SE\",\"isPartOf\":{\"@id\":\"https:\\\/\\\/www.allgeier.com\\\/de\\\/#website\"},\"datePublished\":\"2004-04-07T07:00:00+00:00\",\"dateModified\":\"2023-01-22T17:10:14+00:00\",\"breadcrumb\":{\"@id\":\"https:\\\/\\\/www.allgeier.com\\\/de\\\/investor-relations\\\/adhoc-announcements\\\/vorlaeufige-geschaeftszahlen-2003\\\/#breadcrumb\"},\"inLanguage\":\"de\",\"potentialAction\":[{\"@type\":\"ReadAction\",\"target\":[\"https:\\\/\\\/www.allgeier.com\\\/de\\\/investor-relations\\\/adhoc-announcements\\\/vorlaeufige-geschaeftszahlen-2003\\\/\"]}]},{\"@type\":\"BreadcrumbList\",\"@id\":\"https:\\\/\\\/www.allgeier.com\\\/de\\\/investor-relations\\\/adhoc-announcements\\\/vorlaeufige-geschaeftszahlen-2003\\\/#breadcrumb\",\"itemListElement\":[{\"@type\":\"ListItem\",\"position\":1,\"name\":\"Home\",\"item\":\"https:\\\/\\\/www.allgeier.com\\\/de\\\/\"},{\"@type\":\"ListItem\",\"position\":2,\"name\":\"Investor Relations\",\"item\":\"https:\\\/\\\/www.allgeier.com\\\/de\\\/investor-relations\\\/\"},{\"@type\":\"ListItem\",\"position\":3,\"name\":\"Ad hoc-Mitteilungen\",\"item\":\"https:\\\/\\\/www.allgeier.com\\\/de\\\/investor-relations\\\/adhoc-announcements\\\/\"},{\"@type\":\"ListItem\",\"position\":4,\"name\":\"Vorl\u00e4ufige Gesch\u00e4ftszahlen 2003\"}]},{\"@type\":\"WebSite\",\"@id\":\"https:\\\/\\\/www.allgeier.com\\\/de\\\/#website\",\"url\":\"https:\\\/\\\/www.allgeier.com\\\/de\\\/\",\"name\":\"Allgeier SE\",\"description\":\"Software &amp; IT Services for digital transformation\",\"potentialAction\":[{\"@type\":\"SearchAction\",\"target\":{\"@type\":\"EntryPoint\",\"urlTemplate\":\"https:\\\/\\\/www.allgeier.com\\\/de\\\/?s={search_term_string}\"},\"query-input\":{\"@type\":\"PropertyValueSpecification\",\"valueRequired\":true,\"valueName\":\"search_term_string\"}}],\"inLanguage\":\"de\"}]}<\/script>\n<!-- \/ Yoast SEO plugin. -->","yoast_head_json":{"title":"Vorl\u00e4ufige Gesch\u00e4ftszahlen 2003 - Allgeier SE","robots":{"index":"index","follow":"follow","max-snippet":"max-snippet:-1","max-image-preview":"max-image-preview:large","max-video-preview":"max-video-preview:-1"},"canonical":"https:\/\/www.allgeier.com\/de\/investor-relations\/adhoc-announcements\/vorlaeufige-geschaeftszahlen-2003\/","og_locale":"de_DE","og_type":"article","og_title":"Vorl\u00e4ufige Gesch\u00e4ftszahlen 2003 - Allgeier SE","og_description":"Allgeier Holding AG gibt vorl\u00e4ufige Konzerngesch\u00e4ftszahlen f\u00fcr das Gesch\u00e4ftsjahr 2003 bekannt.Der vorl\u00e4ufige, noch nicht gepr\u00fcfte Konzernabschluss weist f\u00fcr das Gesch\u00e4ftsjahr 2003 Umsatzerl\u00f6se des Konzerns in H\u00f6he von 41 Mio \u20ac (im Vergleich zu 22 Mio \u20ac in 2002) aus. Das f\u00fcr das Gesch\u00e4ftsjahr 2003 erwartete","og_url":"https:\/\/www.allgeier.com\/de\/investor-relations\/adhoc-announcements\/vorlaeufige-geschaeftszahlen-2003\/","og_site_name":"Allgeier SE","article_modified_time":"2023-01-22T17:10:14+00:00","twitter_card":"summary_large_image","schema":{"@context":"https:\/\/schema.org","@graph":[{"@type":"WebPage","@id":"https:\/\/www.allgeier.com\/de\/investor-relations\/adhoc-announcements\/vorlaeufige-geschaeftszahlen-2003\/","url":"https:\/\/www.allgeier.com\/de\/investor-relations\/adhoc-announcements\/vorlaeufige-geschaeftszahlen-2003\/","name":"Vorl\u00e4ufige Gesch\u00e4ftszahlen 2003 - Allgeier SE","isPartOf":{"@id":"https:\/\/www.allgeier.com\/de\/#website"},"datePublished":"2004-04-07T07:00:00+00:00","dateModified":"2023-01-22T17:10:14+00:00","breadcrumb":{"@id":"https:\/\/www.allgeier.com\/de\/investor-relations\/adhoc-announcements\/vorlaeufige-geschaeftszahlen-2003\/#breadcrumb"},"inLanguage":"de","potentialAction":[{"@type":"ReadAction","target":["https:\/\/www.allgeier.com\/de\/investor-relations\/adhoc-announcements\/vorlaeufige-geschaeftszahlen-2003\/"]}]},{"@type":"BreadcrumbList","@id":"https:\/\/www.allgeier.com\/de\/investor-relations\/adhoc-announcements\/vorlaeufige-geschaeftszahlen-2003\/#breadcrumb","itemListElement":[{"@type":"ListItem","position":1,"name":"Home","item":"https:\/\/www.allgeier.com\/de\/"},{"@type":"ListItem","position":2,"name":"Investor Relations","item":"https:\/\/www.allgeier.com\/de\/investor-relations\/"},{"@type":"ListItem","position":3,"name":"Ad hoc-Mitteilungen","item":"https:\/\/www.allgeier.com\/de\/investor-relations\/adhoc-announcements\/"},{"@type":"ListItem","position":4,"name":"Vorl\u00e4ufige Gesch\u00e4ftszahlen 2003"}]},{"@type":"WebSite","@id":"https:\/\/www.allgeier.com\/de\/#website","url":"https:\/\/www.allgeier.com\/de\/","name":"Allgeier SE","description":"Software &amp; IT Services for digital transformation","potentialAction":[{"@type":"SearchAction","target":{"@type":"EntryPoint","urlTemplate":"https:\/\/www.allgeier.com\/de\/?s={search_term_string}"},"query-input":{"@type":"PropertyValueSpecification","valueRequired":true,"valueName":"search_term_string"}}],"inLanguage":"de"}]}},"_links":{"self":[{"href":"https:\/\/www.allgeier.com\/de\/wp-json\/wp\/v2\/pages\/5754","targetHints":{"allow":["GET"]}}],"collection":[{"href":"https:\/\/www.allgeier.com\/de\/wp-json\/wp\/v2\/pages"}],"about":[{"href":"https:\/\/www.allgeier.com\/de\/wp-json\/wp\/v2\/types\/page"}],"author":[{"embeddable":true,"href":"https:\/\/www.allgeier.com\/de\/wp-json\/wp\/v2\/users\/4"}],"replies":[{"embeddable":true,"href":"https:\/\/www.allgeier.com\/de\/wp-json\/wp\/v2\/comments?post=5754"}],"version-history":[{"count":1,"href":"https:\/\/www.allgeier.com\/de\/wp-json\/wp\/v2\/pages\/5754\/revisions"}],"predecessor-version":[{"id":5755,"href":"https:\/\/www.allgeier.com\/de\/wp-json\/wp\/v2\/pages\/5754\/revisions\/5755"}],"up":[{"embeddable":true,"href":"https:\/\/www.allgeier.com\/de\/wp-json\/wp\/v2\/pages\/1155"}],"wp:attachment":[{"href":"https:\/\/www.allgeier.com\/de\/wp-json\/wp\/v2\/media?parent=5754"}],"wp:term":[{"taxonomy":"category","embeddable":true,"href":"https:\/\/www.allgeier.com\/de\/wp-json\/wp\/v2\/categories?post=5754"},{"taxonomy":"post_tag","embeddable":true,"href":"https:\/\/www.allgeier.com\/de\/wp-json\/wp\/v2\/tags?post=5754"}],"curies":[{"name":"wp","href":"https:\/\/api.w.org\/{rel}","templated":true}]}}