{"id":5774,"date":"2023-02-16T11:08:57","date_gmt":"2023-02-16T11:08:57","guid":{"rendered":"https:\/\/www.allgeier.com\/de\/?page_id=5774"},"modified":"2024-05-08T09:53:38","modified_gmt":"2024-05-08T09:53:38","slug":"for-customers","status":"publish","type":"page","link":"https:\/\/www.allgeier.com\/de\/legal-compliance\/for-customers\/","title":{"rendered":"F\u00fcr Kunden"},"content":{"rendered":"<p><strong>Wir freuen uns, dass wir Sie mit unseren Leistungen beliefern d\u00fcrfen! Nachstehend finden Sie die Dokumente, auf die wir in unseren Angeboten und Vertr\u00e4gen referenzieren. Au\u00dferdem bekommen Sie mit unserem Compliance White Paper unten einen guten Einblick in unsere Compliance-Aktivit\u00e4ten.<\/strong><\/p>\n<p><strong>Bei Fragen sprechen Sie gerne Ihren Ansprechpartner bei ALLGEIER an.<\/strong><\/p>\n<p>&nbsp;<\/p>\n<h4 id=\"LieberKunde,herzlichWillkommenbeiALLGEIER!-SoftwareasaServiceGesch\u00e4ftsbedingungen(SaaSSales)\">Software as a Service Gesch\u00e4ftsbedingungen (SaaS Sales)<\/h4>\n<p><a href=\"https:\/\/www.allgeier.com\/de\/wp-content\/uploads\/sites\/3\/2024\/03\/SaaS_de.pdf\" target=\"_blank\" rel=\"noopener\">SaaS_de<\/a><\/p>\n<p>&nbsp;<\/p>\n<h4 id=\"LieberKunde,herzlichWillkommenbeiALLGEIER!-Vertraulichkeitsvereinbarung(NDA)\">Vertraulichkeitsvereinbarung (NDA)<\/h4>\n<p><a href=\"https:\/\/www.allgeier.com\/de\/wp-content\/uploads\/sites\/3\/2023\/02\/NDA_ohne-Parteien_de-1.pdf\" target=\"_blank\" rel=\"noopener\">NDA_ohne Parteien_de<\/a><\/p>\n<p>&nbsp;<\/p>\n<h4 id=\"LieberKunde,herzlichWillkommenbeiALLGEIER!-ComplianceWhitePaper\">Compliance White Paper<\/h4>\n<p><a href=\"https:\/\/www.allgeier.com\/de\/wp-content\/uploads\/sites\/3\/2023\/02\/COMPLIANCE-WHITE-PAPER_ALLGEIER_de.pdf\" target=\"_blank\" rel=\"noopener\">COMPLIANCE WHITE PAPER_ALLGEIER_de<\/a><\/p>\n","protected":false},"excerpt":{"rendered":"<p>Wir freuen uns, dass wir Sie mit unseren Leistungen beliefern d\u00fcrfen! Nachstehend finden Sie die Dokumente, auf die wir in unseren Angeboten und Vertr\u00e4gen referenzieren. Au\u00dferdem bekommen Sie mit unserem Compliance White Paper unten einen guten Einblick in unsere Compliance-Aktivit\u00e4ten. Bei Fragen sprechen Sie gerne Ihren Ansprechpartner bei ALLGEIER an. &nbsp; Software as a Service &hellip; <\/p>\n","protected":false},"author":4,"featured_media":0,"parent":5765,"menu_order":0,"comment_status":"closed","ping_status":"closed","template":"","meta":{"_acf_changed":false,"footnotes":""},"categories":[],"tags":[],"class_list":["post-5774","page","type-page","status-publish","hentry"],"acf":[],"yoast_head":"<!-- This site is optimized with the Yoast SEO plugin v27.4 - https:\/\/yoast.com\/product\/yoast-seo-wordpress\/ -->\n<title>F\u00fcr Kunden - Allgeier SE<\/title>\n<meta name=\"robots\" content=\"noindex, nofollow\" \/>\n<meta property=\"og:locale\" content=\"de_DE\" \/>\n<meta property=\"og:type\" content=\"article\" \/>\n<meta property=\"og:title\" content=\"F\u00fcr Kunden - Allgeier SE\" \/>\n<meta property=\"og:description\" content=\"Wir freuen uns, dass wir Sie mit unseren Leistungen beliefern d\u00fcrfen! Nachstehend finden Sie die Dokumente, auf die wir in unseren Angeboten und Vertr\u00e4gen referenzieren. Au\u00dferdem bekommen Sie mit unserem Compliance White Paper unten einen guten Einblick in unsere Compliance-Aktivit\u00e4ten. Bei Fragen sprechen Sie gerne Ihren Ansprechpartner bei ALLGEIER an. &nbsp; Software as a Service &hellip;\" \/>\n<meta property=\"og:url\" content=\"https:\/\/www.allgeier.com\/de\/legal-compliance\/for-customers\/\" \/>\n<meta property=\"og:site_name\" content=\"Allgeier SE\" \/>\n<meta property=\"article:modified_time\" content=\"2024-05-08T09:53:38+00:00\" \/>\n<meta name=\"twitter:card\" content=\"summary_large_image\" \/>\n<meta name=\"twitter:label1\" content=\"Gesch\u00e4tzte Lesezeit\" \/>\n\t<meta name=\"twitter:data1\" content=\"1\u00a0Minute\" \/>\n<script type=\"application\/ld+json\" class=\"yoast-schema-graph\">{\"@context\":\"https:\\\/\\\/schema.org\",\"@graph\":[{\"@type\":\"WebPage\",\"@id\":\"https:\\\/\\\/www.allgeier.com\\\/de\\\/legal-compliance\\\/for-customers\\\/\",\"url\":\"https:\\\/\\\/www.allgeier.com\\\/de\\\/legal-compliance\\\/for-customers\\\/\",\"name\":\"F\u00fcr Kunden - Allgeier SE\",\"isPartOf\":{\"@id\":\"https:\\\/\\\/www.allgeier.com\\\/de\\\/#website\"},\"datePublished\":\"2023-02-16T11:08:57+00:00\",\"dateModified\":\"2024-05-08T09:53:38+00:00\",\"breadcrumb\":{\"@id\":\"https:\\\/\\\/www.allgeier.com\\\/de\\\/legal-compliance\\\/for-customers\\\/#breadcrumb\"},\"inLanguage\":\"de\",\"potentialAction\":[{\"@type\":\"ReadAction\",\"target\":[\"https:\\\/\\\/www.allgeier.com\\\/de\\\/legal-compliance\\\/for-customers\\\/\"]}]},{\"@type\":\"BreadcrumbList\",\"@id\":\"https:\\\/\\\/www.allgeier.com\\\/de\\\/legal-compliance\\\/for-customers\\\/#breadcrumb\",\"itemListElement\":[{\"@type\":\"ListItem\",\"position\":1,\"name\":\"Home\",\"item\":\"https:\\\/\\\/www.allgeier.com\\\/de\\\/\"},{\"@type\":\"ListItem\",\"position\":2,\"name\":\"Legal Compliance\",\"item\":\"https:\\\/\\\/www.allgeier.com\\\/de\\\/legal-compliance\\\/\"},{\"@type\":\"ListItem\",\"position\":3,\"name\":\"F\u00fcr Kunden\"}]},{\"@type\":\"WebSite\",\"@id\":\"https:\\\/\\\/www.allgeier.com\\\/de\\\/#website\",\"url\":\"https:\\\/\\\/www.allgeier.com\\\/de\\\/\",\"name\":\"Allgeier SE\",\"description\":\"Software &amp; IT Services for digital transformation\",\"potentialAction\":[{\"@type\":\"SearchAction\",\"target\":{\"@type\":\"EntryPoint\",\"urlTemplate\":\"https:\\\/\\\/www.allgeier.com\\\/de\\\/?s={search_term_string}\"},\"query-input\":{\"@type\":\"PropertyValueSpecification\",\"valueRequired\":true,\"valueName\":\"search_term_string\"}}],\"inLanguage\":\"de\"}]}<\/script>\n<!-- \/ Yoast SEO plugin. -->","yoast_head_json":{"title":"F\u00fcr Kunden - Allgeier SE","robots":{"index":"noindex","follow":"nofollow"},"og_locale":"de_DE","og_type":"article","og_title":"F\u00fcr Kunden - Allgeier SE","og_description":"Wir freuen uns, dass wir Sie mit unseren Leistungen beliefern d\u00fcrfen! Nachstehend finden Sie die Dokumente, auf die wir in unseren Angeboten und Vertr\u00e4gen referenzieren. Au\u00dferdem bekommen Sie mit unserem Compliance White Paper unten einen guten Einblick in unsere Compliance-Aktivit\u00e4ten. Bei Fragen sprechen Sie gerne Ihren Ansprechpartner bei ALLGEIER an. &nbsp; Software as a Service &hellip;","og_url":"https:\/\/www.allgeier.com\/de\/legal-compliance\/for-customers\/","og_site_name":"Allgeier SE","article_modified_time":"2024-05-08T09:53:38+00:00","twitter_card":"summary_large_image","twitter_misc":{"Gesch\u00e4tzte Lesezeit":"1\u00a0Minute"},"schema":{"@context":"https:\/\/schema.org","@graph":[{"@type":"WebPage","@id":"https:\/\/www.allgeier.com\/de\/legal-compliance\/for-customers\/","url":"https:\/\/www.allgeier.com\/de\/legal-compliance\/for-customers\/","name":"F\u00fcr Kunden - Allgeier SE","isPartOf":{"@id":"https:\/\/www.allgeier.com\/de\/#website"},"datePublished":"2023-02-16T11:08:57+00:00","dateModified":"2024-05-08T09:53:38+00:00","breadcrumb":{"@id":"https:\/\/www.allgeier.com\/de\/legal-compliance\/for-customers\/#breadcrumb"},"inLanguage":"de","potentialAction":[{"@type":"ReadAction","target":["https:\/\/www.allgeier.com\/de\/legal-compliance\/for-customers\/"]}]},{"@type":"BreadcrumbList","@id":"https:\/\/www.allgeier.com\/de\/legal-compliance\/for-customers\/#breadcrumb","itemListElement":[{"@type":"ListItem","position":1,"name":"Home","item":"https:\/\/www.allgeier.com\/de\/"},{"@type":"ListItem","position":2,"name":"Legal Compliance","item":"https:\/\/www.allgeier.com\/de\/legal-compliance\/"},{"@type":"ListItem","position":3,"name":"F\u00fcr Kunden"}]},{"@type":"WebSite","@id":"https:\/\/www.allgeier.com\/de\/#website","url":"https:\/\/www.allgeier.com\/de\/","name":"Allgeier SE","description":"Software &amp; IT Services for digital transformation","potentialAction":[{"@type":"SearchAction","target":{"@type":"EntryPoint","urlTemplate":"https:\/\/www.allgeier.com\/de\/?s={search_term_string}"},"query-input":{"@type":"PropertyValueSpecification","valueRequired":true,"valueName":"search_term_string"}}],"inLanguage":"de"}]}},"_links":{"self":[{"href":"https:\/\/www.allgeier.com\/de\/wp-json\/wp\/v2\/pages\/5774","targetHints":{"allow":["GET"]}}],"collection":[{"href":"https:\/\/www.allgeier.com\/de\/wp-json\/wp\/v2\/pages"}],"about":[{"href":"https:\/\/www.allgeier.com\/de\/wp-json\/wp\/v2\/types\/page"}],"author":[{"embeddable":true,"href":"https:\/\/www.allgeier.com\/de\/wp-json\/wp\/v2\/users\/4"}],"replies":[{"embeddable":true,"href":"https:\/\/www.allgeier.com\/de\/wp-json\/wp\/v2\/comments?post=5774"}],"version-history":[{"count":1,"href":"https:\/\/www.allgeier.com\/de\/wp-json\/wp\/v2\/pages\/5774\/revisions"}],"predecessor-version":[{"id":5775,"href":"https:\/\/www.allgeier.com\/de\/wp-json\/wp\/v2\/pages\/5774\/revisions\/5775"}],"up":[{"embeddable":true,"href":"https:\/\/www.allgeier.com\/de\/wp-json\/wp\/v2\/pages\/5765"}],"wp:attachment":[{"href":"https:\/\/www.allgeier.com\/de\/wp-json\/wp\/v2\/media?parent=5774"}],"wp:term":[{"taxonomy":"category","embeddable":true,"href":"https:\/\/www.allgeier.com\/de\/wp-json\/wp\/v2\/categories?post=5774"},{"taxonomy":"post_tag","embeddable":true,"href":"https:\/\/www.allgeier.com\/de\/wp-json\/wp\/v2\/tags?post=5774"}],"curies":[{"name":"wp","href":"https:\/\/api.w.org\/{rel}","templated":true}]}}