{"id":5793,"date":"2024-04-28T08:13:46","date_gmt":"2024-04-28T08:13:46","guid":{"rendered":"https:\/\/www.allgeier.com\/de\/?page_id=5793"},"modified":"2026-03-31T06:04:39","modified_gmt":"2026-03-31T06:04:39","slug":"remuneration-reports","status":"publish","type":"page","link":"https:\/\/www.allgeier.com\/de\/investor-relations\/corporate-governance\/remuneration-reports\/","title":{"rendered":"Verg\u00fctungsbericht"},"content":{"rendered":"<p><!-- OK Verg\u00fctungsbericht https:\/\/www.allgeier.com\/de\/investor-relations\/corporate-governance\/remuneration-reports\/ https:\/\/www.allgeier.com\/de\/wp-admin\/post.php?post=5793&action=edit --><\/p>\n<div class=\"sectionCC sectionCCmid\">\n<div class=\"row\">\n<div class=\"col-md-9\">\n<div class=\"textCS12\">Verg\u00fctungsbericht 2025 (603 KB)<\/div>\n<div class=\"clear\"><\/div>\n<div class=\"textCS12aa\"><span class=\"floatL\">31. M\u00e4rz 2026<\/span><span class=\"appendL5 floatL\">| Deutsch<\/span><\/div>\n<\/div>\n<div class=\"col-md-2 col-md-offset-1\"><span class=\"dwnld\"> <a href=\"https:\/\/www.allgeier.com\/de\/wp-content\/uploads\/sites\/3\/2026\/03\/Allgeier-SE_Verguetungsbericht-2025-inkl.-Bestaetigungsvermerk-Final.pdf\" target=\"_blank\" rel=\"noopener noreferrer\"><span class=\"floatL\">Download PDF<\/span> <\/a><br \/>\n<\/span><\/div>\n<\/div>\n<div class=\"row\">\n<div class=\"col-md-9\">\n<div class=\"textCS12\">Verg\u00fctungsbericht 2024 (613 KB)<\/div>\n<div class=\"clear\"><\/div>\n<div class=\"textCS12aa\"><span class=\"floatL\">30. April 2025<\/span><span class=\"appendL5 floatL\">| Deutsch<\/span><\/div>\n<\/div>\n<div class=\"col-md-2 col-md-offset-1\"><span class=\"dwnld\"> <a href=\"https:\/\/www.allgeier.com\/wp-content\/uploads\/2025\/04\/Vergutungsbericht-2024_mit-Bestatigungsvermerk.pdf\" target=\"_blank\" rel=\"noopener noreferrer\"><span class=\"floatL\">Download PDF<\/span> <\/a><br \/>\n<\/span><\/div>\n<\/div>\n<div class=\"row\" style=\"margin-top: 5px;\">\n<div class=\"col-md-9\">\n<div class=\"textCS12\">Verg\u00fctungsbericht 2023 (936 KB)<\/div>\n<div class=\"clear\"><\/div>\n<div class=\"textCS12aa\"><span class=\"floatL\">30. April 2024<\/span><span class=\"appendL5 floatL\">| Deutsch<\/span><\/div>\n<\/div>\n<div class=\"col-md-2 col-md-offset-1\"><span class=\"dwnld\"> <a href=\"https:\/\/www.allgeier.com\/wp-content\/uploads\/2025\/06\/Allgeier-SE_Verguetungsbericht-2023-und-Vermerk.pdf\" target=\"_blank\" rel=\"noopener noreferrer\"><span class=\"floatL\">Download PDF<\/span> <\/a><br \/>\n<\/span><\/div>\n<\/div>\n<div class=\"row\" style=\"margin-top: 5px;\">\n<div class=\"col-md-9\">\n<div class=\"textCS12\">Verg\u00fctungsbericht 2022 (276 KB)<\/div>\n<div class=\"clear\"><\/div>\n<div class=\"textCS12aa\"><span class=\"floatL\">28. April 2023<\/span><span class=\"appendL5 floatL\">| Deutsch<\/span><\/div>\n<\/div>\n<div class=\"col-md-2 col-md-offset-1\"><span class=\"dwnld\"> <a href=\"https:\/\/www.allgeier.com\/wp-content\/uploads\/2025\/06\/Allgeier-SE_Verguetungsbericht-2022-und-Vermerk.pdf\" target=\"_blank\" rel=\"noopener noreferrer\"><span class=\"floatL\">Download PDF<\/span> <\/a><br \/>\n<\/span><\/div>\n<\/div>\n<\/div>\n","protected":false},"excerpt":{"rendered":"<p>Verg\u00fctungsbericht 2025 (603 KB) 31. M\u00e4rz 2026| Deutsch Download PDF Verg\u00fctungsbericht 2024 (613 KB) 30. April 2025| Deutsch Download PDF Verg\u00fctungsbericht 2023 (936 KB) 30. April 2024| Deutsch Download PDF Verg\u00fctungsbericht 2022 (276 KB) 28. April 2023| Deutsch Download PDF<\/p>\n","protected":false},"author":4,"featured_media":0,"parent":3540,"menu_order":0,"comment_status":"closed","ping_status":"closed","template":"","meta":{"_acf_changed":false,"footnotes":""},"categories":[],"tags":[],"class_list":["post-5793","page","type-page","status-publish","hentry"],"acf":[],"yoast_head":"<!-- This site is optimized with the Yoast SEO plugin v27.4 - https:\/\/yoast.com\/product\/yoast-seo-wordpress\/ -->\n<title>Verg\u00fctungsbericht - Allgeier SE<\/title>\n<meta name=\"robots\" content=\"index, follow, max-snippet:-1, max-image-preview:large, max-video-preview:-1\" \/>\n<link rel=\"canonical\" href=\"https:\/\/www.allgeier.com\/de\/investor-relations\/corporate-governance\/remuneration-reports\/\" \/>\n<meta property=\"og:locale\" content=\"de_DE\" \/>\n<meta property=\"og:type\" content=\"article\" \/>\n<meta property=\"og:title\" content=\"Verg\u00fctungsbericht - Allgeier SE\" \/>\n<meta property=\"og:description\" content=\"Verg\u00fctungsbericht 2025 (603 KB) 31. M\u00e4rz 2026| Deutsch Download PDF Verg\u00fctungsbericht 2024 (613 KB) 30. April 2025| Deutsch Download PDF Verg\u00fctungsbericht 2023 (936 KB) 30. April 2024| Deutsch Download PDF Verg\u00fctungsbericht 2022 (276 KB) 28. April 2023| Deutsch Download PDF\" \/>\n<meta property=\"og:url\" content=\"https:\/\/www.allgeier.com\/de\/investor-relations\/corporate-governance\/remuneration-reports\/\" \/>\n<meta property=\"og:site_name\" content=\"Allgeier SE\" \/>\n<meta property=\"article:modified_time\" content=\"2026-03-31T06:04:39+00:00\" \/>\n<meta name=\"twitter:card\" content=\"summary_large_image\" \/>\n<meta name=\"twitter:label1\" content=\"Gesch\u00e4tzte Lesezeit\" \/>\n\t<meta name=\"twitter:data1\" content=\"1\u00a0Minute\" \/>\n<script type=\"application\/ld+json\" class=\"yoast-schema-graph\">{\"@context\":\"https:\\\/\\\/schema.org\",\"@graph\":[{\"@type\":\"WebPage\",\"@id\":\"https:\\\/\\\/www.allgeier.com\\\/de\\\/investor-relations\\\/corporate-governance\\\/remuneration-reports\\\/\",\"url\":\"https:\\\/\\\/www.allgeier.com\\\/de\\\/investor-relations\\\/corporate-governance\\\/remuneration-reports\\\/\",\"name\":\"Verg\u00fctungsbericht - Allgeier SE\",\"isPartOf\":{\"@id\":\"https:\\\/\\\/www.allgeier.com\\\/de\\\/#website\"},\"datePublished\":\"2024-04-28T08:13:46+00:00\",\"dateModified\":\"2026-03-31T06:04:39+00:00\",\"breadcrumb\":{\"@id\":\"https:\\\/\\\/www.allgeier.com\\\/de\\\/investor-relations\\\/corporate-governance\\\/remuneration-reports\\\/#breadcrumb\"},\"inLanguage\":\"de\",\"potentialAction\":[{\"@type\":\"ReadAction\",\"target\":[\"https:\\\/\\\/www.allgeier.com\\\/de\\\/investor-relations\\\/corporate-governance\\\/remuneration-reports\\\/\"]}]},{\"@type\":\"BreadcrumbList\",\"@id\":\"https:\\\/\\\/www.allgeier.com\\\/de\\\/investor-relations\\\/corporate-governance\\\/remuneration-reports\\\/#breadcrumb\",\"itemListElement\":[{\"@type\":\"ListItem\",\"position\":1,\"name\":\"Home\",\"item\":\"https:\\\/\\\/www.allgeier.com\\\/de\\\/\"},{\"@type\":\"ListItem\",\"position\":2,\"name\":\"Investor Relations\",\"item\":\"https:\\\/\\\/www.allgeier.com\\\/de\\\/investor-relations\\\/\"},{\"@type\":\"ListItem\",\"position\":3,\"name\":\"Corporate Governance\",\"item\":\"https:\\\/\\\/www.allgeier.com\\\/de\\\/investor-relations\\\/corporate-governance\\\/\"},{\"@type\":\"ListItem\",\"position\":4,\"name\":\"Verg\u00fctungsbericht\"}]},{\"@type\":\"WebSite\",\"@id\":\"https:\\\/\\\/www.allgeier.com\\\/de\\\/#website\",\"url\":\"https:\\\/\\\/www.allgeier.com\\\/de\\\/\",\"name\":\"Allgeier SE\",\"description\":\"Software &amp; IT Services for digital transformation\",\"potentialAction\":[{\"@type\":\"SearchAction\",\"target\":{\"@type\":\"EntryPoint\",\"urlTemplate\":\"https:\\\/\\\/www.allgeier.com\\\/de\\\/?s={search_term_string}\"},\"query-input\":{\"@type\":\"PropertyValueSpecification\",\"valueRequired\":true,\"valueName\":\"search_term_string\"}}],\"inLanguage\":\"de\"}]}<\/script>\n<!-- \/ Yoast SEO plugin. -->","yoast_head_json":{"title":"Verg\u00fctungsbericht - Allgeier SE","robots":{"index":"index","follow":"follow","max-snippet":"max-snippet:-1","max-image-preview":"max-image-preview:large","max-video-preview":"max-video-preview:-1"},"canonical":"https:\/\/www.allgeier.com\/de\/investor-relations\/corporate-governance\/remuneration-reports\/","og_locale":"de_DE","og_type":"article","og_title":"Verg\u00fctungsbericht - Allgeier SE","og_description":"Verg\u00fctungsbericht 2025 (603 KB) 31. M\u00e4rz 2026| Deutsch Download PDF Verg\u00fctungsbericht 2024 (613 KB) 30. April 2025| Deutsch Download PDF Verg\u00fctungsbericht 2023 (936 KB) 30. April 2024| Deutsch Download PDF Verg\u00fctungsbericht 2022 (276 KB) 28. April 2023| Deutsch Download PDF","og_url":"https:\/\/www.allgeier.com\/de\/investor-relations\/corporate-governance\/remuneration-reports\/","og_site_name":"Allgeier SE","article_modified_time":"2026-03-31T06:04:39+00:00","twitter_card":"summary_large_image","twitter_misc":{"Gesch\u00e4tzte Lesezeit":"1\u00a0Minute"},"schema":{"@context":"https:\/\/schema.org","@graph":[{"@type":"WebPage","@id":"https:\/\/www.allgeier.com\/de\/investor-relations\/corporate-governance\/remuneration-reports\/","url":"https:\/\/www.allgeier.com\/de\/investor-relations\/corporate-governance\/remuneration-reports\/","name":"Verg\u00fctungsbericht - Allgeier SE","isPartOf":{"@id":"https:\/\/www.allgeier.com\/de\/#website"},"datePublished":"2024-04-28T08:13:46+00:00","dateModified":"2026-03-31T06:04:39+00:00","breadcrumb":{"@id":"https:\/\/www.allgeier.com\/de\/investor-relations\/corporate-governance\/remuneration-reports\/#breadcrumb"},"inLanguage":"de","potentialAction":[{"@type":"ReadAction","target":["https:\/\/www.allgeier.com\/de\/investor-relations\/corporate-governance\/remuneration-reports\/"]}]},{"@type":"BreadcrumbList","@id":"https:\/\/www.allgeier.com\/de\/investor-relations\/corporate-governance\/remuneration-reports\/#breadcrumb","itemListElement":[{"@type":"ListItem","position":1,"name":"Home","item":"https:\/\/www.allgeier.com\/de\/"},{"@type":"ListItem","position":2,"name":"Investor Relations","item":"https:\/\/www.allgeier.com\/de\/investor-relations\/"},{"@type":"ListItem","position":3,"name":"Corporate Governance","item":"https:\/\/www.allgeier.com\/de\/investor-relations\/corporate-governance\/"},{"@type":"ListItem","position":4,"name":"Verg\u00fctungsbericht"}]},{"@type":"WebSite","@id":"https:\/\/www.allgeier.com\/de\/#website","url":"https:\/\/www.allgeier.com\/de\/","name":"Allgeier SE","description":"Software &amp; IT Services for digital transformation","potentialAction":[{"@type":"SearchAction","target":{"@type":"EntryPoint","urlTemplate":"https:\/\/www.allgeier.com\/de\/?s={search_term_string}"},"query-input":{"@type":"PropertyValueSpecification","valueRequired":true,"valueName":"search_term_string"}}],"inLanguage":"de"}]}},"_links":{"self":[{"href":"https:\/\/www.allgeier.com\/de\/wp-json\/wp\/v2\/pages\/5793","targetHints":{"allow":["GET"]}}],"collection":[{"href":"https:\/\/www.allgeier.com\/de\/wp-json\/wp\/v2\/pages"}],"about":[{"href":"https:\/\/www.allgeier.com\/de\/wp-json\/wp\/v2\/types\/page"}],"author":[{"embeddable":true,"href":"https:\/\/www.allgeier.com\/de\/wp-json\/wp\/v2\/users\/4"}],"replies":[{"embeddable":true,"href":"https:\/\/www.allgeier.com\/de\/wp-json\/wp\/v2\/comments?post=5793"}],"version-history":[{"count":1,"href":"https:\/\/www.allgeier.com\/de\/wp-json\/wp\/v2\/pages\/5793\/revisions"}],"predecessor-version":[{"id":5973,"href":"https:\/\/www.allgeier.com\/de\/wp-json\/wp\/v2\/pages\/5793\/revisions\/5973"}],"up":[{"embeddable":true,"href":"https:\/\/www.allgeier.com\/de\/wp-json\/wp\/v2\/pages\/3540"}],"wp:attachment":[{"href":"https:\/\/www.allgeier.com\/de\/wp-json\/wp\/v2\/media?parent=5793"}],"wp:term":[{"taxonomy":"category","embeddable":true,"href":"https:\/\/www.allgeier.com\/de\/wp-json\/wp\/v2\/categories?post=5793"},{"taxonomy":"post_tag","embeddable":true,"href":"https:\/\/www.allgeier.com\/de\/wp-json\/wp\/v2\/tags?post=5793"}],"curies":[{"name":"wp","href":"https:\/\/api.w.org\/{rel}","templated":true}]}}