{"id":5816,"date":"2023-06-07T10:15:45","date_gmt":"2023-06-07T10:15:45","guid":{"rendered":"https:\/\/www.allgeier.com\/de\/?page_id=5816"},"modified":"2025-02-05T18:36:54","modified_gmt":"2025-02-05T18:36:54","slug":"sichere-elektronische-signaturen-mit-metasonic-sign","status":"publish","type":"page","link":"https:\/\/www.allgeier.com\/de\/pressroom\/press-releases\/sichere-elektronische-signaturen-mit-metasonic-sign\/","title":{"rendered":"Sichere elektronische Signaturen mit metasonic\u00ae sign"},"content":{"rendered":"<ul>\n<li><strong>F\u00fchrende Digitalisierungsplattform metasonic\u00ae bindet Fernsignaturinstrument wednesday ein<\/strong><\/li>\n<li><strong>Erfolgreiche Zusammenarbeit von Allgeier inovar und Allgeier CyRis fortgef\u00fchrt<\/strong><\/li>\n<\/ul>\n<p><strong><em>Bremen, 07. Juni 2023 &#8211;\u00a0<\/em><\/strong><strong>Die Allgeier Inovar GmbH und die Allgeier CyRis GmbH haben ihre Kernkompetenzen gemeinsam genutzt, um mit metasonic\u00ae sign sichere elektronische Signaturen f\u00fcr zahlreiche Anwendungen zu erm\u00f6glichen. W\u00e4hrend die Allgeier inovar als Expertin f\u00fcr die digitale Transformation von Unternehmen ihre f\u00fchrende Digitalisierungsplattform metasonic\u00ae einbrachte, nutzte die Cybersecurity-Spezialistin Allgeier CyRis ihr bew\u00e4hrtes Fernsignaturinstrument wednesday. Die erfolgreiche Zusammenarbeit der beiden Schwesterunternehmen hat sich auch in diesem Projekt bew\u00e4hrt und soll weiter ausgebaut werden.<\/strong><\/p>\n<p>Mit metasonic\u00ae sign von Allgeier k\u00f6nnen Unternehmen Dokumente sicher elektronisch signieren und die Chancen der Digitalisierung f\u00fcr sich nutzen. Damit erweitert Allgeier inovar ihre Digitalisierungsplattform metasonic\u00ae, die bei der Digitalisierung, Archivierung und Bereitstellung von relevanten Daten und Dokumenten unterst\u00fctzt. Im Ergebnis k\u00f6nnen Kunden mit dem neuen Tool beispielsweise Bestellungen und Lieferantenvertr\u00e4ge im Einkauf, Angebote und Kaufvertr\u00e4ge im Vertrieb und zahlreiche weitere wichtige Gesch\u00e4ftsdokumente bearbeiten, die eine rechtverbindliche Unterschrift ben\u00f6tigen.<\/p>\n<p>\u201eDie elektronische Signatur stellt eine wichtige Methode dar, um Gesch\u00e4ftsprozesse zu optimieren und die digitale Transformation voranzutreiben. Zeitersparnis, Effizienzerh\u00f6hung und Kostensenkung sind die drei gr\u00f6\u00dften Vorteile. Zudem kann sie ortsunabh\u00e4ngig genutzt werden. Um unsere Kunden noch st\u00e4rker bei der Optimierung ihrer Prozesse zu unterst\u00fctzen, haben wir alle ben\u00f6tigten Varianten der elektronischen Signatur in metasonic\u00ae sign implementiert\u201c, erl\u00e4utert Sebastian Hegner, Gesch\u00e4ftsf\u00fchrer der Allgeier Inovar GmbH.<\/p>\n<p><strong>Vielf\u00e4ltige Vorteile von metasonic\u00ae sign<\/strong><\/p>\n<p>Die Vorteile von metasonic\u00ae sign sind vielf\u00e4ltig: So k\u00f6nnen Empf\u00e4nger automatisch per E-Mail benachrichtigt werden und ihre elektronische Unterschrift auf dem Dokument \u00fcber die Weboberfl\u00e4che einfach und intuitiv platzieren. Dabei spielt es keine Rolle, ob die Empf\u00e4nger innerhalb des Unternehmens t\u00e4tig sind oder ob es sich um externe Gesch\u00e4ftspartner, neue Mitarbeitende, Kunden oder Interessenten handelt. Zudem k\u00f6nnen im Signaturprozess s\u00e4mtliche Informationen und Gespr\u00e4chsverl\u00e4ufe zum Dokument mitgeliefert werden. Mit der einfachen, fortgeschrittenen und qualifizierten elektronischen Signatur stehen gleich drei Level f\u00fcr die elektronische Unterschrift gem\u00e4\u00df der eIDAS-Verordnung zur Auswahl.<\/p>\n<p><strong>Experten-Know-How f\u00fcr IT-Security und digitale Gesch\u00e4ftsprozesse in einem Produkt <\/strong><\/p>\n<p>Basierend auf dem Allgeier CyRis Produkt wednesday, wurde metasonic\u00ae sign in enger Zusammenarbeit der beteiligten Unternehmen entwickelt. Damit wurden die Kompetenzen von Allgeier inovar mit denen der Allgeier CyRis perfekt kombiniert. \u201eAm Ende des Tages sollen Cybersecurity-L\u00f6sungen die Arbeit und die Prozesse der Kunden erleichtern beziehungsweise optimieren. Daf\u00fcr ist unsere in diesem Projekt gefundene gemeinsame L\u00f6sung ein perfektes Beispiel\u201c, verdeutlicht Veit-Gunnar Sch\u00fcttrumpf, Gesch\u00e4ftsf\u00fchrer der Allgeier CyRis GmbH.<\/p>\n<p>So verstehe man generell die Aufgabenstellung und biete mit diesem Ansatz zahlreiche weitere L\u00f6sungen, mit denen sich Kunden vor Gefahren aus dem Cyberraum sch\u00fctzen k\u00f6nnten. Gleichzeitig stehe metasonic\u00ae sign auch stellvertretend f\u00fcr die Innovationskraft von Allgeier. \u201eWir freuen uns sehr \u00fcber die gelungene Kooperation, von der die derzeitigen und zuk\u00fcnftigen Allgeier-Kunden erheblich profitieren werden. In Zukunft planen wir, diese Zusammenarbeit noch weiter auszubauen, um Unternehmen erfolgreich und sicher durch die Herausforderungen des digitalen Wandels zu f\u00fchren\u201c, so Sch\u00fcttrumpf.<\/p>\n<p><strong>Weitere Pressemitteilungen und Unternehmensnachrichten finden Sie auch unter <a href=\"https:\/\/www.allgeier-cyris.de\/de\/presse-news.html\">https:\/\/www.allgeier-cyris.de\/de\/presse-news.html<\/a><\/strong><\/p>\n<p><strong><br \/>\n\u00dcber Allgeier CyRis:<\/strong><\/p>\n<p>Allgeier CyRis GmbH unterst\u00fctzt \u00f6ffentliche Einrichtungen und private sowie \u00f6ffentliche Unternehmen pr\u00e4ventiv und reaktiv beim Schutz von Daten, Informationen und Kommunikationswegen vor Angriffen aus dem Cyberraum. Mehr als 500 Kunden vertrauen bereits heute der technologischen Exzellenz sowie den umfangreichen Services von Allgeier CyRis \u2013 mit stark steigender Tendenz. Beratung, eigenentwickelte L\u00f6sungen sowie Managed Services bilden die Eckpfeiler f\u00fcr das erfolgreiche Gesch\u00e4ftsmodell von Allgeier CyRis.<\/p>\n<p>Beim stetigen Ausbau der Gesch\u00e4ftst\u00e4tigkeit profitiert Allgeier CyRis von der Zugeh\u00f6rigkeit zur Allgeier SE, einem der f\u00fchrenden Technologieunternehmen f\u00fcr digitale Transformation. Durch diesen Verbund bietet Allgeier eine Vielzahl an weiteren Leistungen und Fachexpertisen, von denen Unternehmen auf unterschiedlichste Art und Weise bei der Digitalisierung ihrer Gesch\u00e4ftsprozesse profitieren k\u00f6nnen.<\/p>\n","protected":false},"excerpt":{"rendered":"<p>F\u00fchrende Digitalisierungsplattform metasonic\u00ae bindet Fernsignaturinstrument wednesday ein Erfolgreiche Zusammenarbeit von Allgeier inovar und Allgeier CyRis fortgef\u00fchrt Bremen, 07. Juni 2023 &#8211;\u00a0Die Allgeier Inovar GmbH und die Allgeier CyRis GmbH haben ihre Kernkompetenzen gemeinsam genutzt, um mit metasonic\u00ae sign sichere elektronische Signaturen f\u00fcr zahlreiche Anwendungen zu erm\u00f6glichen. W\u00e4hrend die Allgeier inovar als Expertin f\u00fcr die digitale &hellip; <\/p>\n","protected":false},"author":4,"featured_media":0,"parent":1169,"menu_order":0,"comment_status":"closed","ping_status":"closed","template":"","meta":{"_acf_changed":false,"footnotes":""},"categories":[7],"tags":[],"class_list":["post-5816","page","type-page","status-publish","hentry","category-pressemitteilungen"],"acf":[],"yoast_head":"<!-- This site is optimized with the Yoast SEO plugin v27.3 - https:\/\/yoast.com\/product\/yoast-seo-wordpress\/ -->\n<title>Sichere elektronische Signaturen mit metasonic\u00ae sign - Allgeier SE<\/title>\n<meta name=\"robots\" content=\"index, follow, max-snippet:-1, max-image-preview:large, max-video-preview:-1\" \/>\n<link rel=\"canonical\" href=\"https:\/\/www.allgeier.com\/de\/pressroom\/press-releases\/sichere-elektronische-signaturen-mit-metasonic-sign\/\" \/>\n<meta property=\"og:locale\" content=\"de_DE\" \/>\n<meta property=\"og:type\" content=\"article\" \/>\n<meta property=\"og:title\" content=\"Sichere elektronische Signaturen mit metasonic\u00ae sign - Allgeier SE\" \/>\n<meta property=\"og:description\" content=\"F\u00fchrende Digitalisierungsplattform metasonic\u00ae bindet Fernsignaturinstrument wednesday ein Erfolgreiche Zusammenarbeit von Allgeier inovar und Allgeier CyRis fortgef\u00fchrt Bremen, 07. Juni 2023 &#8211;\u00a0Die Allgeier Inovar GmbH und die Allgeier CyRis GmbH haben ihre Kernkompetenzen gemeinsam genutzt, um mit metasonic\u00ae sign sichere elektronische Signaturen f\u00fcr zahlreiche Anwendungen zu erm\u00f6glichen. W\u00e4hrend die Allgeier inovar als Expertin f\u00fcr die digitale &hellip;\" \/>\n<meta property=\"og:url\" content=\"https:\/\/www.allgeier.com\/de\/pressroom\/press-releases\/sichere-elektronische-signaturen-mit-metasonic-sign\/\" \/>\n<meta property=\"og:site_name\" content=\"Allgeier SE\" \/>\n<meta property=\"article:modified_time\" content=\"2025-02-05T18:36:54+00:00\" \/>\n<meta name=\"twitter:card\" content=\"summary_large_image\" \/>\n<meta name=\"twitter:label1\" content=\"Gesch\u00e4tzte Lesezeit\" \/>\n\t<meta name=\"twitter:data1\" content=\"4\u00a0Minuten\" \/>\n<script type=\"application\/ld+json\" class=\"yoast-schema-graph\">{\"@context\":\"https:\\\/\\\/schema.org\",\"@graph\":[{\"@type\":\"WebPage\",\"@id\":\"https:\\\/\\\/www.allgeier.com\\\/de\\\/pressroom\\\/press-releases\\\/sichere-elektronische-signaturen-mit-metasonic-sign\\\/\",\"url\":\"https:\\\/\\\/www.allgeier.com\\\/de\\\/pressroom\\\/press-releases\\\/sichere-elektronische-signaturen-mit-metasonic-sign\\\/\",\"name\":\"Sichere elektronische Signaturen mit metasonic\u00ae sign - Allgeier SE\",\"isPartOf\":{\"@id\":\"https:\\\/\\\/www.allgeier.com\\\/de\\\/#website\"},\"datePublished\":\"2023-06-07T10:15:45+00:00\",\"dateModified\":\"2025-02-05T18:36:54+00:00\",\"breadcrumb\":{\"@id\":\"https:\\\/\\\/www.allgeier.com\\\/de\\\/pressroom\\\/press-releases\\\/sichere-elektronische-signaturen-mit-metasonic-sign\\\/#breadcrumb\"},\"inLanguage\":\"de\",\"potentialAction\":[{\"@type\":\"ReadAction\",\"target\":[\"https:\\\/\\\/www.allgeier.com\\\/de\\\/pressroom\\\/press-releases\\\/sichere-elektronische-signaturen-mit-metasonic-sign\\\/\"]}]},{\"@type\":\"BreadcrumbList\",\"@id\":\"https:\\\/\\\/www.allgeier.com\\\/de\\\/pressroom\\\/press-releases\\\/sichere-elektronische-signaturen-mit-metasonic-sign\\\/#breadcrumb\",\"itemListElement\":[{\"@type\":\"ListItem\",\"position\":1,\"name\":\"Home\",\"item\":\"https:\\\/\\\/www.allgeier.com\\\/de\\\/\"},{\"@type\":\"ListItem\",\"position\":2,\"name\":\"Presse\",\"item\":\"https:\\\/\\\/www.allgeier.com\\\/de\\\/pressroom\\\/\"},{\"@type\":\"ListItem\",\"position\":3,\"name\":\"Pressemitteilungen\",\"item\":\"https:\\\/\\\/www.allgeier.com\\\/de\\\/pressroom\\\/press-releases\\\/\"},{\"@type\":\"ListItem\",\"position\":4,\"name\":\"Sichere elektronische Signaturen mit metasonic\u00ae sign\"}]},{\"@type\":\"WebSite\",\"@id\":\"https:\\\/\\\/www.allgeier.com\\\/de\\\/#website\",\"url\":\"https:\\\/\\\/www.allgeier.com\\\/de\\\/\",\"name\":\"Allgeier SE\",\"description\":\"Software &amp; IT Services for digital transformation\",\"potentialAction\":[{\"@type\":\"SearchAction\",\"target\":{\"@type\":\"EntryPoint\",\"urlTemplate\":\"https:\\\/\\\/www.allgeier.com\\\/de\\\/?s={search_term_string}\"},\"query-input\":{\"@type\":\"PropertyValueSpecification\",\"valueRequired\":true,\"valueName\":\"search_term_string\"}}],\"inLanguage\":\"de\"}]}<\/script>\n<!-- \/ Yoast SEO plugin. -->","yoast_head_json":{"title":"Sichere elektronische Signaturen mit metasonic\u00ae sign - Allgeier SE","robots":{"index":"index","follow":"follow","max-snippet":"max-snippet:-1","max-image-preview":"max-image-preview:large","max-video-preview":"max-video-preview:-1"},"canonical":"https:\/\/www.allgeier.com\/de\/pressroom\/press-releases\/sichere-elektronische-signaturen-mit-metasonic-sign\/","og_locale":"de_DE","og_type":"article","og_title":"Sichere elektronische Signaturen mit metasonic\u00ae sign - Allgeier SE","og_description":"F\u00fchrende Digitalisierungsplattform metasonic\u00ae bindet Fernsignaturinstrument wednesday ein Erfolgreiche Zusammenarbeit von Allgeier inovar und Allgeier CyRis fortgef\u00fchrt Bremen, 07. Juni 2023 &#8211;\u00a0Die Allgeier Inovar GmbH und die Allgeier CyRis GmbH haben ihre Kernkompetenzen gemeinsam genutzt, um mit metasonic\u00ae sign sichere elektronische Signaturen f\u00fcr zahlreiche Anwendungen zu erm\u00f6glichen. W\u00e4hrend die Allgeier inovar als Expertin f\u00fcr die digitale &hellip;","og_url":"https:\/\/www.allgeier.com\/de\/pressroom\/press-releases\/sichere-elektronische-signaturen-mit-metasonic-sign\/","og_site_name":"Allgeier SE","article_modified_time":"2025-02-05T18:36:54+00:00","twitter_card":"summary_large_image","twitter_misc":{"Gesch\u00e4tzte Lesezeit":"4\u00a0Minuten"},"schema":{"@context":"https:\/\/schema.org","@graph":[{"@type":"WebPage","@id":"https:\/\/www.allgeier.com\/de\/pressroom\/press-releases\/sichere-elektronische-signaturen-mit-metasonic-sign\/","url":"https:\/\/www.allgeier.com\/de\/pressroom\/press-releases\/sichere-elektronische-signaturen-mit-metasonic-sign\/","name":"Sichere elektronische Signaturen mit metasonic\u00ae sign - Allgeier SE","isPartOf":{"@id":"https:\/\/www.allgeier.com\/de\/#website"},"datePublished":"2023-06-07T10:15:45+00:00","dateModified":"2025-02-05T18:36:54+00:00","breadcrumb":{"@id":"https:\/\/www.allgeier.com\/de\/pressroom\/press-releases\/sichere-elektronische-signaturen-mit-metasonic-sign\/#breadcrumb"},"inLanguage":"de","potentialAction":[{"@type":"ReadAction","target":["https:\/\/www.allgeier.com\/de\/pressroom\/press-releases\/sichere-elektronische-signaturen-mit-metasonic-sign\/"]}]},{"@type":"BreadcrumbList","@id":"https:\/\/www.allgeier.com\/de\/pressroom\/press-releases\/sichere-elektronische-signaturen-mit-metasonic-sign\/#breadcrumb","itemListElement":[{"@type":"ListItem","position":1,"name":"Home","item":"https:\/\/www.allgeier.com\/de\/"},{"@type":"ListItem","position":2,"name":"Presse","item":"https:\/\/www.allgeier.com\/de\/pressroom\/"},{"@type":"ListItem","position":3,"name":"Pressemitteilungen","item":"https:\/\/www.allgeier.com\/de\/pressroom\/press-releases\/"},{"@type":"ListItem","position":4,"name":"Sichere elektronische Signaturen mit metasonic\u00ae sign"}]},{"@type":"WebSite","@id":"https:\/\/www.allgeier.com\/de\/#website","url":"https:\/\/www.allgeier.com\/de\/","name":"Allgeier SE","description":"Software &amp; IT Services for digital transformation","potentialAction":[{"@type":"SearchAction","target":{"@type":"EntryPoint","urlTemplate":"https:\/\/www.allgeier.com\/de\/?s={search_term_string}"},"query-input":{"@type":"PropertyValueSpecification","valueRequired":true,"valueName":"search_term_string"}}],"inLanguage":"de"}]}},"_links":{"self":[{"href":"https:\/\/www.allgeier.com\/de\/wp-json\/wp\/v2\/pages\/5816","targetHints":{"allow":["GET"]}}],"collection":[{"href":"https:\/\/www.allgeier.com\/de\/wp-json\/wp\/v2\/pages"}],"about":[{"href":"https:\/\/www.allgeier.com\/de\/wp-json\/wp\/v2\/types\/page"}],"author":[{"embeddable":true,"href":"https:\/\/www.allgeier.com\/de\/wp-json\/wp\/v2\/users\/4"}],"replies":[{"embeddable":true,"href":"https:\/\/www.allgeier.com\/de\/wp-json\/wp\/v2\/comments?post=5816"}],"version-history":[{"count":1,"href":"https:\/\/www.allgeier.com\/de\/wp-json\/wp\/v2\/pages\/5816\/revisions"}],"predecessor-version":[{"id":6190,"href":"https:\/\/www.allgeier.com\/de\/wp-json\/wp\/v2\/pages\/5816\/revisions\/6190"}],"up":[{"embeddable":true,"href":"https:\/\/www.allgeier.com\/de\/wp-json\/wp\/v2\/pages\/1169"}],"wp:attachment":[{"href":"https:\/\/www.allgeier.com\/de\/wp-json\/wp\/v2\/media?parent=5816"}],"wp:term":[{"taxonomy":"category","embeddable":true,"href":"https:\/\/www.allgeier.com\/de\/wp-json\/wp\/v2\/categories?post=5816"},{"taxonomy":"post_tag","embeddable":true,"href":"https:\/\/www.allgeier.com\/de\/wp-json\/wp\/v2\/tags?post=5816"}],"curies":[{"name":"wp","href":"https:\/\/api.w.org\/{rel}","templated":true}]}}