{"id":5888,"date":"2023-09-04T14:36:45","date_gmt":"2023-09-04T14:36:45","guid":{"rendered":"https:\/\/www.allgeier.com\/de\/pressroom\/news\/es-04092023-1436\/"},"modified":"2023-09-04T14:36:45","modified_gmt":"2023-09-04T14:36:45","slug":"es-04092023-1436","status":"publish","type":"page","link":"https:\/\/www.allgeier.com\/de\/pressroom\/news\/es-04092023-1436\/","title":{"rendered":"es-04092023.1436"},"content":{"rendered":"<table class='news_layout style2015' border='0' cellpadding='0' cellspacing='0'>\n<tr>\n<td>\n<p class='news_top'>Meldung und \u00f6ffentliche Bekanntgabe der Gesch\u00e4fte von Personen, die F\u00fchrungsaufgaben wahrnehmen, sowie in enger Beziehung zu ihnen stehenden Personen <br \/><span class='news_top_date'>04.09.2023 \/ 16:36 CET\/CEST<\/span><br \/>F\u00fcr den Inhalt der Mitteilung ist der Emittent \/ Herausgeber verantwortlich.<\/p>\n<div class='break-word news_main'><span data-eqs-dd='person'><strong>1. Angaben zu den Personen, die F\u00fchrungsaufgaben wahrnehmen, sowie zu den in enger Beziehung zu ihnen stehenden Personen<\/strong><\/p>\n<p>a) Name<\/p>\n<table class='news_layout_data_tabel news_layout_data_table' cellspacing='0' cellpadding='0' border='1'>\n<tr>\n<td width='50%'>Name und Rechtsform:<\/td>\n<td data-eqs-dd='person-legal-name'>Lantano Beteiligungen GmbH<\/td>\n<\/tr>\n<\/table>\n<p><\/span><span data-eqs-dd='reason'><strong>2. Grund der Meldung<\/strong><\/p>\n<p>a) Position \/ Status<\/p>\n<table class='news_layout_data_tabel news_layout_data_table' cellspacing='0' cellpadding='0' border='1'>\n<tr>\n<td colspan='2' data-eqs-dd='person-position'>Person steht in enger Beziehung zu:<\/td>\n<\/tr>\n<tr>\n<td width='50%'>Titel:<\/td>\n<td data-eqs-dd='manager-title'><\/td>\n<\/tr>\n<tr>\n<td width='50%'>Vorname:<\/td>\n<td data-eqs-dd='manager-first-name'>Carl Georg<\/td>\n<\/tr>\n<tr>\n<td>Nachname(n):<\/td>\n<td data-eqs-dd='manager-last-name'>D\u00fcrschmidt<\/td>\n<\/tr>\n<tr>\n<td>Position:<\/td>\n<td data-eqs-dd='manager-position'>Aufsichtsrat<\/td>\n<\/tr>\n<\/table>\n<p>b) Erstmeldung<\/p>\n<p><\/span><span data-eqs-dd='issuer'><strong>3. Angaben zum Emittenten, zum Teilnehmer am Markt f\u00fcr Emissionszertifikate, zur Versteigerungsplattform, zum Versteigerer oder zur Auktionsaufsicht<\/strong><\/p>\n<p>a) Name<\/p>\n<table class='news_layout_data_tabel news_layout_data_table' cellspacing='0' cellpadding='0' border='1'>\n<tr>\n<td data-eqs-dd='issuer-name'>ALLGEIER SE<\/td>\n<\/tr>\n<\/table>\n<p>b) LEI<\/p>\n<table class='news_layout_data_tabel news_layout_data_table' cellspacing='0' cellpadding='0' border='1'>\n<tr>\n<td data-eqs-dd='lei'>529900IQAYRZIGKOJL63&nbsp;<\/td>\n<\/tr>\n<\/table>\n<p><\/span><span data-eqs-dd='transaction-details'><strong>4. Angaben zum Gesch\u00e4ft\/zu den Gesch\u00e4ften<!-- - Abschnitt Nr. 1--><\/strong><\/p>\n<p>a) Beschreibung des Finanzinstruments, Art des Instruments, Kennung<\/p>\n<table class='news_layout_data_tabel news_layout_data_table' cellspacing='0' cellpadding='0' border='1'>\n<tr>\n<td width='50%'>Art:<\/td>\n<td data-eqs-dd='type-of-financial-instrument'>Aktie<\/td>\n<\/tr>\n<tr>\n<td width='50%'>ISIN:<\/td>\n<td data-eqs-dd='isin'>DE000A2GS633<\/td>\n<\/tr>\n<\/table>\n<p>b) Art des Gesch\u00e4fts<\/p>\n<table class='news_layout_data_tabel news_layout_data_table' cellspacing='0' cellpadding='0' border='1'>\n<tr>\n<td data-eqs-dd='deal-type'>Kauf<\/td>\n<\/tr>\n<\/table>\n<p>c) Preis(e) und Volumen<\/p>\n<table class='news_layout_data_tabel news_layout_data_table' cellspacing='0' cellpadding='0' border='1'>\n<tr>\n<td width='50%'>Preis(e)<\/td>\n<td>Volumen<\/td>\n<\/tr>\n<tr data-eqs-dd='price-and-volume'>\n<td width='50%'><span data-eqs-dd='price'>22,20<\/span> <span data-eqs-dd='currency-of-price'>EUR<\/span><\/td>\n<td><span data-eqs-dd='volume'>177,60<\/span> <span data-eqs-dd='currency-of-volume'>EUR<\/span><\/td>\n<\/tr>\n<tr data-eqs-dd='price-and-volume'>\n<td width='50%'><span data-eqs-dd='price'>22,05<\/span> <span data-eqs-dd='currency-of-price'>EUR<\/span><\/td>\n<td><span data-eqs-dd='volume'>661,50<\/span> <span data-eqs-dd='currency-of-volume'>EUR<\/span><\/td>\n<\/tr>\n<tr data-eqs-dd='price-and-volume'>\n<td width='50%'><span data-eqs-dd='price'>22,05<\/span> <span data-eqs-dd='currency-of-price'>EUR<\/span><\/td>\n<td><span data-eqs-dd='volume'>286,65<\/span> <span data-eqs-dd='currency-of-volume'>EUR<\/span><\/td>\n<\/tr>\n<tr data-eqs-dd='price-and-volume'>\n<td width='50%'><span data-eqs-dd='price'>22,10<\/span> <span data-eqs-dd='currency-of-price'>EUR<\/span><\/td>\n<td><span data-eqs-dd='volume'>663,00<\/span> <span data-eqs-dd='currency-of-volume'>EUR<\/span><\/td>\n<\/tr>\n<\/table>\n<p>d) Aggregierte Informationen<\/p>\n<table class='news_layout_data_tabel news_layout_data_table' cellspacing='0' cellpadding='0' border='1'>\n<tr>\n<td width='50%'>Preis<\/td>\n<td>Aggregiertes Volumen<\/td>\n<\/tr>\n<tr data-eqs-dd='aggregated-price-and-volume'>\n<td width='50%'><span data-eqs-dd='price'>22,0833<\/span> <span data-eqs-dd='currency-of-price'>EUR<\/span><\/td>\n<td><span data-eqs-dd='volume'>1.788,75<\/span> <span data-eqs-dd='currency-of-volume'>EUR<\/span><\/td>\n<\/tr>\n<\/table>\n<p>e) Datum des Gesch\u00e4fts<\/p>\n<table class='news_layout_data_tabel news_layout_data_table' cellspacing='0' cellpadding='0' border='1'>\n<tr>\n<td data-eqs-dd='date-of-transaction-utc'>2023-09-04; UTC+2<\/td>\n<\/tr>\n<\/table>\n<p>f) Ort des Gesch\u00e4fts<\/p>\n<table class='news_layout_data_tabel news_layout_data_table' cellspacing='0' cellpadding='0' border='1'>\n<tr>\n<td width='50%'>Name:<\/td>\n<td data-eqs-dd='place-of-transaction'>XETRA<\/td>\n<\/tr>\n<tr>\n<td width='50%'>MIC:<\/td>\n<td data-eqs-dd='mic'>XETR<\/td>\n<\/tr>\n<\/table>\n<p><\/span><\/div>\n<p><\/p>\n<hr \/>\n<p class='news_bottom'>04.09.2023 CET\/CEST Die EQS Distributionsservices umfassen gesetzliche Meldepflichten, Corporate News\/Finanznachrichten und Pressemitteilungen.<br \/>Medienarchiv unter https:\/\/eqs-news.com<\/p>\n<hr \/>\n<\/td>\n<\/tr>\n<\/table>\n<table class='news_footer_layout' cellpadding='0' cellspacing='0'>\n<tr>\n<td align='left' valign='top' class='first_column column_1' nowrap>Sprache:<\/td>\n<td align='left' valign='top' class='column_2'>Deutsch<\/td>\n<\/tr>\n<tr>\n<td align='left' valign='top' class='column_1' nowrap>Unternehmen:<\/td>\n<td align='left' valign='top' class='column_2'>ALLGEIER SE<\/td>\n<\/tr>\n<tr>\n<td align='left' valign='top' class='column_1'><\/td>\n<td align='left' valign='top' class='column_2'>Einsteinstra\u00dfe 172<\/td>\n<\/tr>\n<tr>\n<td align='left' valign='top' class='column_1'><\/td>\n<td align='left' valign='top' class='column_2'>81677 M\u00fcnchen<\/td>\n<\/tr>\n<tr>\n<td align='left' valign='top' class='column_1'><\/td>\n<td align='left' valign='top' class='column_2'>Deutschland<\/td>\n<\/tr>\n<tr>\n<td align='left' valign='top' class='column_1' nowrap>Internet:<\/td>\n<td align='left' valign='top' class='column_2'>http:\/\/www.allgeier.com<\/td>\n<\/tr>\n<\/table>\n<p><\/p>\n<table class='news_footer_layout' border='0' cellpadding='0' cellspacing='0'>\n<tr>\n<td align='left' valign='top' colspan='2'><\/td>\n<\/tr>\n<\/table>\n<table class='news_layout news_layout_footer_end' border='0' cellpadding='0' cellspacing='0'>\n<tr>\n<td align='left' valign='top' colspan='2'>&nbsp;<\/td>\n<\/tr>\n<tr>\n<td align='left' valign='top' class='column_1'>Ende der Mitteilung<\/td>\n<td align='left' valign='top' class='column_2'>EQS News-Service<\/td>\n<\/tr>\n<\/table>\n<p class=''>\n<p><img src='https:\/\/eqs-cockpit.com\/cgi-bin\/fncls.ssp?fn=show_t_gif&amp;application_id=1718581&amp;application_name=news&amp;site_id=news_data' alt='show this' width='0' height='0' border='0' \/><\/p>\n","protected":false},"excerpt":{"rendered":"<p>Meldung und \u00f6ffentliche Bekanntgabe der Gesch\u00e4fte von Personen, die F\u00fchrungsaufgaben wahrnehmen, sowie in enger Beziehung zu ihnen stehenden Personen 04.09.2023 \/ 16:36 CET\/CESTF\u00fcr den Inhalt der Mitteilung ist der Emittent \/ Herausgeber verantwortlich. 1. Angaben zu den Personen, die F\u00fchrungsaufgaben wahrnehmen, sowie zu den in enger Beziehung zu ihnen stehenden Personen a) Name Name und &hellip; <\/p>\n","protected":false},"author":1,"featured_media":0,"parent":1171,"menu_order":0,"comment_status":"closed","ping_status":"closed","template":"","meta":{"_acf_changed":false,"footnotes":""},"categories":[],"tags":[],"class_list":["post-5888","page","type-page","status-publish","hentry"],"acf":[],"yoast_head":"<!-- This site is optimized with the Yoast SEO plugin v27.3 - https:\/\/yoast.com\/product\/yoast-seo-wordpress\/ -->\n<title>es-04092023.1436 - Allgeier SE<\/title>\n<meta name=\"robots\" content=\"index, follow, max-snippet:-1, max-image-preview:large, max-video-preview:-1\" \/>\n<link rel=\"canonical\" href=\"https:\/\/www.allgeier.com\/de\/pressroom\/news\/es-04092023-1436\/\" \/>\n<meta property=\"og:locale\" content=\"de_DE\" \/>\n<meta property=\"og:type\" content=\"article\" \/>\n<meta property=\"og:title\" content=\"es-04092023.1436 - Allgeier SE\" \/>\n<meta property=\"og:description\" content=\"Meldung und \u00f6ffentliche Bekanntgabe der Gesch\u00e4fte von Personen, die F\u00fchrungsaufgaben wahrnehmen, sowie in enger Beziehung zu ihnen stehenden Personen 04.09.2023 \/ 16:36 CET\/CESTF\u00fcr den Inhalt der Mitteilung ist der Emittent \/ Herausgeber verantwortlich. 1. Angaben zu den Personen, die F\u00fchrungsaufgaben wahrnehmen, sowie zu den in enger Beziehung zu ihnen stehenden Personen a) Name Name und &hellip;\" \/>\n<meta property=\"og:url\" content=\"https:\/\/www.allgeier.com\/de\/pressroom\/news\/es-04092023-1436\/\" \/>\n<meta property=\"og:site_name\" content=\"Allgeier SE\" \/>\n<meta property=\"og:image\" content=\"https:\/\/eqs-cockpit.com\/cgi-bin\/fncls.ssp?fn=show_t_gif&amp;application_id=1718581&amp;application_name=news&amp;site_id=news_data\" \/>\n<meta name=\"twitter:card\" content=\"summary_large_image\" \/>\n<meta name=\"twitter:label1\" content=\"Gesch\u00e4tzte Lesezeit\" \/>\n\t<meta name=\"twitter:data1\" content=\"1\u00a0Minute\" \/>\n<script type=\"application\/ld+json\" class=\"yoast-schema-graph\">{\"@context\":\"https:\\\/\\\/schema.org\",\"@graph\":[{\"@type\":\"WebPage\",\"@id\":\"https:\\\/\\\/www.allgeier.com\\\/de\\\/pressroom\\\/news\\\/es-04092023-1436\\\/\",\"url\":\"https:\\\/\\\/www.allgeier.com\\\/de\\\/pressroom\\\/news\\\/es-04092023-1436\\\/\",\"name\":\"es-04092023.1436 - Allgeier SE\",\"isPartOf\":{\"@id\":\"https:\\\/\\\/www.allgeier.com\\\/de\\\/#website\"},\"primaryImageOfPage\":{\"@id\":\"https:\\\/\\\/www.allgeier.com\\\/de\\\/pressroom\\\/news\\\/es-04092023-1436\\\/#primaryimage\"},\"image\":{\"@id\":\"https:\\\/\\\/www.allgeier.com\\\/de\\\/pressroom\\\/news\\\/es-04092023-1436\\\/#primaryimage\"},\"thumbnailUrl\":\"https:\\\/\\\/eqs-cockpit.com\\\/cgi-bin\\\/fncls.ssp?fn=show_t_gif&amp;application_id=1718581&amp;application_name=news&amp;site_id=news_data\",\"datePublished\":\"2023-09-04T14:36:45+00:00\",\"breadcrumb\":{\"@id\":\"https:\\\/\\\/www.allgeier.com\\\/de\\\/pressroom\\\/news\\\/es-04092023-1436\\\/#breadcrumb\"},\"inLanguage\":\"de\",\"potentialAction\":[{\"@type\":\"ReadAction\",\"target\":[\"https:\\\/\\\/www.allgeier.com\\\/de\\\/pressroom\\\/news\\\/es-04092023-1436\\\/\"]}]},{\"@type\":\"ImageObject\",\"inLanguage\":\"de\",\"@id\":\"https:\\\/\\\/www.allgeier.com\\\/de\\\/pressroom\\\/news\\\/es-04092023-1436\\\/#primaryimage\",\"url\":\"https:\\\/\\\/eqs-cockpit.com\\\/cgi-bin\\\/fncls.ssp?fn=show_t_gif&amp;application_id=1718581&amp;application_name=news&amp;site_id=news_data\",\"contentUrl\":\"https:\\\/\\\/eqs-cockpit.com\\\/cgi-bin\\\/fncls.ssp?fn=show_t_gif&amp;application_id=1718581&amp;application_name=news&amp;site_id=news_data\"},{\"@type\":\"BreadcrumbList\",\"@id\":\"https:\\\/\\\/www.allgeier.com\\\/de\\\/pressroom\\\/news\\\/es-04092023-1436\\\/#breadcrumb\",\"itemListElement\":[{\"@type\":\"ListItem\",\"position\":1,\"name\":\"Home\",\"item\":\"https:\\\/\\\/www.allgeier.com\\\/de\\\/\"},{\"@type\":\"ListItem\",\"position\":2,\"name\":\"Presse\",\"item\":\"https:\\\/\\\/www.allgeier.com\\\/de\\\/pressroom\\\/\"},{\"@type\":\"ListItem\",\"position\":3,\"name\":\"News\",\"item\":\"https:\\\/\\\/www.allgeier.com\\\/de\\\/pressroom\\\/news\\\/\"},{\"@type\":\"ListItem\",\"position\":4,\"name\":\"es-04092023.1436\"}]},{\"@type\":\"WebSite\",\"@id\":\"https:\\\/\\\/www.allgeier.com\\\/de\\\/#website\",\"url\":\"https:\\\/\\\/www.allgeier.com\\\/de\\\/\",\"name\":\"Allgeier SE\",\"description\":\"Software &amp; IT Services for digital transformation\",\"potentialAction\":[{\"@type\":\"SearchAction\",\"target\":{\"@type\":\"EntryPoint\",\"urlTemplate\":\"https:\\\/\\\/www.allgeier.com\\\/de\\\/?s={search_term_string}\"},\"query-input\":{\"@type\":\"PropertyValueSpecification\",\"valueRequired\":true,\"valueName\":\"search_term_string\"}}],\"inLanguage\":\"de\"}]}<\/script>\n<!-- \/ Yoast SEO plugin. -->","yoast_head_json":{"title":"es-04092023.1436 - Allgeier SE","robots":{"index":"index","follow":"follow","max-snippet":"max-snippet:-1","max-image-preview":"max-image-preview:large","max-video-preview":"max-video-preview:-1"},"canonical":"https:\/\/www.allgeier.com\/de\/pressroom\/news\/es-04092023-1436\/","og_locale":"de_DE","og_type":"article","og_title":"es-04092023.1436 - Allgeier SE","og_description":"Meldung und \u00f6ffentliche Bekanntgabe der Gesch\u00e4fte von Personen, die F\u00fchrungsaufgaben wahrnehmen, sowie in enger Beziehung zu ihnen stehenden Personen 04.09.2023 \/ 16:36 CET\/CESTF\u00fcr den Inhalt der Mitteilung ist der Emittent \/ Herausgeber verantwortlich. 1. Angaben zu den Personen, die F\u00fchrungsaufgaben wahrnehmen, sowie zu den in enger Beziehung zu ihnen stehenden Personen a) Name Name und &hellip;","og_url":"https:\/\/www.allgeier.com\/de\/pressroom\/news\/es-04092023-1436\/","og_site_name":"Allgeier SE","og_image":[{"url":"https:\/\/eqs-cockpit.com\/cgi-bin\/fncls.ssp?fn=show_t_gif&amp;application_id=1718581&amp;application_name=news&amp;site_id=news_data","type":"","width":"","height":""}],"twitter_card":"summary_large_image","twitter_misc":{"Gesch\u00e4tzte Lesezeit":"1\u00a0Minute"},"schema":{"@context":"https:\/\/schema.org","@graph":[{"@type":"WebPage","@id":"https:\/\/www.allgeier.com\/de\/pressroom\/news\/es-04092023-1436\/","url":"https:\/\/www.allgeier.com\/de\/pressroom\/news\/es-04092023-1436\/","name":"es-04092023.1436 - Allgeier SE","isPartOf":{"@id":"https:\/\/www.allgeier.com\/de\/#website"},"primaryImageOfPage":{"@id":"https:\/\/www.allgeier.com\/de\/pressroom\/news\/es-04092023-1436\/#primaryimage"},"image":{"@id":"https:\/\/www.allgeier.com\/de\/pressroom\/news\/es-04092023-1436\/#primaryimage"},"thumbnailUrl":"https:\/\/eqs-cockpit.com\/cgi-bin\/fncls.ssp?fn=show_t_gif&amp;application_id=1718581&amp;application_name=news&amp;site_id=news_data","datePublished":"2023-09-04T14:36:45+00:00","breadcrumb":{"@id":"https:\/\/www.allgeier.com\/de\/pressroom\/news\/es-04092023-1436\/#breadcrumb"},"inLanguage":"de","potentialAction":[{"@type":"ReadAction","target":["https:\/\/www.allgeier.com\/de\/pressroom\/news\/es-04092023-1436\/"]}]},{"@type":"ImageObject","inLanguage":"de","@id":"https:\/\/www.allgeier.com\/de\/pressroom\/news\/es-04092023-1436\/#primaryimage","url":"https:\/\/eqs-cockpit.com\/cgi-bin\/fncls.ssp?fn=show_t_gif&amp;application_id=1718581&amp;application_name=news&amp;site_id=news_data","contentUrl":"https:\/\/eqs-cockpit.com\/cgi-bin\/fncls.ssp?fn=show_t_gif&amp;application_id=1718581&amp;application_name=news&amp;site_id=news_data"},{"@type":"BreadcrumbList","@id":"https:\/\/www.allgeier.com\/de\/pressroom\/news\/es-04092023-1436\/#breadcrumb","itemListElement":[{"@type":"ListItem","position":1,"name":"Home","item":"https:\/\/www.allgeier.com\/de\/"},{"@type":"ListItem","position":2,"name":"Presse","item":"https:\/\/www.allgeier.com\/de\/pressroom\/"},{"@type":"ListItem","position":3,"name":"News","item":"https:\/\/www.allgeier.com\/de\/pressroom\/news\/"},{"@type":"ListItem","position":4,"name":"es-04092023.1436"}]},{"@type":"WebSite","@id":"https:\/\/www.allgeier.com\/de\/#website","url":"https:\/\/www.allgeier.com\/de\/","name":"Allgeier SE","description":"Software &amp; IT Services for digital transformation","potentialAction":[{"@type":"SearchAction","target":{"@type":"EntryPoint","urlTemplate":"https:\/\/www.allgeier.com\/de\/?s={search_term_string}"},"query-input":{"@type":"PropertyValueSpecification","valueRequired":true,"valueName":"search_term_string"}}],"inLanguage":"de"}]}},"_links":{"self":[{"href":"https:\/\/www.allgeier.com\/de\/wp-json\/wp\/v2\/pages\/5888","targetHints":{"allow":["GET"]}}],"collection":[{"href":"https:\/\/www.allgeier.com\/de\/wp-json\/wp\/v2\/pages"}],"about":[{"href":"https:\/\/www.allgeier.com\/de\/wp-json\/wp\/v2\/types\/page"}],"author":[{"embeddable":true,"href":"https:\/\/www.allgeier.com\/de\/wp-json\/wp\/v2\/users\/1"}],"replies":[{"embeddable":true,"href":"https:\/\/www.allgeier.com\/de\/wp-json\/wp\/v2\/comments?post=5888"}],"version-history":[{"count":0,"href":"https:\/\/www.allgeier.com\/de\/wp-json\/wp\/v2\/pages\/5888\/revisions"}],"up":[{"embeddable":true,"href":"https:\/\/www.allgeier.com\/de\/wp-json\/wp\/v2\/pages\/1171"}],"wp:attachment":[{"href":"https:\/\/www.allgeier.com\/de\/wp-json\/wp\/v2\/media?parent=5888"}],"wp:term":[{"taxonomy":"category","embeddable":true,"href":"https:\/\/www.allgeier.com\/de\/wp-json\/wp\/v2\/categories?post=5888"},{"taxonomy":"post_tag","embeddable":true,"href":"https:\/\/www.allgeier.com\/de\/wp-json\/wp\/v2\/tags?post=5888"}],"curies":[{"name":"wp","href":"https:\/\/api.w.org\/{rel}","templated":true}]}}