{"id":5922,"date":"2023-12-13T13:42:52","date_gmt":"2023-12-13T13:42:52","guid":{"rendered":"https:\/\/www.allgeier.com\/de\/pressroom\/news\/es-13122023\/"},"modified":"2025-02-05T19:25:24","modified_gmt":"2025-02-05T19:25:24","slug":"es-13122023","status":"publish","type":"page","link":"https:\/\/www.allgeier.com\/de\/pressroom\/news\/es-13122023\/","title":{"rendered":"es-13122023"},"content":{"rendered":"<table class=\"news_layout style2015\" border=\"0\" cellpadding=\"0\" cellspacing=\"0\">\n<tr>\n<td>\n<p class=\"news_top\">EQS-News: ALLGEIER SE \/ Schlagwort(e): Stellungnahme<br \/>Allgeier SE: Allgeier stellt klar <br \/><span class=\"news_top_date\">13.12.2023 \/ 14:42 CET\/CEST<\/span><br \/>F\u00fcr den Inhalt der Mitteilung ist der Emittent \/ Herausgeber verantwortlich.<\/p>\n<div class=\"break-word news_main\">\n<p><i>M\u00fcnchen, 13. Dezember 2023 \u2013<\/i> Aus Anlass der Meldungen \u00fcber den Cyberangriff auf den Automobilzulieferer Allgaier-Werke aus Uhingen m\u00f6chten wir darauf hinweisen und klarstellen, dass die Allgeier SE (ISIN DE000A2GS633, WKN A2GS63) und ihre Tochtergesellschaften nicht mit diesem Unternehmen in Verbindung stehen. Es handelt sich lediglich um eine zuf\u00e4llige \u00c4hnlichkeit des Firmennamens.<\/p>\n<p style=\"text-align:justify\">Kontakt:<\/p>\n<p>Allgeier SE<br \/>Corporate Communications &amp; Investor Relations<br \/>Dr. Christopher Gro\u00dfe<br \/>Einsteinstra\u00dfe 172<br \/>81677 M\u00fcnchen<br \/>Tel.: +49 (0)89\/998421-0<br \/>Fax: +49 (0)89\/998421-11<br \/>E-Mail: ir@allgeier.com<br \/>Web: www.allgeier.com<\/p>\n<p>Allgeier SE ist eines der f\u00fchrenden deutschen Technologie-Unternehmen f\u00fcr digitale Transformation: Die stark wachsende Gruppe f\u00fchrt ihre Kunden durch die Herausforderungen des digitalen Wandels, um deren zuk\u00fcnftigen Erfolg sicherzustellen. Allgeier verf\u00fcgt \u00fcber eine breite und stabile Kundenbasis aus global agierenden Konzernen, leistungsstarken mittelst\u00e4ndischen Unternehmen sowie Auftraggebern des \u00f6ffentlichen Sektors auf allen f\u00f6deralen Ebenen. Den \u00fcber 2.000 Kunden bietet Allgeier ein vollumf\u00e4ngliches Software- und IT-Services-Portfolio, das von High-End-Softwareentwicklung bis hin zu Business Efficiency Solutions zur Unterst\u00fctzung der Digitalisierung und Transformation gesch\u00e4ftskritischer Prozesse reicht. Allgeier erzielt dabei Durchbr\u00fcche hin zu neuen digitalen Gesch\u00e4ftsmodellen, definiert strategische Priorit\u00e4ten und realisiert mit hoher Flexibilit\u00e4t und Skalierbarkeit bahnbrechende Software und IT-Services-Projekte, um agile und intelligente Organisationen f\u00fcr das digitale Zeitalter zu gestalten. In den beiden Konzernsegmenten Enterprise IT und mgm technology partners sind \u00fcber 3.600 angestellte Mitarbeiter an weltweit insgesamt 47 Standorten in der DACH-Region, in Frankreich, Spanien, Portugal, Polen und Tschechien sowie in Indien, Vietnam und den USA t\u00e4tig. Im Gesch\u00e4ftsjahr 2022 erzielte Allgeier im fortgef\u00fchrten Gesch\u00e4ft einen Umsatz von 480 Mio. Euro. Gem\u00e4\u00df L\u00fcnendonk\u00ae-Liste 2023 z\u00e4hlt Allgeier zu den f\u00fchrenden IT-Service-Unternehmen in Deutschland. Allgeier SE ist am Regulierten Markt der Frankfurter Wertpapierb\u00f6rse im General Standard gelistet (WKN A2GS63, ISIN DE000A2GS633). Weitere Informationen unter: <a href='https:\/\/eqs-cockpit.com\/cgi-bin\/fncls.ssp?fn=redirect&amp;url=fba671096fad4fab9ee591bdc0d038d4&amp;application_id=1796321&amp;site_id=news_data&amp;application_name=news'>www.allgeier.com<\/a><\/p>\n<\/div>\n<p><\/p>\n<hr \/>\n<p class=\"news_bottom\">13.12.2023 CET\/CEST Ver\u00f6ffentlichung einer Corporate News\/Finanznachricht, \u00fcbermittelt durch EQS News &#8211; ein Service der EQS Group AG.<br \/>F\u00fcr den Inhalt der Mitteilung ist der Emittent \/ Herausgeber verantwortlich.<\/p>\n<p>Die EQS Distributionsservices umfassen gesetzliche Meldepflichten, Corporate News\/Finanznachrichten und Pressemitteilungen.<br \/>Medienarchiv unter https:\/\/eqs-news.com<\/p>\n<hr \/>\n<\/td>\n<\/tr>\n<\/table>\n<table class=\"news_footer_layout\" cellpadding=\"0\" cellspacing=\"0\">\n<tr>\n<td align=\"left\" valign=\"top\" class=\"first_column column_1\" nowrap>Sprache:<\/td>\n<td align=\"left\" valign=\"top\" class=\"column_2\">Deutsch<\/td>\n<\/tr>\n<tr>\n<td align=\"left\" valign=\"top\" class=\"column_1\" nowrap>Unternehmen:<\/td>\n<td align=\"left\" valign=\"top\" class=\"column_2\">ALLGEIER SE<\/td>\n<\/tr>\n<tr>\n<td align=\"left\" valign=\"top\" class=\"column_1\"><\/td>\n<td align=\"left\" valign=\"top\" class=\"column_2\">Einsteinstra\u00dfe 172<\/td>\n<\/tr>\n<tr>\n<td align=\"left\" valign=\"top\" class=\"column_1\"><\/td>\n<td align=\"left\" valign=\"top\" class=\"column_2\">81677 M\u00fcnchen<\/td>\n<\/tr>\n<tr>\n<td align=\"left\" valign=\"top\" class=\"column_1\"><\/td>\n<td align=\"left\" valign=\"top\" class=\"column_2\">Deutschland<\/td>\n<\/tr>\n<tr>\n<td align=\"left\" valign=\"top\" class=\"column_1\" nowrap>Telefon:<\/td>\n<td align=\"left\" valign=\"top\" class=\"column_2\">+49 (0) 89 &#8211; 99 84 21 0<\/td>\n<\/tr>\n<tr>\n<td align=\"left\" valign=\"top\" class=\"column_1\" nowrap>Fax:<\/td>\n<td align=\"left\" valign=\"top\" class=\"column_2\">+49 (0) 89 &#8211; 99 84 21 11<\/td>\n<\/tr>\n<tr>\n<td align=\"left\" valign=\"top\" class=\"column_1\" nowrap>E-Mail:<\/td>\n<td align=\"left\" valign=\"top\" class=\"column_2\">info@allgeier.com<\/td>\n<\/tr>\n<tr>\n<td align=\"left\" valign=\"top\" class=\"column_1\" nowrap>Internet:<\/td>\n<td align=\"left\" valign=\"top\" class=\"column_2\">http:\/\/www.allgeier.com<\/td>\n<\/tr>\n<tr>\n<td align=\"left\" valign=\"top\" class=\"column_1\" nowrap>ISIN:<\/td>\n<td align=\"left\" valign=\"top\" class=\"column_2\">DE000A2GS633<\/td>\n<\/tr>\n<tr>\n<td align=\"left\" valign=\"top\" class=\"column_1\" nowrap>WKN:<\/td>\n<td align=\"left\" valign=\"top\" class=\"column_2\">A2GS63<\/td>\n<\/tr>\n<tr>\n<td align=\"left\" valign=\"top\" class=\"column_1\" nowrap>Indizes:<\/td>\n<td align=\"left\" valign=\"top\" class=\"column_2\">CDAX<\/td>\n<\/tr>\n<tr>\n<td align=\"left\" valign=\"top\" class=\"column_1\">B\u00f6rsen:<\/td>\n<td align=\"left\" valign=\"top\" class=\"column_2\">Regulierter Markt in Frankfurt (General Standard); Freiverkehr in Berlin, D\u00fcsseldorf, Hamburg, Stuttgart, Tradegate Exchange<\/td>\n<\/tr>\n<tr>\n<td align=\"left\" valign=\"top\" class=\"column_1\" nowrap>EQS News ID:<\/td>\n<td align=\"left\" valign=\"top\" class=\"column_2\">1796321<\/td>\n<\/tr>\n<\/table>\n<p><\/p>\n<table class=\"news_footer_layout\" border=\"0\" cellpadding=\"0\" cellspacing=\"0\">\n<tr>\n<td align=\"left\" valign=\"top\" colspan=\"2\"><\/td>\n<\/tr>\n<\/table>\n<table class=\"news_layout news_layout_footer_end\" border=\"0\" cellpadding=\"0\" cellspacing=\"0\">\n<tr>\n<td align=\"left\" valign=\"top\" colspan=\"2\">&nbsp;<\/td>\n<\/tr>\n<tr>\n<td align=\"left\" valign=\"top\" class=\"column_1\">Ende der Mitteilung<\/td>\n<td align=\"left\" valign=\"top\" class=\"column_2\">EQS News-Service<\/td>\n<\/tr>\n<\/table>\n<p class=\"\">\n<p><img loading=\"lazy\" decoding=\"async\" src=\"https:\/\/eqs-cockpit.com\/cgi-bin\/fncls.ssp?fn=show_t_gif&amp;application_id=1796321&amp;application_name=news&amp;site_id=news_data\" alt=\"show this\" width=\"0\" height=\"0\" border=\"0\" \/><\/p>\n","protected":false},"excerpt":{"rendered":"<p>EQS-News: ALLGEIER SE \/ Schlagwort(e): StellungnahmeAllgeier SE: Allgeier stellt klar 13.12.2023 \/ 14:42 CET\/CESTF\u00fcr den Inhalt der Mitteilung ist der Emittent \/ Herausgeber verantwortlich. M\u00fcnchen, 13. Dezember 2023 \u2013 Aus Anlass der Meldungen \u00fcber den Cyberangriff auf den Automobilzulieferer Allgaier-Werke aus Uhingen m\u00f6chten wir darauf hinweisen und klarstellen, dass die Allgeier SE (ISIN DE000A2GS633, WKN &hellip; <\/p>\n","protected":false},"author":1,"featured_media":0,"parent":1171,"menu_order":0,"comment_status":"closed","ping_status":"closed","template":"","meta":{"_acf_changed":false,"footnotes":""},"categories":[7],"tags":[],"class_list":["post-5922","page","type-page","status-publish","hentry","category-pressemitteilungen"],"acf":[],"yoast_head":"<!-- This site is optimized with the Yoast SEO plugin v27.3 - https:\/\/yoast.com\/product\/yoast-seo-wordpress\/ -->\n<title>es-13122023 - Allgeier SE<\/title>\n<meta name=\"robots\" content=\"index, follow, max-snippet:-1, max-image-preview:large, max-video-preview:-1\" \/>\n<link rel=\"canonical\" href=\"https:\/\/www.allgeier.com\/de\/pressroom\/news\/es-13122023\/\" \/>\n<meta property=\"og:locale\" content=\"de_DE\" \/>\n<meta property=\"og:type\" content=\"article\" \/>\n<meta property=\"og:title\" content=\"es-13122023 - Allgeier SE\" \/>\n<meta property=\"og:description\" content=\"EQS-News: ALLGEIER SE \/ Schlagwort(e): StellungnahmeAllgeier SE: Allgeier stellt klar 13.12.2023 \/ 14:42 CET\/CESTF\u00fcr den Inhalt der Mitteilung ist der Emittent \/ Herausgeber verantwortlich. M\u00fcnchen, 13. Dezember 2023 \u2013 Aus Anlass der Meldungen \u00fcber den Cyberangriff auf den Automobilzulieferer Allgaier-Werke aus Uhingen m\u00f6chten wir darauf hinweisen und klarstellen, dass die Allgeier SE (ISIN DE000A2GS633, WKN &hellip;\" \/>\n<meta property=\"og:url\" content=\"https:\/\/www.allgeier.com\/de\/pressroom\/news\/es-13122023\/\" \/>\n<meta property=\"og:site_name\" content=\"Allgeier SE\" \/>\n<meta property=\"article:modified_time\" content=\"2025-02-05T19:25:24+00:00\" \/>\n<meta property=\"og:image\" content=\"https:\/\/eqs-cockpit.com\/cgi-bin\/fncls.ssp?fn=show_t_gif&amp;application_id=1796321&amp;application_name=news&amp;site_id=news_data\" \/>\n<meta name=\"twitter:card\" content=\"summary_large_image\" \/>\n<meta name=\"twitter:label1\" content=\"Gesch\u00e4tzte Lesezeit\" \/>\n\t<meta name=\"twitter:data1\" content=\"3\u00a0Minuten\" \/>\n<script type=\"application\/ld+json\" class=\"yoast-schema-graph\">{\"@context\":\"https:\\\/\\\/schema.org\",\"@graph\":[{\"@type\":\"WebPage\",\"@id\":\"https:\\\/\\\/www.allgeier.com\\\/de\\\/pressroom\\\/news\\\/es-13122023\\\/\",\"url\":\"https:\\\/\\\/www.allgeier.com\\\/de\\\/pressroom\\\/news\\\/es-13122023\\\/\",\"name\":\"es-13122023 - Allgeier SE\",\"isPartOf\":{\"@id\":\"https:\\\/\\\/www.allgeier.com\\\/de\\\/#website\"},\"primaryImageOfPage\":{\"@id\":\"https:\\\/\\\/www.allgeier.com\\\/de\\\/pressroom\\\/news\\\/es-13122023\\\/#primaryimage\"},\"image\":{\"@id\":\"https:\\\/\\\/www.allgeier.com\\\/de\\\/pressroom\\\/news\\\/es-13122023\\\/#primaryimage\"},\"thumbnailUrl\":\"https:\\\/\\\/eqs-cockpit.com\\\/cgi-bin\\\/fncls.ssp?fn=show_t_gif&amp;application_id=1796321&amp;application_name=news&amp;site_id=news_data\",\"datePublished\":\"2023-12-13T13:42:52+00:00\",\"dateModified\":\"2025-02-05T19:25:24+00:00\",\"breadcrumb\":{\"@id\":\"https:\\\/\\\/www.allgeier.com\\\/de\\\/pressroom\\\/news\\\/es-13122023\\\/#breadcrumb\"},\"inLanguage\":\"de\",\"potentialAction\":[{\"@type\":\"ReadAction\",\"target\":[\"https:\\\/\\\/www.allgeier.com\\\/de\\\/pressroom\\\/news\\\/es-13122023\\\/\"]}]},{\"@type\":\"ImageObject\",\"inLanguage\":\"de\",\"@id\":\"https:\\\/\\\/www.allgeier.com\\\/de\\\/pressroom\\\/news\\\/es-13122023\\\/#primaryimage\",\"url\":\"https:\\\/\\\/eqs-cockpit.com\\\/cgi-bin\\\/fncls.ssp?fn=show_t_gif&amp;application_id=1796321&amp;application_name=news&amp;site_id=news_data\",\"contentUrl\":\"https:\\\/\\\/eqs-cockpit.com\\\/cgi-bin\\\/fncls.ssp?fn=show_t_gif&amp;application_id=1796321&amp;application_name=news&amp;site_id=news_data\"},{\"@type\":\"BreadcrumbList\",\"@id\":\"https:\\\/\\\/www.allgeier.com\\\/de\\\/pressroom\\\/news\\\/es-13122023\\\/#breadcrumb\",\"itemListElement\":[{\"@type\":\"ListItem\",\"position\":1,\"name\":\"Home\",\"item\":\"https:\\\/\\\/www.allgeier.com\\\/de\\\/\"},{\"@type\":\"ListItem\",\"position\":2,\"name\":\"Presse\",\"item\":\"https:\\\/\\\/www.allgeier.com\\\/de\\\/pressroom\\\/\"},{\"@type\":\"ListItem\",\"position\":3,\"name\":\"News\",\"item\":\"https:\\\/\\\/www.allgeier.com\\\/de\\\/pressroom\\\/news\\\/\"},{\"@type\":\"ListItem\",\"position\":4,\"name\":\"es-13122023\"}]},{\"@type\":\"WebSite\",\"@id\":\"https:\\\/\\\/www.allgeier.com\\\/de\\\/#website\",\"url\":\"https:\\\/\\\/www.allgeier.com\\\/de\\\/\",\"name\":\"Allgeier SE\",\"description\":\"Software &amp; IT Services for digital transformation\",\"potentialAction\":[{\"@type\":\"SearchAction\",\"target\":{\"@type\":\"EntryPoint\",\"urlTemplate\":\"https:\\\/\\\/www.allgeier.com\\\/de\\\/?s={search_term_string}\"},\"query-input\":{\"@type\":\"PropertyValueSpecification\",\"valueRequired\":true,\"valueName\":\"search_term_string\"}}],\"inLanguage\":\"de\"}]}<\/script>\n<!-- \/ Yoast SEO plugin. -->","yoast_head_json":{"title":"es-13122023 - Allgeier SE","robots":{"index":"index","follow":"follow","max-snippet":"max-snippet:-1","max-image-preview":"max-image-preview:large","max-video-preview":"max-video-preview:-1"},"canonical":"https:\/\/www.allgeier.com\/de\/pressroom\/news\/es-13122023\/","og_locale":"de_DE","og_type":"article","og_title":"es-13122023 - Allgeier SE","og_description":"EQS-News: ALLGEIER SE \/ Schlagwort(e): StellungnahmeAllgeier SE: Allgeier stellt klar 13.12.2023 \/ 14:42 CET\/CESTF\u00fcr den Inhalt der Mitteilung ist der Emittent \/ Herausgeber verantwortlich. M\u00fcnchen, 13. Dezember 2023 \u2013 Aus Anlass der Meldungen \u00fcber den Cyberangriff auf den Automobilzulieferer Allgaier-Werke aus Uhingen m\u00f6chten wir darauf hinweisen und klarstellen, dass die Allgeier SE (ISIN DE000A2GS633, WKN &hellip;","og_url":"https:\/\/www.allgeier.com\/de\/pressroom\/news\/es-13122023\/","og_site_name":"Allgeier SE","article_modified_time":"2025-02-05T19:25:24+00:00","og_image":[{"url":"https:\/\/eqs-cockpit.com\/cgi-bin\/fncls.ssp?fn=show_t_gif&amp;application_id=1796321&amp;application_name=news&amp;site_id=news_data","type":"","width":"","height":""}],"twitter_card":"summary_large_image","twitter_misc":{"Gesch\u00e4tzte Lesezeit":"3\u00a0Minuten"},"schema":{"@context":"https:\/\/schema.org","@graph":[{"@type":"WebPage","@id":"https:\/\/www.allgeier.com\/de\/pressroom\/news\/es-13122023\/","url":"https:\/\/www.allgeier.com\/de\/pressroom\/news\/es-13122023\/","name":"es-13122023 - Allgeier SE","isPartOf":{"@id":"https:\/\/www.allgeier.com\/de\/#website"},"primaryImageOfPage":{"@id":"https:\/\/www.allgeier.com\/de\/pressroom\/news\/es-13122023\/#primaryimage"},"image":{"@id":"https:\/\/www.allgeier.com\/de\/pressroom\/news\/es-13122023\/#primaryimage"},"thumbnailUrl":"https:\/\/eqs-cockpit.com\/cgi-bin\/fncls.ssp?fn=show_t_gif&amp;application_id=1796321&amp;application_name=news&amp;site_id=news_data","datePublished":"2023-12-13T13:42:52+00:00","dateModified":"2025-02-05T19:25:24+00:00","breadcrumb":{"@id":"https:\/\/www.allgeier.com\/de\/pressroom\/news\/es-13122023\/#breadcrumb"},"inLanguage":"de","potentialAction":[{"@type":"ReadAction","target":["https:\/\/www.allgeier.com\/de\/pressroom\/news\/es-13122023\/"]}]},{"@type":"ImageObject","inLanguage":"de","@id":"https:\/\/www.allgeier.com\/de\/pressroom\/news\/es-13122023\/#primaryimage","url":"https:\/\/eqs-cockpit.com\/cgi-bin\/fncls.ssp?fn=show_t_gif&amp;application_id=1796321&amp;application_name=news&amp;site_id=news_data","contentUrl":"https:\/\/eqs-cockpit.com\/cgi-bin\/fncls.ssp?fn=show_t_gif&amp;application_id=1796321&amp;application_name=news&amp;site_id=news_data"},{"@type":"BreadcrumbList","@id":"https:\/\/www.allgeier.com\/de\/pressroom\/news\/es-13122023\/#breadcrumb","itemListElement":[{"@type":"ListItem","position":1,"name":"Home","item":"https:\/\/www.allgeier.com\/de\/"},{"@type":"ListItem","position":2,"name":"Presse","item":"https:\/\/www.allgeier.com\/de\/pressroom\/"},{"@type":"ListItem","position":3,"name":"News","item":"https:\/\/www.allgeier.com\/de\/pressroom\/news\/"},{"@type":"ListItem","position":4,"name":"es-13122023"}]},{"@type":"WebSite","@id":"https:\/\/www.allgeier.com\/de\/#website","url":"https:\/\/www.allgeier.com\/de\/","name":"Allgeier SE","description":"Software &amp; IT Services for digital transformation","potentialAction":[{"@type":"SearchAction","target":{"@type":"EntryPoint","urlTemplate":"https:\/\/www.allgeier.com\/de\/?s={search_term_string}"},"query-input":{"@type":"PropertyValueSpecification","valueRequired":true,"valueName":"search_term_string"}}],"inLanguage":"de"}]}},"_links":{"self":[{"href":"https:\/\/www.allgeier.com\/de\/wp-json\/wp\/v2\/pages\/5922","targetHints":{"allow":["GET"]}}],"collection":[{"href":"https:\/\/www.allgeier.com\/de\/wp-json\/wp\/v2\/pages"}],"about":[{"href":"https:\/\/www.allgeier.com\/de\/wp-json\/wp\/v2\/types\/page"}],"author":[{"embeddable":true,"href":"https:\/\/www.allgeier.com\/de\/wp-json\/wp\/v2\/users\/1"}],"replies":[{"embeddable":true,"href":"https:\/\/www.allgeier.com\/de\/wp-json\/wp\/v2\/comments?post=5922"}],"version-history":[{"count":0,"href":"https:\/\/www.allgeier.com\/de\/wp-json\/wp\/v2\/pages\/5922\/revisions"}],"up":[{"embeddable":true,"href":"https:\/\/www.allgeier.com\/de\/wp-json\/wp\/v2\/pages\/1171"}],"wp:attachment":[{"href":"https:\/\/www.allgeier.com\/de\/wp-json\/wp\/v2\/media?parent=5922"}],"wp:term":[{"taxonomy":"category","embeddable":true,"href":"https:\/\/www.allgeier.com\/de\/wp-json\/wp\/v2\/categories?post=5922"},{"taxonomy":"post_tag","embeddable":true,"href":"https:\/\/www.allgeier.com\/de\/wp-json\/wp\/v2\/tags?post=5922"}],"curies":[{"name":"wp","href":"https:\/\/api.w.org\/{rel}","templated":true}]}}