{"id":5927,"date":"2023-12-14T16:55:41","date_gmt":"2023-12-14T17:55:41","guid":{"rendered":"https:\/\/www.allgeier.com\/de\/?page_id=5927"},"modified":"2023-12-14T18:09:52","modified_gmt":"2023-12-14T18:09:52","slug":"allgeier-se-guidance-fuer-das-geschaeftsjahr-2024-und-mittelfristige-erwartung","status":"publish","type":"page","link":"https:\/\/www.allgeier.com\/de\/investor-relations\/adhoc-announcements\/allgeier-se-guidance-fuer-das-geschaeftsjahr-2024-und-mittelfristige-erwartung\/","title":{"rendered":"Allgeier SE: Guidance f\u00fcr das Gesch\u00e4ftsjahr 2024 und mittelfristige Erwartung"},"content":{"rendered":"<table class=\"news_layout style2015\" border=\"0\" cellpadding=\"0\" cellspacing=\"0\">\n<tr>\n<td>\n<p class=\"news_top\">ALLGEIER SE \/ Schlagwort(e): Prognose\/Personalie<br \/>Allgeier SE: Guidance f\u00fcr das Gesch\u00e4ftsjahr 2024 und mittelfristige Erwartung<\/p>\n<p><span class=\"news_top_date\">14.12.2023 \/ 18:55 CET\/CEST<\/span><br \/>Ver\u00f6ffentlichung einer Insiderinformation nach Artikel 17 der Verordnung (EU) Nr. 596\/2014, \u00fcbermittelt durch EQS News &#8211; ein Service der EQS Group AG.<br \/>F\u00fcr den Inhalt der Mitteilung ist der Emittent \/ Herausgeber verantwortlich.<\/p>\n<hr \/>\n<div class=\"break-word news_main\">\n<p><i>M\u00fcnchen, 14. Dezember 2023 \u2013<\/i> Der Vorstand der Allgeier SE (ISIN DE000A2GS633, WKN A2GS63), M\u00fcnchen, erwartet gem\u00e4\u00df der heute verabschiedeten Konzernplanung im kommenden Gesch\u00e4ftsjahr 2024 einen Umsatz in der Gr\u00f6\u00dfenordnung von 510 bis 550 Mio. Euro. Das erwartete bereinigte EBITDA f\u00fcr 2024 betr\u00e4gt zwischen 63 und 69 Mio. Euro. Die entsprechende bereinigte EBITDA-Marge wird zwischen 12 und 13 Prozent erwartet.<\/p>\n<p style=\"text-align:justify\">Mittelfristig erwartet der Vorstand f\u00fcr den kommenden Dreijahreszeitraum eine durchschnittliche organische Wachstumsrate des Konzernumsatzes von 10 bis 15 Prozent. Die bereinigte EBITDA-Marge soll innerhalb dieses Zeitraums weiter auf 15 Prozent anwachsen.<\/p>\n<p style=\"text-align:justify\">Alle vorgenannten Planzahlen und Zielsetzungen f\u00fcr den Zeitraum ab 2024 beziehen sich auf das organische Konzernwachstum. Potenzielle weitere Akquisitionen werden einen zus\u00e4tzlichen Beitrag zum Umsatz- und Ergebniswachstum leisten.<\/p>\n<p style=\"text-align:justify\">Die Erwartung f\u00fcr die Gesch\u00e4ftsentwicklung im laufenden Gesch\u00e4ftsjahr 2023 entspricht der mit Ad-hoc-Mitteilung vom 07. November 2023 ver\u00f6ffentlichten Guidance.<\/p>\n<p style=\"text-align:justify\">Der Aufsichtsrat der Allgeier SE hat Herrn Moritz Genzel mit Wirkung ab dem 01. Januar 2024 zum weiteren Mitglied des Vorstands bestellt. Moritz Genzel ist seit 2019 im Unternehmen t\u00e4tig. Zuvor war Herr Genzel bei einer international t\u00e4tigen Schweizer Investmentbank sowie einer auf Wirtschaftsrecht spezialisierten Anwaltskanzlei besch\u00e4ftigt.<\/p>\n<p style=\"text-align:justify\">Hinweise<\/p>\n<p style=\"text-align:justify\">Es wird darauf hingewiesen, dass Angaben f\u00fcr Zeitr\u00e4ume nach dem 30. September 2023 auf Annahmen und Sch\u00e4tzungen beruhende Erwartungen des Vorstands darstellen. Die k\u00fcnftigen tats\u00e4chlichen Entwicklungen und die k\u00fcnftigen tats\u00e4chlichen Ergebnisse k\u00f6nnen von diesen Annahmen und Sch\u00e4tzungen abweichen. Die Allgeier SE \u00fcbernimmt keine Gew\u00e4hrleistung und keine Haftung daf\u00fcr, dass die k\u00fcnftigen Entwicklungen und die k\u00fcnftig erzielten tats\u00e4chlichen Ergebnisse mit den in dieser Ad-hoc-Mitteilung ge\u00e4u\u00dferten Annahmen und Sch\u00e4tzungen \u00fcbereinstimmen werden.<\/p>\n<p style=\"text-align:justify\">Dieses Dokument enth\u00e4lt \u2013 in einschl\u00e4gigen Rechnungslegungsrahmen nicht genau bestimmte \u2013 erg\u00e4nzende Finanzkennzahlen, die sogenannte alternative Leistungskennzahlen sind oder sein k\u00f6nnen. Diese erg\u00e4nzenden Finanzkennzahlen k\u00f6nnen als Analyseinstrument nur eingeschr\u00e4nkt tauglich sein und sollten f\u00fcr die Beurteilung der Verm\u00f6gens-, Finanz- und Ertragslage der Allgeier SE nicht isoliert oder als Alternative zu den im Konzernabschluss dargestellten und im Einklang mit einschl\u00e4gigen Rechnungslegungsrahmen ermittelten Finanzkennzahlen herangezogen werden. Andere Unternehmen, die alternative Leistungskennzahlen mit einer \u00e4hnlichen Bezeichnung darstellen oder berichten, k\u00f6nnen diese anders berechnen, so dass sie deshalb m\u00f6glicherweise nicht vergleichbar sind. Weitere Informationen zu den von der Allgeier SE verwendeten alternativen Leistungskennzahlen finden Sie im Gesch\u00e4ftsbericht 2022.<\/p>\n<p style=\"text-align:justify\">Kontakt:<\/p>\n<p>Allgeier SE<br \/>Corporate Communications &amp; Investor Relations<br \/>Dr. Christopher Gro\u00dfe<br \/>Einsteinstra\u00dfe 172<br \/>81677 M\u00fcnchen<br \/>Tel.: +49 (0)89\/998421-0<br \/>Fax: +49 (0)89\/998421-11<br \/>E-Mail: ir@allgeier.com<br \/>Web: www.allgeier.com<\/p>\n<p>Allgeier SE ist eines der f\u00fchrenden deutschen Technologie-Unternehmen f\u00fcr digitale Transformation: Die stark wachsende Gruppe f\u00fchrt ihre Kunden durch die Herausforderungen des digitalen Wandels, um deren zuk\u00fcnftigen Erfolg sicherzustellen. Allgeier verf\u00fcgt \u00fcber eine breite und stabile Kundenbasis aus global agierenden Konzernen, leistungsstarken mittelst\u00e4ndischen Unternehmen sowie Auftraggebern des \u00f6ffentlichen Sektors auf allen f\u00f6deralen Ebenen. Den \u00fcber 2.000 Kunden bietet Allgeier ein vollumf\u00e4ngliches Software- und IT-Services-Portfolio, das von High-End-Softwareentwicklung bis hin zu Business Efficiency Solutions zur Unterst\u00fctzung der Digitalisierung und Transformation gesch\u00e4ftskritischer Prozesse reicht. Allgeier erzielt dabei Durchbr\u00fcche hin zu neuen digitalen Gesch\u00e4ftsmodellen, definiert strategische Priorit\u00e4ten und realisiert mit hoher Flexibilit\u00e4t und Skalierbarkeit bahnbrechende Software und IT-Services-Projekte, um agile und intelligente Organisationen f\u00fcr das digitale Zeitalter zu gestalten. In den beiden Konzernsegmenten Enterprise IT und mgm technology partners sind \u00fcber 3.600 angestellte Mitarbeiter an weltweit insgesamt 47 Standorten in der DACH-Region, in Frankreich, Spanien, Portugal, Polen und Tschechien sowie in Indien, Vietnam und den USA t\u00e4tig. Im Gesch\u00e4ftsjahr 2022 erzielte Allgeier im fortgef\u00fchrten Gesch\u00e4ft einen Umsatz von 480 Mio. Euro. Gem\u00e4\u00df L\u00fcnendonk\u00ae-Liste 2023 z\u00e4hlt Allgeier zu den f\u00fchrenden IT-Service-Unternehmen in Deutschland. Allgeier SE ist am Regulierten Markt der Frankfurter Wertpapierb\u00f6rse im General Standard gelistet (WKN A2GS63, ISIN DE000A2GS633). Weitere Informationen unter: <a href=\"https:\/\/eqs-cockpit.com\/cgi-bin\/fncls.ssp?fn=redirect&amp;url=fba671096fad4fab9ee591bdc0d038d4&amp;application_id=1797367&amp;site_id=news_data&amp;application_name=news\">www.allgeier.com<\/a><\/p>\n<\/div>\n<p>Ende der Insiderinformation<\/p>\n<hr \/>\n<hr \/>\n<\/td>\n<\/tr>\n<\/table>\n<p><\/p>\n<div>\n<p class=\"\">\n<\/div>\n","protected":false},"excerpt":{"rendered":"<p>ALLGEIER SE \/ Schlagwort(e): Prognose\/Personalie Allgeier SE: Guidance f\u00fcr das Gesch\u00e4ftsjahr 2024 und mittelfristige Erwartung 14.12.2023 \/ 18:55 CET\/CEST Ver\u00f6ffentlichung einer Insiderinformation nach Artikel 17 der Verordnung (EU) Nr. 596\/2014, \u00fcbermittelt durch EQS News &#8211; ein Service der EQS Group<\/p>\n","protected":false},"author":4,"featured_media":0,"parent":1155,"menu_order":0,"comment_status":"close","ping_status":"closed","template":"","meta":{"_acf_changed":false,"footnotes":""},"categories":[],"tags":[],"class_list":["post-5927","page","type-page","status-publish","hentry"],"acf":[],"yoast_head":"<!-- This site is optimized with the Yoast SEO plugin v27.4 - https:\/\/yoast.com\/product\/yoast-seo-wordpress\/ -->\n<title>Allgeier SE: Guidance f\u00fcr das Gesch\u00e4ftsjahr 2024 und mittelfristige Erwartung - Allgeier SE<\/title>\n<meta name=\"robots\" content=\"index, follow, max-snippet:-1, max-image-preview:large, max-video-preview:-1\" \/>\n<link rel=\"canonical\" href=\"https:\/\/www.allgeier.com\/de\/investor-relations\/adhoc-announcements\/allgeier-se-guidance-fuer-das-geschaeftsjahr-2024-und-mittelfristige-erwartung\/\" \/>\n<meta property=\"og:locale\" content=\"de_DE\" \/>\n<meta property=\"og:type\" content=\"article\" \/>\n<meta property=\"og:title\" content=\"Allgeier SE: Guidance f\u00fcr das Gesch\u00e4ftsjahr 2024 und mittelfristige Erwartung - Allgeier SE\" \/>\n<meta property=\"og:description\" content=\"ALLGEIER SE \/ Schlagwort(e): Prognose\/Personalie Allgeier SE: Guidance f\u00fcr das Gesch\u00e4ftsjahr 2024 und mittelfristige Erwartung 14.12.2023 \/ 18:55 CET\/CEST Ver\u00f6ffentlichung einer Insiderinformation nach Artikel 17 der Verordnung (EU) Nr. 596\/2014, \u00fcbermittelt durch EQS News - ein Service der EQS Group\" \/>\n<meta property=\"og:url\" content=\"https:\/\/www.allgeier.com\/de\/investor-relations\/adhoc-announcements\/allgeier-se-guidance-fuer-das-geschaeftsjahr-2024-und-mittelfristige-erwartung\/\" \/>\n<meta property=\"og:site_name\" content=\"Allgeier SE\" \/>\n<meta property=\"article:modified_time\" content=\"2023-12-14T18:09:52+00:00\" \/>\n<meta name=\"twitter:card\" content=\"summary_large_image\" \/>\n<meta name=\"twitter:label1\" content=\"Gesch\u00e4tzte Lesezeit\" \/>\n\t<meta name=\"twitter:data1\" content=\"3\u00a0Minuten\" \/>\n<script type=\"application\/ld+json\" class=\"yoast-schema-graph\">{\"@context\":\"https:\\\/\\\/schema.org\",\"@graph\":[{\"@type\":\"WebPage\",\"@id\":\"https:\\\/\\\/www.allgeier.com\\\/de\\\/investor-relations\\\/adhoc-announcements\\\/allgeier-se-guidance-fuer-das-geschaeftsjahr-2024-und-mittelfristige-erwartung\\\/\",\"url\":\"https:\\\/\\\/www.allgeier.com\\\/de\\\/investor-relations\\\/adhoc-announcements\\\/allgeier-se-guidance-fuer-das-geschaeftsjahr-2024-und-mittelfristige-erwartung\\\/\",\"name\":\"Allgeier SE: Guidance f\u00fcr das Gesch\u00e4ftsjahr 2024 und mittelfristige Erwartung - Allgeier SE\",\"isPartOf\":{\"@id\":\"https:\\\/\\\/www.allgeier.com\\\/de\\\/#website\"},\"datePublished\":\"2023-12-14T17:55:41+00:00\",\"dateModified\":\"2023-12-14T18:09:52+00:00\",\"breadcrumb\":{\"@id\":\"https:\\\/\\\/www.allgeier.com\\\/de\\\/investor-relations\\\/adhoc-announcements\\\/allgeier-se-guidance-fuer-das-geschaeftsjahr-2024-und-mittelfristige-erwartung\\\/#breadcrumb\"},\"inLanguage\":\"de\",\"potentialAction\":[{\"@type\":\"ReadAction\",\"target\":[\"https:\\\/\\\/www.allgeier.com\\\/de\\\/investor-relations\\\/adhoc-announcements\\\/allgeier-se-guidance-fuer-das-geschaeftsjahr-2024-und-mittelfristige-erwartung\\\/\"]}]},{\"@type\":\"BreadcrumbList\",\"@id\":\"https:\\\/\\\/www.allgeier.com\\\/de\\\/investor-relations\\\/adhoc-announcements\\\/allgeier-se-guidance-fuer-das-geschaeftsjahr-2024-und-mittelfristige-erwartung\\\/#breadcrumb\",\"itemListElement\":[{\"@type\":\"ListItem\",\"position\":1,\"name\":\"Home\",\"item\":\"https:\\\/\\\/www.allgeier.com\\\/de\\\/\"},{\"@type\":\"ListItem\",\"position\":2,\"name\":\"Investor Relations\",\"item\":\"https:\\\/\\\/www.allgeier.com\\\/de\\\/investor-relations\\\/\"},{\"@type\":\"ListItem\",\"position\":3,\"name\":\"Ad hoc-Mitteilungen\",\"item\":\"https:\\\/\\\/www.allgeier.com\\\/de\\\/investor-relations\\\/adhoc-announcements\\\/\"},{\"@type\":\"ListItem\",\"position\":4,\"name\":\"Allgeier SE: Guidance f\u00fcr das Gesch\u00e4ftsjahr 2024 und mittelfristige Erwartung\"}]},{\"@type\":\"WebSite\",\"@id\":\"https:\\\/\\\/www.allgeier.com\\\/de\\\/#website\",\"url\":\"https:\\\/\\\/www.allgeier.com\\\/de\\\/\",\"name\":\"Allgeier SE\",\"description\":\"Software &amp; IT Services for digital transformation\",\"potentialAction\":[{\"@type\":\"SearchAction\",\"target\":{\"@type\":\"EntryPoint\",\"urlTemplate\":\"https:\\\/\\\/www.allgeier.com\\\/de\\\/?s={search_term_string}\"},\"query-input\":{\"@type\":\"PropertyValueSpecification\",\"valueRequired\":true,\"valueName\":\"search_term_string\"}}],\"inLanguage\":\"de\"}]}<\/script>\n<!-- \/ Yoast SEO plugin. -->","yoast_head_json":{"title":"Allgeier SE: Guidance f\u00fcr das Gesch\u00e4ftsjahr 2024 und mittelfristige Erwartung - Allgeier SE","robots":{"index":"index","follow":"follow","max-snippet":"max-snippet:-1","max-image-preview":"max-image-preview:large","max-video-preview":"max-video-preview:-1"},"canonical":"https:\/\/www.allgeier.com\/de\/investor-relations\/adhoc-announcements\/allgeier-se-guidance-fuer-das-geschaeftsjahr-2024-und-mittelfristige-erwartung\/","og_locale":"de_DE","og_type":"article","og_title":"Allgeier SE: Guidance f\u00fcr das Gesch\u00e4ftsjahr 2024 und mittelfristige Erwartung - Allgeier SE","og_description":"ALLGEIER SE \/ Schlagwort(e): Prognose\/Personalie Allgeier SE: Guidance f\u00fcr das Gesch\u00e4ftsjahr 2024 und mittelfristige Erwartung 14.12.2023 \/ 18:55 CET\/CEST Ver\u00f6ffentlichung einer Insiderinformation nach Artikel 17 der Verordnung (EU) Nr. 596\/2014, \u00fcbermittelt durch EQS News - ein Service der EQS Group","og_url":"https:\/\/www.allgeier.com\/de\/investor-relations\/adhoc-announcements\/allgeier-se-guidance-fuer-das-geschaeftsjahr-2024-und-mittelfristige-erwartung\/","og_site_name":"Allgeier SE","article_modified_time":"2023-12-14T18:09:52+00:00","twitter_card":"summary_large_image","twitter_misc":{"Gesch\u00e4tzte Lesezeit":"3\u00a0Minuten"},"schema":{"@context":"https:\/\/schema.org","@graph":[{"@type":"WebPage","@id":"https:\/\/www.allgeier.com\/de\/investor-relations\/adhoc-announcements\/allgeier-se-guidance-fuer-das-geschaeftsjahr-2024-und-mittelfristige-erwartung\/","url":"https:\/\/www.allgeier.com\/de\/investor-relations\/adhoc-announcements\/allgeier-se-guidance-fuer-das-geschaeftsjahr-2024-und-mittelfristige-erwartung\/","name":"Allgeier SE: Guidance f\u00fcr das Gesch\u00e4ftsjahr 2024 und mittelfristige Erwartung - Allgeier SE","isPartOf":{"@id":"https:\/\/www.allgeier.com\/de\/#website"},"datePublished":"2023-12-14T17:55:41+00:00","dateModified":"2023-12-14T18:09:52+00:00","breadcrumb":{"@id":"https:\/\/www.allgeier.com\/de\/investor-relations\/adhoc-announcements\/allgeier-se-guidance-fuer-das-geschaeftsjahr-2024-und-mittelfristige-erwartung\/#breadcrumb"},"inLanguage":"de","potentialAction":[{"@type":"ReadAction","target":["https:\/\/www.allgeier.com\/de\/investor-relations\/adhoc-announcements\/allgeier-se-guidance-fuer-das-geschaeftsjahr-2024-und-mittelfristige-erwartung\/"]}]},{"@type":"BreadcrumbList","@id":"https:\/\/www.allgeier.com\/de\/investor-relations\/adhoc-announcements\/allgeier-se-guidance-fuer-das-geschaeftsjahr-2024-und-mittelfristige-erwartung\/#breadcrumb","itemListElement":[{"@type":"ListItem","position":1,"name":"Home","item":"https:\/\/www.allgeier.com\/de\/"},{"@type":"ListItem","position":2,"name":"Investor Relations","item":"https:\/\/www.allgeier.com\/de\/investor-relations\/"},{"@type":"ListItem","position":3,"name":"Ad hoc-Mitteilungen","item":"https:\/\/www.allgeier.com\/de\/investor-relations\/adhoc-announcements\/"},{"@type":"ListItem","position":4,"name":"Allgeier SE: Guidance f\u00fcr das Gesch\u00e4ftsjahr 2024 und mittelfristige Erwartung"}]},{"@type":"WebSite","@id":"https:\/\/www.allgeier.com\/de\/#website","url":"https:\/\/www.allgeier.com\/de\/","name":"Allgeier SE","description":"Software &amp; IT Services for digital transformation","potentialAction":[{"@type":"SearchAction","target":{"@type":"EntryPoint","urlTemplate":"https:\/\/www.allgeier.com\/de\/?s={search_term_string}"},"query-input":{"@type":"PropertyValueSpecification","valueRequired":true,"valueName":"search_term_string"}}],"inLanguage":"de"}]}},"_links":{"self":[{"href":"https:\/\/www.allgeier.com\/de\/wp-json\/wp\/v2\/pages\/5927","targetHints":{"allow":["GET"]}}],"collection":[{"href":"https:\/\/www.allgeier.com\/de\/wp-json\/wp\/v2\/pages"}],"about":[{"href":"https:\/\/www.allgeier.com\/de\/wp-json\/wp\/v2\/types\/page"}],"author":[{"embeddable":true,"href":"https:\/\/www.allgeier.com\/de\/wp-json\/wp\/v2\/users\/4"}],"replies":[{"embeddable":true,"href":"https:\/\/www.allgeier.com\/de\/wp-json\/wp\/v2\/comments?post=5927"}],"version-history":[{"count":1,"href":"https:\/\/www.allgeier.com\/de\/wp-json\/wp\/v2\/pages\/5927\/revisions"}],"predecessor-version":[{"id":5928,"href":"https:\/\/www.allgeier.com\/de\/wp-json\/wp\/v2\/pages\/5927\/revisions\/5928"}],"up":[{"embeddable":true,"href":"https:\/\/www.allgeier.com\/de\/wp-json\/wp\/v2\/pages\/1155"}],"wp:attachment":[{"href":"https:\/\/www.allgeier.com\/de\/wp-json\/wp\/v2\/media?parent=5927"}],"wp:term":[{"taxonomy":"category","embeddable":true,"href":"https:\/\/www.allgeier.com\/de\/wp-json\/wp\/v2\/categories?post=5927"},{"taxonomy":"post_tag","embeddable":true,"href":"https:\/\/www.allgeier.com\/de\/wp-json\/wp\/v2\/tags?post=5927"}],"curies":[{"name":"wp","href":"https:\/\/api.w.org\/{rel}","templated":true}]}}