{"id":5934,"date":"2024-01-17T14:09:54","date_gmt":"2024-01-17T14:09:54","guid":{"rendered":"https:\/\/www.allgeier.com\/de\/?page_id=5934"},"modified":"2025-02-05T18:36:54","modified_gmt":"2025-02-05T18:36:54","slug":"q-beyond-und-mgm-technology-partners-schliessen-partnerschaft-fuer-low-code-plattform-a12","status":"publish","type":"page","link":"https:\/\/www.allgeier.com\/de\/pressroom\/press-releases\/q-beyond-und-mgm-technology-partners-schliessen-partnerschaft-fuer-low-code-plattform-a12\/","title":{"rendered":"q.beyond und mgm technology partners schlie\u00dfen Partnerschaft f\u00fcr Low Code-Plattform A12"},"content":{"rendered":"<ul>\n<li><strong>Entwicklungsplattform A12 von mgm ist Basis f\u00fcr zahlreiche Anwendungen im \u00f6ffentlichen Sektor und in der Privatwirtschaft <\/strong><\/li>\n<li><strong>beyond bringt Beratung- und Entwicklungs-Know-how sowie sichere IT-Umgebung aus deutschen Hochsicherheitsrechenzentren ein<\/strong><\/li>\n<\/ul>\n<p><em>K\u00f6ln\/M\u00fcnchen, 17. Januar 2024 \u2013<\/em> Das Softwareunternehmen mgm technology partners (mgm) und der IT-Dienstleister q.beyond kooperieren k\u00fcnftig eng bei der Umsetzung und Implementierung von Software-Entwicklungsprojekten. Ziel ist es, gemeinsam mittelst\u00e4ndische Unternehmen und \u00f6ffentliche Organisationen bei der Einf\u00fchrung von zukunftssicheren Gesch\u00e4ftsanwendungen zu unterst\u00fctzen. q.beyond setzt dabei im Rahmen des A12-Partnerprogramms bei der Softwareentwicklung f\u00fcr seine mittelst\u00e4ndischen Kunden zus\u00e4tzlich auf die Plattform.<\/p>\n<p>Die mgm A12 Enterprise Low Code-Plattform ist eine Entwicklungsplattform f\u00fcr Teams aus Business und IT. Mit A12 k\u00f6nnen gro\u00dfe Teile einer Web-Anwendung ohne Programmierkenntnisse erstellt und langfristig gepflegt werden. A12 ist explizit auf kritische Gesch\u00e4ftsanwendungen und komplexe IT-Umgebungen ausgelegt, beispielsweise f\u00fcr Vertrieb, Kundenmanagement, Logistik, Beschaffung, Personal und Anwendungen f\u00fcr die \u00f6ffentliche Verwaltung.<\/p>\n<p><strong>Implementierung und Betrieb aus einer Hand<\/strong><\/p>\n<p>q.beyond bietet ihren Kunden damit die M\u00f6glichkeit, anhand vorgefertigter sowie langj\u00e4hrig erprobter Module Applikationen wesentlich effizienter zu entwickeln. Notwendige Schnittstellen zu weiteren Unternehmensanwendungen sowie Security-Mechanismen bringt die Plattform mit oder sie lassen sich individuell anpassen. Der IT-Dienstleister \u00fcbernimmt dabei den gesamten Implementierungspart, inklusive der Modellierung oder auch das Testing der Anwendungen. Dar\u00fcber hinaus hostet q.beyond die Anwendungen bei Bedarf in der Private Cloud in seinen deutschen Hochsicherheitsrechenzentren. Diese sind unter anderem T\u00dcV- und ISO-zertifiziert (T\u00dcV TSI.STANDARD V4.3 Level 3 erweitert; ISO 9001:2015; ISO 27001:2013). Zudem werden sie mit \u00d6kostrom betrieben und q.beyond hat sich k\u00fcrzlich dem EU-Kodex f\u00fcr energieeffiziente Rechenzentren angeschlossen.<\/p>\n<p>\u201eWir freuen uns sehr auf die k\u00fcnftige, enge Zusammenarbeit mit mgm. Als Technologieunternehmen im deutschen Markt verfolgen wir gemeinsam das Ziel, unsere Kunden mit den besten IT-Tools auszustatten und ihnen damit im Wettbewerb den entscheidenden Vorsprung zu verschaffen. Zudem m\u00f6chten wir die Digitalisierungsinitiativen im \u00f6ffentlichen Sektor mit pragmatischen L\u00f6sungen voranbringen\u201c, so Alexander Hartmann, Mitglied der Gesch\u00e4ftsleitung von q.beyond. \u201eUnsere Technologie-Stacks passen optimal zusammen, sodass wir vom Start weg in der Lage sind, die auf Basis von A12 entwickelten Applikationen Realit\u00e4t werden zu lassen.\u201c<\/p>\n<p><strong>A12 als Turbo f\u00fcr IT-Modernisierung<\/strong><\/p>\n<p>F\u00fcr mgm technology partners geht es bei der neuen Partnerschaft abermals um eine gr\u00f6\u00dfere A12-Bekanntheit und den Kontakt zu neuen Zielgruppen. \u201eDank der St\u00e4rke von q.beyond im Mittelstand k\u00f6nnen wir gemeinsam A12 in vielen innovativen und starken mittelst\u00e4ndischen Unternehmen bekannt machen\u201c, sagt Daniel Brodkorb, Mitglied der mgm-Gesch\u00e4ftsleitung. \u201eDie Digitalisierung von Gesch\u00e4ftsprozessen und die Modernisierung von IT-Landschaften mittels Low Code-Anwendungen bringt gerade auch im Mittelstand Effizienzsteigerungen und Schnelligkeit im fortschreitenden digitalen Wandel. Wir freuen uns sehr, dass sich q.beyond mit dem exzellenten Know-how im IT- und Software-Gesch\u00e4ft f\u00fcr unser A12-Partnerprogramm entschieden hat.\u201c<\/p>\n<p><strong><br \/>\nUnternehmensprofil mgm<\/strong> <strong>technology partners GmbH<\/strong><\/p>\n<p>mgm technology partners (mgm) ist ein internationales Softwareunternehmen, das auf die Entwicklung von individuellen Gesch\u00e4ftsanwendungen spezialisiert ist. F\u00fcr die effiziente Umsetzung arbeitet mgm mit der eigenen Low Code-Plattform A12 und dem Ansatz der modellgetriebenen Softwareentwicklung. Spezialisierte Kompetenzteams f\u00fcr Digital Consulting, Design &amp; Usability, Security, Quality Assurance und SAP-Prozessoptimierung unterst\u00fctzen eine effektive Projektabwicklung und bieten zudem ein eigenst\u00e4ndiges Leistungsangebot. Hauptsitz des 1994 gegr\u00fcndeten Unternehmens ist M\u00fcnchen. Insgesamt sind \u00fcber 1.000 Mitarbeiterinnen und Mitarbeiter in sieben L\u00e4ndern f\u00fcr mgm t\u00e4tig, der gr\u00f6\u00dfte Teil in Deutschland. Seit 2006 ist Allgeier SE gr\u00f6\u00dfter Anteilseigner.<br \/>\n<a href=\"https:\/\/www.mgm-tp.com\/a12.html#PartnerProgram\">Das A12-Partnerprogramm<\/a> \/ <a href=\"https:\/\/insights.mgm-tp.com\/\">insights.mgm-tp.com<\/a><\/p>\n<p><strong>Unternehmensprofil der q.beyond AG<\/strong><\/p>\n<p>Die q.beyond AG steht f\u00fcr erfolgreiche Digitalisierung. Wir unterst\u00fctzen unsere Kunden dabei, die besten digitalen L\u00f6sungen f\u00fcr ihr Business zu finden, setzen diese um und betreiben sie. Unser starkes Team aus 1.100 Mitarbeiterinnen und Mitarbeitern bringt unsere mittelst\u00e4ndischen Kunden sicher durch die digitale Transformation, mit umfassender Expertise in den Bereichen Cloud, SAP, Microsoft, Data Intelligence, Security und Softwareentwicklung. q.beyond verf\u00fcgt \u00fcber Standorte in ganz Deutschland sowie Lettland, Spanien und Indien, eigene zertifizierte Rechenzentren und geh\u00f6rt zu den f\u00fchrenden IT-Dienstleistern.<\/p>\n","protected":false},"excerpt":{"rendered":"<p>Entwicklungsplattform A12 von mgm ist Basis f\u00fcr zahlreiche Anwendungen im \u00f6ffentlichen Sektor und in der Privatwirtschaft beyond bringt Beratung- und Entwicklungs-Know-how sowie sichere IT-Umgebung aus deutschen Hochsicherheitsrechenzentren ein K\u00f6ln\/M\u00fcnchen, 17. Januar 2024 \u2013 Das Softwareunternehmen mgm technology partners (mgm) und der IT-Dienstleister q.beyond kooperieren k\u00fcnftig eng bei der Umsetzung und Implementierung von Software-Entwicklungsprojekten. Ziel ist &hellip; <\/p>\n","protected":false},"author":4,"featured_media":0,"parent":1169,"menu_order":0,"comment_status":"closed","ping_status":"closed","template":"","meta":{"_acf_changed":false,"footnotes":""},"categories":[7],"tags":[],"class_list":["post-5934","page","type-page","status-publish","hentry","category-pressemitteilungen"],"acf":[],"yoast_head":"<!-- This site is optimized with the Yoast SEO plugin v27.4 - https:\/\/yoast.com\/product\/yoast-seo-wordpress\/ -->\n<title>q.beyond und mgm technology partners schlie\u00dfen Partnerschaft f\u00fcr Low Code-Plattform A12 - Allgeier SE<\/title>\n<meta name=\"description\" content=\"Das internationale Softwareunternehmen mgm technology partners GmbH (mgm) w\u00e4chst konstant und justiert das Leitungsgremium nach\" \/>\n<meta name=\"robots\" content=\"index, follow, max-snippet:-1, max-image-preview:large, max-video-preview:-1\" \/>\n<link rel=\"canonical\" href=\"https:\/\/www.allgeier.com\/de\/pressroom\/press-releases\/q-beyond-und-mgm-technology-partners-schliessen-partnerschaft-fuer-low-code-plattform-a12\/\" \/>\n<meta property=\"og:locale\" content=\"de_DE\" \/>\n<meta property=\"og:type\" content=\"article\" \/>\n<meta property=\"og:title\" content=\"q.beyond und mgm technology partners schlie\u00dfen Partnerschaft f\u00fcr Low Code-Plattform A12 - Allgeier SE\" \/>\n<meta property=\"og:description\" content=\"Das internationale Softwareunternehmen mgm technology partners GmbH (mgm) w\u00e4chst konstant und justiert das Leitungsgremium nach\" \/>\n<meta property=\"og:url\" content=\"https:\/\/www.allgeier.com\/de\/pressroom\/press-releases\/q-beyond-und-mgm-technology-partners-schliessen-partnerschaft-fuer-low-code-plattform-a12\/\" \/>\n<meta property=\"og:site_name\" content=\"Allgeier SE\" \/>\n<meta property=\"article:modified_time\" content=\"2025-02-05T18:36:54+00:00\" \/>\n<meta name=\"twitter:card\" content=\"summary_large_image\" \/>\n<meta name=\"twitter:label1\" content=\"Gesch\u00e4tzte Lesezeit\" \/>\n\t<meta name=\"twitter:data1\" content=\"4\u00a0Minuten\" \/>\n<script type=\"application\/ld+json\" class=\"yoast-schema-graph\">{\"@context\":\"https:\\\/\\\/schema.org\",\"@graph\":[{\"@type\":\"WebPage\",\"@id\":\"https:\\\/\\\/www.allgeier.com\\\/de\\\/pressroom\\\/press-releases\\\/q-beyond-und-mgm-technology-partners-schliessen-partnerschaft-fuer-low-code-plattform-a12\\\/\",\"url\":\"https:\\\/\\\/www.allgeier.com\\\/de\\\/pressroom\\\/press-releases\\\/q-beyond-und-mgm-technology-partners-schliessen-partnerschaft-fuer-low-code-plattform-a12\\\/\",\"name\":\"q.beyond und mgm technology partners schlie\u00dfen Partnerschaft f\u00fcr Low Code-Plattform A12 - Allgeier SE\",\"isPartOf\":{\"@id\":\"https:\\\/\\\/www.allgeier.com\\\/de\\\/#website\"},\"datePublished\":\"2024-01-17T14:09:54+00:00\",\"dateModified\":\"2025-02-05T18:36:54+00:00\",\"description\":\"Das internationale Softwareunternehmen mgm technology partners GmbH (mgm) w\u00e4chst konstant und justiert das Leitungsgremium nach\",\"breadcrumb\":{\"@id\":\"https:\\\/\\\/www.allgeier.com\\\/de\\\/pressroom\\\/press-releases\\\/q-beyond-und-mgm-technology-partners-schliessen-partnerschaft-fuer-low-code-plattform-a12\\\/#breadcrumb\"},\"inLanguage\":\"de\",\"potentialAction\":[{\"@type\":\"ReadAction\",\"target\":[\"https:\\\/\\\/www.allgeier.com\\\/de\\\/pressroom\\\/press-releases\\\/q-beyond-und-mgm-technology-partners-schliessen-partnerschaft-fuer-low-code-plattform-a12\\\/\"]}]},{\"@type\":\"BreadcrumbList\",\"@id\":\"https:\\\/\\\/www.allgeier.com\\\/de\\\/pressroom\\\/press-releases\\\/q-beyond-und-mgm-technology-partners-schliessen-partnerschaft-fuer-low-code-plattform-a12\\\/#breadcrumb\",\"itemListElement\":[{\"@type\":\"ListItem\",\"position\":1,\"name\":\"Home\",\"item\":\"https:\\\/\\\/www.allgeier.com\\\/de\\\/\"},{\"@type\":\"ListItem\",\"position\":2,\"name\":\"Presse\",\"item\":\"https:\\\/\\\/www.allgeier.com\\\/de\\\/pressroom\\\/\"},{\"@type\":\"ListItem\",\"position\":3,\"name\":\"Pressemitteilungen\",\"item\":\"https:\\\/\\\/www.allgeier.com\\\/de\\\/pressroom\\\/press-releases\\\/\"},{\"@type\":\"ListItem\",\"position\":4,\"name\":\"q.beyond und mgm technology partners schlie\u00dfen Partnerschaft f\u00fcr Low Code-Plattform A12\"}]},{\"@type\":\"WebSite\",\"@id\":\"https:\\\/\\\/www.allgeier.com\\\/de\\\/#website\",\"url\":\"https:\\\/\\\/www.allgeier.com\\\/de\\\/\",\"name\":\"Allgeier SE\",\"description\":\"Software &amp; IT Services for digital transformation\",\"potentialAction\":[{\"@type\":\"SearchAction\",\"target\":{\"@type\":\"EntryPoint\",\"urlTemplate\":\"https:\\\/\\\/www.allgeier.com\\\/de\\\/?s={search_term_string}\"},\"query-input\":{\"@type\":\"PropertyValueSpecification\",\"valueRequired\":true,\"valueName\":\"search_term_string\"}}],\"inLanguage\":\"de\"}]}<\/script>\n<!-- \/ Yoast SEO plugin. -->","yoast_head_json":{"title":"q.beyond und mgm technology partners schlie\u00dfen Partnerschaft f\u00fcr Low Code-Plattform A12 - Allgeier SE","description":"Das internationale Softwareunternehmen mgm technology partners GmbH (mgm) w\u00e4chst konstant und justiert das Leitungsgremium nach","robots":{"index":"index","follow":"follow","max-snippet":"max-snippet:-1","max-image-preview":"max-image-preview:large","max-video-preview":"max-video-preview:-1"},"canonical":"https:\/\/www.allgeier.com\/de\/pressroom\/press-releases\/q-beyond-und-mgm-technology-partners-schliessen-partnerschaft-fuer-low-code-plattform-a12\/","og_locale":"de_DE","og_type":"article","og_title":"q.beyond und mgm technology partners schlie\u00dfen Partnerschaft f\u00fcr Low Code-Plattform A12 - Allgeier SE","og_description":"Das internationale Softwareunternehmen mgm technology partners GmbH (mgm) w\u00e4chst konstant und justiert das Leitungsgremium nach","og_url":"https:\/\/www.allgeier.com\/de\/pressroom\/press-releases\/q-beyond-und-mgm-technology-partners-schliessen-partnerschaft-fuer-low-code-plattform-a12\/","og_site_name":"Allgeier SE","article_modified_time":"2025-02-05T18:36:54+00:00","twitter_card":"summary_large_image","twitter_misc":{"Gesch\u00e4tzte Lesezeit":"4\u00a0Minuten"},"schema":{"@context":"https:\/\/schema.org","@graph":[{"@type":"WebPage","@id":"https:\/\/www.allgeier.com\/de\/pressroom\/press-releases\/q-beyond-und-mgm-technology-partners-schliessen-partnerschaft-fuer-low-code-plattform-a12\/","url":"https:\/\/www.allgeier.com\/de\/pressroom\/press-releases\/q-beyond-und-mgm-technology-partners-schliessen-partnerschaft-fuer-low-code-plattform-a12\/","name":"q.beyond und mgm technology partners schlie\u00dfen Partnerschaft f\u00fcr Low Code-Plattform A12 - Allgeier SE","isPartOf":{"@id":"https:\/\/www.allgeier.com\/de\/#website"},"datePublished":"2024-01-17T14:09:54+00:00","dateModified":"2025-02-05T18:36:54+00:00","description":"Das internationale Softwareunternehmen mgm technology partners GmbH (mgm) w\u00e4chst konstant und justiert das Leitungsgremium nach","breadcrumb":{"@id":"https:\/\/www.allgeier.com\/de\/pressroom\/press-releases\/q-beyond-und-mgm-technology-partners-schliessen-partnerschaft-fuer-low-code-plattform-a12\/#breadcrumb"},"inLanguage":"de","potentialAction":[{"@type":"ReadAction","target":["https:\/\/www.allgeier.com\/de\/pressroom\/press-releases\/q-beyond-und-mgm-technology-partners-schliessen-partnerschaft-fuer-low-code-plattform-a12\/"]}]},{"@type":"BreadcrumbList","@id":"https:\/\/www.allgeier.com\/de\/pressroom\/press-releases\/q-beyond-und-mgm-technology-partners-schliessen-partnerschaft-fuer-low-code-plattform-a12\/#breadcrumb","itemListElement":[{"@type":"ListItem","position":1,"name":"Home","item":"https:\/\/www.allgeier.com\/de\/"},{"@type":"ListItem","position":2,"name":"Presse","item":"https:\/\/www.allgeier.com\/de\/pressroom\/"},{"@type":"ListItem","position":3,"name":"Pressemitteilungen","item":"https:\/\/www.allgeier.com\/de\/pressroom\/press-releases\/"},{"@type":"ListItem","position":4,"name":"q.beyond und mgm technology partners schlie\u00dfen Partnerschaft f\u00fcr Low Code-Plattform A12"}]},{"@type":"WebSite","@id":"https:\/\/www.allgeier.com\/de\/#website","url":"https:\/\/www.allgeier.com\/de\/","name":"Allgeier SE","description":"Software &amp; IT Services for digital transformation","potentialAction":[{"@type":"SearchAction","target":{"@type":"EntryPoint","urlTemplate":"https:\/\/www.allgeier.com\/de\/?s={search_term_string}"},"query-input":{"@type":"PropertyValueSpecification","valueRequired":true,"valueName":"search_term_string"}}],"inLanguage":"de"}]}},"_links":{"self":[{"href":"https:\/\/www.allgeier.com\/de\/wp-json\/wp\/v2\/pages\/5934","targetHints":{"allow":["GET"]}}],"collection":[{"href":"https:\/\/www.allgeier.com\/de\/wp-json\/wp\/v2\/pages"}],"about":[{"href":"https:\/\/www.allgeier.com\/de\/wp-json\/wp\/v2\/types\/page"}],"author":[{"embeddable":true,"href":"https:\/\/www.allgeier.com\/de\/wp-json\/wp\/v2\/users\/4"}],"replies":[{"embeddable":true,"href":"https:\/\/www.allgeier.com\/de\/wp-json\/wp\/v2\/comments?post=5934"}],"version-history":[{"count":1,"href":"https:\/\/www.allgeier.com\/de\/wp-json\/wp\/v2\/pages\/5934\/revisions"}],"predecessor-version":[{"id":6189,"href":"https:\/\/www.allgeier.com\/de\/wp-json\/wp\/v2\/pages\/5934\/revisions\/6189"}],"up":[{"embeddable":true,"href":"https:\/\/www.allgeier.com\/de\/wp-json\/wp\/v2\/pages\/1169"}],"wp:attachment":[{"href":"https:\/\/www.allgeier.com\/de\/wp-json\/wp\/v2\/media?parent=5934"}],"wp:term":[{"taxonomy":"category","embeddable":true,"href":"https:\/\/www.allgeier.com\/de\/wp-json\/wp\/v2\/categories?post=5934"},{"taxonomy":"post_tag","embeddable":true,"href":"https:\/\/www.allgeier.com\/de\/wp-json\/wp\/v2\/tags?post=5934"}],"curies":[{"name":"wp","href":"https:\/\/api.w.org\/{rel}","templated":true}]}}