{"id":5944,"date":"2024-02-26T15:51:20","date_gmt":"2024-02-26T15:51:20","guid":{"rendered":"https:\/\/www.allgeier.com\/de\/?page_id=5944"},"modified":"2025-02-05T18:36:50","modified_gmt":"2025-02-05T18:36:50","slug":"allgeier-inovar-gmbh-verstaerkt-sich-mit-dem-microsoft-spezialisten-ability-gmbh","status":"publish","type":"page","link":"https:\/\/www.allgeier.com\/de\/pressroom\/press-releases\/allgeier-inovar-gmbh-verstaerkt-sich-mit-dem-microsoft-spezialisten-ability-gmbh\/","title":{"rendered":"Allgeier Inovar GmbH verst\u00e4rkt sich mit dem Microsoft-Spezialisten ABILITY GmbH"},"content":{"rendered":"<p><strong><em>Bremen\/Ravensburg, 26. Februar 2024<\/em> \u2013 Allgeier Inovar GmbH und die ABILITY GmbH mit Sitz in Ravensburg gestalten die Zukunft gemeinsam. Daf\u00fcr \u00fcbernimmt Allgeier inovar die Anteile der ABILITY GmbH. Es entsteht ein leistungsstarker Software-Berater und -Dienstleister mit erg\u00e4nzendem L\u00f6sungsportfolio und zus\u00e4tzlichen Expertenteams in S\u00fcddeutschland und \u00d6sterreich.<\/strong><\/p>\n<p>\u201eWir freuen uns, dass wir mit der ABILITY GmbH einen Partner gefunden haben, der \u00fcber langj\u00e4hrige Microsoft-Expertise und ein spannendes Portfolio verf\u00fcgt\u201c, sagt Ulrich Zahner, Gesch\u00e4ftsf\u00fchrer der Allgeier Inovar GmbH. \u201eDamit st\u00e4rken wir unsere Marktposition als Microsoft-Spezialist und k\u00f6nnen die Kunden mit einem schl\u00fcsselfertigen und breitgef\u00e4cherten Angebot \u00fcberzeugen.\u201c Vor allem die erg\u00e4nzende Pr\u00e4senz in S\u00fcddeutschland sowie den M\u00e4rkten in \u00d6sterreich und der Schweiz werde man nun deutlich ausbauen.<\/p>\n<p>ABILITY ist seit mehr als 30 Jahren am Markt und mit 45 Mitarbeitenden an den Standorten Ravensburg und Rankweil (\u00d6sterreich) vertreten. Mit 200 Kunden in den Branchen Handel, Fertigung und Immobilienwirtschaft z\u00e4hlt es zu den gr\u00f6\u00dferen Microsoft-Partnern in der DACH-Region. Neben der Dynamics-365-Expertise, insbesondere im ERP Business Central, bringt ABILITY ein integriertes Software-Ecosystem f\u00fcr Dokumentenmanagement und digitale Workflows mit. Au\u00dferdem geh\u00f6ren L\u00f6sungen f\u00fcr die Auswertung, Analyse und Visualisierung von Daten sowie Portale und Apps f\u00fcr system\u00fcbergreifende Prozesse zum Portfolio. Damit verst\u00e4rkt Allgeier inovar als einer der f\u00fchrenden ERP Software- und Beratungsunternehmen seine Marktposition und erg\u00e4nzt sein Leistungsportfolio mit zus\u00e4tzlichen Experten-Teams insbesondere in S\u00fcddeutschland und \u00d6sterreich.<\/p>\n<p>Allgeier inovar mit 180 Mitarbeitenden ist seit Jahren einer der f\u00fchrenden Spezialisten f\u00fcr Business Software mit Schwerpunkt Microsoft Dynamics 365 und dem ganzheitlichen Microsoft Technik Stack. Dazu geh\u00f6ren Standorte in Bremen, M\u00fcnster, Hamburg, Kiel, N\u00fcrnberg, M\u00fcnchen und Dortmund sowie Nearshore Standorte in Polen und Offshore Standorte in Indien.<\/p>\n<p>\u201eDie aktuellen technologischen Entwicklungen bieten eine Vielzahl an M\u00f6glichkeiten. Um diese wertschaffend bespielen und nutzen zu k\u00f6nnen, braucht es breit aufgestellte Teams mit Spezialisten\u201c, erg\u00e4nzen Theresa Gerster und Rainer Bickel, Gesch\u00e4ftsf\u00fchrung der ABILITY GmbH. Mit Allgeier inovar steht nun ein Partner zur Seite, mit dem man sich optimal erg\u00e4nzt und der sich die gleichen Ziele auf die Fahnen geschrieben hat.<\/p>\n<p>Gemeinsames Ziel der Unternehmen ist, ein zukunftsf\u00e4higes L\u00f6sungsportfolio f\u00fcr die mittelst\u00e4ndischen Unternehmen zu bieten, Experten auszubilden und sich weiter am Markt als starker Partner zu positionieren. Insbesondere die St\u00e4rkung im Bereich Microsoft Dynamics 365 er\u00f6ffnet neue M\u00f6glichkeiten, technologische Expertise zu erweitern und zu vertiefen. Auch der Marktzugang f\u00fcr datengetriebene Entscheidungsmodelle und Businessprozesse bietet enormes Wachstumspotenzial.<\/p>\n<p><strong><br \/>\n\u00dcber das Unternehmen:<\/strong><\/p>\n<p>Mit leistungsf\u00e4higen L\u00f6sungen rund um Enterprise Resource Planning (ERP), E-Commerce sowie Business Process Management\/Enterprise Content Management (BPM\/ECM) erm\u00f6glicht die Allgeier Inovar GmbH seinen Kunden, die Vorteile der Digitalisierung einfach und gewinnbringend f\u00fcr sich zu nutzen. Mehr als 800 mittelst\u00e4ndische Unternehmen aus den Branchen Holz- und Baustoffhandel, Erneuerbare Energien, technischer Gro\u00dfhandel und Rohstoffhandel vertrauen der technologischen Exzellenz, den Top-Services sowie der mehr als 40 Jahre Erfahrung in der Technologiebranche von Allgeier inovar.<\/p>\n<p>Beim stetigen Ausbau der Gesch\u00e4ftst\u00e4tigkeit profitiert Allgeier inovar von der Zugeh\u00f6rigkeit zur Allgeier SE, einem der f\u00fchrenden Technologie-Unternehmen f\u00fcr digitale Transformation. Durch diesen Verbund bietet Allgeier inovar eine Vielzahl an weiteren Leistungen und Fachexpertisen, von denen Unternehmen auf unterschiedlichste Art und Weise profitieren k\u00f6nnen.<\/p>\n","protected":false},"excerpt":{"rendered":"<p>Bremen\/Ravensburg, 26. Februar 2024 \u2013 Allgeier Inovar GmbH und die ABILITY GmbH mit Sitz in Ravensburg gestalten die Zukunft gemeinsam. Daf\u00fcr \u00fcbernimmt Allgeier inovar die Anteile der ABILITY GmbH. Es entsteht ein leistungsstarker Software-Berater und -Dienstleister mit erg\u00e4nzendem L\u00f6sungsportfolio und zus\u00e4tzlichen Expertenteams in S\u00fcddeutschland und \u00d6sterreich. \u201eWir freuen uns, dass wir mit der ABILITY GmbH &hellip; <\/p>\n","protected":false},"author":4,"featured_media":0,"parent":1169,"menu_order":0,"comment_status":"closed","ping_status":"closed","template":"","meta":{"_acf_changed":false,"footnotes":""},"categories":[7],"tags":[],"class_list":["post-5944","page","type-page","status-publish","hentry","category-pressemitteilungen"],"acf":[],"yoast_head":"<!-- This site is optimized with the Yoast SEO plugin v27.4 - https:\/\/yoast.com\/product\/yoast-seo-wordpress\/ -->\n<title>Allgeier Inovar GmbH verst\u00e4rkt sich mit dem Microsoft-Spezialisten ABILITY GmbH - Allgeier SE<\/title>\n<meta name=\"description\" content=\"Das internationale Softwareunternehmen mgm technology partners GmbH (mgm) w\u00e4chst konstant und justiert das Leitungsgremium nach\" \/>\n<meta name=\"robots\" content=\"index, follow, max-snippet:-1, max-image-preview:large, max-video-preview:-1\" \/>\n<link rel=\"canonical\" href=\"https:\/\/www.allgeier.com\/de\/pressroom\/press-releases\/allgeier-inovar-gmbh-verstaerkt-sich-mit-dem-microsoft-spezialisten-ability-gmbh\/\" \/>\n<meta property=\"og:locale\" content=\"de_DE\" \/>\n<meta property=\"og:type\" content=\"article\" \/>\n<meta property=\"og:title\" content=\"Allgeier Inovar GmbH verst\u00e4rkt sich mit dem Microsoft-Spezialisten ABILITY GmbH - Allgeier SE\" \/>\n<meta property=\"og:description\" content=\"Das internationale Softwareunternehmen mgm technology partners GmbH (mgm) w\u00e4chst konstant und justiert das Leitungsgremium nach\" \/>\n<meta property=\"og:url\" content=\"https:\/\/www.allgeier.com\/de\/pressroom\/press-releases\/allgeier-inovar-gmbh-verstaerkt-sich-mit-dem-microsoft-spezialisten-ability-gmbh\/\" \/>\n<meta property=\"og:site_name\" content=\"Allgeier SE\" \/>\n<meta property=\"article:modified_time\" content=\"2025-02-05T18:36:50+00:00\" \/>\n<meta name=\"twitter:card\" content=\"summary_large_image\" \/>\n<meta name=\"twitter:label1\" content=\"Gesch\u00e4tzte Lesezeit\" \/>\n\t<meta name=\"twitter:data1\" content=\"3\u00a0Minuten\" \/>\n<script type=\"application\/ld+json\" class=\"yoast-schema-graph\">{\"@context\":\"https:\\\/\\\/schema.org\",\"@graph\":[{\"@type\":\"WebPage\",\"@id\":\"https:\\\/\\\/www.allgeier.com\\\/de\\\/pressroom\\\/press-releases\\\/allgeier-inovar-gmbh-verstaerkt-sich-mit-dem-microsoft-spezialisten-ability-gmbh\\\/\",\"url\":\"https:\\\/\\\/www.allgeier.com\\\/de\\\/pressroom\\\/press-releases\\\/allgeier-inovar-gmbh-verstaerkt-sich-mit-dem-microsoft-spezialisten-ability-gmbh\\\/\",\"name\":\"Allgeier Inovar GmbH verst\u00e4rkt sich mit dem Microsoft-Spezialisten ABILITY GmbH - Allgeier SE\",\"isPartOf\":{\"@id\":\"https:\\\/\\\/www.allgeier.com\\\/de\\\/#website\"},\"datePublished\":\"2024-02-26T15:51:20+00:00\",\"dateModified\":\"2025-02-05T18:36:50+00:00\",\"description\":\"Das internationale Softwareunternehmen mgm technology partners GmbH (mgm) w\u00e4chst konstant und justiert das Leitungsgremium nach\",\"breadcrumb\":{\"@id\":\"https:\\\/\\\/www.allgeier.com\\\/de\\\/pressroom\\\/press-releases\\\/allgeier-inovar-gmbh-verstaerkt-sich-mit-dem-microsoft-spezialisten-ability-gmbh\\\/#breadcrumb\"},\"inLanguage\":\"de\",\"potentialAction\":[{\"@type\":\"ReadAction\",\"target\":[\"https:\\\/\\\/www.allgeier.com\\\/de\\\/pressroom\\\/press-releases\\\/allgeier-inovar-gmbh-verstaerkt-sich-mit-dem-microsoft-spezialisten-ability-gmbh\\\/\"]}]},{\"@type\":\"BreadcrumbList\",\"@id\":\"https:\\\/\\\/www.allgeier.com\\\/de\\\/pressroom\\\/press-releases\\\/allgeier-inovar-gmbh-verstaerkt-sich-mit-dem-microsoft-spezialisten-ability-gmbh\\\/#breadcrumb\",\"itemListElement\":[{\"@type\":\"ListItem\",\"position\":1,\"name\":\"Home\",\"item\":\"https:\\\/\\\/www.allgeier.com\\\/de\\\/\"},{\"@type\":\"ListItem\",\"position\":2,\"name\":\"Presse\",\"item\":\"https:\\\/\\\/www.allgeier.com\\\/de\\\/pressroom\\\/\"},{\"@type\":\"ListItem\",\"position\":3,\"name\":\"Pressemitteilungen\",\"item\":\"https:\\\/\\\/www.allgeier.com\\\/de\\\/pressroom\\\/press-releases\\\/\"},{\"@type\":\"ListItem\",\"position\":4,\"name\":\"Allgeier Inovar GmbH verst\u00e4rkt sich mit dem Microsoft-Spezialisten ABILITY GmbH\"}]},{\"@type\":\"WebSite\",\"@id\":\"https:\\\/\\\/www.allgeier.com\\\/de\\\/#website\",\"url\":\"https:\\\/\\\/www.allgeier.com\\\/de\\\/\",\"name\":\"Allgeier SE\",\"description\":\"Software &amp; IT Services for digital transformation\",\"potentialAction\":[{\"@type\":\"SearchAction\",\"target\":{\"@type\":\"EntryPoint\",\"urlTemplate\":\"https:\\\/\\\/www.allgeier.com\\\/de\\\/?s={search_term_string}\"},\"query-input\":{\"@type\":\"PropertyValueSpecification\",\"valueRequired\":true,\"valueName\":\"search_term_string\"}}],\"inLanguage\":\"de\"}]}<\/script>\n<!-- \/ Yoast SEO plugin. -->","yoast_head_json":{"title":"Allgeier Inovar GmbH verst\u00e4rkt sich mit dem Microsoft-Spezialisten ABILITY GmbH - Allgeier SE","description":"Das internationale Softwareunternehmen mgm technology partners GmbH (mgm) w\u00e4chst konstant und justiert das Leitungsgremium nach","robots":{"index":"index","follow":"follow","max-snippet":"max-snippet:-1","max-image-preview":"max-image-preview:large","max-video-preview":"max-video-preview:-1"},"canonical":"https:\/\/www.allgeier.com\/de\/pressroom\/press-releases\/allgeier-inovar-gmbh-verstaerkt-sich-mit-dem-microsoft-spezialisten-ability-gmbh\/","og_locale":"de_DE","og_type":"article","og_title":"Allgeier Inovar GmbH verst\u00e4rkt sich mit dem Microsoft-Spezialisten ABILITY GmbH - Allgeier SE","og_description":"Das internationale Softwareunternehmen mgm technology partners GmbH (mgm) w\u00e4chst konstant und justiert das Leitungsgremium nach","og_url":"https:\/\/www.allgeier.com\/de\/pressroom\/press-releases\/allgeier-inovar-gmbh-verstaerkt-sich-mit-dem-microsoft-spezialisten-ability-gmbh\/","og_site_name":"Allgeier SE","article_modified_time":"2025-02-05T18:36:50+00:00","twitter_card":"summary_large_image","twitter_misc":{"Gesch\u00e4tzte Lesezeit":"3\u00a0Minuten"},"schema":{"@context":"https:\/\/schema.org","@graph":[{"@type":"WebPage","@id":"https:\/\/www.allgeier.com\/de\/pressroom\/press-releases\/allgeier-inovar-gmbh-verstaerkt-sich-mit-dem-microsoft-spezialisten-ability-gmbh\/","url":"https:\/\/www.allgeier.com\/de\/pressroom\/press-releases\/allgeier-inovar-gmbh-verstaerkt-sich-mit-dem-microsoft-spezialisten-ability-gmbh\/","name":"Allgeier Inovar GmbH verst\u00e4rkt sich mit dem Microsoft-Spezialisten ABILITY GmbH - Allgeier SE","isPartOf":{"@id":"https:\/\/www.allgeier.com\/de\/#website"},"datePublished":"2024-02-26T15:51:20+00:00","dateModified":"2025-02-05T18:36:50+00:00","description":"Das internationale Softwareunternehmen mgm technology partners GmbH (mgm) w\u00e4chst konstant und justiert das Leitungsgremium nach","breadcrumb":{"@id":"https:\/\/www.allgeier.com\/de\/pressroom\/press-releases\/allgeier-inovar-gmbh-verstaerkt-sich-mit-dem-microsoft-spezialisten-ability-gmbh\/#breadcrumb"},"inLanguage":"de","potentialAction":[{"@type":"ReadAction","target":["https:\/\/www.allgeier.com\/de\/pressroom\/press-releases\/allgeier-inovar-gmbh-verstaerkt-sich-mit-dem-microsoft-spezialisten-ability-gmbh\/"]}]},{"@type":"BreadcrumbList","@id":"https:\/\/www.allgeier.com\/de\/pressroom\/press-releases\/allgeier-inovar-gmbh-verstaerkt-sich-mit-dem-microsoft-spezialisten-ability-gmbh\/#breadcrumb","itemListElement":[{"@type":"ListItem","position":1,"name":"Home","item":"https:\/\/www.allgeier.com\/de\/"},{"@type":"ListItem","position":2,"name":"Presse","item":"https:\/\/www.allgeier.com\/de\/pressroom\/"},{"@type":"ListItem","position":3,"name":"Pressemitteilungen","item":"https:\/\/www.allgeier.com\/de\/pressroom\/press-releases\/"},{"@type":"ListItem","position":4,"name":"Allgeier Inovar GmbH verst\u00e4rkt sich mit dem Microsoft-Spezialisten ABILITY GmbH"}]},{"@type":"WebSite","@id":"https:\/\/www.allgeier.com\/de\/#website","url":"https:\/\/www.allgeier.com\/de\/","name":"Allgeier SE","description":"Software &amp; IT Services for digital transformation","potentialAction":[{"@type":"SearchAction","target":{"@type":"EntryPoint","urlTemplate":"https:\/\/www.allgeier.com\/de\/?s={search_term_string}"},"query-input":{"@type":"PropertyValueSpecification","valueRequired":true,"valueName":"search_term_string"}}],"inLanguage":"de"}]}},"_links":{"self":[{"href":"https:\/\/www.allgeier.com\/de\/wp-json\/wp\/v2\/pages\/5944","targetHints":{"allow":["GET"]}}],"collection":[{"href":"https:\/\/www.allgeier.com\/de\/wp-json\/wp\/v2\/pages"}],"about":[{"href":"https:\/\/www.allgeier.com\/de\/wp-json\/wp\/v2\/types\/page"}],"author":[{"embeddable":true,"href":"https:\/\/www.allgeier.com\/de\/wp-json\/wp\/v2\/users\/4"}],"replies":[{"embeddable":true,"href":"https:\/\/www.allgeier.com\/de\/wp-json\/wp\/v2\/comments?post=5944"}],"version-history":[{"count":2,"href":"https:\/\/www.allgeier.com\/de\/wp-json\/wp\/v2\/pages\/5944\/revisions"}],"predecessor-version":[{"id":6155,"href":"https:\/\/www.allgeier.com\/de\/wp-json\/wp\/v2\/pages\/5944\/revisions\/6155"}],"up":[{"embeddable":true,"href":"https:\/\/www.allgeier.com\/de\/wp-json\/wp\/v2\/pages\/1169"}],"wp:attachment":[{"href":"https:\/\/www.allgeier.com\/de\/wp-json\/wp\/v2\/media?parent=5944"}],"wp:term":[{"taxonomy":"category","embeddable":true,"href":"https:\/\/www.allgeier.com\/de\/wp-json\/wp\/v2\/categories?post=5944"},{"taxonomy":"post_tag","embeddable":true,"href":"https:\/\/www.allgeier.com\/de\/wp-json\/wp\/v2\/tags?post=5944"}],"curies":[{"name":"wp","href":"https:\/\/api.w.org\/{rel}","templated":true}]}}