{"id":599,"date":"2013-03-26T11:45:01","date_gmt":"2013-03-26T11:45:01","guid":{"rendered":"http:\/\/www.allgeier.com\/en\/?page_id=599"},"modified":"2015-03-13T10:56:23","modified_gmt":"2015-03-13T10:56:23","slug":"es-26032013","status":"publish","type":"page","link":"https:\/\/www.allgeier.com\/de\/investor-relations\/adhoc-archives\/2013-2\/es-26032013\/","title":{"rendered":"es-26032013"},"content":{"rendered":"<p><em>M\u00fcnchen, 26.03.2013 &#8211;<\/em> Allgeier SE (ISIN DE0005086300, WKN 508630) verzeichnet gem\u00e4\u00df vorl\u00e4ufiger Zahlen auch im Gesch\u00e4ftsjahr 2012 (01. Januar 2012 bis 31. Dezember 2012) ein deutliches Wachstum. So stieg der Konzernumsatz nach IFRS um 44 Mio. Euro auf 423 Mio. Euro (Vorjahr: 379 Mio. Euro), was einem Wachstum von 12 Prozent entspricht.<\/p>\n<p>Das Konzern-EBITDA erh\u00f6hte sich um 3 Prozent auf 22,9 Mio. Euro (Vorjahr: 22,3 Mio. Euro). Das von den operativen Gesch\u00e4ftsbereichen (vor Holding-Kosten) erwirtschaftete EBITDA stieg um 16 Prozent auf 31,3 Mio. Euro (Vorjahr: 26,9 Mio. Euro). Das Konzern-EBIT (Ergebnis vor Zinsen und Steuern) fiel mit 9,1 Mio. Euro schw\u00e4cher aus als im Vorjahr (Vorjahr: 12,0 Mio. Euro). Das von den operativen Gesch\u00e4ftsbereichen (vor Holding-Kosten) erwirtschaftete EBIT stieg indes um 5 Prozent auf 17,5 Mio. Euro (Vorjahr: 16,6 Mio. Euro). Das Ergebnis des Gesch\u00e4ftsjahres 2012 ist durch au\u00dferordentliche Effekte in H\u00f6he von 9,5 Mio. Euro beeinflusst (Vorjahr: 7,0 Mio. Euro). Den gr\u00f6\u00dften Effekt stellen die durch die Akquisitionst\u00e4tigkeit bedingten Abschreibungen aufgrund der vorgenommenen Kaufpreis-Allokationen gem\u00e4\u00df IFRS (also Abschreibung der Auftragsbest\u00e4nde, Kundenst\u00e4mme, Produkte) dar. Diese stiegen um 2,3 Mio. Euro auf 9,5 Mio. Euro (Vorjahr: 7,2 Mio. Euro).<\/p>\n<p>Der Allgeier Konzern konnte ferner au\u00dferhalb des fortgef\u00fchrten Gesch\u00e4fts aus dem in 2008 ver\u00e4u\u00dferten Gesch\u00e4ftsbereich Personalservices einen Ertrag in H\u00f6he von 5,1 Mio. Euro vor Steuern aus der Bewertung der nachlaufenden Anspr\u00fcche und Risiken realisieren. Zusammen mit dem Ergebnis vor Steuern aus dem fortgef\u00fchrten Gesch\u00e4ft in H\u00f6he von 6,1 Mio. Euro erzielte der Konzern damit insgesamt ein Ergebnis vor Steuern in H\u00f6he von 11,3 Mio. Euro (Vorjahr 9,5 Mio. Euro). Nach Abzug aller Ertragsteuern erreichte der Konzern aus der Summe aus fortgef\u00fchrtem und ver\u00e4u\u00dfertem Gesch\u00e4ft ein gegen\u00fcber dem Vorjahr um 3,5 Mio. Euro h\u00f6heres Periodenergebnis in H\u00f6he von 8,8 Mio. Euro (Vorjahr: 5,3 Mio. Euro).<\/p>\n<p>Das Ergebnis je Aktie einschlie\u00dflich des ver\u00e4u\u00dferten Gesch\u00e4fts stieg um 91 Prozent von 0,52 Euro in 2011 auf 1,00 Euro im Berichtsjahr. Das um die Abschreibungen aus Akquisitionst\u00e4tigkeit und weitere zu bereinigende Effekte mit au\u00dferordentlichem Charakter bereinigte Ergebnis je Aktie stieg um 47 Prozent auf 1,85 Euro (Vorjahr: 1,27 Euro).<\/p>\n<p>Das Eigenkapital stieg um 5,2 Mio. Euro auf 93,4 Mio. Euro zum 31. Dezember 2012 (Vorjahr: 88,2 Mio. Euro). Dem Allgeier Konzern standen zum 31. Dezember 2012 liquide Mittel von 38,9 Mio. Euro (Vorjahr: 31,9 Mio. Euro) zur Verf\u00fcgung. Die kurz- und langfristigen Finanzschulden haben sich zum 31. Dezember 2012 auf 73,8 Mio. Euro erh\u00f6ht (Vorjahr (inkl. Genussrechtsverbindlichkeiten): 41,4 Mio. Euro). Die Bilanzsumme erh\u00f6hte sich auf 289,6 Mio. Euro (Vorjahr: 242,1 Mio. Euro). Wesentliche Faktoren f\u00fcr die Ver\u00e4nderungen in der Konzernbilanz waren die im Gesch\u00e4ftsjahr get\u00e4tigten Akquisitionen der tecops personal GmbH sowie f\u00fcnf weiterer Unternehmen, das im Februar 2012 am Kapitalmarkt platzierte Schuldscheindarlehen in H\u00f6he von netto 69,0 Mio. Euro und die Tilgung eines bestehenden kurzfristigen Bankdarlehens in H\u00f6he von 19,0 Mio. Euro sowie die Abl\u00f6sung des On-Balance ABS-Programms von 10,6 Mio. Euro durch ein Off-Balance Factoring von Kundenforderungen in der gleichen Gr\u00f6\u00dfenordnung.<\/p>\n<p>Alle genannten IFRS-Zahlen sind vorl\u00e4ufig und vom Abschlusspr\u00fcfer noch nicht abschlie\u00dfend gepr\u00fcft.<\/p>\n","protected":false},"excerpt":{"rendered":"<p>M\u00fcnchen, 26.03.2013 &#8211; Allgeier SE (ISIN DE0005086300, WKN 508630) verzeichnet gem\u00e4\u00df vorl\u00e4ufiger Zahlen auch im Gesch\u00e4ftsjahr 2012 (01. Januar 2012 bis 31. Dezember 2012) ein deutliches Wachstum. So stieg der Konzernumsatz nach IFRS um 44 Mio. Euro auf 423 Mio. Euro (Vorjahr: 379 Mio. Euro), was einem Wachstum von 12 Prozent entspricht. Das Konzern-EBITDA erh\u00f6hte &hellip; <\/p>\n","protected":false},"author":1,"featured_media":0,"parent":558,"menu_order":0,"comment_status":"closed","ping_status":"closed","template":"","meta":{"_acf_changed":false,"footnotes":""},"categories":[],"tags":[],"class_list":["post-599","page","type-page","status-publish","hentry"],"acf":[],"yoast_head":"<!-- This site is optimized with the Yoast SEO plugin v27.4 - https:\/\/yoast.com\/product\/yoast-seo-wordpress\/ -->\n<title>es-26032013 - Allgeier SE<\/title>\n<meta name=\"robots\" content=\"index, follow, max-snippet:-1, max-image-preview:large, max-video-preview:-1\" \/>\n<link rel=\"canonical\" href=\"https:\/\/www.allgeier.com\/de\/investor-relations\/adhoc-archives\/2013-2\/es-26032013\/\" \/>\n<meta property=\"og:locale\" content=\"de_DE\" \/>\n<meta property=\"og:type\" content=\"article\" \/>\n<meta property=\"og:title\" content=\"es-26032013 - Allgeier SE\" \/>\n<meta property=\"og:description\" content=\"M\u00fcnchen, 26.03.2013 &#8211; Allgeier SE (ISIN DE0005086300, WKN 508630) verzeichnet gem\u00e4\u00df vorl\u00e4ufiger Zahlen auch im Gesch\u00e4ftsjahr 2012 (01. Januar 2012 bis 31. Dezember 2012) ein deutliches Wachstum. So stieg der Konzernumsatz nach IFRS um 44 Mio. Euro auf 423 Mio. Euro (Vorjahr: 379 Mio. Euro), was einem Wachstum von 12 Prozent entspricht. Das Konzern-EBITDA erh\u00f6hte &hellip;\" \/>\n<meta property=\"og:url\" content=\"https:\/\/www.allgeier.com\/de\/investor-relations\/adhoc-archives\/2013-2\/es-26032013\/\" \/>\n<meta property=\"og:site_name\" content=\"Allgeier SE\" \/>\n<meta property=\"article:modified_time\" content=\"2015-03-13T10:56:23+00:00\" \/>\n<meta name=\"twitter:card\" content=\"summary_large_image\" \/>\n<meta name=\"twitter:label1\" content=\"Gesch\u00e4tzte Lesezeit\" \/>\n\t<meta name=\"twitter:data1\" content=\"2\u00a0Minuten\" \/>\n<script type=\"application\/ld+json\" class=\"yoast-schema-graph\">{\"@context\":\"https:\\\/\\\/schema.org\",\"@graph\":[{\"@type\":\"WebPage\",\"@id\":\"https:\\\/\\\/www.allgeier.com\\\/de\\\/investor-relations\\\/adhoc-archives\\\/2013-2\\\/es-26032013\\\/\",\"url\":\"https:\\\/\\\/www.allgeier.com\\\/de\\\/investor-relations\\\/adhoc-archives\\\/2013-2\\\/es-26032013\\\/\",\"name\":\"es-26032013 - Allgeier SE\",\"isPartOf\":{\"@id\":\"https:\\\/\\\/www.allgeier.com\\\/de\\\/#website\"},\"datePublished\":\"2013-03-26T11:45:01+00:00\",\"dateModified\":\"2015-03-13T10:56:23+00:00\",\"breadcrumb\":{\"@id\":\"https:\\\/\\\/www.allgeier.com\\\/de\\\/investor-relations\\\/adhoc-archives\\\/2013-2\\\/es-26032013\\\/#breadcrumb\"},\"inLanguage\":\"de\",\"potentialAction\":[{\"@type\":\"ReadAction\",\"target\":[\"https:\\\/\\\/www.allgeier.com\\\/de\\\/investor-relations\\\/adhoc-archives\\\/2013-2\\\/es-26032013\\\/\"]}]},{\"@type\":\"BreadcrumbList\",\"@id\":\"https:\\\/\\\/www.allgeier.com\\\/de\\\/investor-relations\\\/adhoc-archives\\\/2013-2\\\/es-26032013\\\/#breadcrumb\",\"itemListElement\":[{\"@type\":\"ListItem\",\"position\":1,\"name\":\"Home\",\"item\":\"https:\\\/\\\/www.allgeier.com\\\/de\\\/\"},{\"@type\":\"ListItem\",\"position\":2,\"name\":\"Investor Relations\",\"item\":\"https:\\\/\\\/www.allgeier.com\\\/de\\\/investor-relations\\\/\"},{\"@type\":\"ListItem\",\"position\":3,\"name\":\"Ad hoc-Archiv\",\"item\":\"https:\\\/\\\/www.allgeier.com\\\/de\\\/investor-relations\\\/adhoc-archives\\\/\"},{\"@type\":\"ListItem\",\"position\":4,\"name\":\"2013\",\"item\":\"https:\\\/\\\/www.allgeier.com\\\/de\\\/investor-relations\\\/adhoc-archives\\\/2013-2\\\/\"},{\"@type\":\"ListItem\",\"position\":5,\"name\":\"es-26032013\"}]},{\"@type\":\"WebSite\",\"@id\":\"https:\\\/\\\/www.allgeier.com\\\/de\\\/#website\",\"url\":\"https:\\\/\\\/www.allgeier.com\\\/de\\\/\",\"name\":\"Allgeier SE\",\"description\":\"Software &amp; IT Services for digital transformation\",\"potentialAction\":[{\"@type\":\"SearchAction\",\"target\":{\"@type\":\"EntryPoint\",\"urlTemplate\":\"https:\\\/\\\/www.allgeier.com\\\/de\\\/?s={search_term_string}\"},\"query-input\":{\"@type\":\"PropertyValueSpecification\",\"valueRequired\":true,\"valueName\":\"search_term_string\"}}],\"inLanguage\":\"de\"}]}<\/script>\n<!-- \/ Yoast SEO plugin. -->","yoast_head_json":{"title":"es-26032013 - Allgeier SE","robots":{"index":"index","follow":"follow","max-snippet":"max-snippet:-1","max-image-preview":"max-image-preview:large","max-video-preview":"max-video-preview:-1"},"canonical":"https:\/\/www.allgeier.com\/de\/investor-relations\/adhoc-archives\/2013-2\/es-26032013\/","og_locale":"de_DE","og_type":"article","og_title":"es-26032013 - Allgeier SE","og_description":"M\u00fcnchen, 26.03.2013 &#8211; Allgeier SE (ISIN DE0005086300, WKN 508630) verzeichnet gem\u00e4\u00df vorl\u00e4ufiger Zahlen auch im Gesch\u00e4ftsjahr 2012 (01. Januar 2012 bis 31. Dezember 2012) ein deutliches Wachstum. So stieg der Konzernumsatz nach IFRS um 44 Mio. Euro auf 423 Mio. Euro (Vorjahr: 379 Mio. Euro), was einem Wachstum von 12 Prozent entspricht. Das Konzern-EBITDA erh\u00f6hte &hellip;","og_url":"https:\/\/www.allgeier.com\/de\/investor-relations\/adhoc-archives\/2013-2\/es-26032013\/","og_site_name":"Allgeier SE","article_modified_time":"2015-03-13T10:56:23+00:00","twitter_card":"summary_large_image","twitter_misc":{"Gesch\u00e4tzte Lesezeit":"2\u00a0Minuten"},"schema":{"@context":"https:\/\/schema.org","@graph":[{"@type":"WebPage","@id":"https:\/\/www.allgeier.com\/de\/investor-relations\/adhoc-archives\/2013-2\/es-26032013\/","url":"https:\/\/www.allgeier.com\/de\/investor-relations\/adhoc-archives\/2013-2\/es-26032013\/","name":"es-26032013 - Allgeier SE","isPartOf":{"@id":"https:\/\/www.allgeier.com\/de\/#website"},"datePublished":"2013-03-26T11:45:01+00:00","dateModified":"2015-03-13T10:56:23+00:00","breadcrumb":{"@id":"https:\/\/www.allgeier.com\/de\/investor-relations\/adhoc-archives\/2013-2\/es-26032013\/#breadcrumb"},"inLanguage":"de","potentialAction":[{"@type":"ReadAction","target":["https:\/\/www.allgeier.com\/de\/investor-relations\/adhoc-archives\/2013-2\/es-26032013\/"]}]},{"@type":"BreadcrumbList","@id":"https:\/\/www.allgeier.com\/de\/investor-relations\/adhoc-archives\/2013-2\/es-26032013\/#breadcrumb","itemListElement":[{"@type":"ListItem","position":1,"name":"Home","item":"https:\/\/www.allgeier.com\/de\/"},{"@type":"ListItem","position":2,"name":"Investor Relations","item":"https:\/\/www.allgeier.com\/de\/investor-relations\/"},{"@type":"ListItem","position":3,"name":"Ad hoc-Archiv","item":"https:\/\/www.allgeier.com\/de\/investor-relations\/adhoc-archives\/"},{"@type":"ListItem","position":4,"name":"2013","item":"https:\/\/www.allgeier.com\/de\/investor-relations\/adhoc-archives\/2013-2\/"},{"@type":"ListItem","position":5,"name":"es-26032013"}]},{"@type":"WebSite","@id":"https:\/\/www.allgeier.com\/de\/#website","url":"https:\/\/www.allgeier.com\/de\/","name":"Allgeier SE","description":"Software &amp; IT Services for digital transformation","potentialAction":[{"@type":"SearchAction","target":{"@type":"EntryPoint","urlTemplate":"https:\/\/www.allgeier.com\/de\/?s={search_term_string}"},"query-input":{"@type":"PropertyValueSpecification","valueRequired":true,"valueName":"search_term_string"}}],"inLanguage":"de"}]}},"_links":{"self":[{"href":"https:\/\/www.allgeier.com\/de\/wp-json\/wp\/v2\/pages\/599","targetHints":{"allow":["GET"]}}],"collection":[{"href":"https:\/\/www.allgeier.com\/de\/wp-json\/wp\/v2\/pages"}],"about":[{"href":"https:\/\/www.allgeier.com\/de\/wp-json\/wp\/v2\/types\/page"}],"author":[{"embeddable":true,"href":"https:\/\/www.allgeier.com\/de\/wp-json\/wp\/v2\/users\/1"}],"replies":[{"embeddable":true,"href":"https:\/\/www.allgeier.com\/de\/wp-json\/wp\/v2\/comments?post=599"}],"version-history":[{"count":1,"href":"https:\/\/www.allgeier.com\/de\/wp-json\/wp\/v2\/pages\/599\/revisions"}],"predecessor-version":[{"id":1276,"href":"https:\/\/www.allgeier.com\/de\/wp-json\/wp\/v2\/pages\/599\/revisions\/1276"}],"up":[{"embeddable":true,"href":"https:\/\/www.allgeier.com\/de\/wp-json\/wp\/v2\/pages\/558"}],"wp:attachment":[{"href":"https:\/\/www.allgeier.com\/de\/wp-json\/wp\/v2\/media?parent=599"}],"wp:term":[{"taxonomy":"category","embeddable":true,"href":"https:\/\/www.allgeier.com\/de\/wp-json\/wp\/v2\/categories?post=599"},{"taxonomy":"post_tag","embeddable":true,"href":"https:\/\/www.allgeier.com\/de\/wp-json\/wp\/v2\/tags?post=599"}],"curies":[{"name":"wp","href":"https:\/\/api.w.org\/{rel}","templated":true}]}}