{"id":602,"date":"2013-04-17T11:46:34","date_gmt":"2013-04-17T11:46:34","guid":{"rendered":"http:\/\/www.allgeier.com\/en\/?page_id=602"},"modified":"2015-03-13T10:55:48","modified_gmt":"2015-03-13T10:55:48","slug":"es-17042013","status":"publish","type":"page","link":"https:\/\/www.allgeier.com\/de\/investor-relations\/adhoc-archives\/2013-2\/es-17042013\/","title":{"rendered":"es-17042013"},"content":{"rendered":"<p>M\u00fcnchen, 17.04.2013 &#8211; Der Aufsichtsrat der Allgeier SE (ISIN DE0005086300, WKN 508630) hat in seiner Sitzung am 17. April 2013 den testierten Jahres- und Konzernabschluss der Allgeier SE f\u00fcr das Gesch\u00e4ftsjahr 2012 gebilligt. Der Jahresabschluss ist damit festgestellt. Die finalen Konzernzahlen entsprechen den in der Ad hoc-Mitteilung vom 26. M\u00e4rz 2013 angek\u00fcndigten vorl\u00e4ufigen Zahlen.<\/p>\n<p>Umsatz und Ergebnisentwicklung nach IFRS<\/p>\n<p>Allgeier SE verzeichnet auch im Gesch\u00e4ftsjahr 2012 (01. Januar 2012 bis 31. Dezember 2012) ein deutliches Wachstum. So stieg der Konzernumsatz nach IFRS um 44,0 Mio. Euro auf 422,8 Mio. Euro (Vorjahr: 378,8 Mio. Euro), was einem Wachstum von 12 Prozent entspricht. Das Konzern-EBITDA erh\u00f6hte sich um 3 Prozent auf 22,9 Mio. Euro (Vorjahr: 22,3 Mio. Euro). Das von den operativen Gesch\u00e4ftsbereichen (vor Holding-Kosten) erwirtschaftete EBITDA stieg um 17 Prozent auf 31,3 Mio. Euro (Vorjahr: 26,9 Mio. Euro). Das Konzern-EBIT (Ergebnis vor Zinsen und Steuern) fiel mit 9,1 Mio. Euro schw\u00e4cher aus als im Vorjahr (Vorjahr: 12,0 Mio. Euro). Das von den operativen Gesch\u00e4ftsbereichen (vor Holding-Kosten) erwirtschaftete EBIT stieg indes um 5 Prozent auf 17,5 Mio. Euro (Vorjahr: 16,6 Mio. Euro). Das Ergebnis des Gesch\u00e4ftsjahres 2012 ist durch au\u00dferordentliche Effekte in H\u00f6he von 9,5 Mio. Euro beeinflusst (Vorjahr: 7,0 Mio. Euro). Den gr\u00f6\u00dften Effekt stellen die durch die Akquisitionst\u00e4tigkeit bedingten Abschreibungen aufgrund der vorgenommenen Kaufpreis-Allokationen gem\u00e4\u00df IFRS (also Abschreibung der Auftragsbest\u00e4nde, Kundenst\u00e4mme, Produkte) dar. Diese stiegen um 2,3 Mio. Euro auf 9,5 Mio. Euro (Vorjahr: 7,2 Mio. Euro). Der Allgeier Konzern konnte ferner au\u00dferhalb des fortgef\u00fchrten Gesch\u00e4fts aus dem in 2008 ver\u00e4u\u00dferten Gesch\u00e4ftsbereich Personal Services einen Ertrag in H\u00f6he von 5,1 Mio. Euro vor Steuern aus der Bewertung der nachlaufenden Anspr\u00fcche und Risiken realisieren. Zusammen mit dem Ergebnis vor Steuern aus dem fortgef\u00fchrten Gesch\u00e4ft in H\u00f6he von 6,1 Mio. Euro erzielte der Konzern damit insgesamt ein Ergebnis vor Steuern in H\u00f6he von 11,3 Mio. Euro (Vorjahr 9,5 Mio. Euro). Nach Abzug aller Ertragsteuern erreichte der Konzern aus der Summe aus fortgef\u00fchrtem und ver\u00e4u\u00dfertem Gesch\u00e4ft ein gegen\u00fcber dem Vorjahr um 3,5 Mio. Euro h\u00f6heres Periodenergebnis in H\u00f6he von 8,8 Mio. Euro (Vorjahr: 5,3 Mio. Euro).<\/p>\n<p>Das Ergebnis je Aktie einschlie\u00dflich des ver\u00e4u\u00dferten Gesch\u00e4fts stieg um 92 Prozent von 0,52 Euro in 2011 auf 1,00 Euro im Berichtsjahr. Das um die Abschreibungen aus Akquisitionst\u00e4tigkeit und weitere zu bereinigende Effekte mit au\u00dferordentlichem Charakter bereinigte Ergebnis je Aktie stieg um 46 Prozent auf 1,85 Euro (Vorjahr: 1,27 Euro).<\/p>\n<p>Eckdaten der Bilanz<\/p>\n<p>Das Eigenkapital stieg um 5,2 Mio. Euro auf 93,4 Mio. Euro zum 31. Dezember 2012 (Vorjahr: 88,2 Mio. Euro). Dem Allgeier Konzern standen zum 31. Dezember 2012 liquide Mittel von 38,9 Mio. Euro (Vorjahr: 31,9 Mio. Euro) zur Verf\u00fcgung. Die kurz- und langfristigen Finanzschulden haben sich zum 31. Dezember 2012 auf 73,8 Mio. Euro erh\u00f6ht (Vorjahr (inkl. Genussrechtsverbindlichkeiten): 41,4 Mio. Euro). Die Bilanzsumme erh\u00f6hte sich auf 289,6 Mio. Euro (Vorjahr: 242,1 Mio. Euro). Wesentliche Faktoren f\u00fcr die Ver\u00e4nderungen in der Konzernbilanz waren die im Gesch\u00e4ftsjahr get\u00e4tigten Akquisitionen der tecops personal GmbH sowie f\u00fcnf weiterer Unternehmen, das im Februar 2012 am Kapitalmarkt platzierte Schuldscheindarlehen in H\u00f6he von netto 69,0 Mio. Euro und die Tilgung eines bestehenden kurzfristigen Bankdarlehens in H\u00f6he von 19,0 Mio. Euro sowie die Abl\u00f6sung des On-Balance ABS-Programms von 10,6 Mio. Euro durch ein Off-Balance Factoring von Kundenforderungen in der gleichen Gr\u00f6\u00dfenordnung.<\/p>\n<p>Gewinnverwendung<\/p>\n<p>Vorstand und Aufsichtsrat haben heute, am 17. April 2013, beschlossen, der Hauptversammlung vorzuschlagen, aus dem im Jahresabschluss der Allgeier SE ausgewiesenen Bilanzgewinn per 31. Dezember 2012 in H\u00f6he von 35.922.911,78 EUR eine Dividende in H\u00f6he von 0,50 EUR je Aktie an die Aktion\u00e4re auszusch\u00fctten. Der verbleibende Bilanzgewinn soll auf neue Rechnung vorgetragen werden.<\/p>\n<p>Ausblick<\/p>\n<p>Der Vorstand erwartet f\u00fcr das Gesch\u00e4ftsjahr 2013 f\u00fcr den Gesamtkonzern erneut ein nachhaltiges Wachstum im Umsatz und im Ergebnis. Allgeier beabsichtigt mit einer angepassten Strategie auf das insgesamt positiv eingesch\u00e4tzte, aber sich weiter wandelnde Marktumfeld in der IT-Branche zu reagieren. Die st\u00e4rkere B\u00fcndelung der Gesch\u00e4ftst\u00e4tigkeit in Divisionen als gr\u00f6\u00dfere unternehmerische Einheiten und die Fokussierung der Divisionen auf \u00fcberdurchschnittlich nachgefragte Leistungsangebote und zum Teil Megatrends der Branche sollen dazu beitragen, dass Allgeier auch k\u00fcnftig \u00fcberdurchschnittlich wachsen und die Chancen der fortschreitenden Konsolidierung in der Branche nutzen kann. Dabei soll verst\u00e4rkt auf profitables Wachstum mit \u00fcberdurchschnittlicher Verbesserung der Ergebniskennzahlen geachtet werden.<\/p>\n<p>Der Gesch\u00e4ftsbericht 2012 wird am 26. April 2013 ver\u00f6ffentlicht und ist dann unter www.allgeier.com einzusehen.<\/p>\n","protected":false},"excerpt":{"rendered":"<p>M\u00fcnchen, 17.04.2013 &#8211; Der Aufsichtsrat der Allgeier SE (ISIN DE0005086300, WKN 508630) hat in seiner Sitzung am 17. April 2013 den testierten Jahres- und Konzernabschluss der Allgeier SE f\u00fcr das Gesch\u00e4ftsjahr 2012 gebilligt. Der Jahresabschluss ist damit festgestellt. Die finalen Konzernzahlen entsprechen den in der Ad hoc-Mitteilung vom 26. M\u00e4rz 2013 angek\u00fcndigten vorl\u00e4ufigen Zahlen. Umsatz &hellip; <\/p>\n","protected":false},"author":1,"featured_media":0,"parent":558,"menu_order":0,"comment_status":"closed","ping_status":"closed","template":"","meta":{"_acf_changed":false,"footnotes":""},"categories":[],"tags":[],"class_list":["post-602","page","type-page","status-publish","hentry"],"acf":[],"yoast_head":"<!-- This site is optimized with the Yoast SEO plugin v27.4 - https:\/\/yoast.com\/product\/yoast-seo-wordpress\/ -->\n<title>es-17042013 - Allgeier SE<\/title>\n<meta name=\"robots\" content=\"index, follow, max-snippet:-1, max-image-preview:large, max-video-preview:-1\" \/>\n<link rel=\"canonical\" href=\"https:\/\/www.allgeier.com\/de\/investor-relations\/adhoc-archives\/2013-2\/es-17042013\/\" \/>\n<meta property=\"og:locale\" content=\"de_DE\" \/>\n<meta property=\"og:type\" content=\"article\" \/>\n<meta property=\"og:title\" content=\"es-17042013 - Allgeier SE\" \/>\n<meta property=\"og:description\" content=\"M\u00fcnchen, 17.04.2013 &#8211; Der Aufsichtsrat der Allgeier SE (ISIN DE0005086300, WKN 508630) hat in seiner Sitzung am 17. April 2013 den testierten Jahres- und Konzernabschluss der Allgeier SE f\u00fcr das Gesch\u00e4ftsjahr 2012 gebilligt. Der Jahresabschluss ist damit festgestellt. Die finalen Konzernzahlen entsprechen den in der Ad hoc-Mitteilung vom 26. M\u00e4rz 2013 angek\u00fcndigten vorl\u00e4ufigen Zahlen. Umsatz &hellip;\" \/>\n<meta property=\"og:url\" content=\"https:\/\/www.allgeier.com\/de\/investor-relations\/adhoc-archives\/2013-2\/es-17042013\/\" \/>\n<meta property=\"og:site_name\" content=\"Allgeier SE\" \/>\n<meta property=\"article:modified_time\" content=\"2015-03-13T10:55:48+00:00\" \/>\n<meta name=\"twitter:card\" content=\"summary_large_image\" \/>\n<meta name=\"twitter:label1\" content=\"Gesch\u00e4tzte Lesezeit\" \/>\n\t<meta name=\"twitter:data1\" content=\"4\u00a0Minuten\" \/>\n<script type=\"application\/ld+json\" class=\"yoast-schema-graph\">{\"@context\":\"https:\\\/\\\/schema.org\",\"@graph\":[{\"@type\":\"WebPage\",\"@id\":\"https:\\\/\\\/www.allgeier.com\\\/de\\\/investor-relations\\\/adhoc-archives\\\/2013-2\\\/es-17042013\\\/\",\"url\":\"https:\\\/\\\/www.allgeier.com\\\/de\\\/investor-relations\\\/adhoc-archives\\\/2013-2\\\/es-17042013\\\/\",\"name\":\"es-17042013 - Allgeier SE\",\"isPartOf\":{\"@id\":\"https:\\\/\\\/www.allgeier.com\\\/de\\\/#website\"},\"datePublished\":\"2013-04-17T11:46:34+00:00\",\"dateModified\":\"2015-03-13T10:55:48+00:00\",\"breadcrumb\":{\"@id\":\"https:\\\/\\\/www.allgeier.com\\\/de\\\/investor-relations\\\/adhoc-archives\\\/2013-2\\\/es-17042013\\\/#breadcrumb\"},\"inLanguage\":\"de\",\"potentialAction\":[{\"@type\":\"ReadAction\",\"target\":[\"https:\\\/\\\/www.allgeier.com\\\/de\\\/investor-relations\\\/adhoc-archives\\\/2013-2\\\/es-17042013\\\/\"]}]},{\"@type\":\"BreadcrumbList\",\"@id\":\"https:\\\/\\\/www.allgeier.com\\\/de\\\/investor-relations\\\/adhoc-archives\\\/2013-2\\\/es-17042013\\\/#breadcrumb\",\"itemListElement\":[{\"@type\":\"ListItem\",\"position\":1,\"name\":\"Home\",\"item\":\"https:\\\/\\\/www.allgeier.com\\\/de\\\/\"},{\"@type\":\"ListItem\",\"position\":2,\"name\":\"Investor Relations\",\"item\":\"https:\\\/\\\/www.allgeier.com\\\/de\\\/investor-relations\\\/\"},{\"@type\":\"ListItem\",\"position\":3,\"name\":\"Ad hoc-Archiv\",\"item\":\"https:\\\/\\\/www.allgeier.com\\\/de\\\/investor-relations\\\/adhoc-archives\\\/\"},{\"@type\":\"ListItem\",\"position\":4,\"name\":\"2013\",\"item\":\"https:\\\/\\\/www.allgeier.com\\\/de\\\/investor-relations\\\/adhoc-archives\\\/2013-2\\\/\"},{\"@type\":\"ListItem\",\"position\":5,\"name\":\"es-17042013\"}]},{\"@type\":\"WebSite\",\"@id\":\"https:\\\/\\\/www.allgeier.com\\\/de\\\/#website\",\"url\":\"https:\\\/\\\/www.allgeier.com\\\/de\\\/\",\"name\":\"Allgeier SE\",\"description\":\"Software &amp; IT Services for digital transformation\",\"potentialAction\":[{\"@type\":\"SearchAction\",\"target\":{\"@type\":\"EntryPoint\",\"urlTemplate\":\"https:\\\/\\\/www.allgeier.com\\\/de\\\/?s={search_term_string}\"},\"query-input\":{\"@type\":\"PropertyValueSpecification\",\"valueRequired\":true,\"valueName\":\"search_term_string\"}}],\"inLanguage\":\"de\"}]}<\/script>\n<!-- \/ Yoast SEO plugin. -->","yoast_head_json":{"title":"es-17042013 - Allgeier SE","robots":{"index":"index","follow":"follow","max-snippet":"max-snippet:-1","max-image-preview":"max-image-preview:large","max-video-preview":"max-video-preview:-1"},"canonical":"https:\/\/www.allgeier.com\/de\/investor-relations\/adhoc-archives\/2013-2\/es-17042013\/","og_locale":"de_DE","og_type":"article","og_title":"es-17042013 - Allgeier SE","og_description":"M\u00fcnchen, 17.04.2013 &#8211; Der Aufsichtsrat der Allgeier SE (ISIN DE0005086300, WKN 508630) hat in seiner Sitzung am 17. April 2013 den testierten Jahres- und Konzernabschluss der Allgeier SE f\u00fcr das Gesch\u00e4ftsjahr 2012 gebilligt. Der Jahresabschluss ist damit festgestellt. Die finalen Konzernzahlen entsprechen den in der Ad hoc-Mitteilung vom 26. M\u00e4rz 2013 angek\u00fcndigten vorl\u00e4ufigen Zahlen. Umsatz &hellip;","og_url":"https:\/\/www.allgeier.com\/de\/investor-relations\/adhoc-archives\/2013-2\/es-17042013\/","og_site_name":"Allgeier SE","article_modified_time":"2015-03-13T10:55:48+00:00","twitter_card":"summary_large_image","twitter_misc":{"Gesch\u00e4tzte Lesezeit":"4\u00a0Minuten"},"schema":{"@context":"https:\/\/schema.org","@graph":[{"@type":"WebPage","@id":"https:\/\/www.allgeier.com\/de\/investor-relations\/adhoc-archives\/2013-2\/es-17042013\/","url":"https:\/\/www.allgeier.com\/de\/investor-relations\/adhoc-archives\/2013-2\/es-17042013\/","name":"es-17042013 - Allgeier SE","isPartOf":{"@id":"https:\/\/www.allgeier.com\/de\/#website"},"datePublished":"2013-04-17T11:46:34+00:00","dateModified":"2015-03-13T10:55:48+00:00","breadcrumb":{"@id":"https:\/\/www.allgeier.com\/de\/investor-relations\/adhoc-archives\/2013-2\/es-17042013\/#breadcrumb"},"inLanguage":"de","potentialAction":[{"@type":"ReadAction","target":["https:\/\/www.allgeier.com\/de\/investor-relations\/adhoc-archives\/2013-2\/es-17042013\/"]}]},{"@type":"BreadcrumbList","@id":"https:\/\/www.allgeier.com\/de\/investor-relations\/adhoc-archives\/2013-2\/es-17042013\/#breadcrumb","itemListElement":[{"@type":"ListItem","position":1,"name":"Home","item":"https:\/\/www.allgeier.com\/de\/"},{"@type":"ListItem","position":2,"name":"Investor Relations","item":"https:\/\/www.allgeier.com\/de\/investor-relations\/"},{"@type":"ListItem","position":3,"name":"Ad hoc-Archiv","item":"https:\/\/www.allgeier.com\/de\/investor-relations\/adhoc-archives\/"},{"@type":"ListItem","position":4,"name":"2013","item":"https:\/\/www.allgeier.com\/de\/investor-relations\/adhoc-archives\/2013-2\/"},{"@type":"ListItem","position":5,"name":"es-17042013"}]},{"@type":"WebSite","@id":"https:\/\/www.allgeier.com\/de\/#website","url":"https:\/\/www.allgeier.com\/de\/","name":"Allgeier SE","description":"Software &amp; IT Services for digital transformation","potentialAction":[{"@type":"SearchAction","target":{"@type":"EntryPoint","urlTemplate":"https:\/\/www.allgeier.com\/de\/?s={search_term_string}"},"query-input":{"@type":"PropertyValueSpecification","valueRequired":true,"valueName":"search_term_string"}}],"inLanguage":"de"}]}},"_links":{"self":[{"href":"https:\/\/www.allgeier.com\/de\/wp-json\/wp\/v2\/pages\/602","targetHints":{"allow":["GET"]}}],"collection":[{"href":"https:\/\/www.allgeier.com\/de\/wp-json\/wp\/v2\/pages"}],"about":[{"href":"https:\/\/www.allgeier.com\/de\/wp-json\/wp\/v2\/types\/page"}],"author":[{"embeddable":true,"href":"https:\/\/www.allgeier.com\/de\/wp-json\/wp\/v2\/users\/1"}],"replies":[{"embeddable":true,"href":"https:\/\/www.allgeier.com\/de\/wp-json\/wp\/v2\/comments?post=602"}],"version-history":[{"count":1,"href":"https:\/\/www.allgeier.com\/de\/wp-json\/wp\/v2\/pages\/602\/revisions"}],"predecessor-version":[{"id":1278,"href":"https:\/\/www.allgeier.com\/de\/wp-json\/wp\/v2\/pages\/602\/revisions\/1278"}],"up":[{"embeddable":true,"href":"https:\/\/www.allgeier.com\/de\/wp-json\/wp\/v2\/pages\/558"}],"wp:attachment":[{"href":"https:\/\/www.allgeier.com\/de\/wp-json\/wp\/v2\/media?parent=602"}],"wp:term":[{"taxonomy":"category","embeddable":true,"href":"https:\/\/www.allgeier.com\/de\/wp-json\/wp\/v2\/categories?post=602"},{"taxonomy":"post_tag","embeddable":true,"href":"https:\/\/www.allgeier.com\/de\/wp-json\/wp\/v2\/tags?post=602"}],"curies":[{"name":"wp","href":"https:\/\/api.w.org\/{rel}","templated":true}]}}