{"id":606,"date":"2013-04-26T11:48:00","date_gmt":"2013-04-26T11:48:00","guid":{"rendered":"http:\/\/www.allgeier.com\/en\/?page_id=606"},"modified":"2015-03-13T10:54:32","modified_gmt":"2015-03-13T10:54:32","slug":"es-26042013","status":"publish","type":"page","link":"https:\/\/www.allgeier.com\/de\/investor-relations\/adhoc-archives\/2013-2\/es-26042013\/","title":{"rendered":"es-26042013"},"content":{"rendered":"<p><em>M\u00fcnchen, 26.04.2013 &#8211;<\/em> Der Vorstand der Allgeier SE (ISIN DE0005086300, WKN 508630) hat die bereits im Jahr 2012 intensiv begonnene Neuausrichtung der Allgeier Gruppe in einer Agenda 2015 konkretisiert und als Ziel f\u00fcr die Jahre 2013 bis 2015 festgeschrieben.<\/p>\n<p>Zwei Leitgedanken pr\u00e4gen die Agenda 2015:<\/p>\n<p>1. Bildung einer zukunftsf\u00e4higen Gruppenstruktur mit Divisionen als gr\u00f6\u00dferen Unternehmenseinheiten<\/p>\n<p>2. Klare Fokussierung des Gesch\u00e4ftsmodells auf wachstumsstarke Felder mit \u00fcberdurchschnittlichem Entwicklungspotential<\/p>\n<p>In Anwendung dieser Leitgedanken auf die Allgeier Gruppe wird diese k\u00fcnftig in folgende Gesch\u00e4ftsbereiche und Divisionen gegliedert sein:<\/p>\n<p>Gesch\u00e4ftsbereich Experts und zugleich Division Allgeier Experts:<br \/>\nKerngesch\u00e4ft ist die Bereitstellung moderner und flexibler Personaldienstleistungen als Antwort auf die zunehmende Knappheit an IT-Fachkr\u00e4ften im Markt. Als Bindeglied zwischen den Kunden mit ihren flexiblen Anforderungen und den Mitarbeitern und freiberuflichen Experten mit ihrem spezifischen Know-how bietet Allgeier Experts unter Nutzung der existierenden Vertragsmodelle eine wichtige Funktion und Wertsch\u00f6pfung in einer modernen Wirtschaft. Allgeier Experts z\u00e4hlt mit deutlich \u00fcber 200 Mio. Euro Umsatz zu den Marktf\u00fchrern in Deutschland. Die Wachstumserwartung f\u00fcr diesen Gesch\u00e4ftsbereich ist positiv und liegt im unteren zweistelligen Bereich p.a. bei realistischen Ergebnismargen in der Gr\u00f6\u00dfenordnung von 7 Prozent.<\/p>\n<p>Gesch\u00e4ftsbereich Solutions\/Business Software:<br \/>\nDer Gesch\u00e4ftsbereich ist in die Divisionen Allgeier Business Software und terna gegliedert. Die Division Business Software ist Anbieter eigener L\u00f6sungen im Bereich ERP und DMS sowie Security Software. Ferner umfasst das Angebot im Bereich ERP auch die Partnerschaft mit Microsoft mit eigenen erg\u00e4nzenden Softwarel\u00f6sungen f\u00fcr MS Dynamics NAV Kunden. Die Division terna ist Microsoft Partner im Bereich MS Dynamics AX mit eigenen Softwarel\u00f6sungen und hochspezialisiertem Know-How f\u00fcr Unternehmensprozesse. Der Gesch\u00e4ftsbereich mit ca. 100 Mio. Euro Umsatz verf\u00fcgt nach Einsch\u00e4tzung des Vorstands \u00fcber das Potential, bei entsprechenden Investitionen eine zweistellige j\u00e4hrlichen Wachstumsrate und eine zweistellige Ergebnismarge zu erzielen.<\/p>\n<p>Gesch\u00e4ftsbereich Software Development:<br \/>\nDer Gesch\u00e4ftsbereich ist in die Divisionen Nagarro und mgm technology partners gegliedert. Die Division Nagarro entwickelt f\u00fcr ihre Kunden international individuelle Softwarel\u00f6sungen zur Unterst\u00fctzung und Optimierung derer Unternehmensprozesse. Dabei werden unter dem Leitbild &#8218;The Brightest Minds&#8216; die Leistungsf\u00e4higkeit internationaler, top ausgebildeter Personalressourcen und herausragendes Prozess- und Projekt-Know-how mit einem h\u00f6chsten Anspruch an Qualit\u00e4t in sehr wettbewerbsf\u00e4higen Preismodellen vereint. Die Division mgm technology partners ist Spezialist f\u00fcr Portall\u00f6sungen insbesondere f\u00fcr den Internethandel, Banken, Versicherungen und \u00f6ffentliche Institutionen mit hochspezialisiertem Know-how f\u00fcr die betreffenden Unternehmensprozesse und hochkomplexe technische Anforderungen. Der Gesch\u00e4ftsbereich mit einer Gr\u00f6\u00dfe von aktuell knapp 100 Mio. Euro Umsatz hat nach Einsch\u00e4tzung des Vorstands erhebliches Wachstumspotential, das sowohl mit deutlich zweistelligen Steigerungen im Umsatz als auch mit deutlich zweistelligen Ergebnismargen positiv zur Gruppenentwicklung beitragen kann.<\/p>\n<p>F\u00fcr den Gesamtkonzern ergibt sich daraus in der Erwartung des Vorstands eine deutlich zweistellige Wachstumserwartung in Bezug auf den Umsatz und eine deutliche Margen- und Ergebnisverbesserung, die die operative Gesamtergebnismarge vor Holdingkosten mittelfristig deutlich in die N\u00e4he des zweistelligen Bereichs f\u00fchren sollte.<\/p>\n<p>Mit den genannten Ma\u00dfnahmen zur Fokussierung der Gruppe reagiert der Vorstand sowohl auf die aktuelle Marktentwicklung mit den erheblichen Unterschieden im Potential der verschiedenen Felder des IT-Gesch\u00e4fts als auch auf die interne Weiterentwicklung der Gruppe zu einem n\u00e4chsten Level einer sinnvollen Integration. Ziel ist die Schaffung eines hochperformanten IT-Unternehmens mit modernen Strukturen und einem agilen Leistungsportfolio, das laufend auf dem Pr\u00fcfstand steht und dabei Weiterentwicklung und Anpassungen erf\u00e4hrt. Dabei geh\u00f6ren auch wertschaffende Akquisitionen zum gezielten Ausbau und zur Beschleunigung der Entwicklung der Divisionen weiterhin zum Gesch\u00e4ftsmodell.<\/p>\n","protected":false},"excerpt":{"rendered":"<p>M\u00fcnchen, 26.04.2013 &#8211; Der Vorstand der Allgeier SE (ISIN DE0005086300, WKN 508630) hat die bereits im Jahr 2012 intensiv begonnene Neuausrichtung der Allgeier Gruppe in einer Agenda 2015 konkretisiert und als Ziel f\u00fcr die Jahre 2013 bis 2015 festgeschrieben. Zwei Leitgedanken pr\u00e4gen die Agenda 2015: 1. Bildung einer zukunftsf\u00e4higen Gruppenstruktur mit Divisionen als gr\u00f6\u00dferen Unternehmenseinheiten &hellip; <\/p>\n","protected":false},"author":1,"featured_media":0,"parent":558,"menu_order":0,"comment_status":"closed","ping_status":"closed","template":"","meta":{"_acf_changed":false,"footnotes":""},"categories":[],"tags":[],"class_list":["post-606","page","type-page","status-publish","hentry"],"acf":[],"yoast_head":"<!-- This site is optimized with the Yoast SEO plugin v27.4 - https:\/\/yoast.com\/product\/yoast-seo-wordpress\/ -->\n<title>es-26042013 - Allgeier SE<\/title>\n<meta name=\"robots\" content=\"index, follow, max-snippet:-1, max-image-preview:large, max-video-preview:-1\" \/>\n<link rel=\"canonical\" href=\"https:\/\/www.allgeier.com\/de\/investor-relations\/adhoc-archives\/2013-2\/es-26042013\/\" \/>\n<meta property=\"og:locale\" content=\"de_DE\" \/>\n<meta property=\"og:type\" content=\"article\" \/>\n<meta property=\"og:title\" content=\"es-26042013 - Allgeier SE\" \/>\n<meta property=\"og:description\" content=\"M\u00fcnchen, 26.04.2013 &#8211; Der Vorstand der Allgeier SE (ISIN DE0005086300, WKN 508630) hat die bereits im Jahr 2012 intensiv begonnene Neuausrichtung der Allgeier Gruppe in einer Agenda 2015 konkretisiert und als Ziel f\u00fcr die Jahre 2013 bis 2015 festgeschrieben. Zwei Leitgedanken pr\u00e4gen die Agenda 2015: 1. Bildung einer zukunftsf\u00e4higen Gruppenstruktur mit Divisionen als gr\u00f6\u00dferen Unternehmenseinheiten &hellip;\" \/>\n<meta property=\"og:url\" content=\"https:\/\/www.allgeier.com\/de\/investor-relations\/adhoc-archives\/2013-2\/es-26042013\/\" \/>\n<meta property=\"og:site_name\" content=\"Allgeier SE\" \/>\n<meta property=\"article:modified_time\" content=\"2015-03-13T10:54:32+00:00\" \/>\n<meta name=\"twitter:card\" content=\"summary_large_image\" \/>\n<meta name=\"twitter:label1\" content=\"Gesch\u00e4tzte Lesezeit\" \/>\n\t<meta name=\"twitter:data1\" content=\"3\u00a0Minuten\" \/>\n<script type=\"application\/ld+json\" class=\"yoast-schema-graph\">{\"@context\":\"https:\\\/\\\/schema.org\",\"@graph\":[{\"@type\":\"WebPage\",\"@id\":\"https:\\\/\\\/www.allgeier.com\\\/de\\\/investor-relations\\\/adhoc-archives\\\/2013-2\\\/es-26042013\\\/\",\"url\":\"https:\\\/\\\/www.allgeier.com\\\/de\\\/investor-relations\\\/adhoc-archives\\\/2013-2\\\/es-26042013\\\/\",\"name\":\"es-26042013 - Allgeier SE\",\"isPartOf\":{\"@id\":\"https:\\\/\\\/www.allgeier.com\\\/de\\\/#website\"},\"datePublished\":\"2013-04-26T11:48:00+00:00\",\"dateModified\":\"2015-03-13T10:54:32+00:00\",\"breadcrumb\":{\"@id\":\"https:\\\/\\\/www.allgeier.com\\\/de\\\/investor-relations\\\/adhoc-archives\\\/2013-2\\\/es-26042013\\\/#breadcrumb\"},\"inLanguage\":\"de\",\"potentialAction\":[{\"@type\":\"ReadAction\",\"target\":[\"https:\\\/\\\/www.allgeier.com\\\/de\\\/investor-relations\\\/adhoc-archives\\\/2013-2\\\/es-26042013\\\/\"]}]},{\"@type\":\"BreadcrumbList\",\"@id\":\"https:\\\/\\\/www.allgeier.com\\\/de\\\/investor-relations\\\/adhoc-archives\\\/2013-2\\\/es-26042013\\\/#breadcrumb\",\"itemListElement\":[{\"@type\":\"ListItem\",\"position\":1,\"name\":\"Home\",\"item\":\"https:\\\/\\\/www.allgeier.com\\\/de\\\/\"},{\"@type\":\"ListItem\",\"position\":2,\"name\":\"Investor Relations\",\"item\":\"https:\\\/\\\/www.allgeier.com\\\/de\\\/investor-relations\\\/\"},{\"@type\":\"ListItem\",\"position\":3,\"name\":\"Ad hoc-Archiv\",\"item\":\"https:\\\/\\\/www.allgeier.com\\\/de\\\/investor-relations\\\/adhoc-archives\\\/\"},{\"@type\":\"ListItem\",\"position\":4,\"name\":\"2013\",\"item\":\"https:\\\/\\\/www.allgeier.com\\\/de\\\/investor-relations\\\/adhoc-archives\\\/2013-2\\\/\"},{\"@type\":\"ListItem\",\"position\":5,\"name\":\"es-26042013\"}]},{\"@type\":\"WebSite\",\"@id\":\"https:\\\/\\\/www.allgeier.com\\\/de\\\/#website\",\"url\":\"https:\\\/\\\/www.allgeier.com\\\/de\\\/\",\"name\":\"Allgeier SE\",\"description\":\"Software &amp; IT Services for digital transformation\",\"potentialAction\":[{\"@type\":\"SearchAction\",\"target\":{\"@type\":\"EntryPoint\",\"urlTemplate\":\"https:\\\/\\\/www.allgeier.com\\\/de\\\/?s={search_term_string}\"},\"query-input\":{\"@type\":\"PropertyValueSpecification\",\"valueRequired\":true,\"valueName\":\"search_term_string\"}}],\"inLanguage\":\"de\"}]}<\/script>\n<!-- \/ Yoast SEO plugin. -->","yoast_head_json":{"title":"es-26042013 - Allgeier SE","robots":{"index":"index","follow":"follow","max-snippet":"max-snippet:-1","max-image-preview":"max-image-preview:large","max-video-preview":"max-video-preview:-1"},"canonical":"https:\/\/www.allgeier.com\/de\/investor-relations\/adhoc-archives\/2013-2\/es-26042013\/","og_locale":"de_DE","og_type":"article","og_title":"es-26042013 - Allgeier SE","og_description":"M\u00fcnchen, 26.04.2013 &#8211; Der Vorstand der Allgeier SE (ISIN DE0005086300, WKN 508630) hat die bereits im Jahr 2012 intensiv begonnene Neuausrichtung der Allgeier Gruppe in einer Agenda 2015 konkretisiert und als Ziel f\u00fcr die Jahre 2013 bis 2015 festgeschrieben. Zwei Leitgedanken pr\u00e4gen die Agenda 2015: 1. Bildung einer zukunftsf\u00e4higen Gruppenstruktur mit Divisionen als gr\u00f6\u00dferen Unternehmenseinheiten &hellip;","og_url":"https:\/\/www.allgeier.com\/de\/investor-relations\/adhoc-archives\/2013-2\/es-26042013\/","og_site_name":"Allgeier SE","article_modified_time":"2015-03-13T10:54:32+00:00","twitter_card":"summary_large_image","twitter_misc":{"Gesch\u00e4tzte Lesezeit":"3\u00a0Minuten"},"schema":{"@context":"https:\/\/schema.org","@graph":[{"@type":"WebPage","@id":"https:\/\/www.allgeier.com\/de\/investor-relations\/adhoc-archives\/2013-2\/es-26042013\/","url":"https:\/\/www.allgeier.com\/de\/investor-relations\/adhoc-archives\/2013-2\/es-26042013\/","name":"es-26042013 - Allgeier SE","isPartOf":{"@id":"https:\/\/www.allgeier.com\/de\/#website"},"datePublished":"2013-04-26T11:48:00+00:00","dateModified":"2015-03-13T10:54:32+00:00","breadcrumb":{"@id":"https:\/\/www.allgeier.com\/de\/investor-relations\/adhoc-archives\/2013-2\/es-26042013\/#breadcrumb"},"inLanguage":"de","potentialAction":[{"@type":"ReadAction","target":["https:\/\/www.allgeier.com\/de\/investor-relations\/adhoc-archives\/2013-2\/es-26042013\/"]}]},{"@type":"BreadcrumbList","@id":"https:\/\/www.allgeier.com\/de\/investor-relations\/adhoc-archives\/2013-2\/es-26042013\/#breadcrumb","itemListElement":[{"@type":"ListItem","position":1,"name":"Home","item":"https:\/\/www.allgeier.com\/de\/"},{"@type":"ListItem","position":2,"name":"Investor Relations","item":"https:\/\/www.allgeier.com\/de\/investor-relations\/"},{"@type":"ListItem","position":3,"name":"Ad hoc-Archiv","item":"https:\/\/www.allgeier.com\/de\/investor-relations\/adhoc-archives\/"},{"@type":"ListItem","position":4,"name":"2013","item":"https:\/\/www.allgeier.com\/de\/investor-relations\/adhoc-archives\/2013-2\/"},{"@type":"ListItem","position":5,"name":"es-26042013"}]},{"@type":"WebSite","@id":"https:\/\/www.allgeier.com\/de\/#website","url":"https:\/\/www.allgeier.com\/de\/","name":"Allgeier SE","description":"Software &amp; IT Services for digital transformation","potentialAction":[{"@type":"SearchAction","target":{"@type":"EntryPoint","urlTemplate":"https:\/\/www.allgeier.com\/de\/?s={search_term_string}"},"query-input":{"@type":"PropertyValueSpecification","valueRequired":true,"valueName":"search_term_string"}}],"inLanguage":"de"}]}},"_links":{"self":[{"href":"https:\/\/www.allgeier.com\/de\/wp-json\/wp\/v2\/pages\/606","targetHints":{"allow":["GET"]}}],"collection":[{"href":"https:\/\/www.allgeier.com\/de\/wp-json\/wp\/v2\/pages"}],"about":[{"href":"https:\/\/www.allgeier.com\/de\/wp-json\/wp\/v2\/types\/page"}],"author":[{"embeddable":true,"href":"https:\/\/www.allgeier.com\/de\/wp-json\/wp\/v2\/users\/1"}],"replies":[{"embeddable":true,"href":"https:\/\/www.allgeier.com\/de\/wp-json\/wp\/v2\/comments?post=606"}],"version-history":[{"count":0,"href":"https:\/\/www.allgeier.com\/de\/wp-json\/wp\/v2\/pages\/606\/revisions"}],"up":[{"embeddable":true,"href":"https:\/\/www.allgeier.com\/de\/wp-json\/wp\/v2\/pages\/558"}],"wp:attachment":[{"href":"https:\/\/www.allgeier.com\/de\/wp-json\/wp\/v2\/media?parent=606"}],"wp:term":[{"taxonomy":"category","embeddable":true,"href":"https:\/\/www.allgeier.com\/de\/wp-json\/wp\/v2\/categories?post=606"},{"taxonomy":"post_tag","embeddable":true,"href":"https:\/\/www.allgeier.com\/de\/wp-json\/wp\/v2\/tags?post=606"}],"curies":[{"name":"wp","href":"https:\/\/api.w.org\/{rel}","templated":true}]}}