{"id":6290,"date":"2025-03-11T07:51:27","date_gmt":"2025-03-11T07:51:27","guid":{"rendered":"https:\/\/www.allgeier.com\/de\/pressroom\/news\/es-11032025\/"},"modified":"2025-03-11T07:51:27","modified_gmt":"2025-03-11T07:51:27","slug":"es-11032025","status":"publish","type":"page","link":"https:\/\/www.allgeier.com\/de\/pressroom\/news\/es-11032025\/","title":{"rendered":"es-11032025"},"content":{"rendered":"<table class=\"news_layout style2015\" border=\"0\" cellpadding=\"0\" cellspacing=\"0\">\n<tr>\n<td>\n<p class=\"news_top\">EQS-News: ALLGEIER SE \/ Schlagwort(e): Stellungnahme<br \/>Allgeier SE: Klarstellung zum Pr\u00fcfungsergebnis der BaFin <br \/><span class=\"news_top_date\">11.03.2025 \/ 08:51 CET\/CEST<\/span><br \/>F\u00fcr den Inhalt der Mitteilung ist der Emittent \/ Herausgeber verantwortlich.<\/p>\n<div class=\"break-word news_main\">\n<p><i>M\u00fcnchen, 11.03.2025<\/i> \u2013 Die Bundesanstalt f\u00fcr Finanzdienstleistungsaufsicht (BaFin) hat am gestrigen Tag das Ergebnis ihrer am 12. Juli 2022 angek\u00fcndigten Pr\u00fcfung betreffend den Konzernabschluss der Allgeier SE (ISIN DE000A2GS633, WKN A2GS63) zum 31. Dezember 2020 ver\u00f6ffentlicht. Der Vorstand der Allgeier SE m\u00f6chte dazu folgendes erl\u00e4utern und klarstellen:<\/p>\n<p style=\"text-align:justify\">Die von der BaFin ver\u00f6ffentlichten Feststellungen betreffen ausschlie\u00dflich Fragen des Ausweises der am 15. Dezember 2020 wirksam erfolgten Abspaltung der Nagarro SE im Konzernabschluss der Allgeier SE gem\u00e4\u00df der in der Ver\u00f6ffentlichung angesprochenen IFRS-Normen. Keine der Feststellungen betrifft die Einzelabschl\u00fcsse der beteiligten Gesellschaften. Damit haben die Feststellungen keine Relevanz f\u00fcr die Ermittlung der im auf die Vorg\u00e4nge im Zusammenhang mit der Abspaltung entfallenden Steuern und die Liquidit\u00e4t des Konzerns.<\/p>\n<p style=\"text-align:justify\">Die ver\u00f6ffentlichten Feststellungen betreffen lediglich den Ausweis der Gesamtergebnisrechnung f\u00fcr das aufgegebene Gesch\u00e4ft im Konzernabschluss zum 31. Dezember 2020. Sie haben keine Auswirkungen auf den Ausweis des fortgef\u00fchrten Gesch\u00e4fts des Allgeier-Konzerns zum 31. Dezember 2020. Damit haben die Feststellungen auch keine Auswirkung auf die Konzernabschl\u00fcsse der Allgeier SE f\u00fcr die Folgejahre ab 2021. Die Feststellungen haben auch keine Auswirkung auf die Abschl\u00fcsse der Nagarro SE zum 31. Dezember 2020 oder danach. Die Wirksamkeit der Abspaltung, die mit der rechtsverbindlichen Eintragung im Handelsregister am 15. Dezember 2020 eingetreten ist, ist ebenfalls nicht ber\u00fchrt.<\/p>\n<p style=\"text-align:justify\">Zu den Feststellungen im Einzelnen ist folgendes anzumerken:<\/p>\n<ol type=\"1\">\n<li style=\"text-align:justify\">Angeblicher Ausweis eines zu niedrigen Ergebnisses in der IFRS-Gesamtergebnisrechnung<\/li>\n<\/ol>\n<p style=\"text-align:justify\">Die BaFin moniert, dass ein aus der Abspaltung entstehendes \u201eErgebnis aus abgespaltenem und ver\u00e4u\u00dfertem Gesch\u00e4ft in H\u00f6he von mindestens 199 Millionen Euro\u201c nicht im aufgegebenen Gesch\u00e4ft ausgewiesen wurde. Diese Annahme unterstellt sachlich, dass in der Bilanz aufgrund des Beschlusses der Hauptversammlung vom 24. September 2020 \u00fcber die Abspaltung zugleich eine Dividendenverbindlichkeit in H\u00f6he der Zeitwerte der abgespaltenen Verm\u00f6genswerte zu zeigen ist, die dann aufgrund der am 15. Dezember 2020 tats\u00e4chlich erfolgten Abspaltung ausgebucht werden kann. Das von der BaFin angesprochene Ergebnis aus der Abspaltung in H\u00f6he von \u201emindestens 199 Millionen Euro\u201c ist also durch die tats\u00e4chliche Durchf\u00fchrung der Abspaltung am 15. Dezember 2020 entstanden, da mit der Durchf\u00fchrung der Abspaltung die zuvor zu bildende Verbindlichkeit f\u00fcr die beschlossene Aussch\u00fcttung beglichen wurde. Der Buchgewinn entsteht also durch die Aussch\u00fcttung selbst und die damit bewirkte \u201eErf\u00fcllung\u201c der Aussch\u00fcttungsverbindlichkeit. Die BaFin setzt damit die Abspaltung der Aussch\u00fcttung einer Sachdividende gleich. Die Bildung der Aussch\u00fcttungsverbindlichkeit in H\u00f6he von mindestens 199 Mio. Euro und ihre Kompensation durch die tats\u00e4chlich erfolgte Aussch\u00fcttung in gleicher H\u00f6he bewirkt in der Bilanz eine Saldierung der beiden Positionen. Der im Konzernabschluss zum 31. Dezember 2020 erfolgte Bilanzausweis ist damit zutreffend und zeigt das zutreffende Bild der Verm\u00f6gens- und Finanzlage des Allgeier-Konzerns zum 31. Dezember 2020. Die Bafin moniert letztlich, dass nicht die Aussch\u00fcttungsverbindlichkeit und das zu ihrer Kompensation f\u00fchrende Ergebnis aus der Durchf\u00fchrung der Abspaltung jeweils einzeln ausgewiesen wurden, sondern die Darstellung in saldierter Form erfolgt ist. Festzuhalten ist, dass unabh\u00e4ngig vom IFRS-Ausweis mit der Abspaltung die gesamte Nagarro-Gruppe wirksam aus dem Allgeier-Konzern ausgeschieden und in die Aktiendepots der Aktion\u00e4re \u00fcbergegangen ist. In der Allgeier-Gruppe waren nach Durchf\u00fchrung der Abspaltung lediglich ein Teil der Transaktionskosten verblieben.<\/p>\n<ol start=\"2\" type=\"1\">\n<li style=\"text-align:justify\">Ausweis der Abschreibungen und Wertminderungen nach IFRS<\/li>\n<\/ol>\n<p style=\"text-align:justify\">Die BaFin moniert ferner, dass die planm\u00e4\u00dfige Abschreibung der langfristigen Verm\u00f6genswerte der zur Abspaltung vorgesehenen Nagarro-Gruppe bis zum Tag des zivilrechtlichen Wirksamwerdens der Abspaltung, also den 15. Dezember 2020, erfolgte. Die Abschreibungen h\u00e4tten in der IFRS-Darstellung aber nur bis zu dem Tag ber\u00fccksichtigt werden d\u00fcrfen, an dem die Verm\u00f6genswerte zur sofortigen Aussch\u00fcttung verf\u00fcgbar waren und die Aussch\u00fcttung h\u00f6chstwahrscheinlich war. Dieser Tag soll nach Auffassung der BaFin bereits der Tag der Hauptversammlung vom 24. September 2020 gewesen sein und nicht wie von der Allgeier SE angenommen der Tag der Abspaltung am 15. Dezember 2020. Der Ausweis der planm\u00e4\u00dfigen Abschreibungen auf das Anlageverm\u00f6gen der Nagarro-Gruppe im aufgegebenen Gesch\u00e4ft h\u00e4ngt davon ab, ab wann man die Durchf\u00fchrung der Abspaltung als wahrscheinlich ansah. Dies war nach Ansicht der Allgeier SE noch nicht mit der Hauptversammlung am 24. September 2020 der Fall. Immerhin gab es Einspr\u00fcche zu Protokoll, es musste f\u00fcr das k\u00fcnftige Listing der Nagarro SE innerhalb enger Zeitfenster ein B\u00f6rsenprospekt geschrieben und genehmigt werden und nicht zuletzt handelte es sich um das erste Corona-Jahr mit hohen Unsicherheiten. Es gab eine nicht geringe Wahrscheinlichkeit, dass die Abspaltung im Jahr 2020 nicht mehr h\u00e4tte stattfinden k\u00f6nnen. Daher hat die Allgeier SE erst mit der zur Wirksamkeit erforderlichen Eintragung ins Handelsregister die Wahrscheinlichkeit als ausreichend hoch angesehen und entsprechend folgerichtig bilanziert. W\u00e4ren die Abschreibungen auf das Verm\u00f6gen der Nagarro-Gruppe nur bis zum 24. September 2020 erfolgt, so w\u00e4re das im aufgegebenen Gesch\u00e4ft gem\u00e4\u00df IFRS gezeigte Ergebnis der Nagarro-Gruppe um 4,9 Mio. Euro h\u00f6her gewesen. In jedem Fall w\u00e4re im aufgegebenen Gesch\u00e4ft nur ein zeitanteiliges Ergebnis bis zur tats\u00e4chlich erfolgten Abspaltung gezeigt worden. Der IFRS-Ausweis in der Konzerngesamtergebnisrechnung der Allgeier SE f\u00fcr das Gesch\u00e4ftsjahr 2020 hat keine Auswirkungen auf das tats\u00e4chliche Ergebnis oder Verm\u00f6gen des Nagarro-Konzerns und auch keine Auswirkungen auf das fortgef\u00fchrte Gesch\u00e4ft des Allgeier-Konzerns und die Konzernabschl\u00fcsse nach dem 31. Dezember 2020. Steuerlich ist der IFRS-Ausweis im Konzernabschluss ohnehin nicht relevant.<\/p>\n<ol start=\"3\" type=\"1\">\n<li style=\"text-align:justify\">Gesamtergebnis der Periode<\/li>\n<\/ol>\n<p style=\"text-align:justify\">Die BaFin r\u00fcgt schlie\u00dflich, dass das Gesamtergebnis der Periode im Konzernabschluss 2020 um 14,478 Mio. Euro zu niedrig ausgewiesen wurde. Hierbei bezieht sich die BaFin auf zwei Angaben, die unterhalb der Gewinn- und Verlustrechnung gemacht wurden. Tats\u00e4chlich wurden an dieser Stelle im Konzernabschluss f\u00fcr umklassifizierte versicherungsmathematische Gewinne ein Betrag von -1,6 Mio. Euro und f\u00fcr W\u00e4hrungsdifferenzen ein Betrag von -5,6 Mio. Euro ausgewiesen. Bei beiden Betr\u00e4gen ist in der Darstellung ein Vorzeichenfehler unterlaufen. Die richtige Darstellung w\u00e4re ein Betrag von +1,6 Mio. Euro f\u00fcr die versicherungsmathematischen Gewinne und ein Betrag von +5,6 Mio. Euro f\u00fcr die W\u00e4hrungsdifferenzen gewesen. Die Differenz betr\u00e4gt in Summe 14,478 Mio. Euro. Es handelt sich um einen f\u00e4lschlich unzutreffenden Ausweis gem\u00e4\u00df den IFRS-Normen. Dieser betrifft nur die Darstellung des aufgegebenen Gesch\u00e4fts in der Gesamtergebnisrechnung. In der Konzernbilanz wurden die korrekten Vorzeichen ber\u00fccksichtigt, so dass diese von dem Fehler nicht betroffen ist. Der Ausweis hat ferner keine Auswirkungen auf das fortgef\u00fchrte Gesch\u00e4ft des Allgeier-Konzerns und auch keine Auswirkungen auf die Konzernabschl\u00fcsse der Allgeier SE ab 2021.<\/p>\n<p style=\"text-align:justify\">Insgesamt ist festzustellen, dass ein Vorzeichenfehler bei der Darstellung im aufgegebenen Gesch\u00e4ft wie vorstehend beschrieben unterlaufen ist. Diese Darstellung gem\u00e4\u00df IFRS-Normen betraf ausschlie\u00dflich das aufgegebene Gesch\u00e4ft in der Konzerngesamtergebnisrechnung. Das nach Auffassung der BaFin im aufgegebenen Gesch\u00e4ft zu zeigende Ergebnis von mindestens 199 Mio. Euro ist von einer entsprechenden Aussch\u00fcttungsverbindlichkeit in der Konzernbilanz kompensiert worden. Es handelt sich also wie auch bei der Frage des relevanten Stichtags f\u00fcr die Festlegung der Abschreibungen im aufgegebenen Gesch\u00e4ft um eine reine IFRS-Ausweisfrage. Ein tats\u00e4chlicher substanzieller Gewinn war nach der Durchf\u00fchrung der Abspaltung im Allgeier-Konzern nicht verblieben, da die Abspaltung zu einer vollst\u00e4ndigen Verlagerung des Verm\u00f6gens und des Wertes der Nagarro-Gruppe in die Depots der Aktion\u00e4re gef\u00fchrt hat. Jedenfalls ist festzuhalten, dass das fortgef\u00fchrte Gesch\u00e4ft der Allgeier SE und die Konzernabschl\u00fcsse f\u00fcr die Folgejahre nicht von den IFRS-Ausweisfragen betroffen sind. Auch die Wirksamkeit der Abspaltung und die Konzernabschl\u00fcsse der Nagarro SE stehen nicht in Frage. Steuerlich haben diese IFRS-Ausweisthemen keine Relevanz.<\/p>\n<p>Kontakt:<\/p>\n<p>Allgeier SE<br \/>Investor Relations<br \/>Dr. Christopher Gro\u00dfe<br \/>Einsteinstra\u00dfe 172<br \/>81677 M\u00fcnchen<br \/>Tel.: +49 (0)89\/998421-0<br \/>Fax: +49 (0)89\/998421-11<br \/>E-Mail: ir@allgeier.com<br \/>Web: www.allgeier.com<\/p>\n<p style=\"text-align:justify\">Allgeier SE ist ein Technologie-Unternehmen f\u00fcr digitale Transformation. Die zur Allgeier-Gruppe geh\u00f6renden Unternehmen f\u00fchren ihre Kunden im In- und Ausland mit den umfassenden Software- und IT-Services durch die Herausforderungen des digitalen Wandels und unterst\u00fctzen die Digitalisierung und Transformation gesch\u00e4ftskritischer Prozesse. Die mit \u00fcber 2.000 Kunden breite und stabile Kundenbasis besteht aus global agierenden Konzernen, leistungsstarken mittelst\u00e4ndischen Unternehmen sowie Auftraggebern des \u00f6ffentlichen Sektors auf allen f\u00f6deralen Ebenen. Das Leistungsportfolio reicht von den eigenen Software-Produkten und High-End-Softwareentwicklung \u00fcber die Beratung und Konzeption bis hin zur langfristigen Betreuung von Softwareanwendungen in der Cloud oder anderen Umgebungen. In den beiden Konzernsegmenten Enterprise IT und mgm technology partners sind \u00fcber 3.100 Mitarbeiter an weltweit insgesamt 48 Standorten in der DACH-Region, in Frankreich, Spanien, Portugal, Polen, Tschechien und den Niederlanden sowie in Indien, Vietnam, Kanada und den USA t\u00e4tig. Im Gesch\u00e4ftsjahr 2023 erzielte Allgeier im Gesamt-Konzern einen Umsatz von 489 Mio. Euro. Gem\u00e4\u00df L\u00fcnendonk\u00ae-Liste 2024 z\u00e4hlt Allgeier zu den f\u00fchrenden IT-Service-Unternehmen in Deutschland. Allgeier SE ist am Regulierten Markt der Frankfurter Wertpapierb\u00f6rse im General Standard gelistet (WKN A2GS63, ISIN DE000A2GS633). Weitere Informationen unter: <a href='https:\/\/eqs-cockpit.com\/cgi-bin\/fncls.ssp?fn=redirect&amp;url=fba671096fad4fab9ee591bdc0d038d4&amp;application_id=2098446&amp;site_id=news_data&amp;application_name=news'>www.allgeier.com<\/a><\/p>\n<\/div>\n<p><\/p>\n<hr \/>\n<p class=\"news_bottom\">11.03.2025 CET\/CEST Ver\u00f6ffentlichung einer Corporate News\/Finanznachricht, \u00fcbermittelt durch EQS News &#8211; ein Service der EQS Group.<br \/>F\u00fcr den Inhalt der Mitteilung ist der Emittent \/ Herausgeber verantwortlich.<\/p>\n<p>Die EQS Distributionsservices umfassen gesetzliche Meldepflichten, Corporate News\/Finanznachrichten und Pressemitteilungen.<br \/>Medienarchiv unter https:\/\/eqs-news.com<\/p>\n<hr \/>\n<\/td>\n<\/tr>\n<\/table>\n<table class=\"news_footer_layout\" cellpadding=\"0\" cellspacing=\"0\">\n<tr>\n<td align=\"left\" valign=\"top\" class=\"first_column column_1\" nowrap>Sprache:<\/td>\n<td align=\"left\" valign=\"top\" class=\"column_2\">Deutsch<\/td>\n<\/tr>\n<tr>\n<td align=\"left\" valign=\"top\" class=\"column_1\" nowrap>Unternehmen:<\/td>\n<td align=\"left\" valign=\"top\" class=\"column_2\">ALLGEIER SE<\/td>\n<\/tr>\n<tr>\n<td align=\"left\" valign=\"top\" class=\"column_1\"><\/td>\n<td align=\"left\" valign=\"top\" class=\"column_2\">Einsteinstra\u00dfe 172<\/td>\n<\/tr>\n<tr>\n<td align=\"left\" valign=\"top\" class=\"column_1\"><\/td>\n<td align=\"left\" valign=\"top\" class=\"column_2\">81677 M\u00fcnchen<\/td>\n<\/tr>\n<tr>\n<td align=\"left\" valign=\"top\" class=\"column_1\"><\/td>\n<td align=\"left\" valign=\"top\" class=\"column_2\">Deutschland<\/td>\n<\/tr>\n<tr>\n<td align=\"left\" valign=\"top\" class=\"column_1\" nowrap>Telefon:<\/td>\n<td align=\"left\" valign=\"top\" class=\"column_2\">+49 (0) 89 &#8211; 99 84 21 0<\/td>\n<\/tr>\n<tr>\n<td align=\"left\" valign=\"top\" class=\"column_1\" nowrap>Fax:<\/td>\n<td align=\"left\" valign=\"top\" class=\"column_2\">+49 (0) 89 &#8211; 99 84 21 11<\/td>\n<\/tr>\n<tr>\n<td align=\"left\" valign=\"top\" class=\"column_1\" nowrap>E-Mail:<\/td>\n<td align=\"left\" valign=\"top\" class=\"column_2\">info@allgeier.com<\/td>\n<\/tr>\n<tr>\n<td align=\"left\" valign=\"top\" class=\"column_1\" nowrap>Internet:<\/td>\n<td align=\"left\" valign=\"top\" class=\"column_2\">http:\/\/www.allgeier.com<\/td>\n<\/tr>\n<tr>\n<td align=\"left\" valign=\"top\" class=\"column_1\" nowrap>ISIN:<\/td>\n<td align=\"left\" valign=\"top\" class=\"column_2\">DE000A2GS633<\/td>\n<\/tr>\n<tr>\n<td align=\"left\" valign=\"top\" class=\"column_1\" nowrap>WKN:<\/td>\n<td align=\"left\" valign=\"top\" class=\"column_2\">A2GS63<\/td>\n<\/tr>\n<tr>\n<td align=\"left\" valign=\"top\" class=\"column_1\" nowrap>Indizes:<\/td>\n<td align=\"left\" valign=\"top\" class=\"column_2\">CDAX<\/td>\n<\/tr>\n<tr>\n<td align=\"left\" valign=\"top\" class=\"column_1\">B\u00f6rsen:<\/td>\n<td align=\"left\" valign=\"top\" class=\"column_2\">Regulierter Markt in Frankfurt (General Standard); Freiverkehr in Berlin, D\u00fcsseldorf, Hamburg, Stuttgart, Tradegate Exchange<\/td>\n<\/tr>\n<tr>\n<td align=\"left\" valign=\"top\" class=\"column_1\" nowrap>EQS News ID:<\/td>\n<td align=\"left\" valign=\"top\" class=\"column_2\">2098446<\/td>\n<\/tr>\n<\/table>\n<p><\/p>\n<table class=\"news_footer_layout\" border=\"0\" cellpadding=\"0\" cellspacing=\"0\">\n<tr>\n<td align=\"left\" valign=\"top\" colspan=\"2\"><\/td>\n<\/tr>\n<\/table>\n<table class=\"news_layout news_layout_footer_end\" border=\"0\" cellpadding=\"0\" cellspacing=\"0\">\n<tr>\n<td align=\"left\" valign=\"top\" colspan=\"2\">&nbsp;<\/td>\n<\/tr>\n<tr>\n<td align=\"left\" valign=\"top\" class=\"column_1\">Ende der Mitteilung<\/td>\n<td align=\"left\" valign=\"top\" class=\"column_2\">EQS News-Service<\/td>\n<\/tr>\n<\/table>\n<p class=\"\">\n<p><img loading=\"lazy\" decoding=\"async\" src=\"https:\/\/eqs-cockpit.com\/cgi-bin\/fncls.ssp?fn=show_t_gif&amp;application_id=2098446&amp;application_name=news&amp;site_id=news_data\" alt=\"show this\" width=\"0\" height=\"0\" border=\"0\" \/><\/p>\n","protected":false},"excerpt":{"rendered":"<p>EQS-News: ALLGEIER SE \/ Schlagwort(e): StellungnahmeAllgeier SE: Klarstellung zum Pr\u00fcfungsergebnis der BaFin 11.03.2025 \/ 08:51 CET\/CESTF\u00fcr den Inhalt der Mitteilung ist der Emittent \/ Herausgeber verantwortlich. M\u00fcnchen, 11.03.2025 \u2013 Die Bundesanstalt f\u00fcr Finanzdienstleistungsaufsicht (BaFin) hat am gestrigen Tag das Ergebnis ihrer am 12. Juli 2022 angek\u00fcndigten Pr\u00fcfung betreffend den Konzernabschluss der Allgeier SE (ISIN DE000A2GS633, &hellip; <\/p>\n","protected":false},"author":1,"featured_media":0,"parent":1171,"menu_order":0,"comment_status":"closed","ping_status":"closed","template":"","meta":{"_acf_changed":false,"footnotes":""},"categories":[],"tags":[],"class_list":["post-6290","page","type-page","status-publish","hentry"],"acf":[],"yoast_head":"<!-- This site is optimized with the Yoast SEO plugin v27.3 - https:\/\/yoast.com\/product\/yoast-seo-wordpress\/ -->\n<title>es-11032025 - Allgeier SE<\/title>\n<meta name=\"robots\" content=\"index, follow, max-snippet:-1, max-image-preview:large, max-video-preview:-1\" \/>\n<link rel=\"canonical\" href=\"https:\/\/www.allgeier.com\/de\/pressroom\/news\/es-11032025\/\" \/>\n<meta property=\"og:locale\" content=\"de_DE\" \/>\n<meta property=\"og:type\" content=\"article\" \/>\n<meta property=\"og:title\" content=\"es-11032025 - Allgeier SE\" \/>\n<meta property=\"og:description\" content=\"EQS-News: ALLGEIER SE \/ Schlagwort(e): StellungnahmeAllgeier SE: Klarstellung zum Pr\u00fcfungsergebnis der BaFin 11.03.2025 \/ 08:51 CET\/CESTF\u00fcr den Inhalt der Mitteilung ist der Emittent \/ Herausgeber verantwortlich. M\u00fcnchen, 11.03.2025 \u2013 Die Bundesanstalt f\u00fcr Finanzdienstleistungsaufsicht (BaFin) hat am gestrigen Tag das Ergebnis ihrer am 12. Juli 2022 angek\u00fcndigten Pr\u00fcfung betreffend den Konzernabschluss der Allgeier SE (ISIN DE000A2GS633, &hellip;\" \/>\n<meta property=\"og:url\" content=\"https:\/\/www.allgeier.com\/de\/pressroom\/news\/es-11032025\/\" \/>\n<meta property=\"og:site_name\" content=\"Allgeier SE\" \/>\n<meta property=\"og:image\" content=\"https:\/\/eqs-cockpit.com\/cgi-bin\/fncls.ssp?fn=show_t_gif&amp;application_id=2098446&amp;application_name=news&amp;site_id=news_data\" \/>\n<meta name=\"twitter:card\" content=\"summary_large_image\" \/>\n<meta name=\"twitter:label1\" content=\"Gesch\u00e4tzte Lesezeit\" \/>\n\t<meta name=\"twitter:data1\" content=\"8\u00a0Minuten\" \/>\n<script type=\"application\/ld+json\" class=\"yoast-schema-graph\">{\"@context\":\"https:\\\/\\\/schema.org\",\"@graph\":[{\"@type\":\"WebPage\",\"@id\":\"https:\\\/\\\/www.allgeier.com\\\/de\\\/pressroom\\\/news\\\/es-11032025\\\/\",\"url\":\"https:\\\/\\\/www.allgeier.com\\\/de\\\/pressroom\\\/news\\\/es-11032025\\\/\",\"name\":\"es-11032025 - Allgeier SE\",\"isPartOf\":{\"@id\":\"https:\\\/\\\/www.allgeier.com\\\/de\\\/#website\"},\"primaryImageOfPage\":{\"@id\":\"https:\\\/\\\/www.allgeier.com\\\/de\\\/pressroom\\\/news\\\/es-11032025\\\/#primaryimage\"},\"image\":{\"@id\":\"https:\\\/\\\/www.allgeier.com\\\/de\\\/pressroom\\\/news\\\/es-11032025\\\/#primaryimage\"},\"thumbnailUrl\":\"https:\\\/\\\/eqs-cockpit.com\\\/cgi-bin\\\/fncls.ssp?fn=show_t_gif&amp;application_id=2098446&amp;application_name=news&amp;site_id=news_data\",\"datePublished\":\"2025-03-11T07:51:27+00:00\",\"breadcrumb\":{\"@id\":\"https:\\\/\\\/www.allgeier.com\\\/de\\\/pressroom\\\/news\\\/es-11032025\\\/#breadcrumb\"},\"inLanguage\":\"de\",\"potentialAction\":[{\"@type\":\"ReadAction\",\"target\":[\"https:\\\/\\\/www.allgeier.com\\\/de\\\/pressroom\\\/news\\\/es-11032025\\\/\"]}]},{\"@type\":\"ImageObject\",\"inLanguage\":\"de\",\"@id\":\"https:\\\/\\\/www.allgeier.com\\\/de\\\/pressroom\\\/news\\\/es-11032025\\\/#primaryimage\",\"url\":\"https:\\\/\\\/eqs-cockpit.com\\\/cgi-bin\\\/fncls.ssp?fn=show_t_gif&amp;application_id=2098446&amp;application_name=news&amp;site_id=news_data\",\"contentUrl\":\"https:\\\/\\\/eqs-cockpit.com\\\/cgi-bin\\\/fncls.ssp?fn=show_t_gif&amp;application_id=2098446&amp;application_name=news&amp;site_id=news_data\"},{\"@type\":\"BreadcrumbList\",\"@id\":\"https:\\\/\\\/www.allgeier.com\\\/de\\\/pressroom\\\/news\\\/es-11032025\\\/#breadcrumb\",\"itemListElement\":[{\"@type\":\"ListItem\",\"position\":1,\"name\":\"Home\",\"item\":\"https:\\\/\\\/www.allgeier.com\\\/de\\\/\"},{\"@type\":\"ListItem\",\"position\":2,\"name\":\"Presse\",\"item\":\"https:\\\/\\\/www.allgeier.com\\\/de\\\/pressroom\\\/\"},{\"@type\":\"ListItem\",\"position\":3,\"name\":\"News\",\"item\":\"https:\\\/\\\/www.allgeier.com\\\/de\\\/pressroom\\\/news\\\/\"},{\"@type\":\"ListItem\",\"position\":4,\"name\":\"es-11032025\"}]},{\"@type\":\"WebSite\",\"@id\":\"https:\\\/\\\/www.allgeier.com\\\/de\\\/#website\",\"url\":\"https:\\\/\\\/www.allgeier.com\\\/de\\\/\",\"name\":\"Allgeier SE\",\"description\":\"Software &amp; IT Services for digital transformation\",\"potentialAction\":[{\"@type\":\"SearchAction\",\"target\":{\"@type\":\"EntryPoint\",\"urlTemplate\":\"https:\\\/\\\/www.allgeier.com\\\/de\\\/?s={search_term_string}\"},\"query-input\":{\"@type\":\"PropertyValueSpecification\",\"valueRequired\":true,\"valueName\":\"search_term_string\"}}],\"inLanguage\":\"de\"}]}<\/script>\n<!-- \/ Yoast SEO plugin. -->","yoast_head_json":{"title":"es-11032025 - Allgeier SE","robots":{"index":"index","follow":"follow","max-snippet":"max-snippet:-1","max-image-preview":"max-image-preview:large","max-video-preview":"max-video-preview:-1"},"canonical":"https:\/\/www.allgeier.com\/de\/pressroom\/news\/es-11032025\/","og_locale":"de_DE","og_type":"article","og_title":"es-11032025 - Allgeier SE","og_description":"EQS-News: ALLGEIER SE \/ Schlagwort(e): StellungnahmeAllgeier SE: Klarstellung zum Pr\u00fcfungsergebnis der BaFin 11.03.2025 \/ 08:51 CET\/CESTF\u00fcr den Inhalt der Mitteilung ist der Emittent \/ Herausgeber verantwortlich. M\u00fcnchen, 11.03.2025 \u2013 Die Bundesanstalt f\u00fcr Finanzdienstleistungsaufsicht (BaFin) hat am gestrigen Tag das Ergebnis ihrer am 12. Juli 2022 angek\u00fcndigten Pr\u00fcfung betreffend den Konzernabschluss der Allgeier SE (ISIN DE000A2GS633, &hellip;","og_url":"https:\/\/www.allgeier.com\/de\/pressroom\/news\/es-11032025\/","og_site_name":"Allgeier SE","og_image":[{"url":"https:\/\/eqs-cockpit.com\/cgi-bin\/fncls.ssp?fn=show_t_gif&amp;application_id=2098446&amp;application_name=news&amp;site_id=news_data","type":"","width":"","height":""}],"twitter_card":"summary_large_image","twitter_misc":{"Gesch\u00e4tzte Lesezeit":"8\u00a0Minuten"},"schema":{"@context":"https:\/\/schema.org","@graph":[{"@type":"WebPage","@id":"https:\/\/www.allgeier.com\/de\/pressroom\/news\/es-11032025\/","url":"https:\/\/www.allgeier.com\/de\/pressroom\/news\/es-11032025\/","name":"es-11032025 - Allgeier SE","isPartOf":{"@id":"https:\/\/www.allgeier.com\/de\/#website"},"primaryImageOfPage":{"@id":"https:\/\/www.allgeier.com\/de\/pressroom\/news\/es-11032025\/#primaryimage"},"image":{"@id":"https:\/\/www.allgeier.com\/de\/pressroom\/news\/es-11032025\/#primaryimage"},"thumbnailUrl":"https:\/\/eqs-cockpit.com\/cgi-bin\/fncls.ssp?fn=show_t_gif&amp;application_id=2098446&amp;application_name=news&amp;site_id=news_data","datePublished":"2025-03-11T07:51:27+00:00","breadcrumb":{"@id":"https:\/\/www.allgeier.com\/de\/pressroom\/news\/es-11032025\/#breadcrumb"},"inLanguage":"de","potentialAction":[{"@type":"ReadAction","target":["https:\/\/www.allgeier.com\/de\/pressroom\/news\/es-11032025\/"]}]},{"@type":"ImageObject","inLanguage":"de","@id":"https:\/\/www.allgeier.com\/de\/pressroom\/news\/es-11032025\/#primaryimage","url":"https:\/\/eqs-cockpit.com\/cgi-bin\/fncls.ssp?fn=show_t_gif&amp;application_id=2098446&amp;application_name=news&amp;site_id=news_data","contentUrl":"https:\/\/eqs-cockpit.com\/cgi-bin\/fncls.ssp?fn=show_t_gif&amp;application_id=2098446&amp;application_name=news&amp;site_id=news_data"},{"@type":"BreadcrumbList","@id":"https:\/\/www.allgeier.com\/de\/pressroom\/news\/es-11032025\/#breadcrumb","itemListElement":[{"@type":"ListItem","position":1,"name":"Home","item":"https:\/\/www.allgeier.com\/de\/"},{"@type":"ListItem","position":2,"name":"Presse","item":"https:\/\/www.allgeier.com\/de\/pressroom\/"},{"@type":"ListItem","position":3,"name":"News","item":"https:\/\/www.allgeier.com\/de\/pressroom\/news\/"},{"@type":"ListItem","position":4,"name":"es-11032025"}]},{"@type":"WebSite","@id":"https:\/\/www.allgeier.com\/de\/#website","url":"https:\/\/www.allgeier.com\/de\/","name":"Allgeier SE","description":"Software &amp; IT Services for digital transformation","potentialAction":[{"@type":"SearchAction","target":{"@type":"EntryPoint","urlTemplate":"https:\/\/www.allgeier.com\/de\/?s={search_term_string}"},"query-input":{"@type":"PropertyValueSpecification","valueRequired":true,"valueName":"search_term_string"}}],"inLanguage":"de"}]}},"_links":{"self":[{"href":"https:\/\/www.allgeier.com\/de\/wp-json\/wp\/v2\/pages\/6290","targetHints":{"allow":["GET"]}}],"collection":[{"href":"https:\/\/www.allgeier.com\/de\/wp-json\/wp\/v2\/pages"}],"about":[{"href":"https:\/\/www.allgeier.com\/de\/wp-json\/wp\/v2\/types\/page"}],"author":[{"embeddable":true,"href":"https:\/\/www.allgeier.com\/de\/wp-json\/wp\/v2\/users\/1"}],"replies":[{"embeddable":true,"href":"https:\/\/www.allgeier.com\/de\/wp-json\/wp\/v2\/comments?post=6290"}],"version-history":[{"count":0,"href":"https:\/\/www.allgeier.com\/de\/wp-json\/wp\/v2\/pages\/6290\/revisions"}],"up":[{"embeddable":true,"href":"https:\/\/www.allgeier.com\/de\/wp-json\/wp\/v2\/pages\/1171"}],"wp:attachment":[{"href":"https:\/\/www.allgeier.com\/de\/wp-json\/wp\/v2\/media?parent=6290"}],"wp:term":[{"taxonomy":"category","embeddable":true,"href":"https:\/\/www.allgeier.com\/de\/wp-json\/wp\/v2\/categories?post=6290"},{"taxonomy":"post_tag","embeddable":true,"href":"https:\/\/www.allgeier.com\/de\/wp-json\/wp\/v2\/tags?post=6290"}],"curies":[{"name":"wp","href":"https:\/\/api.w.org\/{rel}","templated":true}]}}