{"id":6304,"date":"2025-04-30T14:59:25","date_gmt":"2025-04-30T14:59:25","guid":{"rendered":"https:\/\/www.allgeier.com\/de\/investor-relations\/adhoc-announcements\/es-30042025\/"},"modified":"2025-04-30T14:59:25","modified_gmt":"2025-04-30T14:59:25","slug":"es-30042025","status":"publish","type":"page","link":"https:\/\/www.allgeier.com\/de\/investor-relations\/adhoc-announcements\/es-30042025\/","title":{"rendered":"es-30042025"},"content":{"rendered":"<table class=\"news_layout style2015\" border=\"0\" cellpadding=\"0\" cellspacing=\"0\">\n<tr>\n<td>\n<p class=\"news_top\">ALLGEIER SE \/ Schlagwort(e): Quartalsergebnis\/Vorl\u00e4ufiges Ergebnis<br \/>Allgeier SE erreicht Ergebnisziel im ersten Quartal 2025 und best\u00e4tigt Guidance<\/p>\n<p><span class=\"news_top_date\">30.04.2025 \/ 16:59 CET\/CEST<\/span><br \/>Ver\u00f6ffentlichung einer Insiderinformation nach Artikel 17 der Verordnung (EU) Nr. 596\/2014, \u00fcbermittelt durch EQS News &#8211; ein Service der EQS Group.<br \/>F\u00fcr den Inhalt der Mitteilung ist der Emittent \/ Herausgeber verantwortlich.<\/p>\n<hr>\n<div class=\"break-word news_main\">\n<p><i>M\u00fcnchen, 30.04.2025<\/i>&nbsp;\u2013 Allgeier SE (ISIN DE000A2GS633, WKN A2GS63) erreicht im Wesentlichen ihre Planung f\u00fcr das erste Quartal 2025 (01. Januar 2025 \u2013 31. M\u00e4rz 2025) und erzielte gem\u00e4\u00df vorl\u00e4ufigen Zahlen im fortgef\u00fchrten Gesch\u00e4ft einen Umsatz von 96 Mio. Euro (Vorjahr: 99 Mio. Euro). Die Entwicklung im Vergleich zum ersten Quartal des Vorjahres war noch immer wesentlich durch die Sondersituation aufgrund der verz\u00f6gerten Durchf\u00fchrung von geplanten Digitalisierungsprojekten im \u00f6ffentlichen Sektor gepr\u00e4gt. Wir gehen vor dem Hintergrund der erwarteten Digitalisierungsbudgets, insbesondere auf Bundesebene, davon aus, dass sich diese Situation im zweiten Halbjahr sukzessive aufl\u00f6sen wird und die bereits gewonnenen Neuprojekte zur Umsetzung kommen. Die Wertsch\u00f6pfung des Allgeier-Konzerns (definiert als Gesamtleistung abz\u00fcglich der den Ums\u00e4tzen direkt zurechenbaren Umsatz- und Personalkosten) betrug in den ersten drei Monaten 2025 33 Mio. Euro (Vorjahr: 36 Mio. Euro). Daraus resultierte eine Wertsch\u00f6pfungsmarge von 34 Prozent (Vorjahr: 35 Prozent). Das bereinigte EBITDA (EBITDA vor Effekten, die betriebswirtschaftlich als au\u00dferordentlich oder periodenfremd qualifiziert werden) belief sich auf 10 Mio. Euro (Vorjahr: 10 Mio. Euro), entsprechend einer bereinigten EBITDA-Marge von 10&nbsp;Prozent (Vorjahr: 10&nbsp;Prozent). Das EBITDA des ersten Quartals 2025 lag bei 9 Mio. Euro (Vorjahr: 10 Mio. Euro), entsprechend einer EBITDA-Marge von 9&nbsp;Prozent (Vorjahr: 10 Prozent).<\/p>\n<p style=\"text-align:justify\">Eckdaten der Bilanz zum 31. M\u00e4rz 2025<\/p>\n<p style=\"text-align:justify\">Zum Bilanzstichtag 31. M\u00e4rz 2025 betrug das Konzern-Eigenkapital 192 Mio. Euro (31.&nbsp;Dezember&nbsp;2024:&nbsp;194 Mio. Euro). Dem Allgeier-Konzern standen zum Ende des ersten Quartals 2025 liquide Mittel in H\u00f6he von 40 Mio. Euro zur Verf\u00fcgung (31. Dezember 2024: 57 Mio. Euro). Die verzinslichen Finanzschulden (ohne Verbindlichkeiten aus Miet- und Leasingvertr\u00e4gen) reduzierten sich zum 31. M\u00e4rz 2025 auf 146 Mio. Euro (31. Dezember 2024: 149 Mio. Euro). Die Nettoverschuldung (inklusive der Verbindlichkeiten aus Miet- und Leasingvertr\u00e4gen) lag zum Ende des ersten Quartals bei 138 Mio. Euro (31. Dezember 2024: 128 Mio. Euro). Die Bilanzsumme betrug zum Stichtag 457 Mio. Euro (31. Dezember 2024: 471 Mio. Euro).<\/p>\n<p style=\"text-align:justify\">Ausblick<\/p>\n<p style=\"text-align:justify\">Die Allgeier SE best\u00e4tigt die Guidance f\u00fcr das Gesch\u00e4ftsjahr 2025, die in der Ad-hoc-Mitteilung vom 20. Dezember 2024 sowie im Gesch\u00e4ftsbericht 2024 ver\u00f6ffentlicht wurde.<\/p>\n<p style=\"text-align:justify\">Hinweise<\/p>\n<p style=\"text-align:justify\">Die Gesch\u00e4ftszahlen zum Ende des ersten Quartals 2025 werden im Einzelnen in der freiwilligen Zwischeninformation f\u00fcr den Allgeier-Konzern dargestellt, die am 15. Mai 2025 ver\u00f6ffentlicht wird.<\/p>\n<p style=\"text-align:justify\">Angaben in der Ergebnisrechnung f\u00fcr das Vorjahr beziehen sich auf das fortgef\u00fchrte Gesch\u00e4ft des Konzerns.<\/p>\n<p style=\"text-align:justify\">Kontakt:<\/p>\n<p>Allgeier SE<br \/>Investor Relations<br \/>Dr. Christopher Gro\u00dfe<br \/>Einsteinstra\u00dfe 172<br \/>81677 M\u00fcnchen<br \/>Tel.: +49 (0)89\/998421-0<br \/>Fax: +49 (0)89\/998421-11<br \/>E-Mail: ir@allgeier.com<br \/>Web: www.allgeier.com<\/p>\n<p style=\"text-align:justify\">Allgeier SE ist ein Technologie-Unternehmen f\u00fcr digitale Transformation. Die zur Allgeier-Gruppe geh\u00f6renden Unternehmen f\u00fchren ihre Kunden im In- und Ausland mit den umfassenden Software- und IT-Services durch die Herausforderungen des digitalen Wandels und unterst\u00fctzen die Digitalisierung und Transformation gesch\u00e4ftskritischer Prozesse. Die mit \u00fcber 2.500 Kunden breite und stabile Kundenbasis besteht aus global agierenden Konzernen, leistungsstarken mittelst\u00e4ndischen Unternehmen sowie Auftraggebern des \u00f6ffentlichen Sektors auf allen f\u00f6deralen Ebenen. Das Leistungsportfolio reicht von den eigenen Software-Produkten und High-End-Softwareentwicklung \u00fcber die Beratung und Konzeption bis hin zur langfristigen Betreuung von Softwareanwendungen in der Cloud oder anderen Umgebungen. In den beiden Konzernsegmenten Enterprise IT und mgm technology partners sind \u00fcber 3.100 Mitarbeiter an weltweit insgesamt 48 Standorten in der DACH-Region, in Frankreich, Spanien, Portugal, Polen, Tschechien und den Niederlanden sowie in Indien, Vietnam, den USA und Kanada t\u00e4tig. Im Gesch\u00e4ftsjahr 2024 erzielte Allgeier im fortgef\u00fchrten Gesch\u00e4ft einen Umsatz von 403 Mio. Euro. Gem\u00e4\u00df L\u00fcnendonk\u00ae-Liste 2024 z\u00e4hlt Allgeier zu den f\u00fchrenden IT-Service-Unternehmen in Deutschland. Allgeier SE ist am Regulierten Markt der Frankfurter Wertpapierb\u00f6rse im General Standard gelistet (WKN A2GS63, ISIN DE000A2GS633). Weitere Informationen unter: <a href='https:\/\/eqs-cockpit.com\/cgi-bin\/fncls.ssp?fn=redirect&amp;url=fba671096fad4fab9ee591bdc0d038d4&amp;application_id=2128244&amp;site_id=news_data&amp;application_name=news'>www.allgeier.com<\/a><\/p>\n<\/div>\n<p>Ende der Insiderinformation<\/p>\n<hr>\n<p class=\"news_bottom\">30.04.2025 CET\/CEST Die EQS Distributionsservices umfassen gesetzliche Meldepflichten, Corporate News\/Finanznachrichten und Pressemitteilungen.<br \/>Medienarchiv unter https:\/\/eqs-news.com<\/p>\n<hr>\n<\/td>\n<\/tr>\n<\/table>\n<table class=\"news_footer_layout\" cellpadding=\"0\" cellspacing=\"0\">\n<tr>\n<td align=\"left\" valign=\"top\" class=\"first_column column_1\" nowrap>Sprache:<\/td>\n<td align=\"left\" valign=\"top\" class=\"column_2\">Deutsch<\/td>\n<\/tr>\n<tr>\n<td align=\"left\" valign=\"top\" class=\"column_1\" nowrap>Unternehmen:<\/td>\n<td align=\"left\" valign=\"top\" class=\"column_2\">ALLGEIER SE<\/td>\n<\/tr>\n<tr>\n<td align=\"left\" valign=\"top\" class=\"column_1\"><\/td>\n<td align=\"left\" valign=\"top\" class=\"column_2\">Einsteinstra\u00dfe 172<\/td>\n<\/tr>\n<tr>\n<td align=\"left\" valign=\"top\" class=\"column_1\"><\/td>\n<td align=\"left\" valign=\"top\" class=\"column_2\">81677 M\u00fcnchen<\/td>\n<\/tr>\n<tr>\n<td align=\"left\" valign=\"top\" class=\"column_1\"><\/td>\n<td align=\"left\" valign=\"top\" class=\"column_2\">Deutschland<\/td>\n<\/tr>\n<tr>\n<td align=\"left\" valign=\"top\" class=\"column_1\" nowrap>Telefon:<\/td>\n<td align=\"left\" valign=\"top\" class=\"column_2\">+49 (0) 89 &#8211; 99 84 21 0<\/td>\n<\/tr>\n<tr>\n<td align=\"left\" valign=\"top\" class=\"column_1\" nowrap>Fax:<\/td>\n<td align=\"left\" valign=\"top\" class=\"column_2\">+49 (0) 89 &#8211; 99 84 21 11<\/td>\n<\/tr>\n<tr>\n<td align=\"left\" valign=\"top\" class=\"column_1\" nowrap>E-Mail:<\/td>\n<td align=\"left\" valign=\"top\" class=\"column_2\">info@allgeier.com<\/td>\n<\/tr>\n<tr>\n<td align=\"left\" valign=\"top\" class=\"column_1\" nowrap>Internet:<\/td>\n<td align=\"left\" valign=\"top\" class=\"column_2\">http:\/\/www.allgeier.com<\/td>\n<\/tr>\n<tr>\n<td align=\"left\" valign=\"top\" class=\"column_1\" nowrap>ISIN:<\/td>\n<td align=\"left\" valign=\"top\" class=\"column_2\">DE000A2GS633<\/td>\n<\/tr>\n<tr>\n<td align=\"left\" valign=\"top\" class=\"column_1\" nowrap>WKN:<\/td>\n<td align=\"left\" valign=\"top\" class=\"column_2\">A2GS63<\/td>\n<\/tr>\n<tr>\n<td align=\"left\" valign=\"top\" class=\"column_1\" nowrap>Indizes:<\/td>\n<td align=\"left\" valign=\"top\" class=\"column_2\">CDAX<\/td>\n<\/tr>\n<tr>\n<td align=\"left\" valign=\"top\" class=\"column_1\">B\u00f6rsen:<\/td>\n<td align=\"left\" valign=\"top\" class=\"column_2\">Regulierter Markt in Frankfurt (General Standard); Freiverkehr in Berlin, D\u00fcsseldorf, Hamburg, Stuttgart, Tradegate Exchange<\/td>\n<\/tr>\n<tr>\n<td align=\"left\" valign=\"top\" class=\"column_1\" nowrap>EQS News ID:<\/td>\n<td align=\"left\" valign=\"top\" class=\"column_2\">2128244<\/td>\n<\/tr>\n<\/table>\n<p><\/p>\n<table class=\"news_footer_layout\" border=\"0\" cellpadding=\"0\" cellspacing=\"0\">\n<tr>\n<td align=\"left\" valign=\"top\" colspan=\"2\"><\/td>\n<\/tr>\n<\/table>\n<table class=\"news_layout news_layout_footer_end\" border=\"0\" cellpadding=\"0\" cellspacing=\"0\">\n<tr>\n<td align=\"left\" valign=\"top\" colspan=\"2\">&nbsp;<\/td>\n<\/tr>\n<tr>\n<td align=\"left\" valign=\"top\" class=\"column_1\">Ende der Mitteilung<\/td>\n<td align=\"left\" valign=\"top\" class=\"column_2\">EQS News-Service<\/td>\n<\/tr>\n<\/table>\n<div>\n<p class=\"\">\n<\/div>\n<p><img loading=\"lazy\" decoding=\"async\" src=\"https:\/\/eqs-cockpit.com\/cgi-bin\/fncls.ssp?fn=show_t_gif&amp;application_id=2128244&amp;application_name=news&amp;site_id=news_data\" alt=\" \" width=\"0\" height=\"0\" border=\"0\" \/><\/p>\n","protected":false},"excerpt":{"rendered":"<p>ALLGEIER SE \/ Schlagwort(e): Quartalsergebnis\/Vorl\u00e4ufiges ErgebnisAllgeier SE erreicht Ergebnisziel im ersten Quartal 2025 und best\u00e4tigt Guidance 30.04.2025 \/ 16:59 CET\/CESTVer\u00f6ffentlichung einer Insiderinformation nach Artikel 17 der Verordnung (EU) Nr. 596\/2014, \u00fcbermittelt durch EQS News &#8211; ein Service der EQS Group.F\u00fcr den Inhalt der Mitteilung ist der Emittent \/ Herausgeber verantwortlich. M\u00fcnchen, 30.04.2025&nbsp;\u2013 Allgeier SE (ISIN &hellip; <\/p>\n","protected":false},"author":1,"featured_media":0,"parent":1155,"menu_order":0,"comment_status":"closed","ping_status":"closed","template":"","meta":{"_acf_changed":false,"footnotes":""},"categories":[],"tags":[],"class_list":["post-6304","page","type-page","status-publish","hentry"],"acf":[],"yoast_head":"<!-- This site is optimized with the Yoast SEO plugin v27.4 - https:\/\/yoast.com\/product\/yoast-seo-wordpress\/ -->\n<title>es-30042025 - Allgeier SE<\/title>\n<meta name=\"robots\" content=\"index, follow, max-snippet:-1, max-image-preview:large, max-video-preview:-1\" \/>\n<link rel=\"canonical\" href=\"https:\/\/www.allgeier.com\/de\/investor-relations\/adhoc-announcements\/es-30042025\/\" \/>\n<meta property=\"og:locale\" content=\"de_DE\" \/>\n<meta property=\"og:type\" content=\"article\" \/>\n<meta property=\"og:title\" content=\"es-30042025 - Allgeier SE\" \/>\n<meta property=\"og:description\" content=\"ALLGEIER SE \/ Schlagwort(e): Quartalsergebnis\/Vorl\u00e4ufiges ErgebnisAllgeier SE erreicht Ergebnisziel im ersten Quartal 2025 und best\u00e4tigt Guidance 30.04.2025 \/ 16:59 CET\/CESTVer\u00f6ffentlichung einer Insiderinformation nach Artikel 17 der Verordnung (EU) Nr. 596\/2014, \u00fcbermittelt durch EQS News &#8211; ein Service der EQS Group.F\u00fcr den Inhalt der Mitteilung ist der Emittent \/ Herausgeber verantwortlich. M\u00fcnchen, 30.04.2025&nbsp;\u2013 Allgeier SE (ISIN &hellip;\" \/>\n<meta property=\"og:url\" content=\"https:\/\/www.allgeier.com\/de\/investor-relations\/adhoc-announcements\/es-30042025\/\" \/>\n<meta property=\"og:site_name\" content=\"Allgeier SE\" \/>\n<meta property=\"og:image\" content=\"https:\/\/eqs-cockpit.com\/cgi-bin\/fncls.ssp?fn=show_t_gif&amp;application_id=2128244&amp;application_name=news&amp;site_id=news_data\" \/>\n<meta name=\"twitter:card\" content=\"summary_large_image\" \/>\n<meta name=\"twitter:label1\" content=\"Gesch\u00e4tzte Lesezeit\" \/>\n\t<meta name=\"twitter:data1\" content=\"3\u00a0Minuten\" \/>\n<script type=\"application\/ld+json\" class=\"yoast-schema-graph\">{\"@context\":\"https:\\\/\\\/schema.org\",\"@graph\":[{\"@type\":\"WebPage\",\"@id\":\"https:\\\/\\\/www.allgeier.com\\\/de\\\/investor-relations\\\/adhoc-announcements\\\/es-30042025\\\/\",\"url\":\"https:\\\/\\\/www.allgeier.com\\\/de\\\/investor-relations\\\/adhoc-announcements\\\/es-30042025\\\/\",\"name\":\"es-30042025 - Allgeier SE\",\"isPartOf\":{\"@id\":\"https:\\\/\\\/www.allgeier.com\\\/de\\\/#website\"},\"primaryImageOfPage\":{\"@id\":\"https:\\\/\\\/www.allgeier.com\\\/de\\\/investor-relations\\\/adhoc-announcements\\\/es-30042025\\\/#primaryimage\"},\"image\":{\"@id\":\"https:\\\/\\\/www.allgeier.com\\\/de\\\/investor-relations\\\/adhoc-announcements\\\/es-30042025\\\/#primaryimage\"},\"thumbnailUrl\":\"https:\\\/\\\/eqs-cockpit.com\\\/cgi-bin\\\/fncls.ssp?fn=show_t_gif&amp;application_id=2128244&amp;application_name=news&amp;site_id=news_data\",\"datePublished\":\"2025-04-30T14:59:25+00:00\",\"breadcrumb\":{\"@id\":\"https:\\\/\\\/www.allgeier.com\\\/de\\\/investor-relations\\\/adhoc-announcements\\\/es-30042025\\\/#breadcrumb\"},\"inLanguage\":\"de\",\"potentialAction\":[{\"@type\":\"ReadAction\",\"target\":[\"https:\\\/\\\/www.allgeier.com\\\/de\\\/investor-relations\\\/adhoc-announcements\\\/es-30042025\\\/\"]}]},{\"@type\":\"ImageObject\",\"inLanguage\":\"de\",\"@id\":\"https:\\\/\\\/www.allgeier.com\\\/de\\\/investor-relations\\\/adhoc-announcements\\\/es-30042025\\\/#primaryimage\",\"url\":\"https:\\\/\\\/eqs-cockpit.com\\\/cgi-bin\\\/fncls.ssp?fn=show_t_gif&amp;application_id=2128244&amp;application_name=news&amp;site_id=news_data\",\"contentUrl\":\"https:\\\/\\\/eqs-cockpit.com\\\/cgi-bin\\\/fncls.ssp?fn=show_t_gif&amp;application_id=2128244&amp;application_name=news&amp;site_id=news_data\"},{\"@type\":\"BreadcrumbList\",\"@id\":\"https:\\\/\\\/www.allgeier.com\\\/de\\\/investor-relations\\\/adhoc-announcements\\\/es-30042025\\\/#breadcrumb\",\"itemListElement\":[{\"@type\":\"ListItem\",\"position\":1,\"name\":\"Home\",\"item\":\"https:\\\/\\\/www.allgeier.com\\\/de\\\/\"},{\"@type\":\"ListItem\",\"position\":2,\"name\":\"Investor Relations\",\"item\":\"https:\\\/\\\/www.allgeier.com\\\/de\\\/investor-relations\\\/\"},{\"@type\":\"ListItem\",\"position\":3,\"name\":\"Ad hoc-Mitteilungen\",\"item\":\"https:\\\/\\\/www.allgeier.com\\\/de\\\/investor-relations\\\/adhoc-announcements\\\/\"},{\"@type\":\"ListItem\",\"position\":4,\"name\":\"es-30042025\"}]},{\"@type\":\"WebSite\",\"@id\":\"https:\\\/\\\/www.allgeier.com\\\/de\\\/#website\",\"url\":\"https:\\\/\\\/www.allgeier.com\\\/de\\\/\",\"name\":\"Allgeier SE\",\"description\":\"Software &amp; IT Services for digital transformation\",\"potentialAction\":[{\"@type\":\"SearchAction\",\"target\":{\"@type\":\"EntryPoint\",\"urlTemplate\":\"https:\\\/\\\/www.allgeier.com\\\/de\\\/?s={search_term_string}\"},\"query-input\":{\"@type\":\"PropertyValueSpecification\",\"valueRequired\":true,\"valueName\":\"search_term_string\"}}],\"inLanguage\":\"de\"}]}<\/script>\n<!-- \/ Yoast SEO plugin. -->","yoast_head_json":{"title":"es-30042025 - Allgeier SE","robots":{"index":"index","follow":"follow","max-snippet":"max-snippet:-1","max-image-preview":"max-image-preview:large","max-video-preview":"max-video-preview:-1"},"canonical":"https:\/\/www.allgeier.com\/de\/investor-relations\/adhoc-announcements\/es-30042025\/","og_locale":"de_DE","og_type":"article","og_title":"es-30042025 - Allgeier SE","og_description":"ALLGEIER SE \/ Schlagwort(e): Quartalsergebnis\/Vorl\u00e4ufiges ErgebnisAllgeier SE erreicht Ergebnisziel im ersten Quartal 2025 und best\u00e4tigt Guidance 30.04.2025 \/ 16:59 CET\/CESTVer\u00f6ffentlichung einer Insiderinformation nach Artikel 17 der Verordnung (EU) Nr. 596\/2014, \u00fcbermittelt durch EQS News &#8211; ein Service der EQS Group.F\u00fcr den Inhalt der Mitteilung ist der Emittent \/ Herausgeber verantwortlich. M\u00fcnchen, 30.04.2025&nbsp;\u2013 Allgeier SE (ISIN &hellip;","og_url":"https:\/\/www.allgeier.com\/de\/investor-relations\/adhoc-announcements\/es-30042025\/","og_site_name":"Allgeier SE","og_image":[{"url":"https:\/\/eqs-cockpit.com\/cgi-bin\/fncls.ssp?fn=show_t_gif&amp;application_id=2128244&amp;application_name=news&amp;site_id=news_data","type":"","width":"","height":""}],"twitter_card":"summary_large_image","twitter_misc":{"Gesch\u00e4tzte Lesezeit":"3\u00a0Minuten"},"schema":{"@context":"https:\/\/schema.org","@graph":[{"@type":"WebPage","@id":"https:\/\/www.allgeier.com\/de\/investor-relations\/adhoc-announcements\/es-30042025\/","url":"https:\/\/www.allgeier.com\/de\/investor-relations\/adhoc-announcements\/es-30042025\/","name":"es-30042025 - Allgeier SE","isPartOf":{"@id":"https:\/\/www.allgeier.com\/de\/#website"},"primaryImageOfPage":{"@id":"https:\/\/www.allgeier.com\/de\/investor-relations\/adhoc-announcements\/es-30042025\/#primaryimage"},"image":{"@id":"https:\/\/www.allgeier.com\/de\/investor-relations\/adhoc-announcements\/es-30042025\/#primaryimage"},"thumbnailUrl":"https:\/\/eqs-cockpit.com\/cgi-bin\/fncls.ssp?fn=show_t_gif&amp;application_id=2128244&amp;application_name=news&amp;site_id=news_data","datePublished":"2025-04-30T14:59:25+00:00","breadcrumb":{"@id":"https:\/\/www.allgeier.com\/de\/investor-relations\/adhoc-announcements\/es-30042025\/#breadcrumb"},"inLanguage":"de","potentialAction":[{"@type":"ReadAction","target":["https:\/\/www.allgeier.com\/de\/investor-relations\/adhoc-announcements\/es-30042025\/"]}]},{"@type":"ImageObject","inLanguage":"de","@id":"https:\/\/www.allgeier.com\/de\/investor-relations\/adhoc-announcements\/es-30042025\/#primaryimage","url":"https:\/\/eqs-cockpit.com\/cgi-bin\/fncls.ssp?fn=show_t_gif&amp;application_id=2128244&amp;application_name=news&amp;site_id=news_data","contentUrl":"https:\/\/eqs-cockpit.com\/cgi-bin\/fncls.ssp?fn=show_t_gif&amp;application_id=2128244&amp;application_name=news&amp;site_id=news_data"},{"@type":"BreadcrumbList","@id":"https:\/\/www.allgeier.com\/de\/investor-relations\/adhoc-announcements\/es-30042025\/#breadcrumb","itemListElement":[{"@type":"ListItem","position":1,"name":"Home","item":"https:\/\/www.allgeier.com\/de\/"},{"@type":"ListItem","position":2,"name":"Investor Relations","item":"https:\/\/www.allgeier.com\/de\/investor-relations\/"},{"@type":"ListItem","position":3,"name":"Ad hoc-Mitteilungen","item":"https:\/\/www.allgeier.com\/de\/investor-relations\/adhoc-announcements\/"},{"@type":"ListItem","position":4,"name":"es-30042025"}]},{"@type":"WebSite","@id":"https:\/\/www.allgeier.com\/de\/#website","url":"https:\/\/www.allgeier.com\/de\/","name":"Allgeier SE","description":"Software &amp; IT Services for digital transformation","potentialAction":[{"@type":"SearchAction","target":{"@type":"EntryPoint","urlTemplate":"https:\/\/www.allgeier.com\/de\/?s={search_term_string}"},"query-input":{"@type":"PropertyValueSpecification","valueRequired":true,"valueName":"search_term_string"}}],"inLanguage":"de"}]}},"_links":{"self":[{"href":"https:\/\/www.allgeier.com\/de\/wp-json\/wp\/v2\/pages\/6304","targetHints":{"allow":["GET"]}}],"collection":[{"href":"https:\/\/www.allgeier.com\/de\/wp-json\/wp\/v2\/pages"}],"about":[{"href":"https:\/\/www.allgeier.com\/de\/wp-json\/wp\/v2\/types\/page"}],"author":[{"embeddable":true,"href":"https:\/\/www.allgeier.com\/de\/wp-json\/wp\/v2\/users\/1"}],"replies":[{"embeddable":true,"href":"https:\/\/www.allgeier.com\/de\/wp-json\/wp\/v2\/comments?post=6304"}],"version-history":[{"count":0,"href":"https:\/\/www.allgeier.com\/de\/wp-json\/wp\/v2\/pages\/6304\/revisions"}],"up":[{"embeddable":true,"href":"https:\/\/www.allgeier.com\/de\/wp-json\/wp\/v2\/pages\/1155"}],"wp:attachment":[{"href":"https:\/\/www.allgeier.com\/de\/wp-json\/wp\/v2\/media?parent=6304"}],"wp:term":[{"taxonomy":"category","embeddable":true,"href":"https:\/\/www.allgeier.com\/de\/wp-json\/wp\/v2\/categories?post=6304"},{"taxonomy":"post_tag","embeddable":true,"href":"https:\/\/www.allgeier.com\/de\/wp-json\/wp\/v2\/tags?post=6304"}],"curies":[{"name":"wp","href":"https:\/\/api.w.org\/{rel}","templated":true}]}}