{"id":6490,"date":"2005-11-09T09:31:01","date_gmt":"2005-11-09T10:31:01","guid":{"rendered":"https:\/\/www.allgeier.com\/de\/?page_id=6490"},"modified":"2025-07-15T08:40:29","modified_gmt":"2025-07-15T08:40:29","slug":"original-research-allgeier-holding-ag-von-midas-research-2","status":"publish","type":"page","link":"https:\/\/www.allgeier.com\/de\/pressroom\/press-releases\/original-research-allgeier-holding-ag-von-midas-research-2\/","title":{"rendered":"Original-Research: Allgeier Holding AG (von MIDAS Research)"},"content":{"rendered":"<p>Original-Research: Allgeier Holding AG &#8211; von MIDAS Research GmbH<\/p>\n<p>Aktieneinstufung von MIDAS Research GmbH zu Allgeier Holding AG<\/p>\n<p>Unternehmen: Allgeier Holding AG<br \/>\nISIN: DE0005086300<\/p>\n<p>Anlass der Studie:Update<br \/>\nEmpfehlung: Kaufen<br \/>\nseit: 14.04.2005<br \/>\nKursziel: EUR 12,00<br \/>\nKursziel auf Sicht von: 12 Monaten<br \/>\nLetzte Rating\u00e4nderung: keine<br \/>\nAnalyst: Karsten Siebert<\/p>\n<p>Mannheim, den 09.11.2005 \u2013 Die Analysten von MIDAS Research erneuern in<br \/>\neinem Update zur Basisstudie vom 14.04.2005 ihre Kaufempfehlung f\u00fcr die<br \/>\nAllgeier Holding AG (Xetra AEI, WKN 508 630) mit neuem Kursziel von EUR<br \/>\n12,00 (+70 %). Der Allgeier Group sei es dank weiterer Unternehmenszuk\u00e4ufe<br \/>\nin den letzten Monaten gelungen, nicht nur die Basis f\u00fcr ein \u00dcberschreiten<br \/>\nder Umsatzschwelle von EUR 100 Mio. bis 2006 zu legen, sondern sich auch<br \/>\nein markantes Profil als Dienstleister im Bereich Business Services zu<br \/>\ngeben. Der B\u00f6rsenkurs habe diese Entwicklung trotz guter Performance bei<br \/>\nweitem noch nicht nachvollzogen, was sich klar in den Ergebnissen der von<br \/>\nden Analysten durchgef\u00fchrten Bewertung ablesen lie\u00dfe.<\/p>\n<p>Der Schl\u00fcssel zum Erfolg von Allgeier l\u00e4ge nach Einsch\u00e4tzung von MIDAS<br \/>\nResearch dabei in Unternehmenszuk\u00e4ufen zu marktgerechten Preisen in<br \/>\nKombination mit einem ausgewogenen Finanzierungs-Mix, das stets eine<br \/>\ngesunde Bilanzstruktur im Blick habe. Mit dem j\u00fcngsten Coup, dem Einstieg<br \/>\nin den Personalservice-Markt, setze Allgeier noch st\u00e4rker auf<br \/>\nDienstleistungen f\u00fcr Firmenkunden (Business Services) als k\u00fcnftiges<br \/>\nKerngesch\u00e4ftsfeld. Anstehende Gesellschafterwechsel im Rahmen von<br \/>\nNachfolgerregelungen sollten Allgeier auch im<br \/>\nPersonaldienstleistungssegment weitere Akquisitionsm\u00f6glichkeiten er\u00f6ffnen.<br \/>\nIn dem fragmentierten Markt der mittelst\u00e4ndischen Personaldienstleister<br \/>\nwurden viele Unternehmen in den 1970er Jahren gegr\u00fcndet \u2013 eine<br \/>\nNachfolgeregelung stehe also bei etlichen dieser Firmen jetzt an.<\/p>\n<p>Da die B\u00f6rse aktuell noch nicht einmal das IT-Dienstleistungsgesch\u00e4ft von<br \/>\nAllgeier voll bewerte, sei nach Meinung der Analysten f\u00fcr erhebliche<br \/>\nKursphantasie gesorgt, wenn die Anleger Allgeier erst auch als<br \/>\nPersonaldienstleister begriffen.<\/p>\n<p>Die vollst\u00e4ndige Analyse k\u00f6nnen Sie hier downloaden:<br \/>\nhttp:\/\/www.more-ir.de\/d\/10097.pdf<br \/>\nDie Studie ist zudem auf www.midasresearch.de erh\u00e4ltlich.<\/p>\n<p>Kontakt f\u00fcr R\u00fcckfragen<br \/>\nMIDAS Research GmbH<br \/>\nMichael Drepper<br \/>\n0621\/ 430 61 30<br \/>\nKarl-Ladenburg-Stra\u00dfe 16<br \/>\n68163 Mannheim<\/p>\n<p>&#8212;&#8212;&#8212;&#8212;&#8212;&#8212;-\u00fcbermittelt durch die EquityStory AG.&#8212;&#8212;&#8212;&#8212;&#8212;&#8212;-<\/p>\n<p>F\u00fcr den Inhalt der Mitteilung bzw. Research ist alleine der Herausgeber bzw.<br \/>\nErsteller der Studie verantwortlich. Diese Meldung ist keine Anlageberatung<br \/>\noder Aufforderung zum Abschluss bestimmter B\u00f6rsengesch\u00e4fte.<\/p>\n","protected":false},"excerpt":{"rendered":"<p>Original-Research: Allgeier Holding AG &#8211; von MIDAS Research GmbH Aktieneinstufung von MIDAS Research GmbH zu Allgeier Holding AG Unternehmen: Allgeier Holding AG ISIN: DE0005086300 Anlass der Studie:Update Empfehlung: Kaufen seit: 14.04.2005 Kursziel: EUR 12,00 Kursziel auf Sicht von: 12 Monaten Letzte<\/p>\n","protected":false},"author":4,"featured_media":0,"parent":1169,"menu_order":0,"comment_status":"close","ping_status":"closed","template":"","meta":{"_acf_changed":false,"footnotes":""},"categories":[],"tags":[],"class_list":["post-6490","page","type-page","status-publish","hentry"],"acf":[],"yoast_head":"<!-- This site is optimized with the Yoast SEO plugin v27.4 - https:\/\/yoast.com\/product\/yoast-seo-wordpress\/ -->\n<title>Original-Research: Allgeier Holding AG (von MIDAS Research) - Allgeier SE<\/title>\n<meta name=\"robots\" content=\"index, follow, max-snippet:-1, max-image-preview:large, max-video-preview:-1\" \/>\n<link rel=\"canonical\" href=\"https:\/\/www.allgeier.com\/de\/pressroom\/press-releases\/original-research-allgeier-holding-ag-von-midas-research-2\/\" \/>\n<meta property=\"og:locale\" content=\"de_DE\" \/>\n<meta property=\"og:type\" content=\"article\" \/>\n<meta property=\"og:title\" content=\"Original-Research: Allgeier Holding AG (von MIDAS Research) - Allgeier SE\" \/>\n<meta property=\"og:description\" content=\"Original-Research: Allgeier Holding AG - von MIDAS Research GmbH Aktieneinstufung von MIDAS Research GmbH zu Allgeier Holding AG Unternehmen: Allgeier Holding AG ISIN: DE0005086300 Anlass der Studie:Update Empfehlung: Kaufen seit: 14.04.2005 Kursziel: EUR 12,00 Kursziel auf Sicht von: 12 Monaten Letzte\" \/>\n<meta property=\"og:url\" content=\"https:\/\/www.allgeier.com\/de\/pressroom\/press-releases\/original-research-allgeier-holding-ag-von-midas-research-2\/\" \/>\n<meta property=\"og:site_name\" content=\"Allgeier SE\" \/>\n<meta property=\"article:modified_time\" content=\"2025-07-15T08:40:29+00:00\" \/>\n<meta name=\"twitter:card\" content=\"summary_large_image\" \/>\n<meta name=\"twitter:label1\" content=\"Gesch\u00e4tzte Lesezeit\" \/>\n\t<meta name=\"twitter:data1\" content=\"2\u00a0Minuten\" \/>\n<script type=\"application\/ld+json\" class=\"yoast-schema-graph\">{\"@context\":\"https:\\\/\\\/schema.org\",\"@graph\":[{\"@type\":\"WebPage\",\"@id\":\"https:\\\/\\\/www.allgeier.com\\\/de\\\/pressroom\\\/press-releases\\\/original-research-allgeier-holding-ag-von-midas-research-2\\\/\",\"url\":\"https:\\\/\\\/www.allgeier.com\\\/de\\\/pressroom\\\/press-releases\\\/original-research-allgeier-holding-ag-von-midas-research-2\\\/\",\"name\":\"Original-Research: Allgeier Holding AG (von MIDAS Research) - Allgeier SE\",\"isPartOf\":{\"@id\":\"https:\\\/\\\/www.allgeier.com\\\/de\\\/#website\"},\"datePublished\":\"2005-11-09T10:31:01+00:00\",\"dateModified\":\"2025-07-15T08:40:29+00:00\",\"breadcrumb\":{\"@id\":\"https:\\\/\\\/www.allgeier.com\\\/de\\\/pressroom\\\/press-releases\\\/original-research-allgeier-holding-ag-von-midas-research-2\\\/#breadcrumb\"},\"inLanguage\":\"de\",\"potentialAction\":[{\"@type\":\"ReadAction\",\"target\":[\"https:\\\/\\\/www.allgeier.com\\\/de\\\/pressroom\\\/press-releases\\\/original-research-allgeier-holding-ag-von-midas-research-2\\\/\"]}]},{\"@type\":\"BreadcrumbList\",\"@id\":\"https:\\\/\\\/www.allgeier.com\\\/de\\\/pressroom\\\/press-releases\\\/original-research-allgeier-holding-ag-von-midas-research-2\\\/#breadcrumb\",\"itemListElement\":[{\"@type\":\"ListItem\",\"position\":1,\"name\":\"Home\",\"item\":\"https:\\\/\\\/www.allgeier.com\\\/de\\\/\"},{\"@type\":\"ListItem\",\"position\":2,\"name\":\"Presse\",\"item\":\"https:\\\/\\\/www.allgeier.com\\\/de\\\/pressroom\\\/\"},{\"@type\":\"ListItem\",\"position\":3,\"name\":\"Pressemitteilungen\",\"item\":\"https:\\\/\\\/www.allgeier.com\\\/de\\\/pressroom\\\/press-releases\\\/\"},{\"@type\":\"ListItem\",\"position\":4,\"name\":\"Original-Research: Allgeier Holding AG (von MIDAS Research)\"}]},{\"@type\":\"WebSite\",\"@id\":\"https:\\\/\\\/www.allgeier.com\\\/de\\\/#website\",\"url\":\"https:\\\/\\\/www.allgeier.com\\\/de\\\/\",\"name\":\"Allgeier SE\",\"description\":\"Software &amp; IT Services for digital transformation\",\"potentialAction\":[{\"@type\":\"SearchAction\",\"target\":{\"@type\":\"EntryPoint\",\"urlTemplate\":\"https:\\\/\\\/www.allgeier.com\\\/de\\\/?s={search_term_string}\"},\"query-input\":{\"@type\":\"PropertyValueSpecification\",\"valueRequired\":true,\"valueName\":\"search_term_string\"}}],\"inLanguage\":\"de\"}]}<\/script>\n<!-- \/ Yoast SEO plugin. -->","yoast_head_json":{"title":"Original-Research: Allgeier Holding AG (von MIDAS Research) - Allgeier SE","robots":{"index":"index","follow":"follow","max-snippet":"max-snippet:-1","max-image-preview":"max-image-preview:large","max-video-preview":"max-video-preview:-1"},"canonical":"https:\/\/www.allgeier.com\/de\/pressroom\/press-releases\/original-research-allgeier-holding-ag-von-midas-research-2\/","og_locale":"de_DE","og_type":"article","og_title":"Original-Research: Allgeier Holding AG (von MIDAS Research) - Allgeier SE","og_description":"Original-Research: Allgeier Holding AG - von MIDAS Research GmbH Aktieneinstufung von MIDAS Research GmbH zu Allgeier Holding AG Unternehmen: Allgeier Holding AG ISIN: DE0005086300 Anlass der Studie:Update Empfehlung: Kaufen seit: 14.04.2005 Kursziel: EUR 12,00 Kursziel auf Sicht von: 12 Monaten Letzte","og_url":"https:\/\/www.allgeier.com\/de\/pressroom\/press-releases\/original-research-allgeier-holding-ag-von-midas-research-2\/","og_site_name":"Allgeier SE","article_modified_time":"2025-07-15T08:40:29+00:00","twitter_card":"summary_large_image","twitter_misc":{"Gesch\u00e4tzte Lesezeit":"2\u00a0Minuten"},"schema":{"@context":"https:\/\/schema.org","@graph":[{"@type":"WebPage","@id":"https:\/\/www.allgeier.com\/de\/pressroom\/press-releases\/original-research-allgeier-holding-ag-von-midas-research-2\/","url":"https:\/\/www.allgeier.com\/de\/pressroom\/press-releases\/original-research-allgeier-holding-ag-von-midas-research-2\/","name":"Original-Research: Allgeier Holding AG (von MIDAS Research) - Allgeier SE","isPartOf":{"@id":"https:\/\/www.allgeier.com\/de\/#website"},"datePublished":"2005-11-09T10:31:01+00:00","dateModified":"2025-07-15T08:40:29+00:00","breadcrumb":{"@id":"https:\/\/www.allgeier.com\/de\/pressroom\/press-releases\/original-research-allgeier-holding-ag-von-midas-research-2\/#breadcrumb"},"inLanguage":"de","potentialAction":[{"@type":"ReadAction","target":["https:\/\/www.allgeier.com\/de\/pressroom\/press-releases\/original-research-allgeier-holding-ag-von-midas-research-2\/"]}]},{"@type":"BreadcrumbList","@id":"https:\/\/www.allgeier.com\/de\/pressroom\/press-releases\/original-research-allgeier-holding-ag-von-midas-research-2\/#breadcrumb","itemListElement":[{"@type":"ListItem","position":1,"name":"Home","item":"https:\/\/www.allgeier.com\/de\/"},{"@type":"ListItem","position":2,"name":"Presse","item":"https:\/\/www.allgeier.com\/de\/pressroom\/"},{"@type":"ListItem","position":3,"name":"Pressemitteilungen","item":"https:\/\/www.allgeier.com\/de\/pressroom\/press-releases\/"},{"@type":"ListItem","position":4,"name":"Original-Research: Allgeier Holding AG (von MIDAS Research)"}]},{"@type":"WebSite","@id":"https:\/\/www.allgeier.com\/de\/#website","url":"https:\/\/www.allgeier.com\/de\/","name":"Allgeier SE","description":"Software &amp; IT Services for digital transformation","potentialAction":[{"@type":"SearchAction","target":{"@type":"EntryPoint","urlTemplate":"https:\/\/www.allgeier.com\/de\/?s={search_term_string}"},"query-input":{"@type":"PropertyValueSpecification","valueRequired":true,"valueName":"search_term_string"}}],"inLanguage":"de"}]}},"_links":{"self":[{"href":"https:\/\/www.allgeier.com\/de\/wp-json\/wp\/v2\/pages\/6490","targetHints":{"allow":["GET"]}}],"collection":[{"href":"https:\/\/www.allgeier.com\/de\/wp-json\/wp\/v2\/pages"}],"about":[{"href":"https:\/\/www.allgeier.com\/de\/wp-json\/wp\/v2\/types\/page"}],"author":[{"embeddable":true,"href":"https:\/\/www.allgeier.com\/de\/wp-json\/wp\/v2\/users\/4"}],"replies":[{"embeddable":true,"href":"https:\/\/www.allgeier.com\/de\/wp-json\/wp\/v2\/comments?post=6490"}],"version-history":[{"count":1,"href":"https:\/\/www.allgeier.com\/de\/wp-json\/wp\/v2\/pages\/6490\/revisions"}],"predecessor-version":[{"id":6491,"href":"https:\/\/www.allgeier.com\/de\/wp-json\/wp\/v2\/pages\/6490\/revisions\/6491"}],"up":[{"embeddable":true,"href":"https:\/\/www.allgeier.com\/de\/wp-json\/wp\/v2\/pages\/1169"}],"wp:attachment":[{"href":"https:\/\/www.allgeier.com\/de\/wp-json\/wp\/v2\/media?parent=6490"}],"wp:term":[{"taxonomy":"category","embeddable":true,"href":"https:\/\/www.allgeier.com\/de\/wp-json\/wp\/v2\/categories?post=6490"},{"taxonomy":"post_tag","embeddable":true,"href":"https:\/\/www.allgeier.com\/de\/wp-json\/wp\/v2\/tags?post=6490"}],"curies":[{"name":"wp","href":"https:\/\/api.w.org\/{rel}","templated":true}]}}