{"id":6492,"date":"2005-04-14T10:32:23","date_gmt":"2005-04-14T10:32:23","guid":{"rendered":"https:\/\/www.allgeier.com\/de\/?page_id=6492"},"modified":"2025-07-15T08:40:29","modified_gmt":"2025-07-15T08:40:29","slug":"original-research-allgeier-holding-ag-von-midas-research-3","status":"publish","type":"page","link":"https:\/\/www.allgeier.com\/de\/pressroom\/press-releases\/original-research-allgeier-holding-ag-von-midas-research-3\/","title":{"rendered":"Original-Research: Allgeier Holding AG (von MIDAS Research)"},"content":{"rendered":"<p> <BR \/>Original-Research: Allgeier Holding AG &#8211; von MIDAS Research GmbH <BR \/> <BR \/>Aktieneinstufung von MIDAS Research GmbH zu Allgeier Holding AG <BR \/> <BR \/>Unternehmen: Allgeier Holding AG <BR \/>ISIN: DE0005086300 <BR \/> <BR \/>Anlass der Studie:Basisstudie <BR \/>Empfehlung: Kaufen <BR \/>seit: 14.04.2005 <BR \/>Kursziel: EUR 7,00 <BR \/>Kursziel auf Sicht von: 12 Monaten <BR \/>Letzte Rating\u00e4nderung: Ersteinsch\u00e4tzung <BR \/>Analyst: Karsten Siebert <BR \/> <BR \/>Mannheim, den 14.04.2005 \u2013 MIDAS Research empfiehlt die Aktien der Allgeier <BR \/>Holding AG (Xetra AEI, WKN 508 630) zum Kauf.  Noch weitgehend unbemerkt <BR \/>von der B\u00f6rse habe sich unter dem Dach von Allgeier eine <BR \/>Dienstleistungsgruppe entwickelt, die schon bald in Umsatzregionen von EUR <BR \/>80 &#8211; 100 Mio. vorsto\u00dfen k\u00f6nnte. Der Hauptfokus liege dabei derzeit auf dem <BR \/>Gesch\u00e4ftsfeld IT-Dienstleistungen, das aktuell sowohl organisch als auch <BR \/>insbesondere durch Zuk\u00e4ufe dynamisch wachse. Dabei kann die Allgeier Group <BR \/>auf ein seit vielen Jahren etabliertes Stammgesch\u00e4ft im Bereich ERP- und <BR \/>DMS-Branchenl\u00f6sungen zur\u00fcckgreifen. <BR \/>Nach den letzten attraktiven Zuk\u00e4ufen im Kernbereich IT-Services stehe das <BR \/>Unternehmen jetzt vor einem deutlichen Ergebnisschub, nachdem in 2004 der <BR \/>Turnaround vollzogen wurde. F\u00fcr die Aktie erwachse daraus im <BR \/>Branchenvergleich zun\u00e4chst ein Potenzial von wenigstens 40 Prozent, wobei <BR \/>weitere erwartete Akquisitionen zus\u00e4tzliche Perspektiven b\u00f6ten. Schlie\u00dflich <BR \/>habe das Management in der Vergangenheit bereits mehrfach Unternehmen <BR \/>erfolgreich an der B\u00f6rse entwickelt. Derzeit notiert die Aktie bei EUR <BR \/>5,05. <BR \/> <BR \/>Die vollst\u00e4ndige Analyse k\u00f6nnen Sie hier downloaden: <BR \/>http:\/\/www.more-ir.de\/d\/10028.pdf <BR \/>Die Studie ist zudem auf www.midasresearch.de erh\u00e4ltlich. <BR \/> <BR \/>Kontakt f\u00fcr R\u00fcckfragen <BR \/>MIDAS Research GmbH <BR \/>Michael Drepper <BR \/>0621\/ 430 61 30 <BR \/>Karl-Ladenburg-Stra\u00dfe 16 <BR \/>68163 Mannheim <BR \/> <BR \/>&#8212;&#8212;&#8212;&#8212;&#8212;&#8212;-\u00fcbermittelt durch die EquityStory AG.&#8212;&#8212;&#8212;&#8212;&#8212;&#8212;- <BR \/> <BR \/> <BR \/>F\u00fcr den Inhalt der Mitteilung bzw. Research ist alleine der Herausgeber bzw.  <BR \/>Ersteller der Studie verantwortlich. Diese Meldung ist keine Anlageberatung <BR \/>oder Aufforderung zum Abschluss bestimmter B\u00f6rsengesch\u00e4fte. <BR \/><\/p>\n","protected":false},"excerpt":{"rendered":"<p>Original-Research: Allgeier Holding AG &#8211; von MIDAS Research GmbH Aktieneinstufung von MIDAS Research GmbH zu Allgeier Holding AG Unternehmen: Allgeier Holding AG ISIN: DE0005086300 Anlass der Studie:Basisstudie Empfehlung: Kaufen seit: 14.04.2005 Kursziel: EUR 7,00 Kursziel auf Sicht von: 12 Monaten<\/p>\n","protected":false},"author":4,"featured_media":0,"parent":1169,"menu_order":0,"comment_status":"close","ping_status":"closed","template":"","meta":{"_acf_changed":false,"footnotes":""},"categories":[],"tags":[],"class_list":["post-6492","page","type-page","status-publish","hentry"],"acf":[],"yoast_head":"<!-- This site is optimized with the Yoast SEO plugin v27.4 - https:\/\/yoast.com\/product\/yoast-seo-wordpress\/ -->\n<title>Original-Research: Allgeier Holding AG (von MIDAS Research) - Allgeier SE<\/title>\n<meta name=\"robots\" content=\"index, follow, max-snippet:-1, max-image-preview:large, max-video-preview:-1\" \/>\n<link rel=\"canonical\" href=\"https:\/\/www.allgeier.com\/de\/pressroom\/press-releases\/original-research-allgeier-holding-ag-von-midas-research-3\/\" \/>\n<meta property=\"og:locale\" content=\"de_DE\" \/>\n<meta property=\"og:type\" content=\"article\" \/>\n<meta property=\"og:title\" content=\"Original-Research: Allgeier Holding AG (von MIDAS Research) - Allgeier SE\" \/>\n<meta property=\"og:description\" content=\"Original-Research: Allgeier Holding AG - von MIDAS Research GmbH Aktieneinstufung von MIDAS Research GmbH zu Allgeier Holding AG Unternehmen: Allgeier Holding AG ISIN: DE0005086300 Anlass der Studie:Basisstudie Empfehlung: Kaufen seit: 14.04.2005 Kursziel: EUR 7,00 Kursziel auf Sicht von: 12 Monaten\" \/>\n<meta property=\"og:url\" content=\"https:\/\/www.allgeier.com\/de\/pressroom\/press-releases\/original-research-allgeier-holding-ag-von-midas-research-3\/\" \/>\n<meta property=\"og:site_name\" content=\"Allgeier SE\" \/>\n<meta property=\"article:modified_time\" content=\"2025-07-15T08:40:29+00:00\" \/>\n<meta name=\"twitter:card\" content=\"summary_large_image\" \/>\n<meta name=\"twitter:label1\" content=\"Gesch\u00e4tzte Lesezeit\" \/>\n\t<meta name=\"twitter:data1\" content=\"1\u00a0Minute\" \/>\n<script type=\"application\/ld+json\" class=\"yoast-schema-graph\">{\"@context\":\"https:\\\/\\\/schema.org\",\"@graph\":[{\"@type\":\"WebPage\",\"@id\":\"https:\\\/\\\/www.allgeier.com\\\/de\\\/pressroom\\\/press-releases\\\/original-research-allgeier-holding-ag-von-midas-research-3\\\/\",\"url\":\"https:\\\/\\\/www.allgeier.com\\\/de\\\/pressroom\\\/press-releases\\\/original-research-allgeier-holding-ag-von-midas-research-3\\\/\",\"name\":\"Original-Research: Allgeier Holding AG (von MIDAS Research) - Allgeier SE\",\"isPartOf\":{\"@id\":\"https:\\\/\\\/www.allgeier.com\\\/de\\\/#website\"},\"datePublished\":\"2005-04-14T10:32:23+00:00\",\"dateModified\":\"2025-07-15T08:40:29+00:00\",\"breadcrumb\":{\"@id\":\"https:\\\/\\\/www.allgeier.com\\\/de\\\/pressroom\\\/press-releases\\\/original-research-allgeier-holding-ag-von-midas-research-3\\\/#breadcrumb\"},\"inLanguage\":\"de\",\"potentialAction\":[{\"@type\":\"ReadAction\",\"target\":[\"https:\\\/\\\/www.allgeier.com\\\/de\\\/pressroom\\\/press-releases\\\/original-research-allgeier-holding-ag-von-midas-research-3\\\/\"]}]},{\"@type\":\"BreadcrumbList\",\"@id\":\"https:\\\/\\\/www.allgeier.com\\\/de\\\/pressroom\\\/press-releases\\\/original-research-allgeier-holding-ag-von-midas-research-3\\\/#breadcrumb\",\"itemListElement\":[{\"@type\":\"ListItem\",\"position\":1,\"name\":\"Home\",\"item\":\"https:\\\/\\\/www.allgeier.com\\\/de\\\/\"},{\"@type\":\"ListItem\",\"position\":2,\"name\":\"Presse\",\"item\":\"https:\\\/\\\/www.allgeier.com\\\/de\\\/pressroom\\\/\"},{\"@type\":\"ListItem\",\"position\":3,\"name\":\"Pressemitteilungen\",\"item\":\"https:\\\/\\\/www.allgeier.com\\\/de\\\/pressroom\\\/press-releases\\\/\"},{\"@type\":\"ListItem\",\"position\":4,\"name\":\"Original-Research: Allgeier Holding AG (von MIDAS Research)\"}]},{\"@type\":\"WebSite\",\"@id\":\"https:\\\/\\\/www.allgeier.com\\\/de\\\/#website\",\"url\":\"https:\\\/\\\/www.allgeier.com\\\/de\\\/\",\"name\":\"Allgeier SE\",\"description\":\"Software &amp; IT Services for digital transformation\",\"potentialAction\":[{\"@type\":\"SearchAction\",\"target\":{\"@type\":\"EntryPoint\",\"urlTemplate\":\"https:\\\/\\\/www.allgeier.com\\\/de\\\/?s={search_term_string}\"},\"query-input\":{\"@type\":\"PropertyValueSpecification\",\"valueRequired\":true,\"valueName\":\"search_term_string\"}}],\"inLanguage\":\"de\"}]}<\/script>\n<!-- \/ Yoast SEO plugin. -->","yoast_head_json":{"title":"Original-Research: Allgeier Holding AG (von MIDAS Research) - Allgeier SE","robots":{"index":"index","follow":"follow","max-snippet":"max-snippet:-1","max-image-preview":"max-image-preview:large","max-video-preview":"max-video-preview:-1"},"canonical":"https:\/\/www.allgeier.com\/de\/pressroom\/press-releases\/original-research-allgeier-holding-ag-von-midas-research-3\/","og_locale":"de_DE","og_type":"article","og_title":"Original-Research: Allgeier Holding AG (von MIDAS Research) - Allgeier SE","og_description":"Original-Research: Allgeier Holding AG - von MIDAS Research GmbH Aktieneinstufung von MIDAS Research GmbH zu Allgeier Holding AG Unternehmen: Allgeier Holding AG ISIN: DE0005086300 Anlass der Studie:Basisstudie Empfehlung: Kaufen seit: 14.04.2005 Kursziel: EUR 7,00 Kursziel auf Sicht von: 12 Monaten","og_url":"https:\/\/www.allgeier.com\/de\/pressroom\/press-releases\/original-research-allgeier-holding-ag-von-midas-research-3\/","og_site_name":"Allgeier SE","article_modified_time":"2025-07-15T08:40:29+00:00","twitter_card":"summary_large_image","twitter_misc":{"Gesch\u00e4tzte Lesezeit":"1\u00a0Minute"},"schema":{"@context":"https:\/\/schema.org","@graph":[{"@type":"WebPage","@id":"https:\/\/www.allgeier.com\/de\/pressroom\/press-releases\/original-research-allgeier-holding-ag-von-midas-research-3\/","url":"https:\/\/www.allgeier.com\/de\/pressroom\/press-releases\/original-research-allgeier-holding-ag-von-midas-research-3\/","name":"Original-Research: Allgeier Holding AG (von MIDAS Research) - Allgeier SE","isPartOf":{"@id":"https:\/\/www.allgeier.com\/de\/#website"},"datePublished":"2005-04-14T10:32:23+00:00","dateModified":"2025-07-15T08:40:29+00:00","breadcrumb":{"@id":"https:\/\/www.allgeier.com\/de\/pressroom\/press-releases\/original-research-allgeier-holding-ag-von-midas-research-3\/#breadcrumb"},"inLanguage":"de","potentialAction":[{"@type":"ReadAction","target":["https:\/\/www.allgeier.com\/de\/pressroom\/press-releases\/original-research-allgeier-holding-ag-von-midas-research-3\/"]}]},{"@type":"BreadcrumbList","@id":"https:\/\/www.allgeier.com\/de\/pressroom\/press-releases\/original-research-allgeier-holding-ag-von-midas-research-3\/#breadcrumb","itemListElement":[{"@type":"ListItem","position":1,"name":"Home","item":"https:\/\/www.allgeier.com\/de\/"},{"@type":"ListItem","position":2,"name":"Presse","item":"https:\/\/www.allgeier.com\/de\/pressroom\/"},{"@type":"ListItem","position":3,"name":"Pressemitteilungen","item":"https:\/\/www.allgeier.com\/de\/pressroom\/press-releases\/"},{"@type":"ListItem","position":4,"name":"Original-Research: Allgeier Holding AG (von MIDAS Research)"}]},{"@type":"WebSite","@id":"https:\/\/www.allgeier.com\/de\/#website","url":"https:\/\/www.allgeier.com\/de\/","name":"Allgeier SE","description":"Software &amp; IT Services for digital transformation","potentialAction":[{"@type":"SearchAction","target":{"@type":"EntryPoint","urlTemplate":"https:\/\/www.allgeier.com\/de\/?s={search_term_string}"},"query-input":{"@type":"PropertyValueSpecification","valueRequired":true,"valueName":"search_term_string"}}],"inLanguage":"de"}]}},"_links":{"self":[{"href":"https:\/\/www.allgeier.com\/de\/wp-json\/wp\/v2\/pages\/6492","targetHints":{"allow":["GET"]}}],"collection":[{"href":"https:\/\/www.allgeier.com\/de\/wp-json\/wp\/v2\/pages"}],"about":[{"href":"https:\/\/www.allgeier.com\/de\/wp-json\/wp\/v2\/types\/page"}],"author":[{"embeddable":true,"href":"https:\/\/www.allgeier.com\/de\/wp-json\/wp\/v2\/users\/4"}],"replies":[{"embeddable":true,"href":"https:\/\/www.allgeier.com\/de\/wp-json\/wp\/v2\/comments?post=6492"}],"version-history":[{"count":1,"href":"https:\/\/www.allgeier.com\/de\/wp-json\/wp\/v2\/pages\/6492\/revisions"}],"predecessor-version":[{"id":6493,"href":"https:\/\/www.allgeier.com\/de\/wp-json\/wp\/v2\/pages\/6492\/revisions\/6493"}],"up":[{"embeddable":true,"href":"https:\/\/www.allgeier.com\/de\/wp-json\/wp\/v2\/pages\/1169"}],"wp:attachment":[{"href":"https:\/\/www.allgeier.com\/de\/wp-json\/wp\/v2\/media?parent=6492"}],"wp:term":[{"taxonomy":"category","embeddable":true,"href":"https:\/\/www.allgeier.com\/de\/wp-json\/wp\/v2\/categories?post=6492"},{"taxonomy":"post_tag","embeddable":true,"href":"https:\/\/www.allgeier.com\/de\/wp-json\/wp\/v2\/tags?post=6492"}],"curies":[{"name":"wp","href":"https:\/\/api.w.org\/{rel}","templated":true}]}}