{"id":6535,"date":"2019-01-10T12:37:37","date_gmt":"2019-01-10T13:37:37","guid":{"rendered":"https:\/\/www.allgeier.com\/de\/?page_id=6535"},"modified":"2025-07-23T10:25:28","modified_gmt":"2025-07-23T10:25:28","slug":"lantano-beteiligungen-gmbh","status":"publish","type":"page","link":"https:\/\/www.allgeier.com\/de\/investor-relations\/directors-dealings\/lantano-beteiligungen-gmbh\/","title":{"rendered":"Lantano Beteiligungen GmbH"},"content":{"rendered":"<table class=\"news_layout style2015\" border=\"0\" cellpadding=\"0\" cellspacing=\"0\">\n<tr>\n<td>\n<p class=\"news_top\"><\/p>\n<p>Meldung und \u00f6ffentliche Bekanntgabe der Gesch\u00e4fte von Personen, die F\u00fchrungsaufgaben wahrnehmen, sowie in enger Beziehung zu ihnen stehenden Personen <\/p>\n<p><span class=\"news_top_date\">10.01.2019 \/ 14:37 <\/span><\/p>\n<p>F\u00fcr den Inhalt der Mitteilung ist der Emittent \/ Herausgeber verantwortlich.<\/p>\n<hr \/>\n<div class=\"break-word news_main\">\n<p><span data-eqs-dd=\"person\"><strong>1. Angaben zu den Personen, die F\u00fchrungsaufgaben wahrnehmen, sowie zu den in enger Beziehung zu ihnen stehenden Personen<\/strong><\/p>\n<p>a) Name<\/p>\n<table class=\"news_layout_data_tabel news_layout_data_table\" cellspacing=\"0\" cellpadding=\"0\" border=\"1\">\n<tr>\n<td width=\"50%\">Name und Rechtsform:<\/td>\n<td data-eqs-dd=\"person-legal-name\">Lantano Beteiligungen GmbH<\/td>\n<\/tr>\n<\/table>\n<p>\n<\/span><br \/>\n<span data-eqs-dd=\"reason\"><strong>2. Grund der Meldung<\/strong><\/p>\n<p>a) Position \/ Status<\/p>\n<table class=\"news_layout_data_tabel news_layout_data_table\" cellspacing=\"0\" cellpadding=\"0\" border=\"1\">\n<tr>\n<td colspan=\"2\" data-eqs-dd=\"person-position\">Person steht in enger Beziehung zu:<\/td>\n<\/tr>\n<tr>\n<td width=\"50%\">Titel:<\/td>\n<td data-eqs-dd=\"manager-title\"><\/td>\n<\/tr>\n<tr>\n<td width=\"50%\">Vorname:<\/td>\n<td data-eqs-dd=\"manager-first-name\">Carl Georg<\/td>\n<\/tr>\n<tr>\n<td>Nachname(n):<\/td>\n<td data-eqs-dd=\"manager-last-name\">D\u00fcrschmidt<\/td>\n<\/tr>\n<tr>\n<td>Position:<\/td>\n<td data-eqs-dd=\"manager-position\">Vorstand<\/td>\n<\/tr>\n<\/table>\n<p><\/p>\n<p>b) Erstmeldung<\/p>\n<p><\/span><br \/>\n<span data-eqs-dd=\"issuer\"><br \/>\n<strong>3. Angaben zum Emittenten, zum Teilnehmer am Markt f\u00fcr Emissionszertifikate, zur Versteigerungsplattform, zum Versteigerer oder zur Auktionsaufsicht<\/strong><\/p>\n<p>a) Name<\/p>\n<table class=\"news_layout_data_tabel news_layout_data_table\" cellspacing=\"0\" cellpadding=\"0\" border=\"1\">\n<tr>\n<td data-eqs-dd=\"issuer-name\">ALLGEIER SE<\/td>\n<\/tr>\n<\/table>\n<p>\nb) LEI<\/p>\n<table class=\"news_layout_data_tabel news_layout_data_table\" cellspacing=\"0\" cellpadding=\"0\" border=\"1\">\n<tr>\n<td data-eqs-dd=\"lei\">529900IQAYRZIGKOJL63\u00a0<\/td>\n<\/tr>\n<\/table>\n<p>\n<\/span><\/p>\n<p><span data-eqs-dd=\"transaction-details\"><strong>4. Angaben zum Gesch\u00e4ft\/zu den Gesch\u00e4ften<!-- - Abschnitt Nr. 1--><\/strong><\/p>\n<p>a) Beschreibung des Finanzinstruments, Art des Instruments, Kennung<\/p>\n<table class=\"news_layout_data_tabel news_layout_data_table\" cellspacing=\"0\" cellpadding=\"0\" border=\"1\">\n<tr>\n<td width=\"50%\">Art:<\/td>\n<td data-eqs-dd=\"type-of-financial-instrument\">Aktie<\/td>\n<\/tr>\n<tr>\n<td width=\"50%\">ISIN:<\/td>\n<td data-eqs-dd=\"isin\">DE000A2GS633<\/td>\n<\/tr>\n<\/table>\n<p>\nb) Art des Gesch\u00e4fts<\/p>\n<table class=\"news_layout_data_tabel news_layout_data_table\" cellspacing=\"0\" cellpadding=\"0\" border=\"1\">\n<tr>\n<td data-eqs-dd=\"deal-type\">Kauf<\/td>\n<\/tr>\n<\/table>\n<p>\nc) Preis(e) und Volumen<\/p>\n<table class=\"news_layout_data_tabel news_layout_data_table\" cellspacing=\"0\" cellpadding=\"0\" border=\"1\">\n<tr>\n<td width=\"50%\">Preis(e)<\/td>\n<td>Volumen<\/td>\n<\/tr>\n<tr data-eqs-dd=\"price-and-volume\">\n<td width=\"50%\"><span data-eqs-dd=\"price\">28,00<\/span> <span data-eqs-dd=\"currency-of-price\">EUR<\/span><\/td>\n<td><span data-eqs-dd=\"volume\">70000,00<\/span> <span data-eqs-dd=\"currency-of-volume\">EUR<\/span><\/td>\n<\/tr>\n<\/table>\n<p>\nd) Aggregierte Informationen<\/p>\n<table class=\"news_layout_data_tabel news_layout_data_table\" cellspacing=\"0\" cellpadding=\"0\" border=\"1\">\n<tr>\n<td width=\"50%\">Preis<\/td>\n<td>Aggregiertes Volumen<\/td>\n<\/tr>\n<tr data-eqs-dd=\"aggregated-price-and-volume\">\n<td width=\"50%\"><span data-eqs-dd=\"price\">28,0000<\/span> <span data-eqs-dd=\"currency-of-price\">EUR<\/span><\/td>\n<td><span data-eqs-dd=\"volume\">70000,0000<\/span> <span data-eqs-dd=\"currency-of-volume\">EUR<\/span><\/td>\n<\/tr>\n<\/table>\n<p>\ne) Datum des Gesch\u00e4fts<\/p>\n<table class=\"news_layout_data_tabel news_layout_data_table\" cellspacing=\"0\" cellpadding=\"0\" border=\"1\">\n<tr>\n<td data-eqs-dd=\"date-of-transaction-utc\">2019-01-09; UTC+1<\/td>\n<\/tr>\n<\/table>\n<p>\nf) Ort des Gesch\u00e4fts<\/p>\n<table class=\"news_layout_data_tabel news_layout_data_table\" cellspacing=\"0\" cellpadding=\"0\" border=\"1\">\n<tr>\n<td data-eqs-dd=\"place-of-transaction\">Au\u00dferhalb eines Handelsplatzes<\/td>\n<\/tr>\n<\/table>\n<p>\n<\/span><\/p>\n<\/div>\n<p><\/p>\n<hr \/>\n<hr \/>\n<\/td>\n<\/tr>\n<\/table>\n<p><\/p>\n<p class=\"\">\n","protected":false},"excerpt":{"rendered":"<p>Meldung und \u00f6ffentliche Bekanntgabe der Gesch\u00e4fte von Personen, die F\u00fchrungsaufgaben wahrnehmen, sowie in enger Beziehung zu ihnen stehenden Personen   10.01.2019 \/ 14:37   F\u00fcr den Inhalt der Mitteilung ist der Emittent \/ Herausgeber verantwortlich.            1. Angaben zu den Personen,<\/p>\n","protected":false},"author":4,"featured_media":0,"parent":4613,"menu_order":0,"comment_status":"close","ping_status":"closed","template":"","meta":{"_acf_changed":false,"footnotes":""},"categories":[],"tags":[],"class_list":["post-6535","page","type-page","status-publish","hentry"],"acf":[],"yoast_head":"<!-- This site is optimized with the Yoast SEO plugin v27.3 - https:\/\/yoast.com\/product\/yoast-seo-wordpress\/ -->\n<title>Lantano Beteiligungen GmbH - Allgeier SE<\/title>\n<meta name=\"robots\" content=\"index, follow, max-snippet:-1, max-image-preview:large, max-video-preview:-1\" \/>\n<link rel=\"canonical\" href=\"https:\/\/www.allgeier.com\/de\/investor-relations\/directors-dealings\/lantano-beteiligungen-gmbh\/\" \/>\n<meta property=\"og:locale\" content=\"de_DE\" \/>\n<meta property=\"og:type\" content=\"article\" \/>\n<meta property=\"og:title\" content=\"Lantano Beteiligungen GmbH - Allgeier SE\" \/>\n<meta property=\"og:description\" content=\"Meldung und \u00f6ffentliche Bekanntgabe der Gesch\u00e4fte von Personen, die F\u00fchrungsaufgaben wahrnehmen, sowie in enger Beziehung zu ihnen stehenden Personen  10.01.2019 \/ 14:37  F\u00fcr den Inhalt der Mitteilung ist der Emittent \/ Herausgeber verantwortlich.      1. Angaben zu den Personen,\" \/>\n<meta property=\"og:url\" content=\"https:\/\/www.allgeier.com\/de\/investor-relations\/directors-dealings\/lantano-beteiligungen-gmbh\/\" \/>\n<meta property=\"og:site_name\" content=\"Allgeier SE\" \/>\n<meta property=\"article:modified_time\" content=\"2025-07-23T10:25:28+00:00\" \/>\n<meta name=\"twitter:card\" content=\"summary_large_image\" \/>\n<meta name=\"twitter:label1\" content=\"Gesch\u00e4tzte Lesezeit\" \/>\n\t<meta name=\"twitter:data1\" content=\"1\u00a0Minute\" \/>\n<script type=\"application\/ld+json\" class=\"yoast-schema-graph\">{\"@context\":\"https:\\\/\\\/schema.org\",\"@graph\":[{\"@type\":\"WebPage\",\"@id\":\"https:\\\/\\\/www.allgeier.com\\\/de\\\/investor-relations\\\/directors-dealings\\\/lantano-beteiligungen-gmbh\\\/\",\"url\":\"https:\\\/\\\/www.allgeier.com\\\/de\\\/investor-relations\\\/directors-dealings\\\/lantano-beteiligungen-gmbh\\\/\",\"name\":\"Lantano Beteiligungen GmbH - Allgeier SE\",\"isPartOf\":{\"@id\":\"https:\\\/\\\/www.allgeier.com\\\/de\\\/#website\"},\"datePublished\":\"2019-01-10T13:37:37+00:00\",\"dateModified\":\"2025-07-23T10:25:28+00:00\",\"breadcrumb\":{\"@id\":\"https:\\\/\\\/www.allgeier.com\\\/de\\\/investor-relations\\\/directors-dealings\\\/lantano-beteiligungen-gmbh\\\/#breadcrumb\"},\"inLanguage\":\"de\",\"potentialAction\":[{\"@type\":\"ReadAction\",\"target\":[\"https:\\\/\\\/www.allgeier.com\\\/de\\\/investor-relations\\\/directors-dealings\\\/lantano-beteiligungen-gmbh\\\/\"]}]},{\"@type\":\"BreadcrumbList\",\"@id\":\"https:\\\/\\\/www.allgeier.com\\\/de\\\/investor-relations\\\/directors-dealings\\\/lantano-beteiligungen-gmbh\\\/#breadcrumb\",\"itemListElement\":[{\"@type\":\"ListItem\",\"position\":1,\"name\":\"Home\",\"item\":\"https:\\\/\\\/www.allgeier.com\\\/de\\\/\"},{\"@type\":\"ListItem\",\"position\":2,\"name\":\"Investor Relations\",\"item\":\"https:\\\/\\\/www.allgeier.com\\\/de\\\/investor-relations\\\/\"},{\"@type\":\"ListItem\",\"position\":3,\"name\":\"Directors&#8217; Dealings\",\"item\":\"https:\\\/\\\/www.allgeier.com\\\/de\\\/investor-relations\\\/directors-dealings\\\/\"},{\"@type\":\"ListItem\",\"position\":4,\"name\":\"Lantano Beteiligungen GmbH\"}]},{\"@type\":\"WebSite\",\"@id\":\"https:\\\/\\\/www.allgeier.com\\\/de\\\/#website\",\"url\":\"https:\\\/\\\/www.allgeier.com\\\/de\\\/\",\"name\":\"Allgeier SE\",\"description\":\"Software &amp; IT Services for digital transformation\",\"potentialAction\":[{\"@type\":\"SearchAction\",\"target\":{\"@type\":\"EntryPoint\",\"urlTemplate\":\"https:\\\/\\\/www.allgeier.com\\\/de\\\/?s={search_term_string}\"},\"query-input\":{\"@type\":\"PropertyValueSpecification\",\"valueRequired\":true,\"valueName\":\"search_term_string\"}}],\"inLanguage\":\"de\"}]}<\/script>\n<!-- \/ Yoast SEO plugin. -->","yoast_head_json":{"title":"Lantano Beteiligungen GmbH - Allgeier SE","robots":{"index":"index","follow":"follow","max-snippet":"max-snippet:-1","max-image-preview":"max-image-preview:large","max-video-preview":"max-video-preview:-1"},"canonical":"https:\/\/www.allgeier.com\/de\/investor-relations\/directors-dealings\/lantano-beteiligungen-gmbh\/","og_locale":"de_DE","og_type":"article","og_title":"Lantano Beteiligungen GmbH - Allgeier SE","og_description":"Meldung und \u00f6ffentliche Bekanntgabe der Gesch\u00e4fte von Personen, die F\u00fchrungsaufgaben wahrnehmen, sowie in enger Beziehung zu ihnen stehenden Personen  10.01.2019 \/ 14:37  F\u00fcr den Inhalt der Mitteilung ist der Emittent \/ Herausgeber verantwortlich.      1. Angaben zu den Personen,","og_url":"https:\/\/www.allgeier.com\/de\/investor-relations\/directors-dealings\/lantano-beteiligungen-gmbh\/","og_site_name":"Allgeier SE","article_modified_time":"2025-07-23T10:25:28+00:00","twitter_card":"summary_large_image","twitter_misc":{"Gesch\u00e4tzte Lesezeit":"1\u00a0Minute"},"schema":{"@context":"https:\/\/schema.org","@graph":[{"@type":"WebPage","@id":"https:\/\/www.allgeier.com\/de\/investor-relations\/directors-dealings\/lantano-beteiligungen-gmbh\/","url":"https:\/\/www.allgeier.com\/de\/investor-relations\/directors-dealings\/lantano-beteiligungen-gmbh\/","name":"Lantano Beteiligungen GmbH - Allgeier SE","isPartOf":{"@id":"https:\/\/www.allgeier.com\/de\/#website"},"datePublished":"2019-01-10T13:37:37+00:00","dateModified":"2025-07-23T10:25:28+00:00","breadcrumb":{"@id":"https:\/\/www.allgeier.com\/de\/investor-relations\/directors-dealings\/lantano-beteiligungen-gmbh\/#breadcrumb"},"inLanguage":"de","potentialAction":[{"@type":"ReadAction","target":["https:\/\/www.allgeier.com\/de\/investor-relations\/directors-dealings\/lantano-beteiligungen-gmbh\/"]}]},{"@type":"BreadcrumbList","@id":"https:\/\/www.allgeier.com\/de\/investor-relations\/directors-dealings\/lantano-beteiligungen-gmbh\/#breadcrumb","itemListElement":[{"@type":"ListItem","position":1,"name":"Home","item":"https:\/\/www.allgeier.com\/de\/"},{"@type":"ListItem","position":2,"name":"Investor Relations","item":"https:\/\/www.allgeier.com\/de\/investor-relations\/"},{"@type":"ListItem","position":3,"name":"Directors&#8217; Dealings","item":"https:\/\/www.allgeier.com\/de\/investor-relations\/directors-dealings\/"},{"@type":"ListItem","position":4,"name":"Lantano Beteiligungen GmbH"}]},{"@type":"WebSite","@id":"https:\/\/www.allgeier.com\/de\/#website","url":"https:\/\/www.allgeier.com\/de\/","name":"Allgeier SE","description":"Software &amp; IT Services for digital transformation","potentialAction":[{"@type":"SearchAction","target":{"@type":"EntryPoint","urlTemplate":"https:\/\/www.allgeier.com\/de\/?s={search_term_string}"},"query-input":{"@type":"PropertyValueSpecification","valueRequired":true,"valueName":"search_term_string"}}],"inLanguage":"de"}]}},"_links":{"self":[{"href":"https:\/\/www.allgeier.com\/de\/wp-json\/wp\/v2\/pages\/6535","targetHints":{"allow":["GET"]}}],"collection":[{"href":"https:\/\/www.allgeier.com\/de\/wp-json\/wp\/v2\/pages"}],"about":[{"href":"https:\/\/www.allgeier.com\/de\/wp-json\/wp\/v2\/types\/page"}],"author":[{"embeddable":true,"href":"https:\/\/www.allgeier.com\/de\/wp-json\/wp\/v2\/users\/4"}],"replies":[{"embeddable":true,"href":"https:\/\/www.allgeier.com\/de\/wp-json\/wp\/v2\/comments?post=6535"}],"version-history":[{"count":1,"href":"https:\/\/www.allgeier.com\/de\/wp-json\/wp\/v2\/pages\/6535\/revisions"}],"predecessor-version":[{"id":6536,"href":"https:\/\/www.allgeier.com\/de\/wp-json\/wp\/v2\/pages\/6535\/revisions\/6536"}],"up":[{"embeddable":true,"href":"https:\/\/www.allgeier.com\/de\/wp-json\/wp\/v2\/pages\/4613"}],"wp:attachment":[{"href":"https:\/\/www.allgeier.com\/de\/wp-json\/wp\/v2\/media?parent=6535"}],"wp:term":[{"taxonomy":"category","embeddable":true,"href":"https:\/\/www.allgeier.com\/de\/wp-json\/wp\/v2\/categories?post=6535"},{"taxonomy":"post_tag","embeddable":true,"href":"https:\/\/www.allgeier.com\/de\/wp-json\/wp\/v2\/tags?post=6535"}],"curies":[{"name":"wp","href":"https:\/\/api.w.org\/{rel}","templated":true}]}}