{"id":6713,"date":"2023-09-04T14:30:35","date_gmt":"2023-09-04T14:30:35","guid":{"rendered":"https:\/\/www.allgeier.com\/de\/?page_id=6713"},"modified":"2025-07-23T10:26:12","modified_gmt":"2025-07-23T10:26:12","slug":"lantano-beteiligungen-gmbh-8","status":"publish","type":"page","link":"https:\/\/www.allgeier.com\/de\/investor-relations\/directors-dealings\/lantano-beteiligungen-gmbh-8\/","title":{"rendered":"Lantano Beteiligungen GmbH"},"content":{"rendered":"<table border=\"0\">\n<tr>\n<td>\n<p><\/p>\n<p>Meldung und \u00f6ffentliche Bekanntgabe der Gesch\u00e4fte von Personen, die F\u00fchrungsaufgaben wahrnehmen, sowie in enger Beziehung zu ihnen stehenden Personen <\/p>\n<p>04.09.2023 \/ 16:29 CET\/CEST<\/p>\n<p>F\u00fcr den Inhalt der Mitteilung ist der Emittent \/ Herausgeber verantwortlich.<\/p>\n<hr \/>\n<div>\n<p><strong>1. Angaben zu den Personen, die F\u00fchrungsaufgaben wahrnehmen, sowie zu den in enger Beziehung zu ihnen stehenden Personen<\/strong><\/p>\n<p>a) Name<\/p>\n<table border=\"1\">\n<tr>\n<td>Name und Rechtsform:<\/td>\n<td>Lantano Beteiligungen GmbH<\/td>\n<\/tr>\n<\/table>\n<p><strong>2. Grund der Meldung<\/strong><\/p>\n<p>a) Position \/ Status<\/p>\n<table border=\"1\">\n<tr>\n<td colspan=\"2\">Person steht in enger Beziehung zu:<\/td>\n<\/tr>\n<tr>\n<td>Titel:<\/td>\n<td \/>\n<\/tr>\n<tr>\n<td>Vorname:<\/td>\n<td>Carl Georg<\/td>\n<\/tr>\n<tr>\n<td>Nachname(n):<\/td>\n<td>D\u00fcrschmidt<\/td>\n<\/tr>\n<tr>\n<td>Position:<\/td>\n<td>Aufsichtsrat<\/td>\n<\/tr>\n<\/table>\n<p><\/p>\n<p>b) Erstmeldung<\/p>\n<p><strong>3. Angaben zum Emittenten, zum Teilnehmer am Markt f\u00fcr Emissionszertifikate, zur Versteigerungsplattform, zum Versteigerer oder zur Auktionsaufsicht<\/strong><\/p>\n<p>a) Name<\/p>\n<table border=\"1\">\n<tr>\n<td>ALLGEIER SE<\/td>\n<\/tr>\n<\/table>\n<p>\nb) LEI<\/p>\n<table border=\"1\">\n<tr>\n<td>529900IQAYRZIGKOJL63\u00a0<\/td>\n<\/tr>\n<\/table>\n<p><strong>4. Angaben zum Gesch\u00e4ft\/zu den Gesch\u00e4ften<\/strong><\/p>\n<p>a) Beschreibung des Finanzinstruments, Art des Instruments, Kennung<\/p>\n<table border=\"1\">\n<tr>\n<td>Art:<\/td>\n<td>Aktie<\/td>\n<\/tr>\n<tr>\n<td>ISIN:<\/td>\n<td>DE000A2GS633<\/td>\n<\/tr>\n<\/table>\n<p>\nb) Art des Gesch\u00e4fts<\/p>\n<table border=\"1\">\n<tr>\n<td>Kauf<\/td>\n<\/tr>\n<\/table>\n<p>\nc) Preis(e) und Volumen<\/p>\n<table border=\"1\">\n<tr>\n<td>Preis(e)<\/td>\n<td>Volumen<\/td>\n<\/tr>\n<tr>\n<td>22.125 EUR<\/td>\n<td>2765.625 EUR<\/td>\n<\/tr>\n<tr>\n<td>22.10 EUR<\/td>\n<td>2298.40 EUR<\/td>\n<\/tr>\n<\/table>\n<p>\nd) Aggregierte Informationen<\/p>\n<table border=\"1\">\n<tr>\n<td>Preis<\/td>\n<td>Aggregiertes Volumen<\/td>\n<\/tr>\n<tr>\n<td>22.1136 EUR<\/td>\n<td>5064.025 EUR<\/td>\n<\/tr>\n<\/table>\n<p>\ne) Datum des Gesch\u00e4fts<\/p>\n<table border=\"1\">\n<tr>\n<td>04.09.2023; UTC+2<\/td>\n<\/tr>\n<\/table>\n<p>\nf) Ort des Gesch\u00e4fts<\/p>\n<table border=\"1\">\n<tr>\n<td>Name:<\/td>\n<td>CBOE EUROPE &#8211; DXE PERIODIC (NL)<\/td>\n<\/tr>\n<tr>\n<td>MIC:<\/td>\n<td>BEUP<\/td>\n<\/tr>\n<\/table>\n<p><\/div>\n<p><\/p>\n<hr \/>\n<p>\n04.09.2023 CET\/CEST Die EQS Distributionsservices umfassen gesetzliche Meldepflichten, Corporate News\/Finanznachrichten und Pressemitteilungen.<br \/>Medienarchiv unter https:\/\/eqs-news.com<\/p>\n<hr \/>\n<\/td>\n<\/tr>\n<\/table>\n<table>\n<tr>\n<td align=\"left\" valign=\"top\">Sprache:<\/td>\n<td align=\"left\" valign=\"top\">Deutsch<\/td>\n<\/tr>\n<tr>\n<td align=\"left\" valign=\"top\">Unternehmen:<\/td>\n<td align=\"left\" valign=\"top\">ALLGEIER SE<\/td>\n<\/tr>\n<tr>\n<td align=\"left\" valign=\"top\" \/>\n<td align=\"left\" valign=\"top\">Einsteinstra\u00dfe 172<\/td>\n<\/tr>\n<tr>\n<td align=\"left\" valign=\"top\" \/>\n<td align=\"left\" valign=\"top\">81677 M\u00fcnchen<\/td>\n<\/tr>\n<tr>\n<td align=\"left\" valign=\"top\" \/>\n<td align=\"left\" valign=\"top\">Deutschland<\/td>\n<\/tr>\n<tr>\n<td align=\"left\" valign=\"top\">Internet:<\/td>\n<td align=\"left\" valign=\"top\">http:\/\/www.allgeier.com<\/td>\n<\/tr>\n<\/table>\n<p><\/p>\n<table border=\"0\">\n<tr>\n<td align=\"left\" valign=\"top\" colspan=\"2\" \/>\n<\/tr>\n<\/table>\n<table border=\"0\">\n<tr>\n<td align=\"left\" valign=\"top\" colspan=\"2\">\u00a0<\/td>\n<\/tr>\n<tr>\n<td align=\"left\" valign=\"top\">Ende der Mitteilung<\/td>\n<td align=\"left\" valign=\"top\">EQS News-Service<\/td>\n<\/tr>\n<\/table>\n<table border=\"0\">\n<tr>\n<td>\n<hr \/>\n<\/td>\n<\/tr>\n<\/table>\n<p>\n85613\u00a0\u00a004.09.2023\u00a0CET\/CEST<\/p>\n","protected":false},"excerpt":{"rendered":"<p>Meldung und \u00f6ffentliche Bekanntgabe der Gesch\u00e4fte von Personen, die F\u00fchrungsaufgaben wahrnehmen, sowie in enger Beziehung zu ihnen stehenden Personen     04.09.2023 \/ 16:29 CET\/CEST   F\u00fcr den Inhalt der Mitteilung ist der Emittent \/ Herausgeber verantwortlich.           1. Angaben zu<\/p>\n","protected":false},"author":4,"featured_media":0,"parent":4613,"menu_order":0,"comment_status":"close","ping_status":"closed","template":"","meta":{"_acf_changed":false,"footnotes":""},"categories":[],"tags":[],"class_list":["post-6713","page","type-page","status-publish","hentry"],"acf":[],"yoast_head":"<!-- This site is optimized with the Yoast SEO plugin v27.2 - https:\/\/yoast.com\/product\/yoast-seo-wordpress\/ -->\n<title>Lantano Beteiligungen GmbH - Allgeier SE<\/title>\n<meta name=\"robots\" content=\"index, follow, max-snippet:-1, max-image-preview:large, max-video-preview:-1\" \/>\n<link rel=\"canonical\" href=\"https:\/\/www.allgeier.com\/de\/investor-relations\/directors-dealings\/lantano-beteiligungen-gmbh-8\/\" \/>\n<meta property=\"og:locale\" content=\"de_DE\" \/>\n<meta property=\"og:type\" content=\"article\" \/>\n<meta property=\"og:title\" content=\"Lantano Beteiligungen GmbH - Allgeier SE\" \/>\n<meta property=\"og:description\" content=\"Meldung und \u00f6ffentliche Bekanntgabe der Gesch\u00e4fte von Personen, die F\u00fchrungsaufgaben wahrnehmen, sowie in enger Beziehung zu ihnen stehenden Personen   04.09.2023 \/ 16:29 CET\/CEST  F\u00fcr den Inhalt der Mitteilung ist der Emittent \/ Herausgeber verantwortlich.      1. Angaben zu\" \/>\n<meta property=\"og:url\" content=\"https:\/\/www.allgeier.com\/de\/investor-relations\/directors-dealings\/lantano-beteiligungen-gmbh-8\/\" \/>\n<meta property=\"og:site_name\" content=\"Allgeier SE\" \/>\n<meta property=\"article:modified_time\" content=\"2025-07-23T10:26:12+00:00\" \/>\n<meta name=\"twitter:card\" content=\"summary_large_image\" \/>\n<meta name=\"twitter:label1\" content=\"Gesch\u00e4tzte Lesezeit\" \/>\n\t<meta name=\"twitter:data1\" content=\"1\u00a0Minute\" \/>\n<script type=\"application\/ld+json\" class=\"yoast-schema-graph\">{\"@context\":\"https:\/\/schema.org\",\"@graph\":[{\"@type\":\"WebPage\",\"@id\":\"https:\/\/www.allgeier.com\/de\/investor-relations\/directors-dealings\/lantano-beteiligungen-gmbh-8\/\",\"url\":\"https:\/\/www.allgeier.com\/de\/investor-relations\/directors-dealings\/lantano-beteiligungen-gmbh-8\/\",\"name\":\"Lantano Beteiligungen GmbH - Allgeier SE\",\"isPartOf\":{\"@id\":\"https:\/\/www.allgeier.com\/de\/#website\"},\"datePublished\":\"2023-09-04T14:30:35+00:00\",\"dateModified\":\"2025-07-23T10:26:12+00:00\",\"breadcrumb\":{\"@id\":\"https:\/\/www.allgeier.com\/de\/investor-relations\/directors-dealings\/lantano-beteiligungen-gmbh-8\/#breadcrumb\"},\"inLanguage\":\"de\",\"potentialAction\":[{\"@type\":\"ReadAction\",\"target\":[\"https:\/\/www.allgeier.com\/de\/investor-relations\/directors-dealings\/lantano-beteiligungen-gmbh-8\/\"]}]},{\"@type\":\"BreadcrumbList\",\"@id\":\"https:\/\/www.allgeier.com\/de\/investor-relations\/directors-dealings\/lantano-beteiligungen-gmbh-8\/#breadcrumb\",\"itemListElement\":[{\"@type\":\"ListItem\",\"position\":1,\"name\":\"Home\",\"item\":\"https:\/\/www.allgeier.com\/de\/\"},{\"@type\":\"ListItem\",\"position\":2,\"name\":\"Investor Relations\",\"item\":\"https:\/\/www.allgeier.com\/de\/investor-relations\/\"},{\"@type\":\"ListItem\",\"position\":3,\"name\":\"Directors&#8217; Dealings\",\"item\":\"https:\/\/www.allgeier.com\/de\/investor-relations\/directors-dealings\/\"},{\"@type\":\"ListItem\",\"position\":4,\"name\":\"Lantano Beteiligungen GmbH\"}]},{\"@type\":\"WebSite\",\"@id\":\"https:\/\/www.allgeier.com\/de\/#website\",\"url\":\"https:\/\/www.allgeier.com\/de\/\",\"name\":\"Allgeier SE\",\"description\":\"Software &amp; IT Services for digital transformation\",\"potentialAction\":[{\"@type\":\"SearchAction\",\"target\":{\"@type\":\"EntryPoint\",\"urlTemplate\":\"https:\/\/www.allgeier.com\/de\/?s={search_term_string}\"},\"query-input\":{\"@type\":\"PropertyValueSpecification\",\"valueRequired\":true,\"valueName\":\"search_term_string\"}}],\"inLanguage\":\"de\"}]}<\/script>\n<!-- \/ Yoast SEO plugin. -->","yoast_head_json":{"title":"Lantano Beteiligungen GmbH - Allgeier SE","robots":{"index":"index","follow":"follow","max-snippet":"max-snippet:-1","max-image-preview":"max-image-preview:large","max-video-preview":"max-video-preview:-1"},"canonical":"https:\/\/www.allgeier.com\/de\/investor-relations\/directors-dealings\/lantano-beteiligungen-gmbh-8\/","og_locale":"de_DE","og_type":"article","og_title":"Lantano Beteiligungen GmbH - Allgeier SE","og_description":"Meldung und \u00f6ffentliche Bekanntgabe der Gesch\u00e4fte von Personen, die F\u00fchrungsaufgaben wahrnehmen, sowie in enger Beziehung zu ihnen stehenden Personen   04.09.2023 \/ 16:29 CET\/CEST  F\u00fcr den Inhalt der Mitteilung ist der Emittent \/ Herausgeber verantwortlich.      1. Angaben zu","og_url":"https:\/\/www.allgeier.com\/de\/investor-relations\/directors-dealings\/lantano-beteiligungen-gmbh-8\/","og_site_name":"Allgeier SE","article_modified_time":"2025-07-23T10:26:12+00:00","twitter_card":"summary_large_image","twitter_misc":{"Gesch\u00e4tzte Lesezeit":"1\u00a0Minute"},"schema":{"@context":"https:\/\/schema.org","@graph":[{"@type":"WebPage","@id":"https:\/\/www.allgeier.com\/de\/investor-relations\/directors-dealings\/lantano-beteiligungen-gmbh-8\/","url":"https:\/\/www.allgeier.com\/de\/investor-relations\/directors-dealings\/lantano-beteiligungen-gmbh-8\/","name":"Lantano Beteiligungen GmbH - Allgeier SE","isPartOf":{"@id":"https:\/\/www.allgeier.com\/de\/#website"},"datePublished":"2023-09-04T14:30:35+00:00","dateModified":"2025-07-23T10:26:12+00:00","breadcrumb":{"@id":"https:\/\/www.allgeier.com\/de\/investor-relations\/directors-dealings\/lantano-beteiligungen-gmbh-8\/#breadcrumb"},"inLanguage":"de","potentialAction":[{"@type":"ReadAction","target":["https:\/\/www.allgeier.com\/de\/investor-relations\/directors-dealings\/lantano-beteiligungen-gmbh-8\/"]}]},{"@type":"BreadcrumbList","@id":"https:\/\/www.allgeier.com\/de\/investor-relations\/directors-dealings\/lantano-beteiligungen-gmbh-8\/#breadcrumb","itemListElement":[{"@type":"ListItem","position":1,"name":"Home","item":"https:\/\/www.allgeier.com\/de\/"},{"@type":"ListItem","position":2,"name":"Investor Relations","item":"https:\/\/www.allgeier.com\/de\/investor-relations\/"},{"@type":"ListItem","position":3,"name":"Directors&#8217; Dealings","item":"https:\/\/www.allgeier.com\/de\/investor-relations\/directors-dealings\/"},{"@type":"ListItem","position":4,"name":"Lantano Beteiligungen GmbH"}]},{"@type":"WebSite","@id":"https:\/\/www.allgeier.com\/de\/#website","url":"https:\/\/www.allgeier.com\/de\/","name":"Allgeier SE","description":"Software &amp; IT Services for digital transformation","potentialAction":[{"@type":"SearchAction","target":{"@type":"EntryPoint","urlTemplate":"https:\/\/www.allgeier.com\/de\/?s={search_term_string}"},"query-input":{"@type":"PropertyValueSpecification","valueRequired":true,"valueName":"search_term_string"}}],"inLanguage":"de"}]}},"_links":{"self":[{"href":"https:\/\/www.allgeier.com\/de\/wp-json\/wp\/v2\/pages\/6713","targetHints":{"allow":["GET"]}}],"collection":[{"href":"https:\/\/www.allgeier.com\/de\/wp-json\/wp\/v2\/pages"}],"about":[{"href":"https:\/\/www.allgeier.com\/de\/wp-json\/wp\/v2\/types\/page"}],"author":[{"embeddable":true,"href":"https:\/\/www.allgeier.com\/de\/wp-json\/wp\/v2\/users\/4"}],"replies":[{"embeddable":true,"href":"https:\/\/www.allgeier.com\/de\/wp-json\/wp\/v2\/comments?post=6713"}],"version-history":[{"count":1,"href":"https:\/\/www.allgeier.com\/de\/wp-json\/wp\/v2\/pages\/6713\/revisions"}],"predecessor-version":[{"id":6714,"href":"https:\/\/www.allgeier.com\/de\/wp-json\/wp\/v2\/pages\/6713\/revisions\/6714"}],"up":[{"embeddable":true,"href":"https:\/\/www.allgeier.com\/de\/wp-json\/wp\/v2\/pages\/4613"}],"wp:attachment":[{"href":"https:\/\/www.allgeier.com\/de\/wp-json\/wp\/v2\/media?parent=6713"}],"wp:term":[{"taxonomy":"category","embeddable":true,"href":"https:\/\/www.allgeier.com\/de\/wp-json\/wp\/v2\/categories?post=6713"},{"taxonomy":"post_tag","embeddable":true,"href":"https:\/\/www.allgeier.com\/de\/wp-json\/wp\/v2\/tags?post=6713"}],"curies":[{"name":"wp","href":"https:\/\/api.w.org\/{rel}","templated":true}]}}