{"id":6747,"date":"2006-07-12T18:58:27","date_gmt":"2006-07-12T18:58:27","guid":{"rendered":"https:\/\/www.allgeier.com\/de\/?page_id=6747"},"modified":"2025-07-23T10:26:37","modified_gmt":"2025-07-23T10:26:37","slug":"allgeier-plant-kapitalerhoehung-fuer-akquisitionen-2","status":"publish","type":"page","link":"https:\/\/www.allgeier.com\/de\/investor-relations\/adhoc-announcements\/allgeier-plant-kapitalerhoehung-fuer-akquisitionen-2\/","title":{"rendered":"Allgeier plant Kapitalerh\u00f6hung f\u00fcr Akquisitionen"},"content":{"rendered":"<p><b>Allgeier Holding AG \/ Jahresergebnis\/Kapitalerh\u00f6hung<\/b><\/p>\n<p>Ad-hoc-Meldung nach \u00a7 15 WpHG \u00fcbermittelt durch die DGAP &#8211; ein Unternehmen der EquityStory AG.<br \/>\nF\u00fcr den Inhalt der Mitteilung ist der Emittent verantwortlich.<br \/>\n&#8212;&#8212;&#8212;&#8212;&#8212;&#8212;&#8212;&#8212;&#8212;&#8212;&#8212;&#8212;&#8212;&#8212;&#8212;&#8212;&#8212;&#8212;&#8212;&#8212;&#8212;&#8212;&#8212;&#8212;&#8212;<\/p>\n<p>Allgeier legt Jahresabschluss 2005 vor, keine wesentlichen Abweichungen zu<br \/>\nbereits gemeldeten Zahlen<\/p>\n<p>Starker Ausbau der Gruppe durch drei weitere Beteiligungen geplant<\/p>\n<p>Deutliche Auswirkungen in 2007 erwartet: Umsatz ca. 210 Mio. \u20ac, EBIT ca. 14<br \/>\nMio. \u20ac<\/p>\n<p>Pr\u00fcfung einer Kapitalerh\u00f6hung aus genehmigtem Kapital<\/p>\n<p>M\u00fcnchen 12.07.2006 <\/p>\n<p>Jahresabschluss 2005<\/p>\n<p>Allgeier legt abschlie\u00dfende und gepr\u00fcfte Zahlen f\u00fcr das Gesch\u00e4ftsjahr 2005<br \/>\nvor. Der Aufsichtsrat hat mit Beschluss vom 12.07.2006 den Jahresabschluss<br \/>\nder Allgeier Holding AG und den Konzernabschluss gebilligt. Der<br \/>\nJahresabschluss der Allgeier Holding AG ist damit festgestellt. Der<br \/>\nKonzernabschluss 2005 enth\u00e4lt keine wesentlichen Abweichungen zu den schon<br \/>\nmit Ad-hoc-Mitteilung am 16.06.2006 ver\u00f6ffentlichten Zahlen. Der<br \/>\nGesch\u00e4ftsbericht mit dem darin enthaltenen Konzernabschluss wird bis<br \/>\nsp\u00e4testens zum 21.07.2006 in dem IR Bereich der Unternehmens-Webseite<br \/>\nver\u00f6ffentlicht werden.<\/p>\n<p>Starker Ausbau der Gruppe durch drei weitere Akquisitionen geplant<\/p>\n<p>Allgeier h\u00e4lt an seiner Wachstumsstrategie fest und beabsichtigt, das<br \/>\nKerngesch\u00e4ft IT-Services und Personal-Services weiter deutlich auszubauen.<br \/>\nIn den letzten Monaten wurden drei weitere Akquisitionen vorbereitet, die<br \/>\nin den n\u00e4chsten Wochen umgesetzt werden sollen:<\/p>\n<p>  &#8211; Im Bereich IT-Services soll die bereits mit Ad-hoc-Mitteilung am<br \/>\n    24.04.2006 angek\u00fcndigte Akquisition durchgef\u00fchrt werden. Das<br \/>\n    Zielunternehmen erwirtschaftete in seinem zum 30.06.2006<br \/>\n    abgeschlossenen Gesch\u00e4ftsjahr einen Umsatz von ca. 27 Mio. \u20ac bei einem<br \/>\n    positiven Ergebnis vor Zinsen und Steuern (EBIT) von ca. 1,5 Mio. \u20ac und<br \/>\n    soll zu 100% erworben werden. Die Pr\u00fcfung der betreffenden Beteiligung<br \/>\n    (Due Diligence) ist mit positivem Ergebnis abgeschlossen und die<br \/>\n    Transaktion vom Aufsichtsrat genehmigt. Die Durchf\u00fchrung des<br \/>\n    Firmenkaufs h\u00e4ngt noch von einer zufrieden stellenden Finanzierung ab.<br \/>\n    Diese soll aus Eigen- und Fremdkapitalkomponenten bestehen. Das stark<br \/>\n    wachsende Zielunternehmen w\u00fcrde bei angenommener Konsolidierung im<br \/>\n    Konzern ab September im laufenden Konzerngesch\u00e4ftsjahr (31.12.2006)<br \/>\n    voraussichtlich einen Umsatzbeitrag in H\u00f6he von ca. 10 Mio. \u20ac leisten.<\/p>\n<p>  &#8211; Im Bereich Personal-Services ist die Akquisition eines etablierten<br \/>\n    mittelst\u00e4ndischen Unternehmens im Sektor Zeitarbeit weitgehend<br \/>\n    endverhandelt. Das Zielunternehmen erwirtschaftete zum 31.12.2005 einen<br \/>\n    Jahresumsatz von \u00fcber 20 Mio. \u20ac, ist im ersten Halbjahr 2006 erheblich<br \/>\n    gewachsen und soll zu 90% \u00fcbernommen werden. Die Beteiligungspr\u00fcfung<br \/>\n    (Due Diligence) ist abgeschlossen und der Aufsichtsrat hat der<br \/>\n    Transaktion unter dem Vorbehalt einer zufrieden stellenden Finanzierung<br \/>\n    zugestimmt. Das stark wachsende Zielunternehmen w\u00fcrde bei angenommener<br \/>\n    Konsolidierung im Konzern ab Oktober 2006 im laufenden<br \/>\n    Konzerngesch\u00e4ftsjahr (31.12.2006) voraussichtlich einen Umsatzbeitrag<br \/>\n    in H\u00f6he von 8 Mio. \u20ac leisten.<\/p>\n<p>Dar\u00fcber hinaus ist die Akquisition eines weiteren etablierten<br \/>\nmittelst\u00e4ndischen Unternehmens im Sektor Zeitarbeit in Verhandlung. Das<br \/>\nZielunternehmen erwirtschaftete zum 31.12.2005 einen Jahresumsatz von \u00fcber<br \/>\n10 Mio. \u20ac, ist im ersten Halbjahr 2006 erheblich gewachsen und soll zu 90%<br \/>\n\u00fcbernommen werden. Die Beteiligungspr\u00fcfung (Due Diligence) ist ebenfalls<br \/>\nabgeschlossen, der Aufsichtsrat hat seine Zustimmung unter dem Vorbehalt<br \/>\neiner noch abschlie\u00dfenden Pr\u00fcfung der Finanzierung erteilt. Das stark<br \/>\nwachsende Zielunternehmen w\u00fcrde bei angenommener Konsolidierung ab Oktober<br \/>\n2006 im laufenden Gesch\u00e4ftsjahr (31.12.2006) voraussichtlich einen<br \/>\nUmsatzbeitrag in H\u00f6he von 2 Mio. \u20ac leisten.<\/p>\n<p>Auswirkungen der Neuakquisitionen in den Jahren 2006 und 2007<\/p>\n<p>F\u00fcr das laufende Konzerngesch\u00e4ftsjahr (31.12.2006) w\u00fcrde unter der<br \/>\nVoraussetzung des erfolgreichen Abschlusses der Transaktionen auf Basis<br \/>\neiner Konsolidierung der neuen Beteiligungen ab September bzw. Oktober 2006<br \/>\nein voraussichtlicher Umsatzbeitrag in H\u00f6he von ca. 20 Mio. \u20ac erwartet. Die<br \/>\nEffekte der IFRS Erstkonsolidierung (Purchase Price Allocation) f\u00fchren 2006<br \/>\nvoraussichtlich dazu, dass aus den Neuakquisitionen kein bedeutender<br \/>\nErgebnisbeitrag nach Abschreibungen (EBIT) entsteht.<\/p>\n<p>F\u00fcr das Konzerngesch\u00e4ftsjahr 2007 (31.12.2007) w\u00fcrde unter der<br \/>\nVoraussetzung des erfolgreichen Abschlusses der Transaktionen, der Umsatz<br \/>\nund das Ergebnis des Konzerns erheblich ausgeweitet. Die Firmenk\u00e4ufe w\u00fcrden<br \/>\nauf Basis ihrer bestehenden Unternehmensplanungen einen Beitrag zum<br \/>\nKonzernumsatz 2007 von ca. 80 Mio. \u20ac und zum Konzern-EBIT 2007 von ca. 5<br \/>\nMio. \u20ac leisten. Mit den geplanten Firmenk\u00e4ufen w\u00fcrde die Allgeier Gruppe<br \/>\ndas anvisierte Ziel erreichen, in den beiden Gesch\u00e4ftsbereichen IT-Services<br \/>\nund Personal-Services einen Umsatz von jeweils \u00fcber 100 Mio. \u20ac zu<br \/>\nerreichen.<\/p>\n<p>Guidance f\u00fcr die Jahre 2006 und 2007<\/p>\n<p>F\u00fcr das laufende Konzerngesch\u00e4ftsjahr (31.12.2006) betr\u00e4gt die bisher<br \/>\nver\u00f6ffentlichte Guidance zum Konzernumsatz 120 Mio. \u20ac, (2005: 72 Mio. \u20ac)<br \/>\nund zum Konzern-EBIT 9 Mio. \u20ac (2005: 3,1 Mio. \u20ac), die nochmals best\u00e4tigt<br \/>\nwerden. Eine Guidance f\u00fcr das Konzernergebnis 2006 vor Abschreibungen,<br \/>\nZinsen und Steuern (EBITDA) wird erstmals gegeben und auf 12 Mio. \u20ac (2005:<br \/>\n6,6 Mio. \u20ac) gesetzt.<\/p>\n<p>Im Falle der erfolgreichen Umsetzung der Transaktionen wie oben<br \/>\ndargestellt, w\u00fcrde die Guidance f\u00fcr das Konzerngesch\u00e4ftsjahr 2006 zum<br \/>\nKonzernumsatz von 120 Mio. \u20ac auf 140 Mio. \u20ac angehoben werden. Die Guidance<br \/>\nf\u00fcr das Konzern-EBITDA 2006 w\u00fcrde von 12 Mio. \u20ac auf 13 Mio. \u20ac heraufgesetzt<br \/>\nwerden. Die Guidance f\u00fcr das Konzern-EBIT w\u00fcrde auch mit den neuen<br \/>\nAkquisitionen nicht heraufgesetzt werden und w\u00fcrde weiter bei ca. 9 Mio. \u20ac<br \/>\n(2005: 3,2 Mio. \u20ac) liegen.<\/p>\n<p>F\u00fcr das Konzerngesch\u00e4ftsjahr 2007 (31.12.2007) w\u00fcrde auf Basis der<br \/>\nbestehenden Unternehmensplanungen der Tochtergesellschaften sowie der<br \/>\nvoraussichtlichen Neuakquisitionen ein Konzernumsatz von \u00fcber 210 Mio. \u20ac,<br \/>\nein Konzern-EBITDA in H\u00f6he von ca. 18 Mio. \u20ac und ein Konzern-EBIT in der<br \/>\nGr\u00f6\u00dfenordnung von \u00fcber 14 Mio. \u20ac erwartet.<\/p>\n<p>Die geplanten Transaktionen f\u00fchren zu einer Erh\u00f6hung der Verschuldung und<br \/>\nder Zinslast im Konzern. Trotz steigender Zinsen w\u00fcrde eine Erh\u00f6hung des<br \/>\nKonzernergebnisses vor Steuern (EBT) erwartet. Inklusive der drei neuen<br \/>\nBeteiligungen w\u00fcrde die Guidance zum Konzern-EBT 2006 auf \u00fcber 6 Mio. \u20ac,<br \/>\nf\u00fcr 2007 auf \u00fcber 11 Mio. \u20ac gesetzt.<\/p>\n<p>Pr\u00fcfung einer Kapitalerh\u00f6hung<\/p>\n<p>Zur Finanzierung der weiteren Entwicklung des Konzerns, insbesondere der<br \/>\nanstehenden Akquisitionen, ist eine St\u00e4rkung der Eigenkapitalbasis der<br \/>\nGesellschaft erforderlich. Vor diesem Hintergrund pr\u00fcft der Vorstand in<br \/>\nAbstimmung mit dem Aufsichtsrat eine Erh\u00f6hung des Grundkapitals um bis zu<br \/>\n10% durch Ausgabe von bis zu 412.000 neuen Aktien der Gesellschaft. Die<br \/>\nKapitalerh\u00f6hung soll kurzfristig unter teilweiser Ausnutzung des<br \/>\ngenehmigten Kapitals zum b\u00f6rsennahen Kurs unter Ausschluss des Bezugsrechts<br \/>\nder Altaktion\u00e4re erfolgen. Die VEM Aktienbank AG wird beauftragt, eine<br \/>\nkurzfristige Platzierung der Kapitalerh\u00f6hung an einzelne private und<br \/>\ninstitutionelle Investoren zu pr\u00fcfen. Einzelne Mitglieder von Vorstand und<br \/>\nAufsichtsrat sowie Mitglieder des oberen F\u00fchrungskreises des Konzerns haben<br \/>\nihre Bereitschaft erkl\u00e4rt, Teile der Kapitalerh\u00f6hung zu zeichnen.<\/p>\n<p>Durch die Kapitalerh\u00f6hung soll auch die Bewertung und das Vertrauen in das<br \/>\nUnternehmen im Kapitalmarkt gest\u00e4rkt werden. \u00dcber die Durchf\u00fchrung der<br \/>\nKapitalerh\u00f6hung werden Vorstand und Aufsichtsrat kurzfristig beschlie\u00dfen.<\/p>\n<p>Absage PREPS 2006<\/p>\n<p>Da konkrete Angebote zur Finanzierung der neuen Beteiligungen vorliegen,<br \/>\nhat die Gesellschaft ihre mit Ad-hoc-Meldung vom 26.04.2006 angek\u00fcndigte<br \/>\nTeilnahme an der weiteren Aufnahme von Genussrechtskapital nach dem<br \/>\nProgramm PREPS abgesagt.<\/p>\n<p>Allgeier Holding AG<br \/>\nCarl Georg D\u00fcrschmidt<br \/>\nVorstand<br \/>\nWehrlestr. 12<br \/>\n81679 M\u00fcnchen<br \/>\nTel. 089-998421-0<br \/>\nFax  089-998421-11<br \/>\nE-Mail: ir@allgeier-holding.de<br \/>\nwww.allgeier-holding.de<\/p>\n<p>Das Unternehmen<\/p>\n<p>Die Allgeier Holding AG fungiert als F\u00fchrungsholding einer europaweit<br \/>\nagierenden Unternehmensgruppe, die sich auf zwei wachstumsstarke M\u00e4rkte<br \/>\nkonzentriert: IT-Services und Personal-Services. Mit unseren IT-Services<br \/>\nunterst\u00fctzen wir Unternehmen bei der Umsetzung von Innovationen, der<br \/>\nVerbesserung des Informationsflusses und der Optimierung von<br \/>\nGesch\u00e4ftsabl\u00e4ufen. Die on-demand Personal-Services helfen unseren Kunden,<br \/>\nihre Prozesse und Kapazit\u00e4ten flexibel an die Auftragslage anzupassen. Ende<br \/>\n2005 besch\u00e4ftigte die Allgeier-Gruppe \u00fcber 2000 Mitarbeiter in neun<br \/>\neigenst\u00e4ndigen, leistungsf\u00e4higen Mittelstands-Unternehmen. Die Allgeier<br \/>\nHolding AG hat ihren Sitz in M\u00fcnchen und ist am geregelten Markt der<br \/>\nFrankfurter B\u00f6rse im Segment General Standard notiert (WKN 508630\/ISIN DE<br \/>\n000508630).<\/p>\n<p>Wichtiger Hinweis: Diese Ad-hoc Mitteilung\/Pressemitteilung enth\u00e4lt in die<br \/>\nZukunft gerichtete Aussagen, die auf Annahmen und Sch\u00e4tzungen der<br \/>\nUnternehmensleitung der Allgeier Holding AG beruhen. Auch wenn die<br \/>\nUnternehmensleitung der Ansicht ist, dass diese Annahmen und Sch\u00e4tzungen<br \/>\nzutreffend sind, k\u00f6nnen die k\u00fcnftige tats\u00e4chliche Entwicklung und die<br \/>\nk\u00fcnftigen tats\u00e4chlichen Ergebnisse von diesen Annahmen und Sch\u00e4tzungen<br \/>\naufgrund vielf\u00e4ltiger Faktoren erheblich abweichen. Zu diesen Faktoren<br \/>\nk\u00f6nnen beispielsweise die Ver\u00e4nderung der gesamtwirtschaftlichen Lage, der<br \/>\nWechselkurse, der Zinss\u00e4tze sowie Ver\u00e4nderungen innerhalb der<br \/>\nMarktentwicklung und der sich ver\u00e4nderten Wettbewerbssituation geh\u00f6ren. Die<br \/>\nAllgeier Holding AG \u00fcbernimmt keine Gew\u00e4hrleistung und keine Haftung daf\u00fcr,<br \/>\ndass die k\u00fcnftige Entwicklung und die k\u00fcnftig erzielten tats\u00e4chlichen<br \/>\nErgebnisse mit den in dieser Ad-hoc Mitteilung\/Pressemitteilung ge\u00e4u\u00dferten<br \/>\nAnnahmen und Sch\u00e4tzungen \u00fcbereinstimmen werden.<\/p>\n<p>DGAP 12.07.2006<br \/>\n&#8212;&#8212;&#8212;&#8212;&#8212;&#8212;&#8212;&#8212;&#8212;&#8212;&#8212;&#8212;&#8212;&#8212;&#8212;&#8212;&#8212;&#8212;&#8212;&#8212;&#8212;&#8212;&#8212;&#8212;&#8212;<\/p>\n<p>Sprache:      Deutsch<br \/>\nEmittent:     Allgeier Holding AG<br \/>\n              Wehrlestrasse 12<br \/>\n              81679 M\u00fcnchen Deutschland<br \/>\nTelefon:      +49 (0)89 998 421-0<br \/>\nFax:          +49 (0)89 998 421-11<br \/>\nE-mail:       info@allgeier.com<br \/>\nWWW:          www.allgeier-holding.com<br \/>\nISIN:         DE0005086300<br \/>\nWKN:          508630<br \/>\nIndizes:      CDAX<br \/>\nB\u00f6rsen:       Geregelter Markt in Frankfurt (General Standard); Freiverkehr<br \/>\n              in Berlin-Bremen, Stuttgart, Hamburg, D\u00fcsseldorf<\/p>\n<p>Ende der Mitteilung                             DGAP News-Service<\/p>\n<p>&#8212;&#8212;&#8212;&#8212;&#8212;&#8212;&#8212;&#8212;&#8212;&#8212;&#8212;&#8212;&#8212;&#8212;&#8212;&#8212;&#8212;&#8212;&#8212;&#8212;&#8212;&#8212;&#8212;&#8212;&#8212;<\/p>\n","protected":false},"excerpt":{"rendered":"<p>Allgeier legt Jahresabschluss 2005 vor, keine wesentlichen Abweichungen zu bereits gemeldeten Zahlen Starker Ausbau der Gruppe durch drei weitere Beteiligungen geplant Deutliche Auswirkungen in 2007 erwartet: Umsatz ca. 210 Mio. \u20ac, EBIT ca. 14 Mio. \u20ac Pr\u00fcfung einer Kapitalerh\u00f6hung aus genehmigte<\/p>\n","protected":false},"author":4,"featured_media":0,"parent":1155,"menu_order":0,"comment_status":"close","ping_status":"closed","template":"","meta":{"_acf_changed":false,"footnotes":""},"categories":[],"tags":[],"class_list":["post-6747","page","type-page","status-publish","hentry"],"acf":[],"yoast_head":"<!-- This site is optimized with the Yoast SEO plugin v27.4 - https:\/\/yoast.com\/product\/yoast-seo-wordpress\/ -->\n<title>Allgeier plant Kapitalerh\u00f6hung f\u00fcr Akquisitionen - Allgeier SE<\/title>\n<meta name=\"robots\" content=\"index, follow, max-snippet:-1, max-image-preview:large, max-video-preview:-1\" \/>\n<link rel=\"canonical\" href=\"https:\/\/www.allgeier.com\/de\/investor-relations\/adhoc-announcements\/allgeier-plant-kapitalerhoehung-fuer-akquisitionen-2\/\" \/>\n<meta property=\"og:locale\" content=\"de_DE\" \/>\n<meta property=\"og:type\" content=\"article\" \/>\n<meta property=\"og:title\" content=\"Allgeier plant Kapitalerh\u00f6hung f\u00fcr Akquisitionen - Allgeier SE\" \/>\n<meta property=\"og:description\" content=\"Allgeier legt Jahresabschluss 2005 vor, keine wesentlichen Abweichungen zu bereits gemeldeten Zahlen Starker Ausbau der Gruppe durch drei weitere Beteiligungen geplant Deutliche Auswirkungen in 2007 erwartet: Umsatz ca. 210 Mio. \u20ac, EBIT ca. 14 Mio. \u20ac Pr\u00fcfung einer Kapitalerh\u00f6hung aus genehmigte\" \/>\n<meta property=\"og:url\" content=\"https:\/\/www.allgeier.com\/de\/investor-relations\/adhoc-announcements\/allgeier-plant-kapitalerhoehung-fuer-akquisitionen-2\/\" \/>\n<meta property=\"og:site_name\" content=\"Allgeier SE\" \/>\n<meta property=\"article:modified_time\" content=\"2025-07-23T10:26:37+00:00\" \/>\n<meta name=\"twitter:card\" content=\"summary_large_image\" \/>\n<meta name=\"twitter:label1\" content=\"Gesch\u00e4tzte Lesezeit\" \/>\n\t<meta name=\"twitter:data1\" content=\"7\u00a0Minuten\" \/>\n<script type=\"application\/ld+json\" class=\"yoast-schema-graph\">{\"@context\":\"https:\\\/\\\/schema.org\",\"@graph\":[{\"@type\":\"WebPage\",\"@id\":\"https:\\\/\\\/www.allgeier.com\\\/de\\\/investor-relations\\\/adhoc-announcements\\\/allgeier-plant-kapitalerhoehung-fuer-akquisitionen-2\\\/\",\"url\":\"https:\\\/\\\/www.allgeier.com\\\/de\\\/investor-relations\\\/adhoc-announcements\\\/allgeier-plant-kapitalerhoehung-fuer-akquisitionen-2\\\/\",\"name\":\"Allgeier plant Kapitalerh\u00f6hung f\u00fcr Akquisitionen - Allgeier SE\",\"isPartOf\":{\"@id\":\"https:\\\/\\\/www.allgeier.com\\\/de\\\/#website\"},\"datePublished\":\"2006-07-12T18:58:27+00:00\",\"dateModified\":\"2025-07-23T10:26:37+00:00\",\"breadcrumb\":{\"@id\":\"https:\\\/\\\/www.allgeier.com\\\/de\\\/investor-relations\\\/adhoc-announcements\\\/allgeier-plant-kapitalerhoehung-fuer-akquisitionen-2\\\/#breadcrumb\"},\"inLanguage\":\"de\",\"potentialAction\":[{\"@type\":\"ReadAction\",\"target\":[\"https:\\\/\\\/www.allgeier.com\\\/de\\\/investor-relations\\\/adhoc-announcements\\\/allgeier-plant-kapitalerhoehung-fuer-akquisitionen-2\\\/\"]}]},{\"@type\":\"BreadcrumbList\",\"@id\":\"https:\\\/\\\/www.allgeier.com\\\/de\\\/investor-relations\\\/adhoc-announcements\\\/allgeier-plant-kapitalerhoehung-fuer-akquisitionen-2\\\/#breadcrumb\",\"itemListElement\":[{\"@type\":\"ListItem\",\"position\":1,\"name\":\"Home\",\"item\":\"https:\\\/\\\/www.allgeier.com\\\/de\\\/\"},{\"@type\":\"ListItem\",\"position\":2,\"name\":\"Investor Relations\",\"item\":\"https:\\\/\\\/www.allgeier.com\\\/de\\\/investor-relations\\\/\"},{\"@type\":\"ListItem\",\"position\":3,\"name\":\"Ad hoc-Mitteilungen\",\"item\":\"https:\\\/\\\/www.allgeier.com\\\/de\\\/investor-relations\\\/adhoc-announcements\\\/\"},{\"@type\":\"ListItem\",\"position\":4,\"name\":\"Allgeier plant Kapitalerh\u00f6hung f\u00fcr Akquisitionen\"}]},{\"@type\":\"WebSite\",\"@id\":\"https:\\\/\\\/www.allgeier.com\\\/de\\\/#website\",\"url\":\"https:\\\/\\\/www.allgeier.com\\\/de\\\/\",\"name\":\"Allgeier SE\",\"description\":\"Software &amp; IT Services for digital transformation\",\"potentialAction\":[{\"@type\":\"SearchAction\",\"target\":{\"@type\":\"EntryPoint\",\"urlTemplate\":\"https:\\\/\\\/www.allgeier.com\\\/de\\\/?s={search_term_string}\"},\"query-input\":{\"@type\":\"PropertyValueSpecification\",\"valueRequired\":true,\"valueName\":\"search_term_string\"}}],\"inLanguage\":\"de\"}]}<\/script>\n<!-- \/ Yoast SEO plugin. -->","yoast_head_json":{"title":"Allgeier plant Kapitalerh\u00f6hung f\u00fcr Akquisitionen - Allgeier SE","robots":{"index":"index","follow":"follow","max-snippet":"max-snippet:-1","max-image-preview":"max-image-preview:large","max-video-preview":"max-video-preview:-1"},"canonical":"https:\/\/www.allgeier.com\/de\/investor-relations\/adhoc-announcements\/allgeier-plant-kapitalerhoehung-fuer-akquisitionen-2\/","og_locale":"de_DE","og_type":"article","og_title":"Allgeier plant Kapitalerh\u00f6hung f\u00fcr Akquisitionen - Allgeier SE","og_description":"Allgeier legt Jahresabschluss 2005 vor, keine wesentlichen Abweichungen zu bereits gemeldeten Zahlen Starker Ausbau der Gruppe durch drei weitere Beteiligungen geplant Deutliche Auswirkungen in 2007 erwartet: Umsatz ca. 210 Mio. \u20ac, EBIT ca. 14 Mio. \u20ac Pr\u00fcfung einer Kapitalerh\u00f6hung aus genehmigte","og_url":"https:\/\/www.allgeier.com\/de\/investor-relations\/adhoc-announcements\/allgeier-plant-kapitalerhoehung-fuer-akquisitionen-2\/","og_site_name":"Allgeier SE","article_modified_time":"2025-07-23T10:26:37+00:00","twitter_card":"summary_large_image","twitter_misc":{"Gesch\u00e4tzte Lesezeit":"7\u00a0Minuten"},"schema":{"@context":"https:\/\/schema.org","@graph":[{"@type":"WebPage","@id":"https:\/\/www.allgeier.com\/de\/investor-relations\/adhoc-announcements\/allgeier-plant-kapitalerhoehung-fuer-akquisitionen-2\/","url":"https:\/\/www.allgeier.com\/de\/investor-relations\/adhoc-announcements\/allgeier-plant-kapitalerhoehung-fuer-akquisitionen-2\/","name":"Allgeier plant Kapitalerh\u00f6hung f\u00fcr Akquisitionen - Allgeier SE","isPartOf":{"@id":"https:\/\/www.allgeier.com\/de\/#website"},"datePublished":"2006-07-12T18:58:27+00:00","dateModified":"2025-07-23T10:26:37+00:00","breadcrumb":{"@id":"https:\/\/www.allgeier.com\/de\/investor-relations\/adhoc-announcements\/allgeier-plant-kapitalerhoehung-fuer-akquisitionen-2\/#breadcrumb"},"inLanguage":"de","potentialAction":[{"@type":"ReadAction","target":["https:\/\/www.allgeier.com\/de\/investor-relations\/adhoc-announcements\/allgeier-plant-kapitalerhoehung-fuer-akquisitionen-2\/"]}]},{"@type":"BreadcrumbList","@id":"https:\/\/www.allgeier.com\/de\/investor-relations\/adhoc-announcements\/allgeier-plant-kapitalerhoehung-fuer-akquisitionen-2\/#breadcrumb","itemListElement":[{"@type":"ListItem","position":1,"name":"Home","item":"https:\/\/www.allgeier.com\/de\/"},{"@type":"ListItem","position":2,"name":"Investor Relations","item":"https:\/\/www.allgeier.com\/de\/investor-relations\/"},{"@type":"ListItem","position":3,"name":"Ad hoc-Mitteilungen","item":"https:\/\/www.allgeier.com\/de\/investor-relations\/adhoc-announcements\/"},{"@type":"ListItem","position":4,"name":"Allgeier plant Kapitalerh\u00f6hung f\u00fcr Akquisitionen"}]},{"@type":"WebSite","@id":"https:\/\/www.allgeier.com\/de\/#website","url":"https:\/\/www.allgeier.com\/de\/","name":"Allgeier SE","description":"Software &amp; IT Services for digital transformation","potentialAction":[{"@type":"SearchAction","target":{"@type":"EntryPoint","urlTemplate":"https:\/\/www.allgeier.com\/de\/?s={search_term_string}"},"query-input":{"@type":"PropertyValueSpecification","valueRequired":true,"valueName":"search_term_string"}}],"inLanguage":"de"}]}},"_links":{"self":[{"href":"https:\/\/www.allgeier.com\/de\/wp-json\/wp\/v2\/pages\/6747","targetHints":{"allow":["GET"]}}],"collection":[{"href":"https:\/\/www.allgeier.com\/de\/wp-json\/wp\/v2\/pages"}],"about":[{"href":"https:\/\/www.allgeier.com\/de\/wp-json\/wp\/v2\/types\/page"}],"author":[{"embeddable":true,"href":"https:\/\/www.allgeier.com\/de\/wp-json\/wp\/v2\/users\/4"}],"replies":[{"embeddable":true,"href":"https:\/\/www.allgeier.com\/de\/wp-json\/wp\/v2\/comments?post=6747"}],"version-history":[{"count":1,"href":"https:\/\/www.allgeier.com\/de\/wp-json\/wp\/v2\/pages\/6747\/revisions"}],"predecessor-version":[{"id":6748,"href":"https:\/\/www.allgeier.com\/de\/wp-json\/wp\/v2\/pages\/6747\/revisions\/6748"}],"up":[{"embeddable":true,"href":"https:\/\/www.allgeier.com\/de\/wp-json\/wp\/v2\/pages\/1155"}],"wp:attachment":[{"href":"https:\/\/www.allgeier.com\/de\/wp-json\/wp\/v2\/media?parent=6747"}],"wp:term":[{"taxonomy":"category","embeddable":true,"href":"https:\/\/www.allgeier.com\/de\/wp-json\/wp\/v2\/categories?post=6747"},{"taxonomy":"post_tag","embeddable":true,"href":"https:\/\/www.allgeier.com\/de\/wp-json\/wp\/v2\/tags?post=6747"}],"curies":[{"name":"wp","href":"https:\/\/api.w.org\/{rel}","templated":true}]}}