{"id":6749,"date":"2006-07-18T19:21:51","date_gmt":"2006-07-18T19:21:51","guid":{"rendered":"https:\/\/www.allgeier.com\/de\/?page_id=6749"},"modified":"2025-07-23T10:26:37","modified_gmt":"2025-07-23T10:26:37","slug":"allgeier-bestaetigt-kapitalerhoehung-aus-genehmigtem-kapital-2","status":"publish","type":"page","link":"https:\/\/www.allgeier.com\/de\/investor-relations\/adhoc-announcements\/allgeier-bestaetigt-kapitalerhoehung-aus-genehmigtem-kapital-2\/","title":{"rendered":"Allgeier best\u00e4tigt Kapitalerh\u00f6hung aus genehmigtem Kapital"},"content":{"rendered":"<p><b>Allgeier Holding AG \/ Kapitalerh\u00f6hung<\/b><\/p>\n<p>Ad-hoc-Meldung nach \u00a7 15 WpHG \u00fcbermittelt durch die DGAP &#8211; ein Unternehmen der EquityStory AG.<br \/>\nF\u00fcr den Inhalt der Mitteilung ist der Emittent verantwortlich.<br \/>\n&#8212;&#8212;&#8212;&#8212;&#8212;&#8212;&#8212;&#8212;&#8212;&#8212;&#8212;&#8212;&#8212;&#8212;&#8212;&#8212;&#8212;&#8212;&#8212;&#8212;&#8212;&#8212;&#8212;&#8212;&#8212;<\/p>\n<p>M\u00fcnchen, 18.07.2006 &#8211; Vorstand und Aufsichtsrat der Allgeier Holding AG<br \/>\nhaben heute beschlossen, das Grundkapital der Gesellschaft von 4.123.750,00<br \/>\n\u20ac um bis zu 412.000,00 \u20ac auf bis zu 4.535.750,00 \u20ac durch Ausgabe von bis zu<br \/>\nSt\u00fcck 412.000 neuen auf den Inhaber lautende Stammaktien unter teilweiser<br \/>\nAusnutzung des genehmigten Kapitals zu erh\u00f6hen. Der in den Beschl\u00fcssen von<br \/>\nVorstand und Aufsichtsrat festgesetzte Ausgabebetrag f\u00fcr die neuen Aktien<br \/>\nbetr\u00e4gt 9,00 \u20ac je Aktie. Das gesetzliche Bezugsrecht der Aktion\u00e4re ist<br \/>\nausgeschlossen. Die Aktien werden von der VEM Aktienbank AG im Rahmen einer<br \/>\nPrivatplatzierung an einzelne private und institutionelle Investoren sowie<br \/>\nan Mitarbeiter und Organmitglieder der Gesellschaft platziert. Nach<br \/>\nDurchf\u00fchrung der Kapitalerh\u00f6hung wird die Anmeldung zur Eintragung in das<br \/>\nHandelsregister und die Zulassung der neuen Aktien zum B\u00f6rsenhandel in<br \/>\nK\u00fcrze erfolgen.<\/p>\n<p>Durch die Kapitalerh\u00f6hung soll die Eigenkapitalbasis des Unternehmens<br \/>\ngest\u00e4rkt werden und insbesondere die Finanzierung der Akquisitionsvorhaben,<br \/>\ndie die Gesellschaft bereits in der Ad-Hoc Mitteilung vom 12.07.2006<br \/>\nangek\u00fcndigt hat, sichergestellt werden. Ferner soll durch die<br \/>\nKapitalerh\u00f6hung die Bewertung und das Vertrauen in das Unternehmen im<br \/>\nKapitalmarkt gest\u00e4rkt werden.<\/p>\n<p>Kontakt:<br \/>\nCarl Georg D\u00fcrschmidt<br \/>\nVorstand<br \/>\nAllgeier Holding AG<br \/>\nWehrlestr. 12<br \/>\n81679 M\u00fcnchen<br \/>\nTel. 089-998421-0<br \/>\nFax  089-998421-11<br \/>\nwww.allgeier-holding.de<\/p>\n<p>Das Unternehmen<\/p>\n<p>Die Allgeier Holding AG fungiert als F\u00fchrungsholding einer europaweit<br \/>\nagierenden Unternehmensgruppe, die sich auf zwei wachstumsstarke M\u00e4rkte<br \/>\nkonzentriert: IT-Services und Personal-Services. Mit unseren IT-Services<br \/>\nunterst\u00fctzen wir Unternehmen bei der Umsetzung von Innovationen, der<br \/>\nVerbesserung des Informationsflusses und der Optimierung von<br \/>\nGesch\u00e4ftsabl\u00e4ufen. Die on-demand Personal-Services helfen unseren Kunden,<br \/>\nihre Prozesse und Kapazit\u00e4ten flexibel an die Auftragslage anzupassen. Ende<br \/>\n2005 besch\u00e4ftigte die Allgeier-Gruppe \u00fcber 2000 Mitarbeiter in neun<br \/>\neigenst\u00e4ndigen, leistungsf\u00e4higen Mittelstands-Unternehmen. Die Allgeier<br \/>\nHolding AG hat ihren Sitz in M\u00fcnchen und ist am geregelten Markt der<br \/>\nFrankfurter B\u00f6rse im Segment General Standard notiert (WKN 508630\/ISIN DE<br \/>\n000508630).<\/p>\n<p>Wichtiger Hinweis: Diese Ad-hoc Mitteilung\/Pressemitteilung enth\u00e4lt in die<br \/>\nZukunft gerichtete Aussagen, die auf Annahmen und Sch\u00e4tzungen der<br \/>\nUnternehmensleitung der Allgeier Holding AG beruhen. Auch wenn die<br \/>\nUnternehmensleitung der Ansicht ist, dass diese Annahmen und Sch\u00e4tzungen<br \/>\nzutreffend sind, k\u00f6nnen die k\u00fcnftige tats\u00e4chliche Entwicklung und die<br \/>\nk\u00fcnftigen tats\u00e4chlichen Ergebnisse von diesen Annahmen und Sch\u00e4tzungen<br \/>\naufgrund vielf\u00e4ltiger Faktoren erheblich abweichen. Zu diesen Faktoren<br \/>\nk\u00f6nnen beispielsweise die Ver\u00e4nderung der gesamtwirtschaftlichen Lage, der<br \/>\nWechselkurse, der Zinss\u00e4tze sowie Ver\u00e4nderungen innerhalb der<br \/>\nMarktentwicklung und der sich ver\u00e4nderten Wettbewerbssituation geh\u00f6ren. Die<br \/>\nAllgeier Holding AG \u00fcbernimmt keine Gew\u00e4hrleistung und keine Haftung daf\u00fcr,<br \/>\ndass die k\u00fcnftige Entwicklung und die k\u00fcnftig erzielten tats\u00e4chlichen<br \/>\nErgebnisse mit den in dieser Ad-hoc Mitteilung\/Pressemitteilung ge\u00e4u\u00dferten<br \/>\nAnnahmen und Sch\u00e4tzungen \u00fcbereinstimmen werden.<\/p>\n<p>DGAP 18.07.2006<br \/>\n&#8212;&#8212;&#8212;&#8212;&#8212;&#8212;&#8212;&#8212;&#8212;&#8212;&#8212;&#8212;&#8212;&#8212;&#8212;&#8212;&#8212;&#8212;&#8212;&#8212;&#8212;&#8212;&#8212;&#8212;&#8212;<\/p>\n<p>Sprache:      Deutsch<br \/>\nEmittent:     Allgeier Holding AG<br \/>\n              Wehrlestrasse 12<br \/>\n              81679 M\u00fcnchen Deutschland<br \/>\nTelefon:      +49 (0)89 998 421-0<br \/>\nFax:          +49 (0)89 998 421-11<br \/>\nE-mail:       info@allgeier.com<br \/>\nWWW:          www.allgeier-holding.com<br \/>\nISIN:         DE0005086300<br \/>\nWKN:          508630<br \/>\nIndizes:      CDAX<br \/>\nB\u00f6rsen:       Geregelter Markt in Frankfurt (General Standard); Freiverkehr<br \/>\n              in Berlin-Bremen, Stuttgart, Hamburg, D\u00fcsseldorf<\/p>\n<p>Ende der Mitteilung                             DGAP News-Service<\/p>\n<p>&#8212;&#8212;&#8212;&#8212;&#8212;&#8212;&#8212;&#8212;&#8212;&#8212;&#8212;&#8212;&#8212;&#8212;&#8212;&#8212;&#8212;&#8212;&#8212;&#8212;&#8212;&#8212;&#8212;&#8212;&#8212;<\/p>\n","protected":false},"excerpt":{"rendered":"<p>M\u00fcnchen, 18.07.2006 &#8211; Vorstand und Aufsichtsrat der Allgeier Holding AG haben heute beschlossen, das Grundkapital der Gesellschaft von 4.123.750,00 \u20ac um bis zu 412.000,00 \u20ac auf bis zu 4.535.750,00 \u20ac durch Ausgabe von bis zu St\u00fcck 412.000 neuen auf den Inhaber lautende Stammaktien unter teilweiser Ausnutzung<\/p>\n","protected":false},"author":4,"featured_media":0,"parent":1155,"menu_order":0,"comment_status":"close","ping_status":"closed","template":"","meta":{"_acf_changed":false,"footnotes":""},"categories":[],"tags":[],"class_list":["post-6749","page","type-page","status-publish","hentry"],"acf":[],"yoast_head":"<!-- This site is optimized with the Yoast SEO plugin v27.4 - https:\/\/yoast.com\/product\/yoast-seo-wordpress\/ -->\n<title>Allgeier best\u00e4tigt Kapitalerh\u00f6hung aus genehmigtem Kapital - Allgeier SE<\/title>\n<meta name=\"robots\" content=\"index, follow, max-snippet:-1, max-image-preview:large, max-video-preview:-1\" \/>\n<link rel=\"canonical\" href=\"https:\/\/www.allgeier.com\/de\/investor-relations\/adhoc-announcements\/allgeier-bestaetigt-kapitalerhoehung-aus-genehmigtem-kapital-2\/\" \/>\n<meta property=\"og:locale\" content=\"de_DE\" \/>\n<meta property=\"og:type\" content=\"article\" \/>\n<meta property=\"og:title\" content=\"Allgeier best\u00e4tigt Kapitalerh\u00f6hung aus genehmigtem Kapital - Allgeier SE\" \/>\n<meta property=\"og:description\" content=\"M\u00fcnchen, 18.07.2006 - Vorstand und Aufsichtsrat der Allgeier Holding AG haben heute beschlossen, das Grundkapital der Gesellschaft von 4.123.750,00 \u20ac um bis zu 412.000,00 \u20ac auf bis zu 4.535.750,00 \u20ac durch Ausgabe von bis zu St\u00fcck 412.000 neuen auf den Inhaber lautende Stammaktien unter teilweiser Ausnutzung\" \/>\n<meta property=\"og:url\" content=\"https:\/\/www.allgeier.com\/de\/investor-relations\/adhoc-announcements\/allgeier-bestaetigt-kapitalerhoehung-aus-genehmigtem-kapital-2\/\" \/>\n<meta property=\"og:site_name\" content=\"Allgeier SE\" \/>\n<meta property=\"article:modified_time\" content=\"2025-07-23T10:26:37+00:00\" \/>\n<meta name=\"twitter:card\" content=\"summary_large_image\" \/>\n<meta name=\"twitter:label1\" content=\"Gesch\u00e4tzte Lesezeit\" \/>\n\t<meta name=\"twitter:data1\" content=\"3\u00a0Minuten\" \/>\n<script type=\"application\/ld+json\" class=\"yoast-schema-graph\">{\"@context\":\"https:\\\/\\\/schema.org\",\"@graph\":[{\"@type\":\"WebPage\",\"@id\":\"https:\\\/\\\/www.allgeier.com\\\/de\\\/investor-relations\\\/adhoc-announcements\\\/allgeier-bestaetigt-kapitalerhoehung-aus-genehmigtem-kapital-2\\\/\",\"url\":\"https:\\\/\\\/www.allgeier.com\\\/de\\\/investor-relations\\\/adhoc-announcements\\\/allgeier-bestaetigt-kapitalerhoehung-aus-genehmigtem-kapital-2\\\/\",\"name\":\"Allgeier best\u00e4tigt Kapitalerh\u00f6hung aus genehmigtem Kapital - Allgeier SE\",\"isPartOf\":{\"@id\":\"https:\\\/\\\/www.allgeier.com\\\/de\\\/#website\"},\"datePublished\":\"2006-07-18T19:21:51+00:00\",\"dateModified\":\"2025-07-23T10:26:37+00:00\",\"breadcrumb\":{\"@id\":\"https:\\\/\\\/www.allgeier.com\\\/de\\\/investor-relations\\\/adhoc-announcements\\\/allgeier-bestaetigt-kapitalerhoehung-aus-genehmigtem-kapital-2\\\/#breadcrumb\"},\"inLanguage\":\"de\",\"potentialAction\":[{\"@type\":\"ReadAction\",\"target\":[\"https:\\\/\\\/www.allgeier.com\\\/de\\\/investor-relations\\\/adhoc-announcements\\\/allgeier-bestaetigt-kapitalerhoehung-aus-genehmigtem-kapital-2\\\/\"]}]},{\"@type\":\"BreadcrumbList\",\"@id\":\"https:\\\/\\\/www.allgeier.com\\\/de\\\/investor-relations\\\/adhoc-announcements\\\/allgeier-bestaetigt-kapitalerhoehung-aus-genehmigtem-kapital-2\\\/#breadcrumb\",\"itemListElement\":[{\"@type\":\"ListItem\",\"position\":1,\"name\":\"Home\",\"item\":\"https:\\\/\\\/www.allgeier.com\\\/de\\\/\"},{\"@type\":\"ListItem\",\"position\":2,\"name\":\"Investor Relations\",\"item\":\"https:\\\/\\\/www.allgeier.com\\\/de\\\/investor-relations\\\/\"},{\"@type\":\"ListItem\",\"position\":3,\"name\":\"Ad hoc-Mitteilungen\",\"item\":\"https:\\\/\\\/www.allgeier.com\\\/de\\\/investor-relations\\\/adhoc-announcements\\\/\"},{\"@type\":\"ListItem\",\"position\":4,\"name\":\"Allgeier best\u00e4tigt Kapitalerh\u00f6hung aus genehmigtem Kapital\"}]},{\"@type\":\"WebSite\",\"@id\":\"https:\\\/\\\/www.allgeier.com\\\/de\\\/#website\",\"url\":\"https:\\\/\\\/www.allgeier.com\\\/de\\\/\",\"name\":\"Allgeier SE\",\"description\":\"Software &amp; IT Services for digital transformation\",\"potentialAction\":[{\"@type\":\"SearchAction\",\"target\":{\"@type\":\"EntryPoint\",\"urlTemplate\":\"https:\\\/\\\/www.allgeier.com\\\/de\\\/?s={search_term_string}\"},\"query-input\":{\"@type\":\"PropertyValueSpecification\",\"valueRequired\":true,\"valueName\":\"search_term_string\"}}],\"inLanguage\":\"de\"}]}<\/script>\n<!-- \/ Yoast SEO plugin. -->","yoast_head_json":{"title":"Allgeier best\u00e4tigt Kapitalerh\u00f6hung aus genehmigtem Kapital - Allgeier SE","robots":{"index":"index","follow":"follow","max-snippet":"max-snippet:-1","max-image-preview":"max-image-preview:large","max-video-preview":"max-video-preview:-1"},"canonical":"https:\/\/www.allgeier.com\/de\/investor-relations\/adhoc-announcements\/allgeier-bestaetigt-kapitalerhoehung-aus-genehmigtem-kapital-2\/","og_locale":"de_DE","og_type":"article","og_title":"Allgeier best\u00e4tigt Kapitalerh\u00f6hung aus genehmigtem Kapital - Allgeier SE","og_description":"M\u00fcnchen, 18.07.2006 - Vorstand und Aufsichtsrat der Allgeier Holding AG haben heute beschlossen, das Grundkapital der Gesellschaft von 4.123.750,00 \u20ac um bis zu 412.000,00 \u20ac auf bis zu 4.535.750,00 \u20ac durch Ausgabe von bis zu St\u00fcck 412.000 neuen auf den Inhaber lautende Stammaktien unter teilweiser Ausnutzung","og_url":"https:\/\/www.allgeier.com\/de\/investor-relations\/adhoc-announcements\/allgeier-bestaetigt-kapitalerhoehung-aus-genehmigtem-kapital-2\/","og_site_name":"Allgeier SE","article_modified_time":"2025-07-23T10:26:37+00:00","twitter_card":"summary_large_image","twitter_misc":{"Gesch\u00e4tzte Lesezeit":"3\u00a0Minuten"},"schema":{"@context":"https:\/\/schema.org","@graph":[{"@type":"WebPage","@id":"https:\/\/www.allgeier.com\/de\/investor-relations\/adhoc-announcements\/allgeier-bestaetigt-kapitalerhoehung-aus-genehmigtem-kapital-2\/","url":"https:\/\/www.allgeier.com\/de\/investor-relations\/adhoc-announcements\/allgeier-bestaetigt-kapitalerhoehung-aus-genehmigtem-kapital-2\/","name":"Allgeier best\u00e4tigt Kapitalerh\u00f6hung aus genehmigtem Kapital - Allgeier SE","isPartOf":{"@id":"https:\/\/www.allgeier.com\/de\/#website"},"datePublished":"2006-07-18T19:21:51+00:00","dateModified":"2025-07-23T10:26:37+00:00","breadcrumb":{"@id":"https:\/\/www.allgeier.com\/de\/investor-relations\/adhoc-announcements\/allgeier-bestaetigt-kapitalerhoehung-aus-genehmigtem-kapital-2\/#breadcrumb"},"inLanguage":"de","potentialAction":[{"@type":"ReadAction","target":["https:\/\/www.allgeier.com\/de\/investor-relations\/adhoc-announcements\/allgeier-bestaetigt-kapitalerhoehung-aus-genehmigtem-kapital-2\/"]}]},{"@type":"BreadcrumbList","@id":"https:\/\/www.allgeier.com\/de\/investor-relations\/adhoc-announcements\/allgeier-bestaetigt-kapitalerhoehung-aus-genehmigtem-kapital-2\/#breadcrumb","itemListElement":[{"@type":"ListItem","position":1,"name":"Home","item":"https:\/\/www.allgeier.com\/de\/"},{"@type":"ListItem","position":2,"name":"Investor Relations","item":"https:\/\/www.allgeier.com\/de\/investor-relations\/"},{"@type":"ListItem","position":3,"name":"Ad hoc-Mitteilungen","item":"https:\/\/www.allgeier.com\/de\/investor-relations\/adhoc-announcements\/"},{"@type":"ListItem","position":4,"name":"Allgeier best\u00e4tigt Kapitalerh\u00f6hung aus genehmigtem Kapital"}]},{"@type":"WebSite","@id":"https:\/\/www.allgeier.com\/de\/#website","url":"https:\/\/www.allgeier.com\/de\/","name":"Allgeier SE","description":"Software &amp; IT Services for digital transformation","potentialAction":[{"@type":"SearchAction","target":{"@type":"EntryPoint","urlTemplate":"https:\/\/www.allgeier.com\/de\/?s={search_term_string}"},"query-input":{"@type":"PropertyValueSpecification","valueRequired":true,"valueName":"search_term_string"}}],"inLanguage":"de"}]}},"_links":{"self":[{"href":"https:\/\/www.allgeier.com\/de\/wp-json\/wp\/v2\/pages\/6749","targetHints":{"allow":["GET"]}}],"collection":[{"href":"https:\/\/www.allgeier.com\/de\/wp-json\/wp\/v2\/pages"}],"about":[{"href":"https:\/\/www.allgeier.com\/de\/wp-json\/wp\/v2\/types\/page"}],"author":[{"embeddable":true,"href":"https:\/\/www.allgeier.com\/de\/wp-json\/wp\/v2\/users\/4"}],"replies":[{"embeddable":true,"href":"https:\/\/www.allgeier.com\/de\/wp-json\/wp\/v2\/comments?post=6749"}],"version-history":[{"count":1,"href":"https:\/\/www.allgeier.com\/de\/wp-json\/wp\/v2\/pages\/6749\/revisions"}],"predecessor-version":[{"id":6750,"href":"https:\/\/www.allgeier.com\/de\/wp-json\/wp\/v2\/pages\/6749\/revisions\/6750"}],"up":[{"embeddable":true,"href":"https:\/\/www.allgeier.com\/de\/wp-json\/wp\/v2\/pages\/1155"}],"wp:attachment":[{"href":"https:\/\/www.allgeier.com\/de\/wp-json\/wp\/v2\/media?parent=6749"}],"wp:term":[{"taxonomy":"category","embeddable":true,"href":"https:\/\/www.allgeier.com\/de\/wp-json\/wp\/v2\/categories?post=6749"},{"taxonomy":"post_tag","embeddable":true,"href":"https:\/\/www.allgeier.com\/de\/wp-json\/wp\/v2\/tags?post=6749"}],"curies":[{"name":"wp","href":"https:\/\/api.w.org\/{rel}","templated":true}]}}