{"id":6755,"date":"2006-08-29T10:58:58","date_gmt":"2006-08-29T10:58:58","guid":{"rendered":"https:\/\/www.allgeier.com\/de\/?page_id=6755"},"modified":"2025-07-23T10:26:38","modified_gmt":"2025-07-23T10:26:38","slug":"allgeier-erwirbt-rekrutierungsspezialist-goetzfried-ag-2","status":"publish","type":"page","link":"https:\/\/www.allgeier.com\/de\/investor-relations\/adhoc-announcements\/allgeier-erwirbt-rekrutierungsspezialist-goetzfried-ag-2\/","title":{"rendered":"Allgeier erwirbt Rekrutierungsspezialist Goetzfried AG"},"content":{"rendered":"<p><b>Allgeier Holding AG \/ Firmen\u00fcbernahme<\/b><\/p>\n<p>Ad-hoc-Meldung nach \u00a7 15 WpHG \u00fcbermittelt durch die DGAP &#8211; ein Unternehmen der EquityStory AG.<br \/>\nF\u00fcr den Inhalt der Mitteilung ist der Emittent verantwortlich.<br \/>\n&#8212;&#8212;&#8212;&#8212;&#8212;&#8212;&#8212;&#8212;&#8212;&#8212;&#8212;&#8212;&#8212;&#8212;&#8212;&#8212;&#8212;&#8212;&#8212;&#8212;&#8212;&#8212;&#8212;&#8212;&#8212;<\/p>\n<p>M\u00fcnchen, 29.August 2006. Die M\u00fcnchner Allgeier Holding AG hat sich heute<br \/>\nmit den Aktion\u00e4ren der Wiesbadener Goetzfried AG \u00fcber den Erwerb von 100<br \/>\nProzent der Aktien der Goetzfried AG geeinigt und entsprechende Vertr\u00e4ge<br \/>\ngeschlossen. Die Parteien werden die Transaktion nun mit der Erf\u00fcllung der<br \/>\nvereinbarten Closing-Bedingungen abschlie\u00dfen. Der Kaufpreis liegt im<br \/>\nunteren zweistelligen Millionenbereich, inklusive Earn-Out Komponenten.<br \/>\nDie Goetzfried AG ist Dienstleister im Bereich Rekrutierung und Management<br \/>\nvon IT-Spezialisten und Ingenieuren f\u00fcr den zeitlich befristeten Einsatz.<br \/>\nMit diesem Schritt setzt Allgeier seine Strategie konsequent fort, sich als<br \/>\nf\u00fchrender Dienstleister im Markt f\u00fcr Personal- und IT-Service zu<br \/>\npositionieren.<\/p>\n<p>Die bereits 1987 gegr\u00fcndete und seit 2000 als Aktiengesellschaft gef\u00fchrte<br \/>\nGoetzfried AG besch\u00e4ftigt 410 Mitarbeiter, die f\u00fcr Kunden aller Branchen<br \/>\naktiv sind. Im k\u00fcrzlich abgelaufenen Gesch\u00e4ftsjahr (1. Juli 2005 \u2013 30. Juni<br \/>\n2006) erzielte das profitable Unternehmen einen Umsatz von knapp 29<br \/>\nMillionen Euro, was einem Zuwachs von mehr als 40 Prozent gegen\u00fcber dem<br \/>\nVorjahr entspricht. Die Goetzfried AG wird unter dem Dach von Allgeier<br \/>\nweiterhin unter ihrem Markennamen agieren. Der Gr\u00fcnder Thomas G\u00f6tzfried und<br \/>\nsein Management behalten dabei die unternehmerische Verantwortung.<br \/>\nVorstandsvorsitzender Thomas G\u00f6tzfried beteiligt sich via Aktientausch im<br \/>\nGegenwert von zehn Prozent der Goetzfried-Aktien an der Allgeier Holding<br \/>\nAG.<\/p>\n<p>Mit den j\u00fcngsten strategischen Akquisitionen vereint Allgeier nun 21<br \/>\neigenst\u00e4ndige Unternehmen mit mehr als 5.000 Mitarbeitern. F\u00fcr das Jahr<br \/>\n2006 rechnet Allgeier mit einem Umsatz von 140 Millionen Euro und einem<br \/>\nEBIT von neun Millionen Euro. Die Guidance f\u00fcr 2007, auf Basis der in 2006<br \/>\nerworbenen Gesellschaften, sieht einen konsolidierten Umsatz von 210<br \/>\nMillionen Euro und ein EBIT von 14 Millionen Euro vor.<\/p>\n<p>Kontakt:<br \/>\nCarl Georg D\u00fcrschmidt<br \/>\nVorstand<br \/>\nAllgeier Holding AG<br \/>\nWehrlestr. 12<br \/>\n81679 M\u00fcnchen<br \/>\nTel. 089-998421-0<br \/>\nFax  089-998421-11<br \/>\nwww.allgeier-holding.de<\/p>\n<p>Das Unternehmen: Allgeier vereint erfolgreiche Unternehmen in den<br \/>\nWachstumsm\u00e4rkten Personalservice und IT-Service. Die Gesellschaften im<br \/>\nBereich Personalservice bieten flexible Personalkapazit\u00e4t und Know-how \u2013<br \/>\nvon der Aushilfe bis zum Interimsmanager. Im Bereich IT-Service werden<br \/>\nKunden bei der Umsetzung von Innovationen, der Verbesserung des<br \/>\nInformationsflusses und der Optimierung von Gesch\u00e4ftsprozessen unterst\u00fctzt.<br \/>\nDie Unternehmen innerhalb von Allgeier arbeiten eigenst\u00e4ndig mit allen<br \/>\nVorteilen mittelst\u00e4ndischer Flexibilit\u00e4t, Schnelligkeit,<br \/>\nServiceorientierung und Innovationskraft. Unter dem Dach von Allgeier<br \/>\nverbinden sich diese Vorteile mit der Nutzung von Synergien, der Sicherheit<br \/>\nund der Schlagkraft einer f\u00fchrenden b\u00f6rsennotierten Unternehmensgruppe.<br \/>\nDurch ein breites Service-Leistungsspektrum sowie geb\u00fcndelte Kompetenz und<br \/>\nGr\u00f6\u00dfe werden nachhaltig steigende Werte f\u00fcr Kunden und Investoren<br \/>\ngeschaffen. Allgeier besch\u00e4ftigt \u00fcber 5.000 Mitarbeiter in 21<br \/>\neigenst\u00e4ndigen Unternehmen und hat f\u00fcr das Gesch\u00e4ftsjahr 2006 ein<br \/>\nUmsatzziel laut Guidance von 140 Millionen Euro.<\/p>\n<p>Wichtiger Hinweis: Diese Ad-hoc Mitteilung\/Pressemitteilung enth\u00e4lt in die<br \/>\nZukunft gerichtete Aussagen, die auf Annahmen und Sch\u00e4tzungen der<br \/>\nUnternehmensleitung der Allgeier Holding AG beruhen. Auch wenn die<br \/>\nUnternehmensleitung der Ansicht ist, dass diese Annahmen und Sch\u00e4tzungen<br \/>\nzutreffend sind, k\u00f6nnen die k\u00fcnftige tats\u00e4chliche Entwicklung und die<br \/>\nk\u00fcnftigen tats\u00e4chlichen Ergebnisse von diesen Annahmen und Sch\u00e4tzungen<br \/>\naufgrund vielf\u00e4ltiger Faktoren erheblich abweichen. Zu diesen Faktoren<br \/>\nk\u00f6nnen beispielsweise die Ver\u00e4nderung der gesamtwirtschaftlichen Lage, der<br \/>\nWechselkurse, der Zinss\u00e4tze sowie Ver\u00e4nderungen innerhalb der<br \/>\nMarktentwicklung und der sich ver\u00e4nderten Wettbewerbssituation geh\u00f6ren. Die<br \/>\nAllgeier Holding AG \u00fcbernimmt keine Gew\u00e4hrleistung und keine Haftung daf\u00fcr,<br \/>\ndass die k\u00fcnftige Entwicklung und die k\u00fcnftig erzielten tats\u00e4chlichen<br \/>\nErgebnisse mit den in dieser Ad-hoc Mitteilung\/Pressemitteilung ge\u00e4u\u00dferten<br \/>\nAnnahmen und Sch\u00e4tzungen \u00fcbereinstimmen werden.<\/p>\n<p>DGAP 29.08.2006<br \/>\n&#8212;&#8212;&#8212;&#8212;&#8212;&#8212;&#8212;&#8212;&#8212;&#8212;&#8212;&#8212;&#8212;&#8212;&#8212;&#8212;&#8212;&#8212;&#8212;&#8212;&#8212;&#8212;&#8212;&#8212;&#8212;<\/p>\n<p>Sprache:      Deutsch<br \/>\nEmittent:     Allgeier Holding AG<br \/>\n              Wehrlestrasse 12<br \/>\n              81679 M\u00fcnchen Deutschland<br \/>\nTelefon:      +49 (0)89 998 421-0<br \/>\nFax:          +49 (0)89 998 421-11<br \/>\nE-mail:       info@allgeier.com<br \/>\nWWW:          www.allgeier-holding.com<br \/>\nISIN:         DE0005086300<br \/>\nWKN:          508630<br \/>\nIndizes:      CDAX<br \/>\nB\u00f6rsen:       Geregelter Markt in Frankfurt (General Standard); Freiverkehr<br \/>\n              in Berlin-Bremen, Stuttgart, Hamburg, D\u00fcsseldorf<\/p>\n<p>Ende der Mitteilung                             DGAP News-Service<\/p>\n<p>&#8212;&#8212;&#8212;&#8212;&#8212;&#8212;&#8212;&#8212;&#8212;&#8212;&#8212;&#8212;&#8212;&#8212;&#8212;&#8212;&#8212;&#8212;&#8212;&#8212;&#8212;&#8212;&#8212;&#8212;&#8212;<\/p>\n","protected":false},"excerpt":{"rendered":"<p>M\u00fcnchen, 29.August 2006. Die M\u00fcnchner Allgeier Holding AG hat sich heute mit den Aktion\u00e4ren der Wiesbadener Goetzfried AG \u00fcber den Erwerb von 100 Prozent der Aktien der Goetzfried AG geeinigt und entsprechende Vertr\u00e4ge geschlossen. Die Parteien werden die Transaktion nun mit der Erf\u00fcllung der vereinbarten<\/p>\n","protected":false},"author":4,"featured_media":0,"parent":1155,"menu_order":0,"comment_status":"close","ping_status":"closed","template":"","meta":{"_acf_changed":false,"footnotes":""},"categories":[],"tags":[],"class_list":["post-6755","page","type-page","status-publish","hentry"],"acf":[],"yoast_head":"<!-- This site is optimized with the Yoast SEO plugin v27.4 - https:\/\/yoast.com\/product\/yoast-seo-wordpress\/ -->\n<title>Allgeier erwirbt Rekrutierungsspezialist Goetzfried AG - Allgeier SE<\/title>\n<meta name=\"robots\" content=\"index, follow, max-snippet:-1, max-image-preview:large, max-video-preview:-1\" \/>\n<link rel=\"canonical\" href=\"https:\/\/www.allgeier.com\/de\/investor-relations\/adhoc-announcements\/allgeier-erwirbt-rekrutierungsspezialist-goetzfried-ag-2\/\" \/>\n<meta property=\"og:locale\" content=\"de_DE\" \/>\n<meta property=\"og:type\" content=\"article\" \/>\n<meta property=\"og:title\" content=\"Allgeier erwirbt Rekrutierungsspezialist Goetzfried AG - Allgeier SE\" \/>\n<meta property=\"og:description\" content=\"M\u00fcnchen, 29.August 2006. Die M\u00fcnchner Allgeier Holding AG hat sich heute mit den Aktion\u00e4ren der Wiesbadener Goetzfried AG \u00fcber den Erwerb von 100 Prozent der Aktien der Goetzfried AG geeinigt und entsprechende Vertr\u00e4ge geschlossen. Die Parteien werden die Transaktion nun mit der Erf\u00fcllung der vereinbarten\" \/>\n<meta property=\"og:url\" content=\"https:\/\/www.allgeier.com\/de\/investor-relations\/adhoc-announcements\/allgeier-erwirbt-rekrutierungsspezialist-goetzfried-ag-2\/\" \/>\n<meta property=\"og:site_name\" content=\"Allgeier SE\" \/>\n<meta property=\"article:modified_time\" content=\"2025-07-23T10:26:38+00:00\" \/>\n<meta name=\"twitter:card\" content=\"summary_large_image\" \/>\n<meta name=\"twitter:label1\" content=\"Gesch\u00e4tzte Lesezeit\" \/>\n\t<meta name=\"twitter:data1\" content=\"3\u00a0Minuten\" \/>\n<script type=\"application\/ld+json\" class=\"yoast-schema-graph\">{\"@context\":\"https:\\\/\\\/schema.org\",\"@graph\":[{\"@type\":\"WebPage\",\"@id\":\"https:\\\/\\\/www.allgeier.com\\\/de\\\/investor-relations\\\/adhoc-announcements\\\/allgeier-erwirbt-rekrutierungsspezialist-goetzfried-ag-2\\\/\",\"url\":\"https:\\\/\\\/www.allgeier.com\\\/de\\\/investor-relations\\\/adhoc-announcements\\\/allgeier-erwirbt-rekrutierungsspezialist-goetzfried-ag-2\\\/\",\"name\":\"Allgeier erwirbt Rekrutierungsspezialist Goetzfried AG - Allgeier SE\",\"isPartOf\":{\"@id\":\"https:\\\/\\\/www.allgeier.com\\\/de\\\/#website\"},\"datePublished\":\"2006-08-29T10:58:58+00:00\",\"dateModified\":\"2025-07-23T10:26:38+00:00\",\"breadcrumb\":{\"@id\":\"https:\\\/\\\/www.allgeier.com\\\/de\\\/investor-relations\\\/adhoc-announcements\\\/allgeier-erwirbt-rekrutierungsspezialist-goetzfried-ag-2\\\/#breadcrumb\"},\"inLanguage\":\"de\",\"potentialAction\":[{\"@type\":\"ReadAction\",\"target\":[\"https:\\\/\\\/www.allgeier.com\\\/de\\\/investor-relations\\\/adhoc-announcements\\\/allgeier-erwirbt-rekrutierungsspezialist-goetzfried-ag-2\\\/\"]}]},{\"@type\":\"BreadcrumbList\",\"@id\":\"https:\\\/\\\/www.allgeier.com\\\/de\\\/investor-relations\\\/adhoc-announcements\\\/allgeier-erwirbt-rekrutierungsspezialist-goetzfried-ag-2\\\/#breadcrumb\",\"itemListElement\":[{\"@type\":\"ListItem\",\"position\":1,\"name\":\"Home\",\"item\":\"https:\\\/\\\/www.allgeier.com\\\/de\\\/\"},{\"@type\":\"ListItem\",\"position\":2,\"name\":\"Investor Relations\",\"item\":\"https:\\\/\\\/www.allgeier.com\\\/de\\\/investor-relations\\\/\"},{\"@type\":\"ListItem\",\"position\":3,\"name\":\"Ad hoc-Mitteilungen\",\"item\":\"https:\\\/\\\/www.allgeier.com\\\/de\\\/investor-relations\\\/adhoc-announcements\\\/\"},{\"@type\":\"ListItem\",\"position\":4,\"name\":\"Allgeier erwirbt Rekrutierungsspezialist Goetzfried AG\"}]},{\"@type\":\"WebSite\",\"@id\":\"https:\\\/\\\/www.allgeier.com\\\/de\\\/#website\",\"url\":\"https:\\\/\\\/www.allgeier.com\\\/de\\\/\",\"name\":\"Allgeier SE\",\"description\":\"Software &amp; IT Services for digital transformation\",\"potentialAction\":[{\"@type\":\"SearchAction\",\"target\":{\"@type\":\"EntryPoint\",\"urlTemplate\":\"https:\\\/\\\/www.allgeier.com\\\/de\\\/?s={search_term_string}\"},\"query-input\":{\"@type\":\"PropertyValueSpecification\",\"valueRequired\":true,\"valueName\":\"search_term_string\"}}],\"inLanguage\":\"de\"}]}<\/script>\n<!-- \/ Yoast SEO plugin. -->","yoast_head_json":{"title":"Allgeier erwirbt Rekrutierungsspezialist Goetzfried AG - Allgeier SE","robots":{"index":"index","follow":"follow","max-snippet":"max-snippet:-1","max-image-preview":"max-image-preview:large","max-video-preview":"max-video-preview:-1"},"canonical":"https:\/\/www.allgeier.com\/de\/investor-relations\/adhoc-announcements\/allgeier-erwirbt-rekrutierungsspezialist-goetzfried-ag-2\/","og_locale":"de_DE","og_type":"article","og_title":"Allgeier erwirbt Rekrutierungsspezialist Goetzfried AG - Allgeier SE","og_description":"M\u00fcnchen, 29.August 2006. Die M\u00fcnchner Allgeier Holding AG hat sich heute mit den Aktion\u00e4ren der Wiesbadener Goetzfried AG \u00fcber den Erwerb von 100 Prozent der Aktien der Goetzfried AG geeinigt und entsprechende Vertr\u00e4ge geschlossen. Die Parteien werden die Transaktion nun mit der Erf\u00fcllung der vereinbarten","og_url":"https:\/\/www.allgeier.com\/de\/investor-relations\/adhoc-announcements\/allgeier-erwirbt-rekrutierungsspezialist-goetzfried-ag-2\/","og_site_name":"Allgeier SE","article_modified_time":"2025-07-23T10:26:38+00:00","twitter_card":"summary_large_image","twitter_misc":{"Gesch\u00e4tzte Lesezeit":"3\u00a0Minuten"},"schema":{"@context":"https:\/\/schema.org","@graph":[{"@type":"WebPage","@id":"https:\/\/www.allgeier.com\/de\/investor-relations\/adhoc-announcements\/allgeier-erwirbt-rekrutierungsspezialist-goetzfried-ag-2\/","url":"https:\/\/www.allgeier.com\/de\/investor-relations\/adhoc-announcements\/allgeier-erwirbt-rekrutierungsspezialist-goetzfried-ag-2\/","name":"Allgeier erwirbt Rekrutierungsspezialist Goetzfried AG - Allgeier SE","isPartOf":{"@id":"https:\/\/www.allgeier.com\/de\/#website"},"datePublished":"2006-08-29T10:58:58+00:00","dateModified":"2025-07-23T10:26:38+00:00","breadcrumb":{"@id":"https:\/\/www.allgeier.com\/de\/investor-relations\/adhoc-announcements\/allgeier-erwirbt-rekrutierungsspezialist-goetzfried-ag-2\/#breadcrumb"},"inLanguage":"de","potentialAction":[{"@type":"ReadAction","target":["https:\/\/www.allgeier.com\/de\/investor-relations\/adhoc-announcements\/allgeier-erwirbt-rekrutierungsspezialist-goetzfried-ag-2\/"]}]},{"@type":"BreadcrumbList","@id":"https:\/\/www.allgeier.com\/de\/investor-relations\/adhoc-announcements\/allgeier-erwirbt-rekrutierungsspezialist-goetzfried-ag-2\/#breadcrumb","itemListElement":[{"@type":"ListItem","position":1,"name":"Home","item":"https:\/\/www.allgeier.com\/de\/"},{"@type":"ListItem","position":2,"name":"Investor Relations","item":"https:\/\/www.allgeier.com\/de\/investor-relations\/"},{"@type":"ListItem","position":3,"name":"Ad hoc-Mitteilungen","item":"https:\/\/www.allgeier.com\/de\/investor-relations\/adhoc-announcements\/"},{"@type":"ListItem","position":4,"name":"Allgeier erwirbt Rekrutierungsspezialist Goetzfried AG"}]},{"@type":"WebSite","@id":"https:\/\/www.allgeier.com\/de\/#website","url":"https:\/\/www.allgeier.com\/de\/","name":"Allgeier SE","description":"Software &amp; IT Services for digital transformation","potentialAction":[{"@type":"SearchAction","target":{"@type":"EntryPoint","urlTemplate":"https:\/\/www.allgeier.com\/de\/?s={search_term_string}"},"query-input":{"@type":"PropertyValueSpecification","valueRequired":true,"valueName":"search_term_string"}}],"inLanguage":"de"}]}},"_links":{"self":[{"href":"https:\/\/www.allgeier.com\/de\/wp-json\/wp\/v2\/pages\/6755","targetHints":{"allow":["GET"]}}],"collection":[{"href":"https:\/\/www.allgeier.com\/de\/wp-json\/wp\/v2\/pages"}],"about":[{"href":"https:\/\/www.allgeier.com\/de\/wp-json\/wp\/v2\/types\/page"}],"author":[{"embeddable":true,"href":"https:\/\/www.allgeier.com\/de\/wp-json\/wp\/v2\/users\/4"}],"replies":[{"embeddable":true,"href":"https:\/\/www.allgeier.com\/de\/wp-json\/wp\/v2\/comments?post=6755"}],"version-history":[{"count":1,"href":"https:\/\/www.allgeier.com\/de\/wp-json\/wp\/v2\/pages\/6755\/revisions"}],"predecessor-version":[{"id":6756,"href":"https:\/\/www.allgeier.com\/de\/wp-json\/wp\/v2\/pages\/6755\/revisions\/6756"}],"up":[{"embeddable":true,"href":"https:\/\/www.allgeier.com\/de\/wp-json\/wp\/v2\/pages\/1155"}],"wp:attachment":[{"href":"https:\/\/www.allgeier.com\/de\/wp-json\/wp\/v2\/media?parent=6755"}],"wp:term":[{"taxonomy":"category","embeddable":true,"href":"https:\/\/www.allgeier.com\/de\/wp-json\/wp\/v2\/categories?post=6755"},{"taxonomy":"post_tag","embeddable":true,"href":"https:\/\/www.allgeier.com\/de\/wp-json\/wp\/v2\/tags?post=6755"}],"curies":[{"name":"wp","href":"https:\/\/api.w.org\/{rel}","templated":true}]}}