{"id":6771,"date":"2007-05-03T15:48:02","date_gmt":"2007-05-03T15:48:02","guid":{"rendered":"https:\/\/www.allgeier.com\/de\/?page_id=6771"},"modified":"2025-07-23T10:26:39","modified_gmt":"2025-07-23T10:26:39","slug":"allgeier-meldet-starkes-erstes-quartal-2007-2","status":"publish","type":"page","link":"https:\/\/www.allgeier.com\/de\/investor-relations\/adhoc-announcements\/allgeier-meldet-starkes-erstes-quartal-2007-2\/","title":{"rendered":"Allgeier meldet starkes erstes Quartal 2007"},"content":{"rendered":"<p><b>Allgeier Holding AG \/ Quartalsergebnis<\/b><\/p>\n<p>Ver\u00f6ffentlichung einer Ad-hoc-Meldung nach \u00a7 15 WpHG, \u00fcbermittelt durch die<br \/>\nDGAP &#8211; ein Unternehmen der EquityStory AG.<br \/>\nF\u00fcr den Inhalt der Mitteilung ist der Emittent verantwortlich.<br \/>\n&#8212;&#8212;&#8212;&#8212;&#8212;&#8212;&#8212;&#8212;&#8212;&#8212;&#8212;&#8212;&#8212;&#8212;&#8212;&#8212;&#8212;&#8212;&#8212;&#8212;&#8212;&#8212;&#8212;&#8212;&#8212;<\/p>\n<p>M\u00fcnchen, 3.5.2007 \u2013 Die Konzerngesch\u00e4ftszahlen der Allgeier Holding AG<br \/>\nlagen auch im ersten Quartal 2007 \u00fcber den Erwartungen. Der Konzernumsatz<br \/>\nder integrierten Dienstleistungsgruppe f\u00fcr IT- und Personal Services<br \/>\n(Zeitarbeit) wuchs um 137% auf 58,4 Mio. EUR gegen\u00fcber der<br \/>\nVergleichsperiode im Vorjahr (24,7 Mio. EUR). Das operative Ergebnis vor<br \/>\nAbschreibungen, Zinsen und Steuern (EBITDA) stieg von 1 Mio. EUR im Vorjahr<br \/>\num 227% auf 3,3 Mio. EUR im ersten Quartal 2007. Die operative Marge<br \/>\n(Umsatzerl\u00f6se\/EBITDA) verbesserte sich dabei von 4% im Vorjahr auf nunmehr<br \/>\n5,6% in der Berichtsperiode. Das operative Ergebnis vor IFRS bedingten<br \/>\nAbschreibungen f\u00fcr im Rahmen der Kaufpreisallokation aktivierten<br \/>\nimmateriellen Verm\u00f6gensgegenst\u00e4nden und Goodwills (EBITA) stieg gegen\u00fcber<br \/>\ndem Vergleichszeitraum des Vorjahres ebenfalls um 2 Mio. EUR auf 2,7 Mio.<br \/>\nEUR (+ 286%). Das Ergebnis vor Zinsen und Steuern (EBIT) stieg von 0,2 Mio.<br \/>\nEUR auf 1 Mio. EUR (+338%).<\/p>\n<p>F\u00fcr die Allgeier Gruppe machte sich die saisonal bedingte schw\u00e4chere<br \/>\nNachfrage nach Zeitarbeitskr\u00e4ften im ersten Quartal eines Gesch\u00e4ftsjahres<br \/>\nin diesem Jahr nicht bemerkbar. Der Gesch\u00e4ftsbereich Personal Services<br \/>\n(Zeitarbeit) trug mit einem organischen Wachstum von 54% in den ersten drei<br \/>\nMonaten ma\u00dfgeblich zum Erfolg bei. Dieses Wachstum wurde erzielt, obwohl im<br \/>\n1. Quartal 2007 aufgrund eines Feiertages ein Arbeitstag weniger<br \/>\nfakturierbar war als in der Vergleichsperiode des Vorjahres. Auch das<br \/>\nIT-Gesch\u00e4ft entwickelte sich im ersten Quartal 2007 wie erwartet positiv.<\/p>\n<p>Der Zwischenbericht zum Gesch\u00e4ftsverlauf des ersten Quartals 2007 wird im<br \/>\nMai ver\u00f6ffentlicht.<\/p>\n<p>Ausblick<\/p>\n<p>Aufgrund des starken Wachstums im Gesch\u00e4ftsbereich Personal Services<br \/>\n(Zeitarbeit) erwartet der Vorstand ein Jahresumsatzvolumen von deutlich<br \/>\n\u00fcber 145 Mio. EUR in diesem Gesch\u00e4ftsbereich. Dar\u00fcber hinaus sind weitere<br \/>\nAkquisitionen (vgl. Ad Hoc Meldung vom 2.4.2007) bis zum Ende des<br \/>\nGesch\u00e4ftsjahres 2007 vorgesehen. Bei erfolgreicher Umsetzung dieser neuen<br \/>\nAkquisitionen rechnet die Allgeier Holding mit einem Umsatz auf Jahresbasis<br \/>\nin der Gr\u00f6\u00dfenordnung von 200 Mio. EUR in diesem Gesch\u00e4ftsbereich. Auch<br \/>\ninsgesamt rechnet der Vorstand f\u00fcr das Gesamtjahr mit einem \u00fcber den<br \/>\nbisherigen Erwartungen liegenden Konzernwachstum.<\/p>\n<p>In den vergangen Monaten haben verschiedene Interessenten gegen\u00fcber dem<br \/>\nVorstand ein grunds\u00e4tzliches Interesse am Erwerb oder einer Beteiligung an<br \/>\ndem Gesch\u00e4ftsbereich Personal Services ge\u00e4u\u00dfert. Im Rahmen der &#8218;Buy and<br \/>\nBuilt&#8216; Strategie pr\u00fcft der Vorstand s\u00e4mtliche strategischen Optionen zur<br \/>\nFortsetzung des Wachstumskurses. Dies schlie\u00dft insbesondere auch die<br \/>\nM\u00f6glichkeit eines B\u00f6rsengangs des Gesch\u00e4ftsbereiches ein.<\/p>\n<p>Kontakt:<br \/>\nChristian Eggenberger<br \/>\nVorstand<br \/>\nAllgeier Holding AG<br \/>\nWehrlestr. 12<br \/>\n81679 M\u00fcnchen<br \/>\nTel. 089-998421-0<br \/>\nFax  089-998421-11<br \/>\nwww.allgeier.com<\/p>\n<p>Kurzprofil Allgeier Holding AG:<br \/>\nDie Allgeier Holding AG ist eine Dienstleistungsgruppe, die in den zwei<br \/>\nWachstumsm\u00e4rkten IT- und Personal-Services (Zeitarbeit) aktiv ist. Die<br \/>\nGesellschaften im Bereich Personal Service bieten flexible<br \/>\nPersonalkapazit\u00e4t und Know-how \u2013 von der Aushilfe bis zum Interimsmanager.<br \/>\nIm Bereich IT-Service werden Kunden bei der Umsetzung von Innovationen, der<br \/>\nVerbesserung des Informationsflusses und der Optimierung von<br \/>\nGesch\u00e4ftsprozessen unterst\u00fctzt. Die Unternehmen innerhalb von Allgeier<br \/>\narbeiten eigenst\u00e4ndig mit allen Vorteilen mittelst\u00e4ndischer Flexibilit\u00e4t,<br \/>\nSchnelligkeit, Serviceorientierung und Innovationskraft. Unter dem Dach von<br \/>\nAllgeier verbinden sich diese Vorteile mit der Nutzung von Synergien, der<br \/>\nSicherheit und der Schlagkraft einer f\u00fchrenden b\u00f6rsennotierten<br \/>\nUnternehmensgruppe. Durch ein breites Service-Leistungsspektrum sowie<br \/>\ngeb\u00fcndelte Kompetenz und Gr\u00f6\u00dfe werden nachhaltig steigende Werte f\u00fcr Kunden<br \/>\nund Investoren geschaffen. Die Allgeier-Gruppe besch\u00e4ftigt zurzeit rund<br \/>\n6.500 Mitarbeiter und kann auf \u00fcber 3.500 Kunden verweisen. Laut Guidance<br \/>\npeilt Allgeier im Gesch\u00e4ftsjahr 2007 einen Umsatz von 250 Millionen Euro.<br \/>\nDie Allgeier Holding AG ist am Geregelten Markt der Frankfurter B\u00f6rse im<br \/>\nSegment General Standard notiert (WKN 508630\/ISIN DE000508630). Weitere<br \/>\nInformationen unter: www.allgeier.com<\/p>\n<p>Wichtiger Hinweis:<br \/>\nDiese Ad-hoc Mitteilung\/Pressemitteilung enth\u00e4lt in die Zukunft gerichtete<br \/>\nAussagen, die auf Annahmen und Sch\u00e4tzungen der Unternehmensleitung der<br \/>\nAllgeier Holding AG beruhen. Auch wenn die Unternehmensleitung der Ansicht<br \/>\nist, dass diese Annahmen und Sch\u00e4tzungen zutreffend sind, k\u00f6nnen die<br \/>\nk\u00fcnftige tats\u00e4chliche Entwicklung und die k\u00fcnftigen tats\u00e4chlichen<br \/>\nErgebnisse von diesen Annahmen und Sch\u00e4tzungen aufgrund vielf\u00e4ltiger<br \/>\nFaktoren erheblich abweichen. Zu diesen Faktoren k\u00f6nnen beispielsweise die<br \/>\nVer\u00e4nderung der gesamtwirtschaftlichen Lage, der Wechselkurse, der<br \/>\nZinss\u00e4tze sowie Ver\u00e4nderungen innerhalb der Marktentwicklung und der sich<br \/>\nver\u00e4nderten Wettbewerbssituation geh\u00f6ren. Die Allgeier Holding AG \u00fcbernimmt<br \/>\nkeine Gew\u00e4hrleistung und keine Haftung daf\u00fcr, dass die k\u00fcnftige Entwicklung<br \/>\nund die k\u00fcnftig erzielten tats\u00e4chlichen Ergebnisse mit den in dieser Ad-hoc<br \/>\nMitteilung\/Pressemitteilung ge\u00e4u\u00dferten Annahmen und Sch\u00e4tzungen<br \/>\n\u00fcbereinstimmen werden.<\/p>\n<p>DGAP 03.05.2007<br \/>\n&#8212;&#8212;&#8212;&#8212;&#8212;&#8212;&#8212;&#8212;&#8212;&#8212;&#8212;&#8212;&#8212;&#8212;&#8212;&#8212;&#8212;&#8212;&#8212;&#8212;&#8212;&#8212;&#8212;&#8212;&#8212;<\/p>\n<p>Sprache:      Deutsch<br \/>\nEmittent:     Allgeier Holding AG<br \/>\n              Wehrlestrasse 12<br \/>\n              81679 M\u00fcnchen Deutschland<br \/>\nTelefon:      +49 (0)89 998 421-0<br \/>\nFax:          +49 (0)89 998 421-11<br \/>\nE-mail:       info@allgeier.com<br \/>\nwww:          www.allgeier-holding.com<br \/>\nISIN:         DE0005086300<br \/>\nWKN:          508630<br \/>\nIndizes:      CDAX<br \/>\nB\u00f6rsen:       Geregelter Markt in Frankfurt (General Standard); Freiverkehr<br \/>\n              in Berlin-Bremen, Stuttgart, Hamburg, D\u00fcsseldorf<\/p>\n<p>Ende der Mitteilung                             DGAP News-Service<\/p>\n<p>&#8212;&#8212;&#8212;&#8212;&#8212;&#8212;&#8212;&#8212;&#8212;&#8212;&#8212;&#8212;&#8212;&#8212;&#8212;&#8212;&#8212;&#8212;&#8212;&#8212;&#8212;&#8212;&#8212;&#8212;&#8212;<\/p>\n","protected":false},"excerpt":{"rendered":"<p>M\u00fcnchen, 3.5.2007 \u2013 Die Konzerngesch\u00e4ftszahlen der Allgeier Holding AG lagen auch im ersten Quartal 2007 \u00fcber den Erwartungen. Der Konzernumsatz der integrierten Dienstleistungsgruppe f\u00fcr IT- und Personal Services (Zeitarbeit) wuchs um 137% auf 58,4 Mio. EUR gegen\u00fcber der Vergleichsperio<\/p>\n","protected":false},"author":4,"featured_media":0,"parent":1155,"menu_order":0,"comment_status":"close","ping_status":"closed","template":"","meta":{"_acf_changed":false,"footnotes":""},"categories":[],"tags":[],"class_list":["post-6771","page","type-page","status-publish","hentry"],"acf":[],"yoast_head":"<!-- This site is optimized with the Yoast SEO plugin v27.4 - https:\/\/yoast.com\/product\/yoast-seo-wordpress\/ -->\n<title>Allgeier meldet starkes erstes Quartal 2007 - Allgeier SE<\/title>\n<meta name=\"robots\" content=\"index, follow, max-snippet:-1, max-image-preview:large, max-video-preview:-1\" \/>\n<link rel=\"canonical\" href=\"https:\/\/www.allgeier.com\/de\/investor-relations\/adhoc-announcements\/allgeier-meldet-starkes-erstes-quartal-2007-2\/\" \/>\n<meta property=\"og:locale\" content=\"de_DE\" \/>\n<meta property=\"og:type\" content=\"article\" \/>\n<meta property=\"og:title\" content=\"Allgeier meldet starkes erstes Quartal 2007 - Allgeier SE\" \/>\n<meta property=\"og:description\" content=\"M\u00fcnchen, 3.5.2007 \u2013 Die Konzerngesch\u00e4ftszahlen der Allgeier Holding AG lagen auch im ersten Quartal 2007 \u00fcber den Erwartungen. Der Konzernumsatz der integrierten Dienstleistungsgruppe f\u00fcr IT- und Personal Services (Zeitarbeit) wuchs um 137% auf 58,4 Mio. EUR gegen\u00fcber der Vergleichsperio\" \/>\n<meta property=\"og:url\" content=\"https:\/\/www.allgeier.com\/de\/investor-relations\/adhoc-announcements\/allgeier-meldet-starkes-erstes-quartal-2007-2\/\" \/>\n<meta property=\"og:site_name\" content=\"Allgeier SE\" \/>\n<meta property=\"article:modified_time\" content=\"2025-07-23T10:26:39+00:00\" \/>\n<meta name=\"twitter:card\" content=\"summary_large_image\" \/>\n<meta name=\"twitter:label1\" content=\"Gesch\u00e4tzte Lesezeit\" \/>\n\t<meta name=\"twitter:data1\" content=\"4\u00a0Minuten\" \/>\n<script type=\"application\/ld+json\" class=\"yoast-schema-graph\">{\"@context\":\"https:\\\/\\\/schema.org\",\"@graph\":[{\"@type\":\"WebPage\",\"@id\":\"https:\\\/\\\/www.allgeier.com\\\/de\\\/investor-relations\\\/adhoc-announcements\\\/allgeier-meldet-starkes-erstes-quartal-2007-2\\\/\",\"url\":\"https:\\\/\\\/www.allgeier.com\\\/de\\\/investor-relations\\\/adhoc-announcements\\\/allgeier-meldet-starkes-erstes-quartal-2007-2\\\/\",\"name\":\"Allgeier meldet starkes erstes Quartal 2007 - Allgeier SE\",\"isPartOf\":{\"@id\":\"https:\\\/\\\/www.allgeier.com\\\/de\\\/#website\"},\"datePublished\":\"2007-05-03T15:48:02+00:00\",\"dateModified\":\"2025-07-23T10:26:39+00:00\",\"breadcrumb\":{\"@id\":\"https:\\\/\\\/www.allgeier.com\\\/de\\\/investor-relations\\\/adhoc-announcements\\\/allgeier-meldet-starkes-erstes-quartal-2007-2\\\/#breadcrumb\"},\"inLanguage\":\"de\",\"potentialAction\":[{\"@type\":\"ReadAction\",\"target\":[\"https:\\\/\\\/www.allgeier.com\\\/de\\\/investor-relations\\\/adhoc-announcements\\\/allgeier-meldet-starkes-erstes-quartal-2007-2\\\/\"]}]},{\"@type\":\"BreadcrumbList\",\"@id\":\"https:\\\/\\\/www.allgeier.com\\\/de\\\/investor-relations\\\/adhoc-announcements\\\/allgeier-meldet-starkes-erstes-quartal-2007-2\\\/#breadcrumb\",\"itemListElement\":[{\"@type\":\"ListItem\",\"position\":1,\"name\":\"Home\",\"item\":\"https:\\\/\\\/www.allgeier.com\\\/de\\\/\"},{\"@type\":\"ListItem\",\"position\":2,\"name\":\"Investor Relations\",\"item\":\"https:\\\/\\\/www.allgeier.com\\\/de\\\/investor-relations\\\/\"},{\"@type\":\"ListItem\",\"position\":3,\"name\":\"Ad hoc-Mitteilungen\",\"item\":\"https:\\\/\\\/www.allgeier.com\\\/de\\\/investor-relations\\\/adhoc-announcements\\\/\"},{\"@type\":\"ListItem\",\"position\":4,\"name\":\"Allgeier meldet starkes erstes Quartal 2007\"}]},{\"@type\":\"WebSite\",\"@id\":\"https:\\\/\\\/www.allgeier.com\\\/de\\\/#website\",\"url\":\"https:\\\/\\\/www.allgeier.com\\\/de\\\/\",\"name\":\"Allgeier SE\",\"description\":\"Software &amp; IT Services for digital transformation\",\"potentialAction\":[{\"@type\":\"SearchAction\",\"target\":{\"@type\":\"EntryPoint\",\"urlTemplate\":\"https:\\\/\\\/www.allgeier.com\\\/de\\\/?s={search_term_string}\"},\"query-input\":{\"@type\":\"PropertyValueSpecification\",\"valueRequired\":true,\"valueName\":\"search_term_string\"}}],\"inLanguage\":\"de\"}]}<\/script>\n<!-- \/ Yoast SEO plugin. -->","yoast_head_json":{"title":"Allgeier meldet starkes erstes Quartal 2007 - Allgeier SE","robots":{"index":"index","follow":"follow","max-snippet":"max-snippet:-1","max-image-preview":"max-image-preview:large","max-video-preview":"max-video-preview:-1"},"canonical":"https:\/\/www.allgeier.com\/de\/investor-relations\/adhoc-announcements\/allgeier-meldet-starkes-erstes-quartal-2007-2\/","og_locale":"de_DE","og_type":"article","og_title":"Allgeier meldet starkes erstes Quartal 2007 - Allgeier SE","og_description":"M\u00fcnchen, 3.5.2007 \u2013 Die Konzerngesch\u00e4ftszahlen der Allgeier Holding AG lagen auch im ersten Quartal 2007 \u00fcber den Erwartungen. Der Konzernumsatz der integrierten Dienstleistungsgruppe f\u00fcr IT- und Personal Services (Zeitarbeit) wuchs um 137% auf 58,4 Mio. EUR gegen\u00fcber der Vergleichsperio","og_url":"https:\/\/www.allgeier.com\/de\/investor-relations\/adhoc-announcements\/allgeier-meldet-starkes-erstes-quartal-2007-2\/","og_site_name":"Allgeier SE","article_modified_time":"2025-07-23T10:26:39+00:00","twitter_card":"summary_large_image","twitter_misc":{"Gesch\u00e4tzte Lesezeit":"4\u00a0Minuten"},"schema":{"@context":"https:\/\/schema.org","@graph":[{"@type":"WebPage","@id":"https:\/\/www.allgeier.com\/de\/investor-relations\/adhoc-announcements\/allgeier-meldet-starkes-erstes-quartal-2007-2\/","url":"https:\/\/www.allgeier.com\/de\/investor-relations\/adhoc-announcements\/allgeier-meldet-starkes-erstes-quartal-2007-2\/","name":"Allgeier meldet starkes erstes Quartal 2007 - Allgeier SE","isPartOf":{"@id":"https:\/\/www.allgeier.com\/de\/#website"},"datePublished":"2007-05-03T15:48:02+00:00","dateModified":"2025-07-23T10:26:39+00:00","breadcrumb":{"@id":"https:\/\/www.allgeier.com\/de\/investor-relations\/adhoc-announcements\/allgeier-meldet-starkes-erstes-quartal-2007-2\/#breadcrumb"},"inLanguage":"de","potentialAction":[{"@type":"ReadAction","target":["https:\/\/www.allgeier.com\/de\/investor-relations\/adhoc-announcements\/allgeier-meldet-starkes-erstes-quartal-2007-2\/"]}]},{"@type":"BreadcrumbList","@id":"https:\/\/www.allgeier.com\/de\/investor-relations\/adhoc-announcements\/allgeier-meldet-starkes-erstes-quartal-2007-2\/#breadcrumb","itemListElement":[{"@type":"ListItem","position":1,"name":"Home","item":"https:\/\/www.allgeier.com\/de\/"},{"@type":"ListItem","position":2,"name":"Investor Relations","item":"https:\/\/www.allgeier.com\/de\/investor-relations\/"},{"@type":"ListItem","position":3,"name":"Ad hoc-Mitteilungen","item":"https:\/\/www.allgeier.com\/de\/investor-relations\/adhoc-announcements\/"},{"@type":"ListItem","position":4,"name":"Allgeier meldet starkes erstes Quartal 2007"}]},{"@type":"WebSite","@id":"https:\/\/www.allgeier.com\/de\/#website","url":"https:\/\/www.allgeier.com\/de\/","name":"Allgeier SE","description":"Software &amp; IT Services for digital transformation","potentialAction":[{"@type":"SearchAction","target":{"@type":"EntryPoint","urlTemplate":"https:\/\/www.allgeier.com\/de\/?s={search_term_string}"},"query-input":{"@type":"PropertyValueSpecification","valueRequired":true,"valueName":"search_term_string"}}],"inLanguage":"de"}]}},"_links":{"self":[{"href":"https:\/\/www.allgeier.com\/de\/wp-json\/wp\/v2\/pages\/6771","targetHints":{"allow":["GET"]}}],"collection":[{"href":"https:\/\/www.allgeier.com\/de\/wp-json\/wp\/v2\/pages"}],"about":[{"href":"https:\/\/www.allgeier.com\/de\/wp-json\/wp\/v2\/types\/page"}],"author":[{"embeddable":true,"href":"https:\/\/www.allgeier.com\/de\/wp-json\/wp\/v2\/users\/4"}],"replies":[{"embeddable":true,"href":"https:\/\/www.allgeier.com\/de\/wp-json\/wp\/v2\/comments?post=6771"}],"version-history":[{"count":1,"href":"https:\/\/www.allgeier.com\/de\/wp-json\/wp\/v2\/pages\/6771\/revisions"}],"predecessor-version":[{"id":6772,"href":"https:\/\/www.allgeier.com\/de\/wp-json\/wp\/v2\/pages\/6771\/revisions\/6772"}],"up":[{"embeddable":true,"href":"https:\/\/www.allgeier.com\/de\/wp-json\/wp\/v2\/pages\/1155"}],"wp:attachment":[{"href":"https:\/\/www.allgeier.com\/de\/wp-json\/wp\/v2\/media?parent=6771"}],"wp:term":[{"taxonomy":"category","embeddable":true,"href":"https:\/\/www.allgeier.com\/de\/wp-json\/wp\/v2\/categories?post=6771"},{"taxonomy":"post_tag","embeddable":true,"href":"https:\/\/www.allgeier.com\/de\/wp-json\/wp\/v2\/tags?post=6771"}],"curies":[{"name":"wp","href":"https:\/\/api.w.org\/{rel}","templated":true}]}}