{"id":6775,"date":"2007-06-19T16:32:26","date_gmt":"2007-06-19T16:32:26","guid":{"rendered":"https:\/\/www.allgeier.com\/de\/?page_id=6775"},"modified":"2025-07-23T10:26:39","modified_gmt":"2025-07-23T10:26:39","slug":"allgeier-gruppe-setzt-ausbau-des-geschaeftsbereichs-personal-services-durch-weitere-akquisition-fort-2","status":"publish","type":"page","link":"https:\/\/www.allgeier.com\/de\/investor-relations\/adhoc-announcements\/allgeier-gruppe-setzt-ausbau-des-geschaeftsbereichs-personal-services-durch-weitere-akquisition-fort-2\/","title":{"rendered":"Allgeier Gruppe setzt Ausbau des Gesch\u00e4ftsbereichs Personal Services durch weitere Akquisition fort"},"content":{"rendered":"<p><b>Allgeier Holding AG \/ Firmen\u00fcbernahme<\/b><\/p>\n<p>Ver\u00f6ffentlichung einer Ad-hoc-Meldung nach \u00a7 15 WpHG, \u00fcbermittelt durch die<br \/>\nDGAP &#8211; ein Unternehmen der EquityStory AG.<br \/>\nF\u00fcr den Inhalt der Mitteilung ist der Emittent verantwortlich.<br \/>\n&#8212;&#8212;&#8212;&#8212;&#8212;&#8212;&#8212;&#8212;&#8212;&#8212;&#8212;&#8212;&#8212;&#8212;&#8212;&#8212;&#8212;&#8212;&#8212;&#8212;&#8212;&#8212;&#8212;&#8212;&#8212;<\/p>\n<p>M\u00fcnchen, 19. Juni 2007 \u2013 Die Allgeier Holding AG hat sich heute mit der<br \/>\nGesellschafterin der ABETEC GmbH mit Sitz in Oldenburg \u00fcber den Erwerb von<br \/>\n100 % der Gesch\u00e4ftsanteile geeinigt und entsprechende Vertr\u00e4ge \u00fcber die<br \/>\nKonzerngesellschaft PS 1 MBO GmbH geschlossen. Der Gesamtkaufpreis liegt im<br \/>\nunteren einstelligen Millionenbereich und enth\u00e4lt ergebnisabh\u00e4ngige<br \/>\nEarn-Out Komponenten.<\/p>\n<p>Die ABETEC GmbH ist auf die Vermittlung von qualifizierten<br \/>\nZeitarbeitskr\u00e4ften mit Fokus auf die Bereiche Automobilbau,<br \/>\nChemie\/Petro-Chemie, Energie, Luftfahrt, Werften sowie Anlagen- und<br \/>\nMaschinenbau spezialisiert. Die ABETEC hat im Gesch\u00e4ftsjahr 2006 mit ca.<br \/>\n170 Mitarbeitern einen Umsatz von ca. 7 Mio. EUR erzielt. Sie befindet sich<br \/>\nauf einem nachhaltigen Wachstumskurs und erwirtschaftet seit Jahren ein<br \/>\npositives Ergebnis.<\/p>\n<p>Die beiden Gesch\u00e4ftsf\u00fchrer der ABETEC GmbH, Bernd Titgemeyer und Olaf<br \/>\nJehnichen, beteiligen sich im Zuge der Transaktion jeweils in H\u00f6he von 5 %<br \/>\nan dem Stammkapital der PS 1 MBO GmbH, der Alleingesellschafterin der<br \/>\nABETEC GmbH. Sie bleiben auch weiterhin Gesch\u00e4ftsf\u00fchrer des Unternehmens.<\/p>\n<p>Wie in den Ad-hoc-Meldungen vom 02.04.2007 und 03.05.2007 bereits<br \/>\nangek\u00fcndigt befindet sich die Allgeier Holding AG auf einem deutlichen<br \/>\nWachstumskurs. Zur Unterst\u00fctzung des organischen Wachstums pr\u00fcft die<br \/>\nAllgeier Holding AG weitere Akquisitionsm\u00f6glichkeiten in beiden<br \/>\nGesch\u00e4ftsbereichen (IT und Personal Services). Sie hat bereits mit den<br \/>\nGesellschaftern von einem weiteren mittelst\u00e4ndischen Zeitarbeitsunternehmen<br \/>\nals Grundlage f\u00fcr die weiteren Verhandlungen Einigung \u00fcber die Eckpunkte<br \/>\neines m\u00f6glichen Erwerbs erzielt. Diese Einigung ist jedoch f\u00fcr beide<br \/>\nParteien rechtlich nicht verbindlich. Der Vollzug dieser Transaktionen<br \/>\nh\u00e4ngt von dem Ausgang der noch ausstehenden Vertragsverhandlungen und der<br \/>\nDue Diligence Pr\u00fcfungen ab.<\/p>\n<p>Kontakt:<br \/>\nChristian Eggenberger<br \/>\nVorstand<br \/>\nAllgeier Holding AG<br \/>\nWehrlestr. 12<br \/>\n81679 M\u00fcnchen<br \/>\nTel. 089-998421-0<br \/>\nFax  089-998421-11<br \/>\nwww.allgeier.com<\/p>\n<p>Kurzprofil Allgeier Holding AG:<br \/>\nDie Allgeier Holding AG ist eine Dienstleistungsgruppe, die in den zwei<br \/>\nWachstumsm\u00e4rkten IT- und Personal-Services (Zeitarbeit) aktiv ist. Die<br \/>\nGesellschaften im Bereich Personal Services bieten flexible<br \/>\nPersonalkapazit\u00e4t und Know-how \u2013 von der Aushilfe bis zum Interimsmanager.<br \/>\nIm Bereich IT Services werden Kunden bei der Umsetzung von Innovationen,<br \/>\nder Verbesserung des Informationsflusses und der Optimierung von<br \/>\nGesch\u00e4ftsprozessen unterst\u00fctzt. Die Unternehmen innerhalb von Allgeier<br \/>\narbeiten eigenst\u00e4ndig mit allen Vorteilen mittelst\u00e4ndischer Flexibilit\u00e4t,<br \/>\nSchnelligkeit, Serviceorientierung und Innovationskraft. Unter dem Dach von<br \/>\nAllgeier verbinden sich diese Vorteile mit der Nutzung von Synergien, der<br \/>\nSicherheit und der Schlagkraft einer f\u00fchrenden b\u00f6rsennotierten<br \/>\nUnternehmensgruppe. Durch ein breites Service-Leistungsspektrum sowie<br \/>\ngeb\u00fcndelte Kompetenz und Gr\u00f6\u00dfe werden nachhaltig steigende Werte f\u00fcr Kunden<br \/>\nund Investoren geschaffen. Die Allgeier-Gruppe besch\u00e4ftigt zurzeit rund<br \/>\n7.000 Mitarbeiter und kann auf \u00fcber 3.500 Kunden verweisen. Laut Guidance<br \/>\npeilt Allgeier im Gesch\u00e4ftsjahr 2007 einen Umsatz von 250 Millionen Euro.<br \/>\nDie Allgeier Holding AG ist am Geregelten Markt der Frankfurter B\u00f6rse im<br \/>\nSegment General Standard notiert (WKN 508630\/ISIN DE000508630). Weitere<br \/>\nInformationen unter: www.allgeier.com<\/p>\n<p>Wichtiger Hinweis:<br \/>\nDiese Ad-hoc Mitteilung\/Pressemitteilung enth\u00e4lt in die Zukunft gerichtete<br \/>\nAussagen, die auf Annahmen und Sch\u00e4tzungen der Unternehmensleitung der<br \/>\nAllgeier Holding AG beruhen. Auch wenn die Unternehmensleitung der Ansicht<br \/>\nist, dass diese Annahmen und Sch\u00e4tzungen zutreffend sind, k\u00f6nnen die<br \/>\nk\u00fcnftige tats\u00e4chliche Entwicklung und die k\u00fcnftigen tats\u00e4chlichen<br \/>\nErgebnisse von diesen Annahmen und Sch\u00e4tzungen aufgrund vielf\u00e4ltiger<br \/>\nFaktoren erheblich abweichen. Zu diesen Faktoren k\u00f6nnen beispielsweise die<br \/>\nVer\u00e4nderung der gesamtwirtschaftlichen Lage, der Wechselkurse, der<br \/>\nZinss\u00e4tze sowie Ver\u00e4nderungen innerhalb der Marktentwicklung und der sich<br \/>\nver\u00e4nderten Wettbewerbssituation geh\u00f6ren. Die Allgeier Holding AG \u00fcbernimmt<br \/>\nkeine Gew\u00e4hrleistung und keine Haftung daf\u00fcr, dass die k\u00fcnftige Entwicklung<br \/>\nund die k\u00fcnftig erzielten tats\u00e4chlichen Ergebnisse mit den in dieser Ad-hoc<br \/>\nMitteilung\/Pressemitteilung ge\u00e4u\u00dferten Annahmen und Sch\u00e4tzungen<br \/>\n\u00fcbereinstimmen werden.<\/p>\n<p>DGAP 19.06.2007<br \/>\n&#8212;&#8212;&#8212;&#8212;&#8212;&#8212;&#8212;&#8212;&#8212;&#8212;&#8212;&#8212;&#8212;&#8212;&#8212;&#8212;&#8212;&#8212;&#8212;&#8212;&#8212;&#8212;&#8212;&#8212;&#8212;<\/p>\n<p>Sprache:      Deutsch<br \/>\nEmittent:     Allgeier Holding AG<br \/>\n              Wehrlestrasse 12<br \/>\n              81679 M\u00fcnchen Deutschland<br \/>\nTelefon:      +49 (0)89 998 421-0<br \/>\nFax:          +49 (0)89 998 421-11<br \/>\nE-mail:       info@allgeier.com<br \/>\nwww:          www.allgeier-holding.com<br \/>\nISIN:         DE0005086300<br \/>\nWKN:          508630<br \/>\nIndizes:      CDAX<br \/>\nB\u00f6rsen:       Geregelter Markt in Frankfurt (General Standard); Freiverkehr<br \/>\n              in Berlin-Bremen, Stuttgart, Hamburg, D\u00fcsseldorf<\/p>\n<p>Ende der Mitteilung                             DGAP News-Service<\/p>\n<p>&#8212;&#8212;&#8212;&#8212;&#8212;&#8212;&#8212;&#8212;&#8212;&#8212;&#8212;&#8212;&#8212;&#8212;&#8212;&#8212;&#8212;&#8212;&#8212;&#8212;&#8212;&#8212;&#8212;&#8212;&#8212;<\/p>\n","protected":false},"excerpt":{"rendered":"<p>M\u00fcnchen, 19. Juni 2007 \u2013 Die Allgeier Holding AG hat sich heute mit der Gesellschafterin der ABETEC GmbH mit Sitz in Oldenburg \u00fcber den Erwerb von 100 % der Gesch\u00e4ftsanteile geeinigt und entsprechende Vertr\u00e4ge \u00fcber die Konzerngesellschaft PS 1 MBO GmbH geschlossen. Der Gesamtkaufpreis lie<\/p>\n","protected":false},"author":4,"featured_media":0,"parent":1155,"menu_order":0,"comment_status":"close","ping_status":"closed","template":"","meta":{"_acf_changed":false,"footnotes":""},"categories":[],"tags":[],"class_list":["post-6775","page","type-page","status-publish","hentry"],"acf":[],"yoast_head":"<!-- This site is optimized with the Yoast SEO plugin v27.4 - https:\/\/yoast.com\/product\/yoast-seo-wordpress\/ -->\n<title>Allgeier Gruppe setzt Ausbau des Gesch\u00e4ftsbereichs Personal Services durch weitere Akquisition fort - Allgeier SE<\/title>\n<meta name=\"robots\" content=\"index, follow, max-snippet:-1, max-image-preview:large, max-video-preview:-1\" \/>\n<link rel=\"canonical\" href=\"https:\/\/www.allgeier.com\/de\/investor-relations\/adhoc-announcements\/allgeier-gruppe-setzt-ausbau-des-geschaeftsbereichs-personal-services-durch-weitere-akquisition-fort-2\/\" \/>\n<meta property=\"og:locale\" content=\"de_DE\" \/>\n<meta property=\"og:type\" content=\"article\" \/>\n<meta property=\"og:title\" content=\"Allgeier Gruppe setzt Ausbau des Gesch\u00e4ftsbereichs Personal Services durch weitere Akquisition fort - Allgeier SE\" \/>\n<meta property=\"og:description\" content=\"M\u00fcnchen, 19. Juni 2007 \u2013 Die Allgeier Holding AG hat sich heute mit der Gesellschafterin der ABETEC GmbH mit Sitz in Oldenburg \u00fcber den Erwerb von 100 % der Gesch\u00e4ftsanteile geeinigt und entsprechende Vertr\u00e4ge \u00fcber die Konzerngesellschaft PS 1 MBO GmbH geschlossen. Der Gesamtkaufpreis lie\" \/>\n<meta property=\"og:url\" content=\"https:\/\/www.allgeier.com\/de\/investor-relations\/adhoc-announcements\/allgeier-gruppe-setzt-ausbau-des-geschaeftsbereichs-personal-services-durch-weitere-akquisition-fort-2\/\" \/>\n<meta property=\"og:site_name\" content=\"Allgeier SE\" \/>\n<meta property=\"article:modified_time\" content=\"2025-07-23T10:26:39+00:00\" \/>\n<meta name=\"twitter:card\" content=\"summary_large_image\" \/>\n<meta name=\"twitter:label1\" content=\"Gesch\u00e4tzte Lesezeit\" \/>\n\t<meta name=\"twitter:data1\" content=\"3\u00a0Minuten\" \/>\n<script type=\"application\/ld+json\" class=\"yoast-schema-graph\">{\"@context\":\"https:\\\/\\\/schema.org\",\"@graph\":[{\"@type\":\"WebPage\",\"@id\":\"https:\\\/\\\/www.allgeier.com\\\/de\\\/investor-relations\\\/adhoc-announcements\\\/allgeier-gruppe-setzt-ausbau-des-geschaeftsbereichs-personal-services-durch-weitere-akquisition-fort-2\\\/\",\"url\":\"https:\\\/\\\/www.allgeier.com\\\/de\\\/investor-relations\\\/adhoc-announcements\\\/allgeier-gruppe-setzt-ausbau-des-geschaeftsbereichs-personal-services-durch-weitere-akquisition-fort-2\\\/\",\"name\":\"Allgeier Gruppe setzt Ausbau des Gesch\u00e4ftsbereichs Personal Services durch weitere Akquisition fort - Allgeier SE\",\"isPartOf\":{\"@id\":\"https:\\\/\\\/www.allgeier.com\\\/de\\\/#website\"},\"datePublished\":\"2007-06-19T16:32:26+00:00\",\"dateModified\":\"2025-07-23T10:26:39+00:00\",\"breadcrumb\":{\"@id\":\"https:\\\/\\\/www.allgeier.com\\\/de\\\/investor-relations\\\/adhoc-announcements\\\/allgeier-gruppe-setzt-ausbau-des-geschaeftsbereichs-personal-services-durch-weitere-akquisition-fort-2\\\/#breadcrumb\"},\"inLanguage\":\"de\",\"potentialAction\":[{\"@type\":\"ReadAction\",\"target\":[\"https:\\\/\\\/www.allgeier.com\\\/de\\\/investor-relations\\\/adhoc-announcements\\\/allgeier-gruppe-setzt-ausbau-des-geschaeftsbereichs-personal-services-durch-weitere-akquisition-fort-2\\\/\"]}]},{\"@type\":\"BreadcrumbList\",\"@id\":\"https:\\\/\\\/www.allgeier.com\\\/de\\\/investor-relations\\\/adhoc-announcements\\\/allgeier-gruppe-setzt-ausbau-des-geschaeftsbereichs-personal-services-durch-weitere-akquisition-fort-2\\\/#breadcrumb\",\"itemListElement\":[{\"@type\":\"ListItem\",\"position\":1,\"name\":\"Home\",\"item\":\"https:\\\/\\\/www.allgeier.com\\\/de\\\/\"},{\"@type\":\"ListItem\",\"position\":2,\"name\":\"Investor Relations\",\"item\":\"https:\\\/\\\/www.allgeier.com\\\/de\\\/investor-relations\\\/\"},{\"@type\":\"ListItem\",\"position\":3,\"name\":\"Ad hoc-Mitteilungen\",\"item\":\"https:\\\/\\\/www.allgeier.com\\\/de\\\/investor-relations\\\/adhoc-announcements\\\/\"},{\"@type\":\"ListItem\",\"position\":4,\"name\":\"Allgeier Gruppe setzt Ausbau des Gesch\u00e4ftsbereichs Personal Services durch weitere Akquisition fort\"}]},{\"@type\":\"WebSite\",\"@id\":\"https:\\\/\\\/www.allgeier.com\\\/de\\\/#website\",\"url\":\"https:\\\/\\\/www.allgeier.com\\\/de\\\/\",\"name\":\"Allgeier SE\",\"description\":\"Software &amp; IT Services for digital transformation\",\"potentialAction\":[{\"@type\":\"SearchAction\",\"target\":{\"@type\":\"EntryPoint\",\"urlTemplate\":\"https:\\\/\\\/www.allgeier.com\\\/de\\\/?s={search_term_string}\"},\"query-input\":{\"@type\":\"PropertyValueSpecification\",\"valueRequired\":true,\"valueName\":\"search_term_string\"}}],\"inLanguage\":\"de\"}]}<\/script>\n<!-- \/ Yoast SEO plugin. -->","yoast_head_json":{"title":"Allgeier Gruppe setzt Ausbau des Gesch\u00e4ftsbereichs Personal Services durch weitere Akquisition fort - Allgeier SE","robots":{"index":"index","follow":"follow","max-snippet":"max-snippet:-1","max-image-preview":"max-image-preview:large","max-video-preview":"max-video-preview:-1"},"canonical":"https:\/\/www.allgeier.com\/de\/investor-relations\/adhoc-announcements\/allgeier-gruppe-setzt-ausbau-des-geschaeftsbereichs-personal-services-durch-weitere-akquisition-fort-2\/","og_locale":"de_DE","og_type":"article","og_title":"Allgeier Gruppe setzt Ausbau des Gesch\u00e4ftsbereichs Personal Services durch weitere Akquisition fort - Allgeier SE","og_description":"M\u00fcnchen, 19. Juni 2007 \u2013 Die Allgeier Holding AG hat sich heute mit der Gesellschafterin der ABETEC GmbH mit Sitz in Oldenburg \u00fcber den Erwerb von 100 % der Gesch\u00e4ftsanteile geeinigt und entsprechende Vertr\u00e4ge \u00fcber die Konzerngesellschaft PS 1 MBO GmbH geschlossen. Der Gesamtkaufpreis lie","og_url":"https:\/\/www.allgeier.com\/de\/investor-relations\/adhoc-announcements\/allgeier-gruppe-setzt-ausbau-des-geschaeftsbereichs-personal-services-durch-weitere-akquisition-fort-2\/","og_site_name":"Allgeier SE","article_modified_time":"2025-07-23T10:26:39+00:00","twitter_card":"summary_large_image","twitter_misc":{"Gesch\u00e4tzte Lesezeit":"3\u00a0Minuten"},"schema":{"@context":"https:\/\/schema.org","@graph":[{"@type":"WebPage","@id":"https:\/\/www.allgeier.com\/de\/investor-relations\/adhoc-announcements\/allgeier-gruppe-setzt-ausbau-des-geschaeftsbereichs-personal-services-durch-weitere-akquisition-fort-2\/","url":"https:\/\/www.allgeier.com\/de\/investor-relations\/adhoc-announcements\/allgeier-gruppe-setzt-ausbau-des-geschaeftsbereichs-personal-services-durch-weitere-akquisition-fort-2\/","name":"Allgeier Gruppe setzt Ausbau des Gesch\u00e4ftsbereichs Personal Services durch weitere Akquisition fort - Allgeier SE","isPartOf":{"@id":"https:\/\/www.allgeier.com\/de\/#website"},"datePublished":"2007-06-19T16:32:26+00:00","dateModified":"2025-07-23T10:26:39+00:00","breadcrumb":{"@id":"https:\/\/www.allgeier.com\/de\/investor-relations\/adhoc-announcements\/allgeier-gruppe-setzt-ausbau-des-geschaeftsbereichs-personal-services-durch-weitere-akquisition-fort-2\/#breadcrumb"},"inLanguage":"de","potentialAction":[{"@type":"ReadAction","target":["https:\/\/www.allgeier.com\/de\/investor-relations\/adhoc-announcements\/allgeier-gruppe-setzt-ausbau-des-geschaeftsbereichs-personal-services-durch-weitere-akquisition-fort-2\/"]}]},{"@type":"BreadcrumbList","@id":"https:\/\/www.allgeier.com\/de\/investor-relations\/adhoc-announcements\/allgeier-gruppe-setzt-ausbau-des-geschaeftsbereichs-personal-services-durch-weitere-akquisition-fort-2\/#breadcrumb","itemListElement":[{"@type":"ListItem","position":1,"name":"Home","item":"https:\/\/www.allgeier.com\/de\/"},{"@type":"ListItem","position":2,"name":"Investor Relations","item":"https:\/\/www.allgeier.com\/de\/investor-relations\/"},{"@type":"ListItem","position":3,"name":"Ad hoc-Mitteilungen","item":"https:\/\/www.allgeier.com\/de\/investor-relations\/adhoc-announcements\/"},{"@type":"ListItem","position":4,"name":"Allgeier Gruppe setzt Ausbau des Gesch\u00e4ftsbereichs Personal Services durch weitere Akquisition fort"}]},{"@type":"WebSite","@id":"https:\/\/www.allgeier.com\/de\/#website","url":"https:\/\/www.allgeier.com\/de\/","name":"Allgeier SE","description":"Software &amp; IT Services for digital transformation","potentialAction":[{"@type":"SearchAction","target":{"@type":"EntryPoint","urlTemplate":"https:\/\/www.allgeier.com\/de\/?s={search_term_string}"},"query-input":{"@type":"PropertyValueSpecification","valueRequired":true,"valueName":"search_term_string"}}],"inLanguage":"de"}]}},"_links":{"self":[{"href":"https:\/\/www.allgeier.com\/de\/wp-json\/wp\/v2\/pages\/6775","targetHints":{"allow":["GET"]}}],"collection":[{"href":"https:\/\/www.allgeier.com\/de\/wp-json\/wp\/v2\/pages"}],"about":[{"href":"https:\/\/www.allgeier.com\/de\/wp-json\/wp\/v2\/types\/page"}],"author":[{"embeddable":true,"href":"https:\/\/www.allgeier.com\/de\/wp-json\/wp\/v2\/users\/4"}],"replies":[{"embeddable":true,"href":"https:\/\/www.allgeier.com\/de\/wp-json\/wp\/v2\/comments?post=6775"}],"version-history":[{"count":1,"href":"https:\/\/www.allgeier.com\/de\/wp-json\/wp\/v2\/pages\/6775\/revisions"}],"predecessor-version":[{"id":6776,"href":"https:\/\/www.allgeier.com\/de\/wp-json\/wp\/v2\/pages\/6775\/revisions\/6776"}],"up":[{"embeddable":true,"href":"https:\/\/www.allgeier.com\/de\/wp-json\/wp\/v2\/pages\/1155"}],"wp:attachment":[{"href":"https:\/\/www.allgeier.com\/de\/wp-json\/wp\/v2\/media?parent=6775"}],"wp:term":[{"taxonomy":"category","embeddable":true,"href":"https:\/\/www.allgeier.com\/de\/wp-json\/wp\/v2\/categories?post=6775"},{"taxonomy":"post_tag","embeddable":true,"href":"https:\/\/www.allgeier.com\/de\/wp-json\/wp\/v2\/tags?post=6775"}],"curies":[{"name":"wp","href":"https:\/\/api.w.org\/{rel}","templated":true}]}}