{"id":6777,"date":"2007-07-10T14:41:54","date_gmt":"2007-07-10T14:41:54","guid":{"rendered":"https:\/\/www.allgeier.com\/de\/?page_id=6777"},"modified":"2025-07-23T10:26:39","modified_gmt":"2025-07-23T10:26:39","slug":"allgeier-meldet-starke-geschaeftsentwicklung-und-erhoeht-erneut-die-guidance-fuer-2007-2","status":"publish","type":"page","link":"https:\/\/www.allgeier.com\/de\/investor-relations\/adhoc-announcements\/allgeier-meldet-starke-geschaeftsentwicklung-und-erhoeht-erneut-die-guidance-fuer-2007-2\/","title":{"rendered":"Allgeier meldet starke Gesch\u00e4ftsentwicklung und erh\u00f6ht erneut die Guidance f\u00fcr 2007"},"content":{"rendered":"<p><b>Allgeier Holding AG \/ Umsatzentwicklung<\/b><\/p>\n<p>Ver\u00f6ffentlichung einer Ad-hoc-Meldung nach \u00a7 15 WpHG, \u00fcbermittelt durch die<br \/>\nDGAP &#8211; ein Unternehmen der EquityStory AG.<br \/>\nF\u00fcr den Inhalt der Mitteilung ist der Emittent verantwortlich.<br \/>\n&#8212;&#8212;&#8212;&#8212;&#8212;&#8212;&#8212;&#8212;&#8212;&#8212;&#8212;&#8212;&#8212;&#8212;&#8212;&#8212;&#8212;&#8212;&#8212;&#8212;&#8212;&#8212;&#8212;&#8212;&#8212;<\/p>\n<p>M\u00fcnchen, 10.7.2007 \u2013 Allgeier Holding AG erwartet nach einem starken ersten<br \/>\nQuartal auch im zweiten Quartal eine deutliche Umsatz- und Gewinnsteigerung<br \/>\nverglichen mit dem Vorjahreszeitraum. Der Umsatz wird nach vorl\u00e4ufiger<br \/>\nMeldung um mindestens 100%, das operative Ergebnis vor Abschreibungen,<br \/>\nZinsen und Steuern (EBITDA) um mindestens 50% \u00fcber dem Vorjahr liegen. Der<br \/>\nHalbjahresbericht f\u00fcr das erste Halbjahr 2007 wird in KW 34 ver\u00f6ffentlicht.<\/p>\n<p>Aufgrund des anhaltend starken Gesch\u00e4ftsverlaufs in den ersten sechs<br \/>\nMonaten des laufenden Gesch\u00e4ftsjahres 2007 sowie eines positiven Ausblicks<br \/>\nauf die kommenden Monate erh\u00f6ht der Vorstand mit Beschluss vom 10.7.2007<br \/>\nzum zweiten Mal in diesem Jahr seine Guidance. Die Umsatz-Guidance f\u00fcr den<br \/>\nGesamtkonzern f\u00fcr 2007 wird von 250 Mio. EUR auf 295 Mio. EUR erh\u00f6ht, die<br \/>\nEBITDA-Guidance wird auf 26 Mio. EUR nach Holdingkosten &amp; Konsolidierung<br \/>\n(zuvor 18 Mio. EUR) und die EBIT-Guidance auf 16,5 Mio. EUR (zuvor 14 Mio.<br \/>\nEUR) gesetzt. F\u00fcr den Gesch\u00e4ftsbereich IT wird die Umsatz-Guidance mit 125<br \/>\nMio. EUR und die EBITDA-Guidance mit 11 Mio. EUR beziffert. Die<br \/>\nNettoverschuldung f\u00fcr den Gesch\u00e4ftsbereich IT wird mit ca. 8 Mio. EUR<br \/>\nangegeben. F\u00fcr den Gesch\u00e4ftsbereich Personal Services wird die<br \/>\nUmsatz-Guidance auf 170 Mio. EUR und die EBITDA-Guidance auf 19 Mio. EUR<br \/>\ngesetzt. Die Nettoverschuldung f\u00fcr den Gesch\u00e4ftsbereich Personal Services<br \/>\nwird mit ca. 25 Mio. EUR angegeben.<\/p>\n<p>In den vergangen Monaten haben verschiedene Interessenten gegen\u00fcber der<br \/>\nGesellschaft ein grunds\u00e4tzliches Interesse am Erwerb oder einer Beteiligung<br \/>\nan Teilen des Portfolios ge\u00e4u\u00dfert (vgl. Ad-hoc vom 03.05.2007). Das<br \/>\nManagement hat deshalb eigene Berechnungen zum Wert der beiden<br \/>\nGesch\u00e4ftsbereiche durch Vergleiche mit Wettbewerbsunternehmen (Peer Groups)<br \/>\nangestellt. Bei Anwendung der EBITDA-Multiplikatoren (Enterprise<br \/>\nValue\/EBITDA 2007e) von b\u00f6rsennotierten Wettbewerbern auf die beiden<br \/>\nGesch\u00e4ftsbereiche ergibt sich f\u00fcr den Gesch\u00e4ftsbereich IT ein Equity-Wert<br \/>\nvon circa 70 Mio. EUR, f\u00fcr den Gesch\u00e4ftsbereich Personal Services ein<br \/>\nEquity-Wert zwischen circa 150 und 200 Mio. EUR.<\/p>\n<p>Die Gesellschaft er\u00f6rtert zusammen mit ausgew\u00e4hlten Beratern (Banken,<br \/>\nUnternehmens- und Finanzberater) derzeit Optionen, die Zusammensetzung des<br \/>\nBeteiligungsportfolios klarer und f\u00fcr den Kapitalmarkt verst\u00e4ndlicher zu<br \/>\ngestalten. In diesem Zusammenhang pr\u00fcft die Gesellschaft auch konkret<br \/>\nweitere Akquisitionen sowie den Verkauf oder IPO von Teilen des Portfolios.<br \/>\nDamit verbundene strategisch relevante Szenarien werden im Einklang mit der<br \/>\nbisher bew\u00e4hrten dezentralen F\u00fchrungsphilosophie (-struktur) und unter<br \/>\nBeibehaltung des verfolgten Wachstumskurses gepr\u00fcft und abgestimmt.<\/p>\n<p>Vorstand und Aufsichtsrat haben f\u00fcr die Hauptversammlung am 11.07.2007 den<br \/>\nBeschluss zur Erm\u00e4chtigung zum R\u00fcckkauf eigener Aktien vorgeschlagen. Im<br \/>\nFalle der Genehmigung durch die Hauptversammlung plant der Vorstand die<br \/>\nAuflegung eines Aktienr\u00fcckkaufprogramms.<\/p>\n<p>Kontakt:<br \/>\nCarl Georg D\u00fcrschmidt<br \/>\nVorsitzender des Vorstands<br \/>\nAllgeier Holding AG<br \/>\nWehrlestr. 12<br \/>\n81679 M\u00fcnchen<br \/>\nTel. 089-998421-0<br \/>\nFax  089-998421-11<br \/>\nwww.allgeier.com<\/p>\n<p>Kurzprofil Allgeier Holding AG:<br \/>\nDie Allgeier Holding AG ist eine Dienstleistungsgruppe, die in den zwei<br \/>\nWachstumsm\u00e4rkten IT- und Personal-Services (Zeitarbeit) aktiv ist. Die<br \/>\nGesellschaften im Bereich Personal Service bieten flexible<br \/>\nPersonalkapazit\u00e4t und Know-how \u2013 von der Aushilfe bis zum Interimsmanager.<br \/>\nIm Bereich IT-Service werden Kunden bei der Umsetzung von Innovationen, der<br \/>\nVerbesserung des Informationsflusses und der Optimierung von<br \/>\nGesch\u00e4ftsprozessen unterst\u00fctzt. Die Unternehmen innerhalb von Allgeier<br \/>\narbeiten eigenst\u00e4ndig mit allen Vorteilen mittelst\u00e4ndischer Flexibilit\u00e4t,<br \/>\nSchnelligkeit, Serviceorientierung und Innovationskraft. Unter dem Dach von<br \/>\nAllgeier verbinden sich diese Vorteile mit der Nutzung von Synergien, der<br \/>\nSicherheit und der Schlagkraft einer f\u00fchrenden b\u00f6rsennotierten<br \/>\nUnternehmensgruppe. Durch ein breites Service-Leistungsspektrum sowie<br \/>\ngeb\u00fcndelte Kompetenz und Gr\u00f6\u00dfe werden nachhaltig steigende Werte f\u00fcr Kunden<br \/>\nund Investoren geschaffen. Die Allgeier-Gruppe besch\u00e4ftigt zurzeit rund<br \/>\n7.500 Mitarbeiter und kann auf \u00fcber 3.500 Kunden verweisen. Laut Guidance<br \/>\npeilt Allgeier im Gesch\u00e4ftsjahr 2007 einen Umsatz von 295 Millionen Euro<br \/>\nan. Die Allgeier Holding AG ist am Geregelten Markt der Frankfurter B\u00f6rse<br \/>\nim Segment General Standard notiert (WKN 508630\/ISIN DE000508630). Weitere<br \/>\nInformationen unter: www.allgeier.com<\/p>\n<p>Wichtiger Hinweis:<br \/>\nDiese Ad-hoc Mitteilung\/Pressemitteilung enth\u00e4lt in die Zukunft gerichtete<br \/>\nAussagen, die auf Annahmen und Sch\u00e4tzungen der Unternehmensleitung der<br \/>\nAllgeier Holding AG beruhen. Auch wenn die Unternehmensleitung der Ansicht<br \/>\nist, dass diese Annahmen und Sch\u00e4tzungen zutreffend sind, k\u00f6nnen die<br \/>\nk\u00fcnftige tats\u00e4chliche Entwicklung und die k\u00fcnftigen tats\u00e4chlichen<br \/>\nErgebnisse von diesen Annahmen und Sch\u00e4tzungen aufgrund vielf\u00e4ltiger<br \/>\nFaktoren erheblich abweichen. Zu diesen Faktoren k\u00f6nnen beispielsweise die<br \/>\nVer\u00e4nderung der gesamtwirtschaftlichen Lage, der Wechselkurse, der<br \/>\nZinss\u00e4tze sowie Ver\u00e4nderungen innerhalb der Marktentwicklung und der sich<br \/>\nver\u00e4nderten Wettbewerbssituation geh\u00f6ren. Die Allgeier Holding AG \u00fcbernimmt<br \/>\nkeine Gew\u00e4hrleistung und keine Haftung daf\u00fcr, dass die k\u00fcnftige Entwicklung<br \/>\nund die k\u00fcnftig erzielten tats\u00e4chlichen Ergebnisse mit den in dieser Ad-hoc<br \/>\nMitteilung\/Pressemitteilung ge\u00e4u\u00dferten Annahmen und Sch\u00e4tzungen<br \/>\n\u00fcbereinstimmen werden.<\/p>\n<p>DGAP 10.07.2007<br \/>\n&#8212;&#8212;&#8212;&#8212;&#8212;&#8212;&#8212;&#8212;&#8212;&#8212;&#8212;&#8212;&#8212;&#8212;&#8212;&#8212;&#8212;&#8212;&#8212;&#8212;&#8212;&#8212;&#8212;&#8212;&#8212;<\/p>\n<p>Sprache:      Deutsch<br \/>\nEmittent:     Allgeier Holding AG<br \/>\n              Wehrlestrasse 12<br \/>\n              81679 M\u00fcnchen Deutschland<br \/>\nTelefon:      +49 (0)89 998 421-0<br \/>\nFax:          +49 (0)89 998 421-11<br \/>\nE-mail:       info@allgeier.com<br \/>\nInternet:     www.allgeier-holding.com<br \/>\nISIN:         DE0005086300<br \/>\nWKN:          508630<br \/>\nIndizes:      CDAX<br \/>\nB\u00f6rsen:       Geregelter Markt in Frankfurt (General Standard); Freiverkehr<br \/>\n              in Berlin-Bremen, Stuttgart, Hamburg, D\u00fcsseldorf<\/p>\n<p>Ende der Mitteilung                             DGAP News-Service<\/p>\n<p>&#8212;&#8212;&#8212;&#8212;&#8212;&#8212;&#8212;&#8212;&#8212;&#8212;&#8212;&#8212;&#8212;&#8212;&#8212;&#8212;&#8212;&#8212;&#8212;&#8212;&#8212;&#8212;&#8212;&#8212;&#8212;<\/p>\n","protected":false},"excerpt":{"rendered":"<p>M\u00fcnchen, 10.7.2007 \u2013 Allgeier Holding AG erwartet nach einem starken ersten Quartal auch im zweiten Quartal eine deutliche Umsatz- und Gewinnsteigerung verglichen mit dem Vorjahreszeitraum. Der Umsatz wird nach vorl\u00e4ufiger Meldung um mindestens 100%, das operative Ergebnis vor Abschreib<\/p>\n","protected":false},"author":4,"featured_media":0,"parent":1155,"menu_order":0,"comment_status":"close","ping_status":"closed","template":"","meta":{"_acf_changed":false,"footnotes":""},"categories":[],"tags":[],"class_list":["post-6777","page","type-page","status-publish","hentry"],"acf":[],"yoast_head":"<!-- This site is optimized with the Yoast SEO plugin v27.4 - https:\/\/yoast.com\/product\/yoast-seo-wordpress\/ -->\n<title>Allgeier meldet starke Gesch\u00e4ftsentwicklung und erh\u00f6ht erneut die Guidance f\u00fcr 2007 - Allgeier SE<\/title>\n<meta name=\"robots\" content=\"index, follow, max-snippet:-1, max-image-preview:large, max-video-preview:-1\" \/>\n<link rel=\"canonical\" href=\"https:\/\/www.allgeier.com\/de\/investor-relations\/adhoc-announcements\/allgeier-meldet-starke-geschaeftsentwicklung-und-erhoeht-erneut-die-guidance-fuer-2007-2\/\" \/>\n<meta property=\"og:locale\" content=\"de_DE\" \/>\n<meta property=\"og:type\" content=\"article\" \/>\n<meta property=\"og:title\" content=\"Allgeier meldet starke Gesch\u00e4ftsentwicklung und erh\u00f6ht erneut die Guidance f\u00fcr 2007 - Allgeier SE\" \/>\n<meta property=\"og:description\" content=\"M\u00fcnchen, 10.7.2007 \u2013 Allgeier Holding AG erwartet nach einem starken ersten Quartal auch im zweiten Quartal eine deutliche Umsatz- und Gewinnsteigerung verglichen mit dem Vorjahreszeitraum. Der Umsatz wird nach vorl\u00e4ufiger Meldung um mindestens 100%, das operative Ergebnis vor Abschreib\" \/>\n<meta property=\"og:url\" content=\"https:\/\/www.allgeier.com\/de\/investor-relations\/adhoc-announcements\/allgeier-meldet-starke-geschaeftsentwicklung-und-erhoeht-erneut-die-guidance-fuer-2007-2\/\" \/>\n<meta property=\"og:site_name\" content=\"Allgeier SE\" \/>\n<meta property=\"article:modified_time\" content=\"2025-07-23T10:26:39+00:00\" \/>\n<meta name=\"twitter:card\" content=\"summary_large_image\" \/>\n<meta name=\"twitter:label1\" content=\"Gesch\u00e4tzte Lesezeit\" \/>\n\t<meta name=\"twitter:data1\" content=\"4\u00a0Minuten\" \/>\n<script type=\"application\/ld+json\" class=\"yoast-schema-graph\">{\"@context\":\"https:\\\/\\\/schema.org\",\"@graph\":[{\"@type\":\"WebPage\",\"@id\":\"https:\\\/\\\/www.allgeier.com\\\/de\\\/investor-relations\\\/adhoc-announcements\\\/allgeier-meldet-starke-geschaeftsentwicklung-und-erhoeht-erneut-die-guidance-fuer-2007-2\\\/\",\"url\":\"https:\\\/\\\/www.allgeier.com\\\/de\\\/investor-relations\\\/adhoc-announcements\\\/allgeier-meldet-starke-geschaeftsentwicklung-und-erhoeht-erneut-die-guidance-fuer-2007-2\\\/\",\"name\":\"Allgeier meldet starke Gesch\u00e4ftsentwicklung und erh\u00f6ht erneut die Guidance f\u00fcr 2007 - Allgeier SE\",\"isPartOf\":{\"@id\":\"https:\\\/\\\/www.allgeier.com\\\/de\\\/#website\"},\"datePublished\":\"2007-07-10T14:41:54+00:00\",\"dateModified\":\"2025-07-23T10:26:39+00:00\",\"breadcrumb\":{\"@id\":\"https:\\\/\\\/www.allgeier.com\\\/de\\\/investor-relations\\\/adhoc-announcements\\\/allgeier-meldet-starke-geschaeftsentwicklung-und-erhoeht-erneut-die-guidance-fuer-2007-2\\\/#breadcrumb\"},\"inLanguage\":\"de\",\"potentialAction\":[{\"@type\":\"ReadAction\",\"target\":[\"https:\\\/\\\/www.allgeier.com\\\/de\\\/investor-relations\\\/adhoc-announcements\\\/allgeier-meldet-starke-geschaeftsentwicklung-und-erhoeht-erneut-die-guidance-fuer-2007-2\\\/\"]}]},{\"@type\":\"BreadcrumbList\",\"@id\":\"https:\\\/\\\/www.allgeier.com\\\/de\\\/investor-relations\\\/adhoc-announcements\\\/allgeier-meldet-starke-geschaeftsentwicklung-und-erhoeht-erneut-die-guidance-fuer-2007-2\\\/#breadcrumb\",\"itemListElement\":[{\"@type\":\"ListItem\",\"position\":1,\"name\":\"Home\",\"item\":\"https:\\\/\\\/www.allgeier.com\\\/de\\\/\"},{\"@type\":\"ListItem\",\"position\":2,\"name\":\"Investor Relations\",\"item\":\"https:\\\/\\\/www.allgeier.com\\\/de\\\/investor-relations\\\/\"},{\"@type\":\"ListItem\",\"position\":3,\"name\":\"Ad hoc-Mitteilungen\",\"item\":\"https:\\\/\\\/www.allgeier.com\\\/de\\\/investor-relations\\\/adhoc-announcements\\\/\"},{\"@type\":\"ListItem\",\"position\":4,\"name\":\"Allgeier meldet starke Gesch\u00e4ftsentwicklung und erh\u00f6ht erneut die Guidance f\u00fcr 2007\"}]},{\"@type\":\"WebSite\",\"@id\":\"https:\\\/\\\/www.allgeier.com\\\/de\\\/#website\",\"url\":\"https:\\\/\\\/www.allgeier.com\\\/de\\\/\",\"name\":\"Allgeier SE\",\"description\":\"Software &amp; IT Services for digital transformation\",\"potentialAction\":[{\"@type\":\"SearchAction\",\"target\":{\"@type\":\"EntryPoint\",\"urlTemplate\":\"https:\\\/\\\/www.allgeier.com\\\/de\\\/?s={search_term_string}\"},\"query-input\":{\"@type\":\"PropertyValueSpecification\",\"valueRequired\":true,\"valueName\":\"search_term_string\"}}],\"inLanguage\":\"de\"}]}<\/script>\n<!-- \/ Yoast SEO plugin. -->","yoast_head_json":{"title":"Allgeier meldet starke Gesch\u00e4ftsentwicklung und erh\u00f6ht erneut die Guidance f\u00fcr 2007 - Allgeier SE","robots":{"index":"index","follow":"follow","max-snippet":"max-snippet:-1","max-image-preview":"max-image-preview:large","max-video-preview":"max-video-preview:-1"},"canonical":"https:\/\/www.allgeier.com\/de\/investor-relations\/adhoc-announcements\/allgeier-meldet-starke-geschaeftsentwicklung-und-erhoeht-erneut-die-guidance-fuer-2007-2\/","og_locale":"de_DE","og_type":"article","og_title":"Allgeier meldet starke Gesch\u00e4ftsentwicklung und erh\u00f6ht erneut die Guidance f\u00fcr 2007 - Allgeier SE","og_description":"M\u00fcnchen, 10.7.2007 \u2013 Allgeier Holding AG erwartet nach einem starken ersten Quartal auch im zweiten Quartal eine deutliche Umsatz- und Gewinnsteigerung verglichen mit dem Vorjahreszeitraum. Der Umsatz wird nach vorl\u00e4ufiger Meldung um mindestens 100%, das operative Ergebnis vor Abschreib","og_url":"https:\/\/www.allgeier.com\/de\/investor-relations\/adhoc-announcements\/allgeier-meldet-starke-geschaeftsentwicklung-und-erhoeht-erneut-die-guidance-fuer-2007-2\/","og_site_name":"Allgeier SE","article_modified_time":"2025-07-23T10:26:39+00:00","twitter_card":"summary_large_image","twitter_misc":{"Gesch\u00e4tzte Lesezeit":"4\u00a0Minuten"},"schema":{"@context":"https:\/\/schema.org","@graph":[{"@type":"WebPage","@id":"https:\/\/www.allgeier.com\/de\/investor-relations\/adhoc-announcements\/allgeier-meldet-starke-geschaeftsentwicklung-und-erhoeht-erneut-die-guidance-fuer-2007-2\/","url":"https:\/\/www.allgeier.com\/de\/investor-relations\/adhoc-announcements\/allgeier-meldet-starke-geschaeftsentwicklung-und-erhoeht-erneut-die-guidance-fuer-2007-2\/","name":"Allgeier meldet starke Gesch\u00e4ftsentwicklung und erh\u00f6ht erneut die Guidance f\u00fcr 2007 - Allgeier SE","isPartOf":{"@id":"https:\/\/www.allgeier.com\/de\/#website"},"datePublished":"2007-07-10T14:41:54+00:00","dateModified":"2025-07-23T10:26:39+00:00","breadcrumb":{"@id":"https:\/\/www.allgeier.com\/de\/investor-relations\/adhoc-announcements\/allgeier-meldet-starke-geschaeftsentwicklung-und-erhoeht-erneut-die-guidance-fuer-2007-2\/#breadcrumb"},"inLanguage":"de","potentialAction":[{"@type":"ReadAction","target":["https:\/\/www.allgeier.com\/de\/investor-relations\/adhoc-announcements\/allgeier-meldet-starke-geschaeftsentwicklung-und-erhoeht-erneut-die-guidance-fuer-2007-2\/"]}]},{"@type":"BreadcrumbList","@id":"https:\/\/www.allgeier.com\/de\/investor-relations\/adhoc-announcements\/allgeier-meldet-starke-geschaeftsentwicklung-und-erhoeht-erneut-die-guidance-fuer-2007-2\/#breadcrumb","itemListElement":[{"@type":"ListItem","position":1,"name":"Home","item":"https:\/\/www.allgeier.com\/de\/"},{"@type":"ListItem","position":2,"name":"Investor Relations","item":"https:\/\/www.allgeier.com\/de\/investor-relations\/"},{"@type":"ListItem","position":3,"name":"Ad hoc-Mitteilungen","item":"https:\/\/www.allgeier.com\/de\/investor-relations\/adhoc-announcements\/"},{"@type":"ListItem","position":4,"name":"Allgeier meldet starke Gesch\u00e4ftsentwicklung und erh\u00f6ht erneut die Guidance f\u00fcr 2007"}]},{"@type":"WebSite","@id":"https:\/\/www.allgeier.com\/de\/#website","url":"https:\/\/www.allgeier.com\/de\/","name":"Allgeier SE","description":"Software &amp; IT Services for digital transformation","potentialAction":[{"@type":"SearchAction","target":{"@type":"EntryPoint","urlTemplate":"https:\/\/www.allgeier.com\/de\/?s={search_term_string}"},"query-input":{"@type":"PropertyValueSpecification","valueRequired":true,"valueName":"search_term_string"}}],"inLanguage":"de"}]}},"_links":{"self":[{"href":"https:\/\/www.allgeier.com\/de\/wp-json\/wp\/v2\/pages\/6777","targetHints":{"allow":["GET"]}}],"collection":[{"href":"https:\/\/www.allgeier.com\/de\/wp-json\/wp\/v2\/pages"}],"about":[{"href":"https:\/\/www.allgeier.com\/de\/wp-json\/wp\/v2\/types\/page"}],"author":[{"embeddable":true,"href":"https:\/\/www.allgeier.com\/de\/wp-json\/wp\/v2\/users\/4"}],"replies":[{"embeddable":true,"href":"https:\/\/www.allgeier.com\/de\/wp-json\/wp\/v2\/comments?post=6777"}],"version-history":[{"count":1,"href":"https:\/\/www.allgeier.com\/de\/wp-json\/wp\/v2\/pages\/6777\/revisions"}],"predecessor-version":[{"id":6778,"href":"https:\/\/www.allgeier.com\/de\/wp-json\/wp\/v2\/pages\/6777\/revisions\/6778"}],"up":[{"embeddable":true,"href":"https:\/\/www.allgeier.com\/de\/wp-json\/wp\/v2\/pages\/1155"}],"wp:attachment":[{"href":"https:\/\/www.allgeier.com\/de\/wp-json\/wp\/v2\/media?parent=6777"}],"wp:term":[{"taxonomy":"category","embeddable":true,"href":"https:\/\/www.allgeier.com\/de\/wp-json\/wp\/v2\/categories?post=6777"},{"taxonomy":"post_tag","embeddable":true,"href":"https:\/\/www.allgeier.com\/de\/wp-json\/wp\/v2\/tags?post=6777"}],"curies":[{"name":"wp","href":"https:\/\/api.w.org\/{rel}","templated":true}]}}