{"id":6779,"date":"2006-06-16T15:43:53","date_gmt":"2006-06-16T15:43:53","guid":{"rendered":"https:\/\/www.allgeier.com\/de\/?page_id=6779"},"modified":"2025-07-23T10:26:39","modified_gmt":"2025-07-23T10:26:39","slug":"allgeier-meldet-mit-dem-wirtschaftspruefer-abgestimmte-konzernzahlen-2005-und-bestaetigt-prognose-2006-2","status":"publish","type":"page","link":"https:\/\/www.allgeier.com\/de\/investor-relations\/adhoc-announcements\/allgeier-meldet-mit-dem-wirtschaftspruefer-abgestimmte-konzernzahlen-2005-und-bestaetigt-prognose-2006-2\/","title":{"rendered":"Allgeier meldet mit dem Wirtschaftspr\u00fcfer abgestimmte Konzernzahlen 2005 und best\u00e4tigt Prognose 2006"},"content":{"rendered":"<p><b>Allgeier Holding AG \/ Jahresergebnis<\/b><\/p>\n<p>Ad-hoc-Meldung nach \u00a7 15 WpHG \u00fcbermittelt durch die DGAP &#8211; ein Unternehmen der EquityStory AG.<br \/>\nF\u00fcr den Inhalt der Mitteilung ist der Emittent verantwortlich.<br \/>\n&#8212;&#8212;&#8212;&#8212;&#8212;&#8212;&#8212;&#8212;&#8212;&#8212;&#8212;&#8212;&#8212;&#8212;&#8212;&#8212;&#8212;&#8212;&#8212;&#8212;&#8212;&#8212;&#8212;&#8212;&#8212;<\/p>\n<p>M\u00fcnchen, 16.06.2006 &#8211; Allgeier Holding AG meldete am 02.05.2006<br \/>\nAbweichungen zu den vorl\u00e4ufigen Zahlen 2005 aufgrund von IFRS Bilanzierung.<br \/>\nInzwischen liegen die mit dem Wirtschaftspr\u00fcfer abgestimmten<br \/>\nKonzernergebnisse f\u00fcr das Jahr 2005 vor. Der Konzernumsatz 2005 konnte<br \/>\ngegen\u00fcber Vorjahr um 82 % auf 72,0 Mio. EUR (Vorjahr 39,6 Mio. EUR)<br \/>\ngesteigert werden. Das Ergebnis vor Abschreibungen und Zinsen (EBITDA)<br \/>\nstieg um 93 % auf 5,8 Mio. EUR (Vorjahr 3,0 Mio. EUR). Nach Abschreibungen<br \/>\nentstand im Konzern ein Ergebnis vor Zinsen und Steuern (EBIT) von 3,3 Mio.<br \/>\nEUR (Vorjahr \u20132,6 Mio. EUR), das Ergebnis vor Steuern lag mit 2,4 Mio. EUR<br \/>\nebenfalls deutlich \u00fcber dem Vorjahr (Vorjahr -2,8 Mio. EUR). Nach hohen<br \/>\nVerlusten in den Vorjahren konnte der Konzern in 2005 erstmals wieder ein<br \/>\npositives Ergebnis nach Steuern und Minderheitsanteilen von 2,0 Mio. EUR<br \/>\nerwirtschaften (Vorjahr -1,1 Mio. EUR).<\/p>\n<p>Der gepr\u00fcfte Konzernabschluss 2005 wird im Juli 2006 dem Aufsichtsrat<br \/>\nvorgelegt.<\/p>\n<p>F\u00fcr das Gesch\u00e4ftsjahr 2006 best\u00e4tigt der Vorstand seine im M\u00e4rz 2006<br \/>\nver\u00f6ffentlichte Prognose und geht nach wie vor von einem Konzernumsatz 2006<br \/>\nvon \u00fcber 120 Mio. EUR und einem Konzern-EBIT von ca. 9 Mio. EUR aus.<\/p>\n<p>Ferner teilte der Vorstand am 02.05.2006 mit, dass die Deutsche Pr\u00fcfstelle<br \/>\nf\u00fcr Rechnungslegung (DPR) den Konzernabschluss der Allgeier Holding AG f\u00fcr<br \/>\ndas Gesch\u00e4ftsjahr 2004 pr\u00fcft. Die mit der Pr\u00fcfstelle abgestimmten<br \/>\nPr\u00fcfungsfeststellungen werden Anpassungen bei den zum 31.12.2004<br \/>\naktivierten latenten Steuern und der Verteilung des Unterschiedsbetrags<br \/>\nzwischen dem Kaufpreis und den erworbenen Verm\u00f6genswerten und Schulden<br \/>\neiner in 2004 akquirierten Gesellschaft sowie daraus resultierenden<br \/>\nAufwendungen zur Folge haben. Die Anpassungen betragen rund 3 Mio. EUR und<br \/>\nwerden erfolgsneutral gegen das Eigenkapital verbucht. S\u00e4mtliche Effekte<br \/>\nsind Cash Flow neutral.<\/p>\n<p>Kontakt:<br \/>\nAllgeier Holding AG<br \/>\nChristian Eggenberger<br \/>\nVorstand<br \/>\nWehrlestr. 12<br \/>\n81679 M\u00fcnchen<br \/>\nTel. 089 \u2013 998421-0<br \/>\nFax 089 \u2013 998421-11<br \/>\nE-Mail: ir@allgeier-holding.de<br \/>\nwww.allgeier-holding.de<\/p>\n<p>Das Unternehmen<br \/>\nDie Allgeier Holding AG fungiert als F\u00fchrungsholding einer europaweit<br \/>\nagierenden Unternehmensgruppe, die sich auf zwei wachstumsstarke M\u00e4rkte<br \/>\nkonzentriert: IT-Services und Personal-Services. Mit unseren IT-Services<br \/>\nunterst\u00fctzen wir Unternehmen bei der Umsetzung von Innovationen, der<br \/>\nVerbesserung des Informationsflusses und der Optimierung von<br \/>\nGesch\u00e4ftsabl\u00e4ufen. Die on-demand Personal-Services helfen unseren Kunden,<br \/>\nihre Prozesse und Kapazit\u00e4ten flexibel an die Auftragslage anzupassen. Ende<br \/>\n2005 besch\u00e4ftigte die Allgeier-Gruppe \u00fcber 2000 Mitarbeiter in neun<br \/>\neigenst\u00e4ndigen, leistungsf\u00e4higen Mittelstands-Unternehmen. Die Allgeier<br \/>\nHolding AG hat ihren Sitz in M\u00fcnchen und ist am geregelten Markt der<br \/>\nFrankfurter B\u00f6rse im Segment General Standard notiert (WKN 508630\/ISIN DE<br \/>\n000508630).<\/p>\n<p>Wichtiger Hinweis:<br \/>\nDiese Ad-hoc Mitteilung\/Pressemitteilung enth\u00e4lt in die Zukunft gerichtete<br \/>\nAussagen, die auf Annahmen und Sch\u00e4tzungen der Unternehmensleitung der<br \/>\nAllgeier Holding AG beruhen. Auch wenn die Unternehmensleitung der Ansicht<br \/>\nist, dass diese Annahmen und Sch\u00e4tzungen zutreffend sind, k\u00f6nnen die<br \/>\nk\u00fcnftige tats\u00e4chliche Entwicklung und die k\u00fcnftigen tats\u00e4chlichen<br \/>\nErgebnisse von diesen Annahmen und Sch\u00e4tzungen aufgrund vielf\u00e4ltiger<br \/>\nFaktoren erheblich abweichen. Zu diesen Faktoren k\u00f6nnen beispielsweise die<br \/>\nVer\u00e4nderung der gesamtwirtschaftlichen Lage, der Wechselkurse, der<br \/>\nZinss\u00e4tze sowie Ver\u00e4nderungen innerhalb der Marktentwicklung und der sich<br \/>\nver\u00e4nderten Wettbewerbssituation geh\u00f6ren. Die Allgeier Holding AG \u00fcbernimmt<br \/>\nkeine Gew\u00e4hrleistung und keine Haftung daf\u00fcr, dass die k\u00fcnftige Entwicklung<br \/>\nund die k\u00fcnftig erzielten tats\u00e4chlichen Ergebnisse mit den in dieser Ad-hoc<br \/>\nMitteilung\/Pressemitteilung ge\u00e4u\u00dferten Annahmen und Sch\u00e4tzungen<br \/>\n\u00fcbereinstimmen werden.<\/p>\n<p>DGAP 16.06.2006<br \/>\n&#8212;&#8212;&#8212;&#8212;&#8212;&#8212;&#8212;&#8212;&#8212;&#8212;&#8212;&#8212;&#8212;&#8212;&#8212;&#8212;&#8212;&#8212;&#8212;&#8212;&#8212;&#8212;&#8212;&#8212;&#8212;<\/p>\n<p>Sprache:      Deutsch<br \/>\nEmittent:     Allgeier Holding AG<br \/>\n              Wehrlestrasse 12<br \/>\n              81679 M\u00fcnchen Deutschland<br \/>\nTelefon:      +49 (0)89 998 421-0<br \/>\nFax:          +49 (0)89 998 421-11<br \/>\nEmail:        info@allgeier.com<br \/>\nWWW:          www.allgeier-holding.com<br \/>\nISIN:         DE0005086300<br \/>\nWKN:          508630<br \/>\nIndizes:      CDAX<br \/>\nB\u00f6rsen:       Geregelter Markt in Frankfurt (General Standard); Freiverkehr<br \/>\n              in Berlin-Bremen, Hannover, D\u00fcsseldorf, Hamburg, Stuttgart<\/p>\n<p>Ende der Mitteilung                             DGAP News-Service<\/p>\n<p>&#8212;&#8212;&#8212;&#8212;&#8212;&#8212;&#8212;&#8212;&#8212;&#8212;&#8212;&#8212;&#8212;&#8212;&#8212;&#8212;&#8212;&#8212;&#8212;&#8212;&#8212;&#8212;&#8212;&#8212;&#8212;<\/p>\n","protected":false},"excerpt":{"rendered":"<p>M\u00fcnchen, 16.06.2006 &#8211; Allgeier Holding AG meldete am 02.05.2006 Abweichungen zu den vorl\u00e4ufigen Zahlen 2005 aufgrund von IFRS Bilanzierung. Inzwischen liegen die mit dem Wirtschaftspr\u00fcfer abgestimmten Konzernergebnisse f\u00fcr das Jahr 2005 vor. Der Konzernumsatz 2005 konnte gegen\u00fcber Vorjahr um 82 % auf<\/p>\n","protected":false},"author":4,"featured_media":0,"parent":1155,"menu_order":0,"comment_status":"close","ping_status":"closed","template":"","meta":{"_acf_changed":false,"footnotes":""},"categories":[],"tags":[],"class_list":["post-6779","page","type-page","status-publish","hentry"],"acf":[],"yoast_head":"<!-- This site is optimized with the Yoast SEO plugin v27.4 - https:\/\/yoast.com\/product\/yoast-seo-wordpress\/ -->\n<title>Allgeier meldet mit dem Wirtschaftspr\u00fcfer abgestimmte Konzernzahlen 2005 und best\u00e4tigt Prognose 2006 - Allgeier SE<\/title>\n<meta name=\"robots\" content=\"index, follow, max-snippet:-1, max-image-preview:large, max-video-preview:-1\" \/>\n<link rel=\"canonical\" href=\"https:\/\/www.allgeier.com\/de\/investor-relations\/adhoc-announcements\/allgeier-meldet-mit-dem-wirtschaftspruefer-abgestimmte-konzernzahlen-2005-und-bestaetigt-prognose-2006-2\/\" \/>\n<meta property=\"og:locale\" content=\"de_DE\" \/>\n<meta property=\"og:type\" content=\"article\" \/>\n<meta property=\"og:title\" content=\"Allgeier meldet mit dem Wirtschaftspr\u00fcfer abgestimmte Konzernzahlen 2005 und best\u00e4tigt Prognose 2006 - Allgeier SE\" \/>\n<meta property=\"og:description\" content=\"M\u00fcnchen, 16.06.2006 - Allgeier Holding AG meldete am 02.05.2006 Abweichungen zu den vorl\u00e4ufigen Zahlen 2005 aufgrund von IFRS Bilanzierung. Inzwischen liegen die mit dem Wirtschaftspr\u00fcfer abgestimmten Konzernergebnisse f\u00fcr das Jahr 2005 vor. Der Konzernumsatz 2005 konnte gegen\u00fcber Vorjahr um 82 % auf\" \/>\n<meta property=\"og:url\" content=\"https:\/\/www.allgeier.com\/de\/investor-relations\/adhoc-announcements\/allgeier-meldet-mit-dem-wirtschaftspruefer-abgestimmte-konzernzahlen-2005-und-bestaetigt-prognose-2006-2\/\" \/>\n<meta property=\"og:site_name\" content=\"Allgeier SE\" \/>\n<meta property=\"article:modified_time\" content=\"2025-07-23T10:26:39+00:00\" \/>\n<meta name=\"twitter:card\" content=\"summary_large_image\" \/>\n<meta name=\"twitter:label1\" content=\"Gesch\u00e4tzte Lesezeit\" \/>\n\t<meta name=\"twitter:data1\" content=\"3\u00a0Minuten\" \/>\n<script type=\"application\/ld+json\" class=\"yoast-schema-graph\">{\"@context\":\"https:\\\/\\\/schema.org\",\"@graph\":[{\"@type\":\"WebPage\",\"@id\":\"https:\\\/\\\/www.allgeier.com\\\/de\\\/investor-relations\\\/adhoc-announcements\\\/allgeier-meldet-mit-dem-wirtschaftspruefer-abgestimmte-konzernzahlen-2005-und-bestaetigt-prognose-2006-2\\\/\",\"url\":\"https:\\\/\\\/www.allgeier.com\\\/de\\\/investor-relations\\\/adhoc-announcements\\\/allgeier-meldet-mit-dem-wirtschaftspruefer-abgestimmte-konzernzahlen-2005-und-bestaetigt-prognose-2006-2\\\/\",\"name\":\"Allgeier meldet mit dem Wirtschaftspr\u00fcfer abgestimmte Konzernzahlen 2005 und best\u00e4tigt Prognose 2006 - Allgeier SE\",\"isPartOf\":{\"@id\":\"https:\\\/\\\/www.allgeier.com\\\/de\\\/#website\"},\"datePublished\":\"2006-06-16T15:43:53+00:00\",\"dateModified\":\"2025-07-23T10:26:39+00:00\",\"breadcrumb\":{\"@id\":\"https:\\\/\\\/www.allgeier.com\\\/de\\\/investor-relations\\\/adhoc-announcements\\\/allgeier-meldet-mit-dem-wirtschaftspruefer-abgestimmte-konzernzahlen-2005-und-bestaetigt-prognose-2006-2\\\/#breadcrumb\"},\"inLanguage\":\"de\",\"potentialAction\":[{\"@type\":\"ReadAction\",\"target\":[\"https:\\\/\\\/www.allgeier.com\\\/de\\\/investor-relations\\\/adhoc-announcements\\\/allgeier-meldet-mit-dem-wirtschaftspruefer-abgestimmte-konzernzahlen-2005-und-bestaetigt-prognose-2006-2\\\/\"]}]},{\"@type\":\"BreadcrumbList\",\"@id\":\"https:\\\/\\\/www.allgeier.com\\\/de\\\/investor-relations\\\/adhoc-announcements\\\/allgeier-meldet-mit-dem-wirtschaftspruefer-abgestimmte-konzernzahlen-2005-und-bestaetigt-prognose-2006-2\\\/#breadcrumb\",\"itemListElement\":[{\"@type\":\"ListItem\",\"position\":1,\"name\":\"Home\",\"item\":\"https:\\\/\\\/www.allgeier.com\\\/de\\\/\"},{\"@type\":\"ListItem\",\"position\":2,\"name\":\"Investor Relations\",\"item\":\"https:\\\/\\\/www.allgeier.com\\\/de\\\/investor-relations\\\/\"},{\"@type\":\"ListItem\",\"position\":3,\"name\":\"Ad hoc-Mitteilungen\",\"item\":\"https:\\\/\\\/www.allgeier.com\\\/de\\\/investor-relations\\\/adhoc-announcements\\\/\"},{\"@type\":\"ListItem\",\"position\":4,\"name\":\"Allgeier meldet mit dem Wirtschaftspr\u00fcfer abgestimmte Konzernzahlen 2005 und best\u00e4tigt Prognose 2006\"}]},{\"@type\":\"WebSite\",\"@id\":\"https:\\\/\\\/www.allgeier.com\\\/de\\\/#website\",\"url\":\"https:\\\/\\\/www.allgeier.com\\\/de\\\/\",\"name\":\"Allgeier SE\",\"description\":\"Software &amp; IT Services for digital transformation\",\"potentialAction\":[{\"@type\":\"SearchAction\",\"target\":{\"@type\":\"EntryPoint\",\"urlTemplate\":\"https:\\\/\\\/www.allgeier.com\\\/de\\\/?s={search_term_string}\"},\"query-input\":{\"@type\":\"PropertyValueSpecification\",\"valueRequired\":true,\"valueName\":\"search_term_string\"}}],\"inLanguage\":\"de\"}]}<\/script>\n<!-- \/ Yoast SEO plugin. -->","yoast_head_json":{"title":"Allgeier meldet mit dem Wirtschaftspr\u00fcfer abgestimmte Konzernzahlen 2005 und best\u00e4tigt Prognose 2006 - Allgeier SE","robots":{"index":"index","follow":"follow","max-snippet":"max-snippet:-1","max-image-preview":"max-image-preview:large","max-video-preview":"max-video-preview:-1"},"canonical":"https:\/\/www.allgeier.com\/de\/investor-relations\/adhoc-announcements\/allgeier-meldet-mit-dem-wirtschaftspruefer-abgestimmte-konzernzahlen-2005-und-bestaetigt-prognose-2006-2\/","og_locale":"de_DE","og_type":"article","og_title":"Allgeier meldet mit dem Wirtschaftspr\u00fcfer abgestimmte Konzernzahlen 2005 und best\u00e4tigt Prognose 2006 - Allgeier SE","og_description":"M\u00fcnchen, 16.06.2006 - Allgeier Holding AG meldete am 02.05.2006 Abweichungen zu den vorl\u00e4ufigen Zahlen 2005 aufgrund von IFRS Bilanzierung. Inzwischen liegen die mit dem Wirtschaftspr\u00fcfer abgestimmten Konzernergebnisse f\u00fcr das Jahr 2005 vor. Der Konzernumsatz 2005 konnte gegen\u00fcber Vorjahr um 82 % auf","og_url":"https:\/\/www.allgeier.com\/de\/investor-relations\/adhoc-announcements\/allgeier-meldet-mit-dem-wirtschaftspruefer-abgestimmte-konzernzahlen-2005-und-bestaetigt-prognose-2006-2\/","og_site_name":"Allgeier SE","article_modified_time":"2025-07-23T10:26:39+00:00","twitter_card":"summary_large_image","twitter_misc":{"Gesch\u00e4tzte Lesezeit":"3\u00a0Minuten"},"schema":{"@context":"https:\/\/schema.org","@graph":[{"@type":"WebPage","@id":"https:\/\/www.allgeier.com\/de\/investor-relations\/adhoc-announcements\/allgeier-meldet-mit-dem-wirtschaftspruefer-abgestimmte-konzernzahlen-2005-und-bestaetigt-prognose-2006-2\/","url":"https:\/\/www.allgeier.com\/de\/investor-relations\/adhoc-announcements\/allgeier-meldet-mit-dem-wirtschaftspruefer-abgestimmte-konzernzahlen-2005-und-bestaetigt-prognose-2006-2\/","name":"Allgeier meldet mit dem Wirtschaftspr\u00fcfer abgestimmte Konzernzahlen 2005 und best\u00e4tigt Prognose 2006 - Allgeier SE","isPartOf":{"@id":"https:\/\/www.allgeier.com\/de\/#website"},"datePublished":"2006-06-16T15:43:53+00:00","dateModified":"2025-07-23T10:26:39+00:00","breadcrumb":{"@id":"https:\/\/www.allgeier.com\/de\/investor-relations\/adhoc-announcements\/allgeier-meldet-mit-dem-wirtschaftspruefer-abgestimmte-konzernzahlen-2005-und-bestaetigt-prognose-2006-2\/#breadcrumb"},"inLanguage":"de","potentialAction":[{"@type":"ReadAction","target":["https:\/\/www.allgeier.com\/de\/investor-relations\/adhoc-announcements\/allgeier-meldet-mit-dem-wirtschaftspruefer-abgestimmte-konzernzahlen-2005-und-bestaetigt-prognose-2006-2\/"]}]},{"@type":"BreadcrumbList","@id":"https:\/\/www.allgeier.com\/de\/investor-relations\/adhoc-announcements\/allgeier-meldet-mit-dem-wirtschaftspruefer-abgestimmte-konzernzahlen-2005-und-bestaetigt-prognose-2006-2\/#breadcrumb","itemListElement":[{"@type":"ListItem","position":1,"name":"Home","item":"https:\/\/www.allgeier.com\/de\/"},{"@type":"ListItem","position":2,"name":"Investor Relations","item":"https:\/\/www.allgeier.com\/de\/investor-relations\/"},{"@type":"ListItem","position":3,"name":"Ad hoc-Mitteilungen","item":"https:\/\/www.allgeier.com\/de\/investor-relations\/adhoc-announcements\/"},{"@type":"ListItem","position":4,"name":"Allgeier meldet mit dem Wirtschaftspr\u00fcfer abgestimmte Konzernzahlen 2005 und best\u00e4tigt Prognose 2006"}]},{"@type":"WebSite","@id":"https:\/\/www.allgeier.com\/de\/#website","url":"https:\/\/www.allgeier.com\/de\/","name":"Allgeier SE","description":"Software &amp; IT Services for digital transformation","potentialAction":[{"@type":"SearchAction","target":{"@type":"EntryPoint","urlTemplate":"https:\/\/www.allgeier.com\/de\/?s={search_term_string}"},"query-input":{"@type":"PropertyValueSpecification","valueRequired":true,"valueName":"search_term_string"}}],"inLanguage":"de"}]}},"_links":{"self":[{"href":"https:\/\/www.allgeier.com\/de\/wp-json\/wp\/v2\/pages\/6779","targetHints":{"allow":["GET"]}}],"collection":[{"href":"https:\/\/www.allgeier.com\/de\/wp-json\/wp\/v2\/pages"}],"about":[{"href":"https:\/\/www.allgeier.com\/de\/wp-json\/wp\/v2\/types\/page"}],"author":[{"embeddable":true,"href":"https:\/\/www.allgeier.com\/de\/wp-json\/wp\/v2\/users\/4"}],"replies":[{"embeddable":true,"href":"https:\/\/www.allgeier.com\/de\/wp-json\/wp\/v2\/comments?post=6779"}],"version-history":[{"count":1,"href":"https:\/\/www.allgeier.com\/de\/wp-json\/wp\/v2\/pages\/6779\/revisions"}],"predecessor-version":[{"id":6781,"href":"https:\/\/www.allgeier.com\/de\/wp-json\/wp\/v2\/pages\/6779\/revisions\/6781"}],"up":[{"embeddable":true,"href":"https:\/\/www.allgeier.com\/de\/wp-json\/wp\/v2\/pages\/1155"}],"wp:attachment":[{"href":"https:\/\/www.allgeier.com\/de\/wp-json\/wp\/v2\/media?parent=6779"}],"wp:term":[{"taxonomy":"category","embeddable":true,"href":"https:\/\/www.allgeier.com\/de\/wp-json\/wp\/v2\/categories?post=6779"},{"taxonomy":"post_tag","embeddable":true,"href":"https:\/\/www.allgeier.com\/de\/wp-json\/wp\/v2\/tags?post=6779"}],"curies":[{"name":"wp","href":"https:\/\/api.w.org\/{rel}","templated":true}]}}