{"id":6783,"date":"2007-09-06T18:28:07","date_gmt":"2007-09-06T18:28:07","guid":{"rendered":"https:\/\/www.allgeier.com\/de\/?page_id=6783"},"modified":"2025-07-23T10:26:39","modified_gmt":"2025-07-23T10:26:39","slug":"allgeier-holding-ag-wachstumsstrategie-fuer-den-geschaeftsbereich-personal-services-2","status":"publish","type":"page","link":"https:\/\/www.allgeier.com\/de\/investor-relations\/adhoc-announcements\/allgeier-holding-ag-wachstumsstrategie-fuer-den-geschaeftsbereich-personal-services-2\/","title":{"rendered":"Allgeier Holding AG \u2013 Wachstumsstrategie f\u00fcr den Gesch\u00e4ftsbereich Personal Services"},"content":{"rendered":"<p><b>Allgeier Holding AG \/ Strategische Unternehmensentscheidung<\/b><\/p>\n<p>Ver\u00f6ffentlichung einer Ad-hoc-Mitteilung nach \u00a7 15 WpHG, \u00fcbermittelt durch<br \/>\ndie DGAP &#8211; ein Unternehmen der EquityStory AG.<br \/>\nF\u00fcr den Inhalt der Mitteilung ist der Emittent verantwortlich.<br \/>\n&#8212;&#8212;&#8212;&#8212;&#8212;&#8212;&#8212;&#8212;&#8212;&#8212;&#8212;&#8212;&#8212;&#8212;&#8212;&#8212;&#8212;&#8212;&#8212;&#8212;&#8212;&#8212;&#8212;&#8212;&#8212;<\/p>\n<p>Allgeier Holding AG hat in der Ad-hoc Mitteilung vom 10. Juli 2007<br \/>\nmitgeteilt, dass die Gesellschaft vor dem Hintergrund verschiedener<br \/>\nInteressensbekundungen aus dem Markt die weitere strategische Entwicklung<br \/>\ndes Unternehmens pr\u00fcft.<\/p>\n<p>F\u00fcr den Bereich Personal Services hat diese Pr\u00fcfung als Ergebnis konkrete<br \/>\nHandlungsoptionen f\u00fcr verschiedene Szenarien geliefert. Der Gesellschaft<br \/>\nliegen mehrere konkrete Angebote zum vollst\u00e4ndigen Erwerb oder einer<br \/>\nBeteiligung an dem Gesch\u00e4ftsbereich Personal Services vor. Der Vorstand<br \/>\nwird diese Angebote gemeinsam mit der F\u00fchrungsmannschaft des<br \/>\nGesch\u00e4ftsbereichs eingehend pr\u00fcfen und beurteilen. Auf der Grundlage dieser<br \/>\nAbstimmung werden die weiteren Prozessschritte durchgef\u00fchrt werden, um eine<br \/>\nabschlie\u00dfende Entscheidungsreife herbeizuf\u00fchren.<\/p>\n<p>Parallel dazu hat der Vorstand gemeinsam mit mehreren renommierten<br \/>\ndeutschen und internationalen Investmentbanken die Durchf\u00fchrung eines<br \/>\nB\u00f6rsengangs des Gesch\u00e4ftsbereichs Personal Services gepr\u00fcft. Die<br \/>\nangefragten Banken haben im Ergebnis die Durchf\u00fchrung eines B\u00f6rsengangs<br \/>\nempfohlen und ihre Leistungen f\u00fcr eine solche Transaktion konkret<br \/>\nangeboten.<\/p>\n<p>Alle vorliegenden Angebote und Interessensbekundungen sind rechtlich noch<br \/>\nunverbindlich. Die Durchf\u00fchrung einer der genannten m\u00f6glichen Transaktionen<br \/>\nh\u00e4ngt wesentlich vom Ausgang der weiteren internen Evaluierungsgespr\u00e4che<br \/>\nmit der F\u00fchrungsmannschaft und den Verhandlungen mit den externen<br \/>\nInteressenten und Vertragspartnern ab. Auf dieser Grundlage werden Vorstand<br \/>\nund Aufsichtsrat dann zur gegebenen Zeit eine finale Entscheidung treffen.<\/p>\n<p>Kontakt:<br \/>\nCarl Georg D\u00fcrschmidt<br \/>\nVorsitzender des Vorstands<br \/>\nAllgeier Holding AG<br \/>\nWehrlestr. 12<br \/>\n81679 M\u00fcnchen<br \/>\nTel. 089-998421-0<br \/>\nFax  089-998421-11<br \/>\nwww.allgeier.com<\/p>\n<p>Kurzprofil Allgeier Holding AG:<br \/>\nDie Allgeier Holding AG ist eine Dienstleistungsgruppe, die in den zwei<br \/>\nWachstumsm\u00e4rkten IT und Personal-Services (Zeitarbeit) aktiv ist. Die<br \/>\nGesellschaften im Bereich Personal Service bieten flexible<br \/>\nPersonalkapazit\u00e4t und Know-how \u2013 von der Aushilfe bis zum Interimsmanager.<br \/>\nIm Bereich IT-Service werden Kunden bei der Umsetzung von Innovationen, der<br \/>\nVerbesserung des Informationsflusses und der Optimierung von<br \/>\nGesch\u00e4ftsprozessen unterst\u00fctzt. Die Unternehmen innerhalb von Allgeier<br \/>\narbeiten eigenst\u00e4ndig mit allen Vorteilen mittelst\u00e4ndischer Flexibilit\u00e4t,<br \/>\nSchnelligkeit, Serviceorientierung und Innovationskraft. Unter dem Dach von<br \/>\nAllgeier verbinden sich diese Vorteile mit der Nutzung von Synergien, der<br \/>\nSicherheit und der Schlagkraft einer f\u00fchrenden b\u00f6rsennotierten<br \/>\nUnternehmensgruppe. Durch ein breites Service-Leistungsspektrum sowie<br \/>\ngeb\u00fcndelte Kompetenz und Gr\u00f6\u00dfe werden nachhaltig steigende Werte f\u00fcr Kunden<br \/>\nund Investoren geschaffen. Die Allgeier Gruppe besch\u00e4ftigt zurzeit rund<br \/>\n7.500 Mitarbeiter und kann auf \u00fcber 3.500 Kunden verweisen. Laut Guidance<br \/>\npeilt Allgeier im Gesch\u00e4ftsjahr 2007 einen Umsatz von 295 Millionen Euro<br \/>\nan. Die Allgeier Holding AG ist am Geregelten Markt der Frankfurter B\u00f6rse<br \/>\nim Segment General Standard notiert (WKN 508630\/ISIN DE000508630). Weitere<br \/>\nInformationen unter: www.allgeier.com<\/p>\n<p>Wichtiger Hinweis:<br \/>\nDiese Ad-hoc Mitteilung\/Pressemitteilung enth\u00e4lt in die Zukunft gerichtete<br \/>\nAussagen, die auf Annahmen und Sch\u00e4tzungen der Unternehmensleitung der<br \/>\nAllgeier Holding AG beruhen. Auch wenn die Unternehmensleitung der Ansicht<br \/>\nist, dass diese Annahmen und Sch\u00e4tzungen zutreffend sind, k\u00f6nnen die<br \/>\nk\u00fcnftige tats\u00e4chliche Entwicklung und die k\u00fcnftigen tats\u00e4chlichen<br \/>\nErgebnisse von diesen Annahmen und Sch\u00e4tzungen aufgrund vielf\u00e4ltiger<br \/>\nFaktoren erheblich abweichen. Zu diesen Faktoren k\u00f6nnen beispielsweise die<br \/>\nVer\u00e4nderung der gesamtwirtschaftlichen Lage, der Wechselkurse, der<br \/>\nZinss\u00e4tze sowie Ver\u00e4nderungen innerhalb der Marktentwicklung und der sich<br \/>\nver\u00e4nderten Wettbewerbssituation geh\u00f6ren. Die Allgeier Holding AG \u00fcbernimmt<br \/>\nkeine Gew\u00e4hrleistung und keine Haftung daf\u00fcr, dass die k\u00fcnftige Entwicklung<br \/>\nund die k\u00fcnftig erzielten tats\u00e4chlichen Ergebnisse mit den in dieser Ad-hoc<br \/>\nMitteilung\/Pressemitteilung ge\u00e4u\u00dferten Annahmen und Sch\u00e4tzungen<br \/>\n\u00fcbereinstimmen werden.<\/p>\n<p>06.09.2007  Finanznachrichten \u00fcbermittelt durch die DGAP<br \/>\n&#8212;&#8212;&#8212;&#8212;&#8212;&#8212;&#8212;&#8212;&#8212;&#8212;&#8212;&#8212;&#8212;&#8212;&#8212;&#8212;&#8212;&#8212;&#8212;&#8212;&#8212;&#8212;&#8212;&#8212;&#8212;<\/p>\n<p>Sprache:      Deutsch<br \/>\nEmittent:     Allgeier Holding AG<br \/>\n              Wehrlestrasse 12<br \/>\n              81679 M\u00fcnchen<br \/>\n              Deutschland<br \/>\nTelefon:      +49 (0)89 998 421-0<br \/>\nFax:          +49 (0)89 998 421-11<br \/>\nE-mail:       info@allgeier.com<br \/>\nInternet:     www.allgeier-holding.com<br \/>\nISIN:         DE0005086300<br \/>\nWKN:          508630<br \/>\nIndizes:      CDAX<br \/>\nB\u00f6rsen:       Geregelter Markt in Frankfurt (General Standard); Freiverkehr<br \/>\n              in Berlin, Stuttgart, Hamburg, D\u00fcsseldorf<\/p>\n<p>Ende der Mitteilung                             DGAP News-Service<\/p>\n<p>&#8212;&#8212;&#8212;&#8212;&#8212;&#8212;&#8212;&#8212;&#8212;&#8212;&#8212;&#8212;&#8212;&#8212;&#8212;&#8212;&#8212;&#8212;&#8212;&#8212;&#8212;&#8212;&#8212;&#8212;&#8212;<\/p>\n","protected":false},"excerpt":{"rendered":"<p>Allgeier Holding AG hat in der Ad-hoc Mitteilung vom 10. Juli 2007 mitgeteilt, dass die Gesellschaft vor dem Hintergrund verschiedener Interessensbekundungen aus dem Markt die weitere strategische Entwicklung des Unternehmens pr\u00fcft. F\u00fcr den Bereich Personal Servi<\/p>\n","protected":false},"author":4,"featured_media":0,"parent":1155,"menu_order":0,"comment_status":"close","ping_status":"closed","template":"","meta":{"_acf_changed":false,"footnotes":""},"categories":[],"tags":[],"class_list":["post-6783","page","type-page","status-publish","hentry"],"acf":[],"yoast_head":"<!-- This site is optimized with the Yoast SEO plugin v27.4 - https:\/\/yoast.com\/product\/yoast-seo-wordpress\/ -->\n<title>Allgeier Holding AG \u2013 Wachstumsstrategie f\u00fcr den Gesch\u00e4ftsbereich Personal Services - Allgeier SE<\/title>\n<meta name=\"robots\" content=\"index, follow, max-snippet:-1, max-image-preview:large, max-video-preview:-1\" \/>\n<link rel=\"canonical\" href=\"https:\/\/www.allgeier.com\/de\/investor-relations\/adhoc-announcements\/allgeier-holding-ag-wachstumsstrategie-fuer-den-geschaeftsbereich-personal-services-2\/\" \/>\n<meta property=\"og:locale\" content=\"de_DE\" \/>\n<meta property=\"og:type\" content=\"article\" \/>\n<meta property=\"og:title\" content=\"Allgeier Holding AG \u2013 Wachstumsstrategie f\u00fcr den Gesch\u00e4ftsbereich Personal Services - Allgeier SE\" \/>\n<meta property=\"og:description\" content=\"Allgeier Holding AG hat in der Ad-hoc Mitteilung vom 10. Juli 2007 mitgeteilt, dass die Gesellschaft vor dem Hintergrund verschiedener Interessensbekundungen aus dem Markt die weitere strategische Entwicklung des Unternehmens pr\u00fcft. F\u00fcr den Bereich Personal Servi\" \/>\n<meta property=\"og:url\" content=\"https:\/\/www.allgeier.com\/de\/investor-relations\/adhoc-announcements\/allgeier-holding-ag-wachstumsstrategie-fuer-den-geschaeftsbereich-personal-services-2\/\" \/>\n<meta property=\"og:site_name\" content=\"Allgeier SE\" \/>\n<meta property=\"article:modified_time\" content=\"2025-07-23T10:26:39+00:00\" \/>\n<meta name=\"twitter:card\" content=\"summary_large_image\" \/>\n<meta name=\"twitter:label1\" content=\"Gesch\u00e4tzte Lesezeit\" \/>\n\t<meta name=\"twitter:data1\" content=\"3\u00a0Minuten\" \/>\n<script type=\"application\/ld+json\" class=\"yoast-schema-graph\">{\"@context\":\"https:\\\/\\\/schema.org\",\"@graph\":[{\"@type\":\"WebPage\",\"@id\":\"https:\\\/\\\/www.allgeier.com\\\/de\\\/investor-relations\\\/adhoc-announcements\\\/allgeier-holding-ag-wachstumsstrategie-fuer-den-geschaeftsbereich-personal-services-2\\\/\",\"url\":\"https:\\\/\\\/www.allgeier.com\\\/de\\\/investor-relations\\\/adhoc-announcements\\\/allgeier-holding-ag-wachstumsstrategie-fuer-den-geschaeftsbereich-personal-services-2\\\/\",\"name\":\"Allgeier Holding AG \u2013 Wachstumsstrategie f\u00fcr den Gesch\u00e4ftsbereich Personal Services - Allgeier SE\",\"isPartOf\":{\"@id\":\"https:\\\/\\\/www.allgeier.com\\\/de\\\/#website\"},\"datePublished\":\"2007-09-06T18:28:07+00:00\",\"dateModified\":\"2025-07-23T10:26:39+00:00\",\"breadcrumb\":{\"@id\":\"https:\\\/\\\/www.allgeier.com\\\/de\\\/investor-relations\\\/adhoc-announcements\\\/allgeier-holding-ag-wachstumsstrategie-fuer-den-geschaeftsbereich-personal-services-2\\\/#breadcrumb\"},\"inLanguage\":\"de\",\"potentialAction\":[{\"@type\":\"ReadAction\",\"target\":[\"https:\\\/\\\/www.allgeier.com\\\/de\\\/investor-relations\\\/adhoc-announcements\\\/allgeier-holding-ag-wachstumsstrategie-fuer-den-geschaeftsbereich-personal-services-2\\\/\"]}]},{\"@type\":\"BreadcrumbList\",\"@id\":\"https:\\\/\\\/www.allgeier.com\\\/de\\\/investor-relations\\\/adhoc-announcements\\\/allgeier-holding-ag-wachstumsstrategie-fuer-den-geschaeftsbereich-personal-services-2\\\/#breadcrumb\",\"itemListElement\":[{\"@type\":\"ListItem\",\"position\":1,\"name\":\"Home\",\"item\":\"https:\\\/\\\/www.allgeier.com\\\/de\\\/\"},{\"@type\":\"ListItem\",\"position\":2,\"name\":\"Investor Relations\",\"item\":\"https:\\\/\\\/www.allgeier.com\\\/de\\\/investor-relations\\\/\"},{\"@type\":\"ListItem\",\"position\":3,\"name\":\"Ad hoc-Mitteilungen\",\"item\":\"https:\\\/\\\/www.allgeier.com\\\/de\\\/investor-relations\\\/adhoc-announcements\\\/\"},{\"@type\":\"ListItem\",\"position\":4,\"name\":\"Allgeier Holding AG \u2013 Wachstumsstrategie f\u00fcr den Gesch\u00e4ftsbereich Personal Services\"}]},{\"@type\":\"WebSite\",\"@id\":\"https:\\\/\\\/www.allgeier.com\\\/de\\\/#website\",\"url\":\"https:\\\/\\\/www.allgeier.com\\\/de\\\/\",\"name\":\"Allgeier SE\",\"description\":\"Software &amp; IT Services for digital transformation\",\"potentialAction\":[{\"@type\":\"SearchAction\",\"target\":{\"@type\":\"EntryPoint\",\"urlTemplate\":\"https:\\\/\\\/www.allgeier.com\\\/de\\\/?s={search_term_string}\"},\"query-input\":{\"@type\":\"PropertyValueSpecification\",\"valueRequired\":true,\"valueName\":\"search_term_string\"}}],\"inLanguage\":\"de\"}]}<\/script>\n<!-- \/ Yoast SEO plugin. -->","yoast_head_json":{"title":"Allgeier Holding AG \u2013 Wachstumsstrategie f\u00fcr den Gesch\u00e4ftsbereich Personal Services - Allgeier SE","robots":{"index":"index","follow":"follow","max-snippet":"max-snippet:-1","max-image-preview":"max-image-preview:large","max-video-preview":"max-video-preview:-1"},"canonical":"https:\/\/www.allgeier.com\/de\/investor-relations\/adhoc-announcements\/allgeier-holding-ag-wachstumsstrategie-fuer-den-geschaeftsbereich-personal-services-2\/","og_locale":"de_DE","og_type":"article","og_title":"Allgeier Holding AG \u2013 Wachstumsstrategie f\u00fcr den Gesch\u00e4ftsbereich Personal Services - Allgeier SE","og_description":"Allgeier Holding AG hat in der Ad-hoc Mitteilung vom 10. Juli 2007 mitgeteilt, dass die Gesellschaft vor dem Hintergrund verschiedener Interessensbekundungen aus dem Markt die weitere strategische Entwicklung des Unternehmens pr\u00fcft. F\u00fcr den Bereich Personal Servi","og_url":"https:\/\/www.allgeier.com\/de\/investor-relations\/adhoc-announcements\/allgeier-holding-ag-wachstumsstrategie-fuer-den-geschaeftsbereich-personal-services-2\/","og_site_name":"Allgeier SE","article_modified_time":"2025-07-23T10:26:39+00:00","twitter_card":"summary_large_image","twitter_misc":{"Gesch\u00e4tzte Lesezeit":"3\u00a0Minuten"},"schema":{"@context":"https:\/\/schema.org","@graph":[{"@type":"WebPage","@id":"https:\/\/www.allgeier.com\/de\/investor-relations\/adhoc-announcements\/allgeier-holding-ag-wachstumsstrategie-fuer-den-geschaeftsbereich-personal-services-2\/","url":"https:\/\/www.allgeier.com\/de\/investor-relations\/adhoc-announcements\/allgeier-holding-ag-wachstumsstrategie-fuer-den-geschaeftsbereich-personal-services-2\/","name":"Allgeier Holding AG \u2013 Wachstumsstrategie f\u00fcr den Gesch\u00e4ftsbereich Personal Services - Allgeier SE","isPartOf":{"@id":"https:\/\/www.allgeier.com\/de\/#website"},"datePublished":"2007-09-06T18:28:07+00:00","dateModified":"2025-07-23T10:26:39+00:00","breadcrumb":{"@id":"https:\/\/www.allgeier.com\/de\/investor-relations\/adhoc-announcements\/allgeier-holding-ag-wachstumsstrategie-fuer-den-geschaeftsbereich-personal-services-2\/#breadcrumb"},"inLanguage":"de","potentialAction":[{"@type":"ReadAction","target":["https:\/\/www.allgeier.com\/de\/investor-relations\/adhoc-announcements\/allgeier-holding-ag-wachstumsstrategie-fuer-den-geschaeftsbereich-personal-services-2\/"]}]},{"@type":"BreadcrumbList","@id":"https:\/\/www.allgeier.com\/de\/investor-relations\/adhoc-announcements\/allgeier-holding-ag-wachstumsstrategie-fuer-den-geschaeftsbereich-personal-services-2\/#breadcrumb","itemListElement":[{"@type":"ListItem","position":1,"name":"Home","item":"https:\/\/www.allgeier.com\/de\/"},{"@type":"ListItem","position":2,"name":"Investor Relations","item":"https:\/\/www.allgeier.com\/de\/investor-relations\/"},{"@type":"ListItem","position":3,"name":"Ad hoc-Mitteilungen","item":"https:\/\/www.allgeier.com\/de\/investor-relations\/adhoc-announcements\/"},{"@type":"ListItem","position":4,"name":"Allgeier Holding AG \u2013 Wachstumsstrategie f\u00fcr den Gesch\u00e4ftsbereich Personal Services"}]},{"@type":"WebSite","@id":"https:\/\/www.allgeier.com\/de\/#website","url":"https:\/\/www.allgeier.com\/de\/","name":"Allgeier SE","description":"Software &amp; IT Services for digital transformation","potentialAction":[{"@type":"SearchAction","target":{"@type":"EntryPoint","urlTemplate":"https:\/\/www.allgeier.com\/de\/?s={search_term_string}"},"query-input":{"@type":"PropertyValueSpecification","valueRequired":true,"valueName":"search_term_string"}}],"inLanguage":"de"}]}},"_links":{"self":[{"href":"https:\/\/www.allgeier.com\/de\/wp-json\/wp\/v2\/pages\/6783","targetHints":{"allow":["GET"]}}],"collection":[{"href":"https:\/\/www.allgeier.com\/de\/wp-json\/wp\/v2\/pages"}],"about":[{"href":"https:\/\/www.allgeier.com\/de\/wp-json\/wp\/v2\/types\/page"}],"author":[{"embeddable":true,"href":"https:\/\/www.allgeier.com\/de\/wp-json\/wp\/v2\/users\/4"}],"replies":[{"embeddable":true,"href":"https:\/\/www.allgeier.com\/de\/wp-json\/wp\/v2\/comments?post=6783"}],"version-history":[{"count":1,"href":"https:\/\/www.allgeier.com\/de\/wp-json\/wp\/v2\/pages\/6783\/revisions"}],"predecessor-version":[{"id":6784,"href":"https:\/\/www.allgeier.com\/de\/wp-json\/wp\/v2\/pages\/6783\/revisions\/6784"}],"up":[{"embeddable":true,"href":"https:\/\/www.allgeier.com\/de\/wp-json\/wp\/v2\/pages\/1155"}],"wp:attachment":[{"href":"https:\/\/www.allgeier.com\/de\/wp-json\/wp\/v2\/media?parent=6783"}],"wp:term":[{"taxonomy":"category","embeddable":true,"href":"https:\/\/www.allgeier.com\/de\/wp-json\/wp\/v2\/categories?post=6783"},{"taxonomy":"post_tag","embeddable":true,"href":"https:\/\/www.allgeier.com\/de\/wp-json\/wp\/v2\/tags?post=6783"}],"curies":[{"name":"wp","href":"https:\/\/api.w.org\/{rel}","templated":true}]}}