{"id":6787,"date":"2008-02-21T14:18:23","date_gmt":"2008-02-21T15:18:23","guid":{"rendered":"https:\/\/www.allgeier.com\/de\/?page_id=6787"},"modified":"2025-07-23T10:26:40","modified_gmt":"2025-07-23T10:26:40","slug":"allgeier-holding-ag-verkauft-zeitarbeitsgeschaeft-fokus-bleibt-weiterhin-auf-dienstleistungs-und-servicegeschaeft-2","status":"publish","type":"page","link":"https:\/\/www.allgeier.com\/de\/investor-relations\/adhoc-announcements\/allgeier-holding-ag-verkauft-zeitarbeitsgeschaeft-fokus-bleibt-weiterhin-auf-dienstleistungs-und-servicegeschaeft-2\/","title":{"rendered":"Allgeier Holding AG verkauft Zeitarbeitsgesch\u00e4ft \u2013 Fokus bleibt weiterhin auf Dienstleistungs- und Servicegesch\u00e4ft"},"content":{"rendered":"<p><b>Allgeier Holding AG \/ Verkauf\/Strategische Unternehmensentscheidung<\/b><\/p>\n<p>Ver\u00f6ffentlichung einer Ad-hoc-Mitteilung nach \u00a7 15 WpHG, \u00fcbermittelt durch<br \/>\ndie DGAP &#8211; ein Unternehmen der EquityStory AG.<br \/>\nF\u00fcr den Inhalt der Mitteilung ist der Emittent verantwortlich.<br \/>\n&#8212;&#8212;&#8212;&#8212;&#8212;&#8212;&#8212;&#8212;&#8212;&#8212;&#8212;&#8212;&#8212;&#8212;&#8212;&#8212;&#8212;&#8212;&#8212;&#8212;&#8212;&#8212;&#8212;&#8212;&#8212;<\/p>\n<p>M\u00fcnchen, 21. Februar 2008 \u2013 Allgeier Holding AG mit Sitz in M\u00fcnchen hat<br \/>\nsich heute mit USG People N.V. mit Sitz in Almere, Niederlanden, \u00fcber den<br \/>\nVerkauf des Gesch\u00e4ftsbereichs Personal Services geeinigt. In dem<br \/>\nGesch\u00e4ftsbereich Personal Services ist das<br \/>\nArbeitnehmer-\u00dcberlassungsgesch\u00e4ft der Allgeier Gruppe geb\u00fcndelt. Verkauft<br \/>\nwerden 100% der Anteile der Allgeier DL GmbH, an der die Allgeier Holding<br \/>\nAG indirekt 90% und der gesch\u00e4ftsf\u00fchrende Gesellschafter, Herr Roland<br \/>\nBrohm, 10% der Anteile besitzen. Erwerberin ist die HFS Beteiligung GmbH,<br \/>\nFrankfurt am Main, eine 100% mittelbare Tochtergesellschaft der USG People.<br \/>\nDie Vertragsparteien haben f\u00fcr die Durchf\u00fchrung der Transaktion \u00fcbliche<br \/>\nClosing-Bedingungen vereinbart. Diese umfassen im Wesentlichen die<br \/>\nZustimmung der Kartellbeh\u00f6rde. Das Closing wird f\u00fcr die kommenden Wochen<br \/>\nerwartet.<\/p>\n<p>Der \u00dcbernahmepreis f\u00fcr 100% der Anteile an der Allgeier DL und der zur<br \/>\nAllgeier DL geh\u00f6renden Beteiligungen wird basierend auf dem testierten<br \/>\nAbschluss 2007 berechnet. Es wird ein \u00dcbernahmepreis in einer Gr\u00f6\u00dfenordnung<br \/>\nvon rund 175 Mio. EUR erwartet (Enterprise Value). Nach Abzug von<br \/>\nVerbindlichkeiten und Minderheitsanteilen wird der Mittelzufluss f\u00fcr<br \/>\nAllgeier voraussichtlich rund 100 Mio. EUR betragen. Der aus der<br \/>\nTransaktion erwartete Ertrag wird bei ca. 80 Mio. EUR liegen und sich im<br \/>\nGesch\u00e4ftsjahr 2008 ergebniswirksam niederschlagen<\/p>\n<p>Allgeier DL verf\u00fcgt in Deutschland derzeit \u00fcber eine breite und solide<br \/>\nKundenbasis mit ca. 6.000 Kunden und besch\u00e4ftigte zum Ende des Jahres 2007<br \/>\nrund 8.500 Mitarbeiter. F\u00fcr 2007 betr\u00e4gt der ProForma Umsatz des<br \/>\nGesch\u00e4ftsbereichs Personal Services etwas \u00fcber 200 Mio. EUR.<\/p>\n<p>Allgeier Holding schafft durch die Transaktion und dem daraus frei<br \/>\nverf\u00fcgbaren Kapital die Voraussetzung f\u00fcr neue Akquisitionen. Das<br \/>\nStammgesch\u00e4ft IT Services wird zuk\u00fcnftig deutlich ausgebaut. Die<br \/>\neingeschlagene Strategie, die als Kernelement die Konzentration auf den<br \/>\nstark wachsenden Markt f\u00fcr Dienstleistungen zur Flexibilisierung von<br \/>\nArbeits- und Kostenstrukturen umfasst, wird unver\u00e4ndert fortgef\u00fchrt.<\/p>\n<p>Zus\u00e4tzlich pr\u00fcft das Management die Akquisition von Gesellschaften im IT<br \/>\nUmfeld und Dienstleistungsgesellschaften in angrenzenden Gebieten. Im Jahr<br \/>\n2008 rechnet das Management entsprechend mit weiteren Akquisitionen.<\/p>\n<p>Kontakt:<br \/>\nCarl Georg D\u00fcrschmidt<br \/>\nVorsitzender des Vorstands<br \/>\nAllgeier Holding AG<br \/>\nWehrlestr. 12<br \/>\n81679 M\u00fcnchen<br \/>\nTel. 089\/998421-0<br \/>\nFax  089\/998421-11<br \/>\nwww.allgeier.com<\/p>\n<p>Kurzprofil Allgeier Holding AG:<br \/>\nDie Allgeier Holding AG ist eine Dienstleistungsgruppe, die sich auf den<br \/>\nwachsenden Markt f\u00fcr Dienstleistungen zur Flexibilisierung von Arbeits- und<br \/>\nKostenstrukturen fokussiert. Nach dem Verkauf der Zeitarbeitseinheit<br \/>\nkonzentriert sich Allgeier auf den stark wachsenden Markt f\u00fcr IT Services<br \/>\nsowie auf angrenzende Dienstleistungsgesch\u00e4fte. Die Gesellschaften im<br \/>\nBereich IT Services unterst\u00fctzen Kunden bei der Umsetzung von Innovationen,<br \/>\nder Verbesserung des Informationsflusses und der Optimierung von<br \/>\nGesch\u00e4ftsprozessen. Die Unternehmen innerhalb von Allgeier arbeiten<br \/>\neigenst\u00e4ndig mit allen Vorteilen mittelst\u00e4ndischer Flexibilit\u00e4t,<br \/>\nSchnelligkeit, Serviceorientierung und Innovationskraft. Unter dem Dach von<br \/>\nAllgeier verbinden sich diese Vorteile mit der Nutzung von Synergien, der<br \/>\nSicherheit und der Schlagkraft einer f\u00fchrenden b\u00f6rsennotierten<br \/>\nUnternehmensgruppe. Durch ein breites Service-Leistungsspektrum sowie<br \/>\ngeb\u00fcndelte Kompetenz und Gr\u00f6\u00dfe werden nachhaltig steigende Werte f\u00fcr Kunden<br \/>\nund Investoren geschaffen. Die Allgeier-Gruppe besch\u00e4ftigt zurzeit rund<br \/>\n1.300 IT-Spezialisten und kann auf eine breite Kundenstruktur quer durch<br \/>\nalle deutschen Industrien verweisen. Die Allgeier Holding AG ist am<br \/>\nGeregelten Markt der Frankfurter B\u00f6rse im Segment General Standard notiert<br \/>\n(WKN 508630\/ISIN DE000508630). Weitere Informationen unter:<br \/>\nwww.allgeier.com.<\/p>\n<p>Wichtiger Hinweis:<br \/>\nDiese Mitteilung enth\u00e4lt in die Zukunft gerichtete Aussagen, die auf<br \/>\nAnnahmen und Sch\u00e4tzungen der Unternehmensleitung der Allgeier Holding AG<br \/>\nberuhen. Auch wenn die Unternehmensleitung der Ansicht ist, dass diese<br \/>\nAnnahmen und Sch\u00e4tzungen zutreffend sind, k\u00f6nnen die k\u00fcnftige tats\u00e4chliche<br \/>\nEntwicklung und die k\u00fcnftigen tats\u00e4chlichen Ergebnisse von diesen Annahmen<br \/>\nund Sch\u00e4tzungen aufgrund vielf\u00e4ltiger Faktoren erheblich abweichen. Zu<br \/>\ndiesen Faktoren k\u00f6nnen beispielsweise die Ver\u00e4nderung der<br \/>\ngesamtwirtschaftlichen Lage, der Wechselkurse, der Zinss\u00e4tze sowie<br \/>\nVer\u00e4nderungen innerhalb der Marktentwicklung und der sich ver\u00e4nderten<br \/>\nWettbewerbssituation geh\u00f6ren. Die Allgeier Holding AG \u00fcbernimmt keine<br \/>\nGew\u00e4hrleistung und keine Haftung daf\u00fcr, dass die k\u00fcnftige Entwicklung und<br \/>\ndie k\u00fcnftig erzielten tats\u00e4chlichen Ergebnisse mit den in dieser<br \/>\nAd-hoc-Mitteilung\/Pressemitteilung ge\u00e4u\u00dferten Annahmen und Sch\u00e4tzungen<br \/>\n\u00fcbereinstimmen werden.<\/p>\n<p>21.02.2008  Finanznachrichten \u00fcbermittelt durch die DGAP<br \/>\n&#8212;&#8212;&#8212;&#8212;&#8212;&#8212;&#8212;&#8212;&#8212;&#8212;&#8212;&#8212;&#8212;&#8212;&#8212;&#8212;&#8212;&#8212;&#8212;&#8212;&#8212;&#8212;&#8212;&#8212;&#8212;<\/p>\n<p>Sprache:      Deutsch<br \/>\nEmittent:     Allgeier Holding AG<br \/>\n              Wehrlestrasse 12<br \/>\n              81679 M\u00fcnchen<br \/>\n              Deutschland<br \/>\nTelefon:      +49 (0)89 998 421-0<br \/>\nFax:          +49 (0)89 998 421-11<br \/>\nE-Mail:       info@allgeier.com<br \/>\nInternet:     www.allgeier-holding.com<br \/>\nISIN:         DE0005086300<br \/>\nWKN:          508630<br \/>\nIndizes:      CDAX<br \/>\nB\u00f6rsen:       Regulierter Markt in Frankfurt (General Standard);<br \/>\n              Freiverkehr in Berlin, Stuttgart, Hamburg, D\u00fcsseldorf<\/p>\n<p>Ende der Mitteilung                             DGAP News-Service<\/p>\n<p>&#8212;&#8212;&#8212;&#8212;&#8212;&#8212;&#8212;&#8212;&#8212;&#8212;&#8212;&#8212;&#8212;&#8212;&#8212;&#8212;&#8212;&#8212;&#8212;&#8212;&#8212;&#8212;&#8212;&#8212;&#8212;<\/p>\n","protected":false},"excerpt":{"rendered":"<p>M\u00fcnchen, 21. Februar 2008 \u2013 Allgeier Holding AG mit Sitz in M\u00fcnchen hat sich heute mit USG People N.V. mit Sitz in Almere, Niederlanden, \u00fcber den Verkauf des Gesch\u00e4ftsbereichs Personal Services geeinigt. In dem Gesch\u00e4ftsbereich Personal Services ist das Ar<\/p>\n","protected":false},"author":4,"featured_media":0,"parent":1155,"menu_order":0,"comment_status":"close","ping_status":"closed","template":"","meta":{"_acf_changed":false,"footnotes":""},"categories":[],"tags":[],"class_list":["post-6787","page","type-page","status-publish","hentry"],"acf":[],"yoast_head":"<!-- This site is optimized with the Yoast SEO plugin v27.4 - https:\/\/yoast.com\/product\/yoast-seo-wordpress\/ -->\n<title>Allgeier Holding AG verkauft Zeitarbeitsgesch\u00e4ft \u2013 Fokus bleibt weiterhin auf Dienstleistungs- und Servicegesch\u00e4ft - Allgeier SE<\/title>\n<meta name=\"robots\" content=\"index, follow, max-snippet:-1, max-image-preview:large, max-video-preview:-1\" \/>\n<link rel=\"canonical\" href=\"https:\/\/www.allgeier.com\/de\/investor-relations\/adhoc-announcements\/allgeier-holding-ag-verkauft-zeitarbeitsgeschaeft-fokus-bleibt-weiterhin-auf-dienstleistungs-und-servicegeschaeft-2\/\" \/>\n<meta property=\"og:locale\" content=\"de_DE\" \/>\n<meta property=\"og:type\" content=\"article\" \/>\n<meta property=\"og:title\" content=\"Allgeier Holding AG verkauft Zeitarbeitsgesch\u00e4ft \u2013 Fokus bleibt weiterhin auf Dienstleistungs- und Servicegesch\u00e4ft - Allgeier SE\" \/>\n<meta property=\"og:description\" content=\"M\u00fcnchen, 21. Februar 2008 \u2013 Allgeier Holding AG mit Sitz in M\u00fcnchen hat sich heute mit USG People N.V. mit Sitz in Almere, Niederlanden, \u00fcber den Verkauf des Gesch\u00e4ftsbereichs Personal Services geeinigt. In dem Gesch\u00e4ftsbereich Personal Services ist das Ar\" \/>\n<meta property=\"og:url\" content=\"https:\/\/www.allgeier.com\/de\/investor-relations\/adhoc-announcements\/allgeier-holding-ag-verkauft-zeitarbeitsgeschaeft-fokus-bleibt-weiterhin-auf-dienstleistungs-und-servicegeschaeft-2\/\" \/>\n<meta property=\"og:site_name\" content=\"Allgeier SE\" \/>\n<meta property=\"article:modified_time\" content=\"2025-07-23T10:26:40+00:00\" \/>\n<meta name=\"twitter:card\" content=\"summary_large_image\" \/>\n<meta name=\"twitter:label1\" content=\"Gesch\u00e4tzte Lesezeit\" \/>\n\t<meta name=\"twitter:data1\" content=\"4\u00a0Minuten\" \/>\n<script type=\"application\/ld+json\" class=\"yoast-schema-graph\">{\"@context\":\"https:\\\/\\\/schema.org\",\"@graph\":[{\"@type\":\"WebPage\",\"@id\":\"https:\\\/\\\/www.allgeier.com\\\/de\\\/investor-relations\\\/adhoc-announcements\\\/allgeier-holding-ag-verkauft-zeitarbeitsgeschaeft-fokus-bleibt-weiterhin-auf-dienstleistungs-und-servicegeschaeft-2\\\/\",\"url\":\"https:\\\/\\\/www.allgeier.com\\\/de\\\/investor-relations\\\/adhoc-announcements\\\/allgeier-holding-ag-verkauft-zeitarbeitsgeschaeft-fokus-bleibt-weiterhin-auf-dienstleistungs-und-servicegeschaeft-2\\\/\",\"name\":\"Allgeier Holding AG verkauft Zeitarbeitsgesch\u00e4ft \u2013 Fokus bleibt weiterhin auf Dienstleistungs- und Servicegesch\u00e4ft - Allgeier SE\",\"isPartOf\":{\"@id\":\"https:\\\/\\\/www.allgeier.com\\\/de\\\/#website\"},\"datePublished\":\"2008-02-21T15:18:23+00:00\",\"dateModified\":\"2025-07-23T10:26:40+00:00\",\"breadcrumb\":{\"@id\":\"https:\\\/\\\/www.allgeier.com\\\/de\\\/investor-relations\\\/adhoc-announcements\\\/allgeier-holding-ag-verkauft-zeitarbeitsgeschaeft-fokus-bleibt-weiterhin-auf-dienstleistungs-und-servicegeschaeft-2\\\/#breadcrumb\"},\"inLanguage\":\"de\",\"potentialAction\":[{\"@type\":\"ReadAction\",\"target\":[\"https:\\\/\\\/www.allgeier.com\\\/de\\\/investor-relations\\\/adhoc-announcements\\\/allgeier-holding-ag-verkauft-zeitarbeitsgeschaeft-fokus-bleibt-weiterhin-auf-dienstleistungs-und-servicegeschaeft-2\\\/\"]}]},{\"@type\":\"BreadcrumbList\",\"@id\":\"https:\\\/\\\/www.allgeier.com\\\/de\\\/investor-relations\\\/adhoc-announcements\\\/allgeier-holding-ag-verkauft-zeitarbeitsgeschaeft-fokus-bleibt-weiterhin-auf-dienstleistungs-und-servicegeschaeft-2\\\/#breadcrumb\",\"itemListElement\":[{\"@type\":\"ListItem\",\"position\":1,\"name\":\"Home\",\"item\":\"https:\\\/\\\/www.allgeier.com\\\/de\\\/\"},{\"@type\":\"ListItem\",\"position\":2,\"name\":\"Investor Relations\",\"item\":\"https:\\\/\\\/www.allgeier.com\\\/de\\\/investor-relations\\\/\"},{\"@type\":\"ListItem\",\"position\":3,\"name\":\"Ad hoc-Mitteilungen\",\"item\":\"https:\\\/\\\/www.allgeier.com\\\/de\\\/investor-relations\\\/adhoc-announcements\\\/\"},{\"@type\":\"ListItem\",\"position\":4,\"name\":\"Allgeier Holding AG verkauft Zeitarbeitsgesch\u00e4ft \u2013 Fokus bleibt weiterhin auf Dienstleistungs- und Servicegesch\u00e4ft\"}]},{\"@type\":\"WebSite\",\"@id\":\"https:\\\/\\\/www.allgeier.com\\\/de\\\/#website\",\"url\":\"https:\\\/\\\/www.allgeier.com\\\/de\\\/\",\"name\":\"Allgeier SE\",\"description\":\"Software &amp; IT Services for digital transformation\",\"potentialAction\":[{\"@type\":\"SearchAction\",\"target\":{\"@type\":\"EntryPoint\",\"urlTemplate\":\"https:\\\/\\\/www.allgeier.com\\\/de\\\/?s={search_term_string}\"},\"query-input\":{\"@type\":\"PropertyValueSpecification\",\"valueRequired\":true,\"valueName\":\"search_term_string\"}}],\"inLanguage\":\"de\"}]}<\/script>\n<!-- \/ Yoast SEO plugin. -->","yoast_head_json":{"title":"Allgeier Holding AG verkauft Zeitarbeitsgesch\u00e4ft \u2013 Fokus bleibt weiterhin auf Dienstleistungs- und Servicegesch\u00e4ft - Allgeier SE","robots":{"index":"index","follow":"follow","max-snippet":"max-snippet:-1","max-image-preview":"max-image-preview:large","max-video-preview":"max-video-preview:-1"},"canonical":"https:\/\/www.allgeier.com\/de\/investor-relations\/adhoc-announcements\/allgeier-holding-ag-verkauft-zeitarbeitsgeschaeft-fokus-bleibt-weiterhin-auf-dienstleistungs-und-servicegeschaeft-2\/","og_locale":"de_DE","og_type":"article","og_title":"Allgeier Holding AG verkauft Zeitarbeitsgesch\u00e4ft \u2013 Fokus bleibt weiterhin auf Dienstleistungs- und Servicegesch\u00e4ft - Allgeier SE","og_description":"M\u00fcnchen, 21. Februar 2008 \u2013 Allgeier Holding AG mit Sitz in M\u00fcnchen hat sich heute mit USG People N.V. mit Sitz in Almere, Niederlanden, \u00fcber den Verkauf des Gesch\u00e4ftsbereichs Personal Services geeinigt. In dem Gesch\u00e4ftsbereich Personal Services ist das Ar","og_url":"https:\/\/www.allgeier.com\/de\/investor-relations\/adhoc-announcements\/allgeier-holding-ag-verkauft-zeitarbeitsgeschaeft-fokus-bleibt-weiterhin-auf-dienstleistungs-und-servicegeschaeft-2\/","og_site_name":"Allgeier SE","article_modified_time":"2025-07-23T10:26:40+00:00","twitter_card":"summary_large_image","twitter_misc":{"Gesch\u00e4tzte Lesezeit":"4\u00a0Minuten"},"schema":{"@context":"https:\/\/schema.org","@graph":[{"@type":"WebPage","@id":"https:\/\/www.allgeier.com\/de\/investor-relations\/adhoc-announcements\/allgeier-holding-ag-verkauft-zeitarbeitsgeschaeft-fokus-bleibt-weiterhin-auf-dienstleistungs-und-servicegeschaeft-2\/","url":"https:\/\/www.allgeier.com\/de\/investor-relations\/adhoc-announcements\/allgeier-holding-ag-verkauft-zeitarbeitsgeschaeft-fokus-bleibt-weiterhin-auf-dienstleistungs-und-servicegeschaeft-2\/","name":"Allgeier Holding AG verkauft Zeitarbeitsgesch\u00e4ft \u2013 Fokus bleibt weiterhin auf Dienstleistungs- und Servicegesch\u00e4ft - Allgeier SE","isPartOf":{"@id":"https:\/\/www.allgeier.com\/de\/#website"},"datePublished":"2008-02-21T15:18:23+00:00","dateModified":"2025-07-23T10:26:40+00:00","breadcrumb":{"@id":"https:\/\/www.allgeier.com\/de\/investor-relations\/adhoc-announcements\/allgeier-holding-ag-verkauft-zeitarbeitsgeschaeft-fokus-bleibt-weiterhin-auf-dienstleistungs-und-servicegeschaeft-2\/#breadcrumb"},"inLanguage":"de","potentialAction":[{"@type":"ReadAction","target":["https:\/\/www.allgeier.com\/de\/investor-relations\/adhoc-announcements\/allgeier-holding-ag-verkauft-zeitarbeitsgeschaeft-fokus-bleibt-weiterhin-auf-dienstleistungs-und-servicegeschaeft-2\/"]}]},{"@type":"BreadcrumbList","@id":"https:\/\/www.allgeier.com\/de\/investor-relations\/adhoc-announcements\/allgeier-holding-ag-verkauft-zeitarbeitsgeschaeft-fokus-bleibt-weiterhin-auf-dienstleistungs-und-servicegeschaeft-2\/#breadcrumb","itemListElement":[{"@type":"ListItem","position":1,"name":"Home","item":"https:\/\/www.allgeier.com\/de\/"},{"@type":"ListItem","position":2,"name":"Investor Relations","item":"https:\/\/www.allgeier.com\/de\/investor-relations\/"},{"@type":"ListItem","position":3,"name":"Ad hoc-Mitteilungen","item":"https:\/\/www.allgeier.com\/de\/investor-relations\/adhoc-announcements\/"},{"@type":"ListItem","position":4,"name":"Allgeier Holding AG verkauft Zeitarbeitsgesch\u00e4ft \u2013 Fokus bleibt weiterhin auf Dienstleistungs- und Servicegesch\u00e4ft"}]},{"@type":"WebSite","@id":"https:\/\/www.allgeier.com\/de\/#website","url":"https:\/\/www.allgeier.com\/de\/","name":"Allgeier SE","description":"Software &amp; IT Services for digital transformation","potentialAction":[{"@type":"SearchAction","target":{"@type":"EntryPoint","urlTemplate":"https:\/\/www.allgeier.com\/de\/?s={search_term_string}"},"query-input":{"@type":"PropertyValueSpecification","valueRequired":true,"valueName":"search_term_string"}}],"inLanguage":"de"}]}},"_links":{"self":[{"href":"https:\/\/www.allgeier.com\/de\/wp-json\/wp\/v2\/pages\/6787","targetHints":{"allow":["GET"]}}],"collection":[{"href":"https:\/\/www.allgeier.com\/de\/wp-json\/wp\/v2\/pages"}],"about":[{"href":"https:\/\/www.allgeier.com\/de\/wp-json\/wp\/v2\/types\/page"}],"author":[{"embeddable":true,"href":"https:\/\/www.allgeier.com\/de\/wp-json\/wp\/v2\/users\/4"}],"replies":[{"embeddable":true,"href":"https:\/\/www.allgeier.com\/de\/wp-json\/wp\/v2\/comments?post=6787"}],"version-history":[{"count":1,"href":"https:\/\/www.allgeier.com\/de\/wp-json\/wp\/v2\/pages\/6787\/revisions"}],"predecessor-version":[{"id":6788,"href":"https:\/\/www.allgeier.com\/de\/wp-json\/wp\/v2\/pages\/6787\/revisions\/6788"}],"up":[{"embeddable":true,"href":"https:\/\/www.allgeier.com\/de\/wp-json\/wp\/v2\/pages\/1155"}],"wp:attachment":[{"href":"https:\/\/www.allgeier.com\/de\/wp-json\/wp\/v2\/media?parent=6787"}],"wp:term":[{"taxonomy":"category","embeddable":true,"href":"https:\/\/www.allgeier.com\/de\/wp-json\/wp\/v2\/categories?post=6787"},{"taxonomy":"post_tag","embeddable":true,"href":"https:\/\/www.allgeier.com\/de\/wp-json\/wp\/v2\/tags?post=6787"}],"curies":[{"name":"wp","href":"https:\/\/api.w.org\/{rel}","templated":true}]}}