{"id":6789,"date":"2008-03-14T14:09:25","date_gmt":"2008-03-14T15:09:25","guid":{"rendered":"https:\/\/www.allgeier.com\/de\/?page_id=6789"},"modified":"2025-07-23T10:26:40","modified_gmt":"2025-07-23T10:26:40","slug":"allgeier-holding-ag-allgeier-gruppe-teilt-vorlaeufige-geschaeftsergebnisse-2007-mit-2","status":"publish","type":"page","link":"https:\/\/www.allgeier.com\/de\/investor-relations\/adhoc-announcements\/allgeier-holding-ag-allgeier-gruppe-teilt-vorlaeufige-geschaeftsergebnisse-2007-mit-2\/","title":{"rendered":"ALLGEIER HOLDING AG: Allgeier Gruppe teilt vorl\u00e4ufige Gesch\u00e4ftsergebnisse 2007 mit"},"content":{"rendered":"<p><b>Allgeier Holding AG \/ Vorl\u00e4ufiges Ergebnis\/Jahresergebnis<\/b><\/p>\n<p>Ver\u00f6ffentlichung einer Ad-hoc-Mitteilung nach \u00a7 15 WpHG, \u00fcbermittelt durch<br \/>\ndie DGAP &#8211; ein Unternehmen der EquityStory AG.<br \/>\nF\u00fcr den Inhalt der Mitteilung ist der Emittent verantwortlich.<br \/>\n&#8212;&#8212;&#8212;&#8212;&#8212;&#8212;&#8212;&#8212;&#8212;&#8212;&#8212;&#8212;&#8212;&#8212;&#8212;&#8212;&#8212;&#8212;&#8212;&#8212;&#8212;&#8212;&#8212;&#8212;&#8212;<\/p>\n<p>M\u00fcnchen, 14. M\u00e4rz 2008 \u2013 Die Allgeier Holding AG (ISIN DE0005086300 \/ WKN<br \/>\n508630) hat im Gesch\u00e4ftsjahr 2007 gem\u00e4\u00df den vorl\u00e4ufigen Konzernzahlen in<br \/>\nBezug auf Umsatz und Ergebnis eine erhebliche Steigerung erzielt.  Diese<br \/>\nSteigerung ist sowohl auf das starke organische Wachstum des<br \/>\nGesch\u00e4ftsbereichs IT und des ver\u00e4u\u00dferten Gesch\u00e4ftsbereichs Personal<br \/>\nServices als auch auf die im Gesch\u00e4ftsjahr 2007 durchgef\u00fchrten<br \/>\nAkquisitionen zur\u00fcck zu f\u00fchren.<\/p>\n<p>Umsatz und Ergebnis um rund 80% gestiegen<\/p>\n<p>Der Konzernumsatz stieg gem\u00e4\u00df den vorl\u00e4ufigen Konzernzahlen per 31.<br \/>\nDezember 2007 nach IFRS von 167 Mio. EUR um rund 80% auf 298 Mio. EUR. In<br \/>\ndiesen IFRS Zahlen sind die Umsatzanteile der in 2007 erworbenen<br \/>\nUnternehmen zeitanteilig ab dem Erwerbszeitpunkt konsolidiert. In einer<br \/>\nProForma Betrachtung, unter Einbezug der gesamten Jahresums\u00e4tze der in 2007<br \/>\nerworbenen Unternehmen, betrug der Jahresumsatz 337 Mio. EUR.<\/p>\n<p>Das Ergebnis vor Zinsen, Steuern sowie Abschreibungen auf Firmenwerte und<br \/>\nKaufpreisallokationen (EBITA) nach IFRS konnte um rund 80% auf 21 Mio. EUR<br \/>\ngesteigert werden (Vorjahr: 11,9 Mio. EUR). In der zur Beurteilung der<br \/>\nfaktischen Ertragskraft wichtigeren ProForma Betrachtung wird ein EBITA von<br \/>\n26 Mio. EUR erwartet. Die EBITA-Marge der Gruppenunternehmen konnte trotz<br \/>\ndes starken Wachstums konstant gehalten werden.<\/p>\n<p>Das Ergebnis vor Zinsen und Steuern (EBIT) nach IFRS konnte auf \u00fcber 15<br \/>\nMio. EUR gesteigert und damit mehr als verdoppelt werden (Vorjahr 7,35 Mio.<br \/>\nEUR). Das ProForma EBIT betr\u00e4gt 20 Mio. EUR, das organische EBIT-Wachstum<br \/>\nrund 23%.<\/p>\n<p>Akquisitionsbedingt erh\u00f6hten sich die Bankverbindlichkeiten im Konzern zum<br \/>\n31. Dezember 2007 auf 54 Mio. EUR (Vorjahr 31 Mio. EUR). Die liquiden<br \/>\nMittel erh\u00f6hten sich auf 26 Mio. EUR (Vorjahr 17 Mio. EUR).<\/p>\n<p>Insgesamt besch\u00e4ftigte die Allgeier Gruppe zum Jahresende ca. 9.600<br \/>\nMitarbeiter.<\/p>\n<p>Alle vorstehend genannten Zahlen sind vorl\u00e4ufig und vom Wirtschaftspr\u00fcfer<br \/>\nnoch nicht testiert.<\/p>\n<p>\u00dcbergang des Gesch\u00e4ftsbereichs Personal Services auf USG People N.V.<\/p>\n<p>Mit Ad hoc Mitteilung vom 21. Februar 2008 hat die Allgeier Holding AG die<br \/>\nVer\u00e4u\u00dferung des Gesch\u00e4ftsbereichs Personal Services an die USG People N.V.<br \/>\nmitgeteilt. Der ver\u00e4u\u00dferte Gesch\u00e4ftsbereich wird im Konzernabschluss zum<br \/>\n31. Dezember 2007 entsprechend als ver\u00e4u\u00dferter Gesch\u00e4ftsbereich<br \/>\nausgewiesen. Auf den ver\u00e4u\u00dferten Gesch\u00e4ftsbereich entfallen gem\u00e4\u00df den<br \/>\nvorl\u00e4ufigen Zahlen zum 31. Dezember 2007 ein Umsatz von 165 Mio. EUR, ein<br \/>\nEBITA von 13 Mio. EUR und ein EBIT von 11 Mio. EUR. In der ProForma<br \/>\nBetrachtung entspricht dies einem Umsatz von 204 Mio. EUR, einem EBITA von<br \/>\n19 Mio. EUR und einem EBIT von 16 Mio. EUR. Die auf den ver\u00e4u\u00dferten<br \/>\nGesch\u00e4ftsbereich entfallenden Bankverbindlichkeiten zum 31. Dezember 2007<br \/>\nbetragen 43 Mio. EUR, die liquiden Mittel 14 Mio. EUR.<\/p>\n<p>Das Closing der Transaktion, d.h. der \u00dcbergang der Gesch\u00e4ftsanteile der<br \/>\nAllgeier DL GmbH und damit der rechtliche \u00dcbergang des ver\u00e4u\u00dferten<br \/>\nGesch\u00e4ftsbereichs auf die Erwerberin sind am 14. M\u00e4rz 2008 erfolgt. Damit<br \/>\nverzeichnet die Allgeier Gruppe aus dem Kaufpreis einen Mittelzufluss von<br \/>\nzun\u00e4chst 90 Mio. EUR. Der verbleibende Teil des Kaufpreises wird anhand der<br \/>\ngepr\u00fcften und testierten Konzernzahlen festgestellt und nach deren<br \/>\nVorliegen zur Zahlung f\u00e4llig.<\/p>\n<p>Damit ist die Allgeier Gruppe in einer hervorragenden Ausgangssituation f\u00fcr<br \/>\ndie k\u00fcnftige Entwicklung und hat ein erhebliches Wachstumspotential.<\/p>\n<p>Allgeier Holding AG <\/p>\n<p>Kontakt:<br \/>\nCarl Georg D\u00fcrschmidt<br \/>\nVorsitzender des Vorstands<br \/>\nAllgeier Holding AG<br \/>\nWehrlestr. 12<br \/>\n81679 M\u00fcnchen<br \/>\nTel. 089\/998421-0<br \/>\nFax  089\/998421-11<br \/>\nwww.allgeier.com<\/p>\n<p>Kurzprofil Allgeier Holding AG:<br \/>\nDie Allgeier Holding AG ist eine Dienstleistungsgruppe, die sich auf den<br \/>\nwachsenden Markt f\u00fcr Dienstleistungen zur Flexibilisierung von Arbeits- und<br \/>\nKostenstrukturen fokussiert. Nach dem Verkauf der Zeitarbeitseinheit<br \/>\nkonzentriert sich Allgeier auf den stark wachsenden Markt f\u00fcr IT Services<br \/>\nsowie auf angrenzende Dienstleistungsgesch\u00e4fte. Die Gesellschaften im<br \/>\nBereich IT Services unterst\u00fctzen Kunden bei der Umsetzung von Innovationen,<br \/>\nder Verbesserung des Informationsflusses und der Optimierung von<br \/>\nGesch\u00e4ftsprozessen. Die Unternehmen innerhalb von Allgeier arbeiten<br \/>\neigenst\u00e4ndig mit allen Vorteilen mittelst\u00e4ndischer Flexibilit\u00e4t,<br \/>\nSchnelligkeit, Serviceorientierung und Innovationskraft. Unter dem Dach von<br \/>\nAllgeier verbinden sich diese Vorteile mit der Nutzung von Synergien, der<br \/>\nSicherheit und der Schlagkraft einer f\u00fchrenden b\u00f6rsennotierten<br \/>\nUnternehmensgruppe. Durch ein breites Service-Leistungsspektrum sowie<br \/>\ngeb\u00fcndelte Kompetenz und Gr\u00f6\u00dfe werden nachhaltig steigende Werte f\u00fcr Kunden<br \/>\nund Investoren geschaffen. Die Allgeier-Gruppe besch\u00e4ftigt zurzeit rund<br \/>\n1.300 IT-Spezialisten und kann auf eine breite Kundenstruktur quer durch<br \/>\nalle deutschen Industrien verweisen. Die Allgeier Holding AG ist am<br \/>\nGeregelten Markt der Frankfurter B\u00f6rse im Segment General Standard notiert<br \/>\n(WKN 508630\/ISIN DE000508630). Weitere Informationen unter:<br \/>\nwww.allgeier.com.<\/p>\n<p>Wichtiger Hinweis:<br \/>\nDiese Mitteilung enth\u00e4lt in die Zukunft gerichtete Aussagen, die auf<br \/>\nAnnahmen und Sch\u00e4tzungen der Unternehmensleitung der Allgeier Holding AG<br \/>\nberuhen. Auch wenn die Unternehmensleitung der Ansicht ist, dass diese<br \/>\nAnnahmen und Sch\u00e4tzungen zutreffend sind, k\u00f6nnen die k\u00fcnftige tats\u00e4chliche<br \/>\nEntwicklung und die k\u00fcnftigen tats\u00e4chlichen Ergebnisse von diesen Annahmen<br \/>\nund Sch\u00e4tzungen aufgrund vielf\u00e4ltiger Faktoren erheblich abweichen. Zu<br \/>\ndiesen Faktoren k\u00f6nnen beispielsweise die Ver\u00e4nderung der<br \/>\ngesamtwirtschaftlichen Lage, der Wechselkurse, der Zinss\u00e4tze sowie<br \/>\nVer\u00e4nderungen innerhalb der Marktentwicklung und der sich ver\u00e4nderten<br \/>\nWettbewerbssituation geh\u00f6ren. Die Allgeier Holding AG \u00fcbernimmt keine<br \/>\nGew\u00e4hrleistung und keine Haftung daf\u00fcr, dass die k\u00fcnftige Entwicklung und<br \/>\ndie k\u00fcnftig erzielten tats\u00e4chlichen Ergebnisse mit den in dieser<br \/>\nAd-hoc-Mitteilung\/Pressemitteilung ge\u00e4u\u00dferten Annahmen und Sch\u00e4tzungen<br \/>\n\u00fcbereinstimmen werden.<\/p>\n<p>14.03.2008  Finanznachrichten \u00fcbermittelt durch die DGAP<br \/>\n&#8212;&#8212;&#8212;&#8212;&#8212;&#8212;&#8212;&#8212;&#8212;&#8212;&#8212;&#8212;&#8212;&#8212;&#8212;&#8212;&#8212;&#8212;&#8212;&#8212;&#8212;&#8212;&#8212;&#8212;&#8212;<\/p>\n<p>Sprache:      Deutsch<br \/>\nEmittent:     Allgeier Holding AG<br \/>\n              Wehrlestrasse 12<br \/>\n              81679 M\u00fcnchen<br \/>\n              Deutschland<br \/>\nTelefon:      +49 (0)89 998 421-0<br \/>\nFax:          +49 (0)89 998 421-11<br \/>\nE-Mail:       info@allgeier.com<br \/>\nInternet:     www.allgeier-holding.com<br \/>\nISIN:         DE0005086300<br \/>\nWKN:          508630<br \/>\nIndizes:      CDAX<br \/>\nB\u00f6rsen:       Regulierter Markt in Frankfurt (General Standard);<br \/>\n              Freiverkehr in Berlin, Stuttgart, Hamburg, D\u00fcsseldorf<\/p>\n<p>Ende der Mitteilung                             DGAP News-Service<\/p>\n<p>&#8212;&#8212;&#8212;&#8212;&#8212;&#8212;&#8212;&#8212;&#8212;&#8212;&#8212;&#8212;&#8212;&#8212;&#8212;&#8212;&#8212;&#8212;&#8212;&#8212;&#8212;&#8212;&#8212;&#8212;&#8212;<\/p>\n","protected":false},"excerpt":{"rendered":"<p>M\u00fcnchen, 14. M\u00e4rz 2008 \u2013 Die Allgeier Holding AG (ISIN DE0005086300 \/ WKN 508630) hat im Gesch\u00e4ftsjahr 2007 gem\u00e4\u00df den vorl\u00e4ufigen Konzernzahlen in Bezug auf Umsatz und Ergebnis eine erhebliche Steigerung erzielt. Diese Steigerung ist sowohl auf das starke organisch<\/p>\n","protected":false},"author":4,"featured_media":0,"parent":1155,"menu_order":0,"comment_status":"close","ping_status":"closed","template":"","meta":{"_acf_changed":false,"footnotes":""},"categories":[],"tags":[],"class_list":["post-6789","page","type-page","status-publish","hentry"],"acf":[],"yoast_head":"<!-- This site is optimized with the Yoast SEO plugin v27.4 - https:\/\/yoast.com\/product\/yoast-seo-wordpress\/ -->\n<title>ALLGEIER HOLDING AG: Allgeier Gruppe teilt vorl\u00e4ufige Gesch\u00e4ftsergebnisse 2007 mit - Allgeier SE<\/title>\n<meta name=\"robots\" content=\"index, follow, max-snippet:-1, max-image-preview:large, max-video-preview:-1\" \/>\n<link rel=\"canonical\" href=\"https:\/\/www.allgeier.com\/de\/investor-relations\/adhoc-announcements\/allgeier-holding-ag-allgeier-gruppe-teilt-vorlaeufige-geschaeftsergebnisse-2007-mit-2\/\" \/>\n<meta property=\"og:locale\" content=\"de_DE\" \/>\n<meta property=\"og:type\" content=\"article\" \/>\n<meta property=\"og:title\" content=\"ALLGEIER HOLDING AG: Allgeier Gruppe teilt vorl\u00e4ufige Gesch\u00e4ftsergebnisse 2007 mit - Allgeier SE\" \/>\n<meta property=\"og:description\" content=\"M\u00fcnchen, 14. M\u00e4rz 2008 \u2013 Die Allgeier Holding AG (ISIN DE0005086300 \/ WKN 508630) hat im Gesch\u00e4ftsjahr 2007 gem\u00e4\u00df den vorl\u00e4ufigen Konzernzahlen in Bezug auf Umsatz und Ergebnis eine erhebliche Steigerung erzielt. Diese Steigerung ist sowohl auf das starke organisch\" \/>\n<meta property=\"og:url\" content=\"https:\/\/www.allgeier.com\/de\/investor-relations\/adhoc-announcements\/allgeier-holding-ag-allgeier-gruppe-teilt-vorlaeufige-geschaeftsergebnisse-2007-mit-2\/\" \/>\n<meta property=\"og:site_name\" content=\"Allgeier SE\" \/>\n<meta property=\"article:modified_time\" content=\"2025-07-23T10:26:40+00:00\" \/>\n<meta name=\"twitter:card\" content=\"summary_large_image\" \/>\n<meta name=\"twitter:label1\" content=\"Gesch\u00e4tzte Lesezeit\" \/>\n\t<meta name=\"twitter:data1\" content=\"5\u00a0Minuten\" \/>\n<script type=\"application\/ld+json\" class=\"yoast-schema-graph\">{\"@context\":\"https:\\\/\\\/schema.org\",\"@graph\":[{\"@type\":\"WebPage\",\"@id\":\"https:\\\/\\\/www.allgeier.com\\\/de\\\/investor-relations\\\/adhoc-announcements\\\/allgeier-holding-ag-allgeier-gruppe-teilt-vorlaeufige-geschaeftsergebnisse-2007-mit-2\\\/\",\"url\":\"https:\\\/\\\/www.allgeier.com\\\/de\\\/investor-relations\\\/adhoc-announcements\\\/allgeier-holding-ag-allgeier-gruppe-teilt-vorlaeufige-geschaeftsergebnisse-2007-mit-2\\\/\",\"name\":\"ALLGEIER HOLDING AG: Allgeier Gruppe teilt vorl\u00e4ufige Gesch\u00e4ftsergebnisse 2007 mit - Allgeier SE\",\"isPartOf\":{\"@id\":\"https:\\\/\\\/www.allgeier.com\\\/de\\\/#website\"},\"datePublished\":\"2008-03-14T15:09:25+00:00\",\"dateModified\":\"2025-07-23T10:26:40+00:00\",\"breadcrumb\":{\"@id\":\"https:\\\/\\\/www.allgeier.com\\\/de\\\/investor-relations\\\/adhoc-announcements\\\/allgeier-holding-ag-allgeier-gruppe-teilt-vorlaeufige-geschaeftsergebnisse-2007-mit-2\\\/#breadcrumb\"},\"inLanguage\":\"de\",\"potentialAction\":[{\"@type\":\"ReadAction\",\"target\":[\"https:\\\/\\\/www.allgeier.com\\\/de\\\/investor-relations\\\/adhoc-announcements\\\/allgeier-holding-ag-allgeier-gruppe-teilt-vorlaeufige-geschaeftsergebnisse-2007-mit-2\\\/\"]}]},{\"@type\":\"BreadcrumbList\",\"@id\":\"https:\\\/\\\/www.allgeier.com\\\/de\\\/investor-relations\\\/adhoc-announcements\\\/allgeier-holding-ag-allgeier-gruppe-teilt-vorlaeufige-geschaeftsergebnisse-2007-mit-2\\\/#breadcrumb\",\"itemListElement\":[{\"@type\":\"ListItem\",\"position\":1,\"name\":\"Home\",\"item\":\"https:\\\/\\\/www.allgeier.com\\\/de\\\/\"},{\"@type\":\"ListItem\",\"position\":2,\"name\":\"Investor Relations\",\"item\":\"https:\\\/\\\/www.allgeier.com\\\/de\\\/investor-relations\\\/\"},{\"@type\":\"ListItem\",\"position\":3,\"name\":\"Ad hoc-Mitteilungen\",\"item\":\"https:\\\/\\\/www.allgeier.com\\\/de\\\/investor-relations\\\/adhoc-announcements\\\/\"},{\"@type\":\"ListItem\",\"position\":4,\"name\":\"ALLGEIER HOLDING AG: Allgeier Gruppe teilt vorl\u00e4ufige Gesch\u00e4ftsergebnisse 2007 mit\"}]},{\"@type\":\"WebSite\",\"@id\":\"https:\\\/\\\/www.allgeier.com\\\/de\\\/#website\",\"url\":\"https:\\\/\\\/www.allgeier.com\\\/de\\\/\",\"name\":\"Allgeier SE\",\"description\":\"Software &amp; IT Services for digital transformation\",\"potentialAction\":[{\"@type\":\"SearchAction\",\"target\":{\"@type\":\"EntryPoint\",\"urlTemplate\":\"https:\\\/\\\/www.allgeier.com\\\/de\\\/?s={search_term_string}\"},\"query-input\":{\"@type\":\"PropertyValueSpecification\",\"valueRequired\":true,\"valueName\":\"search_term_string\"}}],\"inLanguage\":\"de\"}]}<\/script>\n<!-- \/ Yoast SEO plugin. -->","yoast_head_json":{"title":"ALLGEIER HOLDING AG: Allgeier Gruppe teilt vorl\u00e4ufige Gesch\u00e4ftsergebnisse 2007 mit - Allgeier SE","robots":{"index":"index","follow":"follow","max-snippet":"max-snippet:-1","max-image-preview":"max-image-preview:large","max-video-preview":"max-video-preview:-1"},"canonical":"https:\/\/www.allgeier.com\/de\/investor-relations\/adhoc-announcements\/allgeier-holding-ag-allgeier-gruppe-teilt-vorlaeufige-geschaeftsergebnisse-2007-mit-2\/","og_locale":"de_DE","og_type":"article","og_title":"ALLGEIER HOLDING AG: Allgeier Gruppe teilt vorl\u00e4ufige Gesch\u00e4ftsergebnisse 2007 mit - Allgeier SE","og_description":"M\u00fcnchen, 14. M\u00e4rz 2008 \u2013 Die Allgeier Holding AG (ISIN DE0005086300 \/ WKN 508630) hat im Gesch\u00e4ftsjahr 2007 gem\u00e4\u00df den vorl\u00e4ufigen Konzernzahlen in Bezug auf Umsatz und Ergebnis eine erhebliche Steigerung erzielt. Diese Steigerung ist sowohl auf das starke organisch","og_url":"https:\/\/www.allgeier.com\/de\/investor-relations\/adhoc-announcements\/allgeier-holding-ag-allgeier-gruppe-teilt-vorlaeufige-geschaeftsergebnisse-2007-mit-2\/","og_site_name":"Allgeier SE","article_modified_time":"2025-07-23T10:26:40+00:00","twitter_card":"summary_large_image","twitter_misc":{"Gesch\u00e4tzte Lesezeit":"5\u00a0Minuten"},"schema":{"@context":"https:\/\/schema.org","@graph":[{"@type":"WebPage","@id":"https:\/\/www.allgeier.com\/de\/investor-relations\/adhoc-announcements\/allgeier-holding-ag-allgeier-gruppe-teilt-vorlaeufige-geschaeftsergebnisse-2007-mit-2\/","url":"https:\/\/www.allgeier.com\/de\/investor-relations\/adhoc-announcements\/allgeier-holding-ag-allgeier-gruppe-teilt-vorlaeufige-geschaeftsergebnisse-2007-mit-2\/","name":"ALLGEIER HOLDING AG: Allgeier Gruppe teilt vorl\u00e4ufige Gesch\u00e4ftsergebnisse 2007 mit - Allgeier SE","isPartOf":{"@id":"https:\/\/www.allgeier.com\/de\/#website"},"datePublished":"2008-03-14T15:09:25+00:00","dateModified":"2025-07-23T10:26:40+00:00","breadcrumb":{"@id":"https:\/\/www.allgeier.com\/de\/investor-relations\/adhoc-announcements\/allgeier-holding-ag-allgeier-gruppe-teilt-vorlaeufige-geschaeftsergebnisse-2007-mit-2\/#breadcrumb"},"inLanguage":"de","potentialAction":[{"@type":"ReadAction","target":["https:\/\/www.allgeier.com\/de\/investor-relations\/adhoc-announcements\/allgeier-holding-ag-allgeier-gruppe-teilt-vorlaeufige-geschaeftsergebnisse-2007-mit-2\/"]}]},{"@type":"BreadcrumbList","@id":"https:\/\/www.allgeier.com\/de\/investor-relations\/adhoc-announcements\/allgeier-holding-ag-allgeier-gruppe-teilt-vorlaeufige-geschaeftsergebnisse-2007-mit-2\/#breadcrumb","itemListElement":[{"@type":"ListItem","position":1,"name":"Home","item":"https:\/\/www.allgeier.com\/de\/"},{"@type":"ListItem","position":2,"name":"Investor Relations","item":"https:\/\/www.allgeier.com\/de\/investor-relations\/"},{"@type":"ListItem","position":3,"name":"Ad hoc-Mitteilungen","item":"https:\/\/www.allgeier.com\/de\/investor-relations\/adhoc-announcements\/"},{"@type":"ListItem","position":4,"name":"ALLGEIER HOLDING AG: Allgeier Gruppe teilt vorl\u00e4ufige Gesch\u00e4ftsergebnisse 2007 mit"}]},{"@type":"WebSite","@id":"https:\/\/www.allgeier.com\/de\/#website","url":"https:\/\/www.allgeier.com\/de\/","name":"Allgeier SE","description":"Software &amp; IT Services for digital transformation","potentialAction":[{"@type":"SearchAction","target":{"@type":"EntryPoint","urlTemplate":"https:\/\/www.allgeier.com\/de\/?s={search_term_string}"},"query-input":{"@type":"PropertyValueSpecification","valueRequired":true,"valueName":"search_term_string"}}],"inLanguage":"de"}]}},"_links":{"self":[{"href":"https:\/\/www.allgeier.com\/de\/wp-json\/wp\/v2\/pages\/6789","targetHints":{"allow":["GET"]}}],"collection":[{"href":"https:\/\/www.allgeier.com\/de\/wp-json\/wp\/v2\/pages"}],"about":[{"href":"https:\/\/www.allgeier.com\/de\/wp-json\/wp\/v2\/types\/page"}],"author":[{"embeddable":true,"href":"https:\/\/www.allgeier.com\/de\/wp-json\/wp\/v2\/users\/4"}],"replies":[{"embeddable":true,"href":"https:\/\/www.allgeier.com\/de\/wp-json\/wp\/v2\/comments?post=6789"}],"version-history":[{"count":1,"href":"https:\/\/www.allgeier.com\/de\/wp-json\/wp\/v2\/pages\/6789\/revisions"}],"predecessor-version":[{"id":6790,"href":"https:\/\/www.allgeier.com\/de\/wp-json\/wp\/v2\/pages\/6789\/revisions\/6790"}],"up":[{"embeddable":true,"href":"https:\/\/www.allgeier.com\/de\/wp-json\/wp\/v2\/pages\/1155"}],"wp:attachment":[{"href":"https:\/\/www.allgeier.com\/de\/wp-json\/wp\/v2\/media?parent=6789"}],"wp:term":[{"taxonomy":"category","embeddable":true,"href":"https:\/\/www.allgeier.com\/de\/wp-json\/wp\/v2\/categories?post=6789"},{"taxonomy":"post_tag","embeddable":true,"href":"https:\/\/www.allgeier.com\/de\/wp-json\/wp\/v2\/tags?post=6789"}],"curies":[{"name":"wp","href":"https:\/\/api.w.org\/{rel}","templated":true}]}}