{"id":6791,"date":"2008-04-24T15:23:35","date_gmt":"2008-04-24T15:23:35","guid":{"rendered":"https:\/\/www.allgeier.com\/de\/?page_id=6791"},"modified":"2025-07-23T10:26:40","modified_gmt":"2025-07-23T10:26:40","slug":"aufsichtsrat-stellt-jahresabschluss-fest-und-schlaegt-dividende-vor-2","status":"publish","type":"page","link":"https:\/\/www.allgeier.com\/de\/investor-relations\/adhoc-announcements\/aufsichtsrat-stellt-jahresabschluss-fest-und-schlaegt-dividende-vor-2\/","title":{"rendered":"Aufsichtsrat stellt Jahresabschluss fest und schl\u00e4gt Dividende vor"},"content":{"rendered":"<p><b>Allgeier Holding AG \/ Jahresergebnis\/Dividende<\/b><\/p>\n<p>Ver\u00f6ffentlichung einer Ad-hoc-Mitteilung nach \u00a7 15 WpHG, \u00fcbermittelt durch<br \/>\ndie DGAP &#8211; ein Unternehmen der EquityStory AG.<br \/>\nF\u00fcr den Inhalt der Mitteilung ist der Emittent verantwortlich.<br \/>\n&#8212;&#8212;&#8212;&#8212;&#8212;&#8212;&#8212;&#8212;&#8212;&#8212;&#8212;&#8212;&#8212;&#8212;&#8212;&#8212;&#8212;&#8212;&#8212;&#8212;&#8212;&#8212;&#8212;&#8212;&#8212;<\/p>\n<p>M\u00fcnchen, 24. April 2008 \u2013 Der Aufsichtsrat der Allgeier Holding AG (ISIN<br \/>\nDE000508630 \/ WKN 508630) hat in seiner Sitzung am 24. April 2008 den<br \/>\ntestierten Jahres- und Konzernabschluss der Allgeier Holding AG f\u00fcr das<br \/>\nGesch\u00e4ftsjahr 2007 gebilligt. Der Jahresabschluss ist damit festgestellt.<br \/>\nWie bereits in der Ad-hoc-Mitteilung vom 14. M\u00e4rz 2008 angek\u00fcndigt, sind<br \/>\nder Konzernumsatz und das Konzernergebnis deutlich gestiegen. Im Folgenden<br \/>\nsind die wesentlichen Konzernzahlen aus den testierten Abschl\u00fcssen nochmals<br \/>\nzusammengefasst, die die bereits mitgeteilten vorl\u00e4ufigen Zahlen<br \/>\nbest\u00e4tigen:<\/p>\n<p>Umsatz und Ergebnis<\/p>\n<p>Der Konzernumsatz stieg in 2007 auf 298,3 Mio. EUR (2006: 166,7 Mio. EUR).<br \/>\nIn diesen IFRS Zahlen sind die Umsatzanteile der in 2007 erworbenen<br \/>\nUnternehmen zeitanteilig ab dem Erwerbszeitpunkt konsolidiert. In einer<br \/>\nProForma Betrachtung, unter Einbezug der gesamten Jahresums\u00e4tze der in 2007<br \/>\nerworbenen Unternehmen, betrug der Jahresumsatz 337,4 Mio. EUR (2006: 282,9<br \/>\nMio. EUR).<\/p>\n<p>Das Ergebnis vor Zinsen, Steuern sowie Abschreibungen auf Firmenwerte und<br \/>\nKaufpreisallokationen (EBITA) nach IFRS wurde auf 21,2 Mio. EUR gesteigert<br \/>\n(Vorjahr: 11,9 Mio. EUR). In der zur Beurteilung der faktischen<br \/>\nErtragskraft wichtigen ProForma Betrachtung wird im Konzern ein EBITA von<br \/>\n26,4 Mio. EUR erreicht (2006: 21,4 Mio. EUR).<\/p>\n<p>Das Ergebnis vor Zinsen und Steuern (EBIT) nach IFRS konnte in 2007 auf<br \/>\n15,7 Mio. EUR gesteigert und damit mehr als verdoppelt werden (2006: 7,35<br \/>\nMio. EUR). Das ProForma EBIT betr\u00e4gt 20,8 Mio. EUR (2006: 16,9 Mio. EUR).<\/p>\n<p>Gewinnverwendung<\/p>\n<p>Vorstand und Aufsichtsrat haben beschlossen, der Hauptversammlung<br \/>\nvorzuschlagen, den im Jahresabschluss der Allgeier Holding AG ausgewiesenen<br \/>\nBilanzgewinn per 31. Dezember 2007 in H\u00f6he von EUR 22.678.750,00 wie folgt<br \/>\nzu verwenden:<\/p>\n<p>Aus dem Bilanzgewinn in H\u00f6he von EUR 22.678.750,00 wird erstmals eine<br \/>\nDividende in H\u00f6he von EUR 0,50 je Aktie sowie eine zus\u00e4tzliche einmalige<br \/>\nDividende von EUR 2,00 je Aktie, d.h. insgesamt eine Dividende in H\u00f6he von<br \/>\nEUR 2,50 je Aktie an die Aktion\u00e4re ausgesch\u00fcttet. Der verbleibende<br \/>\nBilanzgewinn wird auf neue Rechnung vorgetragen.<\/p>\n<p>Kontakt:<br \/>\nCarl Georg D\u00fcrschmidt<br \/>\nVorsitzender des Vorstands<br \/>\nAllgeier Holding AG<br \/>\nWehrlestr. 12<br \/>\n81679 M\u00fcnchen<br \/>\nTel. 089\/998421-0<br \/>\nFax  089\/998421-11<br \/>\nwww.allgeier.com<\/p>\n<p>Anhang zur Ad-hoc-Mitteilung<br \/>\nKurzprofil Allgeier Holding AG:<br \/>\nDie Allgeier Holding AG ist die Holdinggesellschaft einer b\u00f6rsennotierten<br \/>\nDienstleistungsgruppe mit Sitz in M\u00fcnchen. Die Unternehmen der Allgeier<br \/>\nGruppe sind im wachsenden Markt f\u00fcr IT Services sowie angrenzenden<br \/>\nDienstleistungen  zur Flexibilisierung von Arbeits- und Kostenstrukturen<br \/>\nfokussiert. Die Unternehmen der Allgeier Gruppe werden unter dem Dach der<br \/>\nAllgeier Holding AG jeweils von eigenen Gesch\u00e4ftsf\u00fchrungen<br \/>\neigenverantwortlich gef\u00fchrt. Die Holding \u00fcbernimmt f\u00fcr die Gruppe<br \/>\ninsbesondere die strategische Steuerung, das Management des<br \/>\nGruppenwachstums, die Konzernfinanzierung und das Konzerncontrolling sowie<br \/>\nweitere zentrale Funktionen. Die Allgeier Holding AG ist am Regulierten<br \/>\nMarkt der Frankfurter B\u00f6rse im Segment General Standard notiert (WKN<br \/>\n508630\/ISIN DE000508630). Weitere Informationen unter: www.allgeier.com.<\/p>\n<p>24.04.2008  Finanznachrichten \u00fcbermittelt durch die DGAP<br \/>\n&#8212;&#8212;&#8212;&#8212;&#8212;&#8212;&#8212;&#8212;&#8212;&#8212;&#8212;&#8212;&#8212;&#8212;&#8212;&#8212;&#8212;&#8212;&#8212;&#8212;&#8212;&#8212;&#8212;&#8212;&#8212;<\/p>\n<p>Sprache:      Deutsch<br \/>\nEmittent:     Allgeier Holding AG<br \/>\n              Wehrlestrasse 12<br \/>\n              81679 M\u00fcnchen<br \/>\n              Deutschland<br \/>\nTelefon:      +49 (0)89 998 421-0<br \/>\nFax:          +49 (0)89 998 421-11<br \/>\nE-Mail:       info@allgeier.com<br \/>\nInternet:     www.allgeier-holding.com<br \/>\nISIN:         DE0005086300<br \/>\nWKN:          508630<br \/>\nIndizes:      CDAX<br \/>\nB\u00f6rsen:       Regulierter Markt in Frankfurt (General Standard);<br \/>\n              Freiverkehr in Berlin, Stuttgart, Hamburg, D\u00fcsseldorf<\/p>\n<p>Ende der Mitteilung                             DGAP News-Service<\/p>\n<p>&#8212;&#8212;&#8212;&#8212;&#8212;&#8212;&#8212;&#8212;&#8212;&#8212;&#8212;&#8212;&#8212;&#8212;&#8212;&#8212;&#8212;&#8212;&#8212;&#8212;&#8212;&#8212;&#8212;&#8212;&#8212;<\/p>\n","protected":false},"excerpt":{"rendered":"<p>M\u00fcnchen, 24. April 2008 \u2013 Der Aufsichtsrat der Allgeier Holding AG (ISIN DE000508630 \/ WKN 508630) hat in seiner Sitzung am 24. April 2008 den testierten Jahres- und Konzernabschluss der Allgeier Holding AG f\u00fcr das Gesch\u00e4ftsjahr 2007 gebilligt. Der Jahresabschluss ist damit fe<\/p>\n","protected":false},"author":4,"featured_media":0,"parent":1155,"menu_order":0,"comment_status":"close","ping_status":"closed","template":"","meta":{"_acf_changed":false,"footnotes":""},"categories":[],"tags":[],"class_list":["post-6791","page","type-page","status-publish","hentry"],"acf":[],"yoast_head":"<!-- This site is optimized with the Yoast SEO plugin v27.4 - https:\/\/yoast.com\/product\/yoast-seo-wordpress\/ -->\n<title>Aufsichtsrat stellt Jahresabschluss fest und schl\u00e4gt Dividende vor - Allgeier SE<\/title>\n<meta name=\"robots\" content=\"index, follow, max-snippet:-1, max-image-preview:large, max-video-preview:-1\" \/>\n<link rel=\"canonical\" href=\"https:\/\/www.allgeier.com\/de\/investor-relations\/adhoc-announcements\/aufsichtsrat-stellt-jahresabschluss-fest-und-schlaegt-dividende-vor-2\/\" \/>\n<meta property=\"og:locale\" content=\"de_DE\" \/>\n<meta property=\"og:type\" content=\"article\" \/>\n<meta property=\"og:title\" content=\"Aufsichtsrat stellt Jahresabschluss fest und schl\u00e4gt Dividende vor - Allgeier SE\" \/>\n<meta property=\"og:description\" content=\"M\u00fcnchen, 24. April 2008 \u2013 Der Aufsichtsrat der Allgeier Holding AG (ISIN DE000508630 \/ WKN 508630) hat in seiner Sitzung am 24. April 2008 den testierten Jahres- und Konzernabschluss der Allgeier Holding AG f\u00fcr das Gesch\u00e4ftsjahr 2007 gebilligt. Der Jahresabschluss ist damit fe\" \/>\n<meta property=\"og:url\" content=\"https:\/\/www.allgeier.com\/de\/investor-relations\/adhoc-announcements\/aufsichtsrat-stellt-jahresabschluss-fest-und-schlaegt-dividende-vor-2\/\" \/>\n<meta property=\"og:site_name\" content=\"Allgeier SE\" \/>\n<meta property=\"article:modified_time\" content=\"2025-07-23T10:26:40+00:00\" \/>\n<meta name=\"twitter:card\" content=\"summary_large_image\" \/>\n<meta name=\"twitter:label1\" content=\"Gesch\u00e4tzte Lesezeit\" \/>\n\t<meta name=\"twitter:data1\" content=\"3\u00a0Minuten\" \/>\n<script type=\"application\/ld+json\" class=\"yoast-schema-graph\">{\"@context\":\"https:\\\/\\\/schema.org\",\"@graph\":[{\"@type\":\"WebPage\",\"@id\":\"https:\\\/\\\/www.allgeier.com\\\/de\\\/investor-relations\\\/adhoc-announcements\\\/aufsichtsrat-stellt-jahresabschluss-fest-und-schlaegt-dividende-vor-2\\\/\",\"url\":\"https:\\\/\\\/www.allgeier.com\\\/de\\\/investor-relations\\\/adhoc-announcements\\\/aufsichtsrat-stellt-jahresabschluss-fest-und-schlaegt-dividende-vor-2\\\/\",\"name\":\"Aufsichtsrat stellt Jahresabschluss fest und schl\u00e4gt Dividende vor - Allgeier SE\",\"isPartOf\":{\"@id\":\"https:\\\/\\\/www.allgeier.com\\\/de\\\/#website\"},\"datePublished\":\"2008-04-24T15:23:35+00:00\",\"dateModified\":\"2025-07-23T10:26:40+00:00\",\"breadcrumb\":{\"@id\":\"https:\\\/\\\/www.allgeier.com\\\/de\\\/investor-relations\\\/adhoc-announcements\\\/aufsichtsrat-stellt-jahresabschluss-fest-und-schlaegt-dividende-vor-2\\\/#breadcrumb\"},\"inLanguage\":\"de\",\"potentialAction\":[{\"@type\":\"ReadAction\",\"target\":[\"https:\\\/\\\/www.allgeier.com\\\/de\\\/investor-relations\\\/adhoc-announcements\\\/aufsichtsrat-stellt-jahresabschluss-fest-und-schlaegt-dividende-vor-2\\\/\"]}]},{\"@type\":\"BreadcrumbList\",\"@id\":\"https:\\\/\\\/www.allgeier.com\\\/de\\\/investor-relations\\\/adhoc-announcements\\\/aufsichtsrat-stellt-jahresabschluss-fest-und-schlaegt-dividende-vor-2\\\/#breadcrumb\",\"itemListElement\":[{\"@type\":\"ListItem\",\"position\":1,\"name\":\"Home\",\"item\":\"https:\\\/\\\/www.allgeier.com\\\/de\\\/\"},{\"@type\":\"ListItem\",\"position\":2,\"name\":\"Investor Relations\",\"item\":\"https:\\\/\\\/www.allgeier.com\\\/de\\\/investor-relations\\\/\"},{\"@type\":\"ListItem\",\"position\":3,\"name\":\"Ad hoc-Mitteilungen\",\"item\":\"https:\\\/\\\/www.allgeier.com\\\/de\\\/investor-relations\\\/adhoc-announcements\\\/\"},{\"@type\":\"ListItem\",\"position\":4,\"name\":\"Aufsichtsrat stellt Jahresabschluss fest und schl\u00e4gt Dividende vor\"}]},{\"@type\":\"WebSite\",\"@id\":\"https:\\\/\\\/www.allgeier.com\\\/de\\\/#website\",\"url\":\"https:\\\/\\\/www.allgeier.com\\\/de\\\/\",\"name\":\"Allgeier SE\",\"description\":\"Software &amp; IT Services for digital transformation\",\"potentialAction\":[{\"@type\":\"SearchAction\",\"target\":{\"@type\":\"EntryPoint\",\"urlTemplate\":\"https:\\\/\\\/www.allgeier.com\\\/de\\\/?s={search_term_string}\"},\"query-input\":{\"@type\":\"PropertyValueSpecification\",\"valueRequired\":true,\"valueName\":\"search_term_string\"}}],\"inLanguage\":\"de\"}]}<\/script>\n<!-- \/ Yoast SEO plugin. -->","yoast_head_json":{"title":"Aufsichtsrat stellt Jahresabschluss fest und schl\u00e4gt Dividende vor - Allgeier SE","robots":{"index":"index","follow":"follow","max-snippet":"max-snippet:-1","max-image-preview":"max-image-preview:large","max-video-preview":"max-video-preview:-1"},"canonical":"https:\/\/www.allgeier.com\/de\/investor-relations\/adhoc-announcements\/aufsichtsrat-stellt-jahresabschluss-fest-und-schlaegt-dividende-vor-2\/","og_locale":"de_DE","og_type":"article","og_title":"Aufsichtsrat stellt Jahresabschluss fest und schl\u00e4gt Dividende vor - Allgeier SE","og_description":"M\u00fcnchen, 24. April 2008 \u2013 Der Aufsichtsrat der Allgeier Holding AG (ISIN DE000508630 \/ WKN 508630) hat in seiner Sitzung am 24. April 2008 den testierten Jahres- und Konzernabschluss der Allgeier Holding AG f\u00fcr das Gesch\u00e4ftsjahr 2007 gebilligt. Der Jahresabschluss ist damit fe","og_url":"https:\/\/www.allgeier.com\/de\/investor-relations\/adhoc-announcements\/aufsichtsrat-stellt-jahresabschluss-fest-und-schlaegt-dividende-vor-2\/","og_site_name":"Allgeier SE","article_modified_time":"2025-07-23T10:26:40+00:00","twitter_card":"summary_large_image","twitter_misc":{"Gesch\u00e4tzte Lesezeit":"3\u00a0Minuten"},"schema":{"@context":"https:\/\/schema.org","@graph":[{"@type":"WebPage","@id":"https:\/\/www.allgeier.com\/de\/investor-relations\/adhoc-announcements\/aufsichtsrat-stellt-jahresabschluss-fest-und-schlaegt-dividende-vor-2\/","url":"https:\/\/www.allgeier.com\/de\/investor-relations\/adhoc-announcements\/aufsichtsrat-stellt-jahresabschluss-fest-und-schlaegt-dividende-vor-2\/","name":"Aufsichtsrat stellt Jahresabschluss fest und schl\u00e4gt Dividende vor - Allgeier SE","isPartOf":{"@id":"https:\/\/www.allgeier.com\/de\/#website"},"datePublished":"2008-04-24T15:23:35+00:00","dateModified":"2025-07-23T10:26:40+00:00","breadcrumb":{"@id":"https:\/\/www.allgeier.com\/de\/investor-relations\/adhoc-announcements\/aufsichtsrat-stellt-jahresabschluss-fest-und-schlaegt-dividende-vor-2\/#breadcrumb"},"inLanguage":"de","potentialAction":[{"@type":"ReadAction","target":["https:\/\/www.allgeier.com\/de\/investor-relations\/adhoc-announcements\/aufsichtsrat-stellt-jahresabschluss-fest-und-schlaegt-dividende-vor-2\/"]}]},{"@type":"BreadcrumbList","@id":"https:\/\/www.allgeier.com\/de\/investor-relations\/adhoc-announcements\/aufsichtsrat-stellt-jahresabschluss-fest-und-schlaegt-dividende-vor-2\/#breadcrumb","itemListElement":[{"@type":"ListItem","position":1,"name":"Home","item":"https:\/\/www.allgeier.com\/de\/"},{"@type":"ListItem","position":2,"name":"Investor Relations","item":"https:\/\/www.allgeier.com\/de\/investor-relations\/"},{"@type":"ListItem","position":3,"name":"Ad hoc-Mitteilungen","item":"https:\/\/www.allgeier.com\/de\/investor-relations\/adhoc-announcements\/"},{"@type":"ListItem","position":4,"name":"Aufsichtsrat stellt Jahresabschluss fest und schl\u00e4gt Dividende vor"}]},{"@type":"WebSite","@id":"https:\/\/www.allgeier.com\/de\/#website","url":"https:\/\/www.allgeier.com\/de\/","name":"Allgeier SE","description":"Software &amp; IT Services for digital transformation","potentialAction":[{"@type":"SearchAction","target":{"@type":"EntryPoint","urlTemplate":"https:\/\/www.allgeier.com\/de\/?s={search_term_string}"},"query-input":{"@type":"PropertyValueSpecification","valueRequired":true,"valueName":"search_term_string"}}],"inLanguage":"de"}]}},"_links":{"self":[{"href":"https:\/\/www.allgeier.com\/de\/wp-json\/wp\/v2\/pages\/6791","targetHints":{"allow":["GET"]}}],"collection":[{"href":"https:\/\/www.allgeier.com\/de\/wp-json\/wp\/v2\/pages"}],"about":[{"href":"https:\/\/www.allgeier.com\/de\/wp-json\/wp\/v2\/types\/page"}],"author":[{"embeddable":true,"href":"https:\/\/www.allgeier.com\/de\/wp-json\/wp\/v2\/users\/4"}],"replies":[{"embeddable":true,"href":"https:\/\/www.allgeier.com\/de\/wp-json\/wp\/v2\/comments?post=6791"}],"version-history":[{"count":1,"href":"https:\/\/www.allgeier.com\/de\/wp-json\/wp\/v2\/pages\/6791\/revisions"}],"predecessor-version":[{"id":6792,"href":"https:\/\/www.allgeier.com\/de\/wp-json\/wp\/v2\/pages\/6791\/revisions\/6792"}],"up":[{"embeddable":true,"href":"https:\/\/www.allgeier.com\/de\/wp-json\/wp\/v2\/pages\/1155"}],"wp:attachment":[{"href":"https:\/\/www.allgeier.com\/de\/wp-json\/wp\/v2\/media?parent=6791"}],"wp:term":[{"taxonomy":"category","embeddable":true,"href":"https:\/\/www.allgeier.com\/de\/wp-json\/wp\/v2\/categories?post=6791"},{"taxonomy":"post_tag","embeddable":true,"href":"https:\/\/www.allgeier.com\/de\/wp-json\/wp\/v2\/tags?post=6791"}],"curies":[{"name":"wp","href":"https:\/\/api.w.org\/{rel}","templated":true}]}}