{"id":6793,"date":"2008-05-05T17:06:33","date_gmt":"2008-05-05T17:06:33","guid":{"rendered":"https:\/\/www.allgeier.com\/de\/?page_id=6793"},"modified":"2025-07-23T10:26:40","modified_gmt":"2025-07-23T10:26:40","slug":"allgeier-holding-ag-allgeier-meldet-erfolgreiches-erstes-quartal-2008-2","status":"publish","type":"page","link":"https:\/\/www.allgeier.com\/de\/investor-relations\/adhoc-announcements\/allgeier-holding-ag-allgeier-meldet-erfolgreiches-erstes-quartal-2008-2\/","title":{"rendered":"ALLGEIER HOLDING AG: Allgeier meldet erfolgreiches erstes Quartal 2008"},"content":{"rendered":"<p><b>Allgeier Holding AG \/ Quartalsergebnis<\/b><\/p>\n<p>Ver\u00f6ffentlichung einer Ad-hoc-Mitteilung nach \u00a7 15 WpHG, \u00fcbermittelt durch<br \/>\ndie DGAP &#8211; ein Unternehmen der EquityStory AG.<br \/>\nF\u00fcr den Inhalt der Mitteilung ist der Emittent verantwortlich.<br \/>\n&#8212;&#8212;&#8212;&#8212;&#8212;&#8212;&#8212;&#8212;&#8212;&#8212;&#8212;&#8212;&#8212;&#8212;&#8212;&#8212;&#8212;&#8212;&#8212;&#8212;&#8212;&#8212;&#8212;&#8212;&#8212;<\/p>\n<p>Allgeier Holding AG \/ Quartalsergebnis<\/p>\n<p>M\u00fcnchen, 05. Mai 2008 \u2013 Die Konzerngesch\u00e4ftszahlen der Allgeier Holding AG<br \/>\n(ISIN DE000508630 \/ WKN 508630) f\u00fcr das erste Quartal 2008 sind von zwei<br \/>\nwesentlichen Aspekten gepr\u00e4gt:<\/p>\n<p>Zum einen ist das Quartalsergebnis durch die wesentliche \u00c4nderung der<br \/>\nKonzernstruktur aufgrund des Verkaufs des Gesch\u00e4ftsbereichs Personal<br \/>\nServices (vgl. Ad-Hoc-Mitteilungen vom 21. Februar 2008 und 14. M\u00e4rz 2008)<br \/>\ngepr\u00e4gt. Der Gewinn aus der Ver\u00e4u\u00dferung des Gesch\u00e4ftsbereichs betrug im<br \/>\nersten Quartal 71,6 Mio. EUR. Aus der Endabrechnung der Transaktion<br \/>\nerwartet Allgeier einen weiteren Teilbetrag und damit insgesamt einen<br \/>\nErtrag aus der Ver\u00e4u\u00dferung von rund 80 Mio. EUR.<\/p>\n<p>Zum anderen setzten die Konzerngesellschaften des fortgef\u00fchrten Gesch\u00e4fts,<br \/>\ndie alle im Bereich IT und IT Services t\u00e4tig sind, ihre erfolgreiche<br \/>\nEntwicklung fort. Die Ums\u00e4tze stiegen im ersten Quartal 2008 durch<br \/>\norganisches Wachstum um 23% auf 34,2 Mio. EUR (Q1 2007: 27,9 Mio. EUR). Das<br \/>\noperative Ergebnis vor Aufwendungen und Ertr\u00e4gen im Zusammenhang mit dem<br \/>\nVerkauf des Gesch\u00e4ftsbereichs Personal Services, Abschreibungen auf<br \/>\nGoodwill und Kaufpreisallokation (Amortization), Zinsen und Steuern<br \/>\n(operatives EBITA) des ersten Quartals 2008 lag mit 1,1 Mio. EUR 204% \u00fcber<br \/>\nVorjahr (Q1 2007: 0,4 Mio. EUR). Die operative Marge (EBITA\/Umsatzerl\u00f6se)<br \/>\nverbesserte sich dabei von 1,2% im Vorjahr auf 3,2% in der Berichtsperiode.<\/p>\n<p>In der Darstellung der Konzern- Gewinn- und Verlustrechnung f\u00fcr das 1.<br \/>\nQuartal 2008 betr\u00e4gt das EBITA des Konzerns -5,2 Mio. EUR, unter<br \/>\nBer\u00fccksichtigung der indirekten Personal- und sonstigen betrieblichen<br \/>\nAufwendungen aus der Ver\u00e4u\u00dferung in H\u00f6he von 6,3 Mio. EUR. Das<br \/>\nKonzernergebnis vor Zinsen und Steuern (EBIT) lag bei -5,7 Mio. EUR, das<br \/>\nErgebnis vor Steuern (EBT) bei -5,9 Mio. EUR. Der Gewinn aus der<br \/>\nVer\u00e4u\u00dferung sowie die darauf entfallenden Steuern werden in der Gliederung<br \/>\ngem\u00e4\u00df IFRS formal in gesonderten Zeilen unterhalb des Ergebnisses nach<br \/>\nSteuern dargestellt. Insgesamt ergibt sich f\u00fcr das 1. Quartal 2008 daraus<br \/>\nein Quartalsergebnis von 66,8 Mio. EUR.<\/p>\n<p>Der Zwischenbericht zum Gesch\u00e4ftsverlauf des ersten Quartals 2008 wird im<br \/>\nMai ver\u00f6ffentlicht.<\/p>\n<p>Allgeier Holding AG <\/p>\n<p>Kontakt:<br \/>\nCarl Georg D\u00fcrschmidt<br \/>\nVorsitzender des Vorstands<br \/>\nAllgeier Holding AG<br \/>\nWehrlestr. 12<br \/>\n81679 M\u00fcnchen<br \/>\nTel. 089\/998421-0<br \/>\nFax  089\/998421-11<br \/>\nwww.allgeier.com<\/p>\n<p>Kurzprofil Allgeier Holding AG:<\/p>\n<p>Die Allgeier Holding AG ist die Holdinggesellschaft einer b\u00f6rsennotierten<br \/>\nDienstleistungsgruppe mit Sitz in M\u00fcnchen. Die Unternehmen der Allgeier<br \/>\nGruppe sind im wachsenden Markt f\u00fcr IT Services sowie angrenzenden<br \/>\nDienstleistungen  zur Flexibilisierung von Arbeits- und Kostenstrukturen<br \/>\nfokussiert. Die Unternehmen der Allgeier Gruppe werden unter dem Dach der<br \/>\nAllgeier Holding AG jeweils von eigenen Gesch\u00e4ftsf\u00fchrungen<br \/>\neigenverantwortlich gef\u00fchrt. Die Holding \u00fcbernimmt f\u00fcr die Gruppe<br \/>\ninsbesondere die strategische Steuerung, das Management des<br \/>\nGruppenwachstums, die Konzernfinanzierung und das Konzerncontrolling sowie<br \/>\nweitere zentrale Funktionen. Die Allgeier Holding AG ist am regulierten<br \/>\nMarkt der Frankfurter B\u00f6rse im Segment General Standard notiert (WKN<br \/>\n508630\/ISIN DE000508630). Weitere Informationen unter: www.allgeier.com.<\/p>\n<p>Hinweis:<\/p>\n<p>Diese Mitteilung enth\u00e4lt in die Zukunft gerichtete Aussagen, die auf<br \/>\nAnnahmen und Erwartungen der Unternehmensleitung der Allgeier Holding AG<br \/>\nberuhen. Auch bei sorgf\u00e4ltiger Herleitung dieser Annahmen und Erwartungen<br \/>\nzum jetzigen Zeitpunkt, k\u00f6nnen die k\u00fcnftige tats\u00e4chliche Entwicklung und<br \/>\ndie k\u00fcnftigen tats\u00e4chlichen Ergebnisse von diesen Annahmen und Erwartungen<br \/>\naufgrund verschiedener Faktoren abweichen. Insbesondere ist die<br \/>\nDurchf\u00fchrung der Transaktion zur Ver\u00e4u\u00dferung des Gesch\u00e4ftsbereichs Personal<br \/>\nServices noch nicht in allen Punkten abgeschlossen und die Ermittlung des<br \/>\nendg\u00fcltigen Ertrages aus der Transaktion h\u00e4ngt noch von verschiedenen<br \/>\nArbeitsergebnissen der Vertragsparteien und beauftragten Wirtschaftspr\u00fcfer<br \/>\nab. Die Allgeier Holding AG \u00fcbernimmt daher keine Gew\u00e4hrleistung und keine<br \/>\nHaftung daf\u00fcr, dass die k\u00fcnftige Entwicklung und die k\u00fcnftig erzielten<br \/>\ntats\u00e4chlichen Ergebnisse mit den in dieser Ad-hoc-Mitteilung ge\u00e4u\u00dferten<br \/>\nAnnahmen und Erwartungen \u00fcbereinstimmen werden.<\/p>\n<p>05.05.2008  Finanznachrichten \u00fcbermittelt durch die DGAP<br \/>\n&#8212;&#8212;&#8212;&#8212;&#8212;&#8212;&#8212;&#8212;&#8212;&#8212;&#8212;&#8212;&#8212;&#8212;&#8212;&#8212;&#8212;&#8212;&#8212;&#8212;&#8212;&#8212;&#8212;&#8212;&#8212;<\/p>\n<p>Sprache:      Deutsch<br \/>\nEmittent:     Allgeier Holding AG<br \/>\n              Wehrlestrasse 12<br \/>\n              81679 M\u00fcnchen<br \/>\n              Deutschland<br \/>\nTelefon:      +49 (0)89 998 421-0<br \/>\nFax:          +49 (0)89 998 421-11<br \/>\nE-Mail:       info@allgeier.com<br \/>\nInternet:     www.allgeier-holding.com<br \/>\nISIN:         DE0005086300<br \/>\nWKN:          508630<br \/>\nIndizes:      CDAX<br \/>\nB\u00f6rsen:       Regulierter Markt in Frankfurt (General Standard);<br \/>\n              Freiverkehr in Berlin, Stuttgart, Hamburg, D\u00fcsseldorf<\/p>\n<p>Ende der Mitteilung                             DGAP News-Service<\/p>\n<p>&#8212;&#8212;&#8212;&#8212;&#8212;&#8212;&#8212;&#8212;&#8212;&#8212;&#8212;&#8212;&#8212;&#8212;&#8212;&#8212;&#8212;&#8212;&#8212;&#8212;&#8212;&#8212;&#8212;&#8212;&#8212;<\/p>\n","protected":false},"excerpt":{"rendered":"<p>Allgeier Holding AG \/ Quartalsergebnis  M\u00fcnchen, 05. Mai 2008 \u2013 Die Konzerngesch\u00e4ftszahlen der Allgeier Holding AG (ISIN DE000508630 \/ WKN 508630) f\u00fcr das erste Quartal 2008 sind von zwei wesentlichen Aspekten gepr\u00e4gt: Zum einen ist das Quartalsergebnis durch die wesentliche \u00c4nderun<\/p>\n","protected":false},"author":4,"featured_media":0,"parent":1155,"menu_order":0,"comment_status":"close","ping_status":"closed","template":"","meta":{"_acf_changed":false,"footnotes":""},"categories":[],"tags":[],"class_list":["post-6793","page","type-page","status-publish","hentry"],"acf":[],"yoast_head":"<!-- This site is optimized with the Yoast SEO plugin v27.4 - https:\/\/yoast.com\/product\/yoast-seo-wordpress\/ -->\n<title>ALLGEIER HOLDING AG: Allgeier meldet erfolgreiches erstes Quartal 2008 - Allgeier SE<\/title>\n<meta name=\"robots\" content=\"index, follow, max-snippet:-1, max-image-preview:large, max-video-preview:-1\" \/>\n<link rel=\"canonical\" href=\"https:\/\/www.allgeier.com\/de\/investor-relations\/adhoc-announcements\/allgeier-holding-ag-allgeier-meldet-erfolgreiches-erstes-quartal-2008-2\/\" \/>\n<meta property=\"og:locale\" content=\"de_DE\" \/>\n<meta property=\"og:type\" content=\"article\" \/>\n<meta property=\"og:title\" content=\"ALLGEIER HOLDING AG: Allgeier meldet erfolgreiches erstes Quartal 2008 - Allgeier SE\" \/>\n<meta property=\"og:description\" content=\"Allgeier Holding AG \/ Quartalsergebnis M\u00fcnchen, 05. Mai 2008 \u2013 Die Konzerngesch\u00e4ftszahlen der Allgeier Holding AG (ISIN DE000508630 \/ WKN 508630) f\u00fcr das erste Quartal 2008 sind von zwei wesentlichen Aspekten gepr\u00e4gt: Zum einen ist das Quartalsergebnis durch die wesentliche \u00c4nderun\" \/>\n<meta property=\"og:url\" content=\"https:\/\/www.allgeier.com\/de\/investor-relations\/adhoc-announcements\/allgeier-holding-ag-allgeier-meldet-erfolgreiches-erstes-quartal-2008-2\/\" \/>\n<meta property=\"og:site_name\" content=\"Allgeier SE\" \/>\n<meta property=\"article:modified_time\" content=\"2025-07-23T10:26:40+00:00\" \/>\n<meta name=\"twitter:card\" content=\"summary_large_image\" \/>\n<meta name=\"twitter:label1\" content=\"Gesch\u00e4tzte Lesezeit\" \/>\n\t<meta name=\"twitter:data1\" content=\"3\u00a0Minuten\" \/>\n<script type=\"application\/ld+json\" class=\"yoast-schema-graph\">{\"@context\":\"https:\\\/\\\/schema.org\",\"@graph\":[{\"@type\":\"WebPage\",\"@id\":\"https:\\\/\\\/www.allgeier.com\\\/de\\\/investor-relations\\\/adhoc-announcements\\\/allgeier-holding-ag-allgeier-meldet-erfolgreiches-erstes-quartal-2008-2\\\/\",\"url\":\"https:\\\/\\\/www.allgeier.com\\\/de\\\/investor-relations\\\/adhoc-announcements\\\/allgeier-holding-ag-allgeier-meldet-erfolgreiches-erstes-quartal-2008-2\\\/\",\"name\":\"ALLGEIER HOLDING AG: Allgeier meldet erfolgreiches erstes Quartal 2008 - Allgeier SE\",\"isPartOf\":{\"@id\":\"https:\\\/\\\/www.allgeier.com\\\/de\\\/#website\"},\"datePublished\":\"2008-05-05T17:06:33+00:00\",\"dateModified\":\"2025-07-23T10:26:40+00:00\",\"breadcrumb\":{\"@id\":\"https:\\\/\\\/www.allgeier.com\\\/de\\\/investor-relations\\\/adhoc-announcements\\\/allgeier-holding-ag-allgeier-meldet-erfolgreiches-erstes-quartal-2008-2\\\/#breadcrumb\"},\"inLanguage\":\"de\",\"potentialAction\":[{\"@type\":\"ReadAction\",\"target\":[\"https:\\\/\\\/www.allgeier.com\\\/de\\\/investor-relations\\\/adhoc-announcements\\\/allgeier-holding-ag-allgeier-meldet-erfolgreiches-erstes-quartal-2008-2\\\/\"]}]},{\"@type\":\"BreadcrumbList\",\"@id\":\"https:\\\/\\\/www.allgeier.com\\\/de\\\/investor-relations\\\/adhoc-announcements\\\/allgeier-holding-ag-allgeier-meldet-erfolgreiches-erstes-quartal-2008-2\\\/#breadcrumb\",\"itemListElement\":[{\"@type\":\"ListItem\",\"position\":1,\"name\":\"Home\",\"item\":\"https:\\\/\\\/www.allgeier.com\\\/de\\\/\"},{\"@type\":\"ListItem\",\"position\":2,\"name\":\"Investor Relations\",\"item\":\"https:\\\/\\\/www.allgeier.com\\\/de\\\/investor-relations\\\/\"},{\"@type\":\"ListItem\",\"position\":3,\"name\":\"Ad hoc-Mitteilungen\",\"item\":\"https:\\\/\\\/www.allgeier.com\\\/de\\\/investor-relations\\\/adhoc-announcements\\\/\"},{\"@type\":\"ListItem\",\"position\":4,\"name\":\"ALLGEIER HOLDING AG: Allgeier meldet erfolgreiches erstes Quartal 2008\"}]},{\"@type\":\"WebSite\",\"@id\":\"https:\\\/\\\/www.allgeier.com\\\/de\\\/#website\",\"url\":\"https:\\\/\\\/www.allgeier.com\\\/de\\\/\",\"name\":\"Allgeier SE\",\"description\":\"Software &amp; IT Services for digital transformation\",\"potentialAction\":[{\"@type\":\"SearchAction\",\"target\":{\"@type\":\"EntryPoint\",\"urlTemplate\":\"https:\\\/\\\/www.allgeier.com\\\/de\\\/?s={search_term_string}\"},\"query-input\":{\"@type\":\"PropertyValueSpecification\",\"valueRequired\":true,\"valueName\":\"search_term_string\"}}],\"inLanguage\":\"de\"}]}<\/script>\n<!-- \/ Yoast SEO plugin. -->","yoast_head_json":{"title":"ALLGEIER HOLDING AG: Allgeier meldet erfolgreiches erstes Quartal 2008 - Allgeier SE","robots":{"index":"index","follow":"follow","max-snippet":"max-snippet:-1","max-image-preview":"max-image-preview:large","max-video-preview":"max-video-preview:-1"},"canonical":"https:\/\/www.allgeier.com\/de\/investor-relations\/adhoc-announcements\/allgeier-holding-ag-allgeier-meldet-erfolgreiches-erstes-quartal-2008-2\/","og_locale":"de_DE","og_type":"article","og_title":"ALLGEIER HOLDING AG: Allgeier meldet erfolgreiches erstes Quartal 2008 - Allgeier SE","og_description":"Allgeier Holding AG \/ Quartalsergebnis M\u00fcnchen, 05. Mai 2008 \u2013 Die Konzerngesch\u00e4ftszahlen der Allgeier Holding AG (ISIN DE000508630 \/ WKN 508630) f\u00fcr das erste Quartal 2008 sind von zwei wesentlichen Aspekten gepr\u00e4gt: Zum einen ist das Quartalsergebnis durch die wesentliche \u00c4nderun","og_url":"https:\/\/www.allgeier.com\/de\/investor-relations\/adhoc-announcements\/allgeier-holding-ag-allgeier-meldet-erfolgreiches-erstes-quartal-2008-2\/","og_site_name":"Allgeier SE","article_modified_time":"2025-07-23T10:26:40+00:00","twitter_card":"summary_large_image","twitter_misc":{"Gesch\u00e4tzte Lesezeit":"3\u00a0Minuten"},"schema":{"@context":"https:\/\/schema.org","@graph":[{"@type":"WebPage","@id":"https:\/\/www.allgeier.com\/de\/investor-relations\/adhoc-announcements\/allgeier-holding-ag-allgeier-meldet-erfolgreiches-erstes-quartal-2008-2\/","url":"https:\/\/www.allgeier.com\/de\/investor-relations\/adhoc-announcements\/allgeier-holding-ag-allgeier-meldet-erfolgreiches-erstes-quartal-2008-2\/","name":"ALLGEIER HOLDING AG: Allgeier meldet erfolgreiches erstes Quartal 2008 - Allgeier SE","isPartOf":{"@id":"https:\/\/www.allgeier.com\/de\/#website"},"datePublished":"2008-05-05T17:06:33+00:00","dateModified":"2025-07-23T10:26:40+00:00","breadcrumb":{"@id":"https:\/\/www.allgeier.com\/de\/investor-relations\/adhoc-announcements\/allgeier-holding-ag-allgeier-meldet-erfolgreiches-erstes-quartal-2008-2\/#breadcrumb"},"inLanguage":"de","potentialAction":[{"@type":"ReadAction","target":["https:\/\/www.allgeier.com\/de\/investor-relations\/adhoc-announcements\/allgeier-holding-ag-allgeier-meldet-erfolgreiches-erstes-quartal-2008-2\/"]}]},{"@type":"BreadcrumbList","@id":"https:\/\/www.allgeier.com\/de\/investor-relations\/adhoc-announcements\/allgeier-holding-ag-allgeier-meldet-erfolgreiches-erstes-quartal-2008-2\/#breadcrumb","itemListElement":[{"@type":"ListItem","position":1,"name":"Home","item":"https:\/\/www.allgeier.com\/de\/"},{"@type":"ListItem","position":2,"name":"Investor Relations","item":"https:\/\/www.allgeier.com\/de\/investor-relations\/"},{"@type":"ListItem","position":3,"name":"Ad hoc-Mitteilungen","item":"https:\/\/www.allgeier.com\/de\/investor-relations\/adhoc-announcements\/"},{"@type":"ListItem","position":4,"name":"ALLGEIER HOLDING AG: Allgeier meldet erfolgreiches erstes Quartal 2008"}]},{"@type":"WebSite","@id":"https:\/\/www.allgeier.com\/de\/#website","url":"https:\/\/www.allgeier.com\/de\/","name":"Allgeier SE","description":"Software &amp; IT Services for digital transformation","potentialAction":[{"@type":"SearchAction","target":{"@type":"EntryPoint","urlTemplate":"https:\/\/www.allgeier.com\/de\/?s={search_term_string}"},"query-input":{"@type":"PropertyValueSpecification","valueRequired":true,"valueName":"search_term_string"}}],"inLanguage":"de"}]}},"_links":{"self":[{"href":"https:\/\/www.allgeier.com\/de\/wp-json\/wp\/v2\/pages\/6793","targetHints":{"allow":["GET"]}}],"collection":[{"href":"https:\/\/www.allgeier.com\/de\/wp-json\/wp\/v2\/pages"}],"about":[{"href":"https:\/\/www.allgeier.com\/de\/wp-json\/wp\/v2\/types\/page"}],"author":[{"embeddable":true,"href":"https:\/\/www.allgeier.com\/de\/wp-json\/wp\/v2\/users\/4"}],"replies":[{"embeddable":true,"href":"https:\/\/www.allgeier.com\/de\/wp-json\/wp\/v2\/comments?post=6793"}],"version-history":[{"count":1,"href":"https:\/\/www.allgeier.com\/de\/wp-json\/wp\/v2\/pages\/6793\/revisions"}],"predecessor-version":[{"id":6794,"href":"https:\/\/www.allgeier.com\/de\/wp-json\/wp\/v2\/pages\/6793\/revisions\/6794"}],"up":[{"embeddable":true,"href":"https:\/\/www.allgeier.com\/de\/wp-json\/wp\/v2\/pages\/1155"}],"wp:attachment":[{"href":"https:\/\/www.allgeier.com\/de\/wp-json\/wp\/v2\/media?parent=6793"}],"wp:term":[{"taxonomy":"category","embeddable":true,"href":"https:\/\/www.allgeier.com\/de\/wp-json\/wp\/v2\/categories?post=6793"},{"taxonomy":"post_tag","embeddable":true,"href":"https:\/\/www.allgeier.com\/de\/wp-json\/wp\/v2\/tags?post=6793"}],"curies":[{"name":"wp","href":"https:\/\/api.w.org\/{rel}","templated":true}]}}