{"id":6795,"date":"2008-07-29T15:12:43","date_gmt":"2008-07-29T15:12:43","guid":{"rendered":"https:\/\/www.allgeier.com\/de\/?page_id=6795"},"modified":"2025-07-23T10:26:40","modified_gmt":"2025-07-23T10:26:40","slug":"allgeier-erwirbt-weiteren-it-dienstleister-topjects-ag-2","status":"publish","type":"page","link":"https:\/\/www.allgeier.com\/de\/investor-relations\/adhoc-announcements\/allgeier-erwirbt-weiteren-it-dienstleister-topjects-ag-2\/","title":{"rendered":"Allgeier erwirbt weiteren IT-Dienstleister TOPjects AG"},"content":{"rendered":"<p><b>Allgeier Holding AG \/ Firmen\u00fcbernahme<\/b><\/p>\n<p>Ver\u00f6ffentlichung einer Ad-hoc-Mitteilung nach \u00a7 15 WpHG, \u00fcbermittelt durch<br \/>\ndie DGAP &#8211; ein Unternehmen der EquityStory AG.<br \/>\nF\u00fcr den Inhalt der Mitteilung ist der Emittent verantwortlich.<br \/>\n&#8212;&#8212;&#8212;&#8212;&#8212;&#8212;&#8212;&#8212;&#8212;&#8212;&#8212;&#8212;&#8212;&#8212;&#8212;&#8212;&#8212;&#8212;&#8212;&#8212;&#8212;&#8212;&#8212;&#8212;&#8212;<\/p>\n<p>M\u00fcnchen, 29. Juli 2008 \u2013 Die Allgeier Holding AG hat sich heute mit den<br \/>\nAktion\u00e4ren der TOPjects AG, M\u00fcnchen, \u00fcber den Erwerb von 100 Prozent der<br \/>\nAktien der TOPjects AG geeinigt und entsprechende Vertr\u00e4ge geschlossen. Der<br \/>\nGesamtkaufpreis liegt im unteren zweistelligen Millionenbereich und enth\u00e4lt<br \/>\nergebnisabh\u00e4ngige Earn-Out-Komponenten.<\/p>\n<p>Die Allgeier Gruppe fokussiert sich auf den Bereich IT- und<br \/>\nPersonal-Services. Mit dem Erwerb von TOPjects baut Allgeier ihre Position<br \/>\nim Markt weiter aus und verbessert ihre Stellung unter den Top 20 der<br \/>\nIT-Service Gesellschaften in Deutschland. Inklusive der TOPjects AG umfasst<br \/>\ndie Gruppe nun 11 operative Gesellschaften. Durch den Erwerb konnte<br \/>\nAllgeier ihr Servicespektrum und Ihre Fl\u00e4chenabdeckung weiter vergr\u00f6\u00dfern.<\/p>\n<p>Die 1995 gegr\u00fcndete und seit 2001 als Aktiengesellschaft gef\u00fchrte TOPjects<br \/>\nAG besch\u00e4ftigt mehr als 300 IT-Spezialisten an den Standorten M\u00fcnchen,<br \/>\nFrankfurt, Hamburg, K\u00f6ln und Leipzig. 2007 erzielte die Gesellschaft einen<br \/>\nUmsatz von circa 21 Mio. EUR, was einem Zuwachs von circa 25% gegen\u00fcber dem<br \/>\nVorjahr entspricht. Mit fachlichen Schwerpunkten in der<br \/>\nFinanzdienstleistungs- und Telekombranche, sowie Fachthemen wie Business<br \/>\nIntelligence und Application Management erzielt TOPjects seit Jahren ein<br \/>\npositives Ergebnis und ein Wachstum deutlich \u00fcber Branchendurchschnitt.<\/p>\n<p>Allgeier setzt mit dem Erwerb von TOPjects ihren erfolgreichen Kurs als<br \/>\neine der am schnellsten wachsenden IT-Service Gesellschaften in Deutschland<br \/>\nfort. Trotz des aktuellen R\u00fcckgangs der Konjunkturprognosen erwartet<br \/>\nAllgeier f\u00fcr 2008 eine Fortsetzung des Wachstumskurses und pr\u00fcft zudem<br \/>\nweitere Akquisitionen.<\/p>\n<p>Allgeier Holding AG <\/p>\n<p>Kontakt:<br \/>\nDr. Holger von Daniels<br \/>\nAllgeier Holding AG<br \/>\nWehrlestr. 12<br \/>\n81679 M\u00fcnchen<br \/>\nTel. 089-998421-0<br \/>\nFax  089-998421-11<br \/>\nwww.allgeier.com<\/p>\n<p>Kurzprofil Allgeier Holding AG:<\/p>\n<p>Die Allgeier Holding AG ist die Holdinggesellschaft einer b\u00f6rsennotierten<br \/>\nDienstleistungsgruppe mit Sitz in M\u00fcnchen. Die Unternehmen der Allgeier<br \/>\nGruppe sind im wachsenden Markt f\u00fcr IT Services sowie angrenzenden<br \/>\nDienstleistungen zur Flexibilisierung von Arbeits- und Kostenstrukturen<br \/>\nfokussiert. Die Unternehmen der Allgeier Gruppe werden unter dem Dach der<br \/>\nAllgeier Holding AG jeweils von eigenen Gesch\u00e4ftsf\u00fchrungen<br \/>\neigenverantwortlich gef\u00fchrt. Die Holding \u00fcbernimmt f\u00fcr die Gruppe<br \/>\ninsbesondere die strategische Steuerung, das Management des<br \/>\nGruppenwachstums, die Konzernfinanzierung und das Konzerncontrolling sowie<br \/>\nweitere zentrale Funktionen. Die Allgeier Holding AG ist am regulierten<br \/>\nMarkt der Frankfurter B\u00f6rse im Segment General Standard notiert (WKN<br \/>\n508630\/ISIN DE000508630). Weitere Informationen unter: www.allgeier.com.<\/p>\n<p>Hinweis:<\/p>\n<p>Diese Mitteilung enth\u00e4lt in die Zukunft gerichtete Aussagen, die auf<br \/>\nAnnahmen und Erwartungen der Unternehmensleitung der Allgeier Holding AG<br \/>\nberuhen. Auch bei sorgf\u00e4ltiger Herleitung dieser Annahmen und Erwartungen<br \/>\nzum jetzigen Zeitpunkt, k\u00f6nnen die k\u00fcnftige tats\u00e4chliche Entwicklung und<br \/>\ndie k\u00fcnftigen tats\u00e4chlichen Ergebnisse von diesen Annahmen und Erwartungen<br \/>\naufgrund verschiedener Faktoren abweichen. Die Allgeier Holding AG<br \/>\n\u00fcbernimmt daher keine Gew\u00e4hrleistung und keine Haftung daf\u00fcr, dass die<br \/>\nk\u00fcnftige Entwicklung und mit den in dieser Ad-hoc-Mitteilung ge\u00e4u\u00dferten<br \/>\nAnnahmen und Erwartungen \u00fcbereinstimmen werden.<\/p>\n<p>29.07.2008  Finanznachrichten \u00fcbermittelt durch die DGAP<br \/>\n&#8212;&#8212;&#8212;&#8212;&#8212;&#8212;&#8212;&#8212;&#8212;&#8212;&#8212;&#8212;&#8212;&#8212;&#8212;&#8212;&#8212;&#8212;&#8212;&#8212;&#8212;&#8212;&#8212;&#8212;&#8212;<\/p>\n<p>Sprache:      Deutsch<br \/>\nEmittent:     Allgeier Holding AG<br \/>\n              Wehrlestrasse 12<br \/>\n              81679 M\u00fcnchen<br \/>\n              Deutschland<br \/>\nTelefon:      +49 (0)89 998 421-0<br \/>\nFax:          +49 (0)89 998 421-11<br \/>\nE-Mail:       info@allgeier.com<br \/>\nInternet:     www.allgeier-holding.com<br \/>\nISIN:         DE0005086300<br \/>\nWKN:          508630<br \/>\nIndizes:      CDAX<br \/>\nB\u00f6rsen:       Regulierter Markt in Frankfurt (General Standard);<br \/>\n              Freiverkehr in Berlin, Stuttgart, Hamburg, D\u00fcsseldorf<\/p>\n<p>Ende der Mitteilung                             DGAP News-Service<\/p>\n<p>&#8212;&#8212;&#8212;&#8212;&#8212;&#8212;&#8212;&#8212;&#8212;&#8212;&#8212;&#8212;&#8212;&#8212;&#8212;&#8212;&#8212;&#8212;&#8212;&#8212;&#8212;&#8212;&#8212;&#8212;&#8212;<\/p>\n","protected":false},"excerpt":{"rendered":"<p>M\u00fcnchen, 29. Juli 2008 \u2013 Die Allgeier Holding AG hat sich heute mit den Aktion\u00e4ren der TOPjects AG, M\u00fcnchen, \u00fcber den Erwerb von 100 Prozent der Aktien der TOPjects AG geeinigt und entsprechende Vertr\u00e4ge geschlossen. Der Gesamtkaufpreis liegt im unteren zweistelligen Millionenbereich u<\/p>\n","protected":false},"author":4,"featured_media":0,"parent":1155,"menu_order":0,"comment_status":"close","ping_status":"closed","template":"","meta":{"_acf_changed":false,"footnotes":""},"categories":[],"tags":[],"class_list":["post-6795","page","type-page","status-publish","hentry"],"acf":[],"yoast_head":"<!-- This site is optimized with the Yoast SEO plugin v27.4 - https:\/\/yoast.com\/product\/yoast-seo-wordpress\/ -->\n<title>Allgeier erwirbt weiteren IT-Dienstleister TOPjects AG - Allgeier SE<\/title>\n<meta name=\"robots\" content=\"index, follow, max-snippet:-1, max-image-preview:large, max-video-preview:-1\" \/>\n<link rel=\"canonical\" href=\"https:\/\/www.allgeier.com\/de\/investor-relations\/adhoc-announcements\/allgeier-erwirbt-weiteren-it-dienstleister-topjects-ag-2\/\" \/>\n<meta property=\"og:locale\" content=\"de_DE\" \/>\n<meta property=\"og:type\" content=\"article\" \/>\n<meta property=\"og:title\" content=\"Allgeier erwirbt weiteren IT-Dienstleister TOPjects AG - Allgeier SE\" \/>\n<meta property=\"og:description\" content=\"M\u00fcnchen, 29. Juli 2008 \u2013 Die Allgeier Holding AG hat sich heute mit den Aktion\u00e4ren der TOPjects AG, M\u00fcnchen, \u00fcber den Erwerb von 100 Prozent der Aktien der TOPjects AG geeinigt und entsprechende Vertr\u00e4ge geschlossen. Der Gesamtkaufpreis liegt im unteren zweistelligen Millionenbereich u\" \/>\n<meta property=\"og:url\" content=\"https:\/\/www.allgeier.com\/de\/investor-relations\/adhoc-announcements\/allgeier-erwirbt-weiteren-it-dienstleister-topjects-ag-2\/\" \/>\n<meta property=\"og:site_name\" content=\"Allgeier SE\" \/>\n<meta property=\"article:modified_time\" content=\"2025-07-23T10:26:40+00:00\" \/>\n<meta name=\"twitter:card\" content=\"summary_large_image\" \/>\n<meta name=\"twitter:label1\" content=\"Gesch\u00e4tzte Lesezeit\" \/>\n\t<meta name=\"twitter:data1\" content=\"3\u00a0Minuten\" \/>\n<script type=\"application\/ld+json\" class=\"yoast-schema-graph\">{\"@context\":\"https:\\\/\\\/schema.org\",\"@graph\":[{\"@type\":\"WebPage\",\"@id\":\"https:\\\/\\\/www.allgeier.com\\\/de\\\/investor-relations\\\/adhoc-announcements\\\/allgeier-erwirbt-weiteren-it-dienstleister-topjects-ag-2\\\/\",\"url\":\"https:\\\/\\\/www.allgeier.com\\\/de\\\/investor-relations\\\/adhoc-announcements\\\/allgeier-erwirbt-weiteren-it-dienstleister-topjects-ag-2\\\/\",\"name\":\"Allgeier erwirbt weiteren IT-Dienstleister TOPjects AG - Allgeier SE\",\"isPartOf\":{\"@id\":\"https:\\\/\\\/www.allgeier.com\\\/de\\\/#website\"},\"datePublished\":\"2008-07-29T15:12:43+00:00\",\"dateModified\":\"2025-07-23T10:26:40+00:00\",\"breadcrumb\":{\"@id\":\"https:\\\/\\\/www.allgeier.com\\\/de\\\/investor-relations\\\/adhoc-announcements\\\/allgeier-erwirbt-weiteren-it-dienstleister-topjects-ag-2\\\/#breadcrumb\"},\"inLanguage\":\"de\",\"potentialAction\":[{\"@type\":\"ReadAction\",\"target\":[\"https:\\\/\\\/www.allgeier.com\\\/de\\\/investor-relations\\\/adhoc-announcements\\\/allgeier-erwirbt-weiteren-it-dienstleister-topjects-ag-2\\\/\"]}]},{\"@type\":\"BreadcrumbList\",\"@id\":\"https:\\\/\\\/www.allgeier.com\\\/de\\\/investor-relations\\\/adhoc-announcements\\\/allgeier-erwirbt-weiteren-it-dienstleister-topjects-ag-2\\\/#breadcrumb\",\"itemListElement\":[{\"@type\":\"ListItem\",\"position\":1,\"name\":\"Home\",\"item\":\"https:\\\/\\\/www.allgeier.com\\\/de\\\/\"},{\"@type\":\"ListItem\",\"position\":2,\"name\":\"Investor Relations\",\"item\":\"https:\\\/\\\/www.allgeier.com\\\/de\\\/investor-relations\\\/\"},{\"@type\":\"ListItem\",\"position\":3,\"name\":\"Ad hoc-Mitteilungen\",\"item\":\"https:\\\/\\\/www.allgeier.com\\\/de\\\/investor-relations\\\/adhoc-announcements\\\/\"},{\"@type\":\"ListItem\",\"position\":4,\"name\":\"Allgeier erwirbt weiteren IT-Dienstleister TOPjects AG\"}]},{\"@type\":\"WebSite\",\"@id\":\"https:\\\/\\\/www.allgeier.com\\\/de\\\/#website\",\"url\":\"https:\\\/\\\/www.allgeier.com\\\/de\\\/\",\"name\":\"Allgeier SE\",\"description\":\"Software &amp; IT Services for digital transformation\",\"potentialAction\":[{\"@type\":\"SearchAction\",\"target\":{\"@type\":\"EntryPoint\",\"urlTemplate\":\"https:\\\/\\\/www.allgeier.com\\\/de\\\/?s={search_term_string}\"},\"query-input\":{\"@type\":\"PropertyValueSpecification\",\"valueRequired\":true,\"valueName\":\"search_term_string\"}}],\"inLanguage\":\"de\"}]}<\/script>\n<!-- \/ Yoast SEO plugin. -->","yoast_head_json":{"title":"Allgeier erwirbt weiteren IT-Dienstleister TOPjects AG - Allgeier SE","robots":{"index":"index","follow":"follow","max-snippet":"max-snippet:-1","max-image-preview":"max-image-preview:large","max-video-preview":"max-video-preview:-1"},"canonical":"https:\/\/www.allgeier.com\/de\/investor-relations\/adhoc-announcements\/allgeier-erwirbt-weiteren-it-dienstleister-topjects-ag-2\/","og_locale":"de_DE","og_type":"article","og_title":"Allgeier erwirbt weiteren IT-Dienstleister TOPjects AG - Allgeier SE","og_description":"M\u00fcnchen, 29. Juli 2008 \u2013 Die Allgeier Holding AG hat sich heute mit den Aktion\u00e4ren der TOPjects AG, M\u00fcnchen, \u00fcber den Erwerb von 100 Prozent der Aktien der TOPjects AG geeinigt und entsprechende Vertr\u00e4ge geschlossen. Der Gesamtkaufpreis liegt im unteren zweistelligen Millionenbereich u","og_url":"https:\/\/www.allgeier.com\/de\/investor-relations\/adhoc-announcements\/allgeier-erwirbt-weiteren-it-dienstleister-topjects-ag-2\/","og_site_name":"Allgeier SE","article_modified_time":"2025-07-23T10:26:40+00:00","twitter_card":"summary_large_image","twitter_misc":{"Gesch\u00e4tzte Lesezeit":"3\u00a0Minuten"},"schema":{"@context":"https:\/\/schema.org","@graph":[{"@type":"WebPage","@id":"https:\/\/www.allgeier.com\/de\/investor-relations\/adhoc-announcements\/allgeier-erwirbt-weiteren-it-dienstleister-topjects-ag-2\/","url":"https:\/\/www.allgeier.com\/de\/investor-relations\/adhoc-announcements\/allgeier-erwirbt-weiteren-it-dienstleister-topjects-ag-2\/","name":"Allgeier erwirbt weiteren IT-Dienstleister TOPjects AG - Allgeier SE","isPartOf":{"@id":"https:\/\/www.allgeier.com\/de\/#website"},"datePublished":"2008-07-29T15:12:43+00:00","dateModified":"2025-07-23T10:26:40+00:00","breadcrumb":{"@id":"https:\/\/www.allgeier.com\/de\/investor-relations\/adhoc-announcements\/allgeier-erwirbt-weiteren-it-dienstleister-topjects-ag-2\/#breadcrumb"},"inLanguage":"de","potentialAction":[{"@type":"ReadAction","target":["https:\/\/www.allgeier.com\/de\/investor-relations\/adhoc-announcements\/allgeier-erwirbt-weiteren-it-dienstleister-topjects-ag-2\/"]}]},{"@type":"BreadcrumbList","@id":"https:\/\/www.allgeier.com\/de\/investor-relations\/adhoc-announcements\/allgeier-erwirbt-weiteren-it-dienstleister-topjects-ag-2\/#breadcrumb","itemListElement":[{"@type":"ListItem","position":1,"name":"Home","item":"https:\/\/www.allgeier.com\/de\/"},{"@type":"ListItem","position":2,"name":"Investor Relations","item":"https:\/\/www.allgeier.com\/de\/investor-relations\/"},{"@type":"ListItem","position":3,"name":"Ad hoc-Mitteilungen","item":"https:\/\/www.allgeier.com\/de\/investor-relations\/adhoc-announcements\/"},{"@type":"ListItem","position":4,"name":"Allgeier erwirbt weiteren IT-Dienstleister TOPjects AG"}]},{"@type":"WebSite","@id":"https:\/\/www.allgeier.com\/de\/#website","url":"https:\/\/www.allgeier.com\/de\/","name":"Allgeier SE","description":"Software &amp; IT Services for digital transformation","potentialAction":[{"@type":"SearchAction","target":{"@type":"EntryPoint","urlTemplate":"https:\/\/www.allgeier.com\/de\/?s={search_term_string}"},"query-input":{"@type":"PropertyValueSpecification","valueRequired":true,"valueName":"search_term_string"}}],"inLanguage":"de"}]}},"_links":{"self":[{"href":"https:\/\/www.allgeier.com\/de\/wp-json\/wp\/v2\/pages\/6795","targetHints":{"allow":["GET"]}}],"collection":[{"href":"https:\/\/www.allgeier.com\/de\/wp-json\/wp\/v2\/pages"}],"about":[{"href":"https:\/\/www.allgeier.com\/de\/wp-json\/wp\/v2\/types\/page"}],"author":[{"embeddable":true,"href":"https:\/\/www.allgeier.com\/de\/wp-json\/wp\/v2\/users\/4"}],"replies":[{"embeddable":true,"href":"https:\/\/www.allgeier.com\/de\/wp-json\/wp\/v2\/comments?post=6795"}],"version-history":[{"count":1,"href":"https:\/\/www.allgeier.com\/de\/wp-json\/wp\/v2\/pages\/6795\/revisions"}],"predecessor-version":[{"id":6796,"href":"https:\/\/www.allgeier.com\/de\/wp-json\/wp\/v2\/pages\/6795\/revisions\/6796"}],"up":[{"embeddable":true,"href":"https:\/\/www.allgeier.com\/de\/wp-json\/wp\/v2\/pages\/1155"}],"wp:attachment":[{"href":"https:\/\/www.allgeier.com\/de\/wp-json\/wp\/v2\/media?parent=6795"}],"wp:term":[{"taxonomy":"category","embeddable":true,"href":"https:\/\/www.allgeier.com\/de\/wp-json\/wp\/v2\/categories?post=6795"},{"taxonomy":"post_tag","embeddable":true,"href":"https:\/\/www.allgeier.com\/de\/wp-json\/wp\/v2\/tags?post=6795"}],"curies":[{"name":"wp","href":"https:\/\/api.w.org\/{rel}","templated":true}]}}