{"id":6797,"date":"2008-12-19T15:42:03","date_gmt":"2008-12-19T16:42:03","guid":{"rendered":"https:\/\/www.allgeier.com\/de\/?page_id=6797"},"modified":"2025-07-23T10:26:40","modified_gmt":"2025-07-23T10:26:40","slug":"veraenderungen-im-vorstand-der-allgeier-holding-ag-2","status":"publish","type":"page","link":"https:\/\/www.allgeier.com\/de\/investor-relations\/adhoc-announcements\/veraenderungen-im-vorstand-der-allgeier-holding-ag-2\/","title":{"rendered":"Ver\u00e4nderungen im Vorstand der Allgeier Holding AG"},"content":{"rendered":"<p><b>Allgeier Holding AG \/ Personalie<\/b><\/p>\n<p>Ver\u00f6ffentlichung einer Ad-hoc-Mitteilung nach \u00a7 15 WpHG, \u00fcbermittelt durch<br \/>\ndie DGAP &#8211; ein Unternehmen der EquityStory AG.<br \/>\nF\u00fcr den Inhalt der Mitteilung ist der Emittent verantwortlich.<br \/>\n&#8212;&#8212;&#8212;&#8212;&#8212;&#8212;&#8212;&#8212;&#8212;&#8212;&#8212;&#8212;&#8212;&#8212;&#8212;&#8212;&#8212;&#8212;&#8212;&#8212;&#8212;&#8212;&#8212;&#8212;&#8212;<\/p>\n<p>Christian Eggenberger widmet sich neuer unternehmerischer Herausforderung<br \/>\nund beendet seine Vorstandst\u00e4tigkeit zum 31.12.2008<\/p>\n<p>M\u00fcnchen, 19.12.2008 &#8211; Herr Christian Eggenberger beendet auf eigenen Wunsch<br \/>\nzum 31.12.2008 seine Vorstandst\u00e4tigkeit bei der Gesellschaft. Er wird sich<br \/>\neiner neuen unternehmerischen Herausforderung im Beteiligungsumfeld in der<br \/>\nSchweiz widmen und hat sich daher mit dem Aufsichtsrat der Gesellschaft<br \/>\nheute einvernehmlich \u00fcber die Aufhebung seines Vorstandsvertrags geeinigt.<br \/>\nAufsichtsrat und Vorstandskollegen danken Herrn Eggenberger f\u00fcr die<br \/>\nLeistung der vergangenen Jahre. Herr Eggenberger hat w\u00e4hrend seiner<br \/>\nVorstandst\u00e4tigkeit wesentlich zum Aufbau und der erfolgreichen Entwicklung<br \/>\nder Gesellschaft beigetragen. Er wird der Allgeier Gruppe nach seinem<br \/>\nAusscheiden als Berater zur Verf\u00fcgung stehen.<\/p>\n<p>Die Vorstandsressorts von Herrn Eggenberger werden von den verbleibenden<br \/>\nVorst\u00e4nden Carl Georg D\u00fcrschmidt, Dr. Holger von Daniels und Dr. Marcus<br \/>\nGoedsche \u00fcbernommen.<\/p>\n<p>Kontakt:<br \/>\nCarl Georg D\u00fcrschmidt<br \/>\nVorsitzender des Vorstands<br \/>\nAllgeier Holding AG<br \/>\nWehrlestr. 12<br \/>\n81679 M\u00fcnchen<br \/>\nTel. 089\/998421-0<br \/>\nFax  089\/998421-11<br \/>\nwww.allgeier.com<\/p>\n<p>Kurzprofil Allgeier Holding AG:<br \/>\nDie Allgeier Holding AG ist die Holdinggesellschaft einer b\u00f6rsennotierten<br \/>\nDienstleistungsgruppe mit Sitz in M\u00fcnchen. Die Unternehmen der Allgeier<br \/>\nGruppe sind im wachsenden Markt f\u00fcr IT Services sowie angrenzenden<br \/>\nDienstleistungen zur Flexibilisierung von Arbeits- und Kostenstrukturen<br \/>\nfokussiert. Die Unternehmen der Allgeier Gruppe werden unter dem Dach der<br \/>\nAllgeier Holding AG jeweils von eigenen Gesch\u00e4ftsf\u00fchrungen<br \/>\neigenverantwortlich gef\u00fchrt. Die Holding \u00fcbernimmt f\u00fcr die Gruppe<br \/>\ninsbesondere die strategische Steuerung, das Management des<br \/>\nGruppenwachstums, die Konzernfinanzierung und das Konzerncontrolling sowie<br \/>\nweitere zentrale Funktionen. Die Allgeier Holding AG ist am regulierten<br \/>\nMarkt der Frankfurter B\u00f6rse im Segment General Standard notiert (WKN<br \/>\n508630\/ISIN DE000508630). Weitere Informationen unter: www.allgeier.com.<\/p>\n<p>19.12.2008  Finanznachrichten \u00fcbermittelt durch die DGAP<br \/>\n&#8212;&#8212;&#8212;&#8212;&#8212;&#8212;&#8212;&#8212;&#8212;&#8212;&#8212;&#8212;&#8212;&#8212;&#8212;&#8212;&#8212;&#8212;&#8212;&#8212;&#8212;&#8212;&#8212;&#8212;&#8212;<\/p>\n<p>Sprache:      Deutsch<br \/>\nEmittent:     Allgeier Holding AG<br \/>\n              Wehrlestrasse 12<br \/>\n              81679 M\u00fcnchen<br \/>\n              Deutschland<br \/>\nTelefon:      +49 (0)89 998 421-0<br \/>\nFax:          +49 (0)89 998 421-11<br \/>\nE-Mail:       info@allgeier.com<br \/>\nInternet:     www.allgeier-holding.com<br \/>\nISIN:         DE0005086300<br \/>\nWKN:          508630<br \/>\nIndizes:      CDAX<br \/>\nB\u00f6rsen:       Regulierter Markt in Frankfurt (General Standard);<br \/>\n              Freiverkehr in Berlin, Stuttgart, Hamburg, D\u00fcsseldorf<\/p>\n<p>Ende der Mitteilung                             DGAP News-Service<\/p>\n<p>&#8212;&#8212;&#8212;&#8212;&#8212;&#8212;&#8212;&#8212;&#8212;&#8212;&#8212;&#8212;&#8212;&#8212;&#8212;&#8212;&#8212;&#8212;&#8212;&#8212;&#8212;&#8212;&#8212;&#8212;&#8212;<\/p>\n","protected":false},"excerpt":{"rendered":"<p>Christian Eggenberger widmet sich neuer unternehmerischer Herausforderung und beendet seine Vorstandst\u00e4tigkeit zum 31.12.2008 M\u00fcnchen, 19.12.2008 &#8211; Herr Christian Eggenberger beendet auf eigenen Wunsch zum 31.12.2008 seine Vorstandst\u00e4tigkeit bei der Gesellschaft. Er wird sich einer neuen u<\/p>\n","protected":false},"author":4,"featured_media":0,"parent":1155,"menu_order":0,"comment_status":"close","ping_status":"closed","template":"","meta":{"_acf_changed":false,"footnotes":""},"categories":[],"tags":[],"class_list":["post-6797","page","type-page","status-publish","hentry"],"acf":[],"yoast_head":"<!-- This site is optimized with the Yoast SEO plugin v27.4 - https:\/\/yoast.com\/product\/yoast-seo-wordpress\/ -->\n<title>Ver\u00e4nderungen im Vorstand der Allgeier Holding AG - Allgeier SE<\/title>\n<meta name=\"robots\" content=\"index, follow, max-snippet:-1, max-image-preview:large, max-video-preview:-1\" \/>\n<link rel=\"canonical\" href=\"https:\/\/www.allgeier.com\/de\/investor-relations\/adhoc-announcements\/veraenderungen-im-vorstand-der-allgeier-holding-ag-2\/\" \/>\n<meta property=\"og:locale\" content=\"de_DE\" \/>\n<meta property=\"og:type\" content=\"article\" \/>\n<meta property=\"og:title\" content=\"Ver\u00e4nderungen im Vorstand der Allgeier Holding AG - Allgeier SE\" \/>\n<meta property=\"og:description\" content=\"Christian Eggenberger widmet sich neuer unternehmerischer Herausforderung und beendet seine Vorstandst\u00e4tigkeit zum 31.12.2008 M\u00fcnchen, 19.12.2008 - Herr Christian Eggenberger beendet auf eigenen Wunsch zum 31.12.2008 seine Vorstandst\u00e4tigkeit bei der Gesellschaft. Er wird sich einer neuen u\" \/>\n<meta property=\"og:url\" content=\"https:\/\/www.allgeier.com\/de\/investor-relations\/adhoc-announcements\/veraenderungen-im-vorstand-der-allgeier-holding-ag-2\/\" \/>\n<meta property=\"og:site_name\" content=\"Allgeier SE\" \/>\n<meta property=\"article:modified_time\" content=\"2025-07-23T10:26:40+00:00\" \/>\n<meta name=\"twitter:card\" content=\"summary_large_image\" \/>\n<meta name=\"twitter:label1\" content=\"Gesch\u00e4tzte Lesezeit\" \/>\n\t<meta name=\"twitter:data1\" content=\"2\u00a0Minuten\" \/>\n<script type=\"application\/ld+json\" class=\"yoast-schema-graph\">{\"@context\":\"https:\\\/\\\/schema.org\",\"@graph\":[{\"@type\":\"WebPage\",\"@id\":\"https:\\\/\\\/www.allgeier.com\\\/de\\\/investor-relations\\\/adhoc-announcements\\\/veraenderungen-im-vorstand-der-allgeier-holding-ag-2\\\/\",\"url\":\"https:\\\/\\\/www.allgeier.com\\\/de\\\/investor-relations\\\/adhoc-announcements\\\/veraenderungen-im-vorstand-der-allgeier-holding-ag-2\\\/\",\"name\":\"Ver\u00e4nderungen im Vorstand der Allgeier Holding AG - Allgeier SE\",\"isPartOf\":{\"@id\":\"https:\\\/\\\/www.allgeier.com\\\/de\\\/#website\"},\"datePublished\":\"2008-12-19T16:42:03+00:00\",\"dateModified\":\"2025-07-23T10:26:40+00:00\",\"breadcrumb\":{\"@id\":\"https:\\\/\\\/www.allgeier.com\\\/de\\\/investor-relations\\\/adhoc-announcements\\\/veraenderungen-im-vorstand-der-allgeier-holding-ag-2\\\/#breadcrumb\"},\"inLanguage\":\"de\",\"potentialAction\":[{\"@type\":\"ReadAction\",\"target\":[\"https:\\\/\\\/www.allgeier.com\\\/de\\\/investor-relations\\\/adhoc-announcements\\\/veraenderungen-im-vorstand-der-allgeier-holding-ag-2\\\/\"]}]},{\"@type\":\"BreadcrumbList\",\"@id\":\"https:\\\/\\\/www.allgeier.com\\\/de\\\/investor-relations\\\/adhoc-announcements\\\/veraenderungen-im-vorstand-der-allgeier-holding-ag-2\\\/#breadcrumb\",\"itemListElement\":[{\"@type\":\"ListItem\",\"position\":1,\"name\":\"Home\",\"item\":\"https:\\\/\\\/www.allgeier.com\\\/de\\\/\"},{\"@type\":\"ListItem\",\"position\":2,\"name\":\"Investor Relations\",\"item\":\"https:\\\/\\\/www.allgeier.com\\\/de\\\/investor-relations\\\/\"},{\"@type\":\"ListItem\",\"position\":3,\"name\":\"Ad hoc-Mitteilungen\",\"item\":\"https:\\\/\\\/www.allgeier.com\\\/de\\\/investor-relations\\\/adhoc-announcements\\\/\"},{\"@type\":\"ListItem\",\"position\":4,\"name\":\"Ver\u00e4nderungen im Vorstand der Allgeier Holding AG\"}]},{\"@type\":\"WebSite\",\"@id\":\"https:\\\/\\\/www.allgeier.com\\\/de\\\/#website\",\"url\":\"https:\\\/\\\/www.allgeier.com\\\/de\\\/\",\"name\":\"Allgeier SE\",\"description\":\"Software &amp; IT Services for digital transformation\",\"potentialAction\":[{\"@type\":\"SearchAction\",\"target\":{\"@type\":\"EntryPoint\",\"urlTemplate\":\"https:\\\/\\\/www.allgeier.com\\\/de\\\/?s={search_term_string}\"},\"query-input\":{\"@type\":\"PropertyValueSpecification\",\"valueRequired\":true,\"valueName\":\"search_term_string\"}}],\"inLanguage\":\"de\"}]}<\/script>\n<!-- \/ Yoast SEO plugin. -->","yoast_head_json":{"title":"Ver\u00e4nderungen im Vorstand der Allgeier Holding AG - Allgeier SE","robots":{"index":"index","follow":"follow","max-snippet":"max-snippet:-1","max-image-preview":"max-image-preview:large","max-video-preview":"max-video-preview:-1"},"canonical":"https:\/\/www.allgeier.com\/de\/investor-relations\/adhoc-announcements\/veraenderungen-im-vorstand-der-allgeier-holding-ag-2\/","og_locale":"de_DE","og_type":"article","og_title":"Ver\u00e4nderungen im Vorstand der Allgeier Holding AG - Allgeier SE","og_description":"Christian Eggenberger widmet sich neuer unternehmerischer Herausforderung und beendet seine Vorstandst\u00e4tigkeit zum 31.12.2008 M\u00fcnchen, 19.12.2008 - Herr Christian Eggenberger beendet auf eigenen Wunsch zum 31.12.2008 seine Vorstandst\u00e4tigkeit bei der Gesellschaft. Er wird sich einer neuen u","og_url":"https:\/\/www.allgeier.com\/de\/investor-relations\/adhoc-announcements\/veraenderungen-im-vorstand-der-allgeier-holding-ag-2\/","og_site_name":"Allgeier SE","article_modified_time":"2025-07-23T10:26:40+00:00","twitter_card":"summary_large_image","twitter_misc":{"Gesch\u00e4tzte Lesezeit":"2\u00a0Minuten"},"schema":{"@context":"https:\/\/schema.org","@graph":[{"@type":"WebPage","@id":"https:\/\/www.allgeier.com\/de\/investor-relations\/adhoc-announcements\/veraenderungen-im-vorstand-der-allgeier-holding-ag-2\/","url":"https:\/\/www.allgeier.com\/de\/investor-relations\/adhoc-announcements\/veraenderungen-im-vorstand-der-allgeier-holding-ag-2\/","name":"Ver\u00e4nderungen im Vorstand der Allgeier Holding AG - Allgeier SE","isPartOf":{"@id":"https:\/\/www.allgeier.com\/de\/#website"},"datePublished":"2008-12-19T16:42:03+00:00","dateModified":"2025-07-23T10:26:40+00:00","breadcrumb":{"@id":"https:\/\/www.allgeier.com\/de\/investor-relations\/adhoc-announcements\/veraenderungen-im-vorstand-der-allgeier-holding-ag-2\/#breadcrumb"},"inLanguage":"de","potentialAction":[{"@type":"ReadAction","target":["https:\/\/www.allgeier.com\/de\/investor-relations\/adhoc-announcements\/veraenderungen-im-vorstand-der-allgeier-holding-ag-2\/"]}]},{"@type":"BreadcrumbList","@id":"https:\/\/www.allgeier.com\/de\/investor-relations\/adhoc-announcements\/veraenderungen-im-vorstand-der-allgeier-holding-ag-2\/#breadcrumb","itemListElement":[{"@type":"ListItem","position":1,"name":"Home","item":"https:\/\/www.allgeier.com\/de\/"},{"@type":"ListItem","position":2,"name":"Investor Relations","item":"https:\/\/www.allgeier.com\/de\/investor-relations\/"},{"@type":"ListItem","position":3,"name":"Ad hoc-Mitteilungen","item":"https:\/\/www.allgeier.com\/de\/investor-relations\/adhoc-announcements\/"},{"@type":"ListItem","position":4,"name":"Ver\u00e4nderungen im Vorstand der Allgeier Holding AG"}]},{"@type":"WebSite","@id":"https:\/\/www.allgeier.com\/de\/#website","url":"https:\/\/www.allgeier.com\/de\/","name":"Allgeier SE","description":"Software &amp; IT Services for digital transformation","potentialAction":[{"@type":"SearchAction","target":{"@type":"EntryPoint","urlTemplate":"https:\/\/www.allgeier.com\/de\/?s={search_term_string}"},"query-input":{"@type":"PropertyValueSpecification","valueRequired":true,"valueName":"search_term_string"}}],"inLanguage":"de"}]}},"_links":{"self":[{"href":"https:\/\/www.allgeier.com\/de\/wp-json\/wp\/v2\/pages\/6797","targetHints":{"allow":["GET"]}}],"collection":[{"href":"https:\/\/www.allgeier.com\/de\/wp-json\/wp\/v2\/pages"}],"about":[{"href":"https:\/\/www.allgeier.com\/de\/wp-json\/wp\/v2\/types\/page"}],"author":[{"embeddable":true,"href":"https:\/\/www.allgeier.com\/de\/wp-json\/wp\/v2\/users\/4"}],"replies":[{"embeddable":true,"href":"https:\/\/www.allgeier.com\/de\/wp-json\/wp\/v2\/comments?post=6797"}],"version-history":[{"count":1,"href":"https:\/\/www.allgeier.com\/de\/wp-json\/wp\/v2\/pages\/6797\/revisions"}],"predecessor-version":[{"id":6798,"href":"https:\/\/www.allgeier.com\/de\/wp-json\/wp\/v2\/pages\/6797\/revisions\/6798"}],"up":[{"embeddable":true,"href":"https:\/\/www.allgeier.com\/de\/wp-json\/wp\/v2\/pages\/1155"}],"wp:attachment":[{"href":"https:\/\/www.allgeier.com\/de\/wp-json\/wp\/v2\/media?parent=6797"}],"wp:term":[{"taxonomy":"category","embeddable":true,"href":"https:\/\/www.allgeier.com\/de\/wp-json\/wp\/v2\/categories?post=6797"},{"taxonomy":"post_tag","embeddable":true,"href":"https:\/\/www.allgeier.com\/de\/wp-json\/wp\/v2\/tags?post=6797"}],"curies":[{"name":"wp","href":"https:\/\/api.w.org\/{rel}","templated":true}]}}