{"id":6799,"date":"2009-01-26T16:15:51","date_gmt":"2009-01-26T17:15:51","guid":{"rendered":"https:\/\/www.allgeier.com\/de\/?page_id=6799"},"modified":"2025-07-23T10:26:40","modified_gmt":"2025-07-23T10:26:40","slug":"wertberichtigung-aktive-latente-steuern-im-konzernabschluss-zum-31-dezember-2008-2","status":"publish","type":"page","link":"https:\/\/www.allgeier.com\/de\/investor-relations\/adhoc-announcements\/wertberichtigung-aktive-latente-steuern-im-konzernabschluss-zum-31-dezember-2008-2\/","title":{"rendered":"Wertberichtigung &#8218;Aktive Latente Steuern&#8216; im Konzernabschluss zum 31. Dezember 2008"},"content":{"rendered":"<p><b>Allgeier Holding AG \/ Jahresergebnis\/Rechtssache<\/b><\/p>\n<p>Ver\u00f6ffentlichung einer Ad-hoc-Mitteilung nach \u00a7 15 WpHG, \u00fcbermittelt durch<br \/>\ndie DGAP &#8211; ein Unternehmen der EquityStory AG.<br \/>\nF\u00fcr den Inhalt der Mitteilung ist der Emittent verantwortlich.<br \/>\n&#8212;&#8212;&#8212;&#8212;&#8212;&#8212;&#8212;&#8212;&#8212;&#8212;&#8212;&#8212;&#8212;&#8212;&#8212;&#8212;&#8212;&#8212;&#8212;&#8212;&#8212;&#8212;&#8212;&#8212;&#8212;<\/p>\n<p>M\u00fcnchen, 26. Januar 2009 \u2013 Der Vorstand der Allgeier Holding AG hat heute<br \/>\nbeschlossen, im Konzernabschluss zum 31. Dezember 2008 eine<br \/>\nWertberichtigung auf die Bilanzposition &#8218;Aktive Latente Steuern&#8216; in H\u00f6he<br \/>\nvon EUR 2,872 Mio. vorzunehmen. Hintergrund ist die Nichtanerkennung von<br \/>\nvor dem 31. Dezember 2005 erfolgten Wertberichtigungen eines Darlehens der<br \/>\nAllgeier Holding AG an ihre Tochtergesellschaft Allgeier Beteiligungen GmbH<br \/>\ndurch die Finanzverwaltung im Rahmen der Betriebspr\u00fcfung. Durch die<br \/>\nWertberichtigung auf die Bilanzposition &#8218;Aktive Latente Steuern&#8216; wird sich<br \/>\ndas Konzernergebnis nach Steuern um den genannten Betrag reduzieren. Dieser<br \/>\nnach den anwendbaren IFRS-Regelungen erforderliche bilanzielle Vorgang<br \/>\nf\u00fchrt nicht zur tats\u00e4chlichen Zahlung von Steuern in dieser H\u00f6he und hat<br \/>\ndamit keine Auswirkung auf die Konzernliquidit\u00e4t. Ebenso hat die<br \/>\nWertberichtigung als rein bilanzieller Vorgang auf Konzernebene keinen<br \/>\nEinfluss auf den Bilanzgewinn der Allgeier Holding AG. Allgeier Holding AG<br \/>\nteilt die von der Finanzverwaltung vertretene Auffassung nicht und wird<br \/>\ngegen entsprechende Bescheide Rechtsmittel einlegen.<\/p>\n<p>Kontakt:<br \/>\nCarl Georg D\u00fcrschmidt<br \/>\nVorsitzender des Vorstands<br \/>\nVorstand<br \/>\nAllgeier Holding AG<br \/>\nWehrlestr. 12<br \/>\n81679 M\u00fcnchen<br \/>\nTel. 089-998421-0<br \/>\nFax  089-998421-11<br \/>\nwww.allgeier.com<\/p>\n<p>Anhang zur Ad-hoc-Mitteilung<\/p>\n<p>Kurzprofil Allgeier Holding AG:<br \/>\nDie Allgeier Holding AG ist eine b\u00f6rsennotierte Dienstleistungsgruppe mit<br \/>\nSitz in M\u00fcnchen. Die Unternehmen der Allgeier Gruppe sind im wachsenden<br \/>\nMarkt f\u00fcr IT Services sowie angrenzenden Dienstleistungen zur<br \/>\nFlexibilisierung von Arbeits- und Kostenstrukturen fokussiert. Die<br \/>\nUnternehmen der Allgeier Gruppe werden unter dem Dach der Allgeier Holding<br \/>\nAG jeweils von eigenen Gesch\u00e4ftsf\u00fchrungen eigenverantwortlich gef\u00fchrt. Die<br \/>\nHolding \u00fcbernimmt f\u00fcr die Gruppe insbesondere die strategische Steuerung,<br \/>\ndas Management des Gruppenwachstums, die Konzernfinanzierung und das<br \/>\nKonzerncontrolling sowie weitere zentrale Funktionen. Die Allgeier Holding<br \/>\nAG ist am regulierten Markt der Frankfurter B\u00f6rse im Segment General<br \/>\nStandard notiert (WKN 508630\/ISIN DE000508630). Weitere Informationen<br \/>\nunter: www.allgeier.com.<\/p>\n<p>Hinweis:<br \/>\nDiese Mitteilung enth\u00e4lt in die Zukunft gerichtete Aussagen, die auf<br \/>\nAnnahmen und Erwartungen der Unternehmensleitung der Allgeier Holding AG<br \/>\nberuhen. Auch bei sorgf\u00e4ltiger Herleitung dieser Annahmen und Erwartungen<br \/>\nzum jetzigen Zeitpunkt, k\u00f6nnen die k\u00fcnftige tats\u00e4chliche Entwicklung und<br \/>\ndie k\u00fcnftigen tats\u00e4chlichen Ergebnisse von diesen Annahmen und Erwartungen<br \/>\naufgrund verschiedener Faktoren abweichen. Die Allgeier Holding AG<br \/>\n\u00fcbernimmt daher keine Gew\u00e4hrleistung und keine Haftung daf\u00fcr, dass die<br \/>\nk\u00fcnftige Entwicklung und mit den in dieser Ad-hoc-Mitteilung ge\u00e4u\u00dferten<br \/>\nAnnahmen und Erwartungen \u00fcbereinstimmen werden.<\/p>\n<p>26.01.2009  Finanznachrichten \u00fcbermittelt durch die DGAP<br \/>\n&#8212;&#8212;&#8212;&#8212;&#8212;&#8212;&#8212;&#8212;&#8212;&#8212;&#8212;&#8212;&#8212;&#8212;&#8212;&#8212;&#8212;&#8212;&#8212;&#8212;&#8212;&#8212;&#8212;&#8212;&#8212;<\/p>\n<p>Sprache:      Deutsch<br \/>\nEmittent:     Allgeier Holding AG<br \/>\n              Wehrlestrasse 12<br \/>\n              81679 M\u00fcnchen<br \/>\n              Deutschland<br \/>\nTelefon:      +49 (0)89 998 421-0<br \/>\nFax:          +49 (0)89 998 421-11<br \/>\nE-Mail:       info@allgeier.com<br \/>\nInternet:     www.allgeier-holding.com<br \/>\nISIN:         DE0005086300<br \/>\nWKN:          508630<br \/>\nIndizes:      CDAX<br \/>\nB\u00f6rsen:       Regulierter Markt in Frankfurt (General Standard);<br \/>\n              Freiverkehr in Berlin, Stuttgart, Hamburg, D\u00fcsseldorf<\/p>\n<p>Ende der Mitteilung                             DGAP News-Service<\/p>\n<p>&#8212;&#8212;&#8212;&#8212;&#8212;&#8212;&#8212;&#8212;&#8212;&#8212;&#8212;&#8212;&#8212;&#8212;&#8212;&#8212;&#8212;&#8212;&#8212;&#8212;&#8212;&#8212;&#8212;&#8212;&#8212;<\/p>\n","protected":false},"excerpt":{"rendered":"<p>M\u00fcnchen, 26. Januar 2009 \u2013 Der Vorstand der Allgeier Holding AG hat heute beschlossen, im Konzernabschluss zum 31. Dezember 2008 eine Wertberichtigung auf die Bilanzposition &#8218;Aktive Latente Steuern&#8216; in H\u00f6he von EUR 2,872 Mio. vorzunehmen. Hintergrund ist die Nichtanerkennung<\/p>\n","protected":false},"author":4,"featured_media":0,"parent":1155,"menu_order":0,"comment_status":"close","ping_status":"closed","template":"","meta":{"_acf_changed":false,"footnotes":""},"categories":[],"tags":[],"class_list":["post-6799","page","type-page","status-publish","hentry"],"acf":[],"yoast_head":"<!-- This site is optimized with the Yoast SEO plugin v27.4 - https:\/\/yoast.com\/product\/yoast-seo-wordpress\/ -->\n<title>Wertberichtigung &#039;Aktive Latente Steuern&#039; im Konzernabschluss zum 31. Dezember 2008 - Allgeier SE<\/title>\n<meta name=\"robots\" content=\"index, follow, max-snippet:-1, max-image-preview:large, max-video-preview:-1\" \/>\n<link rel=\"canonical\" href=\"https:\/\/www.allgeier.com\/de\/investor-relations\/adhoc-announcements\/wertberichtigung-aktive-latente-steuern-im-konzernabschluss-zum-31-dezember-2008-2\/\" \/>\n<meta property=\"og:locale\" content=\"de_DE\" \/>\n<meta property=\"og:type\" content=\"article\" \/>\n<meta property=\"og:title\" content=\"Wertberichtigung &#039;Aktive Latente Steuern&#039; im Konzernabschluss zum 31. Dezember 2008 - Allgeier SE\" \/>\n<meta property=\"og:description\" content=\"M\u00fcnchen, 26. Januar 2009 \u2013 Der Vorstand der Allgeier Holding AG hat heute beschlossen, im Konzernabschluss zum 31. Dezember 2008 eine Wertberichtigung auf die Bilanzposition &#039;Aktive Latente Steuern&#039; in H\u00f6he von EUR 2,872 Mio. vorzunehmen. Hintergrund ist die Nichtanerkennung\" \/>\n<meta property=\"og:url\" content=\"https:\/\/www.allgeier.com\/de\/investor-relations\/adhoc-announcements\/wertberichtigung-aktive-latente-steuern-im-konzernabschluss-zum-31-dezember-2008-2\/\" \/>\n<meta property=\"og:site_name\" content=\"Allgeier SE\" \/>\n<meta property=\"article:modified_time\" content=\"2025-07-23T10:26:40+00:00\" \/>\n<meta name=\"twitter:card\" content=\"summary_large_image\" \/>\n<meta name=\"twitter:label1\" content=\"Gesch\u00e4tzte Lesezeit\" \/>\n\t<meta name=\"twitter:data1\" content=\"2\u00a0Minuten\" \/>\n<script type=\"application\/ld+json\" class=\"yoast-schema-graph\">{\"@context\":\"https:\\\/\\\/schema.org\",\"@graph\":[{\"@type\":\"WebPage\",\"@id\":\"https:\\\/\\\/www.allgeier.com\\\/de\\\/investor-relations\\\/adhoc-announcements\\\/wertberichtigung-aktive-latente-steuern-im-konzernabschluss-zum-31-dezember-2008-2\\\/\",\"url\":\"https:\\\/\\\/www.allgeier.com\\\/de\\\/investor-relations\\\/adhoc-announcements\\\/wertberichtigung-aktive-latente-steuern-im-konzernabschluss-zum-31-dezember-2008-2\\\/\",\"name\":\"Wertberichtigung 'Aktive Latente Steuern' im Konzernabschluss zum 31. Dezember 2008 - Allgeier SE\",\"isPartOf\":{\"@id\":\"https:\\\/\\\/www.allgeier.com\\\/de\\\/#website\"},\"datePublished\":\"2009-01-26T17:15:51+00:00\",\"dateModified\":\"2025-07-23T10:26:40+00:00\",\"breadcrumb\":{\"@id\":\"https:\\\/\\\/www.allgeier.com\\\/de\\\/investor-relations\\\/adhoc-announcements\\\/wertberichtigung-aktive-latente-steuern-im-konzernabschluss-zum-31-dezember-2008-2\\\/#breadcrumb\"},\"inLanguage\":\"de\",\"potentialAction\":[{\"@type\":\"ReadAction\",\"target\":[\"https:\\\/\\\/www.allgeier.com\\\/de\\\/investor-relations\\\/adhoc-announcements\\\/wertberichtigung-aktive-latente-steuern-im-konzernabschluss-zum-31-dezember-2008-2\\\/\"]}]},{\"@type\":\"BreadcrumbList\",\"@id\":\"https:\\\/\\\/www.allgeier.com\\\/de\\\/investor-relations\\\/adhoc-announcements\\\/wertberichtigung-aktive-latente-steuern-im-konzernabschluss-zum-31-dezember-2008-2\\\/#breadcrumb\",\"itemListElement\":[{\"@type\":\"ListItem\",\"position\":1,\"name\":\"Home\",\"item\":\"https:\\\/\\\/www.allgeier.com\\\/de\\\/\"},{\"@type\":\"ListItem\",\"position\":2,\"name\":\"Investor Relations\",\"item\":\"https:\\\/\\\/www.allgeier.com\\\/de\\\/investor-relations\\\/\"},{\"@type\":\"ListItem\",\"position\":3,\"name\":\"Ad hoc-Mitteilungen\",\"item\":\"https:\\\/\\\/www.allgeier.com\\\/de\\\/investor-relations\\\/adhoc-announcements\\\/\"},{\"@type\":\"ListItem\",\"position\":4,\"name\":\"Wertberichtigung &#8218;Aktive Latente Steuern&#8216; im Konzernabschluss zum 31. Dezember 2008\"}]},{\"@type\":\"WebSite\",\"@id\":\"https:\\\/\\\/www.allgeier.com\\\/de\\\/#website\",\"url\":\"https:\\\/\\\/www.allgeier.com\\\/de\\\/\",\"name\":\"Allgeier SE\",\"description\":\"Software &amp; IT Services for digital transformation\",\"potentialAction\":[{\"@type\":\"SearchAction\",\"target\":{\"@type\":\"EntryPoint\",\"urlTemplate\":\"https:\\\/\\\/www.allgeier.com\\\/de\\\/?s={search_term_string}\"},\"query-input\":{\"@type\":\"PropertyValueSpecification\",\"valueRequired\":true,\"valueName\":\"search_term_string\"}}],\"inLanguage\":\"de\"}]}<\/script>\n<!-- \/ Yoast SEO plugin. -->","yoast_head_json":{"title":"Wertberichtigung 'Aktive Latente Steuern' im Konzernabschluss zum 31. Dezember 2008 - Allgeier SE","robots":{"index":"index","follow":"follow","max-snippet":"max-snippet:-1","max-image-preview":"max-image-preview:large","max-video-preview":"max-video-preview:-1"},"canonical":"https:\/\/www.allgeier.com\/de\/investor-relations\/adhoc-announcements\/wertberichtigung-aktive-latente-steuern-im-konzernabschluss-zum-31-dezember-2008-2\/","og_locale":"de_DE","og_type":"article","og_title":"Wertberichtigung 'Aktive Latente Steuern' im Konzernabschluss zum 31. Dezember 2008 - Allgeier SE","og_description":"M\u00fcnchen, 26. Januar 2009 \u2013 Der Vorstand der Allgeier Holding AG hat heute beschlossen, im Konzernabschluss zum 31. Dezember 2008 eine Wertberichtigung auf die Bilanzposition 'Aktive Latente Steuern' in H\u00f6he von EUR 2,872 Mio. vorzunehmen. Hintergrund ist die Nichtanerkennung","og_url":"https:\/\/www.allgeier.com\/de\/investor-relations\/adhoc-announcements\/wertberichtigung-aktive-latente-steuern-im-konzernabschluss-zum-31-dezember-2008-2\/","og_site_name":"Allgeier SE","article_modified_time":"2025-07-23T10:26:40+00:00","twitter_card":"summary_large_image","twitter_misc":{"Gesch\u00e4tzte Lesezeit":"2\u00a0Minuten"},"schema":{"@context":"https:\/\/schema.org","@graph":[{"@type":"WebPage","@id":"https:\/\/www.allgeier.com\/de\/investor-relations\/adhoc-announcements\/wertberichtigung-aktive-latente-steuern-im-konzernabschluss-zum-31-dezember-2008-2\/","url":"https:\/\/www.allgeier.com\/de\/investor-relations\/adhoc-announcements\/wertberichtigung-aktive-latente-steuern-im-konzernabschluss-zum-31-dezember-2008-2\/","name":"Wertberichtigung 'Aktive Latente Steuern' im Konzernabschluss zum 31. Dezember 2008 - Allgeier SE","isPartOf":{"@id":"https:\/\/www.allgeier.com\/de\/#website"},"datePublished":"2009-01-26T17:15:51+00:00","dateModified":"2025-07-23T10:26:40+00:00","breadcrumb":{"@id":"https:\/\/www.allgeier.com\/de\/investor-relations\/adhoc-announcements\/wertberichtigung-aktive-latente-steuern-im-konzernabschluss-zum-31-dezember-2008-2\/#breadcrumb"},"inLanguage":"de","potentialAction":[{"@type":"ReadAction","target":["https:\/\/www.allgeier.com\/de\/investor-relations\/adhoc-announcements\/wertberichtigung-aktive-latente-steuern-im-konzernabschluss-zum-31-dezember-2008-2\/"]}]},{"@type":"BreadcrumbList","@id":"https:\/\/www.allgeier.com\/de\/investor-relations\/adhoc-announcements\/wertberichtigung-aktive-latente-steuern-im-konzernabschluss-zum-31-dezember-2008-2\/#breadcrumb","itemListElement":[{"@type":"ListItem","position":1,"name":"Home","item":"https:\/\/www.allgeier.com\/de\/"},{"@type":"ListItem","position":2,"name":"Investor Relations","item":"https:\/\/www.allgeier.com\/de\/investor-relations\/"},{"@type":"ListItem","position":3,"name":"Ad hoc-Mitteilungen","item":"https:\/\/www.allgeier.com\/de\/investor-relations\/adhoc-announcements\/"},{"@type":"ListItem","position":4,"name":"Wertberichtigung &#8218;Aktive Latente Steuern&#8216; im Konzernabschluss zum 31. Dezember 2008"}]},{"@type":"WebSite","@id":"https:\/\/www.allgeier.com\/de\/#website","url":"https:\/\/www.allgeier.com\/de\/","name":"Allgeier SE","description":"Software &amp; IT Services for digital transformation","potentialAction":[{"@type":"SearchAction","target":{"@type":"EntryPoint","urlTemplate":"https:\/\/www.allgeier.com\/de\/?s={search_term_string}"},"query-input":{"@type":"PropertyValueSpecification","valueRequired":true,"valueName":"search_term_string"}}],"inLanguage":"de"}]}},"_links":{"self":[{"href":"https:\/\/www.allgeier.com\/de\/wp-json\/wp\/v2\/pages\/6799","targetHints":{"allow":["GET"]}}],"collection":[{"href":"https:\/\/www.allgeier.com\/de\/wp-json\/wp\/v2\/pages"}],"about":[{"href":"https:\/\/www.allgeier.com\/de\/wp-json\/wp\/v2\/types\/page"}],"author":[{"embeddable":true,"href":"https:\/\/www.allgeier.com\/de\/wp-json\/wp\/v2\/users\/4"}],"replies":[{"embeddable":true,"href":"https:\/\/www.allgeier.com\/de\/wp-json\/wp\/v2\/comments?post=6799"}],"version-history":[{"count":1,"href":"https:\/\/www.allgeier.com\/de\/wp-json\/wp\/v2\/pages\/6799\/revisions"}],"predecessor-version":[{"id":6800,"href":"https:\/\/www.allgeier.com\/de\/wp-json\/wp\/v2\/pages\/6799\/revisions\/6800"}],"up":[{"embeddable":true,"href":"https:\/\/www.allgeier.com\/de\/wp-json\/wp\/v2\/pages\/1155"}],"wp:attachment":[{"href":"https:\/\/www.allgeier.com\/de\/wp-json\/wp\/v2\/media?parent=6799"}],"wp:term":[{"taxonomy":"category","embeddable":true,"href":"https:\/\/www.allgeier.com\/de\/wp-json\/wp\/v2\/categories?post=6799"},{"taxonomy":"post_tag","embeddable":true,"href":"https:\/\/www.allgeier.com\/de\/wp-json\/wp\/v2\/tags?post=6799"}],"curies":[{"name":"wp","href":"https:\/\/api.w.org\/{rel}","templated":true}]}}