{"id":6801,"date":"2009-04-21T12:35:45","date_gmt":"2009-04-21T12:35:45","guid":{"rendered":"https:\/\/www.allgeier.com\/de\/?page_id=6801"},"modified":"2025-07-23T10:26:41","modified_gmt":"2025-07-23T10:26:41","slug":"allgeier-holding-ag-aufsichtsrat-stellt-jahresabschluss-fest-und-schlaegt-dividende-vor-5","status":"publish","type":"page","link":"https:\/\/www.allgeier.com\/de\/investor-relations\/adhoc-announcements\/allgeier-holding-ag-aufsichtsrat-stellt-jahresabschluss-fest-und-schlaegt-dividende-vor-5\/","title":{"rendered":"Allgeier Holding AG: Aufsichtsrat stellt Jahresabschluss fest und schl\u00e4gt Dividende vor"},"content":{"rendered":"<p><b>Allgeier Holding AG \/ Jahresergebnis\/Produkteinf\u00fchrung<\/b><\/p>\n<p>Ver\u00f6ffentlichung einer Ad-hoc-Mitteilung nach \u00a7 15 WpHG, \u00fcbermittelt durch<br \/>\ndie DGAP &#8211; ein Unternehmen der EquityStory AG.<br \/>\nF\u00fcr den Inhalt der Mitteilung ist der Emittent verantwortlich.<br \/>\n&#8212;&#8212;&#8212;&#8212;&#8212;&#8212;&#8212;&#8212;&#8212;&#8212;&#8212;&#8212;&#8212;&#8212;&#8212;&#8212;&#8212;&#8212;&#8212;&#8212;&#8212;&#8212;&#8212;&#8212;&#8212;<\/p>\n<p>M\u00fcnchen, 21. April 2009 &#8211; Der Aufsichtsrat der Allgeier Holding AG (ISIN<br \/>\nDE000508630 \/ WKN 508630) hat in seiner Sitzung am 21. April 2009 den<br \/>\ntestierten Jahres- und Konzernabschluss der Allgeier Holding AG f\u00fcr das<br \/>\nGesch\u00e4ftsjahr 2008 gebilligt. Der Jahresabschluss ist damit festgestellt.<br \/>\nWie bereits in der Ad-hoc-Mitteilung vom 26. M\u00e4rz 2009 angek\u00fcndigt, sind<br \/>\nder Konzernumsatz und das Konzernergebnis deutlich gestiegen. Im Folgenden<br \/>\nsind die wesentlichen Konzernzahlen aus den testierten Abschl\u00fcssen nochmals<br \/>\nzusammengefasst, die die bereits mitgeteilten vorl\u00e4ufigen Umsatzzahlen<br \/>\nbest\u00e4tigen. Die finalen Ergebniszahlen \u00fcbertreffen die vorl\u00e4ufig gemeldeten<br \/>\nZahlen:<\/p>\n<p>Umsatz und Ergebnis<\/p>\n<p>In den Konzernzahlen 2007 ist noch das ver\u00e4u\u00dferte Zeitarbeitsgesch\u00e4ft, in<br \/>\nden Konzernzahlen 2008 nur noch das fortgef\u00fchrte IT Gesch\u00e4ft enthalten. Der<br \/>\nKonzernumsatz per 31. Dezember 2008 nach IFRS betr\u00e4gt 178,7 Mio. EUR<br \/>\n(Vorjahr: 298 Mio. EUR), das Ergebnis vor Zinsen, Steuern sowie<br \/>\nAbschreibungen auf Firmenwerte und Kaufpreisallokationen (EBITA) 10,8 Mio.<br \/>\nEUR (Vorjahr: 21,2 Mio. EUR). Das Ergebnis vor Zinsen und Steuern (EBIT)<br \/>\nnach IFRS betr\u00e4gt per 31. Dezember 2008 3,9 Mio. EUR und einschlie\u00dflich<br \/>\nVer\u00e4u\u00dferungsgewinn 86,5 Mio. EUR (Vorjahr: 15,7 Mio. EUR), das<br \/>\nKonzernergebnis vor Steuern (EBT) betr\u00e4gt 4,8 Mio. EUR und einschlie\u00dflich<br \/>\nVer\u00e4u\u00dferungsgewinn 87,4 Mio. EUR (Vorjahr: 11,2 Mio. EUR).<\/p>\n<p>Deutliches Wachstum des fortgef\u00fchrten Gesch\u00e4ftsbereichs<\/p>\n<p>Der Umsatz im fortgef\u00fchrten Gesch\u00e4ftsbereich stieg von 133,4 Mio. EUR im<br \/>\nVorjahr um ca. 34% auf 178,7 Mio. EUR per 31. Dezember 2008. In diesen IFRS<br \/>\nZahlen sind die Umsatzanteile der in 2008 erworbenen Unternehmen<br \/>\nzeitanteilig ab dem Erwerbszeitpunkt konsolidiert. In einer ProForma<br \/>\nBetrachtung, unter Einbezug der gesamten Jahresums\u00e4tze der in 2008<br \/>\nerworbenen Unternehmen, betr\u00e4gt der Jahresumsatz 223,5 Mio. EUR, was einem<br \/>\norganischen Wachstum von ca. 24% entspricht.<\/p>\n<p>Das EBITA nach IFRS des fortgef\u00fchrten Gesch\u00e4ftsbereichs konnte um rund 40%<br \/>\nauf 10,8 Mio. EUR gesteigert werden (Vorjahr: 7,7 Mio. EUR). Gem\u00e4\u00df der zur<br \/>\nBeurteilung der tats\u00e4chlichen Ertragskraft wichtigen ProForma Betrachtung<br \/>\nstieg das EBITA um 33% auf 14,6 Mio. EUR (Vorjahr: 11 Mio. EUR). Die<br \/>\nEBITA-Marge der Gruppenunternehmen liegt trotz des starken Wachstums \u00fcber<br \/>\ndem Vorjahreswert.<\/p>\n<p>Das EBIT nach IFRS des fortgef\u00fchrten Gesch\u00e4ftsbereichs betr\u00e4gt 3,9 Mio. EUR<br \/>\n(Vorjahr: 4,8 Mio. EUR), das ProForma EBIT betr\u00e4gt 7,7 Mio. EUR (Vorjahr:<br \/>\n8,1 Mio. EUR). Gegen\u00fcber dem Vorjahr ist das EBIT des fortgef\u00fchrten<br \/>\nGesch\u00e4ftsbereichs im Gesch\u00e4ftsjahr 2008 st\u00e4rker durch Abschreibungen auf<br \/>\ndie im Rahmen der Kaufpreisallokation aktivierten Verm\u00f6gensgegenst\u00e4nde der<br \/>\nakquirierten Gesellschaften und auf Firmenwerte belastet.<\/p>\n<p>Gewinnverwendung<\/p>\n<p>Vorstand und Aufsichtsrat haben heute, 21. April 2009, beschlossen, der<br \/>\nHauptversammlung vorzuschlagen, aus dem im Jahresabschluss der Allgeier<br \/>\nHolding AG ausgewiesenen Bilanzgewinn per 31. Dezember 2008 in H\u00f6he von<br \/>\n54.622.912,64 EUR eine Dividende in H\u00f6he von 0,50 EUR je Aktie und<br \/>\nzus\u00e4tzlich eine einmalige Dividende in H\u00f6he von 0,10 EUR je Aktie an die<br \/>\nAktion\u00e4re auszusch\u00fctten. Der verbleibende Bilanzgewinn wird auf neue<br \/>\nRechnung vorgetragen.<\/p>\n<p>Kontakt:<br \/>\nAllgeier Holding AG<br \/>\nDr. Holger von Daniels<br \/>\nVorstand<br \/>\nWehrlestr. 12<br \/>\n81679 M\u00fcnchen<br \/>\nTel. 089-998421-0<br \/>\nFax  089-998421-11<br \/>\nwww.allgeier.com<\/p>\n<p>Kurzprofil Allgeier Holding AG:<br \/>\nDie Allgeier Holding AG ist eine Dienstleistungsgruppe, die sich auf den<br \/>\nwachsenden Markt f\u00fcr Dienstleistungen zur Flexibilisierung von Arbeits- und<br \/>\nKostenstrukturen fokussiert. Nach dem Verkauf der Zeitarbeitseinheit<br \/>\nkonzentriert sich Allgeier auf den stark wachsenden Markt f\u00fcr IT Services<br \/>\nsowie auf angrenzende Dienstleistungsgesch\u00e4fte. Die Gesellschaften im<br \/>\nBereich IT Services unterst\u00fctzen Kunden bei der Umsetzung von Innovationen,<br \/>\nder Verbesserung des Informationsflusses und der Optimierung von<br \/>\nGesch\u00e4ftsprozessen. Die Unternehmen innerhalb von Allgeier arbeiten<br \/>\neigenst\u00e4ndig mit allen Vorteilen mittelst\u00e4ndischer Flexibilit\u00e4t,<br \/>\nSchnelligkeit, Serviceorientierung und Innovationskraft. Unter dem Dach von<br \/>\nAllgeier verbinden sich diese Vorteile mit der Nutzung von Synergien, der<br \/>\nSicherheit und der Schlagkraft einer f\u00fchrenden b\u00f6rsennotierten<br \/>\nUnternehmensgruppe. Durch ein breites Service-Leistungsspektrum sowie<br \/>\ngeb\u00fcndelte Kompetenz und Gr\u00f6\u00dfe werden nachhaltig steigende Werte f\u00fcr Kunden<br \/>\nund Investoren geschaffen. Die Allgeier-Gruppe besch\u00e4ftigt zurzeit 831<br \/>\nMitarbeiter und 1.331 freiberuflich t\u00e4tige Experten und kann auf eine<br \/>\nbreite Kundenstruktur quer durch alle deutschen Industrien verweisen. Die<br \/>\nAllgeier Holding AG ist am regulierten Markt der Frankfurter B\u00f6rse im<br \/>\nSegment General Standard notiert (WKN 508630\/ISIN DE000508630). Weitere<br \/>\nInformationen unter: www.allgeier.com.<\/p>\n<p>21.04.2009  Finanznachrichten \u00fcbermittelt durch die DGAP<br \/>\n&#8212;&#8212;&#8212;&#8212;&#8212;&#8212;&#8212;&#8212;&#8212;&#8212;&#8212;&#8212;&#8212;&#8212;&#8212;&#8212;&#8212;&#8212;&#8212;&#8212;&#8212;&#8212;&#8212;&#8212;&#8212;<\/p>\n<p>Sprache:      Deutsch<br \/>\nEmittent:     Allgeier Holding AG<br \/>\n              Wehrlestrasse 12<br \/>\n              81679 M\u00fcnchen<br \/>\n              Deutschland<br \/>\nTelefon:      +49 (0)89 998 421-0<br \/>\nFax:          +49 (0)89 998 421-11<br \/>\nE-Mail:       info@allgeier.com<br \/>\nInternet:     www.allgeier-holding.com<br \/>\nISIN:         DE0005086300<br \/>\nWKN:          508630<br \/>\nIndizes:      CDAX<br \/>\nB\u00f6rsen:       Regulierter Markt in Frankfurt (General Standard);<br \/>\n              Freiverkehr in Berlin, Stuttgart, Hamburg, D\u00fcsseldorf<\/p>\n<p>Ende der Mitteilung                             DGAP News-Service<\/p>\n<p>&#8212;&#8212;&#8212;&#8212;&#8212;&#8212;&#8212;&#8212;&#8212;&#8212;&#8212;&#8212;&#8212;&#8212;&#8212;&#8212;&#8212;&#8212;&#8212;&#8212;&#8212;&#8212;&#8212;&#8212;&#8212;<\/p>\n","protected":false},"excerpt":{"rendered":"<p>M\u00fcnchen, 21. April 2009 &#8211; Der Aufsichtsrat der Allgeier Holding AG (ISIN DE000508630 \/ WKN 508630) hat in seiner Sitzung am 21. April 2009 den testierten Jahres- und Konzernabschluss der Allgeier Holding AG f\u00fcr das Gesch\u00e4ftsjahr 2008 gebilligt. Der Jahresabschluss ist<\/p>\n","protected":false},"author":4,"featured_media":0,"parent":1155,"menu_order":0,"comment_status":"close","ping_status":"closed","template":"","meta":{"_acf_changed":false,"footnotes":""},"categories":[],"tags":[],"class_list":["post-6801","page","type-page","status-publish","hentry"],"acf":[],"yoast_head":"<!-- This site is optimized with the Yoast SEO plugin v27.4 - https:\/\/yoast.com\/product\/yoast-seo-wordpress\/ -->\n<title>Allgeier Holding AG: Aufsichtsrat stellt Jahresabschluss fest und schl\u00e4gt Dividende vor - Allgeier SE<\/title>\n<meta name=\"robots\" content=\"index, follow, max-snippet:-1, max-image-preview:large, max-video-preview:-1\" \/>\n<link rel=\"canonical\" href=\"https:\/\/www.allgeier.com\/de\/investor-relations\/adhoc-announcements\/allgeier-holding-ag-aufsichtsrat-stellt-jahresabschluss-fest-und-schlaegt-dividende-vor-5\/\" \/>\n<meta property=\"og:locale\" content=\"de_DE\" \/>\n<meta property=\"og:type\" content=\"article\" \/>\n<meta property=\"og:title\" content=\"Allgeier Holding AG: Aufsichtsrat stellt Jahresabschluss fest und schl\u00e4gt Dividende vor - Allgeier SE\" \/>\n<meta property=\"og:description\" content=\"M\u00fcnchen, 21. April 2009 - Der Aufsichtsrat der Allgeier Holding AG (ISIN DE000508630 \/ WKN 508630) hat in seiner Sitzung am 21. April 2009 den testierten Jahres- und Konzernabschluss der Allgeier Holding AG f\u00fcr das Gesch\u00e4ftsjahr 2008 gebilligt. Der Jahresabschluss ist\" \/>\n<meta property=\"og:url\" content=\"https:\/\/www.allgeier.com\/de\/investor-relations\/adhoc-announcements\/allgeier-holding-ag-aufsichtsrat-stellt-jahresabschluss-fest-und-schlaegt-dividende-vor-5\/\" \/>\n<meta property=\"og:site_name\" content=\"Allgeier SE\" \/>\n<meta property=\"article:modified_time\" content=\"2025-07-23T10:26:41+00:00\" \/>\n<meta name=\"twitter:card\" content=\"summary_large_image\" \/>\n<meta name=\"twitter:label1\" content=\"Gesch\u00e4tzte Lesezeit\" \/>\n\t<meta name=\"twitter:data1\" content=\"4\u00a0Minuten\" \/>\n<script type=\"application\/ld+json\" class=\"yoast-schema-graph\">{\"@context\":\"https:\\\/\\\/schema.org\",\"@graph\":[{\"@type\":\"WebPage\",\"@id\":\"https:\\\/\\\/www.allgeier.com\\\/de\\\/investor-relations\\\/adhoc-announcements\\\/allgeier-holding-ag-aufsichtsrat-stellt-jahresabschluss-fest-und-schlaegt-dividende-vor-5\\\/\",\"url\":\"https:\\\/\\\/www.allgeier.com\\\/de\\\/investor-relations\\\/adhoc-announcements\\\/allgeier-holding-ag-aufsichtsrat-stellt-jahresabschluss-fest-und-schlaegt-dividende-vor-5\\\/\",\"name\":\"Allgeier Holding AG: Aufsichtsrat stellt Jahresabschluss fest und schl\u00e4gt Dividende vor - Allgeier SE\",\"isPartOf\":{\"@id\":\"https:\\\/\\\/www.allgeier.com\\\/de\\\/#website\"},\"datePublished\":\"2009-04-21T12:35:45+00:00\",\"dateModified\":\"2025-07-23T10:26:41+00:00\",\"breadcrumb\":{\"@id\":\"https:\\\/\\\/www.allgeier.com\\\/de\\\/investor-relations\\\/adhoc-announcements\\\/allgeier-holding-ag-aufsichtsrat-stellt-jahresabschluss-fest-und-schlaegt-dividende-vor-5\\\/#breadcrumb\"},\"inLanguage\":\"de\",\"potentialAction\":[{\"@type\":\"ReadAction\",\"target\":[\"https:\\\/\\\/www.allgeier.com\\\/de\\\/investor-relations\\\/adhoc-announcements\\\/allgeier-holding-ag-aufsichtsrat-stellt-jahresabschluss-fest-und-schlaegt-dividende-vor-5\\\/\"]}]},{\"@type\":\"BreadcrumbList\",\"@id\":\"https:\\\/\\\/www.allgeier.com\\\/de\\\/investor-relations\\\/adhoc-announcements\\\/allgeier-holding-ag-aufsichtsrat-stellt-jahresabschluss-fest-und-schlaegt-dividende-vor-5\\\/#breadcrumb\",\"itemListElement\":[{\"@type\":\"ListItem\",\"position\":1,\"name\":\"Home\",\"item\":\"https:\\\/\\\/www.allgeier.com\\\/de\\\/\"},{\"@type\":\"ListItem\",\"position\":2,\"name\":\"Investor Relations\",\"item\":\"https:\\\/\\\/www.allgeier.com\\\/de\\\/investor-relations\\\/\"},{\"@type\":\"ListItem\",\"position\":3,\"name\":\"Ad hoc-Mitteilungen\",\"item\":\"https:\\\/\\\/www.allgeier.com\\\/de\\\/investor-relations\\\/adhoc-announcements\\\/\"},{\"@type\":\"ListItem\",\"position\":4,\"name\":\"Allgeier Holding AG: Aufsichtsrat stellt Jahresabschluss fest und schl\u00e4gt Dividende vor\"}]},{\"@type\":\"WebSite\",\"@id\":\"https:\\\/\\\/www.allgeier.com\\\/de\\\/#website\",\"url\":\"https:\\\/\\\/www.allgeier.com\\\/de\\\/\",\"name\":\"Allgeier SE\",\"description\":\"Software &amp; IT Services for digital transformation\",\"potentialAction\":[{\"@type\":\"SearchAction\",\"target\":{\"@type\":\"EntryPoint\",\"urlTemplate\":\"https:\\\/\\\/www.allgeier.com\\\/de\\\/?s={search_term_string}\"},\"query-input\":{\"@type\":\"PropertyValueSpecification\",\"valueRequired\":true,\"valueName\":\"search_term_string\"}}],\"inLanguage\":\"de\"}]}<\/script>\n<!-- \/ Yoast SEO plugin. -->","yoast_head_json":{"title":"Allgeier Holding AG: Aufsichtsrat stellt Jahresabschluss fest und schl\u00e4gt Dividende vor - Allgeier SE","robots":{"index":"index","follow":"follow","max-snippet":"max-snippet:-1","max-image-preview":"max-image-preview:large","max-video-preview":"max-video-preview:-1"},"canonical":"https:\/\/www.allgeier.com\/de\/investor-relations\/adhoc-announcements\/allgeier-holding-ag-aufsichtsrat-stellt-jahresabschluss-fest-und-schlaegt-dividende-vor-5\/","og_locale":"de_DE","og_type":"article","og_title":"Allgeier Holding AG: Aufsichtsrat stellt Jahresabschluss fest und schl\u00e4gt Dividende vor - Allgeier SE","og_description":"M\u00fcnchen, 21. April 2009 - Der Aufsichtsrat der Allgeier Holding AG (ISIN DE000508630 \/ WKN 508630) hat in seiner Sitzung am 21. April 2009 den testierten Jahres- und Konzernabschluss der Allgeier Holding AG f\u00fcr das Gesch\u00e4ftsjahr 2008 gebilligt. Der Jahresabschluss ist","og_url":"https:\/\/www.allgeier.com\/de\/investor-relations\/adhoc-announcements\/allgeier-holding-ag-aufsichtsrat-stellt-jahresabschluss-fest-und-schlaegt-dividende-vor-5\/","og_site_name":"Allgeier SE","article_modified_time":"2025-07-23T10:26:41+00:00","twitter_card":"summary_large_image","twitter_misc":{"Gesch\u00e4tzte Lesezeit":"4\u00a0Minuten"},"schema":{"@context":"https:\/\/schema.org","@graph":[{"@type":"WebPage","@id":"https:\/\/www.allgeier.com\/de\/investor-relations\/adhoc-announcements\/allgeier-holding-ag-aufsichtsrat-stellt-jahresabschluss-fest-und-schlaegt-dividende-vor-5\/","url":"https:\/\/www.allgeier.com\/de\/investor-relations\/adhoc-announcements\/allgeier-holding-ag-aufsichtsrat-stellt-jahresabschluss-fest-und-schlaegt-dividende-vor-5\/","name":"Allgeier Holding AG: Aufsichtsrat stellt Jahresabschluss fest und schl\u00e4gt Dividende vor - Allgeier SE","isPartOf":{"@id":"https:\/\/www.allgeier.com\/de\/#website"},"datePublished":"2009-04-21T12:35:45+00:00","dateModified":"2025-07-23T10:26:41+00:00","breadcrumb":{"@id":"https:\/\/www.allgeier.com\/de\/investor-relations\/adhoc-announcements\/allgeier-holding-ag-aufsichtsrat-stellt-jahresabschluss-fest-und-schlaegt-dividende-vor-5\/#breadcrumb"},"inLanguage":"de","potentialAction":[{"@type":"ReadAction","target":["https:\/\/www.allgeier.com\/de\/investor-relations\/adhoc-announcements\/allgeier-holding-ag-aufsichtsrat-stellt-jahresabschluss-fest-und-schlaegt-dividende-vor-5\/"]}]},{"@type":"BreadcrumbList","@id":"https:\/\/www.allgeier.com\/de\/investor-relations\/adhoc-announcements\/allgeier-holding-ag-aufsichtsrat-stellt-jahresabschluss-fest-und-schlaegt-dividende-vor-5\/#breadcrumb","itemListElement":[{"@type":"ListItem","position":1,"name":"Home","item":"https:\/\/www.allgeier.com\/de\/"},{"@type":"ListItem","position":2,"name":"Investor Relations","item":"https:\/\/www.allgeier.com\/de\/investor-relations\/"},{"@type":"ListItem","position":3,"name":"Ad hoc-Mitteilungen","item":"https:\/\/www.allgeier.com\/de\/investor-relations\/adhoc-announcements\/"},{"@type":"ListItem","position":4,"name":"Allgeier Holding AG: Aufsichtsrat stellt Jahresabschluss fest und schl\u00e4gt Dividende vor"}]},{"@type":"WebSite","@id":"https:\/\/www.allgeier.com\/de\/#website","url":"https:\/\/www.allgeier.com\/de\/","name":"Allgeier SE","description":"Software &amp; IT Services for digital transformation","potentialAction":[{"@type":"SearchAction","target":{"@type":"EntryPoint","urlTemplate":"https:\/\/www.allgeier.com\/de\/?s={search_term_string}"},"query-input":{"@type":"PropertyValueSpecification","valueRequired":true,"valueName":"search_term_string"}}],"inLanguage":"de"}]}},"_links":{"self":[{"href":"https:\/\/www.allgeier.com\/de\/wp-json\/wp\/v2\/pages\/6801","targetHints":{"allow":["GET"]}}],"collection":[{"href":"https:\/\/www.allgeier.com\/de\/wp-json\/wp\/v2\/pages"}],"about":[{"href":"https:\/\/www.allgeier.com\/de\/wp-json\/wp\/v2\/types\/page"}],"author":[{"embeddable":true,"href":"https:\/\/www.allgeier.com\/de\/wp-json\/wp\/v2\/users\/4"}],"replies":[{"embeddable":true,"href":"https:\/\/www.allgeier.com\/de\/wp-json\/wp\/v2\/comments?post=6801"}],"version-history":[{"count":1,"href":"https:\/\/www.allgeier.com\/de\/wp-json\/wp\/v2\/pages\/6801\/revisions"}],"predecessor-version":[{"id":6802,"href":"https:\/\/www.allgeier.com\/de\/wp-json\/wp\/v2\/pages\/6801\/revisions\/6802"}],"up":[{"embeddable":true,"href":"https:\/\/www.allgeier.com\/de\/wp-json\/wp\/v2\/pages\/1155"}],"wp:attachment":[{"href":"https:\/\/www.allgeier.com\/de\/wp-json\/wp\/v2\/media?parent=6801"}],"wp:term":[{"taxonomy":"category","embeddable":true,"href":"https:\/\/www.allgeier.com\/de\/wp-json\/wp\/v2\/categories?post=6801"},{"taxonomy":"post_tag","embeddable":true,"href":"https:\/\/www.allgeier.com\/de\/wp-json\/wp\/v2\/tags?post=6801"}],"curies":[{"name":"wp","href":"https:\/\/api.w.org\/{rel}","templated":true}]}}