{"id":6807,"date":"2009-10-07T17:20:42","date_gmt":"2009-10-07T17:20:42","guid":{"rendered":"https:\/\/www.allgeier.com\/de\/?page_id=6807"},"modified":"2025-07-23T10:26:41","modified_gmt":"2025-07-23T10:26:41","slug":"allgeier-holding-ag-allgeier-verstaerkt-den-geschaeftsbereich-it-solutions-durch-akquisition-des-geschaefts-der-ao-systems-services-2","status":"publish","type":"page","link":"https:\/\/www.allgeier.com\/de\/investor-relations\/adhoc-announcements\/allgeier-holding-ag-allgeier-verstaerkt-den-geschaeftsbereich-it-solutions-durch-akquisition-des-geschaefts-der-ao-systems-services-2\/","title":{"rendered":"ALLGEIER HOLDING AG: Allgeier verst\u00e4rkt den Gesch\u00e4ftsbereich IT Solutions durch Akquisition des Gesch\u00e4fts der a&amp;o systems + services"},"content":{"rendered":"<p><b>ALLGEIER HOLDING AG \/ Firmen\u00fcbernahme<\/b><\/p>\n<p>07.10.2009 <\/p>\n<p>Ver\u00f6ffentlichung einer Ad-hoc-Mitteilung nach \u00a7 15 WpHG, \u00fcbermittelt<br \/>\ndurch die DGAP &#8211; ein Unternehmen der EquityStory AG.<br \/>\nF\u00fcr den Inhalt der Mitteilung ist der Emittent verantwortlich.<\/p>\n<p>&#8212;&#8212;&#8212;&#8212;&#8212;&#8212;&#8212;&#8212;&#8212;&#8212;&#8212;&#8212;&#8212;&#8212;&#8212;&#8212;&#8212;&#8212;&#8212;&#8212;&#8212;&#8212;&#8212;&#8212;&#8212;<\/p>\n<p>M\u00fcnchen, 07. Oktober 2009 &#8211; Die Allgeier Holding AG hat heute gegen\u00fcber der<br \/>\nInsolvenzverwalterin der a&amp;o systems + services GmbH (SSG) ein<br \/>\nverbindliches Angebot f\u00fcr den Erwerb von Vertragsbeziehungen und<br \/>\nVerm\u00f6gensgegenst\u00e4nden der SSG sowie f\u00fcr den Erwerb der nicht insolventen<br \/>\nTochtergesellschaft a&amp;o communications + services GmbH abgegeben. Allgeier<br \/>\nund die Insolvenzverwalterin gehen von einem kurzfristigen Abschluss<br \/>\nentsprechender Kaufvertr\u00e4ge aus.<\/p>\n<p>Die Akquisition verst\u00e4rkt den Gesch\u00e4ftsbereich IT Solutions der Allgeier<br \/>\nGruppe. Unter dem Dach der Allgeier Gruppe steht den Kunden von a&amp;o f\u00fcr die<br \/>\nZukunft ein leistungsf\u00e4higer und kompetenter Service-Partner zur Verf\u00fcgung,<br \/>\nder die bisher von der a&amp;o erbrachten Leistungen nahtlos weiterhin<br \/>\nerbringen wird.<\/p>\n<p>Allgeier Holding AG <\/p>\n<p>Kontakt:<br \/>\nAllgeier Holding AG<br \/>\nVorstand<br \/>\nWehrlestr. 12<br \/>\n81679 M\u00fcnchen<br \/>\nTel. 089\/998421-0<br \/>\nFax  089\/998421-11<br \/>\nwww.allgeier.com<\/p>\n<p>Kurzprofil Allgeier Holding AG:<br \/>\nDie Allgeier Holding AG ist eine b\u00f6rsennotierte Dienstleistungsgruppe mit<br \/>\nSitz in M\u00fcnchen. Die Unternehmen der Allgeier Gruppe konzentrieren sich auf<br \/>\nden wachsenden Markt f\u00fcr IT Services sowie angrenzende Dienstleistungen zur<br \/>\nFlexibilisierung von Arbeits- und Kostenstrukturen. Die Unternehmen der<br \/>\nAllgeier Gruppe werden unter dem Dach der Allgeier Holding AG jeweils von<br \/>\neigenen Gesch\u00e4ftsf\u00fchrungen geleitet. Die einzelnen Gesellschaften arbeiten<br \/>\nim Sinne mittelst\u00e4ndischer Unternehmen eigenst\u00e4ndig und nutzen zugleich das<br \/>\ngesamte Service- und Leistungsspektrum der Unternehmensgruppe. Die Holding<br \/>\n\u00fcbernimmt dabei insbesondere die strategische Steuerung, das Management des<br \/>\nGruppenwachstums, Konzernfinanzierung und -controlling sowie weitere<br \/>\nzentrale Funktionen. Die Allgeier Gruppe besch\u00e4ftigt derzeit 831<br \/>\nMitarbeiter und 1.331 freiberuflich t\u00e4tige Experten und betreut Kunden aus<br \/>\nallen Branchen in Deutschland. Die Allgeier Holding AG ist am regulierten<br \/>\nMarkt der Frankfurter B\u00f6rse im Segment General Standard notiert (WKN<br \/>\n508630\/ISIN DE000508630). Weitere Informationen unter: www.allgeier.com.<\/p>\n<p>07.10.2009  Finanznachrichten \u00fcbermittelt durch die DGAP<\/p>\n<p>&#8212;&#8212;&#8212;&#8212;&#8212;&#8212;&#8212;&#8212;&#8212;&#8212;&#8212;&#8212;&#8212;&#8212;&#8212;&#8212;&#8212;&#8212;&#8212;&#8212;&#8212;&#8212;&#8212;&#8212;&#8212;<\/p>\n<p>Sprache:      Deutsch<br \/>\nUnternehmen:  ALLGEIER HOLDING AG<br \/>\n              Wehrlestra\u00dfe 12<br \/>\n              81679 M\u00fcnchen<br \/>\n              Deutschland<br \/>\nTelefon:      +49 (0) 89 &#8211; 99 84 21 0<br \/>\nFax:          +49 (0) 89 &#8211; 99 84 21 11<br \/>\nE-Mail:       info@allgeier.com<br \/>\nInternet:     http:\/\/www.allgeier-holding.com<br \/>\nISIN:         DE0005086300<br \/>\nWKN:          508630<br \/>\nIndizes:      CDAX<br \/>\nB\u00f6rsen:       Regulierter Markt in Frankfurt (General Standard);<br \/>\n              Freiverkehr in Berlin, D\u00fcsseldorf, Stuttgart, Hamburg<\/p>\n<p>Ende der Mitteilung                             DGAP News-Service<\/p>\n<p>&#8212;&#8212;&#8212;&#8212;&#8212;&#8212;&#8212;&#8212;&#8212;&#8212;&#8212;&#8212;&#8212;&#8212;&#8212;&#8212;&#8212;&#8212;&#8212;&#8212;&#8212;&#8212;&#8212;&#8212;&#8212;<\/p>\n","protected":false},"excerpt":{"rendered":"<p>M\u00fcnchen, 07. Oktober 2009 &#8211; Die Allgeier Holding AG hat heute gegen\u00fcber der Insolvenzverwalterin der a&#038;o systems + services GmbH (SSG) ein verbindliches Angebot f\u00fcr den Erwerb von Vertragsbeziehungen und Verm\u00f6gensgegenst\u00e4nden der SSG sowie f\u00fcr den Erwerb der nicht insolve<\/p>\n","protected":false},"author":4,"featured_media":0,"parent":1155,"menu_order":0,"comment_status":"close","ping_status":"closed","template":"","meta":{"_acf_changed":false,"footnotes":""},"categories":[],"tags":[],"class_list":["post-6807","page","type-page","status-publish","hentry"],"acf":[],"yoast_head":"<!-- This site is optimized with the Yoast SEO plugin v27.4 - https:\/\/yoast.com\/product\/yoast-seo-wordpress\/ -->\n<title>ALLGEIER HOLDING AG: Allgeier verst\u00e4rkt den Gesch\u00e4ftsbereich IT Solutions durch Akquisition des Gesch\u00e4fts der a&amp;o systems + services - Allgeier SE<\/title>\n<meta name=\"robots\" content=\"index, follow, max-snippet:-1, max-image-preview:large, max-video-preview:-1\" \/>\n<link rel=\"canonical\" href=\"https:\/\/www.allgeier.com\/de\/investor-relations\/adhoc-announcements\/allgeier-holding-ag-allgeier-verstaerkt-den-geschaeftsbereich-it-solutions-durch-akquisition-des-geschaefts-der-ao-systems-services-2\/\" \/>\n<meta property=\"og:locale\" content=\"de_DE\" \/>\n<meta property=\"og:type\" content=\"article\" \/>\n<meta property=\"og:title\" content=\"ALLGEIER HOLDING AG: Allgeier verst\u00e4rkt den Gesch\u00e4ftsbereich IT Solutions durch Akquisition des Gesch\u00e4fts der a&amp;o systems + services - Allgeier SE\" \/>\n<meta property=\"og:description\" content=\"M\u00fcnchen, 07. Oktober 2009 - Die Allgeier Holding AG hat heute gegen\u00fcber der Insolvenzverwalterin der a&amp;o systems + services GmbH (SSG) ein verbindliches Angebot f\u00fcr den Erwerb von Vertragsbeziehungen und Verm\u00f6gensgegenst\u00e4nden der SSG sowie f\u00fcr den Erwerb der nicht insolve\" \/>\n<meta property=\"og:url\" content=\"https:\/\/www.allgeier.com\/de\/investor-relations\/adhoc-announcements\/allgeier-holding-ag-allgeier-verstaerkt-den-geschaeftsbereich-it-solutions-durch-akquisition-des-geschaefts-der-ao-systems-services-2\/\" \/>\n<meta property=\"og:site_name\" content=\"Allgeier SE\" \/>\n<meta property=\"article:modified_time\" content=\"2025-07-23T10:26:41+00:00\" \/>\n<meta name=\"twitter:card\" content=\"summary_large_image\" \/>\n<meta name=\"twitter:label1\" content=\"Gesch\u00e4tzte Lesezeit\" \/>\n\t<meta name=\"twitter:data1\" content=\"2\u00a0Minuten\" \/>\n<script type=\"application\/ld+json\" class=\"yoast-schema-graph\">{\"@context\":\"https:\\\/\\\/schema.org\",\"@graph\":[{\"@type\":\"WebPage\",\"@id\":\"https:\\\/\\\/www.allgeier.com\\\/de\\\/investor-relations\\\/adhoc-announcements\\\/allgeier-holding-ag-allgeier-verstaerkt-den-geschaeftsbereich-it-solutions-durch-akquisition-des-geschaefts-der-ao-systems-services-2\\\/\",\"url\":\"https:\\\/\\\/www.allgeier.com\\\/de\\\/investor-relations\\\/adhoc-announcements\\\/allgeier-holding-ag-allgeier-verstaerkt-den-geschaeftsbereich-it-solutions-durch-akquisition-des-geschaefts-der-ao-systems-services-2\\\/\",\"name\":\"ALLGEIER HOLDING AG: Allgeier verst\u00e4rkt den Gesch\u00e4ftsbereich IT Solutions durch Akquisition des Gesch\u00e4fts der a&amp;o systems + services - Allgeier SE\",\"isPartOf\":{\"@id\":\"https:\\\/\\\/www.allgeier.com\\\/de\\\/#website\"},\"datePublished\":\"2009-10-07T17:20:42+00:00\",\"dateModified\":\"2025-07-23T10:26:41+00:00\",\"breadcrumb\":{\"@id\":\"https:\\\/\\\/www.allgeier.com\\\/de\\\/investor-relations\\\/adhoc-announcements\\\/allgeier-holding-ag-allgeier-verstaerkt-den-geschaeftsbereich-it-solutions-durch-akquisition-des-geschaefts-der-ao-systems-services-2\\\/#breadcrumb\"},\"inLanguage\":\"de\",\"potentialAction\":[{\"@type\":\"ReadAction\",\"target\":[\"https:\\\/\\\/www.allgeier.com\\\/de\\\/investor-relations\\\/adhoc-announcements\\\/allgeier-holding-ag-allgeier-verstaerkt-den-geschaeftsbereich-it-solutions-durch-akquisition-des-geschaefts-der-ao-systems-services-2\\\/\"]}]},{\"@type\":\"BreadcrumbList\",\"@id\":\"https:\\\/\\\/www.allgeier.com\\\/de\\\/investor-relations\\\/adhoc-announcements\\\/allgeier-holding-ag-allgeier-verstaerkt-den-geschaeftsbereich-it-solutions-durch-akquisition-des-geschaefts-der-ao-systems-services-2\\\/#breadcrumb\",\"itemListElement\":[{\"@type\":\"ListItem\",\"position\":1,\"name\":\"Home\",\"item\":\"https:\\\/\\\/www.allgeier.com\\\/de\\\/\"},{\"@type\":\"ListItem\",\"position\":2,\"name\":\"Investor Relations\",\"item\":\"https:\\\/\\\/www.allgeier.com\\\/de\\\/investor-relations\\\/\"},{\"@type\":\"ListItem\",\"position\":3,\"name\":\"Ad hoc-Mitteilungen\",\"item\":\"https:\\\/\\\/www.allgeier.com\\\/de\\\/investor-relations\\\/adhoc-announcements\\\/\"},{\"@type\":\"ListItem\",\"position\":4,\"name\":\"ALLGEIER HOLDING AG: Allgeier verst\u00e4rkt den Gesch\u00e4ftsbereich IT Solutions durch Akquisition des Gesch\u00e4fts der a&amp;o systems + services\"}]},{\"@type\":\"WebSite\",\"@id\":\"https:\\\/\\\/www.allgeier.com\\\/de\\\/#website\",\"url\":\"https:\\\/\\\/www.allgeier.com\\\/de\\\/\",\"name\":\"Allgeier SE\",\"description\":\"Software &amp; IT Services for digital transformation\",\"potentialAction\":[{\"@type\":\"SearchAction\",\"target\":{\"@type\":\"EntryPoint\",\"urlTemplate\":\"https:\\\/\\\/www.allgeier.com\\\/de\\\/?s={search_term_string}\"},\"query-input\":{\"@type\":\"PropertyValueSpecification\",\"valueRequired\":true,\"valueName\":\"search_term_string\"}}],\"inLanguage\":\"de\"}]}<\/script>\n<!-- \/ Yoast SEO plugin. -->","yoast_head_json":{"title":"ALLGEIER HOLDING AG: Allgeier verst\u00e4rkt den Gesch\u00e4ftsbereich IT Solutions durch Akquisition des Gesch\u00e4fts der a&amp;o systems + services - Allgeier SE","robots":{"index":"index","follow":"follow","max-snippet":"max-snippet:-1","max-image-preview":"max-image-preview:large","max-video-preview":"max-video-preview:-1"},"canonical":"https:\/\/www.allgeier.com\/de\/investor-relations\/adhoc-announcements\/allgeier-holding-ag-allgeier-verstaerkt-den-geschaeftsbereich-it-solutions-durch-akquisition-des-geschaefts-der-ao-systems-services-2\/","og_locale":"de_DE","og_type":"article","og_title":"ALLGEIER HOLDING AG: Allgeier verst\u00e4rkt den Gesch\u00e4ftsbereich IT Solutions durch Akquisition des Gesch\u00e4fts der a&amp;o systems + services - Allgeier SE","og_description":"M\u00fcnchen, 07. Oktober 2009 - Die Allgeier Holding AG hat heute gegen\u00fcber der Insolvenzverwalterin der a&o systems + services GmbH (SSG) ein verbindliches Angebot f\u00fcr den Erwerb von Vertragsbeziehungen und Verm\u00f6gensgegenst\u00e4nden der SSG sowie f\u00fcr den Erwerb der nicht insolve","og_url":"https:\/\/www.allgeier.com\/de\/investor-relations\/adhoc-announcements\/allgeier-holding-ag-allgeier-verstaerkt-den-geschaeftsbereich-it-solutions-durch-akquisition-des-geschaefts-der-ao-systems-services-2\/","og_site_name":"Allgeier SE","article_modified_time":"2025-07-23T10:26:41+00:00","twitter_card":"summary_large_image","twitter_misc":{"Gesch\u00e4tzte Lesezeit":"2\u00a0Minuten"},"schema":{"@context":"https:\/\/schema.org","@graph":[{"@type":"WebPage","@id":"https:\/\/www.allgeier.com\/de\/investor-relations\/adhoc-announcements\/allgeier-holding-ag-allgeier-verstaerkt-den-geschaeftsbereich-it-solutions-durch-akquisition-des-geschaefts-der-ao-systems-services-2\/","url":"https:\/\/www.allgeier.com\/de\/investor-relations\/adhoc-announcements\/allgeier-holding-ag-allgeier-verstaerkt-den-geschaeftsbereich-it-solutions-durch-akquisition-des-geschaefts-der-ao-systems-services-2\/","name":"ALLGEIER HOLDING AG: Allgeier verst\u00e4rkt den Gesch\u00e4ftsbereich IT Solutions durch Akquisition des Gesch\u00e4fts der a&amp;o systems + services - Allgeier SE","isPartOf":{"@id":"https:\/\/www.allgeier.com\/de\/#website"},"datePublished":"2009-10-07T17:20:42+00:00","dateModified":"2025-07-23T10:26:41+00:00","breadcrumb":{"@id":"https:\/\/www.allgeier.com\/de\/investor-relations\/adhoc-announcements\/allgeier-holding-ag-allgeier-verstaerkt-den-geschaeftsbereich-it-solutions-durch-akquisition-des-geschaefts-der-ao-systems-services-2\/#breadcrumb"},"inLanguage":"de","potentialAction":[{"@type":"ReadAction","target":["https:\/\/www.allgeier.com\/de\/investor-relations\/adhoc-announcements\/allgeier-holding-ag-allgeier-verstaerkt-den-geschaeftsbereich-it-solutions-durch-akquisition-des-geschaefts-der-ao-systems-services-2\/"]}]},{"@type":"BreadcrumbList","@id":"https:\/\/www.allgeier.com\/de\/investor-relations\/adhoc-announcements\/allgeier-holding-ag-allgeier-verstaerkt-den-geschaeftsbereich-it-solutions-durch-akquisition-des-geschaefts-der-ao-systems-services-2\/#breadcrumb","itemListElement":[{"@type":"ListItem","position":1,"name":"Home","item":"https:\/\/www.allgeier.com\/de\/"},{"@type":"ListItem","position":2,"name":"Investor Relations","item":"https:\/\/www.allgeier.com\/de\/investor-relations\/"},{"@type":"ListItem","position":3,"name":"Ad hoc-Mitteilungen","item":"https:\/\/www.allgeier.com\/de\/investor-relations\/adhoc-announcements\/"},{"@type":"ListItem","position":4,"name":"ALLGEIER HOLDING AG: Allgeier verst\u00e4rkt den Gesch\u00e4ftsbereich IT Solutions durch Akquisition des Gesch\u00e4fts der a&amp;o systems + services"}]},{"@type":"WebSite","@id":"https:\/\/www.allgeier.com\/de\/#website","url":"https:\/\/www.allgeier.com\/de\/","name":"Allgeier SE","description":"Software &amp; IT Services for digital transformation","potentialAction":[{"@type":"SearchAction","target":{"@type":"EntryPoint","urlTemplate":"https:\/\/www.allgeier.com\/de\/?s={search_term_string}"},"query-input":{"@type":"PropertyValueSpecification","valueRequired":true,"valueName":"search_term_string"}}],"inLanguage":"de"}]}},"_links":{"self":[{"href":"https:\/\/www.allgeier.com\/de\/wp-json\/wp\/v2\/pages\/6807","targetHints":{"allow":["GET"]}}],"collection":[{"href":"https:\/\/www.allgeier.com\/de\/wp-json\/wp\/v2\/pages"}],"about":[{"href":"https:\/\/www.allgeier.com\/de\/wp-json\/wp\/v2\/types\/page"}],"author":[{"embeddable":true,"href":"https:\/\/www.allgeier.com\/de\/wp-json\/wp\/v2\/users\/4"}],"replies":[{"embeddable":true,"href":"https:\/\/www.allgeier.com\/de\/wp-json\/wp\/v2\/comments?post=6807"}],"version-history":[{"count":1,"href":"https:\/\/www.allgeier.com\/de\/wp-json\/wp\/v2\/pages\/6807\/revisions"}],"predecessor-version":[{"id":6808,"href":"https:\/\/www.allgeier.com\/de\/wp-json\/wp\/v2\/pages\/6807\/revisions\/6808"}],"up":[{"embeddable":true,"href":"https:\/\/www.allgeier.com\/de\/wp-json\/wp\/v2\/pages\/1155"}],"wp:attachment":[{"href":"https:\/\/www.allgeier.com\/de\/wp-json\/wp\/v2\/media?parent=6807"}],"wp:term":[{"taxonomy":"category","embeddable":true,"href":"https:\/\/www.allgeier.com\/de\/wp-json\/wp\/v2\/categories?post=6807"},{"taxonomy":"post_tag","embeddable":true,"href":"https:\/\/www.allgeier.com\/de\/wp-json\/wp\/v2\/tags?post=6807"}],"curies":[{"name":"wp","href":"https:\/\/api.w.org\/{rel}","templated":true}]}}