{"id":6811,"date":"2010-02-25T10:39:56","date_gmt":"2010-02-25T11:39:56","guid":{"rendered":"https:\/\/www.allgeier.com\/de\/?page_id=6811"},"modified":"2025-07-23T10:26:41","modified_gmt":"2025-07-23T10:26:41","slug":"allgeier-gruppe-meldet-trotz-wirtschaftskrise-positive-geschaeftsentwicklung-in-2009-2","status":"publish","type":"page","link":"https:\/\/www.allgeier.com\/de\/investor-relations\/adhoc-announcements\/allgeier-gruppe-meldet-trotz-wirtschaftskrise-positive-geschaeftsentwicklung-in-2009-2\/","title":{"rendered":"Allgeier Gruppe meldet trotz Wirtschaftskrise positive Gesch\u00e4ftsentwicklung in 2009"},"content":{"rendered":"<p><b>ALLGEIER HOLDING AG \/ Vorl\u00e4ufiges Ergebnis\/Jahresergebnis<\/b><\/p>\n<p>25.02.2010 12:39<\/p>\n<p>Ver\u00f6ffentlichung einer Ad-hoc-Mitteilung nach \u00a7 15 WpHG, \u00fcbermittelt<br \/>\ndurch die DGAP &#8211; ein Unternehmen der EquityStory AG.<br \/>\nF\u00fcr den Inhalt der Mitteilung ist der Emittent verantwortlich.<\/p>\n<p>&#8212;&#8212;&#8212;&#8212;&#8212;&#8212;&#8212;&#8212;&#8212;&#8212;&#8212;&#8212;&#8212;&#8212;&#8212;&#8212;&#8212;&#8212;&#8212;&#8212;&#8212;&#8212;&#8212;&#8212;&#8212;<\/p>\n<p>M\u00fcnchen, 25. Februar 2010 &#8211; Die Strategie der Allgeier Holding AG (ISIN<br \/>\nDE000508630 \/ WKN 508630) zahlt sich auch in 2009 aus. In dem von der<br \/>\nweltweiten Wirtschafts- und Finanzkrise gepr\u00e4gten Jahr 2009 konnte Allgeier<br \/>\ndas Konzernwachstum bei Umsatz und Ergebnis gem\u00e4\u00df IFRS fortsetzen. Folgende<br \/>\nwesentliche Aussagen beschreiben das Gesch\u00e4ftsjahr 2009:<\/p>\n<p>  &#8211; Umsatzwachstum gem\u00e4\u00df IFRS: Allgeier behauptet sich in der Krise mit<br \/>\n    stabiler Umsatzentwicklung. Aufgrund der Akquisitionen steigt der<br \/>\n    Umsatz gegen\u00fcber Vorjahr gem\u00e4\u00df IFRS um ca. 25%. In der ProForma<br \/>\n    Betrachtung, unter Einbezug der Vergangenheit der erst in 2009<br \/>\n    erworbenen Gesellschaften, geht er um ca. 3% zur\u00fcck. Die in 2009 aus<br \/>\n    der Insolvenz erworbenen Unternehmen Solveos und Allgeier Data Center<br \/>\n    Services sind in der ProForma Betrachtung mit ihrer Vergangenheit nicht<br \/>\n    enthalten, da f\u00fcr diese Unternehmen keine konsistenten<br \/>\n    Vergangenheitsdaten vorliegen.<\/p>\n<p>  &#8211; Ergebniswachstum gem\u00e4\u00df IFRS: Das operative Ergebnis (EBITA) steigt<br \/>\n    gem\u00e4\u00df IFRS um ca. 16%. Allgeier hat es vermieden, in der Krise Personal<br \/>\n    abzubauen, um die Arbeitspl\u00e4tze der Mitarbeiter zu erhalten, wichtiges<br \/>\n    Know-how im Unternehmen zu bewahren und auf weiteres Wachstum<br \/>\n    vorbereitet zu sein. Vor dem Hintergrund der krisenbedingt ged\u00e4mpften<br \/>\n    Umsatzentwicklung wirkt sich dies auf die Ergebnisentwicklung aus. In<br \/>\n    der ProForma Betrachtung geht das EBITA um ca. 16% zur\u00fcck.<\/p>\n<p>  &#8211; Weiterer Ausbau der Gruppe durch Akquisitionen: In 2009 erfolgte die<br \/>\n    Akquisition von drei wesentlichen neuen Gruppenunternehmen, davon zwei<br \/>\n    Unternehmen aus Insolvenzsituationen. Die Gesellschaft erwartet sich<br \/>\n    aus den Akquisitionen eine St\u00e4rkung des Leistungsprofils und ein<br \/>\n    Umsatz- und Ertragswachstum in den kommenden Jahren.<\/p>\n<p>Gem\u00e4\u00df den vorl\u00e4ufigen Konzernzahlen per 31. Dezember 2009 nach IFRS betr\u00e4gt<br \/>\nder Konzernumsatz ca. 223 Mio. EUR (Vorjahr: 179 Mio. EUR), das Ergebnis<br \/>\nvor Zinsen, Steuern sowie Abschreibungen auf Firmenwerte und<br \/>\nKaufpreisallokationen (EBITA) 12,6 Mio. EUR (Vorjahr: 10,8 Mio. EUR). Das<br \/>\nErgebnis vor Zinsen und Steuern (EBIT) per 31. Dezember 2009 steht aufgrund<br \/>\nnoch nicht abgeschlossener Pr\u00fcfung von Goodwill-Abschreibungen auf einzelne<br \/>\nBeteiligungen noch nicht endg\u00fcltig fest. Der Konzern erwartet ein EBIT in<br \/>\nH\u00f6he von voraussichtlich 7,8 Mio. EUR (Vorjahr: 3,9 Mio. EUR).<\/p>\n<p>In einer ProForma Betrachtung betr\u00e4gt der Jahresumsatz ca. 250 Mio. EUR<br \/>\n(Vorjahr: 257 Mio. EUR). Das EBITA betr\u00e4gt in der ProForma Betrachtung ca.<br \/>\n13,0 Mio. EUR (Vorjahr: 15,5 Mio. EUR).<\/p>\n<p>Die liquiden Mittel betragen 49,2 Mio. EUR (Vorjahr: 69,1 Mio. EUR). Die<br \/>\nReduzierung ist insbesondere die Folge der aus Eigenmitteln get\u00e4tigten<br \/>\nAkquisitionen, der R\u00fcckf\u00fchrung von Verbindlichkeiten, dem Kauf eigener<br \/>\nAktien sowie der Aussch\u00fcttung der Dividende in 2009.<\/p>\n<p>Die langfristigen und kurzfristigen verzinslichen Darlehen im Konzern<br \/>\nverringerten sich zum 31. Dezember 2009 auf 8,8 Mio. EUR (Vorjahr: 15,6<br \/>\nMio. EUR) zuz\u00fcglich Genussrechtskapital von 13,0 Mio. EUR. Das Eigenkapital<br \/>\ndes Konzerns per 31. Dezember 2009 betr\u00e4gt vorbehaltlich der endg\u00fcltigen<br \/>\nH\u00f6he der Abschreibungen auf Firmenwerte und der endg\u00fcltigen Ermittlung der<br \/>\nSteuern voraussichtlich 79,0 Mio. EUR (Vorjahr: 81,8 Mio. EUR).<\/p>\n<p>Alle vorstehend genannten Zahlen sind vorl\u00e4ufig und vom Abschlusspr\u00fcfer<br \/>\nnoch nicht gepr\u00fcft.<\/p>\n<p>Kontakt:<br \/>\nAllgeier Holding AG<br \/>\nVorstand<br \/>\nWehrlestr. 12<br \/>\n81679 M\u00fcnchen<br \/>\nTel. 089-998421-0<br \/>\nFax  089-998421-11<br \/>\nwww.allgeier.com<\/p>\n<p>Kurzprofil Allgeier Holding AG:<br \/>\nDie Allgeier Holding AG ist eine b\u00f6rsennotierte Dienstleistungsgruppe mit<br \/>\nSitz in M\u00fcnchen. Die Unternehmen der Allgeier Gruppe konzentrieren sich auf<br \/>\nden wachsenden Markt f\u00fcr IT Services sowie angrenzende Dienstleistungen zur<br \/>\nFlexibilisierung von Besch\u00e4ftigungs- und Kostenstrukturen. Die Unternehmen<br \/>\nder Allgeier Gruppe werden unter dem Dach der Allgeier Holding AG jeweils<br \/>\nvon eigenen Gesch\u00e4ftsf\u00fchrungen geleitet. Die einzelnen Gesellschaften<br \/>\narbeiten im Sinne mittelst\u00e4ndischer Unternehmen eigenst\u00e4ndig und nutzen<br \/>\nzugleich das gesamte Service- und Leistungsspektrum der Unternehmensgruppe.<br \/>\nDie Holding \u00fcbernimmt dabei insbesondere die strategische Steuerung, das<br \/>\nManagement des Gruppenwachstums, Konzernfinanzierung und -controlling sowie<br \/>\nweitere zentrale Funktionen. Die Allgeier Gruppe besch\u00e4ftigt derzeit ca.<br \/>\n1.300 Mitarbeiter und ca. 1.200 freiberuflich t\u00e4tige Experten und betreut<br \/>\nKunden aus allen Branchen in Deutschland. Die Allgeier Holding AG ist am<br \/>\nregulierten Markt der Frankfurter B\u00f6rse im Segment General Standard notiert<br \/>\n(WKN 508630\/ISIN DE000508630). Weitere Informationen unter:<br \/>\nwww.allgeier.com.<\/p>\n<p>25.02.2010 Ad-hoc-Meldungen, Finanznachrichten und Pressemitteilungen \u00fcbermittelt durch die DGAP.<br \/>\nMedienarchiv unter http:\/\/www.dgap-medientreff.de und http:\/\/www.dgap.de<\/p>\n<p>&#8212;&#8212;&#8212;&#8212;&#8212;&#8212;&#8212;&#8212;&#8212;&#8212;&#8212;&#8212;&#8212;&#8212;&#8212;&#8212;&#8212;&#8212;&#8212;&#8212;&#8212;&#8212;&#8212;&#8212;&#8212;<\/p>\n<p>Sprache:      Deutsch<br \/>\nUnternehmen:  ALLGEIER HOLDING AG<br \/>\n              Wehrlestra\u00dfe 12<br \/>\n              81679 M\u00fcnchen<br \/>\n              Deutschland<br \/>\nTelefon:      +49 (0) 89 &#8211; 99 84 21 0<br \/>\nFax:          +49 (0) 89 &#8211; 99 84 21 11<br \/>\nE-Mail:       info@allgeier.com<br \/>\nInternet:     http:\/\/www.allgeier.com<br \/>\nISIN:         DE0005086300<br \/>\nWKN:          508630<br \/>\nIndizes:      CDAX<br \/>\nB\u00f6rsen:       Regulierter Markt in Frankfurt (General Standard);<br \/>\n              Freiverkehr in Berlin, D\u00fcsseldorf, Stuttgart, Hamburg<\/p>\n<p>Ende der Mitteilung                             DGAP News-Service<\/p>\n<p>&#8212;&#8212;&#8212;&#8212;&#8212;&#8212;&#8212;&#8212;&#8212;&#8212;&#8212;&#8212;&#8212;&#8212;&#8212;&#8212;&#8212;&#8212;&#8212;&#8212;&#8212;&#8212;&#8212;&#8212;&#8212;<\/p>\n","protected":false},"excerpt":{"rendered":"<p>M\u00fcnchen, 25. Februar 2010 &#8211; Die Strategie der Allgeier Holding AG (ISIN DE000508630 \/ WKN 508630) zahlt sich auch in 2009 aus. In dem von der weltweiten Wirtschafts- und Finanzkrise gepr\u00e4gten Jahr 2009 konnte Allgeier das Konzernwachstum bei Umsat<\/p>\n","protected":false},"author":4,"featured_media":0,"parent":1155,"menu_order":0,"comment_status":"close","ping_status":"closed","template":"","meta":{"_acf_changed":false,"footnotes":""},"categories":[],"tags":[],"class_list":["post-6811","page","type-page","status-publish","hentry"],"acf":[],"yoast_head":"<!-- This site is optimized with the Yoast SEO plugin v27.4 - https:\/\/yoast.com\/product\/yoast-seo-wordpress\/ -->\n<title>Allgeier Gruppe meldet trotz Wirtschaftskrise positive Gesch\u00e4ftsentwicklung in 2009 - Allgeier SE<\/title>\n<meta name=\"robots\" content=\"index, follow, max-snippet:-1, max-image-preview:large, max-video-preview:-1\" \/>\n<link rel=\"canonical\" href=\"https:\/\/www.allgeier.com\/de\/investor-relations\/adhoc-announcements\/allgeier-gruppe-meldet-trotz-wirtschaftskrise-positive-geschaeftsentwicklung-in-2009-2\/\" \/>\n<meta property=\"og:locale\" content=\"de_DE\" \/>\n<meta property=\"og:type\" content=\"article\" \/>\n<meta property=\"og:title\" content=\"Allgeier Gruppe meldet trotz Wirtschaftskrise positive Gesch\u00e4ftsentwicklung in 2009 - Allgeier SE\" \/>\n<meta property=\"og:description\" content=\"M\u00fcnchen, 25. Februar 2010 - Die Strategie der Allgeier Holding AG (ISIN DE000508630 \/ WKN 508630) zahlt sich auch in 2009 aus. In dem von der weltweiten Wirtschafts- und Finanzkrise gepr\u00e4gten Jahr 2009 konnte Allgeier das Konzernwachstum bei Umsat\" \/>\n<meta property=\"og:url\" content=\"https:\/\/www.allgeier.com\/de\/investor-relations\/adhoc-announcements\/allgeier-gruppe-meldet-trotz-wirtschaftskrise-positive-geschaeftsentwicklung-in-2009-2\/\" \/>\n<meta property=\"og:site_name\" content=\"Allgeier SE\" \/>\n<meta property=\"article:modified_time\" content=\"2025-07-23T10:26:41+00:00\" \/>\n<meta name=\"twitter:card\" content=\"summary_large_image\" \/>\n<meta name=\"twitter:label1\" content=\"Gesch\u00e4tzte Lesezeit\" \/>\n\t<meta name=\"twitter:data1\" content=\"4\u00a0Minuten\" \/>\n<script type=\"application\/ld+json\" class=\"yoast-schema-graph\">{\"@context\":\"https:\\\/\\\/schema.org\",\"@graph\":[{\"@type\":\"WebPage\",\"@id\":\"https:\\\/\\\/www.allgeier.com\\\/de\\\/investor-relations\\\/adhoc-announcements\\\/allgeier-gruppe-meldet-trotz-wirtschaftskrise-positive-geschaeftsentwicklung-in-2009-2\\\/\",\"url\":\"https:\\\/\\\/www.allgeier.com\\\/de\\\/investor-relations\\\/adhoc-announcements\\\/allgeier-gruppe-meldet-trotz-wirtschaftskrise-positive-geschaeftsentwicklung-in-2009-2\\\/\",\"name\":\"Allgeier Gruppe meldet trotz Wirtschaftskrise positive Gesch\u00e4ftsentwicklung in 2009 - Allgeier SE\",\"isPartOf\":{\"@id\":\"https:\\\/\\\/www.allgeier.com\\\/de\\\/#website\"},\"datePublished\":\"2010-02-25T11:39:56+00:00\",\"dateModified\":\"2025-07-23T10:26:41+00:00\",\"breadcrumb\":{\"@id\":\"https:\\\/\\\/www.allgeier.com\\\/de\\\/investor-relations\\\/adhoc-announcements\\\/allgeier-gruppe-meldet-trotz-wirtschaftskrise-positive-geschaeftsentwicklung-in-2009-2\\\/#breadcrumb\"},\"inLanguage\":\"de\",\"potentialAction\":[{\"@type\":\"ReadAction\",\"target\":[\"https:\\\/\\\/www.allgeier.com\\\/de\\\/investor-relations\\\/adhoc-announcements\\\/allgeier-gruppe-meldet-trotz-wirtschaftskrise-positive-geschaeftsentwicklung-in-2009-2\\\/\"]}]},{\"@type\":\"BreadcrumbList\",\"@id\":\"https:\\\/\\\/www.allgeier.com\\\/de\\\/investor-relations\\\/adhoc-announcements\\\/allgeier-gruppe-meldet-trotz-wirtschaftskrise-positive-geschaeftsentwicklung-in-2009-2\\\/#breadcrumb\",\"itemListElement\":[{\"@type\":\"ListItem\",\"position\":1,\"name\":\"Home\",\"item\":\"https:\\\/\\\/www.allgeier.com\\\/de\\\/\"},{\"@type\":\"ListItem\",\"position\":2,\"name\":\"Investor Relations\",\"item\":\"https:\\\/\\\/www.allgeier.com\\\/de\\\/investor-relations\\\/\"},{\"@type\":\"ListItem\",\"position\":3,\"name\":\"Ad hoc-Mitteilungen\",\"item\":\"https:\\\/\\\/www.allgeier.com\\\/de\\\/investor-relations\\\/adhoc-announcements\\\/\"},{\"@type\":\"ListItem\",\"position\":4,\"name\":\"Allgeier Gruppe meldet trotz Wirtschaftskrise positive Gesch\u00e4ftsentwicklung in 2009\"}]},{\"@type\":\"WebSite\",\"@id\":\"https:\\\/\\\/www.allgeier.com\\\/de\\\/#website\",\"url\":\"https:\\\/\\\/www.allgeier.com\\\/de\\\/\",\"name\":\"Allgeier SE\",\"description\":\"Software &amp; IT Services for digital transformation\",\"potentialAction\":[{\"@type\":\"SearchAction\",\"target\":{\"@type\":\"EntryPoint\",\"urlTemplate\":\"https:\\\/\\\/www.allgeier.com\\\/de\\\/?s={search_term_string}\"},\"query-input\":{\"@type\":\"PropertyValueSpecification\",\"valueRequired\":true,\"valueName\":\"search_term_string\"}}],\"inLanguage\":\"de\"}]}<\/script>\n<!-- \/ Yoast SEO plugin. -->","yoast_head_json":{"title":"Allgeier Gruppe meldet trotz Wirtschaftskrise positive Gesch\u00e4ftsentwicklung in 2009 - Allgeier SE","robots":{"index":"index","follow":"follow","max-snippet":"max-snippet:-1","max-image-preview":"max-image-preview:large","max-video-preview":"max-video-preview:-1"},"canonical":"https:\/\/www.allgeier.com\/de\/investor-relations\/adhoc-announcements\/allgeier-gruppe-meldet-trotz-wirtschaftskrise-positive-geschaeftsentwicklung-in-2009-2\/","og_locale":"de_DE","og_type":"article","og_title":"Allgeier Gruppe meldet trotz Wirtschaftskrise positive Gesch\u00e4ftsentwicklung in 2009 - Allgeier SE","og_description":"M\u00fcnchen, 25. Februar 2010 - Die Strategie der Allgeier Holding AG (ISIN DE000508630 \/ WKN 508630) zahlt sich auch in 2009 aus. In dem von der weltweiten Wirtschafts- und Finanzkrise gepr\u00e4gten Jahr 2009 konnte Allgeier das Konzernwachstum bei Umsat","og_url":"https:\/\/www.allgeier.com\/de\/investor-relations\/adhoc-announcements\/allgeier-gruppe-meldet-trotz-wirtschaftskrise-positive-geschaeftsentwicklung-in-2009-2\/","og_site_name":"Allgeier SE","article_modified_time":"2025-07-23T10:26:41+00:00","twitter_card":"summary_large_image","twitter_misc":{"Gesch\u00e4tzte Lesezeit":"4\u00a0Minuten"},"schema":{"@context":"https:\/\/schema.org","@graph":[{"@type":"WebPage","@id":"https:\/\/www.allgeier.com\/de\/investor-relations\/adhoc-announcements\/allgeier-gruppe-meldet-trotz-wirtschaftskrise-positive-geschaeftsentwicklung-in-2009-2\/","url":"https:\/\/www.allgeier.com\/de\/investor-relations\/adhoc-announcements\/allgeier-gruppe-meldet-trotz-wirtschaftskrise-positive-geschaeftsentwicklung-in-2009-2\/","name":"Allgeier Gruppe meldet trotz Wirtschaftskrise positive Gesch\u00e4ftsentwicklung in 2009 - Allgeier SE","isPartOf":{"@id":"https:\/\/www.allgeier.com\/de\/#website"},"datePublished":"2010-02-25T11:39:56+00:00","dateModified":"2025-07-23T10:26:41+00:00","breadcrumb":{"@id":"https:\/\/www.allgeier.com\/de\/investor-relations\/adhoc-announcements\/allgeier-gruppe-meldet-trotz-wirtschaftskrise-positive-geschaeftsentwicklung-in-2009-2\/#breadcrumb"},"inLanguage":"de","potentialAction":[{"@type":"ReadAction","target":["https:\/\/www.allgeier.com\/de\/investor-relations\/adhoc-announcements\/allgeier-gruppe-meldet-trotz-wirtschaftskrise-positive-geschaeftsentwicklung-in-2009-2\/"]}]},{"@type":"BreadcrumbList","@id":"https:\/\/www.allgeier.com\/de\/investor-relations\/adhoc-announcements\/allgeier-gruppe-meldet-trotz-wirtschaftskrise-positive-geschaeftsentwicklung-in-2009-2\/#breadcrumb","itemListElement":[{"@type":"ListItem","position":1,"name":"Home","item":"https:\/\/www.allgeier.com\/de\/"},{"@type":"ListItem","position":2,"name":"Investor Relations","item":"https:\/\/www.allgeier.com\/de\/investor-relations\/"},{"@type":"ListItem","position":3,"name":"Ad hoc-Mitteilungen","item":"https:\/\/www.allgeier.com\/de\/investor-relations\/adhoc-announcements\/"},{"@type":"ListItem","position":4,"name":"Allgeier Gruppe meldet trotz Wirtschaftskrise positive Gesch\u00e4ftsentwicklung in 2009"}]},{"@type":"WebSite","@id":"https:\/\/www.allgeier.com\/de\/#website","url":"https:\/\/www.allgeier.com\/de\/","name":"Allgeier SE","description":"Software &amp; IT Services for digital transformation","potentialAction":[{"@type":"SearchAction","target":{"@type":"EntryPoint","urlTemplate":"https:\/\/www.allgeier.com\/de\/?s={search_term_string}"},"query-input":{"@type":"PropertyValueSpecification","valueRequired":true,"valueName":"search_term_string"}}],"inLanguage":"de"}]}},"_links":{"self":[{"href":"https:\/\/www.allgeier.com\/de\/wp-json\/wp\/v2\/pages\/6811","targetHints":{"allow":["GET"]}}],"collection":[{"href":"https:\/\/www.allgeier.com\/de\/wp-json\/wp\/v2\/pages"}],"about":[{"href":"https:\/\/www.allgeier.com\/de\/wp-json\/wp\/v2\/types\/page"}],"author":[{"embeddable":true,"href":"https:\/\/www.allgeier.com\/de\/wp-json\/wp\/v2\/users\/4"}],"replies":[{"embeddable":true,"href":"https:\/\/www.allgeier.com\/de\/wp-json\/wp\/v2\/comments?post=6811"}],"version-history":[{"count":1,"href":"https:\/\/www.allgeier.com\/de\/wp-json\/wp\/v2\/pages\/6811\/revisions"}],"predecessor-version":[{"id":6812,"href":"https:\/\/www.allgeier.com\/de\/wp-json\/wp\/v2\/pages\/6811\/revisions\/6812"}],"up":[{"embeddable":true,"href":"https:\/\/www.allgeier.com\/de\/wp-json\/wp\/v2\/pages\/1155"}],"wp:attachment":[{"href":"https:\/\/www.allgeier.com\/de\/wp-json\/wp\/v2\/media?parent=6811"}],"wp:term":[{"taxonomy":"category","embeddable":true,"href":"https:\/\/www.allgeier.com\/de\/wp-json\/wp\/v2\/categories?post=6811"},{"taxonomy":"post_tag","embeddable":true,"href":"https:\/\/www.allgeier.com\/de\/wp-json\/wp\/v2\/tags?post=6811"}],"curies":[{"name":"wp","href":"https:\/\/api.w.org\/{rel}","templated":true}]}}