{"id":6813,"date":"2006-07-05T19:35:17","date_gmt":"2006-07-05T19:35:17","guid":{"rendered":"https:\/\/www.allgeier.com\/de\/?page_id=6813"},"modified":"2025-07-23T10:26:41","modified_gmt":"2025-07-23T10:26:41","slug":"5-monatszahlen-2006-2","status":"publish","type":"page","link":"https:\/\/www.allgeier.com\/de\/investor-relations\/adhoc-announcements\/5-monatszahlen-2006-2\/","title":{"rendered":"5-Monatszahlen 2006"},"content":{"rendered":"<p><b>Allgeier Holding AG \/ Sonstiges<\/b><\/p>\n<p>Ad-hoc-Meldung nach \u00a7 15 WpHG \u00fcbermittelt durch die DGAP &#8211; ein Unternehmen der EquityStory AG.<br \/>\nF\u00fcr den Inhalt der Mitteilung ist der Emittent verantwortlich.<br \/>\n&#8212;&#8212;&#8212;&#8212;&#8212;&#8212;&#8212;&#8212;&#8212;&#8212;&#8212;&#8212;&#8212;&#8212;&#8212;&#8212;&#8212;&#8212;&#8212;&#8212;&#8212;&#8212;&#8212;&#8212;&#8212;<\/p>\n<p>M\u00fcnchen, 05.07.2006<\/p>\n<p>Konzernumsatz um 130% gesteigert<br \/>\nDie Allgeier Gruppe steigerte Ihren Umsatz in den saisonbedingt schwachen<br \/>\nersten 5 Monaten des laufenden Gesch\u00e4ftsjahres 2006 bei nur zeitanteiliger<br \/>\nKonsolidierung der beiden Neuakquisitionen U.N.P. Software GmbH und mgm<br \/>\ntechnology partners GmbH um 130% auf 46 Mio. \u20ac (Vorjahr 20 Mio. \u20ac).<br \/>\nGrundlage des Konzernwachstums bilden die zwei Gesch\u00e4ftsbereiche &#8211; IT<br \/>\nServices w\u00e4chst um 116% auf 29,4 Mio. \u20ac (Vorjahr 13,6 Mio. \u20ac). Der neue<br \/>\nGesch\u00e4ftsbereich Personal Services, der im Vergleichszeitraum des Vorjahres<br \/>\nnoch nicht zum Konzern geh\u00f6rte, tr\u00e4gt mit 16,7 Mio. \u20ac zum Gesamtumsatz bei.<br \/>\nBereinigt um den mittlerweile verkauften Gesch\u00e4ftsbereich Basistechnologie<br \/>\n(Vorjahresumsatz 6,4 Mio. \u20ac) legte der Umsatz des Konzerns um 32 Mio. \u20ac<br \/>\nbzw. 238% zu.<\/p>\n<p>EBITDA um 56% gesteigert<br \/>\nDas operative Konzernergebnis vor Abschreibungen, Zinsen und Steuern stieg<br \/>\nim Zeitraum Januar bis Mai 2006 im Vergleich zum entsprechenden Zeitraum<br \/>\ndes Vorjahres um 56% auf 2,8 Mio. \u20ac (Vorjahr 1,8 Mio. \u20ac). Bereinigt um den<br \/>\nverkauften Gesch\u00e4ftsbereich Basistechnologie, der im Vergleichszeitraum des<br \/>\nVorjahres einen EBITDA-Beitrag in H\u00f6he von 0,6 Mio. \u20ac lieferte, betr\u00e4gt der<br \/>\nErgebnisanstieg 1,6 Mio. \u20ac (133%). Auch der Ergebnisanstieg wird von beiden<br \/>\nGesch\u00e4ftsbereichen getragen. Die EBITDA-Steigerung betr\u00e4gt in dem<br \/>\nGesch\u00e4ftsbereich IT Services + 61%. Der im September 2005 neu aufgebaute<br \/>\nGesch\u00e4ftsbereich Personal Services lag trotz der saisonbedingten<br \/>\nschw\u00e4cheren ersten Jahresh\u00e4lfte deutlich \u00fcber den Erwartungen.<\/p>\n<p>EBIT um 30 % gesteigert<br \/>\nDas operative Konzernergebnis nach Abschreibungen aber vor Zinsen und<br \/>\nSteuern stieg im Zeitraum Januar bis Mai 2006 im Vergleich zum<br \/>\nentsprechenden Zeitraum des Vorjahres um 30% auf 1,3 Mio. \u20ac (Vorjahr 1,0<br \/>\nMio. \u20ac). Der EBIT-Beitrag des verkauften Gesch\u00e4ftsbereichs Basistechnologie<br \/>\nbetrug im Vorjahr 0,4 Mio. \u20ac. Bereinigt um diesen EBIT-Beitrag lag die<br \/>\nEBIT-Steigerung bei 117%. Die Anwendung bestehender<br \/>\nIFRS-Bilanzierungsregeln u. a. im Rahmen der Purchase Price Allocation der<br \/>\nin 2005 und 2006 erworbenen Gesellschaften f\u00fchrte in den ersten 5 Monaten<br \/>\ndes laufenden Gesch\u00e4ftsjahres zu Belastungen (planm\u00e4\u00dfigen Abschreibungen)<br \/>\nin H\u00f6he von 1,0 Mio. \u20ac, w\u00e4hrend in der Vergleichsperiode des Vorjahres<br \/>\npositive Effekte in H\u00f6he von 0,2 Mio. \u20ac zu verzeichnen waren. Das um die<br \/>\ngenannten IFRS Effekte bereinigte Konzern-EBIT lag damit bei 2,3 Mio. \u20ac<br \/>\n(Vorjahr 0,8 Mio. \u20ac), was einer Steigerung von 1,5 Mio. \u20ac bzw. 188%<br \/>\ngegen\u00fcber dem Vorjahr entspricht.<\/p>\n<p>Das Finanzergebnis des Konzerns betrug im Vergleichszeitraum -0,8 Mio. \u20ac<br \/>\n(Vorjahr -0,3 Mio. \u20ac)<\/p>\n<p>Ausblick 2006<br \/>\nVor dem Hintergrund der guten Umsatz- und Ertragsentwicklung der Gruppe in<br \/>\nden saisonbedingt schwachen ersten Monaten des Jahres sowie des Beitrages<br \/>\nder beiden Neuakquisitionen f\u00fcr die verbleibenden Monate des laufenden<br \/>\nGesch\u00e4ftsjahres, sieht der Vorstand zunehmend Sicherheit f\u00fcr ein deutlich<br \/>\npositives Gesch\u00e4ftsjahr und best\u00e4tigt deshalb die bisherige Erwartung zum<br \/>\nJahresende ohne Ber\u00fccksichtigung eventueller weiterer Akquisitionen: der<br \/>\nKonzernumsatz wird weiterhin bei \u00fcber 120 Mio. \u20ac, das Konzern-EBIT bei 9<br \/>\nMio. \u20ac erwartet. Zudem beabsichtigt die Gruppe weitere Akquisitionen, deren<br \/>\nDurchf\u00fchrung voraussichtlich im laufenden Gesch\u00e4ftsjahr erfolgen wird.<\/p>\n<p>Kontakt:<br \/>\nAllgeier Holding AG<br \/>\nChristian Eggenberger<br \/>\nVorstand<br \/>\nWehrlestr. 12<br \/>\n81679 M\u00fcnchen<br \/>\nTel. 089-998421-0<br \/>\nFax  089-998421-11<br \/>\nwww.allgeier-holding.de<\/p>\n<p>Das Unternehmen<\/p>\n<p>Die Allgeier Holding AG fungiert als F\u00fchrungsholding einer europaweit<br \/>\nagierenden Unternehmensgruppe, die sich auf zwei wachstumsstarke M\u00e4rkte<br \/>\nkonzentriert: IT-Services und Personal-Services. Mit unseren IT-Services<br \/>\nunterst\u00fctzen wir Unternehmen bei der Umsetzung von Innovationen, der<br \/>\nVerbesserung des Informationsflusses und der Optimierung von<br \/>\nGesch\u00e4ftsabl\u00e4ufen. Die on-demand Personal-Services helfen unseren Kunden,<br \/>\nihre Prozesse und Kapazit\u00e4ten flexibel an die Auftragslage anzupassen. Ende<br \/>\n2005 besch\u00e4ftigte die Allgeier-Gruppe \u00fcber 2000 Mitarbeiter in neun<br \/>\neigenst\u00e4ndigen, leistungsf\u00e4higen Mittelstands-Unternehmen. Die Allgeier<br \/>\nHolding AG hat ihren Sitz in M\u00fcnchen und ist am geregelten Markt der<br \/>\nFrankfurter B\u00f6rse im Segment General Standard notiert (WKN 508630\/ISIN DE<br \/>\n000508630).<\/p>\n<p>Wichtiger Hinweis: Diese Ad-hoc Mitteilung\/Pressemitteilung enth\u00e4lt in die<br \/>\nZukunft gerichtete Aussagen, die auf Annahmen und Sch\u00e4tzungen der<br \/>\nUnternehmensleitung der Allgeier Holding AG beruhen. Auch wenn die<br \/>\nUnternehmensleitung der Ansicht ist, dass diese Annahmen und Sch\u00e4tzungen<br \/>\nzutreffend sind, k\u00f6nnen die k\u00fcnftige tats\u00e4chliche Entwicklung und die<br \/>\nk\u00fcnftigen tats\u00e4chlichen Ergebnisse von diesen Annahmen und Sch\u00e4tzungen<br \/>\naufgrund vielf\u00e4ltiger Faktoren erheblich abweichen. Zu diesen Faktoren<br \/>\nk\u00f6nnen beispielsweise die Ver\u00e4nderung der gesamtwirtschaftlichen Lage, der<br \/>\nWechselkurse, der Zinss\u00e4tze sowie Ver\u00e4nderungen innerhalb der<br \/>\nMarktentwicklung und der sich ver\u00e4nderten Wettbewerbssituation geh\u00f6ren. Die<br \/>\nAllgeier Holding AG \u00fcbernimmt keine Gew\u00e4hrleistung und keine Haftung daf\u00fcr,<br \/>\ndass die k\u00fcnftige Entwicklung und die k\u00fcnftig erzielten tats\u00e4chlichen<br \/>\nErgebnisse mit den in dieser Ad-hoc Mitteilung\/Pressemitteilung ge\u00e4u\u00dferten<br \/>\nAnnahmen und Sch\u00e4tzungen \u00fcbereinstimmen werden.<\/p>\n<p>DGAP 05.07.2006<br \/>\n&#8212;&#8212;&#8212;&#8212;&#8212;&#8212;&#8212;&#8212;&#8212;&#8212;&#8212;&#8212;&#8212;&#8212;&#8212;&#8212;&#8212;&#8212;&#8212;&#8212;&#8212;&#8212;&#8212;&#8212;&#8212;<\/p>\n<p>Sprache:      Deutsch<br \/>\nEmittent:     Allgeier Holding AG<br \/>\n              Wehrlestrasse 12<br \/>\n              81679 M\u00fcnchen Deutschland<br \/>\nTelefon:      +49 (0)89 998 421-0<br \/>\nFax:          +49 (0)89 998 421-11<br \/>\nE-mail:       info@allgeier.com<br \/>\nWWW:          www.allgeier-holding.com<br \/>\nISIN:         DE0005086300<br \/>\nWKN:          508630<br \/>\nIndizes:      CDAX<br \/>\nB\u00f6rsen:       Geregelter Markt in Frankfurt (General Standard); Freiverkehr<br \/>\n              in Berlin-Bremen, Stuttgart, Hamburg, D\u00fcsseldorf<\/p>\n<p>Ende der Mitteilung                             DGAP News-Service<\/p>\n<p>&#8212;&#8212;&#8212;&#8212;&#8212;&#8212;&#8212;&#8212;&#8212;&#8212;&#8212;&#8212;&#8212;&#8212;&#8212;&#8212;&#8212;&#8212;&#8212;&#8212;&#8212;&#8212;&#8212;&#8212;&#8212;<\/p>\n","protected":false},"excerpt":{"rendered":"<p>M\u00fcnchen, 05.07.2006 Konzernumsatz um 130% gesteigert Die Allgeier Gruppe steigerte Ihren Umsatz in den saisonbedingt schwachen ersten 5 Monaten des laufenden Gesch\u00e4ftsjahres 2006 bei nur zeitanteiliger Konsolidierung der beiden Neuakquisitionen U.N.P. Software GmbH und mgm technology partners GmbH um<\/p>\n","protected":false},"author":4,"featured_media":0,"parent":1155,"menu_order":0,"comment_status":"close","ping_status":"closed","template":"","meta":{"_acf_changed":false,"footnotes":""},"categories":[],"tags":[],"class_list":["post-6813","page","type-page","status-publish","hentry"],"acf":[],"yoast_head":"<!-- This site is optimized with the Yoast SEO plugin v27.4 - https:\/\/yoast.com\/product\/yoast-seo-wordpress\/ -->\n<title>5-Monatszahlen 2006 - Allgeier SE<\/title>\n<meta name=\"robots\" content=\"index, follow, max-snippet:-1, max-image-preview:large, max-video-preview:-1\" \/>\n<link rel=\"canonical\" href=\"https:\/\/www.allgeier.com\/de\/investor-relations\/adhoc-announcements\/5-monatszahlen-2006-2\/\" \/>\n<meta property=\"og:locale\" content=\"de_DE\" \/>\n<meta property=\"og:type\" content=\"article\" \/>\n<meta property=\"og:title\" content=\"5-Monatszahlen 2006 - Allgeier SE\" \/>\n<meta property=\"og:description\" content=\"M\u00fcnchen, 05.07.2006 Konzernumsatz um 130% gesteigert Die Allgeier Gruppe steigerte Ihren Umsatz in den saisonbedingt schwachen ersten 5 Monaten des laufenden Gesch\u00e4ftsjahres 2006 bei nur zeitanteiliger Konsolidierung der beiden Neuakquisitionen U.N.P. Software GmbH und mgm technology partners GmbH um\" \/>\n<meta property=\"og:url\" content=\"https:\/\/www.allgeier.com\/de\/investor-relations\/adhoc-announcements\/5-monatszahlen-2006-2\/\" \/>\n<meta property=\"og:site_name\" content=\"Allgeier SE\" \/>\n<meta property=\"article:modified_time\" content=\"2025-07-23T10:26:41+00:00\" \/>\n<meta name=\"twitter:card\" content=\"summary_large_image\" \/>\n<meta name=\"twitter:label1\" content=\"Gesch\u00e4tzte Lesezeit\" \/>\n\t<meta name=\"twitter:data1\" content=\"4\u00a0Minuten\" \/>\n<script type=\"application\/ld+json\" class=\"yoast-schema-graph\">{\"@context\":\"https:\\\/\\\/schema.org\",\"@graph\":[{\"@type\":\"WebPage\",\"@id\":\"https:\\\/\\\/www.allgeier.com\\\/de\\\/investor-relations\\\/adhoc-announcements\\\/5-monatszahlen-2006-2\\\/\",\"url\":\"https:\\\/\\\/www.allgeier.com\\\/de\\\/investor-relations\\\/adhoc-announcements\\\/5-monatszahlen-2006-2\\\/\",\"name\":\"5-Monatszahlen 2006 - Allgeier SE\",\"isPartOf\":{\"@id\":\"https:\\\/\\\/www.allgeier.com\\\/de\\\/#website\"},\"datePublished\":\"2006-07-05T19:35:17+00:00\",\"dateModified\":\"2025-07-23T10:26:41+00:00\",\"breadcrumb\":{\"@id\":\"https:\\\/\\\/www.allgeier.com\\\/de\\\/investor-relations\\\/adhoc-announcements\\\/5-monatszahlen-2006-2\\\/#breadcrumb\"},\"inLanguage\":\"de\",\"potentialAction\":[{\"@type\":\"ReadAction\",\"target\":[\"https:\\\/\\\/www.allgeier.com\\\/de\\\/investor-relations\\\/adhoc-announcements\\\/5-monatszahlen-2006-2\\\/\"]}]},{\"@type\":\"BreadcrumbList\",\"@id\":\"https:\\\/\\\/www.allgeier.com\\\/de\\\/investor-relations\\\/adhoc-announcements\\\/5-monatszahlen-2006-2\\\/#breadcrumb\",\"itemListElement\":[{\"@type\":\"ListItem\",\"position\":1,\"name\":\"Home\",\"item\":\"https:\\\/\\\/www.allgeier.com\\\/de\\\/\"},{\"@type\":\"ListItem\",\"position\":2,\"name\":\"Investor Relations\",\"item\":\"https:\\\/\\\/www.allgeier.com\\\/de\\\/investor-relations\\\/\"},{\"@type\":\"ListItem\",\"position\":3,\"name\":\"Ad hoc-Mitteilungen\",\"item\":\"https:\\\/\\\/www.allgeier.com\\\/de\\\/investor-relations\\\/adhoc-announcements\\\/\"},{\"@type\":\"ListItem\",\"position\":4,\"name\":\"5-Monatszahlen 2006\"}]},{\"@type\":\"WebSite\",\"@id\":\"https:\\\/\\\/www.allgeier.com\\\/de\\\/#website\",\"url\":\"https:\\\/\\\/www.allgeier.com\\\/de\\\/\",\"name\":\"Allgeier SE\",\"description\":\"Software &amp; IT Services for digital transformation\",\"potentialAction\":[{\"@type\":\"SearchAction\",\"target\":{\"@type\":\"EntryPoint\",\"urlTemplate\":\"https:\\\/\\\/www.allgeier.com\\\/de\\\/?s={search_term_string}\"},\"query-input\":{\"@type\":\"PropertyValueSpecification\",\"valueRequired\":true,\"valueName\":\"search_term_string\"}}],\"inLanguage\":\"de\"}]}<\/script>\n<!-- \/ Yoast SEO plugin. -->","yoast_head_json":{"title":"5-Monatszahlen 2006 - Allgeier SE","robots":{"index":"index","follow":"follow","max-snippet":"max-snippet:-1","max-image-preview":"max-image-preview:large","max-video-preview":"max-video-preview:-1"},"canonical":"https:\/\/www.allgeier.com\/de\/investor-relations\/adhoc-announcements\/5-monatszahlen-2006-2\/","og_locale":"de_DE","og_type":"article","og_title":"5-Monatszahlen 2006 - Allgeier SE","og_description":"M\u00fcnchen, 05.07.2006 Konzernumsatz um 130% gesteigert Die Allgeier Gruppe steigerte Ihren Umsatz in den saisonbedingt schwachen ersten 5 Monaten des laufenden Gesch\u00e4ftsjahres 2006 bei nur zeitanteiliger Konsolidierung der beiden Neuakquisitionen U.N.P. Software GmbH und mgm technology partners GmbH um","og_url":"https:\/\/www.allgeier.com\/de\/investor-relations\/adhoc-announcements\/5-monatszahlen-2006-2\/","og_site_name":"Allgeier SE","article_modified_time":"2025-07-23T10:26:41+00:00","twitter_card":"summary_large_image","twitter_misc":{"Gesch\u00e4tzte Lesezeit":"4\u00a0Minuten"},"schema":{"@context":"https:\/\/schema.org","@graph":[{"@type":"WebPage","@id":"https:\/\/www.allgeier.com\/de\/investor-relations\/adhoc-announcements\/5-monatszahlen-2006-2\/","url":"https:\/\/www.allgeier.com\/de\/investor-relations\/adhoc-announcements\/5-monatszahlen-2006-2\/","name":"5-Monatszahlen 2006 - Allgeier SE","isPartOf":{"@id":"https:\/\/www.allgeier.com\/de\/#website"},"datePublished":"2006-07-05T19:35:17+00:00","dateModified":"2025-07-23T10:26:41+00:00","breadcrumb":{"@id":"https:\/\/www.allgeier.com\/de\/investor-relations\/adhoc-announcements\/5-monatszahlen-2006-2\/#breadcrumb"},"inLanguage":"de","potentialAction":[{"@type":"ReadAction","target":["https:\/\/www.allgeier.com\/de\/investor-relations\/adhoc-announcements\/5-monatszahlen-2006-2\/"]}]},{"@type":"BreadcrumbList","@id":"https:\/\/www.allgeier.com\/de\/investor-relations\/adhoc-announcements\/5-monatszahlen-2006-2\/#breadcrumb","itemListElement":[{"@type":"ListItem","position":1,"name":"Home","item":"https:\/\/www.allgeier.com\/de\/"},{"@type":"ListItem","position":2,"name":"Investor Relations","item":"https:\/\/www.allgeier.com\/de\/investor-relations\/"},{"@type":"ListItem","position":3,"name":"Ad hoc-Mitteilungen","item":"https:\/\/www.allgeier.com\/de\/investor-relations\/adhoc-announcements\/"},{"@type":"ListItem","position":4,"name":"5-Monatszahlen 2006"}]},{"@type":"WebSite","@id":"https:\/\/www.allgeier.com\/de\/#website","url":"https:\/\/www.allgeier.com\/de\/","name":"Allgeier SE","description":"Software &amp; IT Services for digital transformation","potentialAction":[{"@type":"SearchAction","target":{"@type":"EntryPoint","urlTemplate":"https:\/\/www.allgeier.com\/de\/?s={search_term_string}"},"query-input":{"@type":"PropertyValueSpecification","valueRequired":true,"valueName":"search_term_string"}}],"inLanguage":"de"}]}},"_links":{"self":[{"href":"https:\/\/www.allgeier.com\/de\/wp-json\/wp\/v2\/pages\/6813","targetHints":{"allow":["GET"]}}],"collection":[{"href":"https:\/\/www.allgeier.com\/de\/wp-json\/wp\/v2\/pages"}],"about":[{"href":"https:\/\/www.allgeier.com\/de\/wp-json\/wp\/v2\/types\/page"}],"author":[{"embeddable":true,"href":"https:\/\/www.allgeier.com\/de\/wp-json\/wp\/v2\/users\/4"}],"replies":[{"embeddable":true,"href":"https:\/\/www.allgeier.com\/de\/wp-json\/wp\/v2\/comments?post=6813"}],"version-history":[{"count":1,"href":"https:\/\/www.allgeier.com\/de\/wp-json\/wp\/v2\/pages\/6813\/revisions"}],"predecessor-version":[{"id":6814,"href":"https:\/\/www.allgeier.com\/de\/wp-json\/wp\/v2\/pages\/6813\/revisions\/6814"}],"up":[{"embeddable":true,"href":"https:\/\/www.allgeier.com\/de\/wp-json\/wp\/v2\/pages\/1155"}],"wp:attachment":[{"href":"https:\/\/www.allgeier.com\/de\/wp-json\/wp\/v2\/media?parent=6813"}],"wp:term":[{"taxonomy":"category","embeddable":true,"href":"https:\/\/www.allgeier.com\/de\/wp-json\/wp\/v2\/categories?post=6813"},{"taxonomy":"post_tag","embeddable":true,"href":"https:\/\/www.allgeier.com\/de\/wp-json\/wp\/v2\/tags?post=6813"}],"curies":[{"name":"wp","href":"https:\/\/api.w.org\/{rel}","templated":true}]}}