{"id":6815,"date":"2006-05-02T19:25:32","date_gmt":"2006-05-02T19:25:32","guid":{"rendered":"https:\/\/www.allgeier.com\/de\/?page_id=6815"},"modified":"2025-07-23T10:26:42","modified_gmt":"2025-07-23T10:26:42","slug":"jahresabschlusspruefung-ergibt-abweichungen-zu-vorlaeufigen-konzernergebnissen-2005-aufgrund-ifrs-bilanzierung-2","status":"publish","type":"page","link":"https:\/\/www.allgeier.com\/de\/investor-relations\/adhoc-announcements\/jahresabschlusspruefung-ergibt-abweichungen-zu-vorlaeufigen-konzernergebnissen-2005-aufgrund-ifrs-bilanzierung-2\/","title":{"rendered":"Jahresabschlusspr\u00fcfung ergibt Abweichungen zu vorl\u00e4ufigen Konzernergebnissen 2005 aufgrund IFRS Bilanzierung"},"content":{"rendered":"<p><b>Allgeier Holding AG \/ Vorl\u00e4ufiges Ergebnis<\/b><\/p>\n<p>Ad-hoc-Meldung nach \u00a7 15 WpHG \u00fcbermittelt durch die DGAP &#8211; ein Unternehmen der EquityStory AG.<br \/>\nF\u00fcr den Inhalt der Mitteilung ist der Emittent verantwortlich.<br \/>\n&#8212;&#8212;&#8212;&#8212;&#8212;&#8212;&#8212;&#8212;&#8212;&#8212;&#8212;&#8212;&#8212;&#8212;&#8212;&#8212;&#8212;&#8212;&#8212;&#8212;&#8212;&#8212;&#8212;&#8212;&#8212;<\/p>\n<p>M\u00fcnchen, 02.05.2006 \u2013 Allgeier Holding AG hat in der Ad-hoc Mitteilung vom<br \/>\n3.2.2006 die vorl\u00e4ufigen Konzernergebnisse f\u00fcr das Gesch\u00e4ftsjahr 2005<br \/>\nmitgeteilt, die sich aus dem vom Vorstand aufgestellten, noch nicht<br \/>\ngepr\u00fcften Konzernabschluss gem\u00e4\u00df IFRS ergeben haben. Der Konzernabschluss<br \/>\nwird derzeit von den Abschlusspr\u00fcfern der Gesellschaft gepr\u00fcft. Im Laufe<br \/>\nder Pr\u00fcfungsarbeiten haben sich Punkte ergeben, die aufgrund<br \/>\nunterschiedlicher Auffassungen bei der Anwendung einzelner<br \/>\nBilanzierungsregeln gem\u00e4\u00df IFRS voraussichtlich zu einer von dem vorl\u00e4ufigen<br \/>\nKonzernabschluss abweichenden Bilanzierung f\u00fchren werden. Diese<br \/>\nAbweichungen werden Auswirkungen auf das im Konzernabschluss 2005<br \/>\nauszuweisende Ergebnis haben. Davon nicht betroffen sind die Angaben zum<br \/>\noperativen Gesch\u00e4ft der Konzerngesellschaften.<\/p>\n<p>Im Einzelnen handelt es sich insbesondere um die folgenden Punkte:<\/p>\n<p>&#8211; Bei der Erstkonsolidierung der in 2005 in den Konzern eingegliederten<br \/>\nNeuakquisitionen wird voraussichtlich als Ergebnis der<br \/>\nKonzernabschlusspr\u00fcfung eine Ver\u00e4nderung der bilanziellen Zusammensetzung<br \/>\nder zu aktivierenden Wirtschaftsg\u00fcter, insbesondere Firmenwerte vorzunehmen<br \/>\nsein. Von den insgesamt aktivierten Firmenwerten der Neuakquisitionen in<br \/>\nH\u00f6he von ca. \u20ac 14 Mio. ist ein Anteil von ca. \u20ac 3 Mio. im Zuge der Purchase<br \/>\nPrice Allocation umzugliedern. Dies wird voraussichtlich zu h\u00f6herem Aufwand<br \/>\n(Materialaufwand, Abschreibungen) in der Gr\u00f6\u00dfenordnung von ca. \u20ac 1,3 Mio.<br \/>\nf\u00fchren mit der Folge einer entsprechenden Reduzierung des Ergebnisausweises<br \/>\nim Konzernabschluss.<\/p>\n<p>&#8211; Bei der Entkonsolidierung des in 2005 ver\u00e4u\u00dferten Gesch\u00e4ftsbereichs<br \/>\nBasistechnologien ist voraussichtlich gegen\u00fcber dem vorl\u00e4ufigen<br \/>\nKonzernabschluss eine \u00c4nderung des bilanziellen Ausweises von latenten<br \/>\nSteuern vorzunehmen. Die betreffenden Ergebnispositionen werden dabei nicht<br \/>\nmehr als sonstige Ertr\u00e4ge ausgewiesen, sondern unmittelbar dem<br \/>\nSteuerausweis zugeordnet. Dadurch reduziert sich das Ergebnis vor Steuern<br \/>\nentsprechend. Die \u00c4nderung ist jedoch ohne Auswirkung auf den<br \/>\nJahres\u00fcberschuss des Konzerns.<\/p>\n<p>Ferner pr\u00fcft die Deutsche Pr\u00fcfstelle f\u00fcr Rechnungslegung (DPR) seit<br \/>\nNovember 2005 den Konzernabschluss der Allgeier Holding AG f\u00fcr das<br \/>\nGesch\u00e4ftsjahr 2004. Dabei hat die DPR eine von der Auffassung der<br \/>\nVerwaltung der Allgeier Holding AG und der Konzernabschlusspr\u00fcfer<br \/>\nabweichende Auffassung zur Auslegung einzelner Bilanzierungsregeln gem\u00e4\u00df<br \/>\nIFRS entwickelt. Diese Auffassungsunterschiede betreffen insbesondere die<br \/>\nBilanzierung latenter Steuern im Gesch\u00e4ftsjahr 2004 auf Konzernebene und<br \/>\ndie Verteilung des Unterschiedsbetrags zwischen dem Kaufpreis und dem<br \/>\nerworbenen Eigenkapital einer in 2004 erfolgten Akquisition. W\u00e4hrend der<br \/>\nVorstand und der Abschlusspr\u00fcfer der Gesellschaft den Unterschiedsbetrag<br \/>\ndem Firmenwert zugeordnet haben, scheint die DPR Teile des<br \/>\nUnterschiedsbetrages dem Auftragsbestand und dem Kundenstamm zuordnen zu<br \/>\nwollen. Dies w\u00fcrde in 2004 und den Folgejahren zu erh\u00f6hten Aufwendungen und<br \/>\nentsprechenden Ergebnisreduzierungen f\u00fchren.<\/p>\n<p>Der Vorstand erw\u00e4gt den Konzernabschluss 2004 entsprechend der von der DPR<br \/>\nvertretenen Auffassung zu \u00e4ndern um den zeitaufw\u00e4ndigen und<br \/>\nkapazit\u00e4tsbindenden Pr\u00fcfungs- und Diskussionsprozess mit der DPR damit zu<br \/>\nbeenden. Die m\u00f6gliche \u00c4nderung des Konzernabschlusses f\u00fcr das Gesch\u00e4ftsjahr<br \/>\n2004 w\u00fcrde zu einer Anpassung bei der Aktivierung latenter Steuern in der<br \/>\nGr\u00f6\u00dfenordnung von ca. \u20ac 4,0 Mio. und einer entsprechenden Reduzierung der<br \/>\nVorjahreszahlen des Konzerns f\u00fchren. Als Folge m\u00fcsste aber ein wesentlicher<br \/>\nTeilbetrag im Konzernabschluss 2005 ergebniserh\u00f6hend wieder gebildet<br \/>\nwerden, sodass es sich im Wesentlichen um Verschiebungseffekte zwischen<br \/>\n2004 und 2005 handelt.<\/p>\n<p>Die Abschlusspr\u00fcfung f\u00fcr den Konzernabschluss 2005 ist noch nicht beendet.<br \/>\nDer Vorstand wird die vorstehenden Punkte umfassend mit den<br \/>\nAbschlusspr\u00fcfern diskutieren und danach eine abschlie\u00dfende Entscheidung<br \/>\n\u00fcber die endg\u00fcltige Fassung des Konzernabschlusses 2005 treffen.<\/p>\n<p>Kontakt:<br \/>\nAllgeier Holding AG<br \/>\nChristian Eggenberger<br \/>\nVorstand<br \/>\nWehrlestr. 12<br \/>\n81679 M\u00fcnchen<br \/>\nTel. 089 \u2013 998421-0<br \/>\nFax 089 \u2013 998421-11<br \/>\nE-Mail: ir@allgeier-holding.de<br \/>\nwww.allgeier-holding.de<\/p>\n<p>Das Unternehmen<br \/>\nDie Allgeier Holding AG fungiert als F\u00fchrungsholding einer europaweit<br \/>\nagierenden Unternehmensgruppe, die sich auf zwei wachstumsstarke M\u00e4rkte<br \/>\nkonzentriert: IT-Services und Personal-Services. Mit unseren IT-Services<br \/>\nunterst\u00fctzen wir Unternehmen bei der Umsetzung von Innovationen, der<br \/>\nVerbesserung des Informationsflusses und der Optimierung von<br \/>\nGesch\u00e4ftsabl\u00e4ufen. Die on-demand Personal-Services helfen unseren Kunden,<br \/>\nihre Prozesse und Kapazit\u00e4ten flexibel an die Auftragslage anzupassen. Ende<br \/>\n2005 besch\u00e4ftigte die Allgeier-Gruppe \u00fcber 2000 Mitarbeiter in neun<br \/>\neigenst\u00e4ndigen, leistungsf\u00e4higen Mittelstands-Unternehmen. Die Allgeier<br \/>\nHolding AG hat ihren Sitz in M\u00fcnchen und ist am geregelten Markt der<br \/>\nFrankfurter B\u00f6rse im Segment General Standard notiert (WKN 508630\/ISIN DE<br \/>\n000508630).<\/p>\n<p>Wichtiger Hinweis:<br \/>\nDiese Ad-hoc Mitteilung\/Pressemitteilung enth\u00e4lt in die Zukunft gerichtete<br \/>\nAussagen, die auf Annahmen und Sch\u00e4tzungen der Unternehmensleitung der<br \/>\nAllgeier Holding AG beruhen. Auch wenn die Unternehmensleitung der Ansicht<br \/>\nist, dass diese Annahmen und Sch\u00e4tzungen zutreffend sind, k\u00f6nnen die<br \/>\nk\u00fcnftige tats\u00e4chliche Entwicklung und die k\u00fcnftigen tats\u00e4chlichen<br \/>\nErgebnisse von diesen Annahmen und Sch\u00e4tzungen aufgrund vielf\u00e4ltiger<br \/>\nFaktoren erheblich abweichen. Zu diesen Faktoren k\u00f6nnen beispielsweise die<br \/>\nVer\u00e4nderung der gesamtwirtschaftlichen Lage, der Wechselkurse, der<br \/>\nZinss\u00e4tze sowie Ver\u00e4nderungen innerhalb der Marktentwicklung und der sich<br \/>\nver\u00e4nderten Wettbewerbssituation geh\u00f6ren. Die Allgeier Holding AG \u00fcbernimmt<br \/>\nkeine Gew\u00e4hrleistung und keine Haftung daf\u00fcr, dass die k\u00fcnftige Entwicklung<br \/>\nund die k\u00fcnftig erzielten tats\u00e4chlichen Ergebnisse mit den in dieser Ad-hoc<br \/>\nMitteilung\/Pressemitteilung ge\u00e4u\u00dferten Annahmen und Sch\u00e4tzungen<br \/>\n\u00fcbereinstimmen werden.<\/p>\n<p>DGAP 02.05.2006<br \/>\n&#8212;&#8212;&#8212;&#8212;&#8212;&#8212;&#8212;&#8212;&#8212;&#8212;&#8212;&#8212;&#8212;&#8212;&#8212;&#8212;&#8212;&#8212;&#8212;&#8212;&#8212;&#8212;&#8212;&#8212;&#8212;<\/p>\n<p>Sprache:      Deutsch<br \/>\nEmittent:     Allgeier Holding AG<br \/>\n              Wehrlestrasse 12<br \/>\n              81679 M\u00fcnchen Deutschland<br \/>\nTelefon:      +49 (0)89 998 421-0<br \/>\nFax:          +49 (0)89 998 421-11<br \/>\nEmail:        info@allgeier.com<br \/>\nWWW:          www.allgeier-holding.com<br \/>\nISIN:         DE0005086300<br \/>\nWKN:          508630<br \/>\nIndizes:      CDAX<br \/>\nB\u00f6rsen:       Geregelter Markt in Frankfurt (General Standard); Freiverkehr<br \/>\n              in Berlin-Bremen, Hannover, D\u00fcsseldorf, Hamburg, Stuttgart<\/p>\n<p>Ende der Mitteilung                             DGAP News-Service<\/p>\n<p>&#8212;&#8212;&#8212;&#8212;&#8212;&#8212;&#8212;&#8212;&#8212;&#8212;&#8212;&#8212;&#8212;&#8212;&#8212;&#8212;&#8212;&#8212;&#8212;&#8212;&#8212;&#8212;&#8212;&#8212;&#8212;<\/p>\n","protected":false},"excerpt":{"rendered":"<p>M\u00fcnchen, 02.05.2006 \u2013 Allgeier Holding AG hat in der Ad-hoc Mitteilung vom 3.2.2006 die vorl\u00e4ufigen Konzernergebnisse f\u00fcr das Gesch\u00e4ftsjahr 2005 mitgeteilt, die sich aus dem vom Vorstand aufgestellten, noch nicht gepr\u00fcften Konzernabschluss gem\u00e4\u00df IFRS ergeben haben. Der Konzernabschluss wird derzeit von<\/p>\n","protected":false},"author":4,"featured_media":0,"parent":1155,"menu_order":0,"comment_status":"close","ping_status":"closed","template":"","meta":{"_acf_changed":false,"footnotes":""},"categories":[],"tags":[],"class_list":["post-6815","page","type-page","status-publish","hentry"],"acf":[],"yoast_head":"<!-- This site is optimized with the Yoast SEO plugin v27.4 - https:\/\/yoast.com\/product\/yoast-seo-wordpress\/ -->\n<title>Jahresabschlusspr\u00fcfung ergibt Abweichungen zu vorl\u00e4ufigen Konzernergebnissen 2005 aufgrund IFRS Bilanzierung - Allgeier SE<\/title>\n<meta name=\"robots\" content=\"index, follow, max-snippet:-1, max-image-preview:large, max-video-preview:-1\" \/>\n<link rel=\"canonical\" href=\"https:\/\/www.allgeier.com\/de\/investor-relations\/adhoc-announcements\/jahresabschlusspruefung-ergibt-abweichungen-zu-vorlaeufigen-konzernergebnissen-2005-aufgrund-ifrs-bilanzierung-2\/\" \/>\n<meta property=\"og:locale\" content=\"de_DE\" \/>\n<meta property=\"og:type\" content=\"article\" \/>\n<meta property=\"og:title\" content=\"Jahresabschlusspr\u00fcfung ergibt Abweichungen zu vorl\u00e4ufigen Konzernergebnissen 2005 aufgrund IFRS Bilanzierung - Allgeier SE\" \/>\n<meta property=\"og:description\" content=\"M\u00fcnchen, 02.05.2006 \u2013 Allgeier Holding AG hat in der Ad-hoc Mitteilung vom 3.2.2006 die vorl\u00e4ufigen Konzernergebnisse f\u00fcr das Gesch\u00e4ftsjahr 2005 mitgeteilt, die sich aus dem vom Vorstand aufgestellten, noch nicht gepr\u00fcften Konzernabschluss gem\u00e4\u00df IFRS ergeben haben. Der Konzernabschluss wird derzeit von\" \/>\n<meta property=\"og:url\" content=\"https:\/\/www.allgeier.com\/de\/investor-relations\/adhoc-announcements\/jahresabschlusspruefung-ergibt-abweichungen-zu-vorlaeufigen-konzernergebnissen-2005-aufgrund-ifrs-bilanzierung-2\/\" \/>\n<meta property=\"og:site_name\" content=\"Allgeier SE\" \/>\n<meta property=\"article:modified_time\" content=\"2025-07-23T10:26:42+00:00\" \/>\n<meta name=\"twitter:card\" content=\"summary_large_image\" \/>\n<meta name=\"twitter:label1\" content=\"Gesch\u00e4tzte Lesezeit\" \/>\n\t<meta name=\"twitter:data1\" content=\"4\u00a0Minuten\" \/>\n<script type=\"application\/ld+json\" class=\"yoast-schema-graph\">{\"@context\":\"https:\\\/\\\/schema.org\",\"@graph\":[{\"@type\":\"WebPage\",\"@id\":\"https:\\\/\\\/www.allgeier.com\\\/de\\\/investor-relations\\\/adhoc-announcements\\\/jahresabschlusspruefung-ergibt-abweichungen-zu-vorlaeufigen-konzernergebnissen-2005-aufgrund-ifrs-bilanzierung-2\\\/\",\"url\":\"https:\\\/\\\/www.allgeier.com\\\/de\\\/investor-relations\\\/adhoc-announcements\\\/jahresabschlusspruefung-ergibt-abweichungen-zu-vorlaeufigen-konzernergebnissen-2005-aufgrund-ifrs-bilanzierung-2\\\/\",\"name\":\"Jahresabschlusspr\u00fcfung ergibt Abweichungen zu vorl\u00e4ufigen Konzernergebnissen 2005 aufgrund IFRS Bilanzierung - Allgeier SE\",\"isPartOf\":{\"@id\":\"https:\\\/\\\/www.allgeier.com\\\/de\\\/#website\"},\"datePublished\":\"2006-05-02T19:25:32+00:00\",\"dateModified\":\"2025-07-23T10:26:42+00:00\",\"breadcrumb\":{\"@id\":\"https:\\\/\\\/www.allgeier.com\\\/de\\\/investor-relations\\\/adhoc-announcements\\\/jahresabschlusspruefung-ergibt-abweichungen-zu-vorlaeufigen-konzernergebnissen-2005-aufgrund-ifrs-bilanzierung-2\\\/#breadcrumb\"},\"inLanguage\":\"de\",\"potentialAction\":[{\"@type\":\"ReadAction\",\"target\":[\"https:\\\/\\\/www.allgeier.com\\\/de\\\/investor-relations\\\/adhoc-announcements\\\/jahresabschlusspruefung-ergibt-abweichungen-zu-vorlaeufigen-konzernergebnissen-2005-aufgrund-ifrs-bilanzierung-2\\\/\"]}]},{\"@type\":\"BreadcrumbList\",\"@id\":\"https:\\\/\\\/www.allgeier.com\\\/de\\\/investor-relations\\\/adhoc-announcements\\\/jahresabschlusspruefung-ergibt-abweichungen-zu-vorlaeufigen-konzernergebnissen-2005-aufgrund-ifrs-bilanzierung-2\\\/#breadcrumb\",\"itemListElement\":[{\"@type\":\"ListItem\",\"position\":1,\"name\":\"Home\",\"item\":\"https:\\\/\\\/www.allgeier.com\\\/de\\\/\"},{\"@type\":\"ListItem\",\"position\":2,\"name\":\"Investor Relations\",\"item\":\"https:\\\/\\\/www.allgeier.com\\\/de\\\/investor-relations\\\/\"},{\"@type\":\"ListItem\",\"position\":3,\"name\":\"Ad hoc-Mitteilungen\",\"item\":\"https:\\\/\\\/www.allgeier.com\\\/de\\\/investor-relations\\\/adhoc-announcements\\\/\"},{\"@type\":\"ListItem\",\"position\":4,\"name\":\"Jahresabschlusspr\u00fcfung ergibt Abweichungen zu vorl\u00e4ufigen Konzernergebnissen 2005 aufgrund IFRS Bilanzierung\"}]},{\"@type\":\"WebSite\",\"@id\":\"https:\\\/\\\/www.allgeier.com\\\/de\\\/#website\",\"url\":\"https:\\\/\\\/www.allgeier.com\\\/de\\\/\",\"name\":\"Allgeier SE\",\"description\":\"Software &amp; IT Services for digital transformation\",\"potentialAction\":[{\"@type\":\"SearchAction\",\"target\":{\"@type\":\"EntryPoint\",\"urlTemplate\":\"https:\\\/\\\/www.allgeier.com\\\/de\\\/?s={search_term_string}\"},\"query-input\":{\"@type\":\"PropertyValueSpecification\",\"valueRequired\":true,\"valueName\":\"search_term_string\"}}],\"inLanguage\":\"de\"}]}<\/script>\n<!-- \/ Yoast SEO plugin. -->","yoast_head_json":{"title":"Jahresabschlusspr\u00fcfung ergibt Abweichungen zu vorl\u00e4ufigen Konzernergebnissen 2005 aufgrund IFRS Bilanzierung - Allgeier SE","robots":{"index":"index","follow":"follow","max-snippet":"max-snippet:-1","max-image-preview":"max-image-preview:large","max-video-preview":"max-video-preview:-1"},"canonical":"https:\/\/www.allgeier.com\/de\/investor-relations\/adhoc-announcements\/jahresabschlusspruefung-ergibt-abweichungen-zu-vorlaeufigen-konzernergebnissen-2005-aufgrund-ifrs-bilanzierung-2\/","og_locale":"de_DE","og_type":"article","og_title":"Jahresabschlusspr\u00fcfung ergibt Abweichungen zu vorl\u00e4ufigen Konzernergebnissen 2005 aufgrund IFRS Bilanzierung - Allgeier SE","og_description":"M\u00fcnchen, 02.05.2006 \u2013 Allgeier Holding AG hat in der Ad-hoc Mitteilung vom 3.2.2006 die vorl\u00e4ufigen Konzernergebnisse f\u00fcr das Gesch\u00e4ftsjahr 2005 mitgeteilt, die sich aus dem vom Vorstand aufgestellten, noch nicht gepr\u00fcften Konzernabschluss gem\u00e4\u00df IFRS ergeben haben. Der Konzernabschluss wird derzeit von","og_url":"https:\/\/www.allgeier.com\/de\/investor-relations\/adhoc-announcements\/jahresabschlusspruefung-ergibt-abweichungen-zu-vorlaeufigen-konzernergebnissen-2005-aufgrund-ifrs-bilanzierung-2\/","og_site_name":"Allgeier SE","article_modified_time":"2025-07-23T10:26:42+00:00","twitter_card":"summary_large_image","twitter_misc":{"Gesch\u00e4tzte Lesezeit":"4\u00a0Minuten"},"schema":{"@context":"https:\/\/schema.org","@graph":[{"@type":"WebPage","@id":"https:\/\/www.allgeier.com\/de\/investor-relations\/adhoc-announcements\/jahresabschlusspruefung-ergibt-abweichungen-zu-vorlaeufigen-konzernergebnissen-2005-aufgrund-ifrs-bilanzierung-2\/","url":"https:\/\/www.allgeier.com\/de\/investor-relations\/adhoc-announcements\/jahresabschlusspruefung-ergibt-abweichungen-zu-vorlaeufigen-konzernergebnissen-2005-aufgrund-ifrs-bilanzierung-2\/","name":"Jahresabschlusspr\u00fcfung ergibt Abweichungen zu vorl\u00e4ufigen Konzernergebnissen 2005 aufgrund IFRS Bilanzierung - Allgeier SE","isPartOf":{"@id":"https:\/\/www.allgeier.com\/de\/#website"},"datePublished":"2006-05-02T19:25:32+00:00","dateModified":"2025-07-23T10:26:42+00:00","breadcrumb":{"@id":"https:\/\/www.allgeier.com\/de\/investor-relations\/adhoc-announcements\/jahresabschlusspruefung-ergibt-abweichungen-zu-vorlaeufigen-konzernergebnissen-2005-aufgrund-ifrs-bilanzierung-2\/#breadcrumb"},"inLanguage":"de","potentialAction":[{"@type":"ReadAction","target":["https:\/\/www.allgeier.com\/de\/investor-relations\/adhoc-announcements\/jahresabschlusspruefung-ergibt-abweichungen-zu-vorlaeufigen-konzernergebnissen-2005-aufgrund-ifrs-bilanzierung-2\/"]}]},{"@type":"BreadcrumbList","@id":"https:\/\/www.allgeier.com\/de\/investor-relations\/adhoc-announcements\/jahresabschlusspruefung-ergibt-abweichungen-zu-vorlaeufigen-konzernergebnissen-2005-aufgrund-ifrs-bilanzierung-2\/#breadcrumb","itemListElement":[{"@type":"ListItem","position":1,"name":"Home","item":"https:\/\/www.allgeier.com\/de\/"},{"@type":"ListItem","position":2,"name":"Investor Relations","item":"https:\/\/www.allgeier.com\/de\/investor-relations\/"},{"@type":"ListItem","position":3,"name":"Ad hoc-Mitteilungen","item":"https:\/\/www.allgeier.com\/de\/investor-relations\/adhoc-announcements\/"},{"@type":"ListItem","position":4,"name":"Jahresabschlusspr\u00fcfung ergibt Abweichungen zu vorl\u00e4ufigen Konzernergebnissen 2005 aufgrund IFRS Bilanzierung"}]},{"@type":"WebSite","@id":"https:\/\/www.allgeier.com\/de\/#website","url":"https:\/\/www.allgeier.com\/de\/","name":"Allgeier SE","description":"Software &amp; IT Services for digital transformation","potentialAction":[{"@type":"SearchAction","target":{"@type":"EntryPoint","urlTemplate":"https:\/\/www.allgeier.com\/de\/?s={search_term_string}"},"query-input":{"@type":"PropertyValueSpecification","valueRequired":true,"valueName":"search_term_string"}}],"inLanguage":"de"}]}},"_links":{"self":[{"href":"https:\/\/www.allgeier.com\/de\/wp-json\/wp\/v2\/pages\/6815","targetHints":{"allow":["GET"]}}],"collection":[{"href":"https:\/\/www.allgeier.com\/de\/wp-json\/wp\/v2\/pages"}],"about":[{"href":"https:\/\/www.allgeier.com\/de\/wp-json\/wp\/v2\/types\/page"}],"author":[{"embeddable":true,"href":"https:\/\/www.allgeier.com\/de\/wp-json\/wp\/v2\/users\/4"}],"replies":[{"embeddable":true,"href":"https:\/\/www.allgeier.com\/de\/wp-json\/wp\/v2\/comments?post=6815"}],"version-history":[{"count":1,"href":"https:\/\/www.allgeier.com\/de\/wp-json\/wp\/v2\/pages\/6815\/revisions"}],"predecessor-version":[{"id":6816,"href":"https:\/\/www.allgeier.com\/de\/wp-json\/wp\/v2\/pages\/6815\/revisions\/6816"}],"up":[{"embeddable":true,"href":"https:\/\/www.allgeier.com\/de\/wp-json\/wp\/v2\/pages\/1155"}],"wp:attachment":[{"href":"https:\/\/www.allgeier.com\/de\/wp-json\/wp\/v2\/media?parent=6815"}],"wp:term":[{"taxonomy":"category","embeddable":true,"href":"https:\/\/www.allgeier.com\/de\/wp-json\/wp\/v2\/categories?post=6815"},{"taxonomy":"post_tag","embeddable":true,"href":"https:\/\/www.allgeier.com\/de\/wp-json\/wp\/v2\/tags?post=6815"}],"curies":[{"name":"wp","href":"https:\/\/api.w.org\/{rel}","templated":true}]}}