{"id":6817,"date":"2010-08-16T09:12:03","date_gmt":"2010-08-16T09:12:03","guid":{"rendered":"https:\/\/www.allgeier.com\/de\/?page_id=6817"},"modified":"2025-07-23T10:26:42","modified_gmt":"2025-07-23T10:26:42","slug":"allgeier-holding-ag-allgeier-holding-ag-weiter-auf-positivem-wachstumspfad-2","status":"publish","type":"page","link":"https:\/\/www.allgeier.com\/de\/investor-relations\/adhoc-announcements\/allgeier-holding-ag-allgeier-holding-ag-weiter-auf-positivem-wachstumspfad-2\/","title":{"rendered":"ALLGEIER HOLDING AG: Allgeier Holding AG weiter auf positivem Wachstumspfad"},"content":{"rendered":"<p><b>ALLGEIER HOLDING AG \/ Halbjahresergebnis<\/b><\/p>\n<p>16.08.2010 11:12<\/p>\n<p>Ver\u00f6ffentlichung einer Ad-hoc-Mitteilung nach \u00a7 15 WpHG, \u00fcbermittelt<br \/>\ndurch die DGAP &#8211; ein Unternehmen der EquityStory AG.<br \/>\nF\u00fcr den Inhalt der Mitteilung ist der Emittent verantwortlich.<\/p>\n<p>&#8212;&#8212;&#8212;&#8212;&#8212;&#8212;&#8212;&#8212;&#8212;&#8212;&#8212;&#8212;&#8212;&#8212;&#8212;&#8212;&#8212;&#8212;&#8212;&#8212;&#8212;&#8212;&#8212;&#8212;&#8212;<\/p>\n<p>M\u00fcnchen, 16. August 2010 &#8211; Die Allgeier Holding AG (ISIN: DE0005086300;<br \/>\nWKN: 508630), ein f\u00fchrender IT-Dienstleister in Deutschland, gibt die<br \/>\nGesch\u00e4ftszahlen f\u00fcr das zweite Quartal sowie das erste Halbjahr 2010<br \/>\nbekannt.<\/p>\n<p>Allgeier konnte im zweiten Quartal (01.04.2010 &#8211; 30.06.2010) ihren<br \/>\npositiven Wachstumskurs fortf\u00fchren und weitere Marktanteile gewinnen. Die<br \/>\nUms\u00e4tze stiegen im zweiten Quartal 2010 um 35% auf 71,7 Mio. EUR (Q2 2009:<br \/>\n53,2 Mio. EUR). Das EBITA (Ergebnis vor Zinsen, Steuern und Abschreibungen<br \/>\nauf Kaufpreis-Allokationen), die zentrale operative F\u00fchrungsgr\u00f6\u00dfe in der<br \/>\nAllgeier-Gruppe, blieb mit 2,5 Mio. EUR auf Vorjahresniveau (Q2 2009: 2,5<br \/>\nMio. EUR).<\/p>\n<p>F\u00fcr das erste Halbjahr 2010 (01.01.2010 &#8211; 30.06.2010) ergibt sich eine<br \/>\nUmsatzsteigerung von 24% auf 133,7 Mio. EUR. Das Umsatzplus resultiert<br \/>\nsowohl aus einem organischen Wachstum von 9% wie auch aus der Zugeh\u00f6rigkeit<br \/>\nder neuen Gruppengesellschaften Allgeier Data Center Services, Solveos,<br \/>\nDidas und BSR &amp; Partner.<\/p>\n<p>Das EBITDA (Ergebnis vor Zinsen, Steuern und Abschreibungen) ging im ersten<br \/>\nHalbjahr 2010 um 7% auf 5,2 Mio. EUR (Vorjahr: 5,5 Mio. EUR) zur\u00fcck. Das<br \/>\nEBITA fiel um 14% auf 4,2 Mio. EUR (Vorjahr: 4,9 Mio. EUR), und das EBIT<br \/>\n(Ergebnis vor Zinsen und Steuern) reduzierte sich um 7% auf 2,7 Mio. EUR<br \/>\n(Vorjahr: 2,9 Mio. EUR). In der Pro-Forma-Betrachtung, unter Einbezug der<br \/>\ngesamten Ergebnisse aller zum 30.06.2010 zur Gruppe zugeh\u00f6rigen<br \/>\nUnternehmen, lag das EBITA bei 5,4 Mio. EUR und damit 7% hinter dem<br \/>\nVorjahrsergebnis von 5,8 Mio. EUR.<\/p>\n<p>F\u00fcr den Ergebnisr\u00fcckgang verantwortlich waren das wirtschaftlich schwierige<br \/>\nMarktumfeld, die negativen Ergebnisbeitr\u00e4ge in H\u00f6he von insgesamt 0,6 Mio.<br \/>\nEUR der aus Insolvenzen erworbenen Gesellschaften und Verm\u00f6gensgegenst\u00e4nde<br \/>\nder Allgeier Data Center Services und Solveos im ersten Quartal 2010 sowie<br \/>\ndie Belastungen durch geringere Auftragsvolumina einzelner Kunden im<br \/>\nIT-Services-Bereich.<\/p>\n<p>Der Halbjahresbericht 2010 der Allgeier Holding AG steht ab sofort auf der<br \/>\nWebsite www.allgeier-holding.de zum Download zur Verf\u00fcgung.<\/p>\n<p>Kontakt:<br \/>\nAllgeier Holding AG<br \/>\nDr. Holger von Daniels<br \/>\nWehrlestr. 12<br \/>\n81679 M\u00fcnchen<br \/>\nTel.: +49 (0)89\/998421-0<br \/>\nFax: +49 (0)89\/998421-11<br \/>\neMail: ir@allgeier-holding.de<br \/>\nWeb: www.allgeier.com<\/p>\n<p>Kurzprofil Allgeier Holding AG:<br \/>\nDie Allgeier Holding AG ist eine b\u00f6rsennotierte Dienstleistungsgruppe mit<br \/>\nSitz in M\u00fcnchen. Die Unternehmen der Allgeier Gruppe konzentrieren sich auf<br \/>\nden wachsenden Markt f\u00fcr IT Services sowie angrenzende Dienstleistungen zur<br \/>\nFlexibilisierung von Arbeits- und Kostenstrukturen. Die Unternehmen der<br \/>\nAllgeier Gruppe werden unter dem Dach der Allgeier Holding AG jeweils von<br \/>\neigenen Gesch\u00e4ftsf\u00fchrungen geleitet. Die einzelnen Gesellschaften arbeiten<br \/>\nim Sinne mittelst\u00e4ndischer Unternehmen eigenst\u00e4ndig und nutzen zugleich das<br \/>\ngesamte Service- und Leistungsspektrum der Unternehmensgruppe. Die Holding<br \/>\n\u00fcbernimmt dabei insbesondere die strategische Steuerung, das Management des<br \/>\nGruppenwachstums, Konzernfinanzierung und -controlling sowie weitere<br \/>\nzentrale Funktionen. Die Allgeier Gruppe umfasst 16 operative<br \/>\nTochtergesellschaften mit insgesamt 1.250 festen und 1.300 freien<br \/>\nMitarbeitern und betreut \u00fcber 2.500 Kunden aus allen Branchen. In<br \/>\nDeutschland verf\u00fcgt die Gesellschaft \u00fcber 43 Niederlassungen und 14 weitere<br \/>\nin den Niederlanden, Belgien, Rum\u00e4nien, der Schweiz und \u00d6sterreich. Die<br \/>\nAllgeier Holding AG ist am regulierten Markt der Frankfurter B\u00f6rse im<br \/>\nSegment General Standard notiert (WKN 508630\/ISIN DE0005086300). Weitere<br \/>\nInformationen unter: www.allgeier.com.<\/p>\n<p>16.08.2010 Ad-hoc-Meldungen, Finanznachrichten und Pressemitteilungen \u00fcbermittelt durch die DGAP.<br \/>\nMedienarchiv unter http:\/\/www.dgap-medientreff.de und http:\/\/www.dgap.de<\/p>\n<p>&#8212;&#8212;&#8212;&#8212;&#8212;&#8212;&#8212;&#8212;&#8212;&#8212;&#8212;&#8212;&#8212;&#8212;&#8212;&#8212;&#8212;&#8212;&#8212;&#8212;&#8212;&#8212;&#8212;&#8212;&#8212;<\/p>\n<p>Sprache:      Deutsch<br \/>\nUnternehmen:  ALLGEIER HOLDING AG<br \/>\n              Wehrlestra\u00dfe 12<br \/>\n              81679 M\u00fcnchen<br \/>\n              Deutschland<br \/>\nTelefon:      +49 (0) 89 &#8211; 99 84 21 0<br \/>\nFax:          +49 (0) 89 &#8211; 99 84 21 11<br \/>\nE-Mail:       info@allgeier.com<br \/>\nInternet:     http:\/\/www.allgeier.com<br \/>\nISIN:         DE0005086300<br \/>\nWKN:          508630<br \/>\nIndizes:      CDAX<br \/>\nB\u00f6rsen:       Regulierter Markt in Frankfurt (General Standard);<br \/>\n              Freiverkehr in Hamburg, D\u00fcsseldorf, Berlin, Stuttgart<\/p>\n<p>Ende der Mitteilung                             DGAP News-Service<\/p>\n<p>&#8212;&#8212;&#8212;&#8212;&#8212;&#8212;&#8212;&#8212;&#8212;&#8212;&#8212;&#8212;&#8212;&#8212;&#8212;&#8212;&#8212;&#8212;&#8212;&#8212;&#8212;&#8212;&#8212;&#8212;&#8212;<\/p>\n","protected":false},"excerpt":{"rendered":"<p>M\u00fcnchen, 16. August 2010 &#8211; Die Allgeier Holding AG (ISIN: DE0005086300; WKN: 508630), ein f\u00fchrender IT-Dienstleister in Deutschland, gibt die Gesch\u00e4ftszahlen f\u00fcr das zweite Quartal sowie das erste Halbjahr 2010 bekannt. Allgeier konnte im zweiten Quartal (01.04.2<\/p>\n","protected":false},"author":4,"featured_media":0,"parent":1155,"menu_order":0,"comment_status":"close","ping_status":"closed","template":"","meta":{"_acf_changed":false,"footnotes":""},"categories":[],"tags":[],"class_list":["post-6817","page","type-page","status-publish","hentry"],"acf":[],"yoast_head":"<!-- This site is optimized with the Yoast SEO plugin v27.4 - https:\/\/yoast.com\/product\/yoast-seo-wordpress\/ -->\n<title>ALLGEIER HOLDING AG: Allgeier Holding AG weiter auf positivem Wachstumspfad - Allgeier SE<\/title>\n<meta name=\"robots\" content=\"index, follow, max-snippet:-1, max-image-preview:large, max-video-preview:-1\" \/>\n<link rel=\"canonical\" href=\"https:\/\/www.allgeier.com\/de\/investor-relations\/adhoc-announcements\/allgeier-holding-ag-allgeier-holding-ag-weiter-auf-positivem-wachstumspfad-2\/\" \/>\n<meta property=\"og:locale\" content=\"de_DE\" \/>\n<meta property=\"og:type\" content=\"article\" \/>\n<meta property=\"og:title\" content=\"ALLGEIER HOLDING AG: Allgeier Holding AG weiter auf positivem Wachstumspfad - Allgeier SE\" \/>\n<meta property=\"og:description\" content=\"M\u00fcnchen, 16. August 2010 - Die Allgeier Holding AG (ISIN: DE0005086300; WKN: 508630), ein f\u00fchrender IT-Dienstleister in Deutschland, gibt die Gesch\u00e4ftszahlen f\u00fcr das zweite Quartal sowie das erste Halbjahr 2010 bekannt. Allgeier konnte im zweiten Quartal (01.04.2\" \/>\n<meta property=\"og:url\" content=\"https:\/\/www.allgeier.com\/de\/investor-relations\/adhoc-announcements\/allgeier-holding-ag-allgeier-holding-ag-weiter-auf-positivem-wachstumspfad-2\/\" \/>\n<meta property=\"og:site_name\" content=\"Allgeier SE\" \/>\n<meta property=\"article:modified_time\" content=\"2025-07-23T10:26:42+00:00\" \/>\n<meta name=\"twitter:card\" content=\"summary_large_image\" \/>\n<meta name=\"twitter:label1\" content=\"Gesch\u00e4tzte Lesezeit\" \/>\n\t<meta name=\"twitter:data1\" content=\"3\u00a0Minuten\" \/>\n<script type=\"application\/ld+json\" class=\"yoast-schema-graph\">{\"@context\":\"https:\\\/\\\/schema.org\",\"@graph\":[{\"@type\":\"WebPage\",\"@id\":\"https:\\\/\\\/www.allgeier.com\\\/de\\\/investor-relations\\\/adhoc-announcements\\\/allgeier-holding-ag-allgeier-holding-ag-weiter-auf-positivem-wachstumspfad-2\\\/\",\"url\":\"https:\\\/\\\/www.allgeier.com\\\/de\\\/investor-relations\\\/adhoc-announcements\\\/allgeier-holding-ag-allgeier-holding-ag-weiter-auf-positivem-wachstumspfad-2\\\/\",\"name\":\"ALLGEIER HOLDING AG: Allgeier Holding AG weiter auf positivem Wachstumspfad - Allgeier SE\",\"isPartOf\":{\"@id\":\"https:\\\/\\\/www.allgeier.com\\\/de\\\/#website\"},\"datePublished\":\"2010-08-16T09:12:03+00:00\",\"dateModified\":\"2025-07-23T10:26:42+00:00\",\"breadcrumb\":{\"@id\":\"https:\\\/\\\/www.allgeier.com\\\/de\\\/investor-relations\\\/adhoc-announcements\\\/allgeier-holding-ag-allgeier-holding-ag-weiter-auf-positivem-wachstumspfad-2\\\/#breadcrumb\"},\"inLanguage\":\"de\",\"potentialAction\":[{\"@type\":\"ReadAction\",\"target\":[\"https:\\\/\\\/www.allgeier.com\\\/de\\\/investor-relations\\\/adhoc-announcements\\\/allgeier-holding-ag-allgeier-holding-ag-weiter-auf-positivem-wachstumspfad-2\\\/\"]}]},{\"@type\":\"BreadcrumbList\",\"@id\":\"https:\\\/\\\/www.allgeier.com\\\/de\\\/investor-relations\\\/adhoc-announcements\\\/allgeier-holding-ag-allgeier-holding-ag-weiter-auf-positivem-wachstumspfad-2\\\/#breadcrumb\",\"itemListElement\":[{\"@type\":\"ListItem\",\"position\":1,\"name\":\"Home\",\"item\":\"https:\\\/\\\/www.allgeier.com\\\/de\\\/\"},{\"@type\":\"ListItem\",\"position\":2,\"name\":\"Investor Relations\",\"item\":\"https:\\\/\\\/www.allgeier.com\\\/de\\\/investor-relations\\\/\"},{\"@type\":\"ListItem\",\"position\":3,\"name\":\"Ad hoc-Mitteilungen\",\"item\":\"https:\\\/\\\/www.allgeier.com\\\/de\\\/investor-relations\\\/adhoc-announcements\\\/\"},{\"@type\":\"ListItem\",\"position\":4,\"name\":\"ALLGEIER HOLDING AG: Allgeier Holding AG weiter auf positivem Wachstumspfad\"}]},{\"@type\":\"WebSite\",\"@id\":\"https:\\\/\\\/www.allgeier.com\\\/de\\\/#website\",\"url\":\"https:\\\/\\\/www.allgeier.com\\\/de\\\/\",\"name\":\"Allgeier SE\",\"description\":\"Software &amp; IT Services for digital transformation\",\"potentialAction\":[{\"@type\":\"SearchAction\",\"target\":{\"@type\":\"EntryPoint\",\"urlTemplate\":\"https:\\\/\\\/www.allgeier.com\\\/de\\\/?s={search_term_string}\"},\"query-input\":{\"@type\":\"PropertyValueSpecification\",\"valueRequired\":true,\"valueName\":\"search_term_string\"}}],\"inLanguage\":\"de\"}]}<\/script>\n<!-- \/ Yoast SEO plugin. -->","yoast_head_json":{"title":"ALLGEIER HOLDING AG: Allgeier Holding AG weiter auf positivem Wachstumspfad - Allgeier SE","robots":{"index":"index","follow":"follow","max-snippet":"max-snippet:-1","max-image-preview":"max-image-preview:large","max-video-preview":"max-video-preview:-1"},"canonical":"https:\/\/www.allgeier.com\/de\/investor-relations\/adhoc-announcements\/allgeier-holding-ag-allgeier-holding-ag-weiter-auf-positivem-wachstumspfad-2\/","og_locale":"de_DE","og_type":"article","og_title":"ALLGEIER HOLDING AG: Allgeier Holding AG weiter auf positivem Wachstumspfad - Allgeier SE","og_description":"M\u00fcnchen, 16. August 2010 - Die Allgeier Holding AG (ISIN: DE0005086300; WKN: 508630), ein f\u00fchrender IT-Dienstleister in Deutschland, gibt die Gesch\u00e4ftszahlen f\u00fcr das zweite Quartal sowie das erste Halbjahr 2010 bekannt. Allgeier konnte im zweiten Quartal (01.04.2","og_url":"https:\/\/www.allgeier.com\/de\/investor-relations\/adhoc-announcements\/allgeier-holding-ag-allgeier-holding-ag-weiter-auf-positivem-wachstumspfad-2\/","og_site_name":"Allgeier SE","article_modified_time":"2025-07-23T10:26:42+00:00","twitter_card":"summary_large_image","twitter_misc":{"Gesch\u00e4tzte Lesezeit":"3\u00a0Minuten"},"schema":{"@context":"https:\/\/schema.org","@graph":[{"@type":"WebPage","@id":"https:\/\/www.allgeier.com\/de\/investor-relations\/adhoc-announcements\/allgeier-holding-ag-allgeier-holding-ag-weiter-auf-positivem-wachstumspfad-2\/","url":"https:\/\/www.allgeier.com\/de\/investor-relations\/adhoc-announcements\/allgeier-holding-ag-allgeier-holding-ag-weiter-auf-positivem-wachstumspfad-2\/","name":"ALLGEIER HOLDING AG: Allgeier Holding AG weiter auf positivem Wachstumspfad - Allgeier SE","isPartOf":{"@id":"https:\/\/www.allgeier.com\/de\/#website"},"datePublished":"2010-08-16T09:12:03+00:00","dateModified":"2025-07-23T10:26:42+00:00","breadcrumb":{"@id":"https:\/\/www.allgeier.com\/de\/investor-relations\/adhoc-announcements\/allgeier-holding-ag-allgeier-holding-ag-weiter-auf-positivem-wachstumspfad-2\/#breadcrumb"},"inLanguage":"de","potentialAction":[{"@type":"ReadAction","target":["https:\/\/www.allgeier.com\/de\/investor-relations\/adhoc-announcements\/allgeier-holding-ag-allgeier-holding-ag-weiter-auf-positivem-wachstumspfad-2\/"]}]},{"@type":"BreadcrumbList","@id":"https:\/\/www.allgeier.com\/de\/investor-relations\/adhoc-announcements\/allgeier-holding-ag-allgeier-holding-ag-weiter-auf-positivem-wachstumspfad-2\/#breadcrumb","itemListElement":[{"@type":"ListItem","position":1,"name":"Home","item":"https:\/\/www.allgeier.com\/de\/"},{"@type":"ListItem","position":2,"name":"Investor Relations","item":"https:\/\/www.allgeier.com\/de\/investor-relations\/"},{"@type":"ListItem","position":3,"name":"Ad hoc-Mitteilungen","item":"https:\/\/www.allgeier.com\/de\/investor-relations\/adhoc-announcements\/"},{"@type":"ListItem","position":4,"name":"ALLGEIER HOLDING AG: Allgeier Holding AG weiter auf positivem Wachstumspfad"}]},{"@type":"WebSite","@id":"https:\/\/www.allgeier.com\/de\/#website","url":"https:\/\/www.allgeier.com\/de\/","name":"Allgeier SE","description":"Software &amp; IT Services for digital transformation","potentialAction":[{"@type":"SearchAction","target":{"@type":"EntryPoint","urlTemplate":"https:\/\/www.allgeier.com\/de\/?s={search_term_string}"},"query-input":{"@type":"PropertyValueSpecification","valueRequired":true,"valueName":"search_term_string"}}],"inLanguage":"de"}]}},"_links":{"self":[{"href":"https:\/\/www.allgeier.com\/de\/wp-json\/wp\/v2\/pages\/6817","targetHints":{"allow":["GET"]}}],"collection":[{"href":"https:\/\/www.allgeier.com\/de\/wp-json\/wp\/v2\/pages"}],"about":[{"href":"https:\/\/www.allgeier.com\/de\/wp-json\/wp\/v2\/types\/page"}],"author":[{"embeddable":true,"href":"https:\/\/www.allgeier.com\/de\/wp-json\/wp\/v2\/users\/4"}],"replies":[{"embeddable":true,"href":"https:\/\/www.allgeier.com\/de\/wp-json\/wp\/v2\/comments?post=6817"}],"version-history":[{"count":1,"href":"https:\/\/www.allgeier.com\/de\/wp-json\/wp\/v2\/pages\/6817\/revisions"}],"predecessor-version":[{"id":6818,"href":"https:\/\/www.allgeier.com\/de\/wp-json\/wp\/v2\/pages\/6817\/revisions\/6818"}],"up":[{"embeddable":true,"href":"https:\/\/www.allgeier.com\/de\/wp-json\/wp\/v2\/pages\/1155"}],"wp:attachment":[{"href":"https:\/\/www.allgeier.com\/de\/wp-json\/wp\/v2\/media?parent=6817"}],"wp:term":[{"taxonomy":"category","embeddable":true,"href":"https:\/\/www.allgeier.com\/de\/wp-json\/wp\/v2\/categories?post=6817"},{"taxonomy":"post_tag","embeddable":true,"href":"https:\/\/www.allgeier.com\/de\/wp-json\/wp\/v2\/tags?post=6817"}],"curies":[{"name":"wp","href":"https:\/\/api.w.org\/{rel}","templated":true}]}}