{"id":6819,"date":"2005-05-31T17:37:10","date_gmt":"2005-05-31T17:37:10","guid":{"rendered":"https:\/\/www.allgeier.com\/de\/?page_id=6819"},"modified":"2025-07-23T10:26:42","modified_gmt":"2025-07-23T10:26:42","slug":"allgeier-waechst-mit-it-dienstleistungen-2","status":"publish","type":"page","link":"https:\/\/www.allgeier.com\/de\/investor-relations\/adhoc-announcements\/allgeier-waechst-mit-it-dienstleistungen-2\/","title":{"rendered":"Allgeier w\u00e4chst mit IT Dienstleistungen"},"content":{"rendered":"<p>Allgeier legt bei Umsatz, Ergebnis und Cash Flow deutlich zu.  <BR \/> <BR \/> <BR \/> <BR \/>                            Jan \u2013       Jan \u2013       abs.        %- <BR \/>                            April       April       Differenz   Differenz <BR \/>                            2004        2005 <BR \/>                            Mio \u20ac       Mio \u20ac <BR \/>Umsatz                      11,5        16          4,5         + 39% <BR \/>EBITDA                      1,4         1,6         0,2         + 14% <BR \/>EBIT                        0,7         1,0         0,3         + 43% <BR \/>EBT                         0,6         0,8         0,2         + 33% <BR \/>Cash Flow*                  0,7         1,0         0,3         + 43% <BR \/> <BR \/> <BR \/> <BR \/> <BR \/>* nach Abzug von Minderheiten <BR \/> <BR \/>Der Gruppenumsatz stieg per Ende April auf \u20ac 16 Mio. (+39% VJ), das <BR \/>Betriebsergebnis vor Abschreibungen und Zinsen (EBITDA) stieg auf \u20ac 1,6 <BR \/>Mio.(+14% VJ), nach Abschreibungen und Zinsen (EBT) wurden per April \u20ac 0,8 <BR \/>Mio. verdient, der Cash Flow nach Minderheitenabzug lag per April bei \u20ac 1 <BR \/>Mio. <BR \/> <BR \/>Das Ergebnis der ersten 4 Monate ist von sehr unterschiedlichen <BR \/>Entwicklungen der Gesch\u00e4ftsbereiche gepr\u00e4gt. <BR \/> <BR \/>Im Segment Basistechnologie h\u00e4lt Allgeier eine 51% Beteiligung an der <BR \/>Unternehmensgruppe EA. Umsatz und Ergebnis dieses Gesch\u00e4ftsbereichs lagen <BR \/>deutlich unter Vorjahr, bedingt durch den Verkauf des Telekomgesch\u00e4fts in <BR \/>2004. Per Ende April lag die Gesamtleistung nahezu halbiert bei ca. \u20ac 5,3 <BR \/>Mio. (VJ \u20ac 9,8 Mio.), das Ergebnis (EBT) war positiv aber um \u20ac 0,4 Mio. <BR \/>unter Vorjahr. <BR \/> <BR \/>Im Segment IT lagen Umsatz und Ergebnis deutlich \u00fcber Vorjahr. Der Umsatz <BR \/>verdreifachte sich von \u20ac 2,6 auf 10,7 Mio., das Ergebnis vor Steuer (EBT)  <BR \/>stieg auf \u20ac 1 Mio. Hintergrund der positiven Entwicklung ist ein guter <BR \/>Gesch\u00e4ftsverlauf aller IT T\u00f6chter und die Konsolidierung der Gesellschaften <BR \/>GFU und ICC.Die Planungen der IT T\u00f6chter weisen auf weiteres Wachstum.  <BR \/> <BR \/>Mit dem positiven Start in das zweite Quartal ist das Management der <BR \/>Allgeier Group hinsichtlich der weiteren Gruppenperformance zuversichtlich. <BR \/>Die im Mai aus der Insolvenz der BOG Informationstechnologie &amp; Services <BR \/>GmbH &amp; Co. KG, M\u00fcnster erworbene und neu aufgestellte BOG wird die Gruppe <BR \/>weiter verst\u00e4rken. F\u00fcr das Jahr 2005 wird mit einem Gruppenumsatz von \u00fcber <BR \/>50 Mio. Euro und einem positiven Ergebnis gerechnet. <BR \/> <BR \/> <BR \/> <BR \/>Kontakt: <BR \/>Georg D\u00fcrschmidt <BR \/>Vorstand <BR \/>Tel. 089-998421-0 <BR \/>Fax  089-998421-11 <BR \/><\/p>\n","protected":false},"excerpt":{"rendered":"<p>Allgeier legt bei Umsatz, Ergebnis und Cash Flow deutlich zu.                 Jan \u2013    Jan \u2013    abs.    %-               April    April    Differenz  Differenz               2004    2005               Mio \u20ac    Mio \u20ac Umsatz<\/p>\n","protected":false},"author":4,"featured_media":0,"parent":1155,"menu_order":0,"comment_status":"close","ping_status":"closed","template":"","meta":{"_acf_changed":false,"footnotes":""},"categories":[],"tags":[],"class_list":["post-6819","page","type-page","status-publish","hentry"],"acf":[],"yoast_head":"<!-- This site is optimized with the Yoast SEO plugin v27.4 - https:\/\/yoast.com\/product\/yoast-seo-wordpress\/ -->\n<title>Allgeier w\u00e4chst mit IT Dienstleistungen - Allgeier SE<\/title>\n<meta name=\"robots\" content=\"index, follow, max-snippet:-1, max-image-preview:large, max-video-preview:-1\" \/>\n<link rel=\"canonical\" href=\"https:\/\/www.allgeier.com\/de\/investor-relations\/adhoc-announcements\/allgeier-waechst-mit-it-dienstleistungen-2\/\" \/>\n<meta property=\"og:locale\" content=\"de_DE\" \/>\n<meta property=\"og:type\" content=\"article\" \/>\n<meta property=\"og:title\" content=\"Allgeier w\u00e4chst mit IT Dienstleistungen - Allgeier SE\" \/>\n<meta property=\"og:description\" content=\"Allgeier legt bei Umsatz, Ergebnis und Cash Flow deutlich zu.         Jan \u2013  Jan \u2013  abs.  %-        April  April  Differenz Differenz        2004  2005        Mio \u20ac  Mio \u20ac Umsatz\" \/>\n<meta property=\"og:url\" content=\"https:\/\/www.allgeier.com\/de\/investor-relations\/adhoc-announcements\/allgeier-waechst-mit-it-dienstleistungen-2\/\" \/>\n<meta property=\"og:site_name\" content=\"Allgeier SE\" \/>\n<meta property=\"article:modified_time\" content=\"2025-07-23T10:26:42+00:00\" \/>\n<meta name=\"twitter:card\" content=\"summary_large_image\" \/>\n<meta name=\"twitter:label1\" content=\"Gesch\u00e4tzte Lesezeit\" \/>\n\t<meta name=\"twitter:data1\" content=\"1\u00a0Minute\" \/>\n<script type=\"application\/ld+json\" class=\"yoast-schema-graph\">{\"@context\":\"https:\\\/\\\/schema.org\",\"@graph\":[{\"@type\":\"WebPage\",\"@id\":\"https:\\\/\\\/www.allgeier.com\\\/de\\\/investor-relations\\\/adhoc-announcements\\\/allgeier-waechst-mit-it-dienstleistungen-2\\\/\",\"url\":\"https:\\\/\\\/www.allgeier.com\\\/de\\\/investor-relations\\\/adhoc-announcements\\\/allgeier-waechst-mit-it-dienstleistungen-2\\\/\",\"name\":\"Allgeier w\u00e4chst mit IT Dienstleistungen - Allgeier SE\",\"isPartOf\":{\"@id\":\"https:\\\/\\\/www.allgeier.com\\\/de\\\/#website\"},\"datePublished\":\"2005-05-31T17:37:10+00:00\",\"dateModified\":\"2025-07-23T10:26:42+00:00\",\"breadcrumb\":{\"@id\":\"https:\\\/\\\/www.allgeier.com\\\/de\\\/investor-relations\\\/adhoc-announcements\\\/allgeier-waechst-mit-it-dienstleistungen-2\\\/#breadcrumb\"},\"inLanguage\":\"de\",\"potentialAction\":[{\"@type\":\"ReadAction\",\"target\":[\"https:\\\/\\\/www.allgeier.com\\\/de\\\/investor-relations\\\/adhoc-announcements\\\/allgeier-waechst-mit-it-dienstleistungen-2\\\/\"]}]},{\"@type\":\"BreadcrumbList\",\"@id\":\"https:\\\/\\\/www.allgeier.com\\\/de\\\/investor-relations\\\/adhoc-announcements\\\/allgeier-waechst-mit-it-dienstleistungen-2\\\/#breadcrumb\",\"itemListElement\":[{\"@type\":\"ListItem\",\"position\":1,\"name\":\"Home\",\"item\":\"https:\\\/\\\/www.allgeier.com\\\/de\\\/\"},{\"@type\":\"ListItem\",\"position\":2,\"name\":\"Investor Relations\",\"item\":\"https:\\\/\\\/www.allgeier.com\\\/de\\\/investor-relations\\\/\"},{\"@type\":\"ListItem\",\"position\":3,\"name\":\"Ad hoc-Mitteilungen\",\"item\":\"https:\\\/\\\/www.allgeier.com\\\/de\\\/investor-relations\\\/adhoc-announcements\\\/\"},{\"@type\":\"ListItem\",\"position\":4,\"name\":\"Allgeier w\u00e4chst mit IT Dienstleistungen\"}]},{\"@type\":\"WebSite\",\"@id\":\"https:\\\/\\\/www.allgeier.com\\\/de\\\/#website\",\"url\":\"https:\\\/\\\/www.allgeier.com\\\/de\\\/\",\"name\":\"Allgeier SE\",\"description\":\"Software &amp; IT Services for digital transformation\",\"potentialAction\":[{\"@type\":\"SearchAction\",\"target\":{\"@type\":\"EntryPoint\",\"urlTemplate\":\"https:\\\/\\\/www.allgeier.com\\\/de\\\/?s={search_term_string}\"},\"query-input\":{\"@type\":\"PropertyValueSpecification\",\"valueRequired\":true,\"valueName\":\"search_term_string\"}}],\"inLanguage\":\"de\"}]}<\/script>\n<!-- \/ Yoast SEO plugin. -->","yoast_head_json":{"title":"Allgeier w\u00e4chst mit IT Dienstleistungen - Allgeier SE","robots":{"index":"index","follow":"follow","max-snippet":"max-snippet:-1","max-image-preview":"max-image-preview:large","max-video-preview":"max-video-preview:-1"},"canonical":"https:\/\/www.allgeier.com\/de\/investor-relations\/adhoc-announcements\/allgeier-waechst-mit-it-dienstleistungen-2\/","og_locale":"de_DE","og_type":"article","og_title":"Allgeier w\u00e4chst mit IT Dienstleistungen - Allgeier SE","og_description":"Allgeier legt bei Umsatz, Ergebnis und Cash Flow deutlich zu.         Jan \u2013  Jan \u2013  abs.  %-        April  April  Differenz Differenz        2004  2005        Mio \u20ac  Mio \u20ac Umsatz","og_url":"https:\/\/www.allgeier.com\/de\/investor-relations\/adhoc-announcements\/allgeier-waechst-mit-it-dienstleistungen-2\/","og_site_name":"Allgeier SE","article_modified_time":"2025-07-23T10:26:42+00:00","twitter_card":"summary_large_image","twitter_misc":{"Gesch\u00e4tzte Lesezeit":"1\u00a0Minute"},"schema":{"@context":"https:\/\/schema.org","@graph":[{"@type":"WebPage","@id":"https:\/\/www.allgeier.com\/de\/investor-relations\/adhoc-announcements\/allgeier-waechst-mit-it-dienstleistungen-2\/","url":"https:\/\/www.allgeier.com\/de\/investor-relations\/adhoc-announcements\/allgeier-waechst-mit-it-dienstleistungen-2\/","name":"Allgeier w\u00e4chst mit IT Dienstleistungen - Allgeier SE","isPartOf":{"@id":"https:\/\/www.allgeier.com\/de\/#website"},"datePublished":"2005-05-31T17:37:10+00:00","dateModified":"2025-07-23T10:26:42+00:00","breadcrumb":{"@id":"https:\/\/www.allgeier.com\/de\/investor-relations\/adhoc-announcements\/allgeier-waechst-mit-it-dienstleistungen-2\/#breadcrumb"},"inLanguage":"de","potentialAction":[{"@type":"ReadAction","target":["https:\/\/www.allgeier.com\/de\/investor-relations\/adhoc-announcements\/allgeier-waechst-mit-it-dienstleistungen-2\/"]}]},{"@type":"BreadcrumbList","@id":"https:\/\/www.allgeier.com\/de\/investor-relations\/adhoc-announcements\/allgeier-waechst-mit-it-dienstleistungen-2\/#breadcrumb","itemListElement":[{"@type":"ListItem","position":1,"name":"Home","item":"https:\/\/www.allgeier.com\/de\/"},{"@type":"ListItem","position":2,"name":"Investor Relations","item":"https:\/\/www.allgeier.com\/de\/investor-relations\/"},{"@type":"ListItem","position":3,"name":"Ad hoc-Mitteilungen","item":"https:\/\/www.allgeier.com\/de\/investor-relations\/adhoc-announcements\/"},{"@type":"ListItem","position":4,"name":"Allgeier w\u00e4chst mit IT Dienstleistungen"}]},{"@type":"WebSite","@id":"https:\/\/www.allgeier.com\/de\/#website","url":"https:\/\/www.allgeier.com\/de\/","name":"Allgeier SE","description":"Software &amp; IT Services for digital transformation","potentialAction":[{"@type":"SearchAction","target":{"@type":"EntryPoint","urlTemplate":"https:\/\/www.allgeier.com\/de\/?s={search_term_string}"},"query-input":{"@type":"PropertyValueSpecification","valueRequired":true,"valueName":"search_term_string"}}],"inLanguage":"de"}]}},"_links":{"self":[{"href":"https:\/\/www.allgeier.com\/de\/wp-json\/wp\/v2\/pages\/6819","targetHints":{"allow":["GET"]}}],"collection":[{"href":"https:\/\/www.allgeier.com\/de\/wp-json\/wp\/v2\/pages"}],"about":[{"href":"https:\/\/www.allgeier.com\/de\/wp-json\/wp\/v2\/types\/page"}],"author":[{"embeddable":true,"href":"https:\/\/www.allgeier.com\/de\/wp-json\/wp\/v2\/users\/4"}],"replies":[{"embeddable":true,"href":"https:\/\/www.allgeier.com\/de\/wp-json\/wp\/v2\/comments?post=6819"}],"version-history":[{"count":1,"href":"https:\/\/www.allgeier.com\/de\/wp-json\/wp\/v2\/pages\/6819\/revisions"}],"predecessor-version":[{"id":6820,"href":"https:\/\/www.allgeier.com\/de\/wp-json\/wp\/v2\/pages\/6819\/revisions\/6820"}],"up":[{"embeddable":true,"href":"https:\/\/www.allgeier.com\/de\/wp-json\/wp\/v2\/pages\/1155"}],"wp:attachment":[{"href":"https:\/\/www.allgeier.com\/de\/wp-json\/wp\/v2\/media?parent=6819"}],"wp:term":[{"taxonomy":"category","embeddable":true,"href":"https:\/\/www.allgeier.com\/de\/wp-json\/wp\/v2\/categories?post=6819"},{"taxonomy":"post_tag","embeddable":true,"href":"https:\/\/www.allgeier.com\/de\/wp-json\/wp\/v2\/tags?post=6819"}],"curies":[{"name":"wp","href":"https:\/\/api.w.org\/{rel}","templated":true}]}}