{"id":6824,"date":"2004-06-22T09:00:00","date_gmt":"2004-06-22T09:00:00","guid":{"rendered":"https:\/\/www.allgeier.com\/de\/?page_id=6824"},"modified":"2025-07-23T10:26:42","modified_gmt":"2025-07-23T10:26:42","slug":"geschaeftszahlen-2","status":"publish","type":"page","link":"https:\/\/www.allgeier.com\/de\/investor-relations\/adhoc-announcements\/geschaeftszahlen-2\/","title":{"rendered":"Gesch\u00e4ftszahlen"},"content":{"rendered":"<p>Allgeier Holding AG gibt die gepr\u00fcften Konzerngesch\u00e4ftszahlen f\u00fcr das Gesch\u00e4ftsjahr 2003 bekannt:<BR \/><BR \/>Der gepr\u00fcfte Konzernabschluss der Allgeier Holding weist f\u00fcr das Gesch\u00e4ftsjahr 2003 Umsatzerl\u00f6se des Konzern in H\u00f6he von rd. 39 Mio \u20ac (Vorjahr 22 Mio \u20ac) und sonstige betriebliche Ertr\u00e4ge von rd. 3 Mio \u20ac aus. Das operative Ergebnis (EBITDA) betr\u00e4gt -1,2 Mio \u20ac. Das Ergebnis vor Zinsen und Steuern (EBIT) bel\u00e4uft sich auf -6,6 Mio \u20ac (Vorjahr -1,4 Mio\u20ac), hierin sind Firmenwertabschreibungen in H\u00f6he von 3,6 Mio \u20ac enthalten.<BR \/><\/p>\n","protected":false},"excerpt":{"rendered":"<p>Allgeier Holding AG gibt die gepr\u00fcften Konzerngesch\u00e4ftszahlen f\u00fcr das Gesch\u00e4ftsjahr 2003 bekannt:Der gepr\u00fcfte Konzernabschluss der Allgeier Holding weist f\u00fcr das Gesch\u00e4ftsjahr 2003 Umsatzerl\u00f6se des Konzern in H\u00f6he von rd. 39 Mio \u20ac (Vorjahr 22 Mio \u20ac) und sonstige betriebliche Ertr\u00e4ge von rd. 3 Mio \u20ac aus.<\/p>\n","protected":false},"author":4,"featured_media":0,"parent":1155,"menu_order":0,"comment_status":"close","ping_status":"closed","template":"","meta":{"_acf_changed":false,"footnotes":""},"categories":[],"tags":[],"class_list":["post-6824","page","type-page","status-publish","hentry"],"acf":[],"yoast_head":"<!-- This site is optimized with the Yoast SEO plugin v27.4 - https:\/\/yoast.com\/product\/yoast-seo-wordpress\/ -->\n<title>Gesch\u00e4ftszahlen - Allgeier SE<\/title>\n<meta name=\"robots\" content=\"index, follow, max-snippet:-1, max-image-preview:large, max-video-preview:-1\" \/>\n<link rel=\"canonical\" href=\"https:\/\/www.allgeier.com\/de\/investor-relations\/adhoc-announcements\/geschaeftszahlen-2\/\" \/>\n<meta property=\"og:locale\" content=\"de_DE\" \/>\n<meta property=\"og:type\" content=\"article\" \/>\n<meta property=\"og:title\" content=\"Gesch\u00e4ftszahlen - Allgeier SE\" \/>\n<meta property=\"og:description\" content=\"Allgeier Holding AG gibt die gepr\u00fcften Konzerngesch\u00e4ftszahlen f\u00fcr das Gesch\u00e4ftsjahr 2003 bekannt:Der gepr\u00fcfte Konzernabschluss der Allgeier Holding weist f\u00fcr das Gesch\u00e4ftsjahr 2003 Umsatzerl\u00f6se des Konzern in H\u00f6he von rd. 39 Mio \u20ac (Vorjahr 22 Mio \u20ac) und sonstige betriebliche Ertr\u00e4ge von rd. 3 Mio \u20ac aus.\" \/>\n<meta property=\"og:url\" content=\"https:\/\/www.allgeier.com\/de\/investor-relations\/adhoc-announcements\/geschaeftszahlen-2\/\" \/>\n<meta property=\"og:site_name\" content=\"Allgeier SE\" \/>\n<meta property=\"article:modified_time\" content=\"2025-07-23T10:26:42+00:00\" \/>\n<meta name=\"twitter:card\" content=\"summary_large_image\" \/>\n<script type=\"application\/ld+json\" class=\"yoast-schema-graph\">{\"@context\":\"https:\\\/\\\/schema.org\",\"@graph\":[{\"@type\":\"WebPage\",\"@id\":\"https:\\\/\\\/www.allgeier.com\\\/de\\\/investor-relations\\\/adhoc-announcements\\\/geschaeftszahlen-2\\\/\",\"url\":\"https:\\\/\\\/www.allgeier.com\\\/de\\\/investor-relations\\\/adhoc-announcements\\\/geschaeftszahlen-2\\\/\",\"name\":\"Gesch\u00e4ftszahlen - Allgeier SE\",\"isPartOf\":{\"@id\":\"https:\\\/\\\/www.allgeier.com\\\/de\\\/#website\"},\"datePublished\":\"2004-06-22T09:00:00+00:00\",\"dateModified\":\"2025-07-23T10:26:42+00:00\",\"breadcrumb\":{\"@id\":\"https:\\\/\\\/www.allgeier.com\\\/de\\\/investor-relations\\\/adhoc-announcements\\\/geschaeftszahlen-2\\\/#breadcrumb\"},\"inLanguage\":\"de\",\"potentialAction\":[{\"@type\":\"ReadAction\",\"target\":[\"https:\\\/\\\/www.allgeier.com\\\/de\\\/investor-relations\\\/adhoc-announcements\\\/geschaeftszahlen-2\\\/\"]}]},{\"@type\":\"BreadcrumbList\",\"@id\":\"https:\\\/\\\/www.allgeier.com\\\/de\\\/investor-relations\\\/adhoc-announcements\\\/geschaeftszahlen-2\\\/#breadcrumb\",\"itemListElement\":[{\"@type\":\"ListItem\",\"position\":1,\"name\":\"Home\",\"item\":\"https:\\\/\\\/www.allgeier.com\\\/de\\\/\"},{\"@type\":\"ListItem\",\"position\":2,\"name\":\"Investor Relations\",\"item\":\"https:\\\/\\\/www.allgeier.com\\\/de\\\/investor-relations\\\/\"},{\"@type\":\"ListItem\",\"position\":3,\"name\":\"Ad hoc-Mitteilungen\",\"item\":\"https:\\\/\\\/www.allgeier.com\\\/de\\\/investor-relations\\\/adhoc-announcements\\\/\"},{\"@type\":\"ListItem\",\"position\":4,\"name\":\"Gesch\u00e4ftszahlen\"}]},{\"@type\":\"WebSite\",\"@id\":\"https:\\\/\\\/www.allgeier.com\\\/de\\\/#website\",\"url\":\"https:\\\/\\\/www.allgeier.com\\\/de\\\/\",\"name\":\"Allgeier SE\",\"description\":\"Software &amp; IT Services for digital transformation\",\"potentialAction\":[{\"@type\":\"SearchAction\",\"target\":{\"@type\":\"EntryPoint\",\"urlTemplate\":\"https:\\\/\\\/www.allgeier.com\\\/de\\\/?s={search_term_string}\"},\"query-input\":{\"@type\":\"PropertyValueSpecification\",\"valueRequired\":true,\"valueName\":\"search_term_string\"}}],\"inLanguage\":\"de\"}]}<\/script>\n<!-- \/ Yoast SEO plugin. -->","yoast_head_json":{"title":"Gesch\u00e4ftszahlen - Allgeier SE","robots":{"index":"index","follow":"follow","max-snippet":"max-snippet:-1","max-image-preview":"max-image-preview:large","max-video-preview":"max-video-preview:-1"},"canonical":"https:\/\/www.allgeier.com\/de\/investor-relations\/adhoc-announcements\/geschaeftszahlen-2\/","og_locale":"de_DE","og_type":"article","og_title":"Gesch\u00e4ftszahlen - Allgeier SE","og_description":"Allgeier Holding AG gibt die gepr\u00fcften Konzerngesch\u00e4ftszahlen f\u00fcr das Gesch\u00e4ftsjahr 2003 bekannt:Der gepr\u00fcfte Konzernabschluss der Allgeier Holding weist f\u00fcr das Gesch\u00e4ftsjahr 2003 Umsatzerl\u00f6se des Konzern in H\u00f6he von rd. 39 Mio \u20ac (Vorjahr 22 Mio \u20ac) und sonstige betriebliche Ertr\u00e4ge von rd. 3 Mio \u20ac aus.","og_url":"https:\/\/www.allgeier.com\/de\/investor-relations\/adhoc-announcements\/geschaeftszahlen-2\/","og_site_name":"Allgeier SE","article_modified_time":"2025-07-23T10:26:42+00:00","twitter_card":"summary_large_image","schema":{"@context":"https:\/\/schema.org","@graph":[{"@type":"WebPage","@id":"https:\/\/www.allgeier.com\/de\/investor-relations\/adhoc-announcements\/geschaeftszahlen-2\/","url":"https:\/\/www.allgeier.com\/de\/investor-relations\/adhoc-announcements\/geschaeftszahlen-2\/","name":"Gesch\u00e4ftszahlen - Allgeier SE","isPartOf":{"@id":"https:\/\/www.allgeier.com\/de\/#website"},"datePublished":"2004-06-22T09:00:00+00:00","dateModified":"2025-07-23T10:26:42+00:00","breadcrumb":{"@id":"https:\/\/www.allgeier.com\/de\/investor-relations\/adhoc-announcements\/geschaeftszahlen-2\/#breadcrumb"},"inLanguage":"de","potentialAction":[{"@type":"ReadAction","target":["https:\/\/www.allgeier.com\/de\/investor-relations\/adhoc-announcements\/geschaeftszahlen-2\/"]}]},{"@type":"BreadcrumbList","@id":"https:\/\/www.allgeier.com\/de\/investor-relations\/adhoc-announcements\/geschaeftszahlen-2\/#breadcrumb","itemListElement":[{"@type":"ListItem","position":1,"name":"Home","item":"https:\/\/www.allgeier.com\/de\/"},{"@type":"ListItem","position":2,"name":"Investor Relations","item":"https:\/\/www.allgeier.com\/de\/investor-relations\/"},{"@type":"ListItem","position":3,"name":"Ad hoc-Mitteilungen","item":"https:\/\/www.allgeier.com\/de\/investor-relations\/adhoc-announcements\/"},{"@type":"ListItem","position":4,"name":"Gesch\u00e4ftszahlen"}]},{"@type":"WebSite","@id":"https:\/\/www.allgeier.com\/de\/#website","url":"https:\/\/www.allgeier.com\/de\/","name":"Allgeier SE","description":"Software &amp; IT Services for digital transformation","potentialAction":[{"@type":"SearchAction","target":{"@type":"EntryPoint","urlTemplate":"https:\/\/www.allgeier.com\/de\/?s={search_term_string}"},"query-input":{"@type":"PropertyValueSpecification","valueRequired":true,"valueName":"search_term_string"}}],"inLanguage":"de"}]}},"_links":{"self":[{"href":"https:\/\/www.allgeier.com\/de\/wp-json\/wp\/v2\/pages\/6824","targetHints":{"allow":["GET"]}}],"collection":[{"href":"https:\/\/www.allgeier.com\/de\/wp-json\/wp\/v2\/pages"}],"about":[{"href":"https:\/\/www.allgeier.com\/de\/wp-json\/wp\/v2\/types\/page"}],"author":[{"embeddable":true,"href":"https:\/\/www.allgeier.com\/de\/wp-json\/wp\/v2\/users\/4"}],"replies":[{"embeddable":true,"href":"https:\/\/www.allgeier.com\/de\/wp-json\/wp\/v2\/comments?post=6824"}],"version-history":[{"count":1,"href":"https:\/\/www.allgeier.com\/de\/wp-json\/wp\/v2\/pages\/6824\/revisions"}],"predecessor-version":[{"id":6825,"href":"https:\/\/www.allgeier.com\/de\/wp-json\/wp\/v2\/pages\/6824\/revisions\/6825"}],"up":[{"embeddable":true,"href":"https:\/\/www.allgeier.com\/de\/wp-json\/wp\/v2\/pages\/1155"}],"wp:attachment":[{"href":"https:\/\/www.allgeier.com\/de\/wp-json\/wp\/v2\/media?parent=6824"}],"wp:term":[{"taxonomy":"category","embeddable":true,"href":"https:\/\/www.allgeier.com\/de\/wp-json\/wp\/v2\/categories?post=6824"},{"taxonomy":"post_tag","embeddable":true,"href":"https:\/\/www.allgeier.com\/de\/wp-json\/wp\/v2\/tags?post=6824"}],"curies":[{"name":"wp","href":"https:\/\/api.w.org\/{rel}","templated":true}]}}